{"id":15364,"date":"2025-07-30T11:19:37","date_gmt":"2025-07-30T08:19:37","guid":{"rendered":"https:\/\/idakorea.ee\/?post_type=product&#038;p=15364"},"modified":"2026-01-29T16:32:10","modified_gmt":"2026-01-29T14:32:10","slug":"abib-collagen-gel-mask-heartleaf-jelly","status":"publish","type":"product","link":"https:\/\/idakorea.ee\/fi\/product\/abib-collagen-gel-mask-heartleaf-jelly\/","title":{"rendered":"Abib Collagen Gel Mask Heartleaf Jelly"},"content":{"rendered":"<p data-start=\"183\" data-end=\"459\"><strong>Abib Collagen Gel Mask Heartleaf Jelly <\/strong>on viilent\u00e4v\u00e4 ja rauhoittava geelinaamio, joka sis\u00e4lt\u00e4\u00e4 kollageenia ja mielenkiintoisen ainesosan \u2013 syd\u00e4nlehtiuutetta. Naamio rauhoittaa \u00e4rsytyst\u00e4, v\u00e4hent\u00e4\u00e4 punoitusta ja kutinaa, kosteuttaa tehokkaasti ja tukee ihon uusiutumista.<\/p>\n<p data-start=\"461\" data-end=\"632\">Tuote stimuloi kollageenin ja elastiinin tuotantoa, parantaa ihon kimmoisuutta ja auttaa hidastamaan ik\u00e4\u00e4ntymisen merkkej\u00e4. Tuloksena on sile\u00e4mpi, kiinte\u00e4mpi ja tasaisempi iho.<\/p>\n<p data-start=\"634\" data-end=\"768\">Vegaaninen geelinaamio sopii my\u00f6s herk\u00e4lle iholle \u2013 se ei sis\u00e4ll\u00e4 el\u00e4inper\u00e4isi\u00e4 aineita ja sill\u00e4 on V-Label-sertifikaatti.<\/p>\n<p data-start=\"770\" data-end=\"888\">Naamion pohjamateriaali on viilent\u00e4v\u00e4 hydrogeeli, joka pit\u00e4\u00e4 kosteuden ja auttaa aktiivisia ainesosia tunkeutumaan syv\u00e4lle ihokerroksiin.<\/p>\n<p data-start=\"890\" data-end=\"909\"><strong data-start=\"894\" data-end=\"909\">Aktiiviset ainesosat:<\/strong><\/p>\n<ul data-start=\"910\" data-end=\"1567\">\n<li data-start=\"910\" data-end=\"1011\">\n<p data-start=\"912\" data-end=\"1011\"><strong data-start=\"912\" data-end=\"945\">Vegaaninen kollageeni (10 005 ppm):<\/strong> kosteuttaa, silottaa ryppyj\u00e4, parantaa ihon kimmoisuutta ja mikroreliefi\u00e4.<\/p>\n<\/li>\n<li data-start=\"1012\" data-end=\"1100\">\n<p data-start=\"1014\" data-end=\"1100\"><strong data-start=\"1014\" data-end=\"1041\">Palmitoyylitripeptidi-5:<\/strong> vahvistaa ihon rakennetta ja ehk\u00e4isee kollageenin hajoamista.<\/p>\n<\/li>\n<li data-start=\"1101\" data-end=\"1201\">\n<p data-start=\"1103\" data-end=\"1201\"><strong data-start=\"1103\" data-end=\"1127\">Tanniinikompleksi:<\/strong> rauhoittaa, suojaa UV-s\u00e4teilylt\u00e4 ja stimuloi kollageenisynteesi\u00e4.<\/p>\n<\/li>\n<li data-start=\"1202\" data-end=\"1298\">\n<p data-start=\"1204\" data-end=\"1298\"><strong data-start=\"1204\" data-end=\"1228\">Kaoliini ja kalamiini:<\/strong> puhdistaa, s\u00e4\u00e4telee talin erityst\u00e4, rauhoittaa ja v\u00e4hent\u00e4\u00e4 aknea.<\/p>\n<\/li>\n<li data-start=\"1299\" data-end=\"1417\">\n<p data-start=\"1301\" data-end=\"1417\"><strong data-start=\"1301\" data-end=\"1338\">Hauttuynia-uute (10 000 ppm):<\/strong> tulehdusta est\u00e4v\u00e4, uudistava ja antibakteerinen, on per\u00e4isin Mount Chiri -kansallispuistosta.<\/p>\n<\/li>\n<li data-start=\"1418\" data-end=\"1490\">\n<p data-start=\"1420\" data-end=\"1490\"><strong data-start=\"1420\" data-end=\"1444\">Piparminttu-uute:<\/strong> viilent\u00e4\u00e4, lievitt\u00e4\u00e4 \u00e4rsytyst\u00e4 ja tuo raikkauden tunnetta.<\/p>\n<\/li>\n<li data-start=\"1491\" data-end=\"1567\">\n<p data-start=\"1493\" data-end=\"1567\"><strong data-start=\"1493\" data-end=\"1521\">Pantenoli (B5-vitamiini):<\/strong> rauhoittaa, kosteuttaa ja palauttaa ihon suojakyvyn.<\/p>\n<\/li>\n<\/ul>\n<p data-start=\"1569\" data-end=\"1603\">Sopii kaikille ihotyypeille.<\/p>\n<p data-start=\"1605\" data-end=\"1774\"><strong data-start=\"1605\" data-end=\"1620\">K\u00e4ytt\u00f6:<\/strong> Puhdista ja kasvovesi iholle. Poista naamion suojakerros ja aseta molemmat osat kasvoille. Poista naamio 20\u201330 minuutin kuluttua ja hiero j\u00e4ljelle j\u00e4\u00e4nyt voide hell\u00e4varaisesti ihoon.<\/p>","protected":false},"excerpt":{"rendered":"<p>Abib Collagen Gel Mask Heartleaf Jelly on viilent\u00e4v\u00e4 ja rauhoittava geelinaamio, joka sis\u00e4lt\u00e4\u00e4 kollageenia ja mielenkiintoisen ainesosan \u2013 syd\u00e4nlehtiuutetta. Naamio lievitt\u00e4\u00e4 \u00e4rsytyst\u00e4, v\u00e4hent\u00e4\u00e4 punoitusta ja kutinaa, kosteuttaa tehokkaasti ja tukee ihon uusiutumista. Tuote stimuloi kollageenin ja elastiinin tuotantoa, parantaa ihon kimmoisuutta ja auttaa hidastamaan ik\u00e4\u00e4ntymisen merkkej\u00e4. Tuloksena on sile\u00e4mpi, kiinte\u00e4mpi ja tasaisempi ihon s\u00e4vy.<\/p>","protected":false},"featured_media":15365,"comment_status":"open","ping_status":"closed","template":"","meta":{"_uf_show_specific_survey":0,"_uf_disable_surveys":false,"_bst_post_transparent":"default","_bst_post_title":"","_bst_post_layout":"default","_bst_post_sidebar_id":"","_bst_post_content_style":"default","_bst_post_vertical_padding":"default","_bst_post_feature":"","_bst_post_feature_position":"","_bst_post_header":false,"_bst_post_footer":false},"pwb-brand":[883],"product_brand":[],"product_cat":[92,98],"product_tag":[884,517,614,439],"class_list":{"0":"post-15364","1":"product","2":"type-product","3":"status-publish","4":"has-post-thumbnail","6":"pwb-brand-abib","7":"product_cat-nagu","8":"product_cat-naomaskid","9":"product_tag-abib","10":"product_tag-collagen","11":"product_tag-mask","12":"product_tag-rahustav","14":"first","15":"instock","16":"sale","17":"shipping-taxable","18":"purchasable","19":"product-type-simple","20":"entry","21":"content-bg","22":"loop-entry"},"supplier_id":null,"supplier_sku":"","barcode":null,"atum_controlled":true,"out_stock_date":null,"out_stock_threshold":null,"inheritable":false,"inbound_stock":0,"stock_on_hold":0,"sold_today":0,"sales_last_days":0,"out_stock_days":0,"lost_sales":0,"has_location":false,"update_date":"2026-04-14T00:05:05","atum_locations":[],"atum_stock_status":"instock","restock_status":false,"low_stock_amount":"","sales_update_date":"2026-04-14T00:05:05","calc_backorders":null,"yoast_head":"<!-- This site is optimized with the Yoast SEO plugin v27.2 - https:\/\/yoast.com\/product\/yoast-seo-wordpress\/ -->\n<title>Abib Collagen Gel Mask Heartleaf Jelly - IDA.KOREA<\/title>\n<meta name=\"description\" content=\"Abib Collagen Gel Mask Heartleaf Jelly rahustab, jahutab ja taastab nahka. Vegan koostis. Sobib tundlikule nahale, v\u00e4hendab punetust ja aknet.\" \/>\n<meta name=\"robots\" content=\"index, follow, max-snippet:-1, max-image-preview:large, max-video-preview:-1\" \/>\n<link rel=\"canonical\" href=\"https:\/\/idakorea.ee\/fi\/product\/abib-collagen-gel-mask-heartleaf-jelly\/\" \/>\n<meta property=\"og:locale\" content=\"fi_FI\" \/>\n<meta property=\"og:type\" content=\"article\" \/>\n<meta property=\"og:title\" content=\"Abib Collagen Gel Mask Heartleaf Jelly - IDA.KOREA\" \/>\n<meta property=\"og:description\" content=\"Abib Collagen Gel Mask Heartleaf Jelly rahustab, jahutab ja taastab nahka. Vegan koostis. Sobib tundlikule nahale, v\u00e4hendab punetust ja aknet.\" \/>\n<meta property=\"og:url\" content=\"https:\/\/idakorea.ee\/fi\/product\/abib-collagen-gel-mask-heartleaf-jelly\/\" \/>\n<meta property=\"og:site_name\" content=\"IDA.KOREA\" \/>\n<meta property=\"article:modified_time\" content=\"2026-01-29T14:32:10+00:00\" \/>\n<meta property=\"og:image\" content=\"https:\/\/idakorea.ee\/wp-content\/uploads\/2025\/07\/abib-collagen-gel-mask-heartleaf-jelly-idakorea.png\" \/>\n\t<meta property=\"og:image:width\" content=\"1000\" \/>\n\t<meta property=\"og:image:height\" content=\"1000\" \/>\n\t<meta property=\"og:image:type\" content=\"image\/png\" \/>\n<meta name=\"twitter:card\" content=\"summary_large_image\" \/>\n<meta name=\"twitter:label1\" content=\"Arvioitu lukuaika\" \/>\n\t<meta name=\"twitter:data1\" content=\"2 minuuttia\" \/>\n<script type=\"application\/ld+json\" class=\"yoast-schema-graph\">{\"@context\":\"https:\/\/schema.org\",\"@graph\":[{\"@type\":\"WebPage\",\"@id\":\"https:\/\/idakorea.ee\/product\/abib-collagen-gel-mask-heartleaf-jelly\/\",\"url\":\"https:\/\/idakorea.ee\/product\/abib-collagen-gel-mask-heartleaf-jelly\/\",\"name\":\"Abib Collagen Gel Mask Heartleaf Jelly - IDA.KOREA\",\"isPartOf\":{\"@id\":\"https:\/\/idakorea.ee\/#website\"},\"primaryImageOfPage\":{\"@id\":\"https:\/\/idakorea.ee\/product\/abib-collagen-gel-mask-heartleaf-jelly\/#primaryimage\"},\"image\":{\"@id\":\"https:\/\/idakorea.ee\/product\/abib-collagen-gel-mask-heartleaf-jelly\/#primaryimage\"},\"thumbnailUrl\":\"https:\/\/idakorea.ee\/wp-content\/uploads\/2025\/07\/abib-collagen-gel-mask-heartleaf-jelly-idakorea.png\",\"datePublished\":\"2025-07-30T08:19:37+00:00\",\"dateModified\":\"2026-01-29T14:32:10+00:00\",\"description\":\"Abib Collagen Gel Mask Heartleaf Jelly rahustab, jahutab ja taastab nahka. Vegan koostis. Sobib tundlikule nahale, v\u00e4hendab punetust ja aknet.\",\"breadcrumb\":{\"@id\":\"https:\/\/idakorea.ee\/product\/abib-collagen-gel-mask-heartleaf-jelly\/#breadcrumb\"},\"inLanguage\":\"fi\",\"potentialAction\":[{\"@type\":\"ReadAction\",\"target\":[\"https:\/\/idakorea.ee\/product\/abib-collagen-gel-mask-heartleaf-jelly\/\"]}]},{\"@type\":\"ImageObject\",\"inLanguage\":\"fi\",\"@id\":\"https:\/\/idakorea.ee\/product\/abib-collagen-gel-mask-heartleaf-jelly\/#primaryimage\",\"url\":\"https:\/\/idakorea.ee\/wp-content\/uploads\/2025\/07\/abib-collagen-gel-mask-heartleaf-jelly-idakorea.png\",\"contentUrl\":\"https:\/\/idakorea.ee\/wp-content\/uploads\/2025\/07\/abib-collagen-gel-mask-heartleaf-jelly-idakorea.png\",\"width\":1000,\"height\":1000},{\"@type\":\"BreadcrumbList\",\"@id\":\"https:\/\/idakorea.ee\/product\/abib-collagen-gel-mask-heartleaf-jelly\/#breadcrumb\",\"itemListElement\":[{\"@type\":\"ListItem\",\"position\":1,\"name\":\"\u0413\u043b\u0430\u0432\u043d\u0430\u044f \u0441\u0442\u0440\u0430\u043d\u0438\u0446\u0430\",\"item\":\"https:\/\/idakorea.ee\/\"},{\"@type\":\"ListItem\",\"position\":2,\"name\":\"Shop\",\"item\":\"https:\/\/idakorea.ee\/shop-2\/\"},{\"@type\":\"ListItem\",\"position\":3,\"name\":\"Geelmask kollageeni ja hauttuyniaga Abib Collagen Gel Mask Heartleaf Jelly\"}]},{\"@type\":\"WebSite\",\"@id\":\"https:\/\/idakorea.ee\/#website\",\"url\":\"https:\/\/idakorea.ee\/\",\"name\":\"IDA.KOREA\",\"description\":\"Korea kosmeetika e-pood\",\"publisher\":{\"@id\":\"https:\/\/idakorea.ee\/#organization\"},\"alternateName\":\"Beauty Shop\",\"potentialAction\":[{\"@type\":\"SearchAction\",\"target\":{\"@type\":\"EntryPoint\",\"urlTemplate\":\"https:\/\/idakorea.ee\/?s={search_term_string}\"},\"query-input\":{\"@type\":\"PropertyValueSpecification\",\"valueRequired\":true,\"valueName\":\"search_term_string\"}}],\"inLanguage\":\"fi\"},{\"@type\":\"Organization\",\"@id\":\"https:\/\/idakorea.ee\/#organization\",\"name\":\"IDA.KOREA\",\"url\":\"https:\/\/idakorea.ee\/\",\"logo\":{\"@type\":\"ImageObject\",\"inLanguage\":\"fi\",\"@id\":\"https:\/\/idakorea.ee\/#\/schema\/logo\/image\/\",\"url\":\"https:\/\/idakorea.ee\/wp-content\/uploads\/2024\/05\/cropped-korea3.png\",\"contentUrl\":\"https:\/\/idakorea.ee\/wp-content\/uploads\/2024\/05\/cropped-korea3.png\",\"width\":688,\"height\":126,\"caption\":\"IDA.KOREA\"},\"image\":{\"@id\":\"https:\/\/idakorea.ee\/#\/schema\/logo\/image\/\"},\"sameAs\":[\"https:\/\/www.instagram.com\/ida.korea\/\"]}]}<\/script>\n<!-- \/ Yoast SEO plugin. -->","yoast_head_json":{"title":"Abib Collagen Gel Mask Heartleaf Jelly - IDA.KOREA","description":"Abib Collagen Gel Mask Heartleaf Jelly rauhoittaa, viilent\u00e4\u00e4 ja palauttaa ihoa. Vegaaninen koostumus. Sopii herk\u00e4lle iholle, v\u00e4hent\u00e4\u00e4 punoitusta ja aknea.","robots":{"index":"index","follow":"follow","max-snippet":"max-snippet:-1","max-image-preview":"max-image-preview:large","max-video-preview":"max-video-preview:-1"},"canonical":"https:\/\/idakorea.ee\/fi\/product\/abib-collagen-gel-mask-heartleaf-jelly\/","og_locale":"fi_FI","og_type":"article","og_title":"Abib Collagen Gel Mask Heartleaf Jelly - IDA.KOREA","og_description":"Abib Collagen Gel Mask Heartleaf Jelly rahustab, jahutab ja taastab nahka. Vegan koostis. Sobib tundlikule nahale, v\u00e4hendab punetust ja aknet.","og_url":"https:\/\/idakorea.ee\/fi\/product\/abib-collagen-gel-mask-heartleaf-jelly\/","og_site_name":"IDA.KOREA","article_modified_time":"2026-01-29T14:32:10+00:00","og_image":[{"width":1000,"height":1000,"url":"https:\/\/idakorea.ee\/wp-content\/uploads\/2025\/07\/abib-collagen-gel-mask-heartleaf-jelly-idakorea.png","type":"image\/png"}],"twitter_card":"summary_large_image","twitter_misc":{"Arvioitu lukuaika":"2 minuuttia"},"schema":{"@context":"https:\/\/schema.org","@graph":[{"@type":"WebPage","@id":"https:\/\/idakorea.ee\/product\/abib-collagen-gel-mask-heartleaf-jelly\/","url":"https:\/\/idakorea.ee\/product\/abib-collagen-gel-mask-heartleaf-jelly\/","name":"Abib Collagen Gel Mask Heartleaf Jelly - IDA.KOREA","isPartOf":{"@id":"https:\/\/idakorea.ee\/#website"},"primaryImageOfPage":{"@id":"https:\/\/idakorea.ee\/product\/abib-collagen-gel-mask-heartleaf-jelly\/#primaryimage"},"image":{"@id":"https:\/\/idakorea.ee\/product\/abib-collagen-gel-mask-heartleaf-jelly\/#primaryimage"},"thumbnailUrl":"https:\/\/idakorea.ee\/wp-content\/uploads\/2025\/07\/abib-collagen-gel-mask-heartleaf-jelly-idakorea.png","datePublished":"2025-07-30T08:19:37+00:00","dateModified":"2026-01-29T14:32:10+00:00","description":"Abib Collagen Gel Mask Heartleaf Jelly rauhoittaa, viilent\u00e4\u00e4 ja palauttaa ihoa. Vegaaninen koostumus. Sopii herk\u00e4lle iholle, v\u00e4hent\u00e4\u00e4 punoitusta ja aknea.","breadcrumb":{"@id":"https:\/\/idakorea.ee\/product\/abib-collagen-gel-mask-heartleaf-jelly\/#breadcrumb"},"inLanguage":"fi","potentialAction":[{"@type":"ReadAction","target":["https:\/\/idakorea.ee\/product\/abib-collagen-gel-mask-heartleaf-jelly\/"]}]},{"@type":"ImageObject","inLanguage":"fi","@id":"https:\/\/idakorea.ee\/product\/abib-collagen-gel-mask-heartleaf-jelly\/#primaryimage","url":"https:\/\/idakorea.ee\/wp-content\/uploads\/2025\/07\/abib-collagen-gel-mask-heartleaf-jelly-idakorea.png","contentUrl":"https:\/\/idakorea.ee\/wp-content\/uploads\/2025\/07\/abib-collagen-gel-mask-heartleaf-jelly-idakorea.png","width":1000,"height":1000},{"@type":"BreadcrumbList","@id":"https:\/\/idakorea.ee\/product\/abib-collagen-gel-mask-heartleaf-jelly\/#breadcrumb","itemListElement":[{"@type":"ListItem","position":1,"name":"\u0413\u043b\u0430\u0432\u043d\u0430\u044f \u0441\u0442\u0440\u0430\u043d\u0438\u0446\u0430","item":"https:\/\/idakorea.ee\/"},{"@type":"ListItem","position":2,"name":"Shop","item":"https:\/\/idakorea.ee\/shop-2\/"},{"@type":"ListItem","position":3,"name":"Geelmask kollageeni ja hauttuyniaga Abib Collagen Gel Mask Heartleaf Jelly"}]},{"@type":"WebSite","@id":"https:\/\/idakorea.ee\/#website","url":"https:\/\/idakorea.ee\/","name":"IDA.KOREA","description":"Korean kosmetiikan verkkokauppa","publisher":{"@id":"https:\/\/idakorea.ee\/#organization"},"alternateName":"Beauty Shop","potentialAction":[{"@type":"SearchAction","target":{"@type":"EntryPoint","urlTemplate":"https:\/\/idakorea.ee\/?s={search_term_string}"},"query-input":{"@type":"PropertyValueSpecification","valueRequired":true,"valueName":"search_term_string"}}],"inLanguage":"fi"},{"@type":"Organization","@id":"https:\/\/idakorea.ee\/#organization","name":"IDA.KOREA","url":"https:\/\/idakorea.ee\/","logo":{"@type":"ImageObject","inLanguage":"fi","@id":"https:\/\/idakorea.ee\/#\/schema\/logo\/image\/","url":"https:\/\/idakorea.ee\/wp-content\/uploads\/2024\/05\/cropped-korea3.png","contentUrl":"https:\/\/idakorea.ee\/wp-content\/uploads\/2024\/05\/cropped-korea3.png","width":688,"height":126,"caption":"IDA.KOREA"},"image":{"@id":"https:\/\/idakorea.ee\/#\/schema\/logo\/image\/"},"sameAs":["https:\/\/www.instagram.com\/ida.korea\/"]}]}},"jetpack_sharing_enabled":true,"brands":[{"id":883,"name":"ABIB","slug":"abib"}],"_links":{"self":[{"href":"https:\/\/idakorea.ee\/fi\/wp-json\/wp\/v2\/product\/15364","targetHints":{"allow":["GET"]}}],"collection":[{"href":"https:\/\/idakorea.ee\/fi\/wp-json\/wp\/v2\/product"}],"about":[{"href":"https:\/\/idakorea.ee\/fi\/wp-json\/wp\/v2\/types\/product"}],"replies":[{"embeddable":true,"href":"https:\/\/idakorea.ee\/fi\/wp-json\/wp\/v2\/comments?post=15364"}],"version-history":[{"count":2,"href":"https:\/\/idakorea.ee\/fi\/wp-json\/wp\/v2\/product\/15364\/revisions"}],"predecessor-version":[{"id":15369,"href":"https:\/\/idakorea.ee\/fi\/wp-json\/wp\/v2\/product\/15364\/revisions\/15369"}],"wp:featuredmedia":[{"embeddable":true,"href":"https:\/\/idakorea.ee\/fi\/wp-json\/wp\/v2\/media\/15365"}],"wp:attachment":[{"href":"https:\/\/idakorea.ee\/fi\/wp-json\/wp\/v2\/media?parent=15364"}],"wp:term":[{"taxonomy":"pwb-brand","embeddable":true,"href":"https:\/\/idakorea.ee\/fi\/wp-json\/wp\/v2\/pwb-brand?post=15364"},{"taxonomy":"product_brand","embeddable":true,"href":"https:\/\/idakorea.ee\/fi\/wp-json\/wp\/v2\/product_brand?post=15364"},{"taxonomy":"product_cat","embeddable":true,"href":"https:\/\/idakorea.ee\/fi\/wp-json\/wp\/v2\/product_cat?post=15364"},{"taxonomy":"product_tag","embeddable":true,"href":"https:\/\/idakorea.ee\/fi\/wp-json\/wp\/v2\/product_tag?post=15364"}],"curies":[{"name":"wp","href":"https:\/\/api.w.org\/{rel}","templated":true}]}}