{"id":15405,"date":"2025-08-01T14:14:17","date_gmt":"2025-08-01T11:14:17","guid":{"rendered":"https:\/\/idakorea.ee\/?post_type=product&#038;p=15405"},"modified":"2026-02-09T20:46:37","modified_gmt":"2026-02-09T18:46:37","slug":"round-lab-soybean-nourishing-toner-300ml","status":"publish","type":"product","link":"https:\/\/idakorea.ee\/fi\/product\/round-lab-soybean-nourishing-toner-300ml\/","title":{"rendered":"Round Lab Soybean Nourishing Toner, 300ml"},"content":{"rendered":"<p><strong>Round Lab Soybean Nourishing Toner<\/strong> Pehment\u00e4\u00e4 ja silottaa ihoa, torjuu kuivuutta ja hilseily\u00e4, ehk\u00e4isee kosteuden haihtumista ja \u00e4rsytyst\u00e4, joka johtuu l\u00e4mp\u00f6tilan vaihteluista, kuivasta tuulesta ja muista ulkoisista vaikutuksista. Tuote v\u00e4hent\u00e4\u00e4 ryppyjen n\u00e4kymist\u00e4 ja tekee ihosta pehme\u00e4n ja sile\u00e4n.<\/p>\n<p>Kasvovesi parantaa ihon kimmoisuutta ja kiinteytt\u00e4, vahvistaa ihon luonnollista suojakerrosta ja yll\u00e4pit\u00e4\u00e4 optimaalista kosteustasoa. Rikas, kermainen koostumus imeytyy helposti. Hypoallergeeninen koostumus ei \u00e4rsyt\u00e4 ihoa ja sopii my\u00f6s herk\u00e4lle iholle.<\/p>\n<p>Sis\u00e4lt\u00e4\u00e4 mustapapu-uutetta (11 700 ppm), joka on saatu Cheongsanin saarella, Etel\u00e4-Korean koskemattomalla luonnonalueella, kasvatetuista kasveista. Mustapapu tunnetaan tulehdusta ja ik\u00e4\u00e4ntymist\u00e4 ehk\u00e4isevist\u00e4 ominaisuuksistaan, ja se toimii voimakkaana antioksidanttina, joka suojaa ihoa vapailta radikaaleilta. Mustapapu sis\u00e4lt\u00e4\u00e4 enemm\u00e4n vitamiineja, proteiineja ja antioksidantteja kuin muut soijapavut.<\/p>\n<p><strong>Muita ainesosia:<\/strong><\/p>\n<ul>\n<li><strong>Keramidit<\/strong> \u2013 vahvistaa ihon lipidikerrosta, poistaa kuivuutta ja hilseily\u00e4, est\u00e4\u00e4 kosteuden haihtumista ja v\u00e4hent\u00e4\u00e4 herkkyytt\u00e4 ymp\u00e4rist\u00f6n vaikutuksille.<\/li>\n<li><strong>Adenos<\/strong> \u2013 ik\u00e4\u00e4ntymist\u00e4 est\u00e4v\u00e4 ainesosa, joka stimuloi kollageenin tuotantoa, parantaa ihon tiheytt\u00e4 ja kimmoisuutta sek\u00e4 v\u00e4hent\u00e4\u00e4 ryppyj\u00e4.<\/li>\n<li><strong>Pantenoli (B5-vitamiini)<\/strong> \u2013 nopeuttaa paranemista, rauhoittaa ja palauttaa ihon rakennetta.<\/li>\n<li><strong>Sokeriruokouute<\/strong> \u2013 kosteusvoide, joka auttaa ihoa sitomaan ja s\u00e4ilytt\u00e4m\u00e4\u00e4n kosteutta.<\/li>\n<li><strong>Natriumhyaluronaatti<\/strong> \u2013 pienimolekyylipainoinen hyaluronihappo, joka kosteuttaa syv\u00e4sti ja lis\u00e4\u00e4 ihon luonnollista kosteustasoa (NMF).<\/li>\n<li><strong>Kaakaopapujen uute<\/strong> \u2013 kiinteytt\u00e4\u00e4, v\u00e4hent\u00e4\u00e4 turvotusta.<\/li>\n<\/ul>\n<p>&nbsp;<\/p>\n<p>Sopii normaalille, sekaiholle ja kuivalle iholle.<\/p>\n<p><strong>K\u00e4ytt\u00f6:<\/strong> Kasvojen puhdistuksen j\u00e4lkeen levit\u00e4 kasvovett\u00e4 vanulapulle tai k\u00e4mmenelle ja levit\u00e4 sit\u00e4 iholle hell\u00e4varaisesti taputtelemalla.<\/p>","protected":false},"excerpt":{"rendered":"<p>Round Lab Soybean Nourishing Toner pehment\u00e4\u00e4 ja silottaa ihoa, torjuu kuivuutta ja hilseily\u00e4, ehk\u00e4isee kosteuden haihtumista ja \u00e4rsytyst\u00e4, joka johtuu l\u00e4mp\u00f6tilan vaihteluista, kuivasta tuulesta ja muista ulkoisista vaikutuksista. Tuote v\u00e4hent\u00e4\u00e4 ryppyjen n\u00e4kymist\u00e4, tekee ihosta pehme\u00e4n ja sile\u00e4n. Kasvovesi parantaa kimmoisuutta ja kiinteytt\u00e4, vahvistaa ihon luonnollista suojakerrosta ja yll\u00e4pit\u00e4\u00e4 optimaalisia kosteustasoja. Rikas kermainen koostumus imeytyy helposti. Hypoallergeeninen koostumus\u2026<\/p>","protected":false},"featured_media":15406,"comment_status":"open","ping_status":"closed","template":"","meta":{"_uf_show_specific_survey":0,"_uf_disable_surveys":false,"_bst_post_transparent":"default","_bst_post_title":"","_bst_post_layout":"default","_bst_post_sidebar_id":"","_bst_post_content_style":"default","_bst_post_vertical_padding":"default","_bst_post_feature":"","_bst_post_feature_position":"","_bst_post_header":false,"_bst_post_footer":false},"pwb-brand":[645],"product_brand":[],"product_cat":[92,158],"product_tag":[216,646,855],"class_list":{"0":"post-15405","1":"product","2":"type-product","3":"status-publish","4":"has-post-thumbnail","6":"pwb-brand-round-lab","7":"product_cat-nagu","8":"product_cat-toonik","9":"product_tag-kuiv-nahk","10":"product_tag-round-lab","11":"product_tag-toner","13":"first","14":"instock","15":"sale","16":"shipping-taxable","17":"purchasable","18":"product-type-simple","19":"entry","20":"content-bg","21":"loop-entry"},"supplier_id":null,"supplier_sku":"","barcode":null,"atum_controlled":true,"out_stock_date":null,"out_stock_threshold":null,"inheritable":false,"inbound_stock":0,"stock_on_hold":0,"sold_today":0,"sales_last_days":0,"out_stock_days":0,"lost_sales":0,"has_location":false,"update_date":"2026-04-14T00:05:05","atum_locations":[],"atum_stock_status":"instock","restock_status":false,"low_stock_amount":"","sales_update_date":"2026-04-14T00:05:05","calc_backorders":null,"yoast_head":"<!-- This site is optimized with the Yoast SEO plugin v27.2 - https:\/\/yoast.com\/product\/yoast-seo-wordpress\/ -->\n<title>Round Lab Soybean Nourishing Toner, 300ml - IDA.KOREA<\/title>\n<meta name=\"description\" content=\"Toitev ja niisutav n\u00e4otoonik musta sojaga \u2013 parandab elastsust, silub ja kaitseb nahka keskkonnam\u00f5jude eest. - Kiire tarne!\" \/>\n<meta name=\"robots\" content=\"index, follow, max-snippet:-1, max-image-preview:large, max-video-preview:-1\" \/>\n<link rel=\"canonical\" href=\"https:\/\/idakorea.ee\/fi\/product\/round-lab-soybean-nourishing-toner-300ml\/\" \/>\n<meta property=\"og:locale\" content=\"fi_FI\" \/>\n<meta property=\"og:type\" content=\"article\" \/>\n<meta property=\"og:title\" content=\"Round Lab Soybean Nourishing Toner, 300ml - IDA.KOREA\" \/>\n<meta property=\"og:description\" content=\"Toitev ja niisutav n\u00e4otoonik musta sojaga \u2013 parandab elastsust, silub ja kaitseb nahka keskkonnam\u00f5jude eest. - Kiire tarne!\" \/>\n<meta property=\"og:url\" content=\"https:\/\/idakorea.ee\/fi\/product\/round-lab-soybean-nourishing-toner-300ml\/\" \/>\n<meta property=\"og:site_name\" content=\"IDA.KOREA\" \/>\n<meta property=\"article:modified_time\" content=\"2026-02-09T18:46:37+00:00\" \/>\n<meta property=\"og:image\" content=\"https:\/\/idakorea.ee\/wp-content\/uploads\/2025\/08\/round-lab-soybean-nourishing-toner-idakorea.jpg\" \/>\n\t<meta property=\"og:image:width\" content=\"1000\" \/>\n\t<meta property=\"og:image:height\" content=\"1000\" \/>\n\t<meta property=\"og:image:type\" content=\"image\/jpeg\" \/>\n<meta name=\"twitter:card\" content=\"summary_large_image\" \/>\n<meta name=\"twitter:label1\" content=\"Arvioitu lukuaika\" \/>\n\t<meta name=\"twitter:data1\" content=\"2 minuuttia\" \/>\n<script type=\"application\/ld+json\" class=\"yoast-schema-graph\">{\"@context\":\"https:\/\/schema.org\",\"@graph\":[{\"@type\":\"WebPage\",\"@id\":\"https:\/\/idakorea.ee\/product\/round-lab-soybean-nourishing-toner-300ml\/\",\"url\":\"https:\/\/idakorea.ee\/product\/round-lab-soybean-nourishing-toner-300ml\/\",\"name\":\"Round Lab Soybean Nourishing Toner, 300ml - IDA.KOREA\",\"isPartOf\":{\"@id\":\"https:\/\/idakorea.ee\/#website\"},\"primaryImageOfPage\":{\"@id\":\"https:\/\/idakorea.ee\/product\/round-lab-soybean-nourishing-toner-300ml\/#primaryimage\"},\"image\":{\"@id\":\"https:\/\/idakorea.ee\/product\/round-lab-soybean-nourishing-toner-300ml\/#primaryimage\"},\"thumbnailUrl\":\"https:\/\/idakorea.ee\/wp-content\/uploads\/2025\/08\/round-lab-soybean-nourishing-toner-idakorea.jpg\",\"datePublished\":\"2025-08-01T11:14:17+00:00\",\"dateModified\":\"2026-02-09T18:46:37+00:00\",\"description\":\"Toitev ja niisutav n\u00e4otoonik musta sojaga \u2013 parandab elastsust, silub ja kaitseb nahka keskkonnam\u00f5jude eest. - Kiire tarne!\",\"breadcrumb\":{\"@id\":\"https:\/\/idakorea.ee\/product\/round-lab-soybean-nourishing-toner-300ml\/#breadcrumb\"},\"inLanguage\":\"fi\",\"potentialAction\":[{\"@type\":\"ReadAction\",\"target\":[\"https:\/\/idakorea.ee\/product\/round-lab-soybean-nourishing-toner-300ml\/\"]}]},{\"@type\":\"ImageObject\",\"inLanguage\":\"fi\",\"@id\":\"https:\/\/idakorea.ee\/product\/round-lab-soybean-nourishing-toner-300ml\/#primaryimage\",\"url\":\"https:\/\/idakorea.ee\/wp-content\/uploads\/2025\/08\/round-lab-soybean-nourishing-toner-idakorea.jpg\",\"contentUrl\":\"https:\/\/idakorea.ee\/wp-content\/uploads\/2025\/08\/round-lab-soybean-nourishing-toner-idakorea.jpg\",\"width\":1000,\"height\":1000},{\"@type\":\"BreadcrumbList\",\"@id\":\"https:\/\/idakorea.ee\/product\/round-lab-soybean-nourishing-toner-300ml\/#breadcrumb\",\"itemListElement\":[{\"@type\":\"ListItem\",\"position\":1,\"name\":\"\u0413\u043b\u0430\u0432\u043d\u0430\u044f \u0441\u0442\u0440\u0430\u043d\u0438\u0446\u0430\",\"item\":\"https:\/\/idakorea.ee\/\"},{\"@type\":\"ListItem\",\"position\":2,\"name\":\"Shop\",\"item\":\"https:\/\/idakorea.ee\/shop-2\/\"},{\"@type\":\"ListItem\",\"position\":3,\"name\":\"Toitev sojatootega n\u00e4otoonik Round Lab Soybean Nourishing Toner, 300ml\"}]},{\"@type\":\"WebSite\",\"@id\":\"https:\/\/idakorea.ee\/#website\",\"url\":\"https:\/\/idakorea.ee\/\",\"name\":\"IDA.KOREA\",\"description\":\"Korea kosmeetika e-pood\",\"publisher\":{\"@id\":\"https:\/\/idakorea.ee\/#organization\"},\"alternateName\":\"Beauty Shop\",\"potentialAction\":[{\"@type\":\"SearchAction\",\"target\":{\"@type\":\"EntryPoint\",\"urlTemplate\":\"https:\/\/idakorea.ee\/?s={search_term_string}\"},\"query-input\":{\"@type\":\"PropertyValueSpecification\",\"valueRequired\":true,\"valueName\":\"search_term_string\"}}],\"inLanguage\":\"fi\"},{\"@type\":\"Organization\",\"@id\":\"https:\/\/idakorea.ee\/#organization\",\"name\":\"IDA.KOREA\",\"url\":\"https:\/\/idakorea.ee\/\",\"logo\":{\"@type\":\"ImageObject\",\"inLanguage\":\"fi\",\"@id\":\"https:\/\/idakorea.ee\/#\/schema\/logo\/image\/\",\"url\":\"https:\/\/idakorea.ee\/wp-content\/uploads\/2024\/05\/cropped-korea3.png\",\"contentUrl\":\"https:\/\/idakorea.ee\/wp-content\/uploads\/2024\/05\/cropped-korea3.png\",\"width\":688,\"height\":126,\"caption\":\"IDA.KOREA\"},\"image\":{\"@id\":\"https:\/\/idakorea.ee\/#\/schema\/logo\/image\/\"},\"sameAs\":[\"https:\/\/www.instagram.com\/ida.korea\/\"]}]}<\/script>\n<!-- \/ Yoast SEO plugin. -->","yoast_head_json":{"title":"Round Lab Soijapapuinen Kasvovesi, 300ml - IDA.KOREA","description":"Ravitseva ja kosteuttava kasvovesi mustalla soijalla - parantaa ihon kimmoisuutta, silottaa ja suojaa sit\u00e4 ymp\u00e4rist\u00f6n vaikutuksilta. - Nopea toimitus!","robots":{"index":"index","follow":"follow","max-snippet":"max-snippet:-1","max-image-preview":"max-image-preview:large","max-video-preview":"max-video-preview:-1"},"canonical":"https:\/\/idakorea.ee\/fi\/product\/round-lab-soybean-nourishing-toner-300ml\/","og_locale":"fi_FI","og_type":"article","og_title":"Round Lab Soybean Nourishing Toner, 300ml - IDA.KOREA","og_description":"Toitev ja niisutav n\u00e4otoonik musta sojaga \u2013 parandab elastsust, silub ja kaitseb nahka keskkonnam\u00f5jude eest. - Kiire tarne!","og_url":"https:\/\/idakorea.ee\/fi\/product\/round-lab-soybean-nourishing-toner-300ml\/","og_site_name":"IDA.KOREA","article_modified_time":"2026-02-09T18:46:37+00:00","og_image":[{"width":1000,"height":1000,"url":"https:\/\/idakorea.ee\/wp-content\/uploads\/2025\/08\/round-lab-soybean-nourishing-toner-idakorea.jpg","type":"image\/jpeg"}],"twitter_card":"summary_large_image","twitter_misc":{"Arvioitu lukuaika":"2 minuuttia"},"schema":{"@context":"https:\/\/schema.org","@graph":[{"@type":"WebPage","@id":"https:\/\/idakorea.ee\/product\/round-lab-soybean-nourishing-toner-300ml\/","url":"https:\/\/idakorea.ee\/product\/round-lab-soybean-nourishing-toner-300ml\/","name":"Round Lab Soijapapuinen Kasvovesi, 300ml - IDA.KOREA","isPartOf":{"@id":"https:\/\/idakorea.ee\/#website"},"primaryImageOfPage":{"@id":"https:\/\/idakorea.ee\/product\/round-lab-soybean-nourishing-toner-300ml\/#primaryimage"},"image":{"@id":"https:\/\/idakorea.ee\/product\/round-lab-soybean-nourishing-toner-300ml\/#primaryimage"},"thumbnailUrl":"https:\/\/idakorea.ee\/wp-content\/uploads\/2025\/08\/round-lab-soybean-nourishing-toner-idakorea.jpg","datePublished":"2025-08-01T11:14:17+00:00","dateModified":"2026-02-09T18:46:37+00:00","description":"Ravitseva ja kosteuttava kasvovesi mustalla soijalla - parantaa ihon kimmoisuutta, silottaa ja suojaa sit\u00e4 ymp\u00e4rist\u00f6n vaikutuksilta. - Nopea toimitus!","breadcrumb":{"@id":"https:\/\/idakorea.ee\/product\/round-lab-soybean-nourishing-toner-300ml\/#breadcrumb"},"inLanguage":"fi","potentialAction":[{"@type":"ReadAction","target":["https:\/\/idakorea.ee\/product\/round-lab-soybean-nourishing-toner-300ml\/"]}]},{"@type":"ImageObject","inLanguage":"fi","@id":"https:\/\/idakorea.ee\/product\/round-lab-soybean-nourishing-toner-300ml\/#primaryimage","url":"https:\/\/idakorea.ee\/wp-content\/uploads\/2025\/08\/round-lab-soybean-nourishing-toner-idakorea.jpg","contentUrl":"https:\/\/idakorea.ee\/wp-content\/uploads\/2025\/08\/round-lab-soybean-nourishing-toner-idakorea.jpg","width":1000,"height":1000},{"@type":"BreadcrumbList","@id":"https:\/\/idakorea.ee\/product\/round-lab-soybean-nourishing-toner-300ml\/#breadcrumb","itemListElement":[{"@type":"ListItem","position":1,"name":"\u0413\u043b\u0430\u0432\u043d\u0430\u044f \u0441\u0442\u0440\u0430\u043d\u0438\u0446\u0430","item":"https:\/\/idakorea.ee\/"},{"@type":"ListItem","position":2,"name":"Shop","item":"https:\/\/idakorea.ee\/shop-2\/"},{"@type":"ListItem","position":3,"name":"Toitev sojatootega n\u00e4otoonik Round Lab Soybean Nourishing Toner, 300ml"}]},{"@type":"WebSite","@id":"https:\/\/idakorea.ee\/#website","url":"https:\/\/idakorea.ee\/","name":"IDA.KOREA","description":"Korean kosmetiikan verkkokauppa","publisher":{"@id":"https:\/\/idakorea.ee\/#organization"},"alternateName":"Beauty Shop","potentialAction":[{"@type":"SearchAction","target":{"@type":"EntryPoint","urlTemplate":"https:\/\/idakorea.ee\/?s={search_term_string}"},"query-input":{"@type":"PropertyValueSpecification","valueRequired":true,"valueName":"search_term_string"}}],"inLanguage":"fi"},{"@type":"Organization","@id":"https:\/\/idakorea.ee\/#organization","name":"IDA.KOREA","url":"https:\/\/idakorea.ee\/","logo":{"@type":"ImageObject","inLanguage":"fi","@id":"https:\/\/idakorea.ee\/#\/schema\/logo\/image\/","url":"https:\/\/idakorea.ee\/wp-content\/uploads\/2024\/05\/cropped-korea3.png","contentUrl":"https:\/\/idakorea.ee\/wp-content\/uploads\/2024\/05\/cropped-korea3.png","width":688,"height":126,"caption":"IDA.KOREA"},"image":{"@id":"https:\/\/idakorea.ee\/#\/schema\/logo\/image\/"},"sameAs":["https:\/\/www.instagram.com\/ida.korea\/"]}]}},"jetpack_sharing_enabled":true,"brands":[{"id":645,"name":"ROUND LAB","slug":"round-lab"}],"_links":{"self":[{"href":"https:\/\/idakorea.ee\/fi\/wp-json\/wp\/v2\/product\/15405","targetHints":{"allow":["GET"]}}],"collection":[{"href":"https:\/\/idakorea.ee\/fi\/wp-json\/wp\/v2\/product"}],"about":[{"href":"https:\/\/idakorea.ee\/fi\/wp-json\/wp\/v2\/types\/product"}],"replies":[{"embeddable":true,"href":"https:\/\/idakorea.ee\/fi\/wp-json\/wp\/v2\/comments?post=15405"}],"version-history":[{"count":2,"href":"https:\/\/idakorea.ee\/fi\/wp-json\/wp\/v2\/product\/15405\/revisions"}],"predecessor-version":[{"id":15410,"href":"https:\/\/idakorea.ee\/fi\/wp-json\/wp\/v2\/product\/15405\/revisions\/15410"}],"wp:featuredmedia":[{"embeddable":true,"href":"https:\/\/idakorea.ee\/fi\/wp-json\/wp\/v2\/media\/15406"}],"wp:attachment":[{"href":"https:\/\/idakorea.ee\/fi\/wp-json\/wp\/v2\/media?parent=15405"}],"wp:term":[{"taxonomy":"pwb-brand","embeddable":true,"href":"https:\/\/idakorea.ee\/fi\/wp-json\/wp\/v2\/pwb-brand?post=15405"},{"taxonomy":"product_brand","embeddable":true,"href":"https:\/\/idakorea.ee\/fi\/wp-json\/wp\/v2\/product_brand?post=15405"},{"taxonomy":"product_cat","embeddable":true,"href":"https:\/\/idakorea.ee\/fi\/wp-json\/wp\/v2\/product_cat?post=15405"},{"taxonomy":"product_tag","embeddable":true,"href":"https:\/\/idakorea.ee\/fi\/wp-json\/wp\/v2\/product_tag?post=15405"}],"curies":[{"name":"wp","href":"https:\/\/api.w.org\/{rel}","templated":true}]}}