{"id":15418,"date":"2025-08-03T09:49:11","date_gmt":"2025-08-03T06:49:11","guid":{"rendered":"https:\/\/idakorea.ee\/?post_type=product&#038;p=15418"},"modified":"2026-04-01T14:23:24","modified_gmt":"2026-04-01T12:23:24","slug":"medipeel-peptide-9-volume-bio-tox-toner-pro-250ml","status":"publish","type":"product","link":"https:\/\/idakorea.ee\/fi\/product\/medipeel-peptide-9-volume-bio-tox-toner-pro-250ml\/","title":{"rendered":"Peptidikasvovesi-tehoste Matrixyl-valmisteella \u2014 MediPeel Peptide 9 Volume Bio Tox Toner Pro, 250ml"},"content":{"rendered":"<p data-start=\"54\" data-end=\"294\">Peptiditoninen tehoste Matrixyl-valmisteella<strong data-start=\"54\" data-end=\"142\"> \u2014 MEDIPEEL Peptide 9 Volume Bio Tox Toner Pro<\/strong> Kosteuttaa syv\u00e4lt\u00e4, lievitt\u00e4\u00e4 kuivuutta, kireyden tunnetta ja hilseily\u00e4. Palauttaa kosteustasapainon ja auttaa vakauttamaan ihon pH-tasoa puhdistuksen j\u00e4lkeen.<\/p>\n<p data-start=\"296\" data-end=\"476\">Kasvovesi ravitsee, suojaa kuivumisen merkeilt\u00e4 ja edist\u00e4\u00e4 ihon kiinteytymist\u00e4 parantaen sen kimmoisuutta ja s\u00e4vy\u00e4. Stimuloi kollageenisynteesi\u00e4, silottaa ryppyj\u00e4 ja ihojuonteita.<\/p>\n<p data-start=\"478\" data-end=\"502\"><strong data-start=\"478\" data-end=\"502\">T\u00e4rkeimm\u00e4t vaikuttavat aineet:<\/strong><\/p>\n<ul data-start=\"504\" data-end=\"1585\">\n<li data-start=\"504\" data-end=\"788\">\n<p data-start=\"506\" data-end=\"788\"><strong data-start=\"506\" data-end=\"575\">Matrixyl\u00ae3000 (palmitoyylitetrapeptidi-7, palmitoyylitripeptidi-1):<\/strong> Patentoitu signaalipeptidej\u00e4 sis\u00e4lt\u00e4v\u00e4 kompleksi. Aktivoi solujen uusiutumista, vahvistaa soluv\u00e4liainetta, stimuloi kollageenin ja hyaluronihapon synteesi\u00e4 sek\u00e4 parantaa ihon kimmoisuutta ja muotoja.<\/p>\n<\/li>\n<li data-start=\"789\" data-end=\"967\">\n<p data-start=\"791\" data-end=\"967\"><strong data-start=\"791\" data-end=\"876\">Argireliini ja asetyylioktapeptidi-3 (asetyyliheksapeptidi-8, asetyylioktapeptidi-3):<\/strong> Botox-tyyppiset peptidit rentouttavat kasvolihaksia ja ehk\u00e4isev\u00e4t ryppyjen muodostumista.<\/p>\n<\/li>\n<li data-start=\"968\" data-end=\"1083\">\n<p data-start=\"970\" data-end=\"1083\"><strong data-start=\"970\" data-end=\"988\">Nonapeptidi-1:<\/strong> Est\u00e4\u00e4 tyrosinaasin synteesi\u00e4, v\u00e4hent\u00e4\u00e4 melaniinin kuljetusta ja ehk\u00e4isee ik\u00e4l\u00e4iskien muodostumista.<\/p>\n<\/li>\n<li data-start=\"1084\" data-end=\"1226\">\n<p data-start=\"1086\" data-end=\"1226\"><strong data-start=\"1086\" data-end=\"1129\">Kuparitripeptidi-1 (kuparitripeptidi-1):<\/strong> lis\u00e4\u00e4 kollageenin ja elastiinin synteesi\u00e4, palauttaa ihon rakenteen, v\u00e4hent\u00e4\u00e4 ryppyjen syvyytt\u00e4.<\/p>\n<\/li>\n<li data-start=\"1227\" data-end=\"1336\">\n<p data-start=\"1229\" data-end=\"1336\"><strong data-start=\"1229\" data-end=\"1246\">Tripeptidi-1:<\/strong> suojaa valoik\u00e4\u00e4ntymiselt\u00e4, lis\u00e4\u00e4 kollageenin tuotantoa ja neutraloi vapaita radikaaleja.<\/p>\n<\/li>\n<li data-start=\"1337\" data-end=\"1425\">\n<p data-start=\"1339\" data-end=\"1425\"><strong data-start=\"1339\" data-end=\"1358\">Heksapeptidi-9:<\/strong> stimuloi fibroblasteja, parantaa ihon rakennetta ja silottaa ryppyj\u00e4.<\/p>\n<\/li>\n<li data-start=\"1426\" data-end=\"1585\">\n<p data-start=\"1428\" data-end=\"1585\"><strong data-start=\"1428\" data-end=\"1457\">Palmitoyyli-pentapeptidi-4:<\/strong> Tunnettu ik\u00e4\u00e4ntymist\u00e4 ehk\u00e4isev\u00e4 peptidi, joka v\u00e4hent\u00e4\u00e4 ryppyjen syvyytt\u00e4, vahvistaa ihon rakennetta ja on yht\u00e4 tehokas kuin retinoli, mutta ilman \u00e4rsytyst\u00e4.<\/p>\n<\/li>\n<\/ul>\n<p data-start=\"1587\" data-end=\"1613\"><strong data-start=\"1587\" data-end=\"1613\">Muita vaikuttavia aineita:<\/strong><\/p>\n<ul data-start=\"1615\" data-end=\"2492\">\n<li data-start=\"1615\" data-end=\"1742\">\n<p data-start=\"1617\" data-end=\"1742\"><strong data-start=\"1617\" data-end=\"1674\">Volufiliini (Anemarrhena Asphodeloides -juuriuute):<\/strong> lis\u00e4\u00e4 ihon tiheytt\u00e4 ja volyymia, sill\u00e4 on lipofillingin kaltainen vaikutus.<\/p>\n<\/li>\n<li data-start=\"1743\" data-end=\"1854\">\n<p data-start=\"1745\" data-end=\"1854\"><strong data-start=\"1745\" data-end=\"1757\">Ektoiin:<\/strong> luonnollinen aminohappo, joka suojaa UV-s\u00e4teilylt\u00e4 ja ulkoisilta vaikutuksilta, rauhoittaa ja v\u00e4hent\u00e4\u00e4 punoitusta.<\/p>\n<\/li>\n<li data-start=\"1855\" data-end=\"1957\">\n<p data-start=\"1857\" data-end=\"1957\"><strong data-start=\"1857\" data-end=\"1884\">9 erilaista hyaluronihappoa:<\/strong> tarjoaa intensiivist\u00e4 ja pitk\u00e4kestoista kosteutusta kaikille ihon kerroksille.<\/p>\n<\/li>\n<li data-start=\"1958\" data-end=\"2056\">\n<p data-start=\"1960\" data-end=\"2056\"><strong data-start=\"1960\" data-end=\"2000\">Hydrolysoitu kollageeni ja elastiini:<\/strong> kosteuttaa ja palauttaa ihon kimmoisuuden, silottaa ryppyj\u00e4.<\/p>\n<\/li>\n<li data-start=\"2057\" data-end=\"2166\">\n<p data-start=\"2059\" data-end=\"2166\"><strong data-start=\"2059\" data-end=\"2084\">Aminohappokompleksi:<\/strong> Stimuloi kollageenin ja elastiinin synteesi\u00e4, auttaa yll\u00e4pit\u00e4m\u00e4\u00e4n ihon nuorekkuutta.<\/p>\n<\/li>\n<li data-start=\"2167\" data-end=\"2292\">\n<p data-start=\"2169\" data-end=\"2292\"><strong data-start=\"2169\" data-end=\"2194\">Lactobacillus-entsyymi:<\/strong> tukee ihon mikrobiomia, tasoittaa ihon s\u00e4vy\u00e4, parantaa kollageenin laatua ja vaalentaa pigmenttimuutoksia.<\/p>\n<\/li>\n<li data-start=\"2293\" data-end=\"2492\">\n<p data-start=\"2295\" data-end=\"2492\"><strong data-start=\"2295\" data-end=\"2319\">MultiEx BSASM\u00ae Plus:<\/strong> Patentoitu yrttikompleksi (rosmariini, kamomilla, kamelia, centella, lakritsi, knotweed, Baikalin rutto), joka rauhoittaa \u00e4rsytyst\u00e4, sill\u00e4 on antiseptisi\u00e4 ja tulehdusta ehk\u00e4isevi\u00e4 vaikutuksia.<\/p>\n<\/li>\n<\/ul>\n<p data-start=\"2494\" data-end=\"2549\">Sopii normaalille, kuivalle ja sekaiholle.<\/p>\n<p data-start=\"2551\" data-end=\"2681\"><strong data-start=\"2551\" data-end=\"2566\">K\u00e4ytt\u00f6:<\/strong><br data-start=\"2566\" data-end=\"2569\" \/>Levit\u00e4 kasvovett\u00e4 puhdistetulle iholle k\u00e4mmenill\u00e4 tai vanulapulla. Jatka sitten tavanomaista hoitoa (seerumi, voide).<\/p>","protected":false},"excerpt":{"rendered":"<p>Peptiditoniikki-tehoste Matrixylilla \u2014 MEDIPEEL Peptide 9 Volume Bio Tox Toner Pro tarjoaa syv\u00e4kosteutusta, lievitt\u00e4\u00e4 kuivuutta, kireyden tunnetta ja hilseily\u00e4. Palauttaa kosteustasapainon ja auttaa vakauttamaan ihon pH-arvoa puhdistuksen j\u00e4lkeen. Tonikki ravitsee, suojaa kuivumisen merkeilt\u00e4 ja edist\u00e4\u00e4 ihon kiinteytymist\u00e4 parantaen kimmoisuutta ja s\u00e4vy\u00e4. Stimuloi kollageenisynteesi\u00e4, silottaa ryppyj\u00e4 ja ihojuonteita. T\u00e4rkeimm\u00e4t vaikuttavat aineosat: Matrixyl\u00ae3000 (Palmitoyylitetrapeptidi-7,\u2026<\/p>","protected":false},"featured_media":15425,"comment_status":"open","ping_status":"closed","template":"","meta":{"_uf_show_specific_survey":0,"_uf_disable_surveys":false,"_bst_post_transparent":"default","_bst_post_title":"","_bst_post_layout":"default","_bst_post_sidebar_id":"","_bst_post_content_style":"default","_bst_post_vertical_padding":"default","_bst_post_feature":"","_bst_post_feature_position":"","_bst_post_header":false,"_bst_post_footer":false},"pwb-brand":[107],"product_brand":[],"product_cat":[92,158],"product_tag":[381,830,855],"class_list":{"0":"post-15418","1":"product","2":"type-product","3":"status-publish","4":"has-post-thumbnail","6":"pwb-brand-medipeel","7":"product_cat-nagu","8":"product_cat-toonik","9":"product_tag-medipeel","10":"product_tag-peptide","11":"product_tag-toner","13":"first","14":"instock","15":"sale","16":"shipping-taxable","17":"purchasable","18":"product-type-simple","19":"entry","20":"content-bg","21":"loop-entry"},"supplier_id":null,"supplier_sku":"","barcode":null,"atum_controlled":true,"out_stock_date":null,"out_stock_threshold":null,"inheritable":false,"inbound_stock":0,"stock_on_hold":0,"sold_today":0,"sales_last_days":3,"out_stock_days":0,"lost_sales":0,"has_location":false,"update_date":"2026-04-14T11:06:27","atum_locations":[],"atum_stock_status":"instock","restock_status":false,"low_stock_amount":"","sales_update_date":"2026-04-14T11:06:27","calc_backorders":null,"yoast_head":"<!-- This site is optimized with the Yoast SEO plugin v27.2 - https:\/\/yoast.com\/product\/yoast-seo-wordpress\/ -->\n<title>MediPeel Peptide 9 Volume Bio Tox Toner Pro, 250ml - IDA.KOREA<\/title>\n<meta name=\"description\" content=\"S\u00fcgavniisutav ja elastsust t\u00f5stev peptiidtoonik Matrixyl\u2122 kompleksiga. Soodustab kollageeni tootmist, silub kortse ja tugevdab naha struktuuri.\" \/>\n<meta name=\"robots\" content=\"index, follow, max-snippet:-1, max-image-preview:large, max-video-preview:-1\" \/>\n<link rel=\"canonical\" href=\"https:\/\/idakorea.ee\/fi\/product\/medipeel-peptide-9-volume-bio-tox-toner-pro-250ml\/\" \/>\n<meta property=\"og:locale\" content=\"fi_FI\" \/>\n<meta property=\"og:type\" content=\"article\" \/>\n<meta property=\"og:title\" content=\"MediPeel Peptide 9 Volume Bio Tox Toner Pro, 250ml - IDA.KOREA\" \/>\n<meta property=\"og:description\" content=\"S\u00fcgavniisutav ja elastsust t\u00f5stev peptiidtoonik Matrixyl\u2122 kompleksiga. Soodustab kollageeni tootmist, silub kortse ja tugevdab naha struktuuri.\" \/>\n<meta property=\"og:url\" content=\"https:\/\/idakorea.ee\/fi\/product\/medipeel-peptide-9-volume-bio-tox-toner-pro-250ml\/\" \/>\n<meta property=\"og:site_name\" content=\"IDA.KOREA\" \/>\n<meta property=\"article:modified_time\" content=\"2026-04-01T12:23:24+00:00\" \/>\n<meta property=\"og:image\" content=\"https:\/\/idakorea.ee\/wp-content\/uploads\/2025\/08\/medi-peel_peptide_9_volume_bio_tox_toner_pro-idakorea.webp\" \/>\n\t<meta property=\"og:image:width\" content=\"950\" \/>\n\t<meta property=\"og:image:height\" content=\"950\" \/>\n\t<meta property=\"og:image:type\" content=\"image\/webp\" \/>\n<meta name=\"twitter:card\" content=\"summary_large_image\" \/>\n<meta name=\"twitter:label1\" content=\"Arvioitu lukuaika\" \/>\n\t<meta name=\"twitter:data1\" content=\"2 minuuttia\" \/>\n<script type=\"application\/ld+json\" class=\"yoast-schema-graph\">{\"@context\":\"https:\/\/schema.org\",\"@graph\":[{\"@type\":\"WebPage\",\"@id\":\"https:\/\/idakorea.ee\/product\/medipeel-peptide-9-volume-bio-tox-toner-pro-250ml\/\",\"url\":\"https:\/\/idakorea.ee\/product\/medipeel-peptide-9-volume-bio-tox-toner-pro-250ml\/\",\"name\":\"MediPeel Peptide 9 Volume Bio Tox Toner Pro, 250ml - IDA.KOREA\",\"isPartOf\":{\"@id\":\"https:\/\/idakorea.ee\/#website\"},\"primaryImageOfPage\":{\"@id\":\"https:\/\/idakorea.ee\/product\/medipeel-peptide-9-volume-bio-tox-toner-pro-250ml\/#primaryimage\"},\"image\":{\"@id\":\"https:\/\/idakorea.ee\/product\/medipeel-peptide-9-volume-bio-tox-toner-pro-250ml\/#primaryimage\"},\"thumbnailUrl\":\"https:\/\/idakorea.ee\/wp-content\/uploads\/2025\/08\/medi-peel_peptide_9_volume_bio_tox_toner_pro-idakorea.webp\",\"datePublished\":\"2025-08-03T06:49:11+00:00\",\"dateModified\":\"2026-04-01T12:23:24+00:00\",\"description\":\"S\u00fcgavniisutav ja elastsust t\u00f5stev peptiidtoonik Matrixyl\u2122 kompleksiga. Soodustab kollageeni tootmist, silub kortse ja tugevdab naha struktuuri.\",\"breadcrumb\":{\"@id\":\"https:\/\/idakorea.ee\/product\/medipeel-peptide-9-volume-bio-tox-toner-pro-250ml\/#breadcrumb\"},\"inLanguage\":\"fi\",\"potentialAction\":[{\"@type\":\"ReadAction\",\"target\":[\"https:\/\/idakorea.ee\/product\/medipeel-peptide-9-volume-bio-tox-toner-pro-250ml\/\"]}]},{\"@type\":\"ImageObject\",\"inLanguage\":\"fi\",\"@id\":\"https:\/\/idakorea.ee\/product\/medipeel-peptide-9-volume-bio-tox-toner-pro-250ml\/#primaryimage\",\"url\":\"https:\/\/idakorea.ee\/wp-content\/uploads\/2025\/08\/medi-peel_peptide_9_volume_bio_tox_toner_pro-idakorea.webp\",\"contentUrl\":\"https:\/\/idakorea.ee\/wp-content\/uploads\/2025\/08\/medi-peel_peptide_9_volume_bio_tox_toner_pro-idakorea.webp\",\"width\":950,\"height\":950},{\"@type\":\"BreadcrumbList\",\"@id\":\"https:\/\/idakorea.ee\/product\/medipeel-peptide-9-volume-bio-tox-toner-pro-250ml\/#breadcrumb\",\"itemListElement\":[{\"@type\":\"ListItem\",\"position\":1,\"name\":\"\u0413\u043b\u0430\u0432\u043d\u0430\u044f \u0441\u0442\u0440\u0430\u043d\u0438\u0446\u0430\",\"item\":\"https:\/\/idakorea.ee\/\"},{\"@type\":\"ListItem\",\"position\":2,\"name\":\"Shop\",\"item\":\"https:\/\/idakorea.ee\/shop-2\/\"},{\"@type\":\"ListItem\",\"position\":3,\"name\":\"Peptiidtoonik-booster Matrixyliga \u2014 MediPeel Peptide 9 Volume Bio Tox Toner Pro, 250ml\"}]},{\"@type\":\"WebSite\",\"@id\":\"https:\/\/idakorea.ee\/#website\",\"url\":\"https:\/\/idakorea.ee\/\",\"name\":\"IDA.KOREA\",\"description\":\"Korea kosmeetika e-pood\",\"publisher\":{\"@id\":\"https:\/\/idakorea.ee\/#organization\"},\"alternateName\":\"Beauty Shop\",\"potentialAction\":[{\"@type\":\"SearchAction\",\"target\":{\"@type\":\"EntryPoint\",\"urlTemplate\":\"https:\/\/idakorea.ee\/?s={search_term_string}\"},\"query-input\":{\"@type\":\"PropertyValueSpecification\",\"valueRequired\":true,\"valueName\":\"search_term_string\"}}],\"inLanguage\":\"fi\"},{\"@type\":\"Organization\",\"@id\":\"https:\/\/idakorea.ee\/#organization\",\"name\":\"IDA.KOREA\",\"url\":\"https:\/\/idakorea.ee\/\",\"logo\":{\"@type\":\"ImageObject\",\"inLanguage\":\"fi\",\"@id\":\"https:\/\/idakorea.ee\/#\/schema\/logo\/image\/\",\"url\":\"https:\/\/idakorea.ee\/wp-content\/uploads\/2024\/05\/cropped-korea3.png\",\"contentUrl\":\"https:\/\/idakorea.ee\/wp-content\/uploads\/2024\/05\/cropped-korea3.png\",\"width\":688,\"height\":126,\"caption\":\"IDA.KOREA\"},\"image\":{\"@id\":\"https:\/\/idakorea.ee\/#\/schema\/logo\/image\/\"},\"sameAs\":[\"https:\/\/www.instagram.com\/ida.korea\/\"]}]}<\/script>\n<!-- \/ Yoast SEO plugin. -->","yoast_head_json":{"title":"MediPeel Peptide 9 Volume Bio Tox Toner Pro, 250ml - IDA.KOREA","description":"Syv\u00e4kosteuttava ja kimmoisuutta parantava peptidikasvovesi Matrixyl\u2122-kompleksilla. Edist\u00e4\u00e4 kollageenin tuotantoa, silottaa ryppyj\u00e4 ja vahvistaa ihon rakennetta.","robots":{"index":"index","follow":"follow","max-snippet":"max-snippet:-1","max-image-preview":"max-image-preview:large","max-video-preview":"max-video-preview:-1"},"canonical":"https:\/\/idakorea.ee\/fi\/product\/medipeel-peptide-9-volume-bio-tox-toner-pro-250ml\/","og_locale":"fi_FI","og_type":"article","og_title":"MediPeel Peptide 9 Volume Bio Tox Toner Pro, 250ml - IDA.KOREA","og_description":"S\u00fcgavniisutav ja elastsust t\u00f5stev peptiidtoonik Matrixyl\u2122 kompleksiga. Soodustab kollageeni tootmist, silub kortse ja tugevdab naha struktuuri.","og_url":"https:\/\/idakorea.ee\/fi\/product\/medipeel-peptide-9-volume-bio-tox-toner-pro-250ml\/","og_site_name":"IDA.KOREA","article_modified_time":"2026-04-01T12:23:24+00:00","og_image":[{"width":950,"height":950,"url":"https:\/\/idakorea.ee\/wp-content\/uploads\/2025\/08\/medi-peel_peptide_9_volume_bio_tox_toner_pro-idakorea.webp","type":"image\/webp"}],"twitter_card":"summary_large_image","twitter_misc":{"Arvioitu lukuaika":"2 minuuttia"},"schema":{"@context":"https:\/\/schema.org","@graph":[{"@type":"WebPage","@id":"https:\/\/idakorea.ee\/product\/medipeel-peptide-9-volume-bio-tox-toner-pro-250ml\/","url":"https:\/\/idakorea.ee\/product\/medipeel-peptide-9-volume-bio-tox-toner-pro-250ml\/","name":"MediPeel Peptide 9 Volume Bio Tox Toner Pro, 250ml - IDA.KOREA","isPartOf":{"@id":"https:\/\/idakorea.ee\/#website"},"primaryImageOfPage":{"@id":"https:\/\/idakorea.ee\/product\/medipeel-peptide-9-volume-bio-tox-toner-pro-250ml\/#primaryimage"},"image":{"@id":"https:\/\/idakorea.ee\/product\/medipeel-peptide-9-volume-bio-tox-toner-pro-250ml\/#primaryimage"},"thumbnailUrl":"https:\/\/idakorea.ee\/wp-content\/uploads\/2025\/08\/medi-peel_peptide_9_volume_bio_tox_toner_pro-idakorea.webp","datePublished":"2025-08-03T06:49:11+00:00","dateModified":"2026-04-01T12:23:24+00:00","description":"Syv\u00e4kosteuttava ja kimmoisuutta parantava peptidikasvovesi Matrixyl\u2122-kompleksilla. Edist\u00e4\u00e4 kollageenin tuotantoa, silottaa ryppyj\u00e4 ja vahvistaa ihon rakennetta.","breadcrumb":{"@id":"https:\/\/idakorea.ee\/product\/medipeel-peptide-9-volume-bio-tox-toner-pro-250ml\/#breadcrumb"},"inLanguage":"fi","potentialAction":[{"@type":"ReadAction","target":["https:\/\/idakorea.ee\/product\/medipeel-peptide-9-volume-bio-tox-toner-pro-250ml\/"]}]},{"@type":"ImageObject","inLanguage":"fi","@id":"https:\/\/idakorea.ee\/product\/medipeel-peptide-9-volume-bio-tox-toner-pro-250ml\/#primaryimage","url":"https:\/\/idakorea.ee\/wp-content\/uploads\/2025\/08\/medi-peel_peptide_9_volume_bio_tox_toner_pro-idakorea.webp","contentUrl":"https:\/\/idakorea.ee\/wp-content\/uploads\/2025\/08\/medi-peel_peptide_9_volume_bio_tox_toner_pro-idakorea.webp","width":950,"height":950},{"@type":"BreadcrumbList","@id":"https:\/\/idakorea.ee\/product\/medipeel-peptide-9-volume-bio-tox-toner-pro-250ml\/#breadcrumb","itemListElement":[{"@type":"ListItem","position":1,"name":"\u0413\u043b\u0430\u0432\u043d\u0430\u044f \u0441\u0442\u0440\u0430\u043d\u0438\u0446\u0430","item":"https:\/\/idakorea.ee\/"},{"@type":"ListItem","position":2,"name":"Shop","item":"https:\/\/idakorea.ee\/shop-2\/"},{"@type":"ListItem","position":3,"name":"Peptiidtoonik-booster Matrixyliga \u2014 MediPeel Peptide 9 Volume Bio Tox Toner Pro, 250ml"}]},{"@type":"WebSite","@id":"https:\/\/idakorea.ee\/#website","url":"https:\/\/idakorea.ee\/","name":"IDA.KOREA","description":"Korean kosmetiikan verkkokauppa","publisher":{"@id":"https:\/\/idakorea.ee\/#organization"},"alternateName":"Beauty Shop","potentialAction":[{"@type":"SearchAction","target":{"@type":"EntryPoint","urlTemplate":"https:\/\/idakorea.ee\/?s={search_term_string}"},"query-input":{"@type":"PropertyValueSpecification","valueRequired":true,"valueName":"search_term_string"}}],"inLanguage":"fi"},{"@type":"Organization","@id":"https:\/\/idakorea.ee\/#organization","name":"IDA.KOREA","url":"https:\/\/idakorea.ee\/","logo":{"@type":"ImageObject","inLanguage":"fi","@id":"https:\/\/idakorea.ee\/#\/schema\/logo\/image\/","url":"https:\/\/idakorea.ee\/wp-content\/uploads\/2024\/05\/cropped-korea3.png","contentUrl":"https:\/\/idakorea.ee\/wp-content\/uploads\/2024\/05\/cropped-korea3.png","width":688,"height":126,"caption":"IDA.KOREA"},"image":{"@id":"https:\/\/idakorea.ee\/#\/schema\/logo\/image\/"},"sameAs":["https:\/\/www.instagram.com\/ida.korea\/"]}]}},"jetpack_sharing_enabled":true,"brands":[{"id":107,"name":"MEDIPEEL+","slug":"medipeel"}],"_links":{"self":[{"href":"https:\/\/idakorea.ee\/fi\/wp-json\/wp\/v2\/product\/15418","targetHints":{"allow":["GET"]}}],"collection":[{"href":"https:\/\/idakorea.ee\/fi\/wp-json\/wp\/v2\/product"}],"about":[{"href":"https:\/\/idakorea.ee\/fi\/wp-json\/wp\/v2\/types\/product"}],"replies":[{"embeddable":true,"href":"https:\/\/idakorea.ee\/fi\/wp-json\/wp\/v2\/comments?post=15418"}],"version-history":[{"count":2,"href":"https:\/\/idakorea.ee\/fi\/wp-json\/wp\/v2\/product\/15418\/revisions"}],"predecessor-version":[{"id":15426,"href":"https:\/\/idakorea.ee\/fi\/wp-json\/wp\/v2\/product\/15418\/revisions\/15426"}],"wp:featuredmedia":[{"embeddable":true,"href":"https:\/\/idakorea.ee\/fi\/wp-json\/wp\/v2\/media\/15425"}],"wp:attachment":[{"href":"https:\/\/idakorea.ee\/fi\/wp-json\/wp\/v2\/media?parent=15418"}],"wp:term":[{"taxonomy":"pwb-brand","embeddable":true,"href":"https:\/\/idakorea.ee\/fi\/wp-json\/wp\/v2\/pwb-brand?post=15418"},{"taxonomy":"product_brand","embeddable":true,"href":"https:\/\/idakorea.ee\/fi\/wp-json\/wp\/v2\/product_brand?post=15418"},{"taxonomy":"product_cat","embeddable":true,"href":"https:\/\/idakorea.ee\/fi\/wp-json\/wp\/v2\/product_cat?post=15418"},{"taxonomy":"product_tag","embeddable":true,"href":"https:\/\/idakorea.ee\/fi\/wp-json\/wp\/v2\/product_tag?post=15418"}],"curies":[{"name":"wp","href":"https:\/\/api.w.org\/{rel}","templated":true}]}}