{"id":15435,"date":"2025-08-04T11:00:33","date_gmt":"2025-08-04T08:00:33","guid":{"rendered":"https:\/\/idakorea.ee\/?post_type=product&#038;p=15435"},"modified":"2026-04-14T00:24:07","modified_gmt":"2026-04-13T22:24:07","slug":"by-wishtrend-green-tea-enzyme-powder-wash-110g","status":"publish","type":"product","link":"https:\/\/idakorea.ee\/fi\/product\/by-wishtrend-green-tea-enzyme-powder-wash-110g\/","title":{"rendered":"By Wishtrend Green Tea &amp; Enzyme Powder Wash, 110g"},"content":{"rendered":"<p><strong>By Wishtrend Green Tea &amp; Enzyme Powder Wash <\/strong>Entsyymijauhe ja vihre\u00e4 tee kuorivat kuolleita ihosoluja hell\u00e4varaisesti, poistavat talia ja kiinteytt\u00e4v\u00e4t ihoa.<\/p>\n<p>Tuote rauhoittaa, lievitt\u00e4\u00e4 \u00e4rsytyst\u00e4 ja auttaa torjumaan aknea. Entsyymit tunkeutuvat syv\u00e4lle ihoon, puhdistavat ihohuokosia ja poistavat likaa.<\/p>\n<p>Puuterilla on voimakas antioksidanttinen vaikutus, se raikastaa ja kiinteytt\u00e4\u00e4. Se puhdistaa ihon hell\u00e4varaisesti mutta tehokkaasti kaikenlaisesta liasta ja rasvasta.<\/p>\n<p>Ei kuivata ihoa eik\u00e4 aiheuta kirvelev\u00e4\u00e4 tunnetta. Auttaa pit\u00e4m\u00e4\u00e4n ihon kosteutettuna my\u00f6s pesun j\u00e4lkeen. Pehment\u00e4\u00e4 karheaa ihoa ja tasoittaa sen rakennetta. Tarjoaa rauhoittavan vihre\u00e4n teen tuoksun.<\/p>\n<p><strong>Ei sis\u00e4ll\u00e4<\/strong> etanolia, silikoneja, steroideja, keinotekoisia hajusteita tai v\u00e4riaineita tai el\u00e4inper\u00e4isi\u00e4 ainesosia.<\/p>\n<p><strong>T\u00e4rkeimm\u00e4t vaikuttavat aineet:<\/strong><\/p>\n<ul>\n<li><strong>Vihre\u00e4n teen jauhe<\/strong> rauhoittaa \u00e4rsytyst\u00e4, on antibakteerinen, kiinteytt\u00e4\u00e4 ja parantaa ihonv\u00e4ri\u00e4.<\/li>\n<li><strong>Papaiini<\/strong> \u2013 luonnollinen kasvientsyymi, joka on per\u00e4isin papaijamehusta. Hell\u00e4varainen kuorinta-aine, joka puhdistaa ihohuokoset ja tasoittaa ihon s\u00e4vy\u00e4.<\/li>\n<li><strong>Sooda<\/strong> \u2013 vahva antiseptinen aine, puhdistaa tehokkaasti ja pehment\u00e4\u00e4 ihoa. Sopii kaikille ihotyypeille.<\/li>\n<li><strong>Maissit\u00e4rkkelys<\/strong> imee ylim\u00e4\u00e4r\u00e4ist\u00e4 talia ja kiinteytt\u00e4\u00e4 ihoa.<\/li>\n<li><strong>Hyaluronihappo<\/strong> tarjoaa pitk\u00e4kestoista nesteytyst\u00e4, suojaa kuivumiselta ja edist\u00e4\u00e4 solujen uusiutumista.<\/li>\n<\/ul>\n<p>&nbsp;<\/p>\n<p>Sopii kaikille ihotyypeille.<\/p>\n<p><strong>K\u00e4ytt\u00f6:<\/strong> Sekoita pieni m\u00e4\u00e4r\u00e4 jauhetta veden kanssa k\u00e4siss\u00e4si, kunnes muodostuu vaahtoa. Hiero kasvoille ja huuhtele huolellisesti haalealla vedell\u00e4.<\/p>","protected":false},"excerpt":{"rendered":"<p>Wishtrend Green Tea &amp; Enzyme Powder -pesujauhe, jossa on vihre\u00e4\u00e4 teet\u00e4, kuorii hell\u00e4varaisesti kuolleita ihosoluja, poistaa talia ja kiinteytt\u00e4\u00e4 ihoa. Tuote rauhoittaa, lievitt\u00e4\u00e4 \u00e4rsytyst\u00e4 ja auttaa torjumaan aknea. Entsyymit tunkeutuvat syv\u00e4lle ihoon, puhdistavat ihohuokoset ja poistavat likaa. Puuterilla on voimakas antioksidanttinen vaikutus, se raikastaa ja kiinteytt\u00e4\u00e4. Puhdistaa ihon hell\u00e4varaisesti mutta tehokkaasti kaikenlaisesta liasta\u2026<\/p>","protected":false},"featured_media":15436,"comment_status":"open","ping_status":"closed","template":"","meta":{"_uf_show_specific_survey":0,"_uf_disable_surveys":false,"_bst_post_transparent":"default","_bst_post_title":"","_bst_post_layout":"default","_bst_post_sidebar_id":"","_bst_post_content_style":"default","_bst_post_vertical_padding":"default","_bst_post_feature":"","_bst_post_feature_position":"","_bst_post_header":false,"_bst_post_footer":false},"pwb-brand":[968],"product_brand":[],"product_cat":[92,451,100],"product_tag":[598,970,599,969],"class_list":{"0":"post-15435","1":"product","2":"type-product","3":"status-publish","4":"has-post-thumbnail","6":"pwb-brand-by-wishtrend","7":"product_cat-nagu","8":"product_cat-naokoorijad","9":"product_cat-puhastusvahendid","10":"product_tag-enzyme","11":"product_tag-green-tea","12":"product_tag-powder","13":"product_tag-wash","15":"first","16":"instock","17":"sale","18":"shipping-taxable","19":"purchasable","20":"product-type-simple","21":"entry","22":"content-bg","23":"loop-entry"},"supplier_id":null,"supplier_sku":"","barcode":null,"atum_controlled":true,"out_stock_date":null,"out_stock_threshold":null,"inheritable":false,"inbound_stock":0,"stock_on_hold":0,"sold_today":0,"sales_last_days":5,"out_stock_days":0,"lost_sales":0,"has_location":false,"update_date":"2026-04-14T12:36:49","atum_locations":[],"atum_stock_status":"instock","restock_status":false,"low_stock_amount":"","sales_update_date":"2026-04-14T12:36:49","calc_backorders":null,"yoast_head":"<!-- This site is optimized with the Yoast SEO plugin v27.2 - https:\/\/yoast.com\/product\/yoast-seo-wordpress\/ -->\n<title>By Wishtrend Green Tea &amp; Enzyme Powder Wash, 110g - IDA.KOREA<\/title>\n<meta name=\"description\" content=\"\u00d5rn ens\u00fc\u00fcmipulber rohelise teega By Wishtrend puhastab s\u00fcgavuti, eemaldab surnud naharakud, rahustab \u00e4rritusi ja aitab akne vastu. Sobib tundlikule nahale.\" \/>\n<meta name=\"robots\" content=\"index, follow, max-snippet:-1, max-image-preview:large, max-video-preview:-1\" \/>\n<link rel=\"canonical\" href=\"https:\/\/idakorea.ee\/fi\/product\/by-wishtrend-green-tea-enzyme-powder-wash-110g\/\" \/>\n<meta property=\"og:locale\" content=\"fi_FI\" \/>\n<meta property=\"og:type\" content=\"article\" \/>\n<meta property=\"og:title\" content=\"By Wishtrend Green Tea &amp; Enzyme Powder Wash, 110g - IDA.KOREA\" \/>\n<meta property=\"og:description\" content=\"\u00d5rn ens\u00fc\u00fcmipulber rohelise teega By Wishtrend puhastab s\u00fcgavuti, eemaldab surnud naharakud, rahustab \u00e4rritusi ja aitab akne vastu. Sobib tundlikule nahale.\" \/>\n<meta property=\"og:url\" content=\"https:\/\/idakorea.ee\/fi\/product\/by-wishtrend-green-tea-enzyme-powder-wash-110g\/\" \/>\n<meta property=\"og:site_name\" content=\"IDA.KOREA\" \/>\n<meta property=\"article:modified_time\" content=\"2026-04-13T22:24:07+00:00\" \/>\n<meta property=\"og:image\" content=\"https:\/\/idakorea.ee\/wp-content\/uploads\/2025\/08\/by-wishtrend-green-tea-_-enzyme-powder-wash_idakorea.jpg\" \/>\n\t<meta property=\"og:image:width\" content=\"1000\" \/>\n\t<meta property=\"og:image:height\" content=\"1000\" \/>\n\t<meta property=\"og:image:type\" content=\"image\/jpeg\" \/>\n<meta name=\"twitter:card\" content=\"summary_large_image\" \/>\n<meta name=\"twitter:label1\" content=\"Arvioitu lukuaika\" \/>\n\t<meta name=\"twitter:data1\" content=\"2 minuuttia\" \/>\n<script type=\"application\/ld+json\" class=\"yoast-schema-graph\">{\"@context\":\"https:\/\/schema.org\",\"@graph\":[{\"@type\":\"WebPage\",\"@id\":\"https:\/\/idakorea.ee\/product\/by-wishtrend-green-tea-enzyme-powder-wash-110g\/\",\"url\":\"https:\/\/idakorea.ee\/product\/by-wishtrend-green-tea-enzyme-powder-wash-110g\/\",\"name\":\"By Wishtrend Green Tea & Enzyme Powder Wash, 110g - IDA.KOREA\",\"isPartOf\":{\"@id\":\"https:\/\/idakorea.ee\/#website\"},\"primaryImageOfPage\":{\"@id\":\"https:\/\/idakorea.ee\/product\/by-wishtrend-green-tea-enzyme-powder-wash-110g\/#primaryimage\"},\"image\":{\"@id\":\"https:\/\/idakorea.ee\/product\/by-wishtrend-green-tea-enzyme-powder-wash-110g\/#primaryimage\"},\"thumbnailUrl\":\"https:\/\/idakorea.ee\/wp-content\/uploads\/2025\/08\/by-wishtrend-green-tea-_-enzyme-powder-wash_idakorea.jpg\",\"datePublished\":\"2025-08-04T08:00:33+00:00\",\"dateModified\":\"2026-04-13T22:24:07+00:00\",\"description\":\"\u00d5rn ens\u00fc\u00fcmipulber rohelise teega By Wishtrend puhastab s\u00fcgavuti, eemaldab surnud naharakud, rahustab \u00e4rritusi ja aitab akne vastu. Sobib tundlikule nahale.\",\"breadcrumb\":{\"@id\":\"https:\/\/idakorea.ee\/product\/by-wishtrend-green-tea-enzyme-powder-wash-110g\/#breadcrumb\"},\"inLanguage\":\"fi\",\"potentialAction\":[{\"@type\":\"ReadAction\",\"target\":[\"https:\/\/idakorea.ee\/product\/by-wishtrend-green-tea-enzyme-powder-wash-110g\/\"]}]},{\"@type\":\"ImageObject\",\"inLanguage\":\"fi\",\"@id\":\"https:\/\/idakorea.ee\/product\/by-wishtrend-green-tea-enzyme-powder-wash-110g\/#primaryimage\",\"url\":\"https:\/\/idakorea.ee\/wp-content\/uploads\/2025\/08\/by-wishtrend-green-tea-_-enzyme-powder-wash_idakorea.jpg\",\"contentUrl\":\"https:\/\/idakorea.ee\/wp-content\/uploads\/2025\/08\/by-wishtrend-green-tea-_-enzyme-powder-wash_idakorea.jpg\",\"width\":1000,\"height\":1000},{\"@type\":\"BreadcrumbList\",\"@id\":\"https:\/\/idakorea.ee\/product\/by-wishtrend-green-tea-enzyme-powder-wash-110g\/#breadcrumb\",\"itemListElement\":[{\"@type\":\"ListItem\",\"position\":1,\"name\":\"\u0413\u043b\u0430\u0432\u043d\u0430\u044f \u0441\u0442\u0440\u0430\u043d\u0438\u0446\u0430\",\"item\":\"https:\/\/idakorea.ee\/\"},{\"@type\":\"ListItem\",\"position\":2,\"name\":\"Shop\",\"item\":\"https:\/\/idakorea.ee\/shop-2\/\"},{\"@type\":\"ListItem\",\"position\":3,\"name\":\"Ens\u00fc\u00fcmipulber rohelise teega By Wishtrend Green Tea &#038; Enzyme Powder Wash, 110g\"}]},{\"@type\":\"WebSite\",\"@id\":\"https:\/\/idakorea.ee\/#website\",\"url\":\"https:\/\/idakorea.ee\/\",\"name\":\"IDA.KOREA\",\"description\":\"Korea kosmeetika e-pood\",\"publisher\":{\"@id\":\"https:\/\/idakorea.ee\/#organization\"},\"alternateName\":\"Beauty Shop\",\"potentialAction\":[{\"@type\":\"SearchAction\",\"target\":{\"@type\":\"EntryPoint\",\"urlTemplate\":\"https:\/\/idakorea.ee\/?s={search_term_string}\"},\"query-input\":{\"@type\":\"PropertyValueSpecification\",\"valueRequired\":true,\"valueName\":\"search_term_string\"}}],\"inLanguage\":\"fi\"},{\"@type\":\"Organization\",\"@id\":\"https:\/\/idakorea.ee\/#organization\",\"name\":\"IDA.KOREA\",\"url\":\"https:\/\/idakorea.ee\/\",\"logo\":{\"@type\":\"ImageObject\",\"inLanguage\":\"fi\",\"@id\":\"https:\/\/idakorea.ee\/#\/schema\/logo\/image\/\",\"url\":\"https:\/\/idakorea.ee\/wp-content\/uploads\/2024\/05\/cropped-korea3.png\",\"contentUrl\":\"https:\/\/idakorea.ee\/wp-content\/uploads\/2024\/05\/cropped-korea3.png\",\"width\":688,\"height\":126,\"caption\":\"IDA.KOREA\"},\"image\":{\"@id\":\"https:\/\/idakorea.ee\/#\/schema\/logo\/image\/\"},\"sameAs\":[\"https:\/\/www.instagram.com\/ida.korea\/\"]}]}<\/script>\n<!-- \/ Yoast SEO plugin. -->","yoast_head_json":{"title":"Wishtrendin vihre\u00e4 tee ja entsyymijauhepesu, 110g - IDA.KOREA","description":"Wishtrendin hell\u00e4varainen entsyymijauhe vihre\u00e4ll\u00e4 teell\u00e4 puhdistaa syv\u00e4lt\u00e4, poistaa kuolleita ihosoluja, rauhoittaa \u00e4rsytyst\u00e4 ja auttaa akneen. Sopii herk\u00e4lle iholle.","robots":{"index":"index","follow":"follow","max-snippet":"max-snippet:-1","max-image-preview":"max-image-preview:large","max-video-preview":"max-video-preview:-1"},"canonical":"https:\/\/idakorea.ee\/fi\/product\/by-wishtrend-green-tea-enzyme-powder-wash-110g\/","og_locale":"fi_FI","og_type":"article","og_title":"By Wishtrend Green Tea & Enzyme Powder Wash, 110g - IDA.KOREA","og_description":"\u00d5rn ens\u00fc\u00fcmipulber rohelise teega By Wishtrend puhastab s\u00fcgavuti, eemaldab surnud naharakud, rahustab \u00e4rritusi ja aitab akne vastu. Sobib tundlikule nahale.","og_url":"https:\/\/idakorea.ee\/fi\/product\/by-wishtrend-green-tea-enzyme-powder-wash-110g\/","og_site_name":"IDA.KOREA","article_modified_time":"2026-04-13T22:24:07+00:00","og_image":[{"width":1000,"height":1000,"url":"https:\/\/idakorea.ee\/wp-content\/uploads\/2025\/08\/by-wishtrend-green-tea-_-enzyme-powder-wash_idakorea.jpg","type":"image\/jpeg"}],"twitter_card":"summary_large_image","twitter_misc":{"Arvioitu lukuaika":"2 minuuttia"},"schema":{"@context":"https:\/\/schema.org","@graph":[{"@type":"WebPage","@id":"https:\/\/idakorea.ee\/product\/by-wishtrend-green-tea-enzyme-powder-wash-110g\/","url":"https:\/\/idakorea.ee\/product\/by-wishtrend-green-tea-enzyme-powder-wash-110g\/","name":"Wishtrendin vihre\u00e4 tee ja entsyymijauhepesu, 110g - IDA.KOREA","isPartOf":{"@id":"https:\/\/idakorea.ee\/#website"},"primaryImageOfPage":{"@id":"https:\/\/idakorea.ee\/product\/by-wishtrend-green-tea-enzyme-powder-wash-110g\/#primaryimage"},"image":{"@id":"https:\/\/idakorea.ee\/product\/by-wishtrend-green-tea-enzyme-powder-wash-110g\/#primaryimage"},"thumbnailUrl":"https:\/\/idakorea.ee\/wp-content\/uploads\/2025\/08\/by-wishtrend-green-tea-_-enzyme-powder-wash_idakorea.jpg","datePublished":"2025-08-04T08:00:33+00:00","dateModified":"2026-04-13T22:24:07+00:00","description":"Wishtrendin hell\u00e4varainen entsyymijauhe vihre\u00e4ll\u00e4 teell\u00e4 puhdistaa syv\u00e4lt\u00e4, poistaa kuolleita ihosoluja, rauhoittaa \u00e4rsytyst\u00e4 ja auttaa akneen. Sopii herk\u00e4lle iholle.","breadcrumb":{"@id":"https:\/\/idakorea.ee\/product\/by-wishtrend-green-tea-enzyme-powder-wash-110g\/#breadcrumb"},"inLanguage":"fi","potentialAction":[{"@type":"ReadAction","target":["https:\/\/idakorea.ee\/product\/by-wishtrend-green-tea-enzyme-powder-wash-110g\/"]}]},{"@type":"ImageObject","inLanguage":"fi","@id":"https:\/\/idakorea.ee\/product\/by-wishtrend-green-tea-enzyme-powder-wash-110g\/#primaryimage","url":"https:\/\/idakorea.ee\/wp-content\/uploads\/2025\/08\/by-wishtrend-green-tea-_-enzyme-powder-wash_idakorea.jpg","contentUrl":"https:\/\/idakorea.ee\/wp-content\/uploads\/2025\/08\/by-wishtrend-green-tea-_-enzyme-powder-wash_idakorea.jpg","width":1000,"height":1000},{"@type":"BreadcrumbList","@id":"https:\/\/idakorea.ee\/product\/by-wishtrend-green-tea-enzyme-powder-wash-110g\/#breadcrumb","itemListElement":[{"@type":"ListItem","position":1,"name":"\u0413\u043b\u0430\u0432\u043d\u0430\u044f \u0441\u0442\u0440\u0430\u043d\u0438\u0446\u0430","item":"https:\/\/idakorea.ee\/"},{"@type":"ListItem","position":2,"name":"Shop","item":"https:\/\/idakorea.ee\/shop-2\/"},{"@type":"ListItem","position":3,"name":"Ens\u00fc\u00fcmipulber rohelise teega By Wishtrend Green Tea &#038; Enzyme Powder Wash, 110g"}]},{"@type":"WebSite","@id":"https:\/\/idakorea.ee\/#website","url":"https:\/\/idakorea.ee\/","name":"IDA.KOREA","description":"Korean kosmetiikan verkkokauppa","publisher":{"@id":"https:\/\/idakorea.ee\/#organization"},"alternateName":"Beauty Shop","potentialAction":[{"@type":"SearchAction","target":{"@type":"EntryPoint","urlTemplate":"https:\/\/idakorea.ee\/?s={search_term_string}"},"query-input":{"@type":"PropertyValueSpecification","valueRequired":true,"valueName":"search_term_string"}}],"inLanguage":"fi"},{"@type":"Organization","@id":"https:\/\/idakorea.ee\/#organization","name":"IDA.KOREA","url":"https:\/\/idakorea.ee\/","logo":{"@type":"ImageObject","inLanguage":"fi","@id":"https:\/\/idakorea.ee\/#\/schema\/logo\/image\/","url":"https:\/\/idakorea.ee\/wp-content\/uploads\/2024\/05\/cropped-korea3.png","contentUrl":"https:\/\/idakorea.ee\/wp-content\/uploads\/2024\/05\/cropped-korea3.png","width":688,"height":126,"caption":"IDA.KOREA"},"image":{"@id":"https:\/\/idakorea.ee\/#\/schema\/logo\/image\/"},"sameAs":["https:\/\/www.instagram.com\/ida.korea\/"]}]}},"jetpack_sharing_enabled":true,"brands":[{"id":968,"name":"BY WISHTREND","slug":"by-wishtrend"}],"_links":{"self":[{"href":"https:\/\/idakorea.ee\/fi\/wp-json\/wp\/v2\/product\/15435","targetHints":{"allow":["GET"]}}],"collection":[{"href":"https:\/\/idakorea.ee\/fi\/wp-json\/wp\/v2\/product"}],"about":[{"href":"https:\/\/idakorea.ee\/fi\/wp-json\/wp\/v2\/types\/product"}],"replies":[{"embeddable":true,"href":"https:\/\/idakorea.ee\/fi\/wp-json\/wp\/v2\/comments?post=15435"}],"version-history":[{"count":2,"href":"https:\/\/idakorea.ee\/fi\/wp-json\/wp\/v2\/product\/15435\/revisions"}],"predecessor-version":[{"id":15441,"href":"https:\/\/idakorea.ee\/fi\/wp-json\/wp\/v2\/product\/15435\/revisions\/15441"}],"wp:featuredmedia":[{"embeddable":true,"href":"https:\/\/idakorea.ee\/fi\/wp-json\/wp\/v2\/media\/15436"}],"wp:attachment":[{"href":"https:\/\/idakorea.ee\/fi\/wp-json\/wp\/v2\/media?parent=15435"}],"wp:term":[{"taxonomy":"pwb-brand","embeddable":true,"href":"https:\/\/idakorea.ee\/fi\/wp-json\/wp\/v2\/pwb-brand?post=15435"},{"taxonomy":"product_brand","embeddable":true,"href":"https:\/\/idakorea.ee\/fi\/wp-json\/wp\/v2\/product_brand?post=15435"},{"taxonomy":"product_cat","embeddable":true,"href":"https:\/\/idakorea.ee\/fi\/wp-json\/wp\/v2\/product_cat?post=15435"},{"taxonomy":"product_tag","embeddable":true,"href":"https:\/\/idakorea.ee\/fi\/wp-json\/wp\/v2\/product_tag?post=15435"}],"curies":[{"name":"wp","href":"https:\/\/api.w.org\/{rel}","templated":true}]}}