{"id":15458,"date":"2025-08-08T11:02:05","date_gmt":"2025-08-08T08:02:05","guid":{"rendered":"https:\/\/idakorea.ee\/?post_type=product&#038;p=15458"},"modified":"2026-02-01T23:48:50","modified_gmt":"2026-02-01T21:48:50","slug":"wellderma-face-body-ceramic-gua-sha","status":"publish","type":"product","link":"https:\/\/idakorea.ee\/fi\/product\/wellderma-face-body-ceramic-gua-sha\/","title":{"rendered":"Wellderma Face &amp; Body Ceramic Gua Sha"},"content":{"rendered":"<p data-start=\"45\" data-end=\"212\">Wellderman keraaminen gua sha on suunniteltu kasvojen ja vartalon hierontaan, ja se auttaa parantamaan verenkiertoa, v\u00e4hent\u00e4m\u00e4\u00e4n lihasj\u00e4nnityst\u00e4 ja antamaan iholle terveemm\u00e4n ja nuorekkaamman ulkon\u00e4\u00f6n.<\/p>\n<p data-start=\"214\" data-end=\"228\"><strong data-start=\"214\" data-end=\"226\">Edut:<\/strong><\/p>\n<ul data-start=\"229\" data-end=\"545\">\n<li data-start=\"229\" data-end=\"309\">\n<p data-start=\"231\" data-end=\"309\">Stimuloi mikroverenkiertoa, parantaa ihon aineenvaihduntaa ja kimmoisuutta.<\/p>\n<\/li>\n<li data-start=\"310\" data-end=\"362\">\n<p data-start=\"312\" data-end=\"362\">V\u00e4hent\u00e4\u00e4 turvotusta ja auttaa muotoilemaan kasvojen muotoja.<\/p>\n<\/li>\n<li data-start=\"363\" data-end=\"426\">\n<p data-start=\"365\" data-end=\"426\">Rentouttaa j\u00e4nnittyneit\u00e4 lihaksia, lievitt\u00e4\u00e4 stressi\u00e4 ja v\u00e4symyst\u00e4.<\/p>\n<\/li>\n<li data-start=\"427\" data-end=\"468\">\n<p data-start=\"429\" data-end=\"468\">Sopii sek\u00e4 kasvo- ett\u00e4 vartalohierontaan.<\/p>\n<\/li>\n<li data-start=\"469\" data-end=\"545\">\n<p data-start=\"471\" data-end=\"545\">Keraaminen materiaali on hell\u00e4varainen iholle, hygieeninen ja helppo puhdistaa.<\/p>\n<\/li>\n<\/ul>\n<p data-start=\"547\" data-end=\"733\"><strong data-start=\"547\" data-end=\"562\">K\u00e4ytt\u00f6:<\/strong><br data-start=\"562\" data-end=\"565\" \/>Levit\u00e4 seerumia, \u00f6ljy\u00e4 tai voidetta iholle varmistaaksesi liukumisen. Hiero gua sha -voiteella hell\u00e4varaisesti alhaalta yl\u00f6sp\u00e4in ja keskelt\u00e4 sivuille seuraten kasvojen ja vartalon luonnollisia muotoja.<\/p>\n<p data-start=\"735\" data-end=\"817\"><strong data-start=\"735\" data-end=\"748\">Materiaali:<\/strong> korkealaatuista keramiikkaa<br data-start=\"778\" data-end=\"781\" \/><strong data-start=\"781\" data-end=\"791\">Sopii:<\/strong> kaikille ihotyypeille<\/p>","protected":false},"excerpt":{"rendered":"<p>Wellderman keraaminen gua sha on suunniteltu kasvojen ja vartalon hierontaan. Se auttaa parantamaan verenkiertoa, v\u00e4hent\u00e4m\u00e4\u00e4n lihasj\u00e4nnityst\u00e4 ja antamaan iholle terveemm\u00e4n ja nuorekkaamman ulkon\u00e4\u00f6n. Hy\u00f6dyt: Stimuloi mikroverenkiertoa, parantaa ihon aineenvaihduntaa ja kimmoisuutta. V\u00e4hent\u00e4\u00e4 turvotusta ja auttaa muotoilemaan kasvojen muotoja. Rentouttaa j\u00e4nnittyneit\u00e4 lihaksia, lievitt\u00e4\u00e4 stressi\u00e4 ja v\u00e4symyst\u00e4. Sopii sek\u00e4 kasvojen ett\u00e4 vartalon hierontaan. Keraaminen materiaali on hell\u00e4varainen iholle,\u2026<\/p>","protected":false},"featured_media":15459,"comment_status":"open","ping_status":"closed","template":"","meta":{"_uf_show_specific_survey":0,"_uf_disable_surveys":false,"_bst_post_transparent":"default","_bst_post_title":"","_bst_post_layout":"default","_bst_post_sidebar_id":"","_bst_post_content_style":"default","_bst_post_vertical_padding":"default","_bst_post_feature":"","_bst_post_feature_position":"","_bst_post_header":false,"_bst_post_footer":false},"pwb-brand":[575],"product_brand":[],"product_cat":[463],"product_tag":[],"class_list":{"0":"post-15458","1":"product","2":"type-product","3":"status-publish","4":"has-post-thumbnail","6":"pwb-brand-wellderma","7":"product_cat-tarvikud","9":"first","10":"instock","11":"sale","12":"shipping-taxable","13":"purchasable","14":"product-type-simple","15":"entry","16":"content-bg","17":"loop-entry"},"supplier_id":null,"supplier_sku":"","barcode":null,"atum_controlled":true,"out_stock_date":null,"out_stock_threshold":null,"inheritable":false,"inbound_stock":0,"stock_on_hold":0,"sold_today":0,"sales_last_days":0,"out_stock_days":0,"lost_sales":0,"has_location":false,"update_date":"2026-04-14T00:05:05","atum_locations":[],"atum_stock_status":"instock","restock_status":false,"low_stock_amount":"","sales_update_date":"2026-04-14T00:05:05","calc_backorders":null,"yoast_head":"<!-- This site is optimized with the Yoast SEO plugin v27.2 - https:\/\/yoast.com\/product\/yoast-seo-wordpress\/ -->\n<title>Wellderma Face &amp; Body Ceramic Gua Sha - IDA.KOREA<\/title>\n<meta name=\"description\" content=\"Wellderma keraamiline gua sha on professionaalne massaa\u017eit\u00f6\u00f6riist, mis aitab parandada naha toonust, v\u00e4hendada turseid ja l\u00f5\u00f5gastada lihaseid.\" \/>\n<meta name=\"robots\" content=\"index, follow, max-snippet:-1, max-image-preview:large, max-video-preview:-1\" \/>\n<link rel=\"canonical\" href=\"https:\/\/idakorea.ee\/fi\/product\/wellderma-face-body-ceramic-gua-sha\/\" \/>\n<meta property=\"og:locale\" content=\"fi_FI\" \/>\n<meta property=\"og:type\" content=\"article\" \/>\n<meta property=\"og:title\" content=\"Wellderma Face &amp; Body Ceramic Gua Sha - IDA.KOREA\" \/>\n<meta property=\"og:description\" content=\"Wellderma keraamiline gua sha on professionaalne massaa\u017eit\u00f6\u00f6riist, mis aitab parandada naha toonust, v\u00e4hendada turseid ja l\u00f5\u00f5gastada lihaseid.\" \/>\n<meta property=\"og:url\" content=\"https:\/\/idakorea.ee\/fi\/product\/wellderma-face-body-ceramic-gua-sha\/\" \/>\n<meta property=\"og:site_name\" content=\"IDA.KOREA\" \/>\n<meta property=\"article:modified_time\" content=\"2026-02-01T21:48:50+00:00\" \/>\n<meta property=\"og:image\" content=\"https:\/\/idakorea.ee\/wp-content\/uploads\/2025\/08\/wellderma-face-body-ceramic-gua-sha-idakorea.jpg\" \/>\n\t<meta property=\"og:image:width\" content=\"520\" \/>\n\t<meta property=\"og:image:height\" content=\"646\" \/>\n\t<meta property=\"og:image:type\" content=\"image\/jpeg\" \/>\n<meta name=\"twitter:card\" content=\"summary_large_image\" \/>\n<meta name=\"twitter:label1\" content=\"Arvioitu lukuaika\" \/>\n\t<meta name=\"twitter:data1\" content=\"1 minuutti\" \/>\n<script type=\"application\/ld+json\" class=\"yoast-schema-graph\">{\"@context\":\"https:\/\/schema.org\",\"@graph\":[{\"@type\":\"WebPage\",\"@id\":\"https:\/\/idakorea.ee\/product\/wellderma-face-body-ceramic-gua-sha\/\",\"url\":\"https:\/\/idakorea.ee\/product\/wellderma-face-body-ceramic-gua-sha\/\",\"name\":\"Wellderma Face & Body Ceramic Gua Sha - IDA.KOREA\",\"isPartOf\":{\"@id\":\"https:\/\/idakorea.ee\/#website\"},\"primaryImageOfPage\":{\"@id\":\"https:\/\/idakorea.ee\/product\/wellderma-face-body-ceramic-gua-sha\/#primaryimage\"},\"image\":{\"@id\":\"https:\/\/idakorea.ee\/product\/wellderma-face-body-ceramic-gua-sha\/#primaryimage\"},\"thumbnailUrl\":\"https:\/\/idakorea.ee\/wp-content\/uploads\/2025\/08\/wellderma-face-body-ceramic-gua-sha-idakorea.jpg\",\"datePublished\":\"2025-08-08T08:02:05+00:00\",\"dateModified\":\"2026-02-01T21:48:50+00:00\",\"description\":\"Wellderma keraamiline gua sha on professionaalne massaa\u017eit\u00f6\u00f6riist, mis aitab parandada naha toonust, v\u00e4hendada turseid ja l\u00f5\u00f5gastada lihaseid.\",\"breadcrumb\":{\"@id\":\"https:\/\/idakorea.ee\/product\/wellderma-face-body-ceramic-gua-sha\/#breadcrumb\"},\"inLanguage\":\"fi\",\"potentialAction\":[{\"@type\":\"ReadAction\",\"target\":[\"https:\/\/idakorea.ee\/product\/wellderma-face-body-ceramic-gua-sha\/\"]}]},{\"@type\":\"ImageObject\",\"inLanguage\":\"fi\",\"@id\":\"https:\/\/idakorea.ee\/product\/wellderma-face-body-ceramic-gua-sha\/#primaryimage\",\"url\":\"https:\/\/idakorea.ee\/wp-content\/uploads\/2025\/08\/wellderma-face-body-ceramic-gua-sha-idakorea.jpg\",\"contentUrl\":\"https:\/\/idakorea.ee\/wp-content\/uploads\/2025\/08\/wellderma-face-body-ceramic-gua-sha-idakorea.jpg\",\"width\":520,\"height\":646},{\"@type\":\"BreadcrumbList\",\"@id\":\"https:\/\/idakorea.ee\/product\/wellderma-face-body-ceramic-gua-sha\/#breadcrumb\",\"itemListElement\":[{\"@type\":\"ListItem\",\"position\":1,\"name\":\"\u0413\u043b\u0430\u0432\u043d\u0430\u044f \u0441\u0442\u0440\u0430\u043d\u0438\u0446\u0430\",\"item\":\"https:\/\/idakorea.ee\/\"},{\"@type\":\"ListItem\",\"position\":2,\"name\":\"Shop\",\"item\":\"https:\/\/idakorea.ee\/shop-2\/\"},{\"@type\":\"ListItem\",\"position\":3,\"name\":\"Wellderma Face &#038; Body Ceramic Gua Sha\"}]},{\"@type\":\"WebSite\",\"@id\":\"https:\/\/idakorea.ee\/#website\",\"url\":\"https:\/\/idakorea.ee\/\",\"name\":\"IDA.KOREA\",\"description\":\"Korea kosmeetika e-pood\",\"publisher\":{\"@id\":\"https:\/\/idakorea.ee\/#organization\"},\"alternateName\":\"Beauty Shop\",\"potentialAction\":[{\"@type\":\"SearchAction\",\"target\":{\"@type\":\"EntryPoint\",\"urlTemplate\":\"https:\/\/idakorea.ee\/?s={search_term_string}\"},\"query-input\":{\"@type\":\"PropertyValueSpecification\",\"valueRequired\":true,\"valueName\":\"search_term_string\"}}],\"inLanguage\":\"fi\"},{\"@type\":\"Organization\",\"@id\":\"https:\/\/idakorea.ee\/#organization\",\"name\":\"IDA.KOREA\",\"url\":\"https:\/\/idakorea.ee\/\",\"logo\":{\"@type\":\"ImageObject\",\"inLanguage\":\"fi\",\"@id\":\"https:\/\/idakorea.ee\/#\/schema\/logo\/image\/\",\"url\":\"https:\/\/idakorea.ee\/wp-content\/uploads\/2024\/05\/cropped-korea3.png\",\"contentUrl\":\"https:\/\/idakorea.ee\/wp-content\/uploads\/2024\/05\/cropped-korea3.png\",\"width\":688,\"height\":126,\"caption\":\"IDA.KOREA\"},\"image\":{\"@id\":\"https:\/\/idakorea.ee\/#\/schema\/logo\/image\/\"},\"sameAs\":[\"https:\/\/www.instagram.com\/ida.korea\/\"]}]}<\/script>\n<!-- \/ Yoast SEO plugin. -->","yoast_head_json":{"title":"Wellderma Face &amp; Body Ceramic Gua Sha - IDA.KOREA","description":"Wellderman keraaminen gua sha on ammattimainen hierontaty\u00f6kalu, joka auttaa parantamaan ihon s\u00e4vy\u00e4, v\u00e4hent\u00e4m\u00e4\u00e4n turvotusta ja rentouttamaan lihaksia.","robots":{"index":"index","follow":"follow","max-snippet":"max-snippet:-1","max-image-preview":"max-image-preview:large","max-video-preview":"max-video-preview:-1"},"canonical":"https:\/\/idakorea.ee\/fi\/product\/wellderma-face-body-ceramic-gua-sha\/","og_locale":"fi_FI","og_type":"article","og_title":"Wellderma Face & Body Ceramic Gua Sha - IDA.KOREA","og_description":"Wellderma keraamiline gua sha on professionaalne massaa\u017eit\u00f6\u00f6riist, mis aitab parandada naha toonust, v\u00e4hendada turseid ja l\u00f5\u00f5gastada lihaseid.","og_url":"https:\/\/idakorea.ee\/fi\/product\/wellderma-face-body-ceramic-gua-sha\/","og_site_name":"IDA.KOREA","article_modified_time":"2026-02-01T21:48:50+00:00","og_image":[{"width":520,"height":646,"url":"https:\/\/idakorea.ee\/wp-content\/uploads\/2025\/08\/wellderma-face-body-ceramic-gua-sha-idakorea.jpg","type":"image\/jpeg"}],"twitter_card":"summary_large_image","twitter_misc":{"Arvioitu lukuaika":"1 minuutti"},"schema":{"@context":"https:\/\/schema.org","@graph":[{"@type":"WebPage","@id":"https:\/\/idakorea.ee\/product\/wellderma-face-body-ceramic-gua-sha\/","url":"https:\/\/idakorea.ee\/product\/wellderma-face-body-ceramic-gua-sha\/","name":"Wellderma Face &amp; Body Ceramic Gua Sha - IDA.KOREA","isPartOf":{"@id":"https:\/\/idakorea.ee\/#website"},"primaryImageOfPage":{"@id":"https:\/\/idakorea.ee\/product\/wellderma-face-body-ceramic-gua-sha\/#primaryimage"},"image":{"@id":"https:\/\/idakorea.ee\/product\/wellderma-face-body-ceramic-gua-sha\/#primaryimage"},"thumbnailUrl":"https:\/\/idakorea.ee\/wp-content\/uploads\/2025\/08\/wellderma-face-body-ceramic-gua-sha-idakorea.jpg","datePublished":"2025-08-08T08:02:05+00:00","dateModified":"2026-02-01T21:48:50+00:00","description":"Wellderman keraaminen gua sha on ammattimainen hierontaty\u00f6kalu, joka auttaa parantamaan ihon s\u00e4vy\u00e4, v\u00e4hent\u00e4m\u00e4\u00e4n turvotusta ja rentouttamaan lihaksia.","breadcrumb":{"@id":"https:\/\/idakorea.ee\/product\/wellderma-face-body-ceramic-gua-sha\/#breadcrumb"},"inLanguage":"fi","potentialAction":[{"@type":"ReadAction","target":["https:\/\/idakorea.ee\/product\/wellderma-face-body-ceramic-gua-sha\/"]}]},{"@type":"ImageObject","inLanguage":"fi","@id":"https:\/\/idakorea.ee\/product\/wellderma-face-body-ceramic-gua-sha\/#primaryimage","url":"https:\/\/idakorea.ee\/wp-content\/uploads\/2025\/08\/wellderma-face-body-ceramic-gua-sha-idakorea.jpg","contentUrl":"https:\/\/idakorea.ee\/wp-content\/uploads\/2025\/08\/wellderma-face-body-ceramic-gua-sha-idakorea.jpg","width":520,"height":646},{"@type":"BreadcrumbList","@id":"https:\/\/idakorea.ee\/product\/wellderma-face-body-ceramic-gua-sha\/#breadcrumb","itemListElement":[{"@type":"ListItem","position":1,"name":"\u0413\u043b\u0430\u0432\u043d\u0430\u044f \u0441\u0442\u0440\u0430\u043d\u0438\u0446\u0430","item":"https:\/\/idakorea.ee\/"},{"@type":"ListItem","position":2,"name":"Shop","item":"https:\/\/idakorea.ee\/shop-2\/"},{"@type":"ListItem","position":3,"name":"Wellderma Face &#038; Body Ceramic Gua Sha"}]},{"@type":"WebSite","@id":"https:\/\/idakorea.ee\/#website","url":"https:\/\/idakorea.ee\/","name":"IDA.KOREA","description":"Korean kosmetiikan verkkokauppa","publisher":{"@id":"https:\/\/idakorea.ee\/#organization"},"alternateName":"Beauty Shop","potentialAction":[{"@type":"SearchAction","target":{"@type":"EntryPoint","urlTemplate":"https:\/\/idakorea.ee\/?s={search_term_string}"},"query-input":{"@type":"PropertyValueSpecification","valueRequired":true,"valueName":"search_term_string"}}],"inLanguage":"fi"},{"@type":"Organization","@id":"https:\/\/idakorea.ee\/#organization","name":"IDA.KOREA","url":"https:\/\/idakorea.ee\/","logo":{"@type":"ImageObject","inLanguage":"fi","@id":"https:\/\/idakorea.ee\/#\/schema\/logo\/image\/","url":"https:\/\/idakorea.ee\/wp-content\/uploads\/2024\/05\/cropped-korea3.png","contentUrl":"https:\/\/idakorea.ee\/wp-content\/uploads\/2024\/05\/cropped-korea3.png","width":688,"height":126,"caption":"IDA.KOREA"},"image":{"@id":"https:\/\/idakorea.ee\/#\/schema\/logo\/image\/"},"sameAs":["https:\/\/www.instagram.com\/ida.korea\/"]}]}},"jetpack_sharing_enabled":true,"brands":[{"id":575,"name":"WELLDERMA","slug":"wellderma"}],"_links":{"self":[{"href":"https:\/\/idakorea.ee\/fi\/wp-json\/wp\/v2\/product\/15458","targetHints":{"allow":["GET"]}}],"collection":[{"href":"https:\/\/idakorea.ee\/fi\/wp-json\/wp\/v2\/product"}],"about":[{"href":"https:\/\/idakorea.ee\/fi\/wp-json\/wp\/v2\/types\/product"}],"replies":[{"embeddable":true,"href":"https:\/\/idakorea.ee\/fi\/wp-json\/wp\/v2\/comments?post=15458"}],"version-history":[{"count":1,"href":"https:\/\/idakorea.ee\/fi\/wp-json\/wp\/v2\/product\/15458\/revisions"}],"predecessor-version":[{"id":15462,"href":"https:\/\/idakorea.ee\/fi\/wp-json\/wp\/v2\/product\/15458\/revisions\/15462"}],"wp:featuredmedia":[{"embeddable":true,"href":"https:\/\/idakorea.ee\/fi\/wp-json\/wp\/v2\/media\/15459"}],"wp:attachment":[{"href":"https:\/\/idakorea.ee\/fi\/wp-json\/wp\/v2\/media?parent=15458"}],"wp:term":[{"taxonomy":"pwb-brand","embeddable":true,"href":"https:\/\/idakorea.ee\/fi\/wp-json\/wp\/v2\/pwb-brand?post=15458"},{"taxonomy":"product_brand","embeddable":true,"href":"https:\/\/idakorea.ee\/fi\/wp-json\/wp\/v2\/product_brand?post=15458"},{"taxonomy":"product_cat","embeddable":true,"href":"https:\/\/idakorea.ee\/fi\/wp-json\/wp\/v2\/product_cat?post=15458"},{"taxonomy":"product_tag","embeddable":true,"href":"https:\/\/idakorea.ee\/fi\/wp-json\/wp\/v2\/product_tag?post=15458"}],"curies":[{"name":"wp","href":"https:\/\/api.w.org\/{rel}","templated":true}]}}