{"id":15486,"date":"2025-08-11T10:36:21","date_gmt":"2025-08-11T07:36:21","guid":{"rendered":"https:\/\/idakorea.ee\/?post_type=product&#038;p=15486"},"modified":"2026-03-17T12:12:50","modified_gmt":"2026-03-17T10:12:50","slug":"jayjun-real-water-brightening-hydro-sleeping-pack-4ml","status":"publish","type":"product","link":"https:\/\/idakorea.ee\/fi\/product\/jayjun-real-water-brightening-hydro-sleeping-pack-4ml\/","title":{"rendered":"JAYJUN Real Water kirkastava hydro y\u00f6pakkaus, 4ml"},"content":{"rendered":"<p data-start=\"0\" data-end=\"285\">Y\u00f6naamio tasapainottavalla vaikutuksella <strong data-start=\"29\" data-end=\"82\">JAYJUN Real Water Brightening Hydro Sleeping Pack<\/strong> Kirkastaa ihoa hell\u00e4varaisesti, v\u00e4hent\u00e4\u00e4 sameutta ja punoitusta ja antaa kasvoille terveen ja lev\u00e4nneen ilmeen. Tuote ravitsee ihoa syv\u00e4lt\u00e4, t\u00e4ytt\u00e4\u00e4 solut kosteudella, silottaa ihon pintaa ja v\u00e4hent\u00e4\u00e4 ryppyjen syvyytt\u00e4.<\/p>\n<p data-start=\"287\" data-end=\"579\">Naamio poistaa tehokkaasti kuivuutta ja kireyden tunnetta, palauttaa ihon luonnollisen hydrolipiditasapainon, auttaa s\u00e4ilytt\u00e4m\u00e4\u00e4n kosteuden pitk\u00e4kestoisesti, ehk\u00e4isee kuivumista ja kosteuden menetyst\u00e4. Parantaa aineenvaihduntaa, s\u00e4\u00e4telee melaniinin tuotantoa, ehk\u00e4isee pigmenttil\u00e4iskien muodostumista ja kirkastaa aknen j\u00e4lkeist\u00e4 ihoa.<\/p>\n<p data-start=\"581\" data-end=\"683\">Kompakti, kertak\u00e4ytt\u00f6inen pakkaus (pussi) mahdollistaa maskin k\u00e4tev\u00e4n kuljettamisen ja hygieenisen k\u00e4yt\u00f6n.<\/p>\n<p data-start=\"685\" data-end=\"894\">Tuote tehostaa y\u00f6ll\u00e4 tapahtuvia uudistumisprosesseja. Naamiolla on kevyt ja kermainen koostumus. Se kyll\u00e4st\u00e4\u00e4 ihoa aktiivisesti hy\u00f6dyllisill\u00e4 aineilla, mik\u00e4 tekee siit\u00e4 kimmoisamman ja kiinte\u00e4mm\u00e4n sek\u00e4 antaa sille pehme\u00e4n mattahehkun.<\/p>\n<p data-start=\"896\" data-end=\"922\"><strong data-start=\"896\" data-end=\"920\">T\u00e4rkeimm\u00e4t vaikuttavat aineet:<\/strong><\/p>\n<ul data-start=\"923\" data-end=\"1855\">\n<li data-start=\"923\" data-end=\"1118\">\n<p data-start=\"925\" data-end=\"1118\"><strong data-start=\"925\" data-end=\"945\">Kasteluj\u00e4rjestelm\u00e4<\/strong> Tulivuoren, j\u00e4\u00e4tik\u00f6n ja hiilihapotetun veden sis\u00e4lt\u00e4m\u00e4 koostumus rikastuttaa ihoa mineraaleilla, vitamiineilla ja mikroelementeill\u00e4, kiinteytt\u00e4\u00e4, parantaa ihonv\u00e4ri\u00e4 ja lis\u00e4\u00e4 ihon paikallista vastustuskyky\u00e4.<\/p>\n<\/li>\n<li data-start=\"1119\" data-end=\"1375\">\n<p data-start=\"1121\" data-end=\"1375\"><strong data-start=\"1121\" data-end=\"1156\">8 erilaista hyaluronihappokompleksia<\/strong> Kosteuttaa ihoa kaikilla tasoilla, tunkeutuu epidermiksen syviin kerroksiin ja lis\u00e4\u00e4 solujen kyky\u00e4 sitoa kosteutta. Muodostaa suojaavan kerroksen, joka est\u00e4\u00e4 kosteuden haihtumista ja s\u00e4\u00e4telee vesi- ja lipiditasapainoa.<\/p>\n<\/li>\n<li data-start=\"1376\" data-end=\"1676\">\n<p data-start=\"1378\" data-end=\"1676\"><strong data-start=\"1378\" data-end=\"1401\">8 peptidikompleksi<\/strong> varmistaa jatkuvan solujen uusiutumisen ja uudistumisen, sill\u00e4 on syv\u00e4 ik\u00e4\u00e4ntymist\u00e4 ehk\u00e4isev\u00e4 vaikutus, v\u00e4hent\u00e4\u00e4 ryppyjen n\u00e4kyvyytt\u00e4 ja est\u00e4\u00e4 uusien muodostumista, stimuloi kollageenin ja elastiinin tuotantoa, silottaa ihoa ja tasoittaa sen ulkon\u00e4k\u00f6\u00e4. Parantaa ihonv\u00e4ri\u00e4, antaa iholle kimmoisuutta ja terveen hehkun.<\/p>\n<\/li>\n<li data-start=\"1677\" data-end=\"1855\">\n<p data-start=\"1679\" data-end=\"1855\"><strong data-start=\"1679\" data-end=\"1694\">Keramidit<\/strong> vahvistaa ihosoluja ja suojaa niit\u00e4 vaurioilta, s\u00e4ilytt\u00e4\u00e4 kosteutta ja edist\u00e4\u00e4 pitk\u00e4aikaista nesteytyst\u00e4 sek\u00e4 tukee optimaalista hydrolipiditasapainoa.<\/p>\n<\/li>\n<\/ul>\n<p data-start=\"1857\" data-end=\"1889\">Sopii kaikille ihotyypeille.<\/p>\n<p data-start=\"1891\" data-end=\"2059\" data-is-last-node=\"\" data-is-only-node=\"\"><strong data-start=\"1891\" data-end=\"1906\">K\u00e4ytt\u00f6:<\/strong> Levit\u00e4 naamio ihollesi ihonhoitorutiinisi viimeisen\u00e4 vaiheena v\u00e4ltt\u00e4en silm\u00e4nymp\u00e4rysihoa ja anna sen vaikuttaa y\u00f6n yli. Aamulla huuhtele l\u00e4mpim\u00e4ll\u00e4 vedell\u00e4 ja poista varovasti mahdolliset naamion j\u00e4\u00e4m\u00e4t.<\/p>","protected":false},"excerpt":{"rendered":"<p>Silottava JAYJUN Real Water Brightening Hydro Sleeping Pack -y\u00f6naamio kirkastaa ihoa hell\u00e4varaisesti, v\u00e4hent\u00e4\u00e4 sameutta ja punoitusta ja antaa kasvoille terveen ja lev\u00e4nneen ilmeen. Tuote ravitsee ihoa syv\u00e4lt\u00e4, t\u00e4ytt\u00e4\u00e4 solut kosteudella, tasoittaa ihon pintaa ja v\u00e4hent\u00e4\u00e4 ryppyjen syvyytt\u00e4. Naamio poistaa tehokkaasti kuivuutta ja kireyden tunnetta, palauttaa ihon luonnollisen hydrolipiditasapainon ja auttaa s\u00e4ilytt\u00e4m\u00e4\u00e4n kosteutta pitk\u00e4\u00e4n,\u2026<\/p>","protected":false},"featured_media":15487,"comment_status":"open","ping_status":"closed","template":"","meta":{"_uf_show_specific_survey":0,"_uf_disable_surveys":false,"_bst_post_transparent":"default","_bst_post_title":"","_bst_post_layout":"default","_bst_post_sidebar_id":"","_bst_post_content_style":"default","_bst_post_vertical_padding":"default","_bst_post_feature":"","_bst_post_feature_position":"","_bst_post_header":false,"_bst_post_footer":false},"pwb-brand":[460],"product_brand":[],"product_cat":[92,98],"product_tag":[614,971],"class_list":{"0":"post-15486","1":"product","2":"type-product","3":"status-publish","4":"has-post-thumbnail","6":"pwb-brand-jayjun","7":"product_cat-nagu","8":"product_cat-naomaskid","9":"product_tag-mask","10":"product_tag-sleep","12":"first","13":"instock","14":"sale","15":"shipping-taxable","16":"purchasable","17":"product-type-simple","18":"entry","19":"content-bg","20":"loop-entry"},"supplier_id":null,"supplier_sku":"","barcode":null,"atum_controlled":true,"out_stock_date":null,"out_stock_threshold":null,"inheritable":false,"inbound_stock":0,"stock_on_hold":0,"sold_today":0,"sales_last_days":4,"out_stock_days":0,"lost_sales":0,"has_location":false,"update_date":"2026-04-14T00:05:11","atum_locations":[],"atum_stock_status":"instock","restock_status":false,"low_stock_amount":"","sales_update_date":"2026-04-14T00:05:11","calc_backorders":null,"yoast_head":"<!-- This site is optimized with the Yoast SEO plugin v27.2 - https:\/\/yoast.com\/product\/yoast-seo-wordpress\/ -->\n<title>JAYJUN Real Water Brightening Hydro Sleeping Pack, 4ml - IDA.KOREA<\/title>\n<meta name=\"description\" content=\"\u00d6ine mask niisutab ja taastab naha \u00f6\u00f6 jooksul. Sisaldab 8 t\u00fc\u00fcpi h\u00fcaluroonhapet, 8 peptiidi ja tseramiide, mis siluvad kortse ja annavad tervisliku s\u00e4ra.\" \/>\n<meta name=\"robots\" content=\"index, follow, max-snippet:-1, max-image-preview:large, max-video-preview:-1\" \/>\n<link rel=\"canonical\" href=\"https:\/\/idakorea.ee\/fi\/product\/jayjun-real-water-brightening-hydro-sleeping-pack-4ml\/\" \/>\n<meta property=\"og:locale\" content=\"fi_FI\" \/>\n<meta property=\"og:type\" content=\"article\" \/>\n<meta property=\"og:title\" content=\"JAYJUN Real Water Brightening Hydro Sleeping Pack, 4ml - IDA.KOREA\" \/>\n<meta property=\"og:description\" content=\"\u00d6ine mask niisutab ja taastab naha \u00f6\u00f6 jooksul. Sisaldab 8 t\u00fc\u00fcpi h\u00fcaluroonhapet, 8 peptiidi ja tseramiide, mis siluvad kortse ja annavad tervisliku s\u00e4ra.\" \/>\n<meta property=\"og:url\" content=\"https:\/\/idakorea.ee\/fi\/product\/jayjun-real-water-brightening-hydro-sleeping-pack-4ml\/\" \/>\n<meta property=\"og:site_name\" content=\"IDA.KOREA\" \/>\n<meta property=\"article:modified_time\" content=\"2026-03-17T10:12:50+00:00\" \/>\n<meta property=\"og:image\" content=\"https:\/\/idakorea.ee\/wp-content\/uploads\/2025\/08\/jayjun-real-water-brightening-hydro-sleeping-pack-idakorea.jpg\" \/>\n\t<meta property=\"og:image:width\" content=\"1000\" \/>\n\t<meta property=\"og:image:height\" content=\"1000\" \/>\n\t<meta property=\"og:image:type\" content=\"image\/jpeg\" \/>\n<meta name=\"twitter:card\" content=\"summary_large_image\" \/>\n<meta name=\"twitter:label1\" content=\"Arvioitu lukuaika\" \/>\n\t<meta name=\"twitter:data1\" content=\"2 minuuttia\" \/>\n<script type=\"application\/ld+json\" class=\"yoast-schema-graph\">{\"@context\":\"https:\/\/schema.org\",\"@graph\":[{\"@type\":\"WebPage\",\"@id\":\"https:\/\/idakorea.ee\/product\/jayjun-real-water-brightening-hydro-sleeping-pack-4ml\/\",\"url\":\"https:\/\/idakorea.ee\/product\/jayjun-real-water-brightening-hydro-sleeping-pack-4ml\/\",\"name\":\"JAYJUN Real Water Brightening Hydro Sleeping Pack, 4ml - IDA.KOREA\",\"isPartOf\":{\"@id\":\"https:\/\/idakorea.ee\/#website\"},\"primaryImageOfPage\":{\"@id\":\"https:\/\/idakorea.ee\/product\/jayjun-real-water-brightening-hydro-sleeping-pack-4ml\/#primaryimage\"},\"image\":{\"@id\":\"https:\/\/idakorea.ee\/product\/jayjun-real-water-brightening-hydro-sleeping-pack-4ml\/#primaryimage\"},\"thumbnailUrl\":\"https:\/\/idakorea.ee\/wp-content\/uploads\/2025\/08\/jayjun-real-water-brightening-hydro-sleeping-pack-idakorea.jpg\",\"datePublished\":\"2025-08-11T07:36:21+00:00\",\"dateModified\":\"2026-03-17T10:12:50+00:00\",\"description\":\"\u00d6ine mask niisutab ja taastab naha \u00f6\u00f6 jooksul. Sisaldab 8 t\u00fc\u00fcpi h\u00fcaluroonhapet, 8 peptiidi ja tseramiide, mis siluvad kortse ja annavad tervisliku s\u00e4ra.\",\"breadcrumb\":{\"@id\":\"https:\/\/idakorea.ee\/product\/jayjun-real-water-brightening-hydro-sleeping-pack-4ml\/#breadcrumb\"},\"inLanguage\":\"fi\",\"potentialAction\":[{\"@type\":\"ReadAction\",\"target\":[\"https:\/\/idakorea.ee\/product\/jayjun-real-water-brightening-hydro-sleeping-pack-4ml\/\"]}]},{\"@type\":\"ImageObject\",\"inLanguage\":\"fi\",\"@id\":\"https:\/\/idakorea.ee\/product\/jayjun-real-water-brightening-hydro-sleeping-pack-4ml\/#primaryimage\",\"url\":\"https:\/\/idakorea.ee\/wp-content\/uploads\/2025\/08\/jayjun-real-water-brightening-hydro-sleeping-pack-idakorea.jpg\",\"contentUrl\":\"https:\/\/idakorea.ee\/wp-content\/uploads\/2025\/08\/jayjun-real-water-brightening-hydro-sleeping-pack-idakorea.jpg\",\"width\":1000,\"height\":1000},{\"@type\":\"BreadcrumbList\",\"@id\":\"https:\/\/idakorea.ee\/product\/jayjun-real-water-brightening-hydro-sleeping-pack-4ml\/#breadcrumb\",\"itemListElement\":[{\"@type\":\"ListItem\",\"position\":1,\"name\":\"\u0413\u043b\u0430\u0432\u043d\u0430\u044f \u0441\u0442\u0440\u0430\u043d\u0438\u0446\u0430\",\"item\":\"https:\/\/idakorea.ee\/\"},{\"@type\":\"ListItem\",\"position\":2,\"name\":\"Shop\",\"item\":\"https:\/\/idakorea.ee\/shop-2\/\"},{\"@type\":\"ListItem\",\"position\":3,\"name\":\"\u00d6ine \u00fchtlustava toimega mask JAYJUN Real Water Brightening Hydro Sleeping Pack, 4ml\"}]},{\"@type\":\"WebSite\",\"@id\":\"https:\/\/idakorea.ee\/#website\",\"url\":\"https:\/\/idakorea.ee\/\",\"name\":\"IDA.KOREA\",\"description\":\"Korea kosmeetika e-pood\",\"publisher\":{\"@id\":\"https:\/\/idakorea.ee\/#organization\"},\"alternateName\":\"Beauty Shop\",\"potentialAction\":[{\"@type\":\"SearchAction\",\"target\":{\"@type\":\"EntryPoint\",\"urlTemplate\":\"https:\/\/idakorea.ee\/?s={search_term_string}\"},\"query-input\":{\"@type\":\"PropertyValueSpecification\",\"valueRequired\":true,\"valueName\":\"search_term_string\"}}],\"inLanguage\":\"fi\"},{\"@type\":\"Organization\",\"@id\":\"https:\/\/idakorea.ee\/#organization\",\"name\":\"IDA.KOREA\",\"url\":\"https:\/\/idakorea.ee\/\",\"logo\":{\"@type\":\"ImageObject\",\"inLanguage\":\"fi\",\"@id\":\"https:\/\/idakorea.ee\/#\/schema\/logo\/image\/\",\"url\":\"https:\/\/idakorea.ee\/wp-content\/uploads\/2024\/05\/cropped-korea3.png\",\"contentUrl\":\"https:\/\/idakorea.ee\/wp-content\/uploads\/2024\/05\/cropped-korea3.png\",\"width\":688,\"height\":126,\"caption\":\"IDA.KOREA\"},\"image\":{\"@id\":\"https:\/\/idakorea.ee\/#\/schema\/logo\/image\/\"},\"sameAs\":[\"https:\/\/www.instagram.com\/ida.korea\/\"]}]}<\/script>\n<!-- \/ Yoast SEO plugin. -->","yoast_head_json":{"title":"JAYJUN Real Water kirkastava y\u00f6pakkaus, 4ml - IDA.KOREA","description":"Y\u00f6naamio kosteuttaa ja palauttaa ihoa y\u00f6n aikana. Sis\u00e4lt\u00e4\u00e4 8 erilaista hyaluronihappoa, 8 peptidi\u00e4 ja keramidia, jotka silottavat ryppyj\u00e4 ja antavat iholle terveen hehkun.","robots":{"index":"index","follow":"follow","max-snippet":"max-snippet:-1","max-image-preview":"max-image-preview:large","max-video-preview":"max-video-preview:-1"},"canonical":"https:\/\/idakorea.ee\/fi\/product\/jayjun-real-water-brightening-hydro-sleeping-pack-4ml\/","og_locale":"fi_FI","og_type":"article","og_title":"JAYJUN Real Water Brightening Hydro Sleeping Pack, 4ml - IDA.KOREA","og_description":"\u00d6ine mask niisutab ja taastab naha \u00f6\u00f6 jooksul. Sisaldab 8 t\u00fc\u00fcpi h\u00fcaluroonhapet, 8 peptiidi ja tseramiide, mis siluvad kortse ja annavad tervisliku s\u00e4ra.","og_url":"https:\/\/idakorea.ee\/fi\/product\/jayjun-real-water-brightening-hydro-sleeping-pack-4ml\/","og_site_name":"IDA.KOREA","article_modified_time":"2026-03-17T10:12:50+00:00","og_image":[{"width":1000,"height":1000,"url":"https:\/\/idakorea.ee\/wp-content\/uploads\/2025\/08\/jayjun-real-water-brightening-hydro-sleeping-pack-idakorea.jpg","type":"image\/jpeg"}],"twitter_card":"summary_large_image","twitter_misc":{"Arvioitu lukuaika":"2 minuuttia"},"schema":{"@context":"https:\/\/schema.org","@graph":[{"@type":"WebPage","@id":"https:\/\/idakorea.ee\/product\/jayjun-real-water-brightening-hydro-sleeping-pack-4ml\/","url":"https:\/\/idakorea.ee\/product\/jayjun-real-water-brightening-hydro-sleeping-pack-4ml\/","name":"JAYJUN Real Water kirkastava y\u00f6pakkaus, 4ml - IDA.KOREA","isPartOf":{"@id":"https:\/\/idakorea.ee\/#website"},"primaryImageOfPage":{"@id":"https:\/\/idakorea.ee\/product\/jayjun-real-water-brightening-hydro-sleeping-pack-4ml\/#primaryimage"},"image":{"@id":"https:\/\/idakorea.ee\/product\/jayjun-real-water-brightening-hydro-sleeping-pack-4ml\/#primaryimage"},"thumbnailUrl":"https:\/\/idakorea.ee\/wp-content\/uploads\/2025\/08\/jayjun-real-water-brightening-hydro-sleeping-pack-idakorea.jpg","datePublished":"2025-08-11T07:36:21+00:00","dateModified":"2026-03-17T10:12:50+00:00","description":"Y\u00f6naamio kosteuttaa ja palauttaa ihoa y\u00f6n aikana. Sis\u00e4lt\u00e4\u00e4 8 erilaista hyaluronihappoa, 8 peptidi\u00e4 ja keramidia, jotka silottavat ryppyj\u00e4 ja antavat iholle terveen hehkun.","breadcrumb":{"@id":"https:\/\/idakorea.ee\/product\/jayjun-real-water-brightening-hydro-sleeping-pack-4ml\/#breadcrumb"},"inLanguage":"fi","potentialAction":[{"@type":"ReadAction","target":["https:\/\/idakorea.ee\/product\/jayjun-real-water-brightening-hydro-sleeping-pack-4ml\/"]}]},{"@type":"ImageObject","inLanguage":"fi","@id":"https:\/\/idakorea.ee\/product\/jayjun-real-water-brightening-hydro-sleeping-pack-4ml\/#primaryimage","url":"https:\/\/idakorea.ee\/wp-content\/uploads\/2025\/08\/jayjun-real-water-brightening-hydro-sleeping-pack-idakorea.jpg","contentUrl":"https:\/\/idakorea.ee\/wp-content\/uploads\/2025\/08\/jayjun-real-water-brightening-hydro-sleeping-pack-idakorea.jpg","width":1000,"height":1000},{"@type":"BreadcrumbList","@id":"https:\/\/idakorea.ee\/product\/jayjun-real-water-brightening-hydro-sleeping-pack-4ml\/#breadcrumb","itemListElement":[{"@type":"ListItem","position":1,"name":"\u0413\u043b\u0430\u0432\u043d\u0430\u044f \u0441\u0442\u0440\u0430\u043d\u0438\u0446\u0430","item":"https:\/\/idakorea.ee\/"},{"@type":"ListItem","position":2,"name":"Shop","item":"https:\/\/idakorea.ee\/shop-2\/"},{"@type":"ListItem","position":3,"name":"\u00d6ine \u00fchtlustava toimega mask JAYJUN Real Water Brightening Hydro Sleeping Pack, 4ml"}]},{"@type":"WebSite","@id":"https:\/\/idakorea.ee\/#website","url":"https:\/\/idakorea.ee\/","name":"IDA.KOREA","description":"Korean kosmetiikan verkkokauppa","publisher":{"@id":"https:\/\/idakorea.ee\/#organization"},"alternateName":"Beauty Shop","potentialAction":[{"@type":"SearchAction","target":{"@type":"EntryPoint","urlTemplate":"https:\/\/idakorea.ee\/?s={search_term_string}"},"query-input":{"@type":"PropertyValueSpecification","valueRequired":true,"valueName":"search_term_string"}}],"inLanguage":"fi"},{"@type":"Organization","@id":"https:\/\/idakorea.ee\/#organization","name":"IDA.KOREA","url":"https:\/\/idakorea.ee\/","logo":{"@type":"ImageObject","inLanguage":"fi","@id":"https:\/\/idakorea.ee\/#\/schema\/logo\/image\/","url":"https:\/\/idakorea.ee\/wp-content\/uploads\/2024\/05\/cropped-korea3.png","contentUrl":"https:\/\/idakorea.ee\/wp-content\/uploads\/2024\/05\/cropped-korea3.png","width":688,"height":126,"caption":"IDA.KOREA"},"image":{"@id":"https:\/\/idakorea.ee\/#\/schema\/logo\/image\/"},"sameAs":["https:\/\/www.instagram.com\/ida.korea\/"]}]}},"jetpack_sharing_enabled":true,"brands":[{"id":460,"name":"JAYJUN","slug":"jayjun"}],"_links":{"self":[{"href":"https:\/\/idakorea.ee\/fi\/wp-json\/wp\/v2\/product\/15486","targetHints":{"allow":["GET"]}}],"collection":[{"href":"https:\/\/idakorea.ee\/fi\/wp-json\/wp\/v2\/product"}],"about":[{"href":"https:\/\/idakorea.ee\/fi\/wp-json\/wp\/v2\/types\/product"}],"replies":[{"embeddable":true,"href":"https:\/\/idakorea.ee\/fi\/wp-json\/wp\/v2\/comments?post=15486"}],"version-history":[{"count":2,"href":"https:\/\/idakorea.ee\/fi\/wp-json\/wp\/v2\/product\/15486\/revisions"}],"predecessor-version":[{"id":15817,"href":"https:\/\/idakorea.ee\/fi\/wp-json\/wp\/v2\/product\/15486\/revisions\/15817"}],"wp:featuredmedia":[{"embeddable":true,"href":"https:\/\/idakorea.ee\/fi\/wp-json\/wp\/v2\/media\/15487"}],"wp:attachment":[{"href":"https:\/\/idakorea.ee\/fi\/wp-json\/wp\/v2\/media?parent=15486"}],"wp:term":[{"taxonomy":"pwb-brand","embeddable":true,"href":"https:\/\/idakorea.ee\/fi\/wp-json\/wp\/v2\/pwb-brand?post=15486"},{"taxonomy":"product_brand","embeddable":true,"href":"https:\/\/idakorea.ee\/fi\/wp-json\/wp\/v2\/product_brand?post=15486"},{"taxonomy":"product_cat","embeddable":true,"href":"https:\/\/idakorea.ee\/fi\/wp-json\/wp\/v2\/product_cat?post=15486"},{"taxonomy":"product_tag","embeddable":true,"href":"https:\/\/idakorea.ee\/fi\/wp-json\/wp\/v2\/product_tag?post=15486"}],"curies":[{"name":"wp","href":"https:\/\/api.w.org\/{rel}","templated":true}]}}