{"id":15492,"date":"2025-08-11T11:20:08","date_gmt":"2025-08-11T08:20:08","guid":{"rendered":"https:\/\/idakorea.ee\/?post_type=product&#038;p=15492"},"modified":"2026-03-20T10:19:39","modified_gmt":"2026-03-20T08:19:39","slug":"skin1004-madagascar-centella-soothing-cream-75ml","status":"publish","type":"product","link":"https:\/\/idakorea.ee\/fi\/product\/skin1004-madagascar-centella-soothing-cream-75ml\/","title":{"rendered":"Skin1004 Madagascar Centella Soothing Cream, 75ml"},"content":{"rendered":"<p data-start=\"34\" data-end=\"181\"><strong data-start=\"34\" data-end=\"81\">Skin1004 Madagascar Centella Soothing Cream<\/strong> Kosteuttaa ja pehment\u00e4\u00e4 \u00e4rtynytt\u00e4, hilseilev\u00e4\u00e4 ihoa, raikastaa miellytt\u00e4v\u00e4sti ja v\u00e4hent\u00e4\u00e4 herkkyytt\u00e4.<\/p>\n<p data-start=\"183\" data-end=\"372\">Tuote poistaa kuivuutta ja kirist\u00e4v\u00e4\u00e4 tunnetta ja palauttaa vaurioituneen suojakerroksen. Paksu geelivoide imeytyy t\u00e4ydellisesti eik\u00e4 j\u00e4t\u00e4 tahmeaa kerrosta.<\/p>\n<p data-start=\"374\" data-end=\"527\">Hieman hapan koostumus sis\u00e4lt\u00e4\u00e4 <strong data-start=\"409\" data-end=\"441\">72% Aasian vesinapan uute<\/strong>, joka on saatu kasvista, joka kasvaa puhtaalla ja ekologisella alueella Madagaskarilla.<\/p>\n<p data-start=\"529\" data-end=\"700\">Aasialainen lumpeen uute rauhoittaa, torjuu tulehduksellisia prosesseja, v\u00e4hent\u00e4\u00e4 couperosaa, vahvistaa kapillaarien sein\u00e4mi\u00e4 ja auttaa ehk\u00e4isem\u00e4\u00e4n verisuoniverkoston muodostumista.<\/p>\n<p data-start=\"702\" data-end=\"730\"><strong data-start=\"702\" data-end=\"728\">Muita vaikuttavia aineita:<\/strong><\/p>\n<ul data-start=\"731\" data-end=\"1703\">\n<li data-start=\"731\" data-end=\"923\">\n<p data-start=\"733\" data-end=\"923\"><strong data-start=\"733\" data-end=\"755\">4 erilaista keramidia<\/strong> integroituvat ihon luonnolliseen lipidikerrokseen, vahvistavat sit\u00e4 ja est\u00e4v\u00e4t kosteuden haihtumista sek\u00e4 haitallisten aineiden tunkeutumista ihoon, jotka voivat aiheuttaa \u00e4rsytyst\u00e4.<\/p>\n<\/li>\n<li data-start=\"924\" data-end=\"1103\">\n<p data-start=\"926\" data-end=\"1103\"><strong data-start=\"926\" data-end=\"944\">Traneksaamihappo<\/strong> \u2013 kirkastava aine, joka est\u00e4\u00e4 tyrosinaasientsyymin toimintaa ja v\u00e4hent\u00e4\u00e4 melaniinin tuotantoa. Ei aiheuta valoherkkyytt\u00e4 ja sopii p\u00e4iv\u00e4k\u00e4ytt\u00f6\u00f6n.<\/p>\n<\/li>\n<li data-start=\"1104\" data-end=\"1260\">\n<p data-start=\"1106\" data-end=\"1260\"><strong data-start=\"1106\" data-end=\"1155\">Leuconostoc (fermentoitu retiisin juurisuodos)<\/strong> Est\u00e4\u00e4 tulehduksia ja aknea aiheuttavien mikro-organismien kasvua ja sill\u00e4 on antibakteerinen vaikutus.<\/p>\n<\/li>\n<li data-start=\"1261\" data-end=\"1410\">\n<p data-start=\"1263\" data-end=\"1410\"><strong data-start=\"1263\" data-end=\"1281\">Fytosfingosiini<\/strong> \u2013 fosfolipidi, jolla on antibakteerisia ja tulehdusta est\u00e4vi\u00e4 ominaisuuksia; nopeuttaa paranemista ja hidastaa ik\u00e4\u00e4ntymisprosesseja.<\/p>\n<\/li>\n<li data-start=\"1411\" data-end=\"1509\">\n<p data-start=\"1413\" data-end=\"1509\"><strong data-start=\"1413\" data-end=\"1438\">Inkiv\u00e4\u00e4rinjuuriuute<\/strong> kiinteytt\u00e4\u00e4 ihoa, palauttaa sen kimmoisuuden ja sill\u00e4 on antioksidanttinen vaikutus.<\/p>\n<\/li>\n<li data-start=\"1510\" data-end=\"1606\">\n<p data-start=\"1512\" data-end=\"1606\"><strong data-start=\"1512\" data-end=\"1525\">Trehaloosi<\/strong> \u2013 polysakkaridi, joka kosteuttaa, hidastaa ik\u00e4\u00e4ntymist\u00e4 ja toimii antioksidanttina.<\/p>\n<\/li>\n<li data-start=\"1607\" data-end=\"1703\">\n<p data-start=\"1609\" data-end=\"1703\"><strong data-start=\"1609\" data-end=\"1636\">Piparmintun lehtiuute<\/strong> virkist\u00e4\u00e4, s\u00e4vytt\u00e4\u00e4, rauhoittaa, viilent\u00e4\u00e4 ja lievitt\u00e4\u00e4 kutinaa.<\/p>\n<\/li>\n<\/ul>\n<p data-start=\"1705\" data-end=\"1737\">Sopii kaikille ihotyypeille.<\/p>\n<p data-start=\"1739\" data-end=\"1875\"><strong data-start=\"1739\" data-end=\"1754\">K\u00e4ytt\u00f6:<\/strong> Kasvojen puhdistuksen j\u00e4lkeen, k\u00e4ytt\u00e4en kasvovett\u00e4 ja seerumia, levit\u00e4 voide kasvoillesi ja taputtele sit\u00e4 hell\u00e4varaisesti tasaisesti iholle.<\/p>","protected":false},"excerpt":{"rendered":"<p>Skin1004 Madagaskarin Centella Soothing Cream kosteuttaa ja pehment\u00e4\u00e4 \u00e4rtynytt\u00e4, hilseilev\u00e4\u00e4 ihoa, raikastaa miellytt\u00e4v\u00e4sti ja v\u00e4hent\u00e4\u00e4 herkkyytt\u00e4. Tuote poistaa kuivuutta ja kireytt\u00e4 ja palauttaa vaurioituneen suojakerroksen. Tihe\u00e4 voidegeeli imeytyy t\u00e4ydellisesti eik\u00e4 j\u00e4t\u00e4 tahmeaa kerrosta. Hieman hapan koostumus sis\u00e4lt\u00e4\u00e4 72% aasialaista Centella-uutetta, joka on saatu Madagaskarin puhtaalla ja ekologisella alueella kasvavasta kasvista. Aasialainen Centella\u2026<\/p>","protected":false},"featured_media":15493,"comment_status":"open","ping_status":"closed","template":"","meta":{"_uf_show_specific_survey":0,"_uf_disable_surveys":false,"_bst_post_transparent":"default","_bst_post_title":"","_bst_post_layout":"default","_bst_post_sidebar_id":"","_bst_post_content_style":"default","_bst_post_vertical_padding":"default","_bst_post_feature":"","_bst_post_feature_position":"","_bst_post_header":false,"_bst_post_footer":false},"pwb-brand":[186],"product_brand":[],"product_cat":[92,96],"product_tag":[546,972],"class_list":{"0":"post-15492","1":"product","2":"type-product","3":"status-publish","4":"has-post-thumbnail","6":"pwb-brand-skin1004","7":"product_cat-nagu","8":"product_cat-naokreemid","9":"product_tag-centella","10":"product_tag-skin","12":"first","13":"instock","14":"sale","15":"shipping-taxable","16":"purchasable","17":"product-type-simple","18":"entry","19":"content-bg","20":"loop-entry"},"supplier_id":null,"supplier_sku":"","barcode":null,"atum_controlled":true,"out_stock_date":null,"out_stock_threshold":null,"inheritable":false,"inbound_stock":0,"stock_on_hold":0,"sold_today":0,"sales_last_days":0,"out_stock_days":0,"lost_sales":0,"has_location":false,"update_date":"2026-04-14T00:05:11","atum_locations":[],"atum_stock_status":"instock","restock_status":false,"low_stock_amount":"","sales_update_date":"2026-04-14T00:05:11","calc_backorders":null,"yoast_head":"<!-- This site is optimized with the Yoast SEO plugin v27.2 - https:\/\/yoast.com\/product\/yoast-seo-wordpress\/ -->\n<title>Skin1004 Madagascar Centella Soothing Cream, 75ml - IDA.KOREA<\/title>\n<meta name=\"description\" content=\"Kreem rahustab ja niisutab \u00e4rritunud nahka. Sisaldab 72% Aasia vesinaba ekstrakti, tseramiide, traneksaamhapet ja antioks\u00fcdante.\" \/>\n<meta name=\"robots\" content=\"index, follow, max-snippet:-1, max-image-preview:large, max-video-preview:-1\" \/>\n<link rel=\"canonical\" href=\"https:\/\/idakorea.ee\/fi\/product\/skin1004-madagascar-centella-soothing-cream-75ml\/\" \/>\n<meta property=\"og:locale\" content=\"fi_FI\" \/>\n<meta property=\"og:type\" content=\"article\" \/>\n<meta property=\"og:title\" content=\"Skin1004 Madagascar Centella Soothing Cream, 75ml - IDA.KOREA\" \/>\n<meta property=\"og:description\" content=\"Kreem rahustab ja niisutab \u00e4rritunud nahka. Sisaldab 72% Aasia vesinaba ekstrakti, tseramiide, traneksaamhapet ja antioks\u00fcdante.\" \/>\n<meta property=\"og:url\" content=\"https:\/\/idakorea.ee\/fi\/product\/skin1004-madagascar-centella-soothing-cream-75ml\/\" \/>\n<meta property=\"og:site_name\" content=\"IDA.KOREA\" \/>\n<meta property=\"article:modified_time\" content=\"2026-03-20T08:19:39+00:00\" \/>\n<meta property=\"og:image\" content=\"https:\/\/idakorea.ee\/wp-content\/uploads\/2025\/08\/skin1004-madagascar-centella-soothing-cream-idakorea.ee_.jpg\" \/>\n\t<meta property=\"og:image:width\" content=\"1825\" \/>\n\t<meta property=\"og:image:height\" content=\"1825\" \/>\n\t<meta property=\"og:image:type\" content=\"image\/jpeg\" \/>\n<meta name=\"twitter:card\" content=\"summary_large_image\" \/>\n<meta name=\"twitter:label1\" content=\"Arvioitu lukuaika\" \/>\n\t<meta name=\"twitter:data1\" content=\"2 minuuttia\" \/>\n<script type=\"application\/ld+json\" class=\"yoast-schema-graph\">{\"@context\":\"https:\/\/schema.org\",\"@graph\":[{\"@type\":\"WebPage\",\"@id\":\"https:\/\/idakorea.ee\/product\/skin1004-madagascar-centella-soothing-cream-75ml\/\",\"url\":\"https:\/\/idakorea.ee\/product\/skin1004-madagascar-centella-soothing-cream-75ml\/\",\"name\":\"Skin1004 Madagascar Centella Soothing Cream, 75ml - IDA.KOREA\",\"isPartOf\":{\"@id\":\"https:\/\/idakorea.ee\/#website\"},\"primaryImageOfPage\":{\"@id\":\"https:\/\/idakorea.ee\/product\/skin1004-madagascar-centella-soothing-cream-75ml\/#primaryimage\"},\"image\":{\"@id\":\"https:\/\/idakorea.ee\/product\/skin1004-madagascar-centella-soothing-cream-75ml\/#primaryimage\"},\"thumbnailUrl\":\"https:\/\/idakorea.ee\/wp-content\/uploads\/2025\/08\/skin1004-madagascar-centella-soothing-cream-idakorea.ee_.jpg\",\"datePublished\":\"2025-08-11T08:20:08+00:00\",\"dateModified\":\"2026-03-20T08:19:39+00:00\",\"description\":\"Kreem rahustab ja niisutab \u00e4rritunud nahka. Sisaldab 72% Aasia vesinaba ekstrakti, tseramiide, traneksaamhapet ja antioks\u00fcdante.\",\"breadcrumb\":{\"@id\":\"https:\/\/idakorea.ee\/product\/skin1004-madagascar-centella-soothing-cream-75ml\/#breadcrumb\"},\"inLanguage\":\"fi\",\"potentialAction\":[{\"@type\":\"ReadAction\",\"target\":[\"https:\/\/idakorea.ee\/product\/skin1004-madagascar-centella-soothing-cream-75ml\/\"]}]},{\"@type\":\"ImageObject\",\"inLanguage\":\"fi\",\"@id\":\"https:\/\/idakorea.ee\/product\/skin1004-madagascar-centella-soothing-cream-75ml\/#primaryimage\",\"url\":\"https:\/\/idakorea.ee\/wp-content\/uploads\/2025\/08\/skin1004-madagascar-centella-soothing-cream-idakorea.ee_.jpg\",\"contentUrl\":\"https:\/\/idakorea.ee\/wp-content\/uploads\/2025\/08\/skin1004-madagascar-centella-soothing-cream-idakorea.ee_.jpg\",\"width\":1825,\"height\":1825},{\"@type\":\"BreadcrumbList\",\"@id\":\"https:\/\/idakorea.ee\/product\/skin1004-madagascar-centella-soothing-cream-75ml\/#breadcrumb\",\"itemListElement\":[{\"@type\":\"ListItem\",\"position\":1,\"name\":\"\u0413\u043b\u0430\u0432\u043d\u0430\u044f \u0441\u0442\u0440\u0430\u043d\u0438\u0446\u0430\",\"item\":\"https:\/\/idakorea.ee\/\"},{\"@type\":\"ListItem\",\"position\":2,\"name\":\"Shop\",\"item\":\"https:\/\/idakorea.ee\/shop-2\/\"},{\"@type\":\"ListItem\",\"position\":3,\"name\":\"Jahutav kaitsev kreem Skin1004 Madagascar Centella Soothing Cream, 75ml\"}]},{\"@type\":\"WebSite\",\"@id\":\"https:\/\/idakorea.ee\/#website\",\"url\":\"https:\/\/idakorea.ee\/\",\"name\":\"IDA.KOREA\",\"description\":\"Korea kosmeetika e-pood\",\"publisher\":{\"@id\":\"https:\/\/idakorea.ee\/#organization\"},\"alternateName\":\"Beauty Shop\",\"potentialAction\":[{\"@type\":\"SearchAction\",\"target\":{\"@type\":\"EntryPoint\",\"urlTemplate\":\"https:\/\/idakorea.ee\/?s={search_term_string}\"},\"query-input\":{\"@type\":\"PropertyValueSpecification\",\"valueRequired\":true,\"valueName\":\"search_term_string\"}}],\"inLanguage\":\"fi\"},{\"@type\":\"Organization\",\"@id\":\"https:\/\/idakorea.ee\/#organization\",\"name\":\"IDA.KOREA\",\"url\":\"https:\/\/idakorea.ee\/\",\"logo\":{\"@type\":\"ImageObject\",\"inLanguage\":\"fi\",\"@id\":\"https:\/\/idakorea.ee\/#\/schema\/logo\/image\/\",\"url\":\"https:\/\/idakorea.ee\/wp-content\/uploads\/2024\/05\/cropped-korea3.png\",\"contentUrl\":\"https:\/\/idakorea.ee\/wp-content\/uploads\/2024\/05\/cropped-korea3.png\",\"width\":688,\"height\":126,\"caption\":\"IDA.KOREA\"},\"image\":{\"@id\":\"https:\/\/idakorea.ee\/#\/schema\/logo\/image\/\"},\"sameAs\":[\"https:\/\/www.instagram.com\/ida.korea\/\"]}]}<\/script>\n<!-- \/ Yoast SEO plugin. -->","yoast_head_json":{"title":"Skin1004 Madagascar Centella rauhoittava voide, 75 ml - IDA.KOREA","description":"Voide rauhoittaa ja kosteuttaa \u00e4rtynytt\u00e4 ihoa. Sis\u00e4lt\u00e4\u00e4 72%-aasialaista lumpeen uutetta, keramideja, traneksaamihappoa ja antioksidantteja.","robots":{"index":"index","follow":"follow","max-snippet":"max-snippet:-1","max-image-preview":"max-image-preview:large","max-video-preview":"max-video-preview:-1"},"canonical":"https:\/\/idakorea.ee\/fi\/product\/skin1004-madagascar-centella-soothing-cream-75ml\/","og_locale":"fi_FI","og_type":"article","og_title":"Skin1004 Madagascar Centella Soothing Cream, 75ml - IDA.KOREA","og_description":"Kreem rahustab ja niisutab \u00e4rritunud nahka. Sisaldab 72% Aasia vesinaba ekstrakti, tseramiide, traneksaamhapet ja antioks\u00fcdante.","og_url":"https:\/\/idakorea.ee\/fi\/product\/skin1004-madagascar-centella-soothing-cream-75ml\/","og_site_name":"IDA.KOREA","article_modified_time":"2026-03-20T08:19:39+00:00","og_image":[{"width":1825,"height":1825,"url":"https:\/\/idakorea.ee\/wp-content\/uploads\/2025\/08\/skin1004-madagascar-centella-soothing-cream-idakorea.ee_.jpg","type":"image\/jpeg"}],"twitter_card":"summary_large_image","twitter_misc":{"Arvioitu lukuaika":"2 minuuttia"},"schema":{"@context":"https:\/\/schema.org","@graph":[{"@type":"WebPage","@id":"https:\/\/idakorea.ee\/product\/skin1004-madagascar-centella-soothing-cream-75ml\/","url":"https:\/\/idakorea.ee\/product\/skin1004-madagascar-centella-soothing-cream-75ml\/","name":"Skin1004 Madagascar Centella rauhoittava voide, 75 ml - IDA.KOREA","isPartOf":{"@id":"https:\/\/idakorea.ee\/#website"},"primaryImageOfPage":{"@id":"https:\/\/idakorea.ee\/product\/skin1004-madagascar-centella-soothing-cream-75ml\/#primaryimage"},"image":{"@id":"https:\/\/idakorea.ee\/product\/skin1004-madagascar-centella-soothing-cream-75ml\/#primaryimage"},"thumbnailUrl":"https:\/\/idakorea.ee\/wp-content\/uploads\/2025\/08\/skin1004-madagascar-centella-soothing-cream-idakorea.ee_.jpg","datePublished":"2025-08-11T08:20:08+00:00","dateModified":"2026-03-20T08:19:39+00:00","description":"Voide rauhoittaa ja kosteuttaa \u00e4rtynytt\u00e4 ihoa. Sis\u00e4lt\u00e4\u00e4 72%-aasialaista lumpeen uutetta, keramideja, traneksaamihappoa ja antioksidantteja.","breadcrumb":{"@id":"https:\/\/idakorea.ee\/product\/skin1004-madagascar-centella-soothing-cream-75ml\/#breadcrumb"},"inLanguage":"fi","potentialAction":[{"@type":"ReadAction","target":["https:\/\/idakorea.ee\/product\/skin1004-madagascar-centella-soothing-cream-75ml\/"]}]},{"@type":"ImageObject","inLanguage":"fi","@id":"https:\/\/idakorea.ee\/product\/skin1004-madagascar-centella-soothing-cream-75ml\/#primaryimage","url":"https:\/\/idakorea.ee\/wp-content\/uploads\/2025\/08\/skin1004-madagascar-centella-soothing-cream-idakorea.ee_.jpg","contentUrl":"https:\/\/idakorea.ee\/wp-content\/uploads\/2025\/08\/skin1004-madagascar-centella-soothing-cream-idakorea.ee_.jpg","width":1825,"height":1825},{"@type":"BreadcrumbList","@id":"https:\/\/idakorea.ee\/product\/skin1004-madagascar-centella-soothing-cream-75ml\/#breadcrumb","itemListElement":[{"@type":"ListItem","position":1,"name":"\u0413\u043b\u0430\u0432\u043d\u0430\u044f \u0441\u0442\u0440\u0430\u043d\u0438\u0446\u0430","item":"https:\/\/idakorea.ee\/"},{"@type":"ListItem","position":2,"name":"Shop","item":"https:\/\/idakorea.ee\/shop-2\/"},{"@type":"ListItem","position":3,"name":"Jahutav kaitsev kreem Skin1004 Madagascar Centella Soothing Cream, 75ml"}]},{"@type":"WebSite","@id":"https:\/\/idakorea.ee\/#website","url":"https:\/\/idakorea.ee\/","name":"IDA.KOREA","description":"Korean kosmetiikan verkkokauppa","publisher":{"@id":"https:\/\/idakorea.ee\/#organization"},"alternateName":"Beauty Shop","potentialAction":[{"@type":"SearchAction","target":{"@type":"EntryPoint","urlTemplate":"https:\/\/idakorea.ee\/?s={search_term_string}"},"query-input":{"@type":"PropertyValueSpecification","valueRequired":true,"valueName":"search_term_string"}}],"inLanguage":"fi"},{"@type":"Organization","@id":"https:\/\/idakorea.ee\/#organization","name":"IDA.KOREA","url":"https:\/\/idakorea.ee\/","logo":{"@type":"ImageObject","inLanguage":"fi","@id":"https:\/\/idakorea.ee\/#\/schema\/logo\/image\/","url":"https:\/\/idakorea.ee\/wp-content\/uploads\/2024\/05\/cropped-korea3.png","contentUrl":"https:\/\/idakorea.ee\/wp-content\/uploads\/2024\/05\/cropped-korea3.png","width":688,"height":126,"caption":"IDA.KOREA"},"image":{"@id":"https:\/\/idakorea.ee\/#\/schema\/logo\/image\/"},"sameAs":["https:\/\/www.instagram.com\/ida.korea\/"]}]}},"jetpack_sharing_enabled":true,"brands":[{"id":186,"name":"SKIN1004","slug":"skin1004"}],"_links":{"self":[{"href":"https:\/\/idakorea.ee\/fi\/wp-json\/wp\/v2\/product\/15492","targetHints":{"allow":["GET"]}}],"collection":[{"href":"https:\/\/idakorea.ee\/fi\/wp-json\/wp\/v2\/product"}],"about":[{"href":"https:\/\/idakorea.ee\/fi\/wp-json\/wp\/v2\/types\/product"}],"replies":[{"embeddable":true,"href":"https:\/\/idakorea.ee\/fi\/wp-json\/wp\/v2\/comments?post=15492"}],"version-history":[{"count":2,"href":"https:\/\/idakorea.ee\/fi\/wp-json\/wp\/v2\/product\/15492\/revisions"}],"predecessor-version":[{"id":15497,"href":"https:\/\/idakorea.ee\/fi\/wp-json\/wp\/v2\/product\/15492\/revisions\/15497"}],"wp:featuredmedia":[{"embeddable":true,"href":"https:\/\/idakorea.ee\/fi\/wp-json\/wp\/v2\/media\/15493"}],"wp:attachment":[{"href":"https:\/\/idakorea.ee\/fi\/wp-json\/wp\/v2\/media?parent=15492"}],"wp:term":[{"taxonomy":"pwb-brand","embeddable":true,"href":"https:\/\/idakorea.ee\/fi\/wp-json\/wp\/v2\/pwb-brand?post=15492"},{"taxonomy":"product_brand","embeddable":true,"href":"https:\/\/idakorea.ee\/fi\/wp-json\/wp\/v2\/product_brand?post=15492"},{"taxonomy":"product_cat","embeddable":true,"href":"https:\/\/idakorea.ee\/fi\/wp-json\/wp\/v2\/product_cat?post=15492"},{"taxonomy":"product_tag","embeddable":true,"href":"https:\/\/idakorea.ee\/fi\/wp-json\/wp\/v2\/product_tag?post=15492"}],"curies":[{"name":"wp","href":"https:\/\/api.w.org\/{rel}","templated":true}]}}