{"id":15498,"date":"2025-08-11T11:39:23","date_gmt":"2025-08-11T08:39:23","guid":{"rendered":"https:\/\/idakorea.ee\/?post_type=product&#038;p=15498"},"modified":"2026-02-11T17:59:39","modified_gmt":"2026-02-11T15:59:39","slug":"dr-althea-pure-grinding-cleansing-balm-50ml","status":"publish","type":"product","link":"https:\/\/idakorea.ee\/fi\/product\/dr-althea-pure-grinding-cleansing-balm-50ml\/","title":{"rendered":"Dr. Althea Pure Grinding Cleansing Balm, 50ml"},"content":{"rendered":"<p data-start=\"39\" data-end=\"336\"><strong data-start=\"39\" data-end=\"82\">Dr. Althea Pure Grinding Cleansing Balm<\/strong> \u2013 hell\u00e4varainen ja kosteuttava kasvojenpuhdistusbalsami minimalistisella koostumuksella, joka varmistaa ihon hell\u00e4varaisen ja perusteellisen puhdistuksen ilman kuivumista ja \u00e4rsytyst\u00e4. Erityinen hygieniamekanismi mahdollistaa tarvittavan m\u00e4\u00e4r\u00e4n tuotteen ottamisen est\u00e4en ilman p\u00e4\u00e4syn pakkaukseen.<\/p>\n<p data-start=\"338\" data-end=\"507\">Balsami poistaa tehokkaasti vedenkest\u00e4v\u00e4n meikin, meikkivoiteen ja aurinkosuojan. S\u00e4\u00e4telee talirauhasten toimintaa, imee ylim\u00e4\u00e4r\u00e4ist\u00e4 talia, liuottaa mustap\u00e4it\u00e4 ja talia.<\/p>\n<p data-start=\"509\" data-end=\"599\">Tuote on vegaaninen \u2013 se ei sis\u00e4ll\u00e4 v\u00e4riaineita, hajusteita tai el\u00e4inper\u00e4isi\u00e4 ainesosia.<\/p>\n<p data-start=\"601\" data-end=\"627\"><strong data-start=\"601\" data-end=\"625\">T\u00e4rkeimm\u00e4t vaikuttavat aineet:<\/strong><\/p>\n<ul data-start=\"628\" data-end=\"1521\">\n<li data-start=\"628\" data-end=\"840\">\n<p data-start=\"630\" data-end=\"840\"><strong data-start=\"630\" data-end=\"650\">Vihre\u00e4n teen \u00f6ljy<\/strong> \u2013 vahva antioksidantti, jolla on suojaavia ja tulehdusta ehk\u00e4isevi\u00e4 vaikutuksia. Poistaa kuolleita ihosoluja, nopeuttaa epidermiksen uusiutumista, tasoittaa ihonv\u00e4ri\u00e4, v\u00e4hent\u00e4\u00e4 tulehdusta ja s\u00e4\u00e4telee talin erityst\u00e4.<\/p>\n<\/li>\n<li data-start=\"841\" data-end=\"1046\">\n<p data-start=\"843\" data-end=\"1046\"><strong data-start=\"843\" data-end=\"866\">Ryp\u00e4leensiemen\u00f6ljy<\/strong> \u2013 luonnollinen antioksidantti, joka neutraloi vapaiden radikaalien vaikutuksia. Auttaa vakauttamaan kollageenin ja elastiinin tuotantoa, jotka vastaavat ihon nuorekkuudesta ja kimmoisuudesta.<\/p>\n<\/li>\n<li data-start=\"1047\" data-end=\"1216\">\n<p data-start=\"1049\" data-end=\"1216\"><strong data-start=\"1049\" data-end=\"1076\">Aasian vesikrassiuute<\/strong> \u2013 v\u00e4hent\u00e4\u00e4 ihon herkkyytt\u00e4 ja \u00e4rsytyst\u00e4, lievitt\u00e4\u00e4 kutinaa ja punoitusta, vahvistaa verisuonia ja v\u00e4hent\u00e4\u00e4 turvotusta, ehk\u00e4isee couperosan kehittymist\u00e4.<\/p>\n<\/li>\n<li data-start=\"1217\" data-end=\"1369\">\n<p data-start=\"1219\" data-end=\"1369\"><strong data-start=\"1219\" data-end=\"1236\">Madecassosilk<\/strong> \u2013 Aasialaisesta lumpeesta per\u00e4isin oleva aine, joka lievitt\u00e4\u00e4 \u00e4rsytyst\u00e4, kutinaa ja turvotusta, vahvistaa verisuonten sein\u00e4mi\u00e4 ja v\u00e4hent\u00e4\u00e4 n\u00e4kyv\u00e4\u00e4 punoitusta.<\/p>\n<\/li>\n<li data-start=\"1370\" data-end=\"1521\">\n<p data-start=\"1372\" data-end=\"1521\"><strong data-start=\"1372\" data-end=\"1388\">Asiaticoside<\/strong> \u2013 sill\u00e4 on voimakas haavanparannus- ja tulehdusta ehk\u00e4isev\u00e4 vaikutus, se stimuloi ihon omaa hyaluronihapon, kollageenin ja elastiinin tuotantoa.<\/p>\n<\/li>\n<\/ul>\n<p data-start=\"1523\" data-end=\"1555\">Sopii kaikille ihotyypeille.<\/p>\n<p data-start=\"1557\" data-end=\"1728\"><strong data-start=\"1557\" data-end=\"1572\">K\u00e4ytt\u00f6:<\/strong> Kierr\u00e4 korkkia vapauttaaksesi tarvittavan m\u00e4\u00e4r\u00e4n tuotetta, levit\u00e4 kuivalle iholle ja hiero hell\u00e4varaisesti py\u00f6rivin liikkein. Huuhtele l\u00e4mpim\u00e4ll\u00e4 vedell\u00e4 ja pese kasvot vaahdolla.<\/p>","protected":false},"excerpt":{"rendered":"<p>Dr. Althea Pure Grinding Cleansing Balm \u2013 hell\u00e4varainen ja kosteuttava kasvojenpuhdistusbalsami, jonka minimalistinen koostumus varmistaa ihon hell\u00e4varaisen ja perusteellisen puhdistuksen ilman kuivumista ja \u00e4rsytyst\u00e4. Erityinen hygieniamekanismi mahdollistaa tarvittavan m\u00e4\u00e4r\u00e4n tuotteen ottamisen est\u00e4en ilman p\u00e4\u00e4syn pakkaukseen. Balsami poistaa tehokkaasti vedenkest\u00e4v\u00e4n meikin, meikkivoiteen ja aurinkosuojan. S\u00e4\u00e4telee talirauhasten toimintaa, imee ylim\u00e4\u00e4r\u00e4ist\u00e4 talia, liuottaa mustap\u00e4it\u00e4 ja talia. Tuote\u2026<\/p>","protected":false},"featured_media":15499,"comment_status":"open","ping_status":"closed","template":"","meta":{"_uf_show_specific_survey":0,"_uf_disable_surveys":false,"_bst_post_transparent":"default","_bst_post_title":"","_bst_post_layout":"default","_bst_post_sidebar_id":"","_bst_post_content_style":"default","_bst_post_vertical_padding":"default","_bst_post_feature":"","_bst_post_feature_position":"","_bst_post_header":false,"_bst_post_footer":false},"pwb-brand":[480],"product_brand":[],"product_cat":[92,452,100],"product_tag":[973],"class_list":{"0":"post-15498","1":"product","2":"type-product","3":"status-publish","4":"has-post-thumbnail","6":"pwb-brand-dr-althea","7":"product_cat-nagu","8":"product_cat-naopuhastusgeelid","9":"product_cat-puhastusvahendid","10":"product_tag-puhastav","12":"first","13":"instock","14":"sale","15":"purchasable","16":"product-type-simple","17":"entry","18":"content-bg","19":"loop-entry"},"supplier_id":null,"supplier_sku":"","barcode":null,"atum_controlled":true,"out_stock_date":null,"out_stock_threshold":null,"inheritable":false,"inbound_stock":0,"stock_on_hold":0,"sold_today":0,"sales_last_days":0,"out_stock_days":0,"lost_sales":0,"has_location":false,"update_date":"2026-04-14T00:05:05","atum_locations":[],"atum_stock_status":"instock","restock_status":false,"low_stock_amount":"","sales_update_date":"2026-04-14T00:05:05","calc_backorders":null,"yoast_head":"<!-- This site is optimized with the Yoast SEO plugin v27.2 - https:\/\/yoast.com\/product\/yoast-seo-wordpress\/ -->\n<title>Dr. Althea Pure Grinding Cleansing Balm, 50ml - IDA.KOREA<\/title>\n<meta name=\"description\" content=\"Dr. Althea Pure Grinding Cleansing Balm eemaldab veekindla meigi ja mustuse, reguleerib rasueritust ning lahustab mustpead. Sisaldab rohelise tee \u00f5li, viinamarjaseemne\u00f5li ja Aasia vesinaba ekstrakti.\" \/>\n<meta name=\"robots\" content=\"index, follow, max-snippet:-1, max-image-preview:large, max-video-preview:-1\" \/>\n<link rel=\"canonical\" href=\"https:\/\/idakorea.ee\/fi\/product\/dr-althea-pure-grinding-cleansing-balm-50ml\/\" \/>\n<meta property=\"og:locale\" content=\"fi_FI\" \/>\n<meta property=\"og:type\" content=\"article\" \/>\n<meta property=\"og:title\" content=\"Dr. Althea Pure Grinding Cleansing Balm, 50ml - IDA.KOREA\" \/>\n<meta property=\"og:description\" content=\"Dr. Althea Pure Grinding Cleansing Balm eemaldab veekindla meigi ja mustuse, reguleerib rasueritust ning lahustab mustpead. Sisaldab rohelise tee \u00f5li, viinamarjaseemne\u00f5li ja Aasia vesinaba ekstrakti.\" \/>\n<meta property=\"og:url\" content=\"https:\/\/idakorea.ee\/fi\/product\/dr-althea-pure-grinding-cleansing-balm-50ml\/\" \/>\n<meta property=\"og:site_name\" content=\"IDA.KOREA\" \/>\n<meta property=\"article:modified_time\" content=\"2026-02-11T15:59:39+00:00\" \/>\n<meta property=\"og:image\" content=\"https:\/\/idakorea.ee\/wp-content\/uploads\/2025\/08\/dr._althea_pure_grinding_cleansing_balm-idakorea.webp\" \/>\n\t<meta property=\"og:image:width\" content=\"950\" \/>\n\t<meta property=\"og:image:height\" content=\"950\" \/>\n\t<meta property=\"og:image:type\" content=\"image\/webp\" \/>\n<meta name=\"twitter:card\" content=\"summary_large_image\" \/>\n<meta name=\"twitter:label1\" content=\"Arvioitu lukuaika\" \/>\n\t<meta name=\"twitter:data1\" content=\"2 minuuttia\" \/>\n<script type=\"application\/ld+json\" class=\"yoast-schema-graph\">{\"@context\":\"https:\/\/schema.org\",\"@graph\":[{\"@type\":\"WebPage\",\"@id\":\"https:\/\/idakorea.ee\/product\/dr-althea-pure-grinding-cleansing-balm-50ml\/\",\"url\":\"https:\/\/idakorea.ee\/product\/dr-althea-pure-grinding-cleansing-balm-50ml\/\",\"name\":\"Dr. Althea Pure Grinding Cleansing Balm, 50ml - IDA.KOREA\",\"isPartOf\":{\"@id\":\"https:\/\/idakorea.ee\/#website\"},\"primaryImageOfPage\":{\"@id\":\"https:\/\/idakorea.ee\/product\/dr-althea-pure-grinding-cleansing-balm-50ml\/#primaryimage\"},\"image\":{\"@id\":\"https:\/\/idakorea.ee\/product\/dr-althea-pure-grinding-cleansing-balm-50ml\/#primaryimage\"},\"thumbnailUrl\":\"https:\/\/idakorea.ee\/wp-content\/uploads\/2025\/08\/dr._althea_pure_grinding_cleansing_balm-idakorea.webp\",\"datePublished\":\"2025-08-11T08:39:23+00:00\",\"dateModified\":\"2026-02-11T15:59:39+00:00\",\"description\":\"Dr. Althea Pure Grinding Cleansing Balm eemaldab veekindla meigi ja mustuse, reguleerib rasueritust ning lahustab mustpead. Sisaldab rohelise tee \u00f5li, viinamarjaseemne\u00f5li ja Aasia vesinaba ekstrakti.\",\"breadcrumb\":{\"@id\":\"https:\/\/idakorea.ee\/product\/dr-althea-pure-grinding-cleansing-balm-50ml\/#breadcrumb\"},\"inLanguage\":\"fi\",\"potentialAction\":[{\"@type\":\"ReadAction\",\"target\":[\"https:\/\/idakorea.ee\/product\/dr-althea-pure-grinding-cleansing-balm-50ml\/\"]}]},{\"@type\":\"ImageObject\",\"inLanguage\":\"fi\",\"@id\":\"https:\/\/idakorea.ee\/product\/dr-althea-pure-grinding-cleansing-balm-50ml\/#primaryimage\",\"url\":\"https:\/\/idakorea.ee\/wp-content\/uploads\/2025\/08\/dr._althea_pure_grinding_cleansing_balm-idakorea.webp\",\"contentUrl\":\"https:\/\/idakorea.ee\/wp-content\/uploads\/2025\/08\/dr._althea_pure_grinding_cleansing_balm-idakorea.webp\",\"width\":950,\"height\":950},{\"@type\":\"BreadcrumbList\",\"@id\":\"https:\/\/idakorea.ee\/product\/dr-althea-pure-grinding-cleansing-balm-50ml\/#breadcrumb\",\"itemListElement\":[{\"@type\":\"ListItem\",\"position\":1,\"name\":\"\u0413\u043b\u0430\u0432\u043d\u0430\u044f \u0441\u0442\u0440\u0430\u043d\u0438\u0446\u0430\",\"item\":\"https:\/\/idakorea.ee\/\"},{\"@type\":\"ListItem\",\"position\":2,\"name\":\"Shop\",\"item\":\"https:\/\/idakorea.ee\/shop-2\/\"},{\"@type\":\"ListItem\",\"position\":3,\"name\":\"Puhastav meigieemalduspalsam Dr. Althea Pure Grinding Cleansing Balm, 50ml\"}]},{\"@type\":\"WebSite\",\"@id\":\"https:\/\/idakorea.ee\/#website\",\"url\":\"https:\/\/idakorea.ee\/\",\"name\":\"IDA.KOREA\",\"description\":\"Korea kosmeetika e-pood\",\"publisher\":{\"@id\":\"https:\/\/idakorea.ee\/#organization\"},\"alternateName\":\"Beauty Shop\",\"potentialAction\":[{\"@type\":\"SearchAction\",\"target\":{\"@type\":\"EntryPoint\",\"urlTemplate\":\"https:\/\/idakorea.ee\/?s={search_term_string}\"},\"query-input\":{\"@type\":\"PropertyValueSpecification\",\"valueRequired\":true,\"valueName\":\"search_term_string\"}}],\"inLanguage\":\"fi\"},{\"@type\":\"Organization\",\"@id\":\"https:\/\/idakorea.ee\/#organization\",\"name\":\"IDA.KOREA\",\"url\":\"https:\/\/idakorea.ee\/\",\"logo\":{\"@type\":\"ImageObject\",\"inLanguage\":\"fi\",\"@id\":\"https:\/\/idakorea.ee\/#\/schema\/logo\/image\/\",\"url\":\"https:\/\/idakorea.ee\/wp-content\/uploads\/2024\/05\/cropped-korea3.png\",\"contentUrl\":\"https:\/\/idakorea.ee\/wp-content\/uploads\/2024\/05\/cropped-korea3.png\",\"width\":688,\"height\":126,\"caption\":\"IDA.KOREA\"},\"image\":{\"@id\":\"https:\/\/idakorea.ee\/#\/schema\/logo\/image\/\"},\"sameAs\":[\"https:\/\/www.instagram.com\/ida.korea\/\"]}]}<\/script>\n<!-- \/ Yoast SEO plugin. -->","yoast_head_json":{"title":"Dr. Althea Pure Grinding -puhdistusbalsami, 50ml - IDA.KOREA","description":"Dr. Althea Pure Grinding Cleansing Balm -puhdistusbalsami poistaa vedenkest\u00e4v\u00e4n meikin ja lian, s\u00e4\u00e4telee talin erityst\u00e4 ja liuottaa mustap\u00e4it\u00e4. Sis\u00e4lt\u00e4\u00e4 vihre\u00e4n teen \u00f6ljy\u00e4, viiniryp\u00e4leen siemen\u00f6ljy\u00e4 ja aasialaista lumpeen uutetta.","robots":{"index":"index","follow":"follow","max-snippet":"max-snippet:-1","max-image-preview":"max-image-preview:large","max-video-preview":"max-video-preview:-1"},"canonical":"https:\/\/idakorea.ee\/fi\/product\/dr-althea-pure-grinding-cleansing-balm-50ml\/","og_locale":"fi_FI","og_type":"article","og_title":"Dr. Althea Pure Grinding Cleansing Balm, 50ml - IDA.KOREA","og_description":"Dr. Althea Pure Grinding Cleansing Balm eemaldab veekindla meigi ja mustuse, reguleerib rasueritust ning lahustab mustpead. Sisaldab rohelise tee \u00f5li, viinamarjaseemne\u00f5li ja Aasia vesinaba ekstrakti.","og_url":"https:\/\/idakorea.ee\/fi\/product\/dr-althea-pure-grinding-cleansing-balm-50ml\/","og_site_name":"IDA.KOREA","article_modified_time":"2026-02-11T15:59:39+00:00","og_image":[{"width":950,"height":950,"url":"https:\/\/idakorea.ee\/wp-content\/uploads\/2025\/08\/dr._althea_pure_grinding_cleansing_balm-idakorea.webp","type":"image\/webp"}],"twitter_card":"summary_large_image","twitter_misc":{"Arvioitu lukuaika":"2 minuuttia"},"schema":{"@context":"https:\/\/schema.org","@graph":[{"@type":"WebPage","@id":"https:\/\/idakorea.ee\/product\/dr-althea-pure-grinding-cleansing-balm-50ml\/","url":"https:\/\/idakorea.ee\/product\/dr-althea-pure-grinding-cleansing-balm-50ml\/","name":"Dr. Althea Pure Grinding -puhdistusbalsami, 50ml - IDA.KOREA","isPartOf":{"@id":"https:\/\/idakorea.ee\/#website"},"primaryImageOfPage":{"@id":"https:\/\/idakorea.ee\/product\/dr-althea-pure-grinding-cleansing-balm-50ml\/#primaryimage"},"image":{"@id":"https:\/\/idakorea.ee\/product\/dr-althea-pure-grinding-cleansing-balm-50ml\/#primaryimage"},"thumbnailUrl":"https:\/\/idakorea.ee\/wp-content\/uploads\/2025\/08\/dr._althea_pure_grinding_cleansing_balm-idakorea.webp","datePublished":"2025-08-11T08:39:23+00:00","dateModified":"2026-02-11T15:59:39+00:00","description":"Dr. Althea Pure Grinding Cleansing Balm -puhdistusbalsami poistaa vedenkest\u00e4v\u00e4n meikin ja lian, s\u00e4\u00e4telee talin erityst\u00e4 ja liuottaa mustap\u00e4it\u00e4. Sis\u00e4lt\u00e4\u00e4 vihre\u00e4n teen \u00f6ljy\u00e4, viiniryp\u00e4leen siemen\u00f6ljy\u00e4 ja aasialaista lumpeen uutetta.","breadcrumb":{"@id":"https:\/\/idakorea.ee\/product\/dr-althea-pure-grinding-cleansing-balm-50ml\/#breadcrumb"},"inLanguage":"fi","potentialAction":[{"@type":"ReadAction","target":["https:\/\/idakorea.ee\/product\/dr-althea-pure-grinding-cleansing-balm-50ml\/"]}]},{"@type":"ImageObject","inLanguage":"fi","@id":"https:\/\/idakorea.ee\/product\/dr-althea-pure-grinding-cleansing-balm-50ml\/#primaryimage","url":"https:\/\/idakorea.ee\/wp-content\/uploads\/2025\/08\/dr._althea_pure_grinding_cleansing_balm-idakorea.webp","contentUrl":"https:\/\/idakorea.ee\/wp-content\/uploads\/2025\/08\/dr._althea_pure_grinding_cleansing_balm-idakorea.webp","width":950,"height":950},{"@type":"BreadcrumbList","@id":"https:\/\/idakorea.ee\/product\/dr-althea-pure-grinding-cleansing-balm-50ml\/#breadcrumb","itemListElement":[{"@type":"ListItem","position":1,"name":"\u0413\u043b\u0430\u0432\u043d\u0430\u044f \u0441\u0442\u0440\u0430\u043d\u0438\u0446\u0430","item":"https:\/\/idakorea.ee\/"},{"@type":"ListItem","position":2,"name":"Shop","item":"https:\/\/idakorea.ee\/shop-2\/"},{"@type":"ListItem","position":3,"name":"Puhastav meigieemalduspalsam Dr. Althea Pure Grinding Cleansing Balm, 50ml"}]},{"@type":"WebSite","@id":"https:\/\/idakorea.ee\/#website","url":"https:\/\/idakorea.ee\/","name":"IDA.KOREA","description":"Korean kosmetiikan verkkokauppa","publisher":{"@id":"https:\/\/idakorea.ee\/#organization"},"alternateName":"Beauty Shop","potentialAction":[{"@type":"SearchAction","target":{"@type":"EntryPoint","urlTemplate":"https:\/\/idakorea.ee\/?s={search_term_string}"},"query-input":{"@type":"PropertyValueSpecification","valueRequired":true,"valueName":"search_term_string"}}],"inLanguage":"fi"},{"@type":"Organization","@id":"https:\/\/idakorea.ee\/#organization","name":"IDA.KOREA","url":"https:\/\/idakorea.ee\/","logo":{"@type":"ImageObject","inLanguage":"fi","@id":"https:\/\/idakorea.ee\/#\/schema\/logo\/image\/","url":"https:\/\/idakorea.ee\/wp-content\/uploads\/2024\/05\/cropped-korea3.png","contentUrl":"https:\/\/idakorea.ee\/wp-content\/uploads\/2024\/05\/cropped-korea3.png","width":688,"height":126,"caption":"IDA.KOREA"},"image":{"@id":"https:\/\/idakorea.ee\/#\/schema\/logo\/image\/"},"sameAs":["https:\/\/www.instagram.com\/ida.korea\/"]}]}},"jetpack_sharing_enabled":true,"brands":[{"id":480,"name":"DR.ALTHEA","slug":"dr-althea"}],"_links":{"self":[{"href":"https:\/\/idakorea.ee\/fi\/wp-json\/wp\/v2\/product\/15498","targetHints":{"allow":["GET"]}}],"collection":[{"href":"https:\/\/idakorea.ee\/fi\/wp-json\/wp\/v2\/product"}],"about":[{"href":"https:\/\/idakorea.ee\/fi\/wp-json\/wp\/v2\/types\/product"}],"replies":[{"embeddable":true,"href":"https:\/\/idakorea.ee\/fi\/wp-json\/wp\/v2\/comments?post=15498"}],"version-history":[{"count":2,"href":"https:\/\/idakorea.ee\/fi\/wp-json\/wp\/v2\/product\/15498\/revisions"}],"predecessor-version":[{"id":15717,"href":"https:\/\/idakorea.ee\/fi\/wp-json\/wp\/v2\/product\/15498\/revisions\/15717"}],"wp:featuredmedia":[{"embeddable":true,"href":"https:\/\/idakorea.ee\/fi\/wp-json\/wp\/v2\/media\/15499"}],"wp:attachment":[{"href":"https:\/\/idakorea.ee\/fi\/wp-json\/wp\/v2\/media?parent=15498"}],"wp:term":[{"taxonomy":"pwb-brand","embeddable":true,"href":"https:\/\/idakorea.ee\/fi\/wp-json\/wp\/v2\/pwb-brand?post=15498"},{"taxonomy":"product_brand","embeddable":true,"href":"https:\/\/idakorea.ee\/fi\/wp-json\/wp\/v2\/product_brand?post=15498"},{"taxonomy":"product_cat","embeddable":true,"href":"https:\/\/idakorea.ee\/fi\/wp-json\/wp\/v2\/product_cat?post=15498"},{"taxonomy":"product_tag","embeddable":true,"href":"https:\/\/idakorea.ee\/fi\/wp-json\/wp\/v2\/product_tag?post=15498"}],"curies":[{"name":"wp","href":"https:\/\/api.w.org\/{rel}","templated":true}]}}