{"id":15507,"date":"2025-08-11T14:50:09","date_gmt":"2025-08-11T11:50:09","guid":{"rendered":"https:\/\/idakorea.ee\/?post_type=product&#038;p=15507"},"modified":"2026-03-28T11:22:02","modified_gmt":"2026-03-28T09:22:02","slug":"pyunkang-yul-1-3-cotton-pad-160tk","status":"publish","type":"product","link":"https:\/\/idakorea.ee\/fi\/product\/pyunkang-yul-1-3-cotton-pad-160tk\/","title":{"rendered":"Monik\u00e4ytt\u00f6iset vanulappuja Pyunkang Yul 1\/3 vanulappu, 160 kpl"},"content":{"rendered":"<p>Monik\u00e4ytt\u00f6iset vanulaput <strong>Pyunkang Yul 1\/3 vanulappu<\/strong> Sopivat t\u00e4ydellisesti moneen tarkoitukseen: meikinpoistoon ja ihon puhdistukseen, kasvoveden tai meikkivoiteen levitt\u00e4miseen sek\u00e4 nopeasti vaikuttavana paikallisena naamiona k\u00e4ytett\u00e4v\u00e4ksi. Pehme\u00e4st\u00e4 puuvillasta valmistetut naamiot imev\u00e4t nesteit\u00e4 hyvin ja palauttavat ne iholle \u00e4rsytt\u00e4m\u00e4tt\u00e4.<\/p>\n<p>Hyv\u00e4n imukykyns\u00e4 ja l\u00e4p\u00e4isevyytens\u00e4 ansiosta tyynyt mahdollistavat kasvoveden s\u00e4\u00e4steli\u00e4\u00e4n k\u00e4yt\u00f6n \u2013 vain kolmannes tavallisesta m\u00e4\u00e4r\u00e4st\u00e4. Joustavasta ja pehme\u00e4st\u00e4, sienim\u00e4isest\u00e4 materiaalista valmistetut tyynyt eiv\u00e4t j\u00e4t\u00e4 j\u00e4lki\u00e4 tai nukkaa iholle tuotetta levitett\u00e4ess\u00e4.<\/p>\n<p><strong>K\u00e4ytt\u00f6:<\/strong> Levit\u00e4 haluttua tuotetta vanulappuun ja pyyhi kasvot sill\u00e4. Voidaan k\u00e4ytt\u00e4\u00e4 my\u00f6s paikallisena naamiona \u2013 kostuta vanulappu runsaasti ja aseta se halutulle alueelle 10\u201315 minuutiksi.<\/p>","protected":false},"excerpt":{"rendered":"<p>Pyunkang Yul 1\/3 -vanulappuja voi k\u00e4ytt\u00e4\u00e4 monenlaisiin tarkoituksiin: meikinpoistoon ja ihon puhdistukseen, kasvoveden tai -uutetta levitt\u00e4miseen sek\u00e4 nopeasti vaikuttavana naamiona. Pehme\u00e4st\u00e4 puuvillasta valmistetut vanulappuja k\u00e4ytet\u00e4\u00e4n hyvin nesteiden imeytymiseen ja niiden palauttamiseen iholle \u00e4rsytt\u00e4m\u00e4tt\u00e4 ihoa. Hyv\u00e4n imukykyns\u00e4 ja l\u00e4p\u00e4isevyytens\u00e4 ansiosta vanulappujen avulla voit k\u00e4ytt\u00e4\u00e4 kasvovett\u00e4 eritt\u00e4in s\u00e4\u00e4steli\u00e4\u00e4sti \u2013 vain 1\/3 tavallisesta m\u00e4\u00e4r\u00e4st\u00e4 tarvitaan\u2026<\/p>","protected":false},"featured_media":15508,"comment_status":"open","ping_status":"closed","template":"","meta":{"_uf_show_specific_survey":0,"_uf_disable_surveys":false,"_bst_post_transparent":"default","_bst_post_title":"","_bst_post_layout":"default","_bst_post_sidebar_id":"","_bst_post_content_style":"default","_bst_post_vertical_padding":"default","_bst_post_feature":"","_bst_post_feature_position":"","_bst_post_header":false,"_bst_post_footer":false},"pwb-brand":[474],"product_brand":[],"product_cat":[463],"product_tag":[],"class_list":{"0":"post-15507","1":"product","2":"type-product","3":"status-publish","4":"has-post-thumbnail","6":"pwb-brand-pyunkang-yul","7":"product_cat-tarvikud","9":"first","10":"instock","11":"sale","12":"shipping-taxable","13":"purchasable","14":"product-type-simple","15":"entry","16":"content-bg","17":"loop-entry"},"supplier_id":null,"supplier_sku":"","barcode":null,"atum_controlled":true,"out_stock_date":null,"out_stock_threshold":null,"inheritable":false,"inbound_stock":0,"stock_on_hold":0,"sold_today":0,"sales_last_days":8,"out_stock_days":0,"lost_sales":0,"has_location":false,"update_date":"2026-04-14T00:05:12","atum_locations":[],"atum_stock_status":"instock","restock_status":false,"low_stock_amount":"","sales_update_date":"2026-04-14T00:05:12","calc_backorders":null,"yoast_head":"<!-- This site is optimized with the Yoast SEO plugin v27.2 - https:\/\/yoast.com\/product\/yoast-seo-wordpress\/ -->\n<title>Pyunkang Yul 1\/3 Cotton Pad, 160tk - IDA.KOREA<\/title>\n<meta name=\"description\" content=\"Mitmeotstarbelised vatipadjad sobivad suurep\u00e4raselt erinevateks eesm\u00e4rkideks: meigi eemaldamiseks, naha puhastamiseks, tooniku v\u00f5i essentsi pealekandmiseks, samuti kiiretoimelise lokaalse maskina kasutamiseks.\" \/>\n<meta name=\"robots\" content=\"index, follow, max-snippet:-1, max-image-preview:large, max-video-preview:-1\" \/>\n<link rel=\"canonical\" href=\"https:\/\/idakorea.ee\/fi\/product\/pyunkang-yul-1-3-cotton-pad-160tk\/\" \/>\n<meta property=\"og:locale\" content=\"fi_FI\" \/>\n<meta property=\"og:type\" content=\"article\" \/>\n<meta property=\"og:title\" content=\"Pyunkang Yul 1\/3 Cotton Pad, 160tk - IDA.KOREA\" \/>\n<meta property=\"og:description\" content=\"Mitmeotstarbelised vatipadjad sobivad suurep\u00e4raselt erinevateks eesm\u00e4rkideks: meigi eemaldamiseks, naha puhastamiseks, tooniku v\u00f5i essentsi pealekandmiseks, samuti kiiretoimelise lokaalse maskina kasutamiseks.\" \/>\n<meta property=\"og:url\" content=\"https:\/\/idakorea.ee\/fi\/product\/pyunkang-yul-1-3-cotton-pad-160tk\/\" \/>\n<meta property=\"og:site_name\" content=\"IDA.KOREA\" \/>\n<meta property=\"article:modified_time\" content=\"2026-03-28T09:22:02+00:00\" \/>\n<meta property=\"og:image\" content=\"https:\/\/idakorea.ee\/wp-content\/uploads\/2025\/08\/pyunkang-yul-cotton-pad-idakorea.png\" \/>\n\t<meta property=\"og:image:width\" content=\"1000\" \/>\n\t<meta property=\"og:image:height\" content=\"1000\" \/>\n\t<meta property=\"og:image:type\" content=\"image\/png\" \/>\n<meta name=\"twitter:card\" content=\"summary_large_image\" \/>\n<meta name=\"twitter:label1\" content=\"Arvioitu lukuaika\" \/>\n\t<meta name=\"twitter:data1\" content=\"1 minuutti\" \/>\n<script type=\"application\/ld+json\" class=\"yoast-schema-graph\">{\"@context\":\"https:\/\/schema.org\",\"@graph\":[{\"@type\":\"WebPage\",\"@id\":\"https:\/\/idakorea.ee\/product\/pyunkang-yul-1-3-cotton-pad-160tk\/\",\"url\":\"https:\/\/idakorea.ee\/product\/pyunkang-yul-1-3-cotton-pad-160tk\/\",\"name\":\"Pyunkang Yul 1\/3 Cotton Pad, 160tk - IDA.KOREA\",\"isPartOf\":{\"@id\":\"https:\/\/idakorea.ee\/#website\"},\"primaryImageOfPage\":{\"@id\":\"https:\/\/idakorea.ee\/product\/pyunkang-yul-1-3-cotton-pad-160tk\/#primaryimage\"},\"image\":{\"@id\":\"https:\/\/idakorea.ee\/product\/pyunkang-yul-1-3-cotton-pad-160tk\/#primaryimage\"},\"thumbnailUrl\":\"https:\/\/idakorea.ee\/wp-content\/uploads\/2025\/08\/pyunkang-yul-cotton-pad-idakorea.png\",\"datePublished\":\"2025-08-11T11:50:09+00:00\",\"dateModified\":\"2026-03-28T09:22:02+00:00\",\"description\":\"Mitmeotstarbelised vatipadjad sobivad suurep\u00e4raselt erinevateks eesm\u00e4rkideks: meigi eemaldamiseks, naha puhastamiseks, tooniku v\u00f5i essentsi pealekandmiseks, samuti kiiretoimelise lokaalse maskina kasutamiseks.\",\"breadcrumb\":{\"@id\":\"https:\/\/idakorea.ee\/product\/pyunkang-yul-1-3-cotton-pad-160tk\/#breadcrumb\"},\"inLanguage\":\"fi\",\"potentialAction\":[{\"@type\":\"ReadAction\",\"target\":[\"https:\/\/idakorea.ee\/product\/pyunkang-yul-1-3-cotton-pad-160tk\/\"]}]},{\"@type\":\"ImageObject\",\"inLanguage\":\"fi\",\"@id\":\"https:\/\/idakorea.ee\/product\/pyunkang-yul-1-3-cotton-pad-160tk\/#primaryimage\",\"url\":\"https:\/\/idakorea.ee\/wp-content\/uploads\/2025\/08\/pyunkang-yul-cotton-pad-idakorea.png\",\"contentUrl\":\"https:\/\/idakorea.ee\/wp-content\/uploads\/2025\/08\/pyunkang-yul-cotton-pad-idakorea.png\",\"width\":1000,\"height\":1000},{\"@type\":\"BreadcrumbList\",\"@id\":\"https:\/\/idakorea.ee\/product\/pyunkang-yul-1-3-cotton-pad-160tk\/#breadcrumb\",\"itemListElement\":[{\"@type\":\"ListItem\",\"position\":1,\"name\":\"\u0413\u043b\u0430\u0432\u043d\u0430\u044f \u0441\u0442\u0440\u0430\u043d\u0438\u0446\u0430\",\"item\":\"https:\/\/idakorea.ee\/\"},{\"@type\":\"ListItem\",\"position\":2,\"name\":\"Shop\",\"item\":\"https:\/\/idakorea.ee\/shop-2\/\"},{\"@type\":\"ListItem\",\"position\":3,\"name\":\"Mitmeotstarbelised vatipadjad Pyunkang Yul 1\/3 Cotton Pad, 160tk\"}]},{\"@type\":\"WebSite\",\"@id\":\"https:\/\/idakorea.ee\/#website\",\"url\":\"https:\/\/idakorea.ee\/\",\"name\":\"IDA.KOREA\",\"description\":\"Korea kosmeetika e-pood\",\"publisher\":{\"@id\":\"https:\/\/idakorea.ee\/#organization\"},\"alternateName\":\"Beauty Shop\",\"potentialAction\":[{\"@type\":\"SearchAction\",\"target\":{\"@type\":\"EntryPoint\",\"urlTemplate\":\"https:\/\/idakorea.ee\/?s={search_term_string}\"},\"query-input\":{\"@type\":\"PropertyValueSpecification\",\"valueRequired\":true,\"valueName\":\"search_term_string\"}}],\"inLanguage\":\"fi\"},{\"@type\":\"Organization\",\"@id\":\"https:\/\/idakorea.ee\/#organization\",\"name\":\"IDA.KOREA\",\"url\":\"https:\/\/idakorea.ee\/\",\"logo\":{\"@type\":\"ImageObject\",\"inLanguage\":\"fi\",\"@id\":\"https:\/\/idakorea.ee\/#\/schema\/logo\/image\/\",\"url\":\"https:\/\/idakorea.ee\/wp-content\/uploads\/2024\/05\/cropped-korea3.png\",\"contentUrl\":\"https:\/\/idakorea.ee\/wp-content\/uploads\/2024\/05\/cropped-korea3.png\",\"width\":688,\"height\":126,\"caption\":\"IDA.KOREA\"},\"image\":{\"@id\":\"https:\/\/idakorea.ee\/#\/schema\/logo\/image\/\"},\"sameAs\":[\"https:\/\/www.instagram.com\/ida.korea\/\"]}]}<\/script>\n<!-- \/ Yoast SEO plugin. -->","yoast_head_json":{"title":"Pyunkang Yul 1\/3 vanulappu, 160 kpl - IDA.KOREA","description":"Monik\u00e4ytt\u00f6iset vanulappuja voi k\u00e4ytt\u00e4\u00e4 monenlaisiin tarkoituksiin: meikinpoistoon, ihon puhdistukseen, kasvoveden tai meikin levitt\u00e4miseen sek\u00e4 nopeasti vaikuttavana naamiona.","robots":{"index":"index","follow":"follow","max-snippet":"max-snippet:-1","max-image-preview":"max-image-preview:large","max-video-preview":"max-video-preview:-1"},"canonical":"https:\/\/idakorea.ee\/fi\/product\/pyunkang-yul-1-3-cotton-pad-160tk\/","og_locale":"fi_FI","og_type":"article","og_title":"Pyunkang Yul 1\/3 Cotton Pad, 160tk - IDA.KOREA","og_description":"Mitmeotstarbelised vatipadjad sobivad suurep\u00e4raselt erinevateks eesm\u00e4rkideks: meigi eemaldamiseks, naha puhastamiseks, tooniku v\u00f5i essentsi pealekandmiseks, samuti kiiretoimelise lokaalse maskina kasutamiseks.","og_url":"https:\/\/idakorea.ee\/fi\/product\/pyunkang-yul-1-3-cotton-pad-160tk\/","og_site_name":"IDA.KOREA","article_modified_time":"2026-03-28T09:22:02+00:00","og_image":[{"width":1000,"height":1000,"url":"https:\/\/idakorea.ee\/wp-content\/uploads\/2025\/08\/pyunkang-yul-cotton-pad-idakorea.png","type":"image\/png"}],"twitter_card":"summary_large_image","twitter_misc":{"Arvioitu lukuaika":"1 minuutti"},"schema":{"@context":"https:\/\/schema.org","@graph":[{"@type":"WebPage","@id":"https:\/\/idakorea.ee\/product\/pyunkang-yul-1-3-cotton-pad-160tk\/","url":"https:\/\/idakorea.ee\/product\/pyunkang-yul-1-3-cotton-pad-160tk\/","name":"Pyunkang Yul 1\/3 vanulappu, 160 kpl - IDA.KOREA","isPartOf":{"@id":"https:\/\/idakorea.ee\/#website"},"primaryImageOfPage":{"@id":"https:\/\/idakorea.ee\/product\/pyunkang-yul-1-3-cotton-pad-160tk\/#primaryimage"},"image":{"@id":"https:\/\/idakorea.ee\/product\/pyunkang-yul-1-3-cotton-pad-160tk\/#primaryimage"},"thumbnailUrl":"https:\/\/idakorea.ee\/wp-content\/uploads\/2025\/08\/pyunkang-yul-cotton-pad-idakorea.png","datePublished":"2025-08-11T11:50:09+00:00","dateModified":"2026-03-28T09:22:02+00:00","description":"Monik\u00e4ytt\u00f6iset vanulappuja voi k\u00e4ytt\u00e4\u00e4 monenlaisiin tarkoituksiin: meikinpoistoon, ihon puhdistukseen, kasvoveden tai meikin levitt\u00e4miseen sek\u00e4 nopeasti vaikuttavana naamiona.","breadcrumb":{"@id":"https:\/\/idakorea.ee\/product\/pyunkang-yul-1-3-cotton-pad-160tk\/#breadcrumb"},"inLanguage":"fi","potentialAction":[{"@type":"ReadAction","target":["https:\/\/idakorea.ee\/product\/pyunkang-yul-1-3-cotton-pad-160tk\/"]}]},{"@type":"ImageObject","inLanguage":"fi","@id":"https:\/\/idakorea.ee\/product\/pyunkang-yul-1-3-cotton-pad-160tk\/#primaryimage","url":"https:\/\/idakorea.ee\/wp-content\/uploads\/2025\/08\/pyunkang-yul-cotton-pad-idakorea.png","contentUrl":"https:\/\/idakorea.ee\/wp-content\/uploads\/2025\/08\/pyunkang-yul-cotton-pad-idakorea.png","width":1000,"height":1000},{"@type":"BreadcrumbList","@id":"https:\/\/idakorea.ee\/product\/pyunkang-yul-1-3-cotton-pad-160tk\/#breadcrumb","itemListElement":[{"@type":"ListItem","position":1,"name":"\u0413\u043b\u0430\u0432\u043d\u0430\u044f \u0441\u0442\u0440\u0430\u043d\u0438\u0446\u0430","item":"https:\/\/idakorea.ee\/"},{"@type":"ListItem","position":2,"name":"Shop","item":"https:\/\/idakorea.ee\/shop-2\/"},{"@type":"ListItem","position":3,"name":"Mitmeotstarbelised vatipadjad Pyunkang Yul 1\/3 Cotton Pad, 160tk"}]},{"@type":"WebSite","@id":"https:\/\/idakorea.ee\/#website","url":"https:\/\/idakorea.ee\/","name":"IDA.KOREA","description":"Korean kosmetiikan verkkokauppa","publisher":{"@id":"https:\/\/idakorea.ee\/#organization"},"alternateName":"Beauty Shop","potentialAction":[{"@type":"SearchAction","target":{"@type":"EntryPoint","urlTemplate":"https:\/\/idakorea.ee\/?s={search_term_string}"},"query-input":{"@type":"PropertyValueSpecification","valueRequired":true,"valueName":"search_term_string"}}],"inLanguage":"fi"},{"@type":"Organization","@id":"https:\/\/idakorea.ee\/#organization","name":"IDA.KOREA","url":"https:\/\/idakorea.ee\/","logo":{"@type":"ImageObject","inLanguage":"fi","@id":"https:\/\/idakorea.ee\/#\/schema\/logo\/image\/","url":"https:\/\/idakorea.ee\/wp-content\/uploads\/2024\/05\/cropped-korea3.png","contentUrl":"https:\/\/idakorea.ee\/wp-content\/uploads\/2024\/05\/cropped-korea3.png","width":688,"height":126,"caption":"IDA.KOREA"},"image":{"@id":"https:\/\/idakorea.ee\/#\/schema\/logo\/image\/"},"sameAs":["https:\/\/www.instagram.com\/ida.korea\/"]}]}},"jetpack_sharing_enabled":true,"brands":[{"id":474,"name":"PYUNKANG YUL","slug":"pyunkang-yul"}],"_links":{"self":[{"href":"https:\/\/idakorea.ee\/fi\/wp-json\/wp\/v2\/product\/15507","targetHints":{"allow":["GET"]}}],"collection":[{"href":"https:\/\/idakorea.ee\/fi\/wp-json\/wp\/v2\/product"}],"about":[{"href":"https:\/\/idakorea.ee\/fi\/wp-json\/wp\/v2\/types\/product"}],"replies":[{"embeddable":true,"href":"https:\/\/idakorea.ee\/fi\/wp-json\/wp\/v2\/comments?post=15507"}],"version-history":[{"count":1,"href":"https:\/\/idakorea.ee\/fi\/wp-json\/wp\/v2\/product\/15507\/revisions"}],"predecessor-version":[{"id":15511,"href":"https:\/\/idakorea.ee\/fi\/wp-json\/wp\/v2\/product\/15507\/revisions\/15511"}],"wp:featuredmedia":[{"embeddable":true,"href":"https:\/\/idakorea.ee\/fi\/wp-json\/wp\/v2\/media\/15508"}],"wp:attachment":[{"href":"https:\/\/idakorea.ee\/fi\/wp-json\/wp\/v2\/media?parent=15507"}],"wp:term":[{"taxonomy":"pwb-brand","embeddable":true,"href":"https:\/\/idakorea.ee\/fi\/wp-json\/wp\/v2\/pwb-brand?post=15507"},{"taxonomy":"product_brand","embeddable":true,"href":"https:\/\/idakorea.ee\/fi\/wp-json\/wp\/v2\/product_brand?post=15507"},{"taxonomy":"product_cat","embeddable":true,"href":"https:\/\/idakorea.ee\/fi\/wp-json\/wp\/v2\/product_cat?post=15507"},{"taxonomy":"product_tag","embeddable":true,"href":"https:\/\/idakorea.ee\/fi\/wp-json\/wp\/v2\/product_tag?post=15507"}],"curies":[{"name":"wp","href":"https:\/\/api.w.org\/{rel}","templated":true}]}}