{"id":15523,"date":"2025-08-12T16:56:32","date_gmt":"2025-08-12T13:56:32","guid":{"rendered":"https:\/\/idakorea.ee\/?post_type=product&#038;p=15523"},"modified":"2026-03-24T13:57:13","modified_gmt":"2026-03-24T11:57:13","slug":"dear-klairs-supple-preparation-unscented-toner","status":"publish","type":"product","link":"https:\/\/idakorea.ee\/fi\/product\/dear-klairs-supple-preparation-unscented-toner\/","title":{"rendered":"Palauttava kasvovesi Rakas, Klairs Supple Preparation Hajusteeton kasvovesi"},"content":{"rendered":"<p data-start=\"36\" data-end=\"203\"><strong data-start=\"36\" data-end=\"87\">Dear, Klairs Supple Preparation Unscented Toner<\/strong> Palauttaa ihon optimaalisen pH-tasapainon puhdistuksen j\u00e4lkeen ja tehostaa kaikkia seuraavia hoitovaiheita.<\/p>\n<p data-start=\"205\" data-end=\"323\">Tuote kosteuttaa ja ravitsee ihoa tehokkaasti, poistaa hilseily\u00e4 ja kuivuutta, ei \u00e4rsyt\u00e4 ihoa ja s\u00e4\u00e4telee talin erityst\u00e4.<\/p>\n<p data-start=\"325\" data-end=\"515\">Kevyt koostumus ei sis\u00e4ll\u00e4 \u00f6ljyj\u00e4 eik\u00e4 tee ihoa raskaaksi, eik\u00e4 kasvovesi sis\u00e4ll\u00e4 lis\u00e4ttyj\u00e4 hajusteita tai haitallisia ainesosia, kuten alkoholia, parabeeneja tai muita \u00e4rsytt\u00e4vi\u00e4 aineita.<\/p>\n<p data-start=\"517\" data-end=\"598\">Pehme\u00e4 koostumus levittyy nopeasti iholle eik\u00e4 j\u00e4t\u00e4 tahmeaa tai raskasta tunnetta.<\/p>\n<p data-start=\"600\" data-end=\"626\"><strong data-start=\"600\" data-end=\"624\">T\u00e4rkeimm\u00e4t vaikuttavat aineet:<\/strong><\/p>\n<ul data-start=\"628\" data-end=\"2287\">\n<li data-start=\"628\" data-end=\"915\">\n<p data-start=\"630\" data-end=\"915\"><strong data-start=\"630\" data-end=\"652\">Soijapolypeptidit<\/strong> \u2013 saatu fermentoimalla soijaproteiineja Bacillis natti -bakteerin kanssa, sis\u00e4lt\u00e4\u00e4 peptidien ja aminohappojen seoksen. Ne lis\u00e4\u00e4v\u00e4t ihon luonnollisen kosteustekij\u00e4n tuotantoa, parantavat kimmoisuutta, poistavat keratiinij\u00e4\u00e4mi\u00e4 epidermiksen pinnalta ja palauttavat ihon vahvuuden.<\/p>\n<\/li>\n<li data-start=\"916\" data-end=\"1244\">\n<p data-start=\"918\" data-end=\"1244\"><strong data-start=\"918\" data-end=\"941\">Kuparitripeptidi-1<\/strong> \u2013 palauttaa vaurioituneiden fibroblastien toiminnan, k\u00e4ynnist\u00e4\u00e4 ja tukee kollageenisynteesi\u00e4, stimuloi ihon sis\u00e4ist\u00e4 uudistumista. Edist\u00e4\u00e4 arven imeytymist\u00e4 ja uudelleenmuodostumista, aktivoi lepotilassa olevia kantasoluja, toimii antioksidanttisesti, v\u00e4hent\u00e4\u00e4 tulehdusta ja suojaa ihoa ulkoisilta stressitekij\u00f6ilt\u00e4.<\/p>\n<\/li>\n<li data-start=\"1245\" data-end=\"1445\">\n<p data-start=\"1247\" data-end=\"1445\"><strong data-start=\"1247\" data-end=\"1264\">Hyaluronihappo<\/strong> \u2013 luo n\u00e4kym\u00e4tt\u00f6m\u00e4n suojakerroksen, joka est\u00e4\u00e4 kosteuden haihtumista, parantaa ihon rakennetta, edist\u00e4\u00e4 solujen uusiutumista, v\u00e4hent\u00e4\u00e4 hienoja ryppyj\u00e4 ja tekee ihosta sile\u00e4n ja pehme\u00e4n.<\/p>\n<\/li>\n<li data-start=\"1446\" data-end=\"1664\">\n<p data-start=\"1448\" data-end=\"1664\"><strong data-start=\"1448\" data-end=\"1475\">Aasian vesikrassiuute<\/strong> \u2013 sill\u00e4 on tulehdusta ehk\u00e4isevi\u00e4 ja haavaumia parantavia vaikutuksia, se palauttaa ihon suojamuuritoiminnon ja kosteustasapainon, v\u00e4hent\u00e4\u00e4 herkkyytt\u00e4 ja turvotusta, vahvistaa verisuonia ja v\u00e4hent\u00e4\u00e4 couperosan n\u00e4kyvyytt\u00e4.<\/p>\n<\/li>\n<li data-start=\"1665\" data-end=\"1815\">\n<p data-start=\"1667\" data-end=\"1815\"><strong data-start=\"1667\" data-end=\"1687\">Lakritsiuute<\/strong> \u2013 pehment\u00e4\u00e4, sill\u00e4 on tulehdusta ehk\u00e4isevi\u00e4 ja puhdistavia vaikutuksia, auttaa kirkastamaan ihon s\u00e4vy\u00e4, edist\u00e4\u00e4 palautumista ja paranemista.<\/p>\n<\/li>\n<li data-start=\"1816\" data-end=\"1909\">\n<p data-start=\"1818\" data-end=\"1909\"><strong data-start=\"1818\" data-end=\"1834\">Beetaglukaani<\/strong> \u2013 aktivoi solujen uusiutumisprosessin ja suojaa valoik\u00e4\u00e4ntymiselt\u00e4.<\/p>\n<\/li>\n<li data-start=\"1910\" data-end=\"2066\">\n<p data-start=\"1912\" data-end=\"2066\"><strong data-start=\"1912\" data-end=\"1931\">Aloe-uute<\/strong> \u2013 sill\u00e4 on antibakteerisia, tulehdusta ehk\u00e4isevi\u00e4, rauhoittavia, haavaumia parantavia ja antioksidanttisia vaikutuksia sek\u00e4 se kiinteytt\u00e4\u00e4 ja viilent\u00e4\u00e4 ihoa.<\/p>\n<\/li>\n<li data-start=\"2067\" data-end=\"2287\">\n<p data-start=\"2069\" data-end=\"2287\"><strong data-start=\"2069\" data-end=\"2086\">Ruusuutetta<\/strong> \u2013 nuorentavilla, virkist\u00e4vill\u00e4 ja kosteuttavilla vaikutuksilla, antioksidanttisuoja, joka auttaa palauttamaan ihon luonnollisen puolustuskyvyn ulkoisia vaikutuksia vastaan. Pehment\u00e4\u00e4 ja ravitsee ihoa, palauttaa s\u00e4vyn ja parantaa ihonv\u00e4ri\u00e4.<\/p>\n<\/li>\n<\/ul>\n<p data-start=\"2289\" data-end=\"2335\">Sopii herk\u00e4lle, rasvoittuvalle iholle.<\/p>\n<p data-start=\"2337\" data-end=\"2440\"><strong data-start=\"2337\" data-end=\"2352\">K\u00e4ytt\u00f6:<\/strong> Levit\u00e4 tarvittava m\u00e4\u00e4r\u00e4 tuotetta kasvoillesi puhdistuksen j\u00e4lkeen ja levit\u00e4 hell\u00e4varaisesti sormenp\u00e4ill\u00e4.<\/p>","protected":false},"excerpt":{"rendered":"<p>Hyv\u00e4 Klairs Supple Preparation -hajusteeton kasvovesi palauttaa ihon optimaalisen pH-tasapainon puhdistuksen j\u00e4lkeen ja parantaa kaikkien seuraavien hoitovaiheiden tehokkuutta. Tuote kosteuttaa ja ravitsee ihoa tehokkaasti, poistaa hilseily\u00e4 ja kuivuutta, ei \u00e4rsyt\u00e4 ihoa ja s\u00e4\u00e4telee talin erityst\u00e4. Kevyt koostumus ei sis\u00e4ll\u00e4 \u00f6ljyj\u00e4 eik\u00e4 tee ihosta raskaan tuntuista, eik\u00e4 siin\u00e4 ole lis\u00e4ttyj\u00e4 hajusteita tai haitallisia ainesosia, kuten alkoholia, parabeeneja tai\u2026<\/p>","protected":false},"featured_media":15524,"comment_status":"open","ping_status":"closed","template":"","meta":{"_uf_show_specific_survey":0,"_uf_disable_surveys":false,"_bst_post_transparent":"default","_bst_post_title":"","_bst_post_layout":"default","_bst_post_sidebar_id":"","_bst_post_content_style":"default","_bst_post_vertical_padding":"default","_bst_post_feature":"","_bst_post_feature_position":"","_bst_post_header":false,"_bst_post_footer":false},"pwb-brand":[891],"product_brand":[],"product_cat":[92,158],"product_tag":[214,975],"class_list":{"0":"post-15523","1":"product","2":"type-product","3":"status-publish","4":"has-post-thumbnail","6":"pwb-brand-dear","7":"product_cat-nagu","8":"product_cat-toonik","9":"product_tag-rasune-nahk","10":"product_tag-tooner","12":"first","13":"instock","14":"sale","15":"shipping-taxable","16":"purchasable","17":"product-type-variable","18":"entry","19":"content-bg","20":"loop-entry"},"supplier_id":null,"supplier_sku":"","barcode":null,"atum_controlled":true,"out_stock_date":null,"out_stock_threshold":null,"inheritable":true,"inbound_stock":0,"stock_on_hold":0,"sold_today":0,"sales_last_days":1,"out_stock_days":0,"lost_sales":0,"has_location":false,"update_date":"2026-04-14T00:05:05","atum_locations":[],"atum_stock_status":"instock","restock_status":false,"low_stock_amount":"","sales_update_date":"2026-04-14T00:05:05","calc_backorders":null,"yoast_head":"<!-- This site is optimized with the Yoast SEO plugin v27.2 - https:\/\/yoast.com\/product\/yoast-seo-wordpress\/ -->\n<title>Dear, Klairs Supple Preparation Unscented Toner - IDA.KOREA<\/title>\n<meta name=\"description\" content=\"Dear, Klairs Supple Preparation Unscented Toner taastab naha pH-tasakaalu, niisutab ja rahustab tundlikku nahka. Sobib rasusele ja tundlikule nahale.\" \/>\n<meta name=\"robots\" content=\"index, follow, max-snippet:-1, max-image-preview:large, max-video-preview:-1\" \/>\n<link rel=\"canonical\" href=\"https:\/\/idakorea.ee\/fi\/product\/dear-klairs-supple-preparation-unscented-toner\/\" \/>\n<meta property=\"og:locale\" content=\"fi_FI\" \/>\n<meta property=\"og:type\" content=\"article\" \/>\n<meta property=\"og:title\" content=\"Dear, Klairs Supple Preparation Unscented Toner - IDA.KOREA\" \/>\n<meta property=\"og:description\" content=\"Dear, Klairs Supple Preparation Unscented Toner taastab naha pH-tasakaalu, niisutab ja rahustab tundlikku nahka. Sobib rasusele ja tundlikule nahale.\" \/>\n<meta property=\"og:url\" content=\"https:\/\/idakorea.ee\/fi\/product\/dear-klairs-supple-preparation-unscented-toner\/\" \/>\n<meta property=\"og:site_name\" content=\"IDA.KOREA\" \/>\n<meta property=\"article:modified_time\" content=\"2026-03-24T11:57:13+00:00\" \/>\n<meta property=\"og:image\" content=\"https:\/\/idakorea.ee\/wp-content\/uploads\/2025\/08\/dear_-klairs-supple-preparation-unscented-toner-idakorea-1.jpg\" \/>\n\t<meta property=\"og:image:width\" content=\"1000\" \/>\n\t<meta property=\"og:image:height\" content=\"1000\" \/>\n\t<meta property=\"og:image:type\" content=\"image\/jpeg\" \/>\n<meta name=\"twitter:card\" content=\"summary_large_image\" \/>\n<meta name=\"twitter:label1\" content=\"Arvioitu lukuaika\" \/>\n\t<meta name=\"twitter:data1\" content=\"2 minuuttia\" \/>\n<script type=\"application\/ld+json\" class=\"yoast-schema-graph\">{\"@context\":\"https:\/\/schema.org\",\"@graph\":[{\"@type\":\"WebPage\",\"@id\":\"https:\/\/idakorea.ee\/product\/dear-klairs-supple-preparation-unscented-toner\/\",\"url\":\"https:\/\/idakorea.ee\/product\/dear-klairs-supple-preparation-unscented-toner\/\",\"name\":\"Dear, Klairs Supple Preparation Unscented Toner - IDA.KOREA\",\"isPartOf\":{\"@id\":\"https:\/\/idakorea.ee\/#website\"},\"primaryImageOfPage\":{\"@id\":\"https:\/\/idakorea.ee\/product\/dear-klairs-supple-preparation-unscented-toner\/#primaryimage\"},\"image\":{\"@id\":\"https:\/\/idakorea.ee\/product\/dear-klairs-supple-preparation-unscented-toner\/#primaryimage\"},\"thumbnailUrl\":\"https:\/\/idakorea.ee\/wp-content\/uploads\/2025\/08\/dear_-klairs-supple-preparation-unscented-toner-idakorea-1.jpg\",\"datePublished\":\"2025-08-12T13:56:32+00:00\",\"dateModified\":\"2026-03-24T11:57:13+00:00\",\"description\":\"Dear, Klairs Supple Preparation Unscented Toner taastab naha pH-tasakaalu, niisutab ja rahustab tundlikku nahka. Sobib rasusele ja tundlikule nahale.\",\"breadcrumb\":{\"@id\":\"https:\/\/idakorea.ee\/product\/dear-klairs-supple-preparation-unscented-toner\/#breadcrumb\"},\"inLanguage\":\"fi\",\"potentialAction\":[{\"@type\":\"ReadAction\",\"target\":[\"https:\/\/idakorea.ee\/product\/dear-klairs-supple-preparation-unscented-toner\/\"]}]},{\"@type\":\"ImageObject\",\"inLanguage\":\"fi\",\"@id\":\"https:\/\/idakorea.ee\/product\/dear-klairs-supple-preparation-unscented-toner\/#primaryimage\",\"url\":\"https:\/\/idakorea.ee\/wp-content\/uploads\/2025\/08\/dear_-klairs-supple-preparation-unscented-toner-idakorea-1.jpg\",\"contentUrl\":\"https:\/\/idakorea.ee\/wp-content\/uploads\/2025\/08\/dear_-klairs-supple-preparation-unscented-toner-idakorea-1.jpg\",\"width\":1000,\"height\":1000},{\"@type\":\"BreadcrumbList\",\"@id\":\"https:\/\/idakorea.ee\/product\/dear-klairs-supple-preparation-unscented-toner\/#breadcrumb\",\"itemListElement\":[{\"@type\":\"ListItem\",\"position\":1,\"name\":\"\u0413\u043b\u0430\u0432\u043d\u0430\u044f \u0441\u0442\u0440\u0430\u043d\u0438\u0446\u0430\",\"item\":\"https:\/\/idakorea.ee\/\"},{\"@type\":\"ListItem\",\"position\":2,\"name\":\"Shop\",\"item\":\"https:\/\/idakorea.ee\/shop-2\/\"},{\"@type\":\"ListItem\",\"position\":3,\"name\":\"Taastav tooner Dear, Klairs Supple Preparation Unscented Toner\"}]},{\"@type\":\"WebSite\",\"@id\":\"https:\/\/idakorea.ee\/#website\",\"url\":\"https:\/\/idakorea.ee\/\",\"name\":\"IDA.KOREA\",\"description\":\"Korea kosmeetika e-pood\",\"publisher\":{\"@id\":\"https:\/\/idakorea.ee\/#organization\"},\"alternateName\":\"Beauty Shop\",\"potentialAction\":[{\"@type\":\"SearchAction\",\"target\":{\"@type\":\"EntryPoint\",\"urlTemplate\":\"https:\/\/idakorea.ee\/?s={search_term_string}\"},\"query-input\":{\"@type\":\"PropertyValueSpecification\",\"valueRequired\":true,\"valueName\":\"search_term_string\"}}],\"inLanguage\":\"fi\"},{\"@type\":\"Organization\",\"@id\":\"https:\/\/idakorea.ee\/#organization\",\"name\":\"IDA.KOREA\",\"url\":\"https:\/\/idakorea.ee\/\",\"logo\":{\"@type\":\"ImageObject\",\"inLanguage\":\"fi\",\"@id\":\"https:\/\/idakorea.ee\/#\/schema\/logo\/image\/\",\"url\":\"https:\/\/idakorea.ee\/wp-content\/uploads\/2024\/05\/cropped-korea3.png\",\"contentUrl\":\"https:\/\/idakorea.ee\/wp-content\/uploads\/2024\/05\/cropped-korea3.png\",\"width\":688,\"height\":126,\"caption\":\"IDA.KOREA\"},\"image\":{\"@id\":\"https:\/\/idakorea.ee\/#\/schema\/logo\/image\/\"},\"sameAs\":[\"https:\/\/www.instagram.com\/ida.korea\/\"]}]}<\/script>\n<!-- \/ Yoast SEO plugin. -->","yoast_head_json":{"title":"Dear, Klairs Supple Preparation -hajusteeton kasvovesi - IDA.KOREA","description":"Klairs Supple Preparation -hajusteeton kasvovesi palauttaa ihon pH-tasapainon, kosteuttaa ja rauhoittaa herkk\u00e4\u00e4 ihoa. Sopii rasvaiselle ja herk\u00e4lle iholle.","robots":{"index":"index","follow":"follow","max-snippet":"max-snippet:-1","max-image-preview":"max-image-preview:large","max-video-preview":"max-video-preview:-1"},"canonical":"https:\/\/idakorea.ee\/fi\/product\/dear-klairs-supple-preparation-unscented-toner\/","og_locale":"fi_FI","og_type":"article","og_title":"Dear, Klairs Supple Preparation Unscented Toner - IDA.KOREA","og_description":"Dear, Klairs Supple Preparation Unscented Toner taastab naha pH-tasakaalu, niisutab ja rahustab tundlikku nahka. Sobib rasusele ja tundlikule nahale.","og_url":"https:\/\/idakorea.ee\/fi\/product\/dear-klairs-supple-preparation-unscented-toner\/","og_site_name":"IDA.KOREA","article_modified_time":"2026-03-24T11:57:13+00:00","og_image":[{"width":1000,"height":1000,"url":"https:\/\/idakorea.ee\/wp-content\/uploads\/2025\/08\/dear_-klairs-supple-preparation-unscented-toner-idakorea-1.jpg","type":"image\/jpeg"}],"twitter_card":"summary_large_image","twitter_misc":{"Arvioitu lukuaika":"2 minuuttia"},"schema":{"@context":"https:\/\/schema.org","@graph":[{"@type":"WebPage","@id":"https:\/\/idakorea.ee\/product\/dear-klairs-supple-preparation-unscented-toner\/","url":"https:\/\/idakorea.ee\/product\/dear-klairs-supple-preparation-unscented-toner\/","name":"Dear, Klairs Supple Preparation -hajusteeton kasvovesi - IDA.KOREA","isPartOf":{"@id":"https:\/\/idakorea.ee\/#website"},"primaryImageOfPage":{"@id":"https:\/\/idakorea.ee\/product\/dear-klairs-supple-preparation-unscented-toner\/#primaryimage"},"image":{"@id":"https:\/\/idakorea.ee\/product\/dear-klairs-supple-preparation-unscented-toner\/#primaryimage"},"thumbnailUrl":"https:\/\/idakorea.ee\/wp-content\/uploads\/2025\/08\/dear_-klairs-supple-preparation-unscented-toner-idakorea-1.jpg","datePublished":"2025-08-12T13:56:32+00:00","dateModified":"2026-03-24T11:57:13+00:00","description":"Klairs Supple Preparation -hajusteeton kasvovesi palauttaa ihon pH-tasapainon, kosteuttaa ja rauhoittaa herkk\u00e4\u00e4 ihoa. Sopii rasvaiselle ja herk\u00e4lle iholle.","breadcrumb":{"@id":"https:\/\/idakorea.ee\/product\/dear-klairs-supple-preparation-unscented-toner\/#breadcrumb"},"inLanguage":"fi","potentialAction":[{"@type":"ReadAction","target":["https:\/\/idakorea.ee\/product\/dear-klairs-supple-preparation-unscented-toner\/"]}]},{"@type":"ImageObject","inLanguage":"fi","@id":"https:\/\/idakorea.ee\/product\/dear-klairs-supple-preparation-unscented-toner\/#primaryimage","url":"https:\/\/idakorea.ee\/wp-content\/uploads\/2025\/08\/dear_-klairs-supple-preparation-unscented-toner-idakorea-1.jpg","contentUrl":"https:\/\/idakorea.ee\/wp-content\/uploads\/2025\/08\/dear_-klairs-supple-preparation-unscented-toner-idakorea-1.jpg","width":1000,"height":1000},{"@type":"BreadcrumbList","@id":"https:\/\/idakorea.ee\/product\/dear-klairs-supple-preparation-unscented-toner\/#breadcrumb","itemListElement":[{"@type":"ListItem","position":1,"name":"\u0413\u043b\u0430\u0432\u043d\u0430\u044f \u0441\u0442\u0440\u0430\u043d\u0438\u0446\u0430","item":"https:\/\/idakorea.ee\/"},{"@type":"ListItem","position":2,"name":"Shop","item":"https:\/\/idakorea.ee\/shop-2\/"},{"@type":"ListItem","position":3,"name":"Taastav tooner Dear, Klairs Supple Preparation Unscented Toner"}]},{"@type":"WebSite","@id":"https:\/\/idakorea.ee\/#website","url":"https:\/\/idakorea.ee\/","name":"IDA.KOREA","description":"Korean kosmetiikan verkkokauppa","publisher":{"@id":"https:\/\/idakorea.ee\/#organization"},"alternateName":"Beauty Shop","potentialAction":[{"@type":"SearchAction","target":{"@type":"EntryPoint","urlTemplate":"https:\/\/idakorea.ee\/?s={search_term_string}"},"query-input":{"@type":"PropertyValueSpecification","valueRequired":true,"valueName":"search_term_string"}}],"inLanguage":"fi"},{"@type":"Organization","@id":"https:\/\/idakorea.ee\/#organization","name":"IDA.KOREA","url":"https:\/\/idakorea.ee\/","logo":{"@type":"ImageObject","inLanguage":"fi","@id":"https:\/\/idakorea.ee\/#\/schema\/logo\/image\/","url":"https:\/\/idakorea.ee\/wp-content\/uploads\/2024\/05\/cropped-korea3.png","contentUrl":"https:\/\/idakorea.ee\/wp-content\/uploads\/2024\/05\/cropped-korea3.png","width":688,"height":126,"caption":"IDA.KOREA"},"image":{"@id":"https:\/\/idakorea.ee\/#\/schema\/logo\/image\/"},"sameAs":["https:\/\/www.instagram.com\/ida.korea\/"]}]}},"jetpack_sharing_enabled":true,"brands":[{"id":891,"name":"DEAR, KLAIRS","slug":"dear"}],"_links":{"self":[{"href":"https:\/\/idakorea.ee\/fi\/wp-json\/wp\/v2\/product\/15523","targetHints":{"allow":["GET"]}}],"collection":[{"href":"https:\/\/idakorea.ee\/fi\/wp-json\/wp\/v2\/product"}],"about":[{"href":"https:\/\/idakorea.ee\/fi\/wp-json\/wp\/v2\/types\/product"}],"replies":[{"embeddable":true,"href":"https:\/\/idakorea.ee\/fi\/wp-json\/wp\/v2\/comments?post=15523"}],"version-history":[{"count":1,"href":"https:\/\/idakorea.ee\/fi\/wp-json\/wp\/v2\/product\/15523\/revisions"}],"predecessor-version":[{"id":15529,"href":"https:\/\/idakorea.ee\/fi\/wp-json\/wp\/v2\/product\/15523\/revisions\/15529"}],"wp:featuredmedia":[{"embeddable":true,"href":"https:\/\/idakorea.ee\/fi\/wp-json\/wp\/v2\/media\/15524"}],"wp:attachment":[{"href":"https:\/\/idakorea.ee\/fi\/wp-json\/wp\/v2\/media?parent=15523"}],"wp:term":[{"taxonomy":"pwb-brand","embeddable":true,"href":"https:\/\/idakorea.ee\/fi\/wp-json\/wp\/v2\/pwb-brand?post=15523"},{"taxonomy":"product_brand","embeddable":true,"href":"https:\/\/idakorea.ee\/fi\/wp-json\/wp\/v2\/product_brand?post=15523"},{"taxonomy":"product_cat","embeddable":true,"href":"https:\/\/idakorea.ee\/fi\/wp-json\/wp\/v2\/product_cat?post=15523"},{"taxonomy":"product_tag","embeddable":true,"href":"https:\/\/idakorea.ee\/fi\/wp-json\/wp\/v2\/product_tag?post=15523"}],"curies":[{"name":"wp","href":"https:\/\/api.w.org\/{rel}","templated":true}]}}