{"id":15530,"date":"2025-08-12T17:06:59","date_gmt":"2025-08-12T14:06:59","guid":{"rendered":"https:\/\/idakorea.ee\/?post_type=product&#038;p=15530"},"modified":"2026-01-29T16:28:31","modified_gmt":"2026-01-29T14:28:31","slug":"dear-klairs-midnight-blue-clearing-water-cream","status":"publish","type":"product","link":"https:\/\/idakorea.ee\/fi\/product\/dear-klairs-midnight-blue-clearing-water-cream\/","title":{"rendered":"Dear, Klairs Midnight Blue Clearing Water Cream"},"content":{"rendered":"<p data-start=\"36\" data-end=\"274\"><strong data-start=\"36\" data-end=\"87\">Dear, Klairs Midnight Blue Clearing Water Cream<\/strong> \u2013 kevyt, rauhoittava kasvovoide, joka sis\u00e4lt\u00e4\u00e4 guaiazuleenia, v\u00e4hent\u00e4\u00e4 ihon herkkyytt\u00e4, lievitt\u00e4\u00e4 \u00e4rsytyst\u00e4 ja kutinaa sek\u00e4 v\u00e4hent\u00e4\u00e4 aknen riski\u00e4. Kosteuttaa ja poistaa hilseily\u00e4, tasoittaa ihon s\u00e4vy\u00e4.<\/p>\n<p data-start=\"276\" data-end=\"564\">Voide viilent\u00e4\u00e4, v\u00e4hent\u00e4\u00e4 polttavaa tunnetta ja punoitusta. Vahvistaa kapillaareja ja v\u00e4hent\u00e4\u00e4 n\u00e4kyv\u00e4n verisuoniverkoston intensiteetti\u00e4. Parantaa ihon hydrolipidisuojaa ja lis\u00e4\u00e4 sen vastustuskyky\u00e4 ulkoisille \u00e4rsykkeille - kuivalle ilmalle, \u00e4killisille l\u00e4mp\u00f6tilan muutoksille, kylm\u00e4lle tuulelle ja UV-s\u00e4teilylle.<\/p>\n<p data-start=\"566\" data-end=\"643\">Tuotteella on kevyt koostumus, joka imeytyy nopeasti eik\u00e4 j\u00e4t\u00e4 tahmeaa kerrosta.<\/p>\n<p data-start=\"645\" data-end=\"671\"><strong data-start=\"645\" data-end=\"669\">T\u00e4rkeimm\u00e4t vaikuttavat aineet:<\/strong><\/p>\n<ul data-start=\"672\" data-end=\"1575\">\n<li data-start=\"672\" data-end=\"887\">\n<p data-start=\"674\" data-end=\"887\"><strong data-start=\"674\" data-end=\"689\">Guajazuleeni<\/strong> \u2013 kamomillan eteerisest\u00e4 \u00f6ljyst\u00e4 saatavasta atsuleenista saatu, sill\u00e4 on tulehdusta ja bakteereja est\u00e4vi\u00e4 vaikutuksia, se korjaa mikrovaurioita, toimii antioksidanttina ja lis\u00e4\u00e4 paikallista ihon vastustuskyky\u00e4.<\/p>\n<\/li>\n<li data-start=\"888\" data-end=\"1077\">\n<p data-start=\"890\" data-end=\"1077\"><strong data-start=\"890\" data-end=\"931\">5 EGF:\u00e4\u00e4 (epidermaalisen kasvun tekij\u00e4\u00e4)<\/strong> \u2013 stimuloivat solujen toimintaa ja nopeuttavat uudistumista, v\u00e4hent\u00e4en ryppyjen n\u00e4kymist\u00e4, lis\u00e4\u00e4m\u00e4ll\u00e4 ihon kimmoisuutta ja torjumalla kuivuutta.<\/p>\n<\/li>\n<li data-start=\"1078\" data-end=\"1258\">\n<p data-start=\"1080\" data-end=\"1258\"><strong data-start=\"1080\" data-end=\"1112\">Niasiiniamidi (B3-vitamiini)<\/strong> \u2013 hidastaa melaniinin tunkeutumista ihoon est\u00e4en ik\u00e4l\u00e4iskien muodostumisen. S\u00e4\u00e4telee talirauhasten erityst\u00e4, v\u00e4hent\u00e4\u00e4 rasvaista kiiltoa ja supistaa ihohuokosia.<\/p>\n<\/li>\n<li data-start=\"1259\" data-end=\"1394\">\n<p data-start=\"1261\" data-end=\"1394\"><strong data-start=\"1261\" data-end=\"1282\">Kamomillahydrolaatti<\/strong> \u2013 rauhoittaa ja pehment\u00e4\u00e4, edist\u00e4\u00e4 paranemista, auttaa torjumaan couperosaa ja sill\u00e4 on antibakteerinen vaikutus.<\/p>\n<\/li>\n<li data-start=\"1395\" data-end=\"1575\">\n<p data-start=\"1397\" data-end=\"1575\"><strong data-start=\"1397\" data-end=\"1414\">Madecassosilk<\/strong> \u2013 v\u00e4hent\u00e4\u00e4 herkkyytt\u00e4, vahvistaa verisuonia ja auttaa ehk\u00e4isem\u00e4\u00e4n couperosaa. V\u00e4hent\u00e4\u00e4 punoitusta ja \u00e4rsytyst\u00e4, edist\u00e4\u00e4 paranemista ja ihon suojakerroksen palautumista.<\/p>\n<\/li>\n<\/ul>\n<p data-start=\"1577\" data-end=\"1609\">Sopii kaikille ihotyypeille.<\/p>\n<p data-start=\"1611\" data-end=\"1728\"><strong data-start=\"1611\" data-end=\"1626\">K\u00e4ytt\u00f6:<\/strong> Puhdistuksen, kasvoveden ja seerumin j\u00e4lkeen levit\u00e4 voide kasvoillesi ja levit\u00e4 tasaisesti iholle.<\/p>","protected":false},"excerpt":{"rendered":"<p>Hyv\u00e4 Klairs Midnight Blue Clearing Water Cream \u2013 kevyt, rauhoittava kasvovoide, joka sis\u00e4lt\u00e4\u00e4 guaiazuleenia. Se v\u00e4hent\u00e4\u00e4 ihon herkkyytt\u00e4, lievitt\u00e4\u00e4 \u00e4rsytyst\u00e4 ja kutinaa sek\u00e4 v\u00e4hent\u00e4\u00e4 aknen riski\u00e4. Kosteuttaa ja poistaa hilseily\u00e4, tasoittaa ihon s\u00e4vy\u00e4. Voide viilent\u00e4\u00e4, v\u00e4hent\u00e4\u00e4 polttelua ja punoitusta. Vahvistaa kapillaareja ja v\u00e4hent\u00e4\u00e4 n\u00e4kyv\u00e4n verisuoniverkoston intensiteetti\u00e4. Parantaa ihon hydrolipidisuojaa ja lis\u00e4\u00e4 sen vastustuskyky\u00e4 ulkoisille \u00e4rsykkeille \u2013 kuivalle\u2026<\/p>","protected":false},"featured_media":15531,"comment_status":"open","ping_status":"closed","template":"","meta":{"_uf_show_specific_survey":0,"_uf_disable_surveys":false,"_bst_post_transparent":"default","_bst_post_title":"","_bst_post_layout":"default","_bst_post_sidebar_id":"","_bst_post_content_style":"default","_bst_post_vertical_padding":"default","_bst_post_feature":"","_bst_post_feature_position":"","_bst_post_header":false,"_bst_post_footer":false},"pwb-brand":[891],"product_brand":[],"product_cat":[92,96],"product_tag":[976,439],"class_list":{"0":"post-15530","1":"product","2":"type-product","3":"status-publish","4":"has-post-thumbnail","6":"pwb-brand-dear","7":"product_cat-nagu","8":"product_cat-naokreemid","9":"product_tag-kreem","10":"product_tag-rahustav","12":"first","13":"instock","14":"sale","15":"shipping-taxable","16":"purchasable","17":"product-type-variable","18":"has-default-attributes","19":"entry","20":"content-bg","21":"loop-entry"},"supplier_id":null,"supplier_sku":"","barcode":null,"atum_controlled":true,"out_stock_date":"2025-09-19 11:51:43","out_stock_threshold":null,"inheritable":true,"inbound_stock":0,"stock_on_hold":0,"sold_today":0,"sales_last_days":0,"out_stock_days":206,"lost_sales":0,"has_location":false,"update_date":"2026-04-14T00:05:07","atum_locations":[],"atum_stock_status":"instock","restock_status":false,"low_stock_amount":"","sales_update_date":"2026-04-14T00:05:07","calc_backorders":null,"yoast_head":"<!-- This site is optimized with the Yoast SEO plugin v27.2 - https:\/\/yoast.com\/product\/yoast-seo-wordpress\/ -->\n<title>Dear, Klairs Midnight Blue Clearing Water Cream - IDA.KOREA<\/title>\n<meta name=\"description\" content=\"Kreem rahustab, jahutab ja tugevdab tundlikku nahka. Niisutab, \u00fchtlustab tooni ja kaitseb nahka v\u00e4liste m\u00f5jude eest. Sobib k\u00f5ikidele nahat\u00fc\u00fcpidele.\" \/>\n<meta name=\"robots\" content=\"index, follow, max-snippet:-1, max-image-preview:large, max-video-preview:-1\" \/>\n<link rel=\"canonical\" href=\"https:\/\/idakorea.ee\/fi\/product\/dear-klairs-midnight-blue-clearing-water-cream\/\" \/>\n<meta property=\"og:locale\" content=\"fi_FI\" \/>\n<meta property=\"og:type\" content=\"article\" \/>\n<meta property=\"og:title\" content=\"Dear, Klairs Midnight Blue Clearing Water Cream - IDA.KOREA\" \/>\n<meta property=\"og:description\" content=\"Kreem rahustab, jahutab ja tugevdab tundlikku nahka. Niisutab, \u00fchtlustab tooni ja kaitseb nahka v\u00e4liste m\u00f5jude eest. Sobib k\u00f5ikidele nahat\u00fc\u00fcpidele.\" \/>\n<meta property=\"og:url\" content=\"https:\/\/idakorea.ee\/fi\/product\/dear-klairs-midnight-blue-clearing-water-cream\/\" \/>\n<meta property=\"og:site_name\" content=\"IDA.KOREA\" \/>\n<meta property=\"article:modified_time\" content=\"2026-01-29T14:28:31+00:00\" \/>\n<meta property=\"og:image\" content=\"https:\/\/idakorea.ee\/wp-content\/uploads\/2025\/08\/dear-klairs-midnight-blue-slearing-water-cream-idakorea.jpg\" \/>\n\t<meta property=\"og:image:width\" content=\"1000\" \/>\n\t<meta property=\"og:image:height\" content=\"1000\" \/>\n\t<meta property=\"og:image:type\" content=\"image\/jpeg\" \/>\n<meta name=\"twitter:card\" content=\"summary_large_image\" \/>\n<meta name=\"twitter:label1\" content=\"Arvioitu lukuaika\" \/>\n\t<meta name=\"twitter:data1\" content=\"2 minuuttia\" \/>\n<script type=\"application\/ld+json\" class=\"yoast-schema-graph\">{\"@context\":\"https:\/\/schema.org\",\"@graph\":[{\"@type\":\"WebPage\",\"@id\":\"https:\/\/idakorea.ee\/product\/dear-klairs-midnight-blue-clearing-water-cream\/\",\"url\":\"https:\/\/idakorea.ee\/product\/dear-klairs-midnight-blue-clearing-water-cream\/\",\"name\":\"Dear, Klairs Midnight Blue Clearing Water Cream - IDA.KOREA\",\"isPartOf\":{\"@id\":\"https:\/\/idakorea.ee\/#website\"},\"primaryImageOfPage\":{\"@id\":\"https:\/\/idakorea.ee\/product\/dear-klairs-midnight-blue-clearing-water-cream\/#primaryimage\"},\"image\":{\"@id\":\"https:\/\/idakorea.ee\/product\/dear-klairs-midnight-blue-clearing-water-cream\/#primaryimage\"},\"thumbnailUrl\":\"https:\/\/idakorea.ee\/wp-content\/uploads\/2025\/08\/dear-klairs-midnight-blue-slearing-water-cream-idakorea.jpg\",\"datePublished\":\"2025-08-12T14:06:59+00:00\",\"dateModified\":\"2026-01-29T14:28:31+00:00\",\"description\":\"Kreem rahustab, jahutab ja tugevdab tundlikku nahka. Niisutab, \u00fchtlustab tooni ja kaitseb nahka v\u00e4liste m\u00f5jude eest. Sobib k\u00f5ikidele nahat\u00fc\u00fcpidele.\",\"breadcrumb\":{\"@id\":\"https:\/\/idakorea.ee\/product\/dear-klairs-midnight-blue-clearing-water-cream\/#breadcrumb\"},\"inLanguage\":\"fi\",\"potentialAction\":[{\"@type\":\"ReadAction\",\"target\":[\"https:\/\/idakorea.ee\/product\/dear-klairs-midnight-blue-clearing-water-cream\/\"]}]},{\"@type\":\"ImageObject\",\"inLanguage\":\"fi\",\"@id\":\"https:\/\/idakorea.ee\/product\/dear-klairs-midnight-blue-clearing-water-cream\/#primaryimage\",\"url\":\"https:\/\/idakorea.ee\/wp-content\/uploads\/2025\/08\/dear-klairs-midnight-blue-slearing-water-cream-idakorea.jpg\",\"contentUrl\":\"https:\/\/idakorea.ee\/wp-content\/uploads\/2025\/08\/dear-klairs-midnight-blue-slearing-water-cream-idakorea.jpg\",\"width\":1000,\"height\":1000},{\"@type\":\"BreadcrumbList\",\"@id\":\"https:\/\/idakorea.ee\/product\/dear-klairs-midnight-blue-clearing-water-cream\/#breadcrumb\",\"itemListElement\":[{\"@type\":\"ListItem\",\"position\":1,\"name\":\"\u0413\u043b\u0430\u0432\u043d\u0430\u044f \u0441\u0442\u0440\u0430\u043d\u0438\u0446\u0430\",\"item\":\"https:\/\/idakorea.ee\/\"},{\"@type\":\"ListItem\",\"position\":2,\"name\":\"Shop\",\"item\":\"https:\/\/idakorea.ee\/shop-2\/\"},{\"@type\":\"ListItem\",\"position\":3,\"name\":\"Kerge rahustav n\u00e4okreem Dear, Klairs Midnight Blue Clearing Water Cream\"}]},{\"@type\":\"WebSite\",\"@id\":\"https:\/\/idakorea.ee\/#website\",\"url\":\"https:\/\/idakorea.ee\/\",\"name\":\"IDA.KOREA\",\"description\":\"Korea kosmeetika e-pood\",\"publisher\":{\"@id\":\"https:\/\/idakorea.ee\/#organization\"},\"alternateName\":\"Beauty Shop\",\"potentialAction\":[{\"@type\":\"SearchAction\",\"target\":{\"@type\":\"EntryPoint\",\"urlTemplate\":\"https:\/\/idakorea.ee\/?s={search_term_string}\"},\"query-input\":{\"@type\":\"PropertyValueSpecification\",\"valueRequired\":true,\"valueName\":\"search_term_string\"}}],\"inLanguage\":\"fi\"},{\"@type\":\"Organization\",\"@id\":\"https:\/\/idakorea.ee\/#organization\",\"name\":\"IDA.KOREA\",\"url\":\"https:\/\/idakorea.ee\/\",\"logo\":{\"@type\":\"ImageObject\",\"inLanguage\":\"fi\",\"@id\":\"https:\/\/idakorea.ee\/#\/schema\/logo\/image\/\",\"url\":\"https:\/\/idakorea.ee\/wp-content\/uploads\/2024\/05\/cropped-korea3.png\",\"contentUrl\":\"https:\/\/idakorea.ee\/wp-content\/uploads\/2024\/05\/cropped-korea3.png\",\"width\":688,\"height\":126,\"caption\":\"IDA.KOREA\"},\"image\":{\"@id\":\"https:\/\/idakorea.ee\/#\/schema\/logo\/image\/\"},\"sameAs\":[\"https:\/\/www.instagram.com\/ida.korea\/\"]}]}<\/script>\n<!-- \/ Yoast SEO plugin. -->","yoast_head_json":{"title":"Dear, Klairs Midnight Blue -puhdistusvesivoide - IDA.KOREA","description":"Voide rauhoittaa, viilent\u00e4\u00e4 ja vahvistaa herkk\u00e4\u00e4 ihoa. Kosteuttaa, tasoittaa ihon s\u00e4vy\u00e4 ja suojaa ihoa ulkoisilta vaikutuksilta. Sopii kaikille ihotyypeille.","robots":{"index":"index","follow":"follow","max-snippet":"max-snippet:-1","max-image-preview":"max-image-preview:large","max-video-preview":"max-video-preview:-1"},"canonical":"https:\/\/idakorea.ee\/fi\/product\/dear-klairs-midnight-blue-clearing-water-cream\/","og_locale":"fi_FI","og_type":"article","og_title":"Dear, Klairs Midnight Blue Clearing Water Cream - IDA.KOREA","og_description":"Kreem rahustab, jahutab ja tugevdab tundlikku nahka. Niisutab, \u00fchtlustab tooni ja kaitseb nahka v\u00e4liste m\u00f5jude eest. Sobib k\u00f5ikidele nahat\u00fc\u00fcpidele.","og_url":"https:\/\/idakorea.ee\/fi\/product\/dear-klairs-midnight-blue-clearing-water-cream\/","og_site_name":"IDA.KOREA","article_modified_time":"2026-01-29T14:28:31+00:00","og_image":[{"width":1000,"height":1000,"url":"https:\/\/idakorea.ee\/wp-content\/uploads\/2025\/08\/dear-klairs-midnight-blue-slearing-water-cream-idakorea.jpg","type":"image\/jpeg"}],"twitter_card":"summary_large_image","twitter_misc":{"Arvioitu lukuaika":"2 minuuttia"},"schema":{"@context":"https:\/\/schema.org","@graph":[{"@type":"WebPage","@id":"https:\/\/idakorea.ee\/product\/dear-klairs-midnight-blue-clearing-water-cream\/","url":"https:\/\/idakorea.ee\/product\/dear-klairs-midnight-blue-clearing-water-cream\/","name":"Dear, Klairs Midnight Blue -puhdistusvesivoide - IDA.KOREA","isPartOf":{"@id":"https:\/\/idakorea.ee\/#website"},"primaryImageOfPage":{"@id":"https:\/\/idakorea.ee\/product\/dear-klairs-midnight-blue-clearing-water-cream\/#primaryimage"},"image":{"@id":"https:\/\/idakorea.ee\/product\/dear-klairs-midnight-blue-clearing-water-cream\/#primaryimage"},"thumbnailUrl":"https:\/\/idakorea.ee\/wp-content\/uploads\/2025\/08\/dear-klairs-midnight-blue-slearing-water-cream-idakorea.jpg","datePublished":"2025-08-12T14:06:59+00:00","dateModified":"2026-01-29T14:28:31+00:00","description":"Voide rauhoittaa, viilent\u00e4\u00e4 ja vahvistaa herkk\u00e4\u00e4 ihoa. Kosteuttaa, tasoittaa ihon s\u00e4vy\u00e4 ja suojaa ihoa ulkoisilta vaikutuksilta. Sopii kaikille ihotyypeille.","breadcrumb":{"@id":"https:\/\/idakorea.ee\/product\/dear-klairs-midnight-blue-clearing-water-cream\/#breadcrumb"},"inLanguage":"fi","potentialAction":[{"@type":"ReadAction","target":["https:\/\/idakorea.ee\/product\/dear-klairs-midnight-blue-clearing-water-cream\/"]}]},{"@type":"ImageObject","inLanguage":"fi","@id":"https:\/\/idakorea.ee\/product\/dear-klairs-midnight-blue-clearing-water-cream\/#primaryimage","url":"https:\/\/idakorea.ee\/wp-content\/uploads\/2025\/08\/dear-klairs-midnight-blue-slearing-water-cream-idakorea.jpg","contentUrl":"https:\/\/idakorea.ee\/wp-content\/uploads\/2025\/08\/dear-klairs-midnight-blue-slearing-water-cream-idakorea.jpg","width":1000,"height":1000},{"@type":"BreadcrumbList","@id":"https:\/\/idakorea.ee\/product\/dear-klairs-midnight-blue-clearing-water-cream\/#breadcrumb","itemListElement":[{"@type":"ListItem","position":1,"name":"\u0413\u043b\u0430\u0432\u043d\u0430\u044f \u0441\u0442\u0440\u0430\u043d\u0438\u0446\u0430","item":"https:\/\/idakorea.ee\/"},{"@type":"ListItem","position":2,"name":"Shop","item":"https:\/\/idakorea.ee\/shop-2\/"},{"@type":"ListItem","position":3,"name":"Kerge rahustav n\u00e4okreem Dear, Klairs Midnight Blue Clearing Water Cream"}]},{"@type":"WebSite","@id":"https:\/\/idakorea.ee\/#website","url":"https:\/\/idakorea.ee\/","name":"IDA.KOREA","description":"Korean kosmetiikan verkkokauppa","publisher":{"@id":"https:\/\/idakorea.ee\/#organization"},"alternateName":"Beauty Shop","potentialAction":[{"@type":"SearchAction","target":{"@type":"EntryPoint","urlTemplate":"https:\/\/idakorea.ee\/?s={search_term_string}"},"query-input":{"@type":"PropertyValueSpecification","valueRequired":true,"valueName":"search_term_string"}}],"inLanguage":"fi"},{"@type":"Organization","@id":"https:\/\/idakorea.ee\/#organization","name":"IDA.KOREA","url":"https:\/\/idakorea.ee\/","logo":{"@type":"ImageObject","inLanguage":"fi","@id":"https:\/\/idakorea.ee\/#\/schema\/logo\/image\/","url":"https:\/\/idakorea.ee\/wp-content\/uploads\/2024\/05\/cropped-korea3.png","contentUrl":"https:\/\/idakorea.ee\/wp-content\/uploads\/2024\/05\/cropped-korea3.png","width":688,"height":126,"caption":"IDA.KOREA"},"image":{"@id":"https:\/\/idakorea.ee\/#\/schema\/logo\/image\/"},"sameAs":["https:\/\/www.instagram.com\/ida.korea\/"]}]}},"jetpack_sharing_enabled":true,"brands":[{"id":891,"name":"DEAR, KLAIRS","slug":"dear"}],"_links":{"self":[{"href":"https:\/\/idakorea.ee\/fi\/wp-json\/wp\/v2\/product\/15530","targetHints":{"allow":["GET"]}}],"collection":[{"href":"https:\/\/idakorea.ee\/fi\/wp-json\/wp\/v2\/product"}],"about":[{"href":"https:\/\/idakorea.ee\/fi\/wp-json\/wp\/v2\/types\/product"}],"replies":[{"embeddable":true,"href":"https:\/\/idakorea.ee\/fi\/wp-json\/wp\/v2\/comments?post=15530"}],"version-history":[{"count":3,"href":"https:\/\/idakorea.ee\/fi\/wp-json\/wp\/v2\/product\/15530\/revisions"}],"predecessor-version":[{"id":15928,"href":"https:\/\/idakorea.ee\/fi\/wp-json\/wp\/v2\/product\/15530\/revisions\/15928"}],"wp:featuredmedia":[{"embeddable":true,"href":"https:\/\/idakorea.ee\/fi\/wp-json\/wp\/v2\/media\/15531"}],"wp:attachment":[{"href":"https:\/\/idakorea.ee\/fi\/wp-json\/wp\/v2\/media?parent=15530"}],"wp:term":[{"taxonomy":"pwb-brand","embeddable":true,"href":"https:\/\/idakorea.ee\/fi\/wp-json\/wp\/v2\/pwb-brand?post=15530"},{"taxonomy":"product_brand","embeddable":true,"href":"https:\/\/idakorea.ee\/fi\/wp-json\/wp\/v2\/product_brand?post=15530"},{"taxonomy":"product_cat","embeddable":true,"href":"https:\/\/idakorea.ee\/fi\/wp-json\/wp\/v2\/product_cat?post=15530"},{"taxonomy":"product_tag","embeddable":true,"href":"https:\/\/idakorea.ee\/fi\/wp-json\/wp\/v2\/product_tag?post=15530"}],"curies":[{"name":"wp","href":"https:\/\/api.w.org\/{rel}","templated":true}]}}