{"id":15536,"date":"2025-08-12T17:25:18","date_gmt":"2025-08-12T14:25:18","guid":{"rendered":"https:\/\/idakorea.ee\/?post_type=product&#038;p=15536"},"modified":"2026-04-13T17:06:51","modified_gmt":"2026-04-13T15:06:51","slug":"celimax-dual-barrier-mild-gel-cleanser","status":"publish","type":"product","link":"https:\/\/idakorea.ee\/fi\/product\/celimax-dual-barrier-mild-gel-cleanser\/","title":{"rendered":"Celimax Dual Barrier Mild Gel Cleanser, 200ml"},"content":{"rendered":"<p data-start=\"36\" data-end=\"313\"><strong data-start=\"36\" data-end=\"78\">Celimax Dual Barrier Mild Gel Cleanser<\/strong> \u2013 hell\u00e4varainen kasvojenpuhdistusgeelivaahto keramidikompleksilla puhdistaa ihon hell\u00e4varaisesti, poistaa kaiken lian, meikinj\u00e4\u00e4m\u00e4t ja ylim\u00e4\u00e4r\u00e4isen rasvan. Ei h\u00e4iritse ihon suojakerrosta tai vahingoita lipidikerrosta, eik\u00e4 aiheuta kuivuutta tai kirist\u00e4v\u00e4n tunnetta.<\/p>\n<p data-start=\"315\" data-end=\"399\">Sis\u00e4lt\u00e4\u00e4 kasviper\u00e4isi\u00e4 pinta-aktiivisia aineita, jotka ovat turvallisia jopa herk\u00e4lle iholle:<\/p>\n<ul data-start=\"400\" data-end=\"606\">\n<li data-start=\"400\" data-end=\"501\">\n<p data-start=\"402\" data-end=\"501\"><strong data-start=\"402\" data-end=\"430\">Natriumkokoyyliglutamaatti<\/strong> \u2013 kookos\u00f6ljyst\u00e4 johdettu, vaahtoaa runsaasti ja puhdistaa syv\u00e4lt\u00e4.<\/p>\n<\/li>\n<li data-start=\"502\" data-end=\"606\">\n<p data-start=\"504\" data-end=\"606\"><strong data-start=\"504\" data-end=\"531\">Kokamidopropyylibetaiini<\/strong> \u2013 kookos\u00f6ljyst\u00e4 johdettu, rauhoittaa \u00e4rsytyst\u00e4 ja vahvistaa ihon suojakerrosta.<\/p>\n<\/li>\n<\/ul>\n<p data-start=\"608\" data-end=\"864\">Tasapainoinen koostumus yll\u00e4pit\u00e4\u00e4 optimaalisen kosteustason pesun j\u00e4lkeen. Tuotteen pH on 5,20 \u00b1 0,50 \u2013 hieman hapan koostumus tukee tervett\u00e4 ihon mikrobistoa ja neutraloi vesijohtoveden aggressiiviset vaikutukset. Ei sis\u00e4ll\u00e4 hajusteita tai eteerisi\u00e4 \u00f6ljyj\u00e4.<\/p>\n<p data-start=\"866\" data-end=\"892\"><strong data-start=\"866\" data-end=\"890\">T\u00e4rkeimm\u00e4t vaikuttavat aineet:<\/strong><\/p>\n<ul data-start=\"893\" data-end=\"1692\">\n<li data-start=\"893\" data-end=\"1081\">\n<p data-start=\"895\" data-end=\"1081\"><strong data-start=\"895\" data-end=\"928\">5 erilaista keramidikompleksia<\/strong> \u2013 palauttaa sarveiskerroksen eheyden, vahvistaa luonnollista suojakerrosta, v\u00e4hent\u00e4\u00e4 herkkyytt\u00e4 ulkoisille \u00e4rsykkeille, poistaa kuivuutta ja hilseily\u00e4.<\/p>\n<\/li>\n<li data-start=\"1082\" data-end=\"1283\">\n<p data-start=\"1084\" data-end=\"1283\"><strong data-start=\"1084\" data-end=\"1114\">C-vitamiini (askorbiinihappo)<\/strong> \u2013 happomuodossa, omaa antioksidanttisen vaikutuksen, suojaa soluja vapailta radikaaleilta, hidastaa ik\u00e4\u00e4ntymisprosessia, est\u00e4\u00e4 pigmenttil\u00e4iskien muodostumista ja tasoittaa ihon s\u00e4vy\u00e4.<\/p>\n<\/li>\n<li data-start=\"1284\" data-end=\"1405\">\n<p data-start=\"1286\" data-end=\"1405\"><strong data-start=\"1286\" data-end=\"1310\">Myrotamnus-uute<\/strong> \u2013 poistaa samean ja harmaan ihon, stimuloi uudistumista, v\u00e4hent\u00e4\u00e4 kuivuutta ja hilseily\u00e4.<\/p>\n<\/li>\n<li data-start=\"1406\" data-end=\"1552\">\n<p data-start=\"1408\" data-end=\"1552\"><strong data-start=\"1408\" data-end=\"1441\">Kolesteroli ja fytosfingosiini<\/strong> \u2013 ihon luonnollisen hydrolipidikerroksen lipidit, joilla on tulehdusta est\u00e4vi\u00e4 vaikutuksia ja jotka nopeuttavat paranemista.<\/p>\n<\/li>\n<li data-start=\"1553\" data-end=\"1692\">\n<p data-start=\"1555\" data-end=\"1692\"><strong data-start=\"1555\" data-end=\"1567\">Betaiini<\/strong> \u2013 tekee ihosta sile\u00e4n ja pehme\u00e4n, s\u00e4ilytt\u00e4\u00e4 kosteuden pitk\u00e4\u00e4n, suojaa solukalvoja vaurioilta ja v\u00e4hent\u00e4\u00e4 \u00e4rsytyst\u00e4.<\/p>\n<\/li>\n<\/ul>\n<p data-start=\"1694\" data-end=\"1744\">Sopii kuivalle, normaalille ja herk\u00e4lle iholle.<\/p>\n<p data-start=\"1746\" data-end=\"1849\"><strong data-start=\"1746\" data-end=\"1761\">K\u00e4ytt\u00f6:<\/strong> Vaahdota tuotetta k\u00e4mmeniss\u00e4si, levit\u00e4 kasvoillesi py\u00f6rivin liikkein ja huuhtele vedell\u00e4.<\/p>","protected":false},"excerpt":{"rendered":"<p>Celimax Dual Barrier Mild Gel Cleanser \u2013 hell\u00e4varainen kasvojenpuhdistusgeelivaahto keramidikompleksilla puhdistaa ihon hell\u00e4varaisesti, poistaa kaiken lian, meikinj\u00e4\u00e4m\u00e4t ja ylim\u00e4\u00e4r\u00e4isen talin. Ei riko ihon suojakerrosta tai vaurioita lipidikerrosta, ei aiheuta kuivuutta tai kirist\u00e4v\u00e4n tunnetta. Sis\u00e4lt\u00e4\u00e4 kasviper\u00e4isi\u00e4 pinta-aktiivisia aineita, jotka ovat turvallisia jopa eritt\u00e4in herk\u00e4lle iholle: Natriumkokoyyliglutamaatti \u2013 kookos\u00f6ljyst\u00e4 johdettu, muodostaa runsaan vaahdon ja puhdistaa syv\u00e4lt\u00e4\u2026.<\/p>","protected":false},"featured_media":15539,"comment_status":"open","ping_status":"closed","template":"","meta":{"_uf_show_specific_survey":0,"_uf_disable_surveys":false,"_bst_post_transparent":"default","_bst_post_title":"","_bst_post_layout":"default","_bst_post_sidebar_id":"","_bst_post_content_style":"default","_bst_post_vertical_padding":"default","_bst_post_feature":"","_bst_post_feature_position":"","_bst_post_header":false,"_bst_post_footer":false},"pwb-brand":[885],"product_brand":[],"product_cat":[92,452],"product_tag":[886,954,977],"class_list":{"0":"post-15536","1":"product","2":"type-product","3":"status-publish","4":"has-post-thumbnail","6":"pwb-brand-celimax","7":"product_cat-nagu","8":"product_cat-naopuhastusgeelid","9":"product_tag-celimax","10":"product_tag-puhastus","11":"product_tag-vaht","13":"first","14":"instock","15":"sale","16":"shipping-taxable","17":"purchasable","18":"product-type-simple","19":"entry","20":"content-bg","21":"loop-entry"},"supplier_id":null,"supplier_sku":"","barcode":null,"atum_controlled":true,"out_stock_date":null,"out_stock_threshold":null,"inheritable":false,"inbound_stock":0,"stock_on_hold":0,"sold_today":0,"sales_last_days":4,"out_stock_days":0,"lost_sales":0,"has_location":false,"update_date":"2026-04-15T00:05:20","atum_locations":[],"atum_stock_status":"instock","restock_status":true,"low_stock_amount":"","sales_update_date":"2026-04-15T00:05:20","calc_backorders":null,"yoast_head":"<!-- This site is optimized with the Yoast SEO plugin v27.2 - https:\/\/yoast.com\/product\/yoast-seo-wordpress\/ -->\n<title>Celimax Dual Barrier Mild Gel Cleanser - IDA.KOREA<\/title>\n<meta name=\"description\" content=\"Puhastab \u00f5rnalt, eemaldab mustuse ja meigi j\u00e4\u00e4gid, s\u00e4ilitades naha niiskustasakaalu. Sisaldab 5 t\u00fc\u00fcpi tseramiide, vitamiin C-d ja beetaiini, mis tugevdavad kaitsebarj\u00e4\u00e4ri, niisutavad ja rahustavad nahka.\" \/>\n<meta name=\"robots\" content=\"index, follow, max-snippet:-1, max-image-preview:large, max-video-preview:-1\" \/>\n<link rel=\"canonical\" href=\"https:\/\/idakorea.ee\/fi\/product\/celimax-dual-barrier-mild-gel-cleanser\/\" \/>\n<meta property=\"og:locale\" content=\"fi_FI\" \/>\n<meta property=\"og:type\" content=\"article\" \/>\n<meta property=\"og:title\" content=\"Celimax Dual Barrier Mild Gel Cleanser - IDA.KOREA\" \/>\n<meta property=\"og:description\" content=\"Puhastab \u00f5rnalt, eemaldab mustuse ja meigi j\u00e4\u00e4gid, s\u00e4ilitades naha niiskustasakaalu. Sisaldab 5 t\u00fc\u00fcpi tseramiide, vitamiin C-d ja beetaiini, mis tugevdavad kaitsebarj\u00e4\u00e4ri, niisutavad ja rahustavad nahka.\" \/>\n<meta property=\"og:url\" content=\"https:\/\/idakorea.ee\/fi\/product\/celimax-dual-barrier-mild-gel-cleanser\/\" \/>\n<meta property=\"og:site_name\" content=\"IDA.KOREA\" \/>\n<meta property=\"article:modified_time\" content=\"2026-04-13T15:06:51+00:00\" \/>\n<meta property=\"og:image\" content=\"https:\/\/idakorea.ee\/wp-content\/uploads\/2025\/08\/celimax-dual-barrier-mild-gel-cleanser-idakorea-1.webp\" \/>\n\t<meta property=\"og:image:width\" content=\"1000\" \/>\n\t<meta property=\"og:image:height\" content=\"1000\" \/>\n\t<meta property=\"og:image:type\" content=\"image\/webp\" \/>\n<meta name=\"twitter:card\" content=\"summary_large_image\" \/>\n<meta name=\"twitter:label1\" content=\"Arvioitu lukuaika\" \/>\n\t<meta name=\"twitter:data1\" content=\"2 minuuttia\" \/>\n<script type=\"application\/ld+json\" class=\"yoast-schema-graph\">{\"@context\":\"https:\/\/schema.org\",\"@graph\":[{\"@type\":\"WebPage\",\"@id\":\"https:\/\/idakorea.ee\/product\/celimax-dual-barrier-mild-gel-cleanser\/\",\"url\":\"https:\/\/idakorea.ee\/product\/celimax-dual-barrier-mild-gel-cleanser\/\",\"name\":\"Celimax Dual Barrier Mild Gel Cleanser - IDA.KOREA\",\"isPartOf\":{\"@id\":\"https:\/\/idakorea.ee\/#website\"},\"primaryImageOfPage\":{\"@id\":\"https:\/\/idakorea.ee\/product\/celimax-dual-barrier-mild-gel-cleanser\/#primaryimage\"},\"image\":{\"@id\":\"https:\/\/idakorea.ee\/product\/celimax-dual-barrier-mild-gel-cleanser\/#primaryimage\"},\"thumbnailUrl\":\"https:\/\/idakorea.ee\/wp-content\/uploads\/2025\/08\/celimax-dual-barrier-mild-gel-cleanser-idakorea-1.webp\",\"datePublished\":\"2025-08-12T14:25:18+00:00\",\"dateModified\":\"2026-04-13T15:06:51+00:00\",\"description\":\"Puhastab \u00f5rnalt, eemaldab mustuse ja meigi j\u00e4\u00e4gid, s\u00e4ilitades naha niiskustasakaalu. Sisaldab 5 t\u00fc\u00fcpi tseramiide, vitamiin C-d ja beetaiini, mis tugevdavad kaitsebarj\u00e4\u00e4ri, niisutavad ja rahustavad nahka.\",\"breadcrumb\":{\"@id\":\"https:\/\/idakorea.ee\/product\/celimax-dual-barrier-mild-gel-cleanser\/#breadcrumb\"},\"inLanguage\":\"fi\",\"potentialAction\":[{\"@type\":\"ReadAction\",\"target\":[\"https:\/\/idakorea.ee\/product\/celimax-dual-barrier-mild-gel-cleanser\/\"]}]},{\"@type\":\"ImageObject\",\"inLanguage\":\"fi\",\"@id\":\"https:\/\/idakorea.ee\/product\/celimax-dual-barrier-mild-gel-cleanser\/#primaryimage\",\"url\":\"https:\/\/idakorea.ee\/wp-content\/uploads\/2025\/08\/celimax-dual-barrier-mild-gel-cleanser-idakorea-1.webp\",\"contentUrl\":\"https:\/\/idakorea.ee\/wp-content\/uploads\/2025\/08\/celimax-dual-barrier-mild-gel-cleanser-idakorea-1.webp\",\"width\":1000,\"height\":1000},{\"@type\":\"BreadcrumbList\",\"@id\":\"https:\/\/idakorea.ee\/product\/celimax-dual-barrier-mild-gel-cleanser\/#breadcrumb\",\"itemListElement\":[{\"@type\":\"ListItem\",\"position\":1,\"name\":\"\u0413\u043b\u0430\u0432\u043d\u0430\u044f \u0441\u0442\u0440\u0430\u043d\u0438\u0446\u0430\",\"item\":\"https:\/\/idakorea.ee\/\"},{\"@type\":\"ListItem\",\"position\":2,\"name\":\"Shop\",\"item\":\"https:\/\/idakorea.ee\/shop-2\/\"},{\"@type\":\"ListItem\",\"position\":3,\"name\":\"\u00d5rn n\u00e4opuhastusgeel-vaht Celimax Dual Barrier Mild Gel Cleanser, 200ml\"}]},{\"@type\":\"WebSite\",\"@id\":\"https:\/\/idakorea.ee\/#website\",\"url\":\"https:\/\/idakorea.ee\/\",\"name\":\"IDA.KOREA\",\"description\":\"Korea kosmeetika e-pood\",\"publisher\":{\"@id\":\"https:\/\/idakorea.ee\/#organization\"},\"alternateName\":\"Beauty Shop\",\"potentialAction\":[{\"@type\":\"SearchAction\",\"target\":{\"@type\":\"EntryPoint\",\"urlTemplate\":\"https:\/\/idakorea.ee\/?s={search_term_string}\"},\"query-input\":{\"@type\":\"PropertyValueSpecification\",\"valueRequired\":true,\"valueName\":\"search_term_string\"}}],\"inLanguage\":\"fi\"},{\"@type\":\"Organization\",\"@id\":\"https:\/\/idakorea.ee\/#organization\",\"name\":\"IDA.KOREA\",\"url\":\"https:\/\/idakorea.ee\/\",\"logo\":{\"@type\":\"ImageObject\",\"inLanguage\":\"fi\",\"@id\":\"https:\/\/idakorea.ee\/#\/schema\/logo\/image\/\",\"url\":\"https:\/\/idakorea.ee\/wp-content\/uploads\/2024\/05\/cropped-korea3.png\",\"contentUrl\":\"https:\/\/idakorea.ee\/wp-content\/uploads\/2024\/05\/cropped-korea3.png\",\"width\":688,\"height\":126,\"caption\":\"IDA.KOREA\"},\"image\":{\"@id\":\"https:\/\/idakorea.ee\/#\/schema\/logo\/image\/\"},\"sameAs\":[\"https:\/\/www.instagram.com\/ida.korea\/\"]}]}<\/script>\n<!-- \/ Yoast SEO plugin. -->","yoast_head_json":{"title":"Celimax Dual Barrier Mieto geelipuhdistusaine - IDA.KOREA","description":"Puhdistaa hell\u00e4varaisesti, poistaa lian ja meikinj\u00e4\u00e4m\u00e4t ja yll\u00e4pit\u00e4\u00e4 samalla ihon kosteustasapainoa. Sis\u00e4lt\u00e4\u00e4 viitt\u00e4 erilaista keramidia, Cd-vitamiinia ja betaiinia, jotka vahvistavat ihon suojakerrosta, kosteuttavat ja rauhoittavat ihoa.","robots":{"index":"index","follow":"follow","max-snippet":"max-snippet:-1","max-image-preview":"max-image-preview:large","max-video-preview":"max-video-preview:-1"},"canonical":"https:\/\/idakorea.ee\/fi\/product\/celimax-dual-barrier-mild-gel-cleanser\/","og_locale":"fi_FI","og_type":"article","og_title":"Celimax Dual Barrier Mild Gel Cleanser - IDA.KOREA","og_description":"Puhastab \u00f5rnalt, eemaldab mustuse ja meigi j\u00e4\u00e4gid, s\u00e4ilitades naha niiskustasakaalu. Sisaldab 5 t\u00fc\u00fcpi tseramiide, vitamiin C-d ja beetaiini, mis tugevdavad kaitsebarj\u00e4\u00e4ri, niisutavad ja rahustavad nahka.","og_url":"https:\/\/idakorea.ee\/fi\/product\/celimax-dual-barrier-mild-gel-cleanser\/","og_site_name":"IDA.KOREA","article_modified_time":"2026-04-13T15:06:51+00:00","og_image":[{"width":1000,"height":1000,"url":"https:\/\/idakorea.ee\/wp-content\/uploads\/2025\/08\/celimax-dual-barrier-mild-gel-cleanser-idakorea-1.webp","type":"image\/webp"}],"twitter_card":"summary_large_image","twitter_misc":{"Arvioitu lukuaika":"2 minuuttia"},"schema":{"@context":"https:\/\/schema.org","@graph":[{"@type":"WebPage","@id":"https:\/\/idakorea.ee\/product\/celimax-dual-barrier-mild-gel-cleanser\/","url":"https:\/\/idakorea.ee\/product\/celimax-dual-barrier-mild-gel-cleanser\/","name":"Celimax Dual Barrier Mieto geelipuhdistusaine - IDA.KOREA","isPartOf":{"@id":"https:\/\/idakorea.ee\/#website"},"primaryImageOfPage":{"@id":"https:\/\/idakorea.ee\/product\/celimax-dual-barrier-mild-gel-cleanser\/#primaryimage"},"image":{"@id":"https:\/\/idakorea.ee\/product\/celimax-dual-barrier-mild-gel-cleanser\/#primaryimage"},"thumbnailUrl":"https:\/\/idakorea.ee\/wp-content\/uploads\/2025\/08\/celimax-dual-barrier-mild-gel-cleanser-idakorea-1.webp","datePublished":"2025-08-12T14:25:18+00:00","dateModified":"2026-04-13T15:06:51+00:00","description":"Puhdistaa hell\u00e4varaisesti, poistaa lian ja meikinj\u00e4\u00e4m\u00e4t ja yll\u00e4pit\u00e4\u00e4 samalla ihon kosteustasapainoa. Sis\u00e4lt\u00e4\u00e4 viitt\u00e4 erilaista keramidia, Cd-vitamiinia ja betaiinia, jotka vahvistavat ihon suojakerrosta, kosteuttavat ja rauhoittavat ihoa.","breadcrumb":{"@id":"https:\/\/idakorea.ee\/product\/celimax-dual-barrier-mild-gel-cleanser\/#breadcrumb"},"inLanguage":"fi","potentialAction":[{"@type":"ReadAction","target":["https:\/\/idakorea.ee\/product\/celimax-dual-barrier-mild-gel-cleanser\/"]}]},{"@type":"ImageObject","inLanguage":"fi","@id":"https:\/\/idakorea.ee\/product\/celimax-dual-barrier-mild-gel-cleanser\/#primaryimage","url":"https:\/\/idakorea.ee\/wp-content\/uploads\/2025\/08\/celimax-dual-barrier-mild-gel-cleanser-idakorea-1.webp","contentUrl":"https:\/\/idakorea.ee\/wp-content\/uploads\/2025\/08\/celimax-dual-barrier-mild-gel-cleanser-idakorea-1.webp","width":1000,"height":1000},{"@type":"BreadcrumbList","@id":"https:\/\/idakorea.ee\/product\/celimax-dual-barrier-mild-gel-cleanser\/#breadcrumb","itemListElement":[{"@type":"ListItem","position":1,"name":"\u0413\u043b\u0430\u0432\u043d\u0430\u044f \u0441\u0442\u0440\u0430\u043d\u0438\u0446\u0430","item":"https:\/\/idakorea.ee\/"},{"@type":"ListItem","position":2,"name":"Shop","item":"https:\/\/idakorea.ee\/shop-2\/"},{"@type":"ListItem","position":3,"name":"\u00d5rn n\u00e4opuhastusgeel-vaht Celimax Dual Barrier Mild Gel Cleanser, 200ml"}]},{"@type":"WebSite","@id":"https:\/\/idakorea.ee\/#website","url":"https:\/\/idakorea.ee\/","name":"IDA.KOREA","description":"Korean kosmetiikan verkkokauppa","publisher":{"@id":"https:\/\/idakorea.ee\/#organization"},"alternateName":"Beauty Shop","potentialAction":[{"@type":"SearchAction","target":{"@type":"EntryPoint","urlTemplate":"https:\/\/idakorea.ee\/?s={search_term_string}"},"query-input":{"@type":"PropertyValueSpecification","valueRequired":true,"valueName":"search_term_string"}}],"inLanguage":"fi"},{"@type":"Organization","@id":"https:\/\/idakorea.ee\/#organization","name":"IDA.KOREA","url":"https:\/\/idakorea.ee\/","logo":{"@type":"ImageObject","inLanguage":"fi","@id":"https:\/\/idakorea.ee\/#\/schema\/logo\/image\/","url":"https:\/\/idakorea.ee\/wp-content\/uploads\/2024\/05\/cropped-korea3.png","contentUrl":"https:\/\/idakorea.ee\/wp-content\/uploads\/2024\/05\/cropped-korea3.png","width":688,"height":126,"caption":"IDA.KOREA"},"image":{"@id":"https:\/\/idakorea.ee\/#\/schema\/logo\/image\/"},"sameAs":["https:\/\/www.instagram.com\/ida.korea\/"]}]}},"jetpack_sharing_enabled":true,"brands":[{"id":885,"name":"CELIMAX","slug":"celimax"}],"_links":{"self":[{"href":"https:\/\/idakorea.ee\/fi\/wp-json\/wp\/v2\/product\/15536","targetHints":{"allow":["GET"]}}],"collection":[{"href":"https:\/\/idakorea.ee\/fi\/wp-json\/wp\/v2\/product"}],"about":[{"href":"https:\/\/idakorea.ee\/fi\/wp-json\/wp\/v2\/types\/product"}],"replies":[{"embeddable":true,"href":"https:\/\/idakorea.ee\/fi\/wp-json\/wp\/v2\/comments?post=15536"}],"version-history":[{"count":1,"href":"https:\/\/idakorea.ee\/fi\/wp-json\/wp\/v2\/product\/15536\/revisions"}],"predecessor-version":[{"id":15541,"href":"https:\/\/idakorea.ee\/fi\/wp-json\/wp\/v2\/product\/15536\/revisions\/15541"}],"wp:featuredmedia":[{"embeddable":true,"href":"https:\/\/idakorea.ee\/fi\/wp-json\/wp\/v2\/media\/15539"}],"wp:attachment":[{"href":"https:\/\/idakorea.ee\/fi\/wp-json\/wp\/v2\/media?parent=15536"}],"wp:term":[{"taxonomy":"pwb-brand","embeddable":true,"href":"https:\/\/idakorea.ee\/fi\/wp-json\/wp\/v2\/pwb-brand?post=15536"},{"taxonomy":"product_brand","embeddable":true,"href":"https:\/\/idakorea.ee\/fi\/wp-json\/wp\/v2\/product_brand?post=15536"},{"taxonomy":"product_cat","embeddable":true,"href":"https:\/\/idakorea.ee\/fi\/wp-json\/wp\/v2\/product_cat?post=15536"},{"taxonomy":"product_tag","embeddable":true,"href":"https:\/\/idakorea.ee\/fi\/wp-json\/wp\/v2\/product_tag?post=15536"}],"curies":[{"name":"wp","href":"https:\/\/api.w.org\/{rel}","templated":true}]}}