{"id":15556,"date":"2025-08-14T10:48:33","date_gmt":"2025-08-14T07:48:33","guid":{"rendered":"https:\/\/idakorea.ee\/?post_type=product&#038;p=15556"},"modified":"2026-02-05T11:39:39","modified_gmt":"2026-02-05T09:39:39","slug":"laneige-lip-glowy-balm-gummy-bear-10g","status":"publish","type":"product","link":"https:\/\/idakorea.ee\/fi\/product\/laneige-lip-glowy-balm-gummy-bear-10g\/","title":{"rendered":"Laneige Lip Glowy Balm -huulirasva, nallekarkki, 10 g"},"content":{"rendered":"<p data-start=\"155\" data-end=\"401\">Kosteuttava ja ravitseva huulivoide, joka j\u00e4tt\u00e4\u00e4 huulet sileiksi, pehmeiksi ja miellytt\u00e4v\u00e4n kiilt\u00e4viksi. Huulivoide on rikastettu kosteuttavilla ainesosilla ja antioksidanteilla, jotka auttavat suojaamaan huulia kuivumiselta ja ymp\u00e4rist\u00f6n rasituksilta.<\/p>\n<p data-start=\"403\" data-end=\"423\"><strong data-start=\"403\" data-end=\"421\">Tuotteen edut:<\/strong><\/p>\n<ul data-start=\"424\" data-end=\"565\">\n<li data-start=\"424\" data-end=\"474\">\n<p data-start=\"426\" data-end=\"474\">Syv\u00e4kosteutus ja ravitsemus kuiville huulille<\/p>\n<\/li>\n<li data-start=\"475\" data-end=\"509\">\n<p data-start=\"477\" data-end=\"509\">Kevyt ja tahmea koostumus<\/p>\n<\/li>\n<li data-start=\"510\" data-end=\"541\">\n<p data-start=\"512\" data-end=\"541\">Antaa huulille raikkaan kiillon<\/p>\n<\/li>\n<li data-start=\"542\" data-end=\"565\">\n<p data-start=\"544\" data-end=\"565\">Miellytt\u00e4v\u00e4 mustikan tuoksu<\/p>\n<\/li>\n<\/ul>\n<p data-start=\"567\" data-end=\"732\"><strong data-start=\"567\" data-end=\"582\">K\u00e4ytt\u00f6:<\/strong><br data-start=\"582\" data-end=\"585\" \/>Levit\u00e4 balsamia tasaisesti huulille tarpeen mukaan p\u00e4iv\u00e4n mittaan. Voidaan k\u00e4ytt\u00e4\u00e4 sellaisenaan tai huulimeikin alla antamaan lis\u00e4kosteutusta ja kiiltoa.<\/p>","protected":false},"excerpt":{"rendered":"<p>Kosteuttava ja ravitseva huulirasva, joka j\u00e4tt\u00e4\u00e4 huulet sileiksi, pehmeiksi ja miellytt\u00e4v\u00e4n kiilt\u00e4viksi. Huulirasva on rikastettu kosteuttavilla ainesosilla ja antioksidanteilla, jotka auttavat suojaamaan huulia kuivumiselta ja ymp\u00e4rist\u00f6n vaikutuksilta. Tuotteen edut: Syv\u00e4kosteutus ja ravitsemus kuiville huulille Kevyt ja tahmaamaton koostumus Antaa huulille raikkaan kiillon Miellytt\u00e4v\u00e4 mustikan tuoksu K\u00e4ytt\u00f6ohjeet: Levit\u00e4 balsamia tasaisesti huulille tarpeen mukaan p\u00e4iv\u00e4n mittaan. Voiko\u2026<\/p>","protected":false},"featured_media":15557,"comment_status":"open","ping_status":"closed","template":"","meta":{"_uf_show_specific_survey":0,"_uf_disable_surveys":false,"_bst_post_transparent":"default","_bst_post_title":"","_bst_post_layout":"default","_bst_post_sidebar_id":"","_bst_post_content_style":"default","_bst_post_vertical_padding":"default","_bst_post_feature":"","_bst_post_feature_position":"","_bst_post_header":false,"_bst_post_footer":false},"pwb-brand":[477],"product_brand":[],"product_cat":[368,92,99],"product_tag":[497,978],"class_list":{"0":"post-15556","1":"product","2":"type-product","3":"status-publish","4":"has-post-thumbnail","6":"pwb-brand-laneige","7":"product_cat-huulepalsamid-ja-hooldus","8":"product_cat-nagu","9":"product_cat-silmad-ja-huuled-2","10":"product_tag-laneige","11":"product_tag-lip","13":"first","14":"instock","15":"sale","16":"shipping-taxable","17":"purchasable","18":"product-type-simple","19":"entry","20":"content-bg","21":"loop-entry"},"supplier_id":null,"supplier_sku":"","barcode":null,"atum_controlled":true,"out_stock_date":null,"out_stock_threshold":null,"inheritable":false,"inbound_stock":0,"stock_on_hold":0,"sold_today":0,"sales_last_days":0,"out_stock_days":0,"lost_sales":0,"has_location":false,"update_date":"2026-04-14T00:05:07","atum_locations":[],"atum_stock_status":"instock","restock_status":false,"low_stock_amount":"","sales_update_date":"2026-04-14T00:05:07","calc_backorders":null,"yoast_head":"<!-- This site is optimized with the Yoast SEO plugin v27.2 - https:\/\/yoast.com\/product\/yoast-seo-wordpress\/ -->\n<title>Laneige Lip Glowy Balm Gummy Bear, 10g - IDA.KOREA<\/title>\n<meta name=\"description\" content=\"Niisutav LANEIGE huulepalsam j\u00e4tab huuled pehmeks, siledaks ja l\u00e4ikivaks. Kerge tekstuur ja v\u00e4rske mustikal\u00f5hn igap\u00e4evaseks kasutamiseks.\" \/>\n<meta name=\"robots\" content=\"index, follow, max-snippet:-1, max-image-preview:large, max-video-preview:-1\" \/>\n<link rel=\"canonical\" href=\"https:\/\/idakorea.ee\/fi\/product\/laneige-lip-glowy-balm-gummy-bear-10g\/\" \/>\n<meta property=\"og:locale\" content=\"fi_FI\" \/>\n<meta property=\"og:type\" content=\"article\" \/>\n<meta property=\"og:title\" content=\"Laneige Lip Glowy Balm Gummy Bear, 10g - IDA.KOREA\" \/>\n<meta property=\"og:description\" content=\"Niisutav LANEIGE huulepalsam j\u00e4tab huuled pehmeks, siledaks ja l\u00e4ikivaks. Kerge tekstuur ja v\u00e4rske mustikal\u00f5hn igap\u00e4evaseks kasutamiseks.\" \/>\n<meta property=\"og:url\" content=\"https:\/\/idakorea.ee\/fi\/product\/laneige-lip-glowy-balm-gummy-bear-10g\/\" \/>\n<meta property=\"og:site_name\" content=\"IDA.KOREA\" \/>\n<meta property=\"article:modified_time\" content=\"2026-02-05T09:39:39+00:00\" \/>\n<meta property=\"og:image\" content=\"https:\/\/idakorea.ee\/wp-content\/uploads\/2025\/08\/laneige-lip-glowy-balm-gummy-bear-idakorea.webp\" \/>\n\t<meta property=\"og:image:width\" content=\"2000\" \/>\n\t<meta property=\"og:image:height\" content=\"2000\" \/>\n\t<meta property=\"og:image:type\" content=\"image\/webp\" \/>\n<meta name=\"twitter:card\" content=\"summary_large_image\" \/>\n<meta name=\"twitter:label1\" content=\"Arvioitu lukuaika\" \/>\n\t<meta name=\"twitter:data1\" content=\"1 minuutti\" \/>\n<script type=\"application\/ld+json\" class=\"yoast-schema-graph\">{\"@context\":\"https:\/\/schema.org\",\"@graph\":[{\"@type\":\"WebPage\",\"@id\":\"https:\/\/idakorea.ee\/product\/laneige-lip-glowy-balm-gummy-bear-10g\/\",\"url\":\"https:\/\/idakorea.ee\/product\/laneige-lip-glowy-balm-gummy-bear-10g\/\",\"name\":\"Laneige Lip Glowy Balm Gummy Bear, 10g - IDA.KOREA\",\"isPartOf\":{\"@id\":\"https:\/\/idakorea.ee\/#website\"},\"primaryImageOfPage\":{\"@id\":\"https:\/\/idakorea.ee\/product\/laneige-lip-glowy-balm-gummy-bear-10g\/#primaryimage\"},\"image\":{\"@id\":\"https:\/\/idakorea.ee\/product\/laneige-lip-glowy-balm-gummy-bear-10g\/#primaryimage\"},\"thumbnailUrl\":\"https:\/\/idakorea.ee\/wp-content\/uploads\/2025\/08\/laneige-lip-glowy-balm-gummy-bear-idakorea.webp\",\"datePublished\":\"2025-08-14T07:48:33+00:00\",\"dateModified\":\"2026-02-05T09:39:39+00:00\",\"description\":\"Niisutav LANEIGE huulepalsam j\u00e4tab huuled pehmeks, siledaks ja l\u00e4ikivaks. Kerge tekstuur ja v\u00e4rske mustikal\u00f5hn igap\u00e4evaseks kasutamiseks.\",\"breadcrumb\":{\"@id\":\"https:\/\/idakorea.ee\/product\/laneige-lip-glowy-balm-gummy-bear-10g\/#breadcrumb\"},\"inLanguage\":\"fi\",\"potentialAction\":[{\"@type\":\"ReadAction\",\"target\":[\"https:\/\/idakorea.ee\/product\/laneige-lip-glowy-balm-gummy-bear-10g\/\"]}]},{\"@type\":\"ImageObject\",\"inLanguage\":\"fi\",\"@id\":\"https:\/\/idakorea.ee\/product\/laneige-lip-glowy-balm-gummy-bear-10g\/#primaryimage\",\"url\":\"https:\/\/idakorea.ee\/wp-content\/uploads\/2025\/08\/laneige-lip-glowy-balm-gummy-bear-idakorea.webp\",\"contentUrl\":\"https:\/\/idakorea.ee\/wp-content\/uploads\/2025\/08\/laneige-lip-glowy-balm-gummy-bear-idakorea.webp\",\"width\":2000,\"height\":2000},{\"@type\":\"BreadcrumbList\",\"@id\":\"https:\/\/idakorea.ee\/product\/laneige-lip-glowy-balm-gummy-bear-10g\/#breadcrumb\",\"itemListElement\":[{\"@type\":\"ListItem\",\"position\":1,\"name\":\"\u0413\u043b\u0430\u0432\u043d\u0430\u044f \u0441\u0442\u0440\u0430\u043d\u0438\u0446\u0430\",\"item\":\"https:\/\/idakorea.ee\/\"},{\"@type\":\"ListItem\",\"position\":2,\"name\":\"Shop\",\"item\":\"https:\/\/idakorea.ee\/shop-2\/\"},{\"@type\":\"ListItem\",\"position\":3,\"name\":\"Huulepalsam Laneige Lip Glowy Balm Gummy Bear, 10g\"}]},{\"@type\":\"WebSite\",\"@id\":\"https:\/\/idakorea.ee\/#website\",\"url\":\"https:\/\/idakorea.ee\/\",\"name\":\"IDA.KOREA\",\"description\":\"Korea kosmeetika e-pood\",\"publisher\":{\"@id\":\"https:\/\/idakorea.ee\/#organization\"},\"alternateName\":\"Beauty Shop\",\"potentialAction\":[{\"@type\":\"SearchAction\",\"target\":{\"@type\":\"EntryPoint\",\"urlTemplate\":\"https:\/\/idakorea.ee\/?s={search_term_string}\"},\"query-input\":{\"@type\":\"PropertyValueSpecification\",\"valueRequired\":true,\"valueName\":\"search_term_string\"}}],\"inLanguage\":\"fi\"},{\"@type\":\"Organization\",\"@id\":\"https:\/\/idakorea.ee\/#organization\",\"name\":\"IDA.KOREA\",\"url\":\"https:\/\/idakorea.ee\/\",\"logo\":{\"@type\":\"ImageObject\",\"inLanguage\":\"fi\",\"@id\":\"https:\/\/idakorea.ee\/#\/schema\/logo\/image\/\",\"url\":\"https:\/\/idakorea.ee\/wp-content\/uploads\/2024\/05\/cropped-korea3.png\",\"contentUrl\":\"https:\/\/idakorea.ee\/wp-content\/uploads\/2024\/05\/cropped-korea3.png\",\"width\":688,\"height\":126,\"caption\":\"IDA.KOREA\"},\"image\":{\"@id\":\"https:\/\/idakorea.ee\/#\/schema\/logo\/image\/\"},\"sameAs\":[\"https:\/\/www.instagram.com\/ida.korea\/\"]}]}<\/script>\n<!-- \/ Yoast SEO plugin. -->","yoast_head_json":{"title":"Laneige Lip Glowy Balm Gummy Bear, 10g - IDA.KOREA","description":"Kosteuttava LANEIGE-huulivoide j\u00e4tt\u00e4\u00e4 huulet pehmeiksi, sileiksi ja kiilt\u00e4viksi. Kevyt koostumus ja raikas mustikan tuoksu jokap\u00e4iv\u00e4iseen k\u00e4ytt\u00f6\u00f6n.","robots":{"index":"index","follow":"follow","max-snippet":"max-snippet:-1","max-image-preview":"max-image-preview:large","max-video-preview":"max-video-preview:-1"},"canonical":"https:\/\/idakorea.ee\/fi\/product\/laneige-lip-glowy-balm-gummy-bear-10g\/","og_locale":"fi_FI","og_type":"article","og_title":"Laneige Lip Glowy Balm Gummy Bear, 10g - IDA.KOREA","og_description":"Niisutav LANEIGE huulepalsam j\u00e4tab huuled pehmeks, siledaks ja l\u00e4ikivaks. Kerge tekstuur ja v\u00e4rske mustikal\u00f5hn igap\u00e4evaseks kasutamiseks.","og_url":"https:\/\/idakorea.ee\/fi\/product\/laneige-lip-glowy-balm-gummy-bear-10g\/","og_site_name":"IDA.KOREA","article_modified_time":"2026-02-05T09:39:39+00:00","og_image":[{"width":2000,"height":2000,"url":"https:\/\/idakorea.ee\/wp-content\/uploads\/2025\/08\/laneige-lip-glowy-balm-gummy-bear-idakorea.webp","type":"image\/webp"}],"twitter_card":"summary_large_image","twitter_misc":{"Arvioitu lukuaika":"1 minuutti"},"schema":{"@context":"https:\/\/schema.org","@graph":[{"@type":"WebPage","@id":"https:\/\/idakorea.ee\/product\/laneige-lip-glowy-balm-gummy-bear-10g\/","url":"https:\/\/idakorea.ee\/product\/laneige-lip-glowy-balm-gummy-bear-10g\/","name":"Laneige Lip Glowy Balm Gummy Bear, 10g - IDA.KOREA","isPartOf":{"@id":"https:\/\/idakorea.ee\/#website"},"primaryImageOfPage":{"@id":"https:\/\/idakorea.ee\/product\/laneige-lip-glowy-balm-gummy-bear-10g\/#primaryimage"},"image":{"@id":"https:\/\/idakorea.ee\/product\/laneige-lip-glowy-balm-gummy-bear-10g\/#primaryimage"},"thumbnailUrl":"https:\/\/idakorea.ee\/wp-content\/uploads\/2025\/08\/laneige-lip-glowy-balm-gummy-bear-idakorea.webp","datePublished":"2025-08-14T07:48:33+00:00","dateModified":"2026-02-05T09:39:39+00:00","description":"Kosteuttava LANEIGE-huulivoide j\u00e4tt\u00e4\u00e4 huulet pehmeiksi, sileiksi ja kiilt\u00e4viksi. Kevyt koostumus ja raikas mustikan tuoksu jokap\u00e4iv\u00e4iseen k\u00e4ytt\u00f6\u00f6n.","breadcrumb":{"@id":"https:\/\/idakorea.ee\/product\/laneige-lip-glowy-balm-gummy-bear-10g\/#breadcrumb"},"inLanguage":"fi","potentialAction":[{"@type":"ReadAction","target":["https:\/\/idakorea.ee\/product\/laneige-lip-glowy-balm-gummy-bear-10g\/"]}]},{"@type":"ImageObject","inLanguage":"fi","@id":"https:\/\/idakorea.ee\/product\/laneige-lip-glowy-balm-gummy-bear-10g\/#primaryimage","url":"https:\/\/idakorea.ee\/wp-content\/uploads\/2025\/08\/laneige-lip-glowy-balm-gummy-bear-idakorea.webp","contentUrl":"https:\/\/idakorea.ee\/wp-content\/uploads\/2025\/08\/laneige-lip-glowy-balm-gummy-bear-idakorea.webp","width":2000,"height":2000},{"@type":"BreadcrumbList","@id":"https:\/\/idakorea.ee\/product\/laneige-lip-glowy-balm-gummy-bear-10g\/#breadcrumb","itemListElement":[{"@type":"ListItem","position":1,"name":"\u0413\u043b\u0430\u0432\u043d\u0430\u044f \u0441\u0442\u0440\u0430\u043d\u0438\u0446\u0430","item":"https:\/\/idakorea.ee\/"},{"@type":"ListItem","position":2,"name":"Shop","item":"https:\/\/idakorea.ee\/shop-2\/"},{"@type":"ListItem","position":3,"name":"Huulepalsam Laneige Lip Glowy Balm Gummy Bear, 10g"}]},{"@type":"WebSite","@id":"https:\/\/idakorea.ee\/#website","url":"https:\/\/idakorea.ee\/","name":"IDA.KOREA","description":"Korean kosmetiikan verkkokauppa","publisher":{"@id":"https:\/\/idakorea.ee\/#organization"},"alternateName":"Beauty Shop","potentialAction":[{"@type":"SearchAction","target":{"@type":"EntryPoint","urlTemplate":"https:\/\/idakorea.ee\/?s={search_term_string}"},"query-input":{"@type":"PropertyValueSpecification","valueRequired":true,"valueName":"search_term_string"}}],"inLanguage":"fi"},{"@type":"Organization","@id":"https:\/\/idakorea.ee\/#organization","name":"IDA.KOREA","url":"https:\/\/idakorea.ee\/","logo":{"@type":"ImageObject","inLanguage":"fi","@id":"https:\/\/idakorea.ee\/#\/schema\/logo\/image\/","url":"https:\/\/idakorea.ee\/wp-content\/uploads\/2024\/05\/cropped-korea3.png","contentUrl":"https:\/\/idakorea.ee\/wp-content\/uploads\/2024\/05\/cropped-korea3.png","width":688,"height":126,"caption":"IDA.KOREA"},"image":{"@id":"https:\/\/idakorea.ee\/#\/schema\/logo\/image\/"},"sameAs":["https:\/\/www.instagram.com\/ida.korea\/"]}]}},"jetpack_sharing_enabled":true,"brands":[{"id":477,"name":"LANEIGE","slug":"laneige"}],"_links":{"self":[{"href":"https:\/\/idakorea.ee\/fi\/wp-json\/wp\/v2\/product\/15556","targetHints":{"allow":["GET"]}}],"collection":[{"href":"https:\/\/idakorea.ee\/fi\/wp-json\/wp\/v2\/product"}],"about":[{"href":"https:\/\/idakorea.ee\/fi\/wp-json\/wp\/v2\/types\/product"}],"replies":[{"embeddable":true,"href":"https:\/\/idakorea.ee\/fi\/wp-json\/wp\/v2\/comments?post=15556"}],"version-history":[{"count":1,"href":"https:\/\/idakorea.ee\/fi\/wp-json\/wp\/v2\/product\/15556\/revisions"}],"predecessor-version":[{"id":15561,"href":"https:\/\/idakorea.ee\/fi\/wp-json\/wp\/v2\/product\/15556\/revisions\/15561"}],"wp:featuredmedia":[{"embeddable":true,"href":"https:\/\/idakorea.ee\/fi\/wp-json\/wp\/v2\/media\/15557"}],"wp:attachment":[{"href":"https:\/\/idakorea.ee\/fi\/wp-json\/wp\/v2\/media?parent=15556"}],"wp:term":[{"taxonomy":"pwb-brand","embeddable":true,"href":"https:\/\/idakorea.ee\/fi\/wp-json\/wp\/v2\/pwb-brand?post=15556"},{"taxonomy":"product_brand","embeddable":true,"href":"https:\/\/idakorea.ee\/fi\/wp-json\/wp\/v2\/product_brand?post=15556"},{"taxonomy":"product_cat","embeddable":true,"href":"https:\/\/idakorea.ee\/fi\/wp-json\/wp\/v2\/product_cat?post=15556"},{"taxonomy":"product_tag","embeddable":true,"href":"https:\/\/idakorea.ee\/fi\/wp-json\/wp\/v2\/product_tag?post=15556"}],"curies":[{"name":"wp","href":"https:\/\/api.w.org\/{rel}","templated":true}]}}