{"id":15575,"date":"2025-08-16T19:23:08","date_gmt":"2025-08-16T16:23:08","guid":{"rendered":"https:\/\/idakorea.ee\/?post_type=product&#038;p=15575"},"modified":"2026-04-15T00:25:02","modified_gmt":"2026-04-14T22:25:02","slug":"pyunkang-yul-salming-pore-clear-wash-off-pack","status":"publish","type":"product","link":"https:\/\/idakorea.ee\/fi\/product\/pyunkang-yul-salming-pore-clear-wash-off-pack\/","title":{"rendered":"Pyunkang Yul \u0421alming Pore Clear Wash Off Pack, 100g"},"content":{"rendered":"<p data-start=\"146\" data-end=\"448\">Rauhoittava savinaamio lievitt\u00e4\u00e4 kutinaa ja \u00e4rsytyst\u00e4, v\u00e4hent\u00e4\u00e4 punoitusta ja auttaa palauttamaan ihon tasapainon.<br data-start=\"249\" data-end=\"252\" \/>CICA-kompleksilla on rauhoittava vaikutus ja se auttaa v\u00e4hent\u00e4m\u00e4\u00e4n aknea. Viisi erilaista hyaluronihappoa kosteuttavat tehokkaasti, yll\u00e4pit\u00e4v\u00e4t ihon kosteustasapainoa ja suojaavat naamiota ennenaikaiselta kuivumiselta.<\/p>\n<p data-start=\"450\" data-end=\"692\">Naamio tunkeutuu syv\u00e4lle ihohuokosiin, poistaa likaa ja ylim\u00e4\u00e4r\u00e4ist\u00e4 talia, liuottaa komedoneja. V\u00e4hent\u00e4\u00e4 laajentuneiden ihohuokosten ja talinerityksen n\u00e4kyvyytt\u00e4, kuorii hell\u00e4varaisesti kuolleita ihosoluja, nopeuttaa uudistumisprosesseja ja tekee ihosta pehme\u00e4n ja silkkisen.<\/p>\n<p data-start=\"694\" data-end=\"721\"><strong data-start=\"694\" data-end=\"719\">T\u00e4rkeimm\u00e4t ainesosat:<\/strong><\/p>\n<ul data-start=\"722\" data-end=\"1606\">\n<li data-start=\"722\" data-end=\"855\">\n<p data-start=\"724\" data-end=\"855\"><strong data-start=\"724\" data-end=\"735\">Kaoliini<\/strong> \u2013 puhdistaa, kuivattaa ja v\u00e4hent\u00e4\u00e4 tulehdusta, stimuloi solujen uusiutumista, pehment\u00e4\u00e4 ja rikastuttaa ihoa mineraaleilla.<\/p>\n<\/li>\n<li data-start=\"856\" data-end=\"969\">\n<p data-start=\"858\" data-end=\"969\"><strong data-start=\"858\" data-end=\"870\">Bentoniitti<\/strong> \u2013 imee likaa ja ylim\u00e4\u00e4r\u00e4ist\u00e4 rasvaa, edist\u00e4\u00e4 solujen uusiutumista, pehment\u00e4\u00e4 ja ravitsee mineraaleilla.<\/p>\n<\/li>\n<li data-start=\"970\" data-end=\"1065\">\n<p data-start=\"972\" data-end=\"1065\"><strong data-start=\"972\" data-end=\"997\">Vihre\u00e4n teen uute<\/strong> \u2013 rauhoittaa \u00e4rsytyst\u00e4, kiinteytt\u00e4\u00e4 ja sill\u00e4 on antibakteerinen vaikutus.<\/p>\n<\/li>\n<li data-start=\"1066\" data-end=\"1214\">\n<p data-start=\"1068\" data-end=\"1214\"><strong data-start=\"1068\" data-end=\"1089\">AHA- ja PHA-hapot<\/strong> \u2013 tasoittaa ihon s\u00e4vy\u00e4 ja rakennetta, tarjoaa valosuojaa, v\u00e4hent\u00e4\u00e4 tulehdusta ja s\u00e4\u00e4telee keratinisaatioprosessia.<\/p>\n<\/li>\n<li data-start=\"1215\" data-end=\"1354\">\n<p data-start=\"1217\" data-end=\"1354\"><strong data-start=\"1217\" data-end=\"1235\">Neem-uute<\/strong> \u2013 parantaa ihoa, sill\u00e4 on tulehdusta ehk\u00e4isevi\u00e4 ja antiseptisi\u00e4 vaikutuksia, tekee ihosta sile\u00e4n ja s\u00e4\u00e4telee talin erityst\u00e4.<\/p>\n<\/li>\n<li data-start=\"1355\" data-end=\"1468\">\n<p data-start=\"1357\" data-end=\"1468\"><strong data-start=\"1357\" data-end=\"1376\">Teepuuuute<\/strong> \u2013 sill\u00e4 on antimikrobisia vaikutuksia, normalisoi talirauhasten toimintaa ja v\u00e4hent\u00e4\u00e4 liiallista kiiltoa.<\/p>\n<\/li>\n<li data-start=\"1469\" data-end=\"1606\">\n<p data-start=\"1471\" data-end=\"1606\"><strong data-start=\"1471\" data-end=\"1500\">Valkopajun kuoriuute<\/strong> \u2013 luonnollinen salisyylihapon l\u00e4hde, parantaa ihonv\u00e4ri\u00e4, rauhoittaa, supistaa ihohuokosia ja s\u00e4\u00e4telee talirauhasten erityst\u00e4.<\/p>\n<\/li>\n<\/ul>\n<p data-start=\"1608\" data-end=\"1675\">Sopii<strong data-start=\"1608\" data-end=\"1632\">:<\/strong> normaalille, sekaiholle ja rasvoittuvalle iholle.<\/p>\n<p data-start=\"1677\" data-end=\"1856\"><strong data-start=\"1677\" data-end=\"1692\">K\u00e4ytt\u00f6:<\/strong> Puhdistuksen j\u00e4lkeen levit\u00e4 naamio kuiville kasvoille ja hiero kevyesti. V\u00e4lt\u00e4 silm\u00e4nymp\u00e4rysihoa ja huulia. Anna vaikuttaa 10\u201315 minuuttia ja huuhtele sitten l\u00e4mpim\u00e4ll\u00e4 vedell\u00e4.<\/p>","protected":false},"excerpt":{"rendered":"<p>Rauhoittava savinaamio lievitt\u00e4\u00e4 kutinaa ja \u00e4rsytyst\u00e4, v\u00e4hent\u00e4\u00e4 punoitusta ja auttaa palauttamaan ihon tasapainon. CICA-kompleksilla on rauhoittava vaikutus ja se edist\u00e4\u00e4 aknen lievityst\u00e4. Viisi erilaista hyaluronihappoa kosteuttaa tehokkaasti, yll\u00e4pit\u00e4\u00e4 ihon kosteustasapainoa ja suojaa naamiota ennenaikaiselta kuivumiselta. Naamio tunkeutuu syv\u00e4lle ihohuokosiin, poistaa likaa ja ylim\u00e4\u00e4r\u00e4ist\u00e4 talia, liuottaa komedoneja. V\u00e4hent\u00e4\u00e4 laajentuneiden ihohuokosten ja talin n\u00e4kyvyytt\u00e4, kuorii hell\u00e4varaisesti kuolleita ihosoluja,\u2026<\/p>","protected":false},"featured_media":15576,"comment_status":"open","ping_status":"closed","template":"","meta":{"_uf_show_specific_survey":0,"_uf_disable_surveys":false,"_bst_post_transparent":"default","_bst_post_title":"","_bst_post_layout":"default","_bst_post_sidebar_id":"","_bst_post_content_style":"default","_bst_post_vertical_padding":"default","_bst_post_feature":"","_bst_post_feature_position":"","_bst_post_header":false,"_bst_post_footer":false},"pwb-brand":[474],"product_brand":[],"product_cat":[92,98],"product_tag":[979,449,980],"class_list":{"0":"post-15575","1":"product","2":"type-product","3":"status-publish","4":"has-post-thumbnail","6":"pwb-brand-pyunkang-yul","7":"product_cat-nagu","8":"product_cat-naomaskid","9":"product_tag-poorid","10":"product_tag-pore","11":"product_tag-savimask","13":"first","14":"instock","15":"sale","16":"shipping-taxable","17":"purchasable","18":"product-type-simple","19":"entry","20":"content-bg","21":"loop-entry"},"supplier_id":null,"supplier_sku":"","barcode":null,"atum_controlled":true,"out_stock_date":null,"out_stock_threshold":null,"inheritable":false,"inbound_stock":0,"stock_on_hold":0,"sold_today":0,"sales_last_days":1,"out_stock_days":0,"lost_sales":0,"has_location":false,"update_date":"2026-04-14T22:25:05","atum_locations":[],"atum_stock_status":"instock","restock_status":false,"low_stock_amount":"","sales_update_date":"2026-02-27T16:01:53","calc_backorders":null,"yoast_head":"<!-- This site is optimized with the Yoast SEO plugin v27.2 - https:\/\/yoast.com\/product\/yoast-seo-wordpress\/ -->\n<title>Pyunkang Yul \u0421alming Pore Clear Wash Off Pack - IDA.KOREA<\/title>\n<meta name=\"description\" content=\"Rahustav savimask CICA-kompleksi ja h\u00fcaluroonhappega puhastab s\u00fcgavalt poorid, v\u00e4hendab punetust ja \u00e4rritust ning j\u00e4tab naha pehmeks ja siledaks.\" \/>\n<meta name=\"robots\" content=\"index, follow, max-snippet:-1, max-image-preview:large, max-video-preview:-1\" \/>\n<link rel=\"canonical\" href=\"https:\/\/idakorea.ee\/fi\/product\/pyunkang-yul-salming-pore-clear-wash-off-pack\/\" \/>\n<meta property=\"og:locale\" content=\"fi_FI\" \/>\n<meta property=\"og:type\" content=\"article\" \/>\n<meta property=\"og:title\" content=\"Pyunkang Yul \u0421alming Pore Clear Wash Off Pack - IDA.KOREA\" \/>\n<meta property=\"og:description\" content=\"Rahustav savimask CICA-kompleksi ja h\u00fcaluroonhappega puhastab s\u00fcgavalt poorid, v\u00e4hendab punetust ja \u00e4rritust ning j\u00e4tab naha pehmeks ja siledaks.\" \/>\n<meta property=\"og:url\" content=\"https:\/\/idakorea.ee\/fi\/product\/pyunkang-yul-salming-pore-clear-wash-off-pack\/\" \/>\n<meta property=\"og:site_name\" content=\"IDA.KOREA\" \/>\n<meta property=\"article:modified_time\" content=\"2026-04-14T22:25:02+00:00\" \/>\n<meta property=\"og:image\" content=\"https:\/\/idakorea.ee\/wp-content\/uploads\/2025\/08\/pyunkang-yul-calming-pore-clear-wash-off-pack-idakorea.ee_.webp\" \/>\n\t<meta property=\"og:image:width\" content=\"1024\" \/>\n\t<meta property=\"og:image:height\" content=\"1024\" \/>\n\t<meta property=\"og:image:type\" content=\"image\/webp\" \/>\n<meta name=\"twitter:card\" content=\"summary_large_image\" \/>\n<meta name=\"twitter:label1\" content=\"Arvioitu lukuaika\" \/>\n\t<meta name=\"twitter:data1\" content=\"2 minuuttia\" \/>\n<script type=\"application\/ld+json\" class=\"yoast-schema-graph\">{\"@context\":\"https:\/\/schema.org\",\"@graph\":[{\"@type\":\"WebPage\",\"@id\":\"https:\/\/idakorea.ee\/product\/pyunkang-yul-salming-pore-clear-wash-off-pack\/\",\"url\":\"https:\/\/idakorea.ee\/product\/pyunkang-yul-salming-pore-clear-wash-off-pack\/\",\"name\":\"Pyunkang Yul \u0421alming Pore Clear Wash Off Pack - IDA.KOREA\",\"isPartOf\":{\"@id\":\"https:\/\/idakorea.ee\/#website\"},\"primaryImageOfPage\":{\"@id\":\"https:\/\/idakorea.ee\/product\/pyunkang-yul-salming-pore-clear-wash-off-pack\/#primaryimage\"},\"image\":{\"@id\":\"https:\/\/idakorea.ee\/product\/pyunkang-yul-salming-pore-clear-wash-off-pack\/#primaryimage\"},\"thumbnailUrl\":\"https:\/\/idakorea.ee\/wp-content\/uploads\/2025\/08\/pyunkang-yul-calming-pore-clear-wash-off-pack-idakorea.ee_.webp\",\"datePublished\":\"2025-08-16T16:23:08+00:00\",\"dateModified\":\"2026-04-14T22:25:02+00:00\",\"description\":\"Rahustav savimask CICA-kompleksi ja h\u00fcaluroonhappega puhastab s\u00fcgavalt poorid, v\u00e4hendab punetust ja \u00e4rritust ning j\u00e4tab naha pehmeks ja siledaks.\",\"breadcrumb\":{\"@id\":\"https:\/\/idakorea.ee\/product\/pyunkang-yul-salming-pore-clear-wash-off-pack\/#breadcrumb\"},\"inLanguage\":\"fi\",\"potentialAction\":[{\"@type\":\"ReadAction\",\"target\":[\"https:\/\/idakorea.ee\/product\/pyunkang-yul-salming-pore-clear-wash-off-pack\/\"]}]},{\"@type\":\"ImageObject\",\"inLanguage\":\"fi\",\"@id\":\"https:\/\/idakorea.ee\/product\/pyunkang-yul-salming-pore-clear-wash-off-pack\/#primaryimage\",\"url\":\"https:\/\/idakorea.ee\/wp-content\/uploads\/2025\/08\/pyunkang-yul-calming-pore-clear-wash-off-pack-idakorea.ee_.webp\",\"contentUrl\":\"https:\/\/idakorea.ee\/wp-content\/uploads\/2025\/08\/pyunkang-yul-calming-pore-clear-wash-off-pack-idakorea.ee_.webp\",\"width\":1024,\"height\":1024},{\"@type\":\"BreadcrumbList\",\"@id\":\"https:\/\/idakorea.ee\/product\/pyunkang-yul-salming-pore-clear-wash-off-pack\/#breadcrumb\",\"itemListElement\":[{\"@type\":\"ListItem\",\"position\":1,\"name\":\"\u0413\u043b\u0430\u0432\u043d\u0430\u044f \u0441\u0442\u0440\u0430\u043d\u0438\u0446\u0430\",\"item\":\"https:\/\/idakorea.ee\/\"},{\"@type\":\"ListItem\",\"position\":2,\"name\":\"Shop\",\"item\":\"https:\/\/idakorea.ee\/shop-2\/\"},{\"@type\":\"ListItem\",\"position\":3,\"name\":\"Rahustav savimask pooride puhastamiseks Pyunkang Yul \u0421alming Pore Clear Wash Off Pack, 100g\"}]},{\"@type\":\"WebSite\",\"@id\":\"https:\/\/idakorea.ee\/#website\",\"url\":\"https:\/\/idakorea.ee\/\",\"name\":\"IDA.KOREA\",\"description\":\"Korea kosmeetika e-pood\",\"publisher\":{\"@id\":\"https:\/\/idakorea.ee\/#organization\"},\"alternateName\":\"Beauty Shop\",\"potentialAction\":[{\"@type\":\"SearchAction\",\"target\":{\"@type\":\"EntryPoint\",\"urlTemplate\":\"https:\/\/idakorea.ee\/?s={search_term_string}\"},\"query-input\":{\"@type\":\"PropertyValueSpecification\",\"valueRequired\":true,\"valueName\":\"search_term_string\"}}],\"inLanguage\":\"fi\"},{\"@type\":\"Organization\",\"@id\":\"https:\/\/idakorea.ee\/#organization\",\"name\":\"IDA.KOREA\",\"url\":\"https:\/\/idakorea.ee\/\",\"logo\":{\"@type\":\"ImageObject\",\"inLanguage\":\"fi\",\"@id\":\"https:\/\/idakorea.ee\/#\/schema\/logo\/image\/\",\"url\":\"https:\/\/idakorea.ee\/wp-content\/uploads\/2024\/05\/cropped-korea3.png\",\"contentUrl\":\"https:\/\/idakorea.ee\/wp-content\/uploads\/2024\/05\/cropped-korea3.png\",\"width\":688,\"height\":126,\"caption\":\"IDA.KOREA\"},\"image\":{\"@id\":\"https:\/\/idakorea.ee\/#\/schema\/logo\/image\/\"},\"sameAs\":[\"https:\/\/www.instagram.com\/ida.korea\/\"]}]}<\/script>\n<!-- \/ Yoast SEO plugin. -->","yoast_head_json":{"title":"Pyunkang Yul Rauhoittava Huokostenpuhdistuspakkaus - IDA.KOREA","description":"Rauhoittava savinaamio CICA-kompleksilla ja hyaluronihapolla puhdistaa ihohuokoset syv\u00e4lt\u00e4, v\u00e4hent\u00e4\u00e4 punoitusta ja \u00e4rsytyst\u00e4 ja j\u00e4tt\u00e4\u00e4 ihon pehme\u00e4ksi ja sile\u00e4ksi.","robots":{"index":"index","follow":"follow","max-snippet":"max-snippet:-1","max-image-preview":"max-image-preview:large","max-video-preview":"max-video-preview:-1"},"canonical":"https:\/\/idakorea.ee\/fi\/product\/pyunkang-yul-salming-pore-clear-wash-off-pack\/","og_locale":"fi_FI","og_type":"article","og_title":"Pyunkang Yul \u0421alming Pore Clear Wash Off Pack - IDA.KOREA","og_description":"Rahustav savimask CICA-kompleksi ja h\u00fcaluroonhappega puhastab s\u00fcgavalt poorid, v\u00e4hendab punetust ja \u00e4rritust ning j\u00e4tab naha pehmeks ja siledaks.","og_url":"https:\/\/idakorea.ee\/fi\/product\/pyunkang-yul-salming-pore-clear-wash-off-pack\/","og_site_name":"IDA.KOREA","article_modified_time":"2026-04-14T22:25:02+00:00","og_image":[{"width":1024,"height":1024,"url":"https:\/\/idakorea.ee\/wp-content\/uploads\/2025\/08\/pyunkang-yul-calming-pore-clear-wash-off-pack-idakorea.ee_.webp","type":"image\/webp"}],"twitter_card":"summary_large_image","twitter_misc":{"Arvioitu lukuaika":"2 minuuttia"},"schema":{"@context":"https:\/\/schema.org","@graph":[{"@type":"WebPage","@id":"https:\/\/idakorea.ee\/product\/pyunkang-yul-salming-pore-clear-wash-off-pack\/","url":"https:\/\/idakorea.ee\/product\/pyunkang-yul-salming-pore-clear-wash-off-pack\/","name":"Pyunkang Yul Rauhoittava Huokostenpuhdistuspakkaus - IDA.KOREA","isPartOf":{"@id":"https:\/\/idakorea.ee\/#website"},"primaryImageOfPage":{"@id":"https:\/\/idakorea.ee\/product\/pyunkang-yul-salming-pore-clear-wash-off-pack\/#primaryimage"},"image":{"@id":"https:\/\/idakorea.ee\/product\/pyunkang-yul-salming-pore-clear-wash-off-pack\/#primaryimage"},"thumbnailUrl":"https:\/\/idakorea.ee\/wp-content\/uploads\/2025\/08\/pyunkang-yul-calming-pore-clear-wash-off-pack-idakorea.ee_.webp","datePublished":"2025-08-16T16:23:08+00:00","dateModified":"2026-04-14T22:25:02+00:00","description":"Rauhoittava savinaamio CICA-kompleksilla ja hyaluronihapolla puhdistaa ihohuokoset syv\u00e4lt\u00e4, v\u00e4hent\u00e4\u00e4 punoitusta ja \u00e4rsytyst\u00e4 ja j\u00e4tt\u00e4\u00e4 ihon pehme\u00e4ksi ja sile\u00e4ksi.","breadcrumb":{"@id":"https:\/\/idakorea.ee\/product\/pyunkang-yul-salming-pore-clear-wash-off-pack\/#breadcrumb"},"inLanguage":"fi","potentialAction":[{"@type":"ReadAction","target":["https:\/\/idakorea.ee\/product\/pyunkang-yul-salming-pore-clear-wash-off-pack\/"]}]},{"@type":"ImageObject","inLanguage":"fi","@id":"https:\/\/idakorea.ee\/product\/pyunkang-yul-salming-pore-clear-wash-off-pack\/#primaryimage","url":"https:\/\/idakorea.ee\/wp-content\/uploads\/2025\/08\/pyunkang-yul-calming-pore-clear-wash-off-pack-idakorea.ee_.webp","contentUrl":"https:\/\/idakorea.ee\/wp-content\/uploads\/2025\/08\/pyunkang-yul-calming-pore-clear-wash-off-pack-idakorea.ee_.webp","width":1024,"height":1024},{"@type":"BreadcrumbList","@id":"https:\/\/idakorea.ee\/product\/pyunkang-yul-salming-pore-clear-wash-off-pack\/#breadcrumb","itemListElement":[{"@type":"ListItem","position":1,"name":"\u0413\u043b\u0430\u0432\u043d\u0430\u044f \u0441\u0442\u0440\u0430\u043d\u0438\u0446\u0430","item":"https:\/\/idakorea.ee\/"},{"@type":"ListItem","position":2,"name":"Shop","item":"https:\/\/idakorea.ee\/shop-2\/"},{"@type":"ListItem","position":3,"name":"Rahustav savimask pooride puhastamiseks Pyunkang Yul \u0421alming Pore Clear Wash Off Pack, 100g"}]},{"@type":"WebSite","@id":"https:\/\/idakorea.ee\/#website","url":"https:\/\/idakorea.ee\/","name":"IDA.KOREA","description":"Korean kosmetiikan verkkokauppa","publisher":{"@id":"https:\/\/idakorea.ee\/#organization"},"alternateName":"Beauty Shop","potentialAction":[{"@type":"SearchAction","target":{"@type":"EntryPoint","urlTemplate":"https:\/\/idakorea.ee\/?s={search_term_string}"},"query-input":{"@type":"PropertyValueSpecification","valueRequired":true,"valueName":"search_term_string"}}],"inLanguage":"fi"},{"@type":"Organization","@id":"https:\/\/idakorea.ee\/#organization","name":"IDA.KOREA","url":"https:\/\/idakorea.ee\/","logo":{"@type":"ImageObject","inLanguage":"fi","@id":"https:\/\/idakorea.ee\/#\/schema\/logo\/image\/","url":"https:\/\/idakorea.ee\/wp-content\/uploads\/2024\/05\/cropped-korea3.png","contentUrl":"https:\/\/idakorea.ee\/wp-content\/uploads\/2024\/05\/cropped-korea3.png","width":688,"height":126,"caption":"IDA.KOREA"},"image":{"@id":"https:\/\/idakorea.ee\/#\/schema\/logo\/image\/"},"sameAs":["https:\/\/www.instagram.com\/ida.korea\/"]}]}},"jetpack_sharing_enabled":true,"brands":[{"id":474,"name":"PYUNKANG YUL","slug":"pyunkang-yul"}],"_links":{"self":[{"href":"https:\/\/idakorea.ee\/fi\/wp-json\/wp\/v2\/product\/15575","targetHints":{"allow":["GET"]}}],"collection":[{"href":"https:\/\/idakorea.ee\/fi\/wp-json\/wp\/v2\/product"}],"about":[{"href":"https:\/\/idakorea.ee\/fi\/wp-json\/wp\/v2\/types\/product"}],"replies":[{"embeddable":true,"href":"https:\/\/idakorea.ee\/fi\/wp-json\/wp\/v2\/comments?post=15575"}],"version-history":[{"count":3,"href":"https:\/\/idakorea.ee\/fi\/wp-json\/wp\/v2\/product\/15575\/revisions"}],"predecessor-version":[{"id":15581,"href":"https:\/\/idakorea.ee\/fi\/wp-json\/wp\/v2\/product\/15575\/revisions\/15581"}],"wp:featuredmedia":[{"embeddable":true,"href":"https:\/\/idakorea.ee\/fi\/wp-json\/wp\/v2\/media\/15576"}],"wp:attachment":[{"href":"https:\/\/idakorea.ee\/fi\/wp-json\/wp\/v2\/media?parent=15575"}],"wp:term":[{"taxonomy":"pwb-brand","embeddable":true,"href":"https:\/\/idakorea.ee\/fi\/wp-json\/wp\/v2\/pwb-brand?post=15575"},{"taxonomy":"product_brand","embeddable":true,"href":"https:\/\/idakorea.ee\/fi\/wp-json\/wp\/v2\/product_brand?post=15575"},{"taxonomy":"product_cat","embeddable":true,"href":"https:\/\/idakorea.ee\/fi\/wp-json\/wp\/v2\/product_cat?post=15575"},{"taxonomy":"product_tag","embeddable":true,"href":"https:\/\/idakorea.ee\/fi\/wp-json\/wp\/v2\/product_tag?post=15575"}],"curies":[{"name":"wp","href":"https:\/\/api.w.org\/{rel}","templated":true}]}}