{"id":15602,"date":"2025-08-19T16:28:30","date_gmt":"2025-08-19T13:28:30","guid":{"rendered":"https:\/\/idakorea.ee\/?post_type=product&#038;p=15602"},"modified":"2026-01-29T16:23:32","modified_gmt":"2026-01-29T14:23:32","slug":"dalba-mild-skin-balancing-vegan-cream-55ml","status":"publish","type":"product","link":"https:\/\/idakorea.ee\/fi\/product\/dalba-mild-skin-balancing-vegan-cream-55ml\/","title":{"rendered":"Hell\u00e4varainen tasapainottava voide valkoisella tryffeliuutteella ja d&#039;Alban keramideilla. Mild Skin Balancing Vegan Cream, 55ml."},"content":{"rendered":"<p><strong>d'Alba Mild Skin Balancing Vegan Cream \u2013 <\/strong>Voiteen kevyt koostumus kosteuttaa ja rauhoittaa ihoa v\u00e4litt\u00f6m\u00e4sti. Se sis\u00e4lt\u00e4\u00e4 italialaista valkoista tryffeliuutetta, aasialaista vesinabaa, teepuu\u00f6ljy\u00e4 ja hyaluronihappoa, jotka ravitsevat ja hoitavat ihoa syv\u00e4lt\u00e4. Voide ei sis\u00e4ll\u00e4 keinotekoisia hajusteita tai v\u00e4riaineita, joten se sopii erinomaisesti herk\u00e4lle iholle.<\/p>\n<p>Tuote sopii kaikille ihotyypeille ja on vegaaninen.<\/p>\n<p>Testattu herk\u00e4ll\u00e4 iholla, mik\u00e4 vahvistaa sen turvallisuuden ja tehokkuuden.<\/p>\n<p><strong>K\u00e4ytt\u00f6: <\/strong>Levit\u00e4 voidetta aamuin ja\/tai illoin puhdistetulle kasvoille ja kaulalle. Levit\u00e4 sit\u00e4 kevyin py\u00f6rivin liikkein, jotta voide imeytyy kokonaan. Jos ilmenee \u00e4rsytyst\u00e4, lopeta k\u00e4ytt\u00f6 v\u00e4litt\u00f6m\u00e4sti ja ota yhteys l\u00e4\u00e4k\u00e4riin. Pid\u00e4 tuote poissa suorasta auringonvalosta ja lasten ulottumattomissa.<\/p>","protected":false},"excerpt":{"rendered":"<p>d&#039;Alba Mild Skin Balancing Vegan Cream \u2013 kevyt koostumus kosteuttaa ja rauhoittaa ihoa v\u00e4litt\u00f6m\u00e4sti. Se sis\u00e4lt\u00e4\u00e4 italialaista valkoista tryffeliuutetta, aasialaista vesinabaa, teepuu\u00f6ljy\u00e4 ja hyaluronihappoa, jotka ravitsevat ja hoitavat ihoa syv\u00e4lt\u00e4. Voide ei sis\u00e4ll\u00e4 keinotekoisia hajusteita tai v\u00e4riaineita, joten se sopii ihanteellisesti herk\u00e4lle iholle. Tuote sopii kaikille ihotyypeille ja on vegaaninen. Testattu\u2026<\/p>","protected":false},"featured_media":15603,"comment_status":"open","ping_status":"closed","template":"","meta":{"_uf_show_specific_survey":0,"_uf_disable_surveys":false,"_bst_post_transparent":"default","_bst_post_title":"","_bst_post_layout":"default","_bst_post_sidebar_id":"","_bst_post_content_style":"default","_bst_post_vertical_padding":"default","_bst_post_feature":"","_bst_post_feature_position":"","_bst_post_header":false,"_bst_post_footer":false},"pwb-brand":[105],"product_brand":[],"product_cat":[92,96],"product_tag":[127,772,739],"class_list":{"0":"post-15602","1":"product","2":"type-product","3":"status-publish","4":"has-post-thumbnail","6":"pwb-brand-dalba","7":"product_cat-nagu","8":"product_cat-naokreemid","9":"product_tag-dalba","10":"product_tag-truffle","11":"product_tag-vegan","13":"first","14":"instock","15":"sale","16":"shipping-taxable","17":"purchasable","18":"product-type-simple","19":"entry","20":"content-bg","21":"loop-entry"},"supplier_id":null,"supplier_sku":"","barcode":null,"atum_controlled":true,"out_stock_date":null,"out_stock_threshold":null,"inheritable":false,"inbound_stock":0,"stock_on_hold":0,"sold_today":0,"sales_last_days":0,"out_stock_days":0,"lost_sales":0,"has_location":false,"update_date":"2026-04-15T00:05:14","atum_locations":[],"atum_stock_status":"instock","restock_status":false,"low_stock_amount":"","sales_update_date":"2026-04-15T00:05:14","calc_backorders":null,"yoast_head":"<!-- This site is optimized with the Yoast SEO plugin v27.2 - https:\/\/yoast.com\/product\/yoast-seo-wordpress\/ -->\n<title>d&#039;Alba Mild Skin Balancing Vegan Cream, 55ml - IDA.KOREA<\/title>\n<meta name=\"description\" content=\"\u00d5rn tasakaalustav kreem valge tr\u00fchvli ekstrakti ja tseramiididega d&#039;Alba Mild Skin Balancing Vegan Cream kerge tekstuuriga niisutab ja rahustab nahka.\" \/>\n<meta name=\"robots\" content=\"index, follow, max-snippet:-1, max-image-preview:large, max-video-preview:-1\" \/>\n<link rel=\"canonical\" href=\"https:\/\/idakorea.ee\/fi\/product\/dalba-mild-skin-balancing-vegan-cream-55ml\/\" \/>\n<meta property=\"og:locale\" content=\"fi_FI\" \/>\n<meta property=\"og:type\" content=\"article\" \/>\n<meta property=\"og:title\" content=\"d&#039;Alba Mild Skin Balancing Vegan Cream, 55ml - IDA.KOREA\" \/>\n<meta property=\"og:description\" content=\"\u00d5rn tasakaalustav kreem valge tr\u00fchvli ekstrakti ja tseramiididega d&#039;Alba Mild Skin Balancing Vegan Cream kerge tekstuuriga niisutab ja rahustab nahka.\" \/>\n<meta property=\"og:url\" content=\"https:\/\/idakorea.ee\/fi\/product\/dalba-mild-skin-balancing-vegan-cream-55ml\/\" \/>\n<meta property=\"og:site_name\" content=\"IDA.KOREA\" \/>\n<meta property=\"article:modified_time\" content=\"2026-01-29T14:23:32+00:00\" \/>\n<meta property=\"og:image\" content=\"https:\/\/idakorea.ee\/wp-content\/uploads\/2025\/08\/dalba-balancing-vegan-cream-idakorea.png\" \/>\n\t<meta property=\"og:image:width\" content=\"800\" \/>\n\t<meta property=\"og:image:height\" content=\"800\" \/>\n\t<meta property=\"og:image:type\" content=\"image\/png\" \/>\n<meta name=\"twitter:card\" content=\"summary_large_image\" \/>\n<meta name=\"twitter:label1\" content=\"Arvioitu lukuaika\" \/>\n\t<meta name=\"twitter:data1\" content=\"1 minuutti\" \/>\n<script type=\"application\/ld+json\" class=\"yoast-schema-graph\">{\"@context\":\"https:\/\/schema.org\",\"@graph\":[{\"@type\":\"WebPage\",\"@id\":\"https:\/\/idakorea.ee\/product\/dalba-mild-skin-balancing-vegan-cream-55ml\/\",\"url\":\"https:\/\/idakorea.ee\/product\/dalba-mild-skin-balancing-vegan-cream-55ml\/\",\"name\":\"d'Alba Mild Skin Balancing Vegan Cream, 55ml - IDA.KOREA\",\"isPartOf\":{\"@id\":\"https:\/\/idakorea.ee\/#website\"},\"primaryImageOfPage\":{\"@id\":\"https:\/\/idakorea.ee\/product\/dalba-mild-skin-balancing-vegan-cream-55ml\/#primaryimage\"},\"image\":{\"@id\":\"https:\/\/idakorea.ee\/product\/dalba-mild-skin-balancing-vegan-cream-55ml\/#primaryimage\"},\"thumbnailUrl\":\"https:\/\/idakorea.ee\/wp-content\/uploads\/2025\/08\/dalba-balancing-vegan-cream-idakorea.png\",\"datePublished\":\"2025-08-19T13:28:30+00:00\",\"dateModified\":\"2026-01-29T14:23:32+00:00\",\"description\":\"\u00d5rn tasakaalustav kreem valge tr\u00fchvli ekstrakti ja tseramiididega d'Alba Mild Skin Balancing Vegan Cream kerge tekstuuriga niisutab ja rahustab nahka.\",\"breadcrumb\":{\"@id\":\"https:\/\/idakorea.ee\/product\/dalba-mild-skin-balancing-vegan-cream-55ml\/#breadcrumb\"},\"inLanguage\":\"fi\",\"potentialAction\":[{\"@type\":\"ReadAction\",\"target\":[\"https:\/\/idakorea.ee\/product\/dalba-mild-skin-balancing-vegan-cream-55ml\/\"]}]},{\"@type\":\"ImageObject\",\"inLanguage\":\"fi\",\"@id\":\"https:\/\/idakorea.ee\/product\/dalba-mild-skin-balancing-vegan-cream-55ml\/#primaryimage\",\"url\":\"https:\/\/idakorea.ee\/wp-content\/uploads\/2025\/08\/dalba-balancing-vegan-cream-idakorea.png\",\"contentUrl\":\"https:\/\/idakorea.ee\/wp-content\/uploads\/2025\/08\/dalba-balancing-vegan-cream-idakorea.png\",\"width\":800,\"height\":800},{\"@type\":\"BreadcrumbList\",\"@id\":\"https:\/\/idakorea.ee\/product\/dalba-mild-skin-balancing-vegan-cream-55ml\/#breadcrumb\",\"itemListElement\":[{\"@type\":\"ListItem\",\"position\":1,\"name\":\"\u0413\u043b\u0430\u0432\u043d\u0430\u044f \u0441\u0442\u0440\u0430\u043d\u0438\u0446\u0430\",\"item\":\"https:\/\/idakorea.ee\/\"},{\"@type\":\"ListItem\",\"position\":2,\"name\":\"Shop\",\"item\":\"https:\/\/idakorea.ee\/shop-2\/\"},{\"@type\":\"ListItem\",\"position\":3,\"name\":\"\u00d5rn tasakaalustav kreem valge tr\u00fchvli ekstrakti ja tseramiididega d&#8217;Alba Mild Skin Balancing Vegan Cream, 55ml\"}]},{\"@type\":\"WebSite\",\"@id\":\"https:\/\/idakorea.ee\/#website\",\"url\":\"https:\/\/idakorea.ee\/\",\"name\":\"IDA.KOREA\",\"description\":\"Korea kosmeetika e-pood\",\"publisher\":{\"@id\":\"https:\/\/idakorea.ee\/#organization\"},\"alternateName\":\"Beauty Shop\",\"potentialAction\":[{\"@type\":\"SearchAction\",\"target\":{\"@type\":\"EntryPoint\",\"urlTemplate\":\"https:\/\/idakorea.ee\/?s={search_term_string}\"},\"query-input\":{\"@type\":\"PropertyValueSpecification\",\"valueRequired\":true,\"valueName\":\"search_term_string\"}}],\"inLanguage\":\"fi\"},{\"@type\":\"Organization\",\"@id\":\"https:\/\/idakorea.ee\/#organization\",\"name\":\"IDA.KOREA\",\"url\":\"https:\/\/idakorea.ee\/\",\"logo\":{\"@type\":\"ImageObject\",\"inLanguage\":\"fi\",\"@id\":\"https:\/\/idakorea.ee\/#\/schema\/logo\/image\/\",\"url\":\"https:\/\/idakorea.ee\/wp-content\/uploads\/2024\/05\/cropped-korea3.png\",\"contentUrl\":\"https:\/\/idakorea.ee\/wp-content\/uploads\/2024\/05\/cropped-korea3.png\",\"width\":688,\"height\":126,\"caption\":\"IDA.KOREA\"},\"image\":{\"@id\":\"https:\/\/idakorea.ee\/#\/schema\/logo\/image\/\"},\"sameAs\":[\"https:\/\/www.instagram.com\/ida.korea\/\"]}]}<\/script>\n<!-- \/ Yoast SEO plugin. -->","yoast_head_json":{"title":"d&#039;Alba Mild Skin Balancing Vegan Cream, 55ml - IDA.KOREA","description":"Hell\u00e4varainen tasapainottava voide, jossa on valkoista tryffeliuutetta ja d&#039;Alba Mild Skin Balancing Vegan Cream -keramideja, kosteuttaa ja rauhoittaa ihoa kevyell\u00e4 koostumuksella.","robots":{"index":"index","follow":"follow","max-snippet":"max-snippet:-1","max-image-preview":"max-image-preview:large","max-video-preview":"max-video-preview:-1"},"canonical":"https:\/\/idakorea.ee\/fi\/product\/dalba-mild-skin-balancing-vegan-cream-55ml\/","og_locale":"fi_FI","og_type":"article","og_title":"d'Alba Mild Skin Balancing Vegan Cream, 55ml - IDA.KOREA","og_description":"\u00d5rn tasakaalustav kreem valge tr\u00fchvli ekstrakti ja tseramiididega d'Alba Mild Skin Balancing Vegan Cream kerge tekstuuriga niisutab ja rahustab nahka.","og_url":"https:\/\/idakorea.ee\/fi\/product\/dalba-mild-skin-balancing-vegan-cream-55ml\/","og_site_name":"IDA.KOREA","article_modified_time":"2026-01-29T14:23:32+00:00","og_image":[{"width":800,"height":800,"url":"https:\/\/idakorea.ee\/wp-content\/uploads\/2025\/08\/dalba-balancing-vegan-cream-idakorea.png","type":"image\/png"}],"twitter_card":"summary_large_image","twitter_misc":{"Arvioitu lukuaika":"1 minuutti"},"schema":{"@context":"https:\/\/schema.org","@graph":[{"@type":"WebPage","@id":"https:\/\/idakorea.ee\/product\/dalba-mild-skin-balancing-vegan-cream-55ml\/","url":"https:\/\/idakorea.ee\/product\/dalba-mild-skin-balancing-vegan-cream-55ml\/","name":"d&#039;Alba Mild Skin Balancing Vegan Cream, 55ml - IDA.KOREA","isPartOf":{"@id":"https:\/\/idakorea.ee\/#website"},"primaryImageOfPage":{"@id":"https:\/\/idakorea.ee\/product\/dalba-mild-skin-balancing-vegan-cream-55ml\/#primaryimage"},"image":{"@id":"https:\/\/idakorea.ee\/product\/dalba-mild-skin-balancing-vegan-cream-55ml\/#primaryimage"},"thumbnailUrl":"https:\/\/idakorea.ee\/wp-content\/uploads\/2025\/08\/dalba-balancing-vegan-cream-idakorea.png","datePublished":"2025-08-19T13:28:30+00:00","dateModified":"2026-01-29T14:23:32+00:00","description":"Hell\u00e4varainen tasapainottava voide, jossa on valkoista tryffeliuutetta ja d&#039;Alba Mild Skin Balancing Vegan Cream -keramideja, kosteuttaa ja rauhoittaa ihoa kevyell\u00e4 koostumuksella.","breadcrumb":{"@id":"https:\/\/idakorea.ee\/product\/dalba-mild-skin-balancing-vegan-cream-55ml\/#breadcrumb"},"inLanguage":"fi","potentialAction":[{"@type":"ReadAction","target":["https:\/\/idakorea.ee\/product\/dalba-mild-skin-balancing-vegan-cream-55ml\/"]}]},{"@type":"ImageObject","inLanguage":"fi","@id":"https:\/\/idakorea.ee\/product\/dalba-mild-skin-balancing-vegan-cream-55ml\/#primaryimage","url":"https:\/\/idakorea.ee\/wp-content\/uploads\/2025\/08\/dalba-balancing-vegan-cream-idakorea.png","contentUrl":"https:\/\/idakorea.ee\/wp-content\/uploads\/2025\/08\/dalba-balancing-vegan-cream-idakorea.png","width":800,"height":800},{"@type":"BreadcrumbList","@id":"https:\/\/idakorea.ee\/product\/dalba-mild-skin-balancing-vegan-cream-55ml\/#breadcrumb","itemListElement":[{"@type":"ListItem","position":1,"name":"\u0413\u043b\u0430\u0432\u043d\u0430\u044f \u0441\u0442\u0440\u0430\u043d\u0438\u0446\u0430","item":"https:\/\/idakorea.ee\/"},{"@type":"ListItem","position":2,"name":"Shop","item":"https:\/\/idakorea.ee\/shop-2\/"},{"@type":"ListItem","position":3,"name":"\u00d5rn tasakaalustav kreem valge tr\u00fchvli ekstrakti ja tseramiididega d&#8217;Alba Mild Skin Balancing Vegan Cream, 55ml"}]},{"@type":"WebSite","@id":"https:\/\/idakorea.ee\/#website","url":"https:\/\/idakorea.ee\/","name":"IDA.KOREA","description":"Korean kosmetiikan verkkokauppa","publisher":{"@id":"https:\/\/idakorea.ee\/#organization"},"alternateName":"Beauty Shop","potentialAction":[{"@type":"SearchAction","target":{"@type":"EntryPoint","urlTemplate":"https:\/\/idakorea.ee\/?s={search_term_string}"},"query-input":{"@type":"PropertyValueSpecification","valueRequired":true,"valueName":"search_term_string"}}],"inLanguage":"fi"},{"@type":"Organization","@id":"https:\/\/idakorea.ee\/#organization","name":"IDA.KOREA","url":"https:\/\/idakorea.ee\/","logo":{"@type":"ImageObject","inLanguage":"fi","@id":"https:\/\/idakorea.ee\/#\/schema\/logo\/image\/","url":"https:\/\/idakorea.ee\/wp-content\/uploads\/2024\/05\/cropped-korea3.png","contentUrl":"https:\/\/idakorea.ee\/wp-content\/uploads\/2024\/05\/cropped-korea3.png","width":688,"height":126,"caption":"IDA.KOREA"},"image":{"@id":"https:\/\/idakorea.ee\/#\/schema\/logo\/image\/"},"sameAs":["https:\/\/www.instagram.com\/ida.korea\/"]}]}},"jetpack_sharing_enabled":true,"brands":[{"id":105,"name":"d'ALBA","slug":"dalba"}],"_links":{"self":[{"href":"https:\/\/idakorea.ee\/fi\/wp-json\/wp\/v2\/product\/15602","targetHints":{"allow":["GET"]}}],"collection":[{"href":"https:\/\/idakorea.ee\/fi\/wp-json\/wp\/v2\/product"}],"about":[{"href":"https:\/\/idakorea.ee\/fi\/wp-json\/wp\/v2\/types\/product"}],"replies":[{"embeddable":true,"href":"https:\/\/idakorea.ee\/fi\/wp-json\/wp\/v2\/comments?post=15602"}],"version-history":[{"count":1,"href":"https:\/\/idakorea.ee\/fi\/wp-json\/wp\/v2\/product\/15602\/revisions"}],"predecessor-version":[{"id":15606,"href":"https:\/\/idakorea.ee\/fi\/wp-json\/wp\/v2\/product\/15602\/revisions\/15606"}],"wp:featuredmedia":[{"embeddable":true,"href":"https:\/\/idakorea.ee\/fi\/wp-json\/wp\/v2\/media\/15603"}],"wp:attachment":[{"href":"https:\/\/idakorea.ee\/fi\/wp-json\/wp\/v2\/media?parent=15602"}],"wp:term":[{"taxonomy":"pwb-brand","embeddable":true,"href":"https:\/\/idakorea.ee\/fi\/wp-json\/wp\/v2\/pwb-brand?post=15602"},{"taxonomy":"product_brand","embeddable":true,"href":"https:\/\/idakorea.ee\/fi\/wp-json\/wp\/v2\/product_brand?post=15602"},{"taxonomy":"product_cat","embeddable":true,"href":"https:\/\/idakorea.ee\/fi\/wp-json\/wp\/v2\/product_cat?post=15602"},{"taxonomy":"product_tag","embeddable":true,"href":"https:\/\/idakorea.ee\/fi\/wp-json\/wp\/v2\/product_tag?post=15602"}],"curies":[{"name":"wp","href":"https:\/\/api.w.org\/{rel}","templated":true}]}}