{"id":15620,"date":"2025-08-23T19:55:10","date_gmt":"2025-08-23T16:55:10","guid":{"rendered":"https:\/\/idakorea.ee\/?post_type=product&#038;p=15620"},"modified":"2026-04-04T13:17:04","modified_gmt":"2026-04-04T11:17:04","slug":"round-lab-1025-dokdo-toner-100ml","status":"publish","type":"product","link":"https:\/\/idakorea.ee\/fi\/product\/round-lab-1025-dokdo-toner-100ml\/","title":{"rendered":"Kuorintavesi Round Lab 1025 Dokdo Toner, 100ml"},"content":{"rendered":"<p data-start=\"53\" data-end=\"403\">Kuorintavesi<strong data-start=\"53\" data-end=\"97\"> Round Lab 1025 Dokdo Toner<\/strong> Palauttaa ihon happo-em\u00e4stasapainon, yll\u00e4pit\u00e4\u00e4 optimaalista kosteustasoa, s\u00e4\u00e4telee talirauhasten toimintaa ja v\u00e4hent\u00e4\u00e4 talirauhasten tuotantoa. Puhdistaa ihohuokoset, kirkastaa talirauhasia, poistaa hell\u00e4varaisesti kuolleita ihosoluja ja liuottaa talirauhastulppia. Tasoittaa ihon rakennetta ja silottaa mikroreliefi\u00e4 v\u00e4hent\u00e4en ihohuokosten syvyytt\u00e4.<\/p>\n<p data-start=\"405\" data-end=\"533\">Kasvovesi poistaa kuivuutta ja kirist\u00e4v\u00e4\u00e4 tunnetta pesun j\u00e4lkeen. Sen hell\u00e4varainen koostumus ei aiheuta \u00e4rsytyst\u00e4 ja sopii herk\u00e4lle iholle.<\/p>\n<p data-start=\"535\" data-end=\"749\">Tokto-saaren syv\u00e4nmeren vesi sis\u00e4lt\u00e4\u00e4 72 erilaista mineraalia, makro- ja mikroelementti\u00e4, jotka eiv\u00e4t ainoastaan tue ihon terveytt\u00e4, vaan my\u00f6s kosteuttavat syv\u00e4sti, vahvistavat paikallista vastustuskyky\u00e4 ja pident\u00e4v\u00e4t nuoruutta.<\/p>\n<p data-start=\"751\" data-end=\"951\">Kasvovesi sis\u00e4lt\u00e4\u00e4 ainutlaatuisen patentoidun entsyymikompleksin, Hatching EX-07:n, joka korvaa AHA- ja BHA-happoja. Se toimii kuorivana happona \u2013 poistaa kuolleita ihosoluja ja kiihdytt\u00e4\u00e4 ihon uusiutumista.<\/p>\n<p data-start=\"953\" data-end=\"979\"><strong data-start=\"953\" data-end=\"977\">T\u00e4rkeimm\u00e4t vaikuttavat aineet:<\/strong><\/p>\n<ul data-start=\"980\" data-end=\"1678\">\n<li data-start=\"980\" data-end=\"1151\">\n<p data-start=\"982\" data-end=\"1151\"><strong data-start=\"982\" data-end=\"1010\">Syv\u00e4nmeren Tokto-saarelta<\/strong> \u2013 v\u00e4hent\u00e4\u00e4 transepidermaalista vedenhukkaa, stimuloi ihon lipidisynteesi\u00e4, kiinteytt\u00e4\u00e4 ja tehostaa muiden aktiiviaineiden vaikutusta.<\/p>\n<\/li>\n<li data-start=\"1152\" data-end=\"1278\">\n<p data-start=\"1154\" data-end=\"1278\"><strong data-start=\"1154\" data-end=\"1181\">Pantenoli (B5-vitamiini)<\/strong> \u2013 palauttaa ihon suojakerroksen eheyden, edist\u00e4\u00e4 paranemista, poistaa \u00e4rsytyst\u00e4 ja punoitusta.<\/p>\n<\/li>\n<li data-start=\"1279\" data-end=\"1449\">\n<p data-start=\"1281\" data-end=\"1449\"><strong data-start=\"1281\" data-end=\"1295\">Allantoiin<\/strong> \u2013 pehment\u00e4\u00e4 ja kosteuttaa tehokkaasti, sill\u00e4 on tulehdusta ehk\u00e4isevi\u00e4 ominaisuuksia, rauhoittaa \u00e4rtynytt\u00e4 ihoa, normalisoi talirauhasten tuotantoa ja auttaa supistamaan ihohuokosia.<\/p>\n<\/li>\n<li data-start=\"1450\" data-end=\"1572\">\n<p data-start=\"1452\" data-end=\"1572\"><strong data-start=\"1452\" data-end=\"1478\">Irlannin sammaluute<\/strong> \u2013 vahva antioksidantti, joka hidastaa ik\u00e4\u00e4ntymisprosessia suojaamalla soluja vapailta radikaaleilta.<\/p>\n<\/li>\n<li data-start=\"1573\" data-end=\"1678\">\n<p data-start=\"1575\" data-end=\"1678\"><strong data-start=\"1575\" data-end=\"1587\">Proteaasi<\/strong> \u2013 poistaa kuolleita ihosoluja ihon pinnalta, puhdistaa syv\u00e4lt\u00e4 ja tasoittaa ihon rakennetta.<\/p>\n<\/li>\n<\/ul>\n<p data-start=\"1680\" data-end=\"1745\"><strong data-start=\"1680\" data-end=\"1704\">Sopii ihotyypeille:<\/strong> kuivalle, normaalille ja sekaiholle.<\/p>\n<p data-start=\"1747\" data-end=\"1876\"><strong data-start=\"1747\" data-end=\"1762\">K\u00e4ytt\u00f6:<\/strong> Levit\u00e4 kasvovett\u00e4 puhdistetulle kasvoille k\u00e4mmenill\u00e4 tai vanulapulla. Levit\u00e4 sen j\u00e4lkeen seerumia tai voidetta.<\/p>","protected":false},"excerpt":{"rendered":"<p>Kuoriva kasvovesi Round Lab 1025 Dokdo Toner palauttaa ihon happo-em\u00e4stasapainon, yll\u00e4pit\u00e4\u00e4 optimaalisen kosteustason, s\u00e4\u00e4telee talirauhasten toimintaa ja v\u00e4hent\u00e4\u00e4 talirauhasten tuotantoa. Puhdistaa ihohuokoset, kirkastaa talirauhasia, poistaa hell\u00e4varaisesti kuolleita ihosoluja ja liuottaa talirauhastuppeja. Tasoittaa ihon rakennetta ja silottaa mikroreliefi\u00e4, mik\u00e4 v\u00e4hent\u00e4\u00e4 ihohuokosten syvyytt\u00e4. Kasvovesi poistaa kuivuutta ja kirist\u00e4v\u00e4n tunteen pesun j\u00e4lkeen. Sen hell\u00e4varainen koostumus ei aiheuta \u00e4rsytyst\u00e4\u2026<\/p>","protected":false},"featured_media":15621,"comment_status":"open","ping_status":"closed","template":"","meta":{"_uf_show_specific_survey":0,"_uf_disable_surveys":false,"_bst_post_transparent":"default","_bst_post_title":"","_bst_post_layout":"default","_bst_post_sidebar_id":"","_bst_post_content_style":"default","_bst_post_vertical_padding":"default","_bst_post_feature":"","_bst_post_feature_position":"","_bst_post_header":false,"_bst_post_footer":false},"pwb-brand":[645],"product_brand":[],"product_cat":[92,158],"product_tag":[981,568,818,646],"class_list":{"0":"post-15620","1":"product","2":"type-product","3":"status-publish","4":"has-post-thumbnail","6":"pwb-brand-round-lab","7":"product_cat-nagu","8":"product_cat-toonik","9":"product_tag-kooriv-toonik","10":"product_tag-korea","11":"product_tag-niisutav","12":"product_tag-round-lab","14":"first","15":"instock","16":"sale","17":"shipping-taxable","18":"purchasable","19":"product-type-simple","20":"entry","21":"content-bg","22":"loop-entry"},"supplier_id":null,"supplier_sku":"","barcode":null,"atum_controlled":true,"out_stock_date":null,"out_stock_threshold":null,"inheritable":false,"inbound_stock":0,"stock_on_hold":0,"sold_today":0,"sales_last_days":0,"out_stock_days":0,"lost_sales":0,"has_location":false,"update_date":"2026-04-14T00:05:11","atum_locations":[],"atum_stock_status":"instock","restock_status":false,"low_stock_amount":"","sales_update_date":"2026-04-14T00:05:11","calc_backorders":null,"yoast_head":"<!-- This site is optimized with the Yoast SEO plugin v27.2 - https:\/\/yoast.com\/product\/yoast-seo-wordpress\/ -->\n<title>Round Lab 1025 Dokdo Toner, 100ml - IDA.KOREA<\/title>\n<meta name=\"description\" content=\"Round Lab 1025 Dokdo Toner taastab naha happe-leelise tasakaalu, niisutab s\u00fcgavuti, puhastab poore ja eemaldab sarvestunud rakud. - Kiire tarne!\" \/>\n<meta name=\"robots\" content=\"index, follow, max-snippet:-1, max-image-preview:large, max-video-preview:-1\" \/>\n<link rel=\"canonical\" href=\"https:\/\/idakorea.ee\/fi\/product\/round-lab-1025-dokdo-toner-100ml\/\" \/>\n<meta property=\"og:locale\" content=\"fi_FI\" \/>\n<meta property=\"og:type\" content=\"article\" \/>\n<meta property=\"og:title\" content=\"Round Lab 1025 Dokdo Toner, 100ml - IDA.KOREA\" \/>\n<meta property=\"og:description\" content=\"Round Lab 1025 Dokdo Toner taastab naha happe-leelise tasakaalu, niisutab s\u00fcgavuti, puhastab poore ja eemaldab sarvestunud rakud. - Kiire tarne!\" \/>\n<meta property=\"og:url\" content=\"https:\/\/idakorea.ee\/fi\/product\/round-lab-1025-dokdo-toner-100ml\/\" \/>\n<meta property=\"og:site_name\" content=\"IDA.KOREA\" \/>\n<meta property=\"article:modified_time\" content=\"2026-04-04T11:17:04+00:00\" \/>\n<meta property=\"og:image\" content=\"https:\/\/idakorea.ee\/wp-content\/uploads\/2025\/08\/roundlab1025dokdotoner-idakorea.ee_.webp\" \/>\n\t<meta property=\"og:image:width\" content=\"1214\" \/>\n\t<meta property=\"og:image:height\" content=\"1214\" \/>\n\t<meta property=\"og:image:type\" content=\"image\/webp\" \/>\n<meta name=\"twitter:card\" content=\"summary_large_image\" \/>\n<meta name=\"twitter:label1\" content=\"Arvioitu lukuaika\" \/>\n\t<meta name=\"twitter:data1\" content=\"2 minuuttia\" \/>\n<script type=\"application\/ld+json\" class=\"yoast-schema-graph\">{\"@context\":\"https:\/\/schema.org\",\"@graph\":[{\"@type\":\"WebPage\",\"@id\":\"https:\/\/idakorea.ee\/product\/round-lab-1025-dokdo-toner-100ml\/\",\"url\":\"https:\/\/idakorea.ee\/product\/round-lab-1025-dokdo-toner-100ml\/\",\"name\":\"Round Lab 1025 Dokdo Toner, 100ml - IDA.KOREA\",\"isPartOf\":{\"@id\":\"https:\/\/idakorea.ee\/#website\"},\"primaryImageOfPage\":{\"@id\":\"https:\/\/idakorea.ee\/product\/round-lab-1025-dokdo-toner-100ml\/#primaryimage\"},\"image\":{\"@id\":\"https:\/\/idakorea.ee\/product\/round-lab-1025-dokdo-toner-100ml\/#primaryimage\"},\"thumbnailUrl\":\"https:\/\/idakorea.ee\/wp-content\/uploads\/2025\/08\/roundlab1025dokdotoner-idakorea.ee_.webp\",\"datePublished\":\"2025-08-23T16:55:10+00:00\",\"dateModified\":\"2026-04-04T11:17:04+00:00\",\"description\":\"Round Lab 1025 Dokdo Toner taastab naha happe-leelise tasakaalu, niisutab s\u00fcgavuti, puhastab poore ja eemaldab sarvestunud rakud. - Kiire tarne!\",\"breadcrumb\":{\"@id\":\"https:\/\/idakorea.ee\/product\/round-lab-1025-dokdo-toner-100ml\/#breadcrumb\"},\"inLanguage\":\"fi\",\"potentialAction\":[{\"@type\":\"ReadAction\",\"target\":[\"https:\/\/idakorea.ee\/product\/round-lab-1025-dokdo-toner-100ml\/\"]}]},{\"@type\":\"ImageObject\",\"inLanguage\":\"fi\",\"@id\":\"https:\/\/idakorea.ee\/product\/round-lab-1025-dokdo-toner-100ml\/#primaryimage\",\"url\":\"https:\/\/idakorea.ee\/wp-content\/uploads\/2025\/08\/roundlab1025dokdotoner-idakorea.ee_.webp\",\"contentUrl\":\"https:\/\/idakorea.ee\/wp-content\/uploads\/2025\/08\/roundlab1025dokdotoner-idakorea.ee_.webp\",\"width\":1214,\"height\":1214},{\"@type\":\"BreadcrumbList\",\"@id\":\"https:\/\/idakorea.ee\/product\/round-lab-1025-dokdo-toner-100ml\/#breadcrumb\",\"itemListElement\":[{\"@type\":\"ListItem\",\"position\":1,\"name\":\"\u0413\u043b\u0430\u0432\u043d\u0430\u044f \u0441\u0442\u0440\u0430\u043d\u0438\u0446\u0430\",\"item\":\"https:\/\/idakorea.ee\/\"},{\"@type\":\"ListItem\",\"position\":2,\"name\":\"Shop\",\"item\":\"https:\/\/idakorea.ee\/shop-2\/\"},{\"@type\":\"ListItem\",\"position\":3,\"name\":\"Kooriv toonik Round Lab 1025 Dokdo Toner, 100ml\"}]},{\"@type\":\"WebSite\",\"@id\":\"https:\/\/idakorea.ee\/#website\",\"url\":\"https:\/\/idakorea.ee\/\",\"name\":\"IDA.KOREA\",\"description\":\"Korea kosmeetika e-pood\",\"publisher\":{\"@id\":\"https:\/\/idakorea.ee\/#organization\"},\"alternateName\":\"Beauty Shop\",\"potentialAction\":[{\"@type\":\"SearchAction\",\"target\":{\"@type\":\"EntryPoint\",\"urlTemplate\":\"https:\/\/idakorea.ee\/?s={search_term_string}\"},\"query-input\":{\"@type\":\"PropertyValueSpecification\",\"valueRequired\":true,\"valueName\":\"search_term_string\"}}],\"inLanguage\":\"fi\"},{\"@type\":\"Organization\",\"@id\":\"https:\/\/idakorea.ee\/#organization\",\"name\":\"IDA.KOREA\",\"url\":\"https:\/\/idakorea.ee\/\",\"logo\":{\"@type\":\"ImageObject\",\"inLanguage\":\"fi\",\"@id\":\"https:\/\/idakorea.ee\/#\/schema\/logo\/image\/\",\"url\":\"https:\/\/idakorea.ee\/wp-content\/uploads\/2024\/05\/cropped-korea3.png\",\"contentUrl\":\"https:\/\/idakorea.ee\/wp-content\/uploads\/2024\/05\/cropped-korea3.png\",\"width\":688,\"height\":126,\"caption\":\"IDA.KOREA\"},\"image\":{\"@id\":\"https:\/\/idakorea.ee\/#\/schema\/logo\/image\/\"},\"sameAs\":[\"https:\/\/www.instagram.com\/ida.korea\/\"]}]}<\/script>\n<!-- \/ Yoast SEO plugin. -->","yoast_head_json":{"title":"Round Lab 1025 Dokdo -v\u00e4riaine, 100ml - IDA.KOREA","description":"Round Lab 1025 Dokdo Toner palauttaa ihon happo-em\u00e4stasapainon, kosteuttaa syv\u00e4sti, puhdistaa ihohuokosia ja poistaa kuolleita ihosoluja. - Nopea toimitus!","robots":{"index":"index","follow":"follow","max-snippet":"max-snippet:-1","max-image-preview":"max-image-preview:large","max-video-preview":"max-video-preview:-1"},"canonical":"https:\/\/idakorea.ee\/fi\/product\/round-lab-1025-dokdo-toner-100ml\/","og_locale":"fi_FI","og_type":"article","og_title":"Round Lab 1025 Dokdo Toner, 100ml - IDA.KOREA","og_description":"Round Lab 1025 Dokdo Toner taastab naha happe-leelise tasakaalu, niisutab s\u00fcgavuti, puhastab poore ja eemaldab sarvestunud rakud. - Kiire tarne!","og_url":"https:\/\/idakorea.ee\/fi\/product\/round-lab-1025-dokdo-toner-100ml\/","og_site_name":"IDA.KOREA","article_modified_time":"2026-04-04T11:17:04+00:00","og_image":[{"width":1214,"height":1214,"url":"https:\/\/idakorea.ee\/wp-content\/uploads\/2025\/08\/roundlab1025dokdotoner-idakorea.ee_.webp","type":"image\/webp"}],"twitter_card":"summary_large_image","twitter_misc":{"Arvioitu lukuaika":"2 minuuttia"},"schema":{"@context":"https:\/\/schema.org","@graph":[{"@type":"WebPage","@id":"https:\/\/idakorea.ee\/product\/round-lab-1025-dokdo-toner-100ml\/","url":"https:\/\/idakorea.ee\/product\/round-lab-1025-dokdo-toner-100ml\/","name":"Round Lab 1025 Dokdo -v\u00e4riaine, 100ml - IDA.KOREA","isPartOf":{"@id":"https:\/\/idakorea.ee\/#website"},"primaryImageOfPage":{"@id":"https:\/\/idakorea.ee\/product\/round-lab-1025-dokdo-toner-100ml\/#primaryimage"},"image":{"@id":"https:\/\/idakorea.ee\/product\/round-lab-1025-dokdo-toner-100ml\/#primaryimage"},"thumbnailUrl":"https:\/\/idakorea.ee\/wp-content\/uploads\/2025\/08\/roundlab1025dokdotoner-idakorea.ee_.webp","datePublished":"2025-08-23T16:55:10+00:00","dateModified":"2026-04-04T11:17:04+00:00","description":"Round Lab 1025 Dokdo Toner palauttaa ihon happo-em\u00e4stasapainon, kosteuttaa syv\u00e4sti, puhdistaa ihohuokosia ja poistaa kuolleita ihosoluja. - Nopea toimitus!","breadcrumb":{"@id":"https:\/\/idakorea.ee\/product\/round-lab-1025-dokdo-toner-100ml\/#breadcrumb"},"inLanguage":"fi","potentialAction":[{"@type":"ReadAction","target":["https:\/\/idakorea.ee\/product\/round-lab-1025-dokdo-toner-100ml\/"]}]},{"@type":"ImageObject","inLanguage":"fi","@id":"https:\/\/idakorea.ee\/product\/round-lab-1025-dokdo-toner-100ml\/#primaryimage","url":"https:\/\/idakorea.ee\/wp-content\/uploads\/2025\/08\/roundlab1025dokdotoner-idakorea.ee_.webp","contentUrl":"https:\/\/idakorea.ee\/wp-content\/uploads\/2025\/08\/roundlab1025dokdotoner-idakorea.ee_.webp","width":1214,"height":1214},{"@type":"BreadcrumbList","@id":"https:\/\/idakorea.ee\/product\/round-lab-1025-dokdo-toner-100ml\/#breadcrumb","itemListElement":[{"@type":"ListItem","position":1,"name":"\u0413\u043b\u0430\u0432\u043d\u0430\u044f \u0441\u0442\u0440\u0430\u043d\u0438\u0446\u0430","item":"https:\/\/idakorea.ee\/"},{"@type":"ListItem","position":2,"name":"Shop","item":"https:\/\/idakorea.ee\/shop-2\/"},{"@type":"ListItem","position":3,"name":"Kooriv toonik Round Lab 1025 Dokdo Toner, 100ml"}]},{"@type":"WebSite","@id":"https:\/\/idakorea.ee\/#website","url":"https:\/\/idakorea.ee\/","name":"IDA.KOREA","description":"Korean kosmetiikan verkkokauppa","publisher":{"@id":"https:\/\/idakorea.ee\/#organization"},"alternateName":"Beauty Shop","potentialAction":[{"@type":"SearchAction","target":{"@type":"EntryPoint","urlTemplate":"https:\/\/idakorea.ee\/?s={search_term_string}"},"query-input":{"@type":"PropertyValueSpecification","valueRequired":true,"valueName":"search_term_string"}}],"inLanguage":"fi"},{"@type":"Organization","@id":"https:\/\/idakorea.ee\/#organization","name":"IDA.KOREA","url":"https:\/\/idakorea.ee\/","logo":{"@type":"ImageObject","inLanguage":"fi","@id":"https:\/\/idakorea.ee\/#\/schema\/logo\/image\/","url":"https:\/\/idakorea.ee\/wp-content\/uploads\/2024\/05\/cropped-korea3.png","contentUrl":"https:\/\/idakorea.ee\/wp-content\/uploads\/2024\/05\/cropped-korea3.png","width":688,"height":126,"caption":"IDA.KOREA"},"image":{"@id":"https:\/\/idakorea.ee\/#\/schema\/logo\/image\/"},"sameAs":["https:\/\/www.instagram.com\/ida.korea\/"]}]}},"jetpack_sharing_enabled":true,"brands":[{"id":645,"name":"ROUND LAB","slug":"round-lab"}],"_links":{"self":[{"href":"https:\/\/idakorea.ee\/fi\/wp-json\/wp\/v2\/product\/15620","targetHints":{"allow":["GET"]}}],"collection":[{"href":"https:\/\/idakorea.ee\/fi\/wp-json\/wp\/v2\/product"}],"about":[{"href":"https:\/\/idakorea.ee\/fi\/wp-json\/wp\/v2\/types\/product"}],"replies":[{"embeddable":true,"href":"https:\/\/idakorea.ee\/fi\/wp-json\/wp\/v2\/comments?post=15620"}],"version-history":[{"count":2,"href":"https:\/\/idakorea.ee\/fi\/wp-json\/wp\/v2\/product\/15620\/revisions"}],"predecessor-version":[{"id":17472,"href":"https:\/\/idakorea.ee\/fi\/wp-json\/wp\/v2\/product\/15620\/revisions\/17472"}],"wp:featuredmedia":[{"embeddable":true,"href":"https:\/\/idakorea.ee\/fi\/wp-json\/wp\/v2\/media\/15621"}],"wp:attachment":[{"href":"https:\/\/idakorea.ee\/fi\/wp-json\/wp\/v2\/media?parent=15620"}],"wp:term":[{"taxonomy":"pwb-brand","embeddable":true,"href":"https:\/\/idakorea.ee\/fi\/wp-json\/wp\/v2\/pwb-brand?post=15620"},{"taxonomy":"product_brand","embeddable":true,"href":"https:\/\/idakorea.ee\/fi\/wp-json\/wp\/v2\/product_brand?post=15620"},{"taxonomy":"product_cat","embeddable":true,"href":"https:\/\/idakorea.ee\/fi\/wp-json\/wp\/v2\/product_cat?post=15620"},{"taxonomy":"product_tag","embeddable":true,"href":"https:\/\/idakorea.ee\/fi\/wp-json\/wp\/v2\/product_tag?post=15620"}],"curies":[{"name":"wp","href":"https:\/\/api.w.org\/{rel}","templated":true}]}}