{"id":15624,"date":"2025-08-23T20:16:05","date_gmt":"2025-08-23T17:16:05","guid":{"rendered":"https:\/\/idakorea.ee\/?post_type=product&#038;p=15624"},"modified":"2026-04-03T14:40:59","modified_gmt":"2026-04-03T12:40:59","slug":"pyunkang-yul-essence-toner","status":"publish","type":"product","link":"https:\/\/idakorea.ee\/fi\/product\/pyunkang-yul-essence-toner\/","title":{"rendered":"Kosteuttava kasvovesi astragalusjuuriuutteella Pyunkang Yul Essence Toner"},"content":{"rendered":"<p data-start=\"159\" data-end=\"349\">Kosteuttava kasvovesi astragalusjuuriuutteella <strong data-start=\"159\" data-end=\"241\">Pyunkang Yul Essence Toner<\/strong> Kosteuttaa tehokkaasti herkk\u00e4\u00e4 ja v\u00e4synytt\u00e4 ihoa, lievitt\u00e4\u00e4 \u00e4rsytyst\u00e4, antaa kimmoisuutta ja ehk\u00e4isee hilseily\u00e4.<\/p>\n<p data-start=\"351\" data-end=\"615\">Kasvovesi ei sis\u00e4ll\u00e4 vett\u00e4 \u2013 sen sijaan se sis\u00e4lt\u00e4\u00e4 astragalusjuuriuutetta, joka kiinteytt\u00e4\u00e4, stimuloi verenkiertoa ja vahvistaa ihon suojatoimintoja. Tuotteella on rauhoittava ja tulehdusta ehk\u00e4isev\u00e4 vaikutus, ja se valmistaa ihon seuraaviin hoitovaiheisiin.<\/p>\n<p data-start=\"617\" data-end=\"876\">T\u00e4m\u00e4 on merkin suosituin tuote! Kasvovedell\u00e4 on poikkeuksellisen tihe\u00e4mpi koostumus, joka on hell\u00e4varainen iholle eik\u00e4 aiheuta allergioita tai \u00e4rsytyst\u00e4. Sopii jopa herkimm\u00e4lle iholle. Koostumus sis\u00e4lt\u00e4\u00e4 vain EWG-sertifioituja ainesosia (Environmental Working Group).<\/p>\n<p data-start=\"878\" data-end=\"1154\"><strong data-start=\"878\" data-end=\"894\">Pyunkang Yul<\/strong> on korealainen kosmetiikkamerkki, jonka on luonut yksi Korean parhaista it\u00e4maisen l\u00e4\u00e4ketieteen klinikoista. Merkki valmistaa vain luonnonkosmetiikkaa (ilman hajusteita, alkoholia, parabeeneja ja silikoneja), joka sopii jopa vaativimmalle, herkimm\u00e4lle ja ongelmallisimmalle iholle.<\/p>\n<p data-start=\"1156\" data-end=\"1182\"><strong data-start=\"1156\" data-end=\"1180\">T\u00e4rkeimm\u00e4t vaikuttavat aineet:<\/strong><\/p>\n<ul data-start=\"1183\" data-end=\"1575\">\n<li data-start=\"1183\" data-end=\"1319\">\n<p data-start=\"1185\" data-end=\"1319\"><strong data-start=\"1185\" data-end=\"1197\">Arginia<\/strong> \u2013 aminohappo, joka edist\u00e4\u00e4 haavan paranemista, poistaa ihon ep\u00e4tasaisuuksia, vahvistaa ihon turgoria ja parantaa ihon s\u00e4vy\u00e4.<\/p>\n<\/li>\n<li data-start=\"1320\" data-end=\"1575\">\n<p data-start=\"1322\" data-end=\"1575\"><strong data-start=\"1322\" data-end=\"1350\">Astragaluksen juuriuute<\/strong> \u2013 yksi suosituimmista kasveista Aasian kansanl\u00e4\u00e4ketieteess\u00e4 ginsengin j\u00e4lkeen. Voimakas antioksidantti ja immuunij\u00e4rjestelm\u00e4\u00e4 stimuloiva ainesosa, joka lievitt\u00e4\u00e4 tulehdusta, rentouttaa verisuonia, parantaa mikrohaavoja ja v\u00e4hent\u00e4\u00e4 couperosaa.<\/p>\n<\/li>\n<\/ul>\n<p data-start=\"1577\" data-end=\"1623\"><strong data-start=\"1577\" data-end=\"1587\">Sopii:<\/strong> kuivalle ja kuivuneelle iholle.<\/p>\n<p data-start=\"1625\" data-end=\"1719\"><strong data-start=\"1625\" data-end=\"1640\">K\u00e4ytt\u00f6:<\/strong> Puhdistettuasi ihon, levit\u00e4 kasvovett\u00e4 kasvoillesi puhtailla k\u00e4sill\u00e4 ja taputtele sit\u00e4 kevyesti.<\/p>","protected":false},"excerpt":{"rendered":"<p>Kosteuttava kasvovesi astragalusjuuriuutteella Pyunkang Yul Essence Toner kosteuttaa tehokkaasti herkk\u00e4\u00e4 ja v\u00e4synytt\u00e4 ihoa, lievitt\u00e4\u00e4 \u00e4rsytyst\u00e4, antaa kimmoisuutta ja poistaa hilseily\u00e4. Kasvovesi ei sis\u00e4ll\u00e4 vett\u00e4 - sen sijaan siin\u00e4 k\u00e4ytet\u00e4\u00e4n astragalusjuuriuutetta, joka kiinteytt\u00e4\u00e4, stimuloi verenkiertoa ja vahvistaa ihon suojatoimintoja. Tuotteella on rauhoittava ja tulehdusta ehk\u00e4isev\u00e4 vaikutus, ja se valmistaa ihon seuraaviin hoitovaiheisiin. Se\u2026<\/p>","protected":false},"featured_media":15625,"comment_status":"open","ping_status":"closed","template":"","meta":{"_uf_show_specific_survey":0,"_uf_disable_surveys":false,"_bst_post_transparent":"default","_bst_post_title":"","_bst_post_layout":"default","_bst_post_sidebar_id":"","_bst_post_content_style":"default","_bst_post_vertical_padding":"default","_bst_post_feature":"","_bst_post_feature_position":"","_bst_post_header":false,"_bst_post_footer":false},"pwb-brand":[474],"product_brand":[],"product_cat":[92,158],"product_tag":[],"class_list":{"0":"post-15624","1":"product","2":"type-product","3":"status-publish","4":"has-post-thumbnail","6":"pwb-brand-pyunkang-yul","7":"product_cat-nagu","8":"product_cat-toonik","10":"first","11":"instock","12":"sale","13":"shipping-taxable","14":"purchasable","15":"product-type-variable","16":"has-default-attributes","17":"entry","18":"content-bg","19":"loop-entry"},"supplier_id":null,"supplier_sku":"","barcode":null,"atum_controlled":true,"out_stock_date":null,"out_stock_threshold":null,"inheritable":true,"inbound_stock":0,"stock_on_hold":0,"sold_today":0,"sales_last_days":10,"out_stock_days":0,"lost_sales":0,"has_location":false,"update_date":"2026-04-14T00:05:12","atum_locations":[],"atum_stock_status":"instock","restock_status":false,"low_stock_amount":"","sales_update_date":"2026-04-14T00:05:12","calc_backorders":null,"yoast_head":"<!-- This site is optimized with the Yoast SEO plugin v27.2 - https:\/\/yoast.com\/product\/yoast-seo-wordpress\/ -->\n<title>Pyunkang Yul Essence Toner - IDA.KOREA<\/title>\n<meta name=\"description\" content=\"Pyunkang Yul Essence Toner niisutab s\u00fcgavuti, rahustab tundlikku nahka ja parandab naha elastsust. Veesisalduseta koostis astragali juure ekstraktiga.\" \/>\n<meta name=\"robots\" content=\"index, follow, max-snippet:-1, max-image-preview:large, max-video-preview:-1\" \/>\n<link rel=\"canonical\" href=\"https:\/\/idakorea.ee\/fi\/product\/pyunkang-yul-essence-toner\/\" \/>\n<meta property=\"og:locale\" content=\"fi_FI\" \/>\n<meta property=\"og:type\" content=\"article\" \/>\n<meta property=\"og:title\" content=\"Pyunkang Yul Essence Toner - IDA.KOREA\" \/>\n<meta property=\"og:description\" content=\"Pyunkang Yul Essence Toner niisutab s\u00fcgavuti, rahustab tundlikku nahka ja parandab naha elastsust. Veesisalduseta koostis astragali juure ekstraktiga.\" \/>\n<meta property=\"og:url\" content=\"https:\/\/idakorea.ee\/fi\/product\/pyunkang-yul-essence-toner\/\" \/>\n<meta property=\"og:site_name\" content=\"IDA.KOREA\" \/>\n<meta property=\"article:modified_time\" content=\"2026-04-03T12:40:59+00:00\" \/>\n<meta property=\"og:image\" content=\"https:\/\/idakorea.ee\/wp-content\/uploads\/2025\/08\/pyunkang-yul-essence-toner-idakorea.ee_.webp\" \/>\n\t<meta property=\"og:image:width\" content=\"1000\" \/>\n\t<meta property=\"og:image:height\" content=\"1000\" \/>\n\t<meta property=\"og:image:type\" content=\"image\/webp\" \/>\n<meta name=\"twitter:card\" content=\"summary_large_image\" \/>\n<meta name=\"twitter:label1\" content=\"Arvioitu lukuaika\" \/>\n\t<meta name=\"twitter:data1\" content=\"2 minuuttia\" \/>\n<script type=\"application\/ld+json\" class=\"yoast-schema-graph\">{\"@context\":\"https:\/\/schema.org\",\"@graph\":[{\"@type\":\"WebPage\",\"@id\":\"https:\/\/idakorea.ee\/product\/pyunkang-yul-essence-toner\/\",\"url\":\"https:\/\/idakorea.ee\/product\/pyunkang-yul-essence-toner\/\",\"name\":\"Pyunkang Yul Essence Toner - IDA.KOREA\",\"isPartOf\":{\"@id\":\"https:\/\/idakorea.ee\/#website\"},\"primaryImageOfPage\":{\"@id\":\"https:\/\/idakorea.ee\/product\/pyunkang-yul-essence-toner\/#primaryimage\"},\"image\":{\"@id\":\"https:\/\/idakorea.ee\/product\/pyunkang-yul-essence-toner\/#primaryimage\"},\"thumbnailUrl\":\"https:\/\/idakorea.ee\/wp-content\/uploads\/2025\/08\/pyunkang-yul-essence-toner-idakorea.ee_.webp\",\"datePublished\":\"2025-08-23T17:16:05+00:00\",\"dateModified\":\"2026-04-03T12:40:59+00:00\",\"description\":\"Pyunkang Yul Essence Toner niisutab s\u00fcgavuti, rahustab tundlikku nahka ja parandab naha elastsust. Veesisalduseta koostis astragali juure ekstraktiga.\",\"breadcrumb\":{\"@id\":\"https:\/\/idakorea.ee\/product\/pyunkang-yul-essence-toner\/#breadcrumb\"},\"inLanguage\":\"fi\",\"potentialAction\":[{\"@type\":\"ReadAction\",\"target\":[\"https:\/\/idakorea.ee\/product\/pyunkang-yul-essence-toner\/\"]}]},{\"@type\":\"ImageObject\",\"inLanguage\":\"fi\",\"@id\":\"https:\/\/idakorea.ee\/product\/pyunkang-yul-essence-toner\/#primaryimage\",\"url\":\"https:\/\/idakorea.ee\/wp-content\/uploads\/2025\/08\/pyunkang-yul-essence-toner-idakorea.ee_.webp\",\"contentUrl\":\"https:\/\/idakorea.ee\/wp-content\/uploads\/2025\/08\/pyunkang-yul-essence-toner-idakorea.ee_.webp\",\"width\":1000,\"height\":1000},{\"@type\":\"BreadcrumbList\",\"@id\":\"https:\/\/idakorea.ee\/product\/pyunkang-yul-essence-toner\/#breadcrumb\",\"itemListElement\":[{\"@type\":\"ListItem\",\"position\":1,\"name\":\"\u0413\u043b\u0430\u0432\u043d\u0430\u044f \u0441\u0442\u0440\u0430\u043d\u0438\u0446\u0430\",\"item\":\"https:\/\/idakorea.ee\/\"},{\"@type\":\"ListItem\",\"position\":2,\"name\":\"Shop\",\"item\":\"https:\/\/idakorea.ee\/shop-2\/\"},{\"@type\":\"ListItem\",\"position\":3,\"name\":\"Niisutav toonik-essents astragali juure ekstraktiga Pyunkang Yul Essence Toner\"}]},{\"@type\":\"WebSite\",\"@id\":\"https:\/\/idakorea.ee\/#website\",\"url\":\"https:\/\/idakorea.ee\/\",\"name\":\"IDA.KOREA\",\"description\":\"Korea kosmeetika e-pood\",\"publisher\":{\"@id\":\"https:\/\/idakorea.ee\/#organization\"},\"alternateName\":\"Beauty Shop\",\"potentialAction\":[{\"@type\":\"SearchAction\",\"target\":{\"@type\":\"EntryPoint\",\"urlTemplate\":\"https:\/\/idakorea.ee\/?s={search_term_string}\"},\"query-input\":{\"@type\":\"PropertyValueSpecification\",\"valueRequired\":true,\"valueName\":\"search_term_string\"}}],\"inLanguage\":\"fi\"},{\"@type\":\"Organization\",\"@id\":\"https:\/\/idakorea.ee\/#organization\",\"name\":\"IDA.KOREA\",\"url\":\"https:\/\/idakorea.ee\/\",\"logo\":{\"@type\":\"ImageObject\",\"inLanguage\":\"fi\",\"@id\":\"https:\/\/idakorea.ee\/#\/schema\/logo\/image\/\",\"url\":\"https:\/\/idakorea.ee\/wp-content\/uploads\/2024\/05\/cropped-korea3.png\",\"contentUrl\":\"https:\/\/idakorea.ee\/wp-content\/uploads\/2024\/05\/cropped-korea3.png\",\"width\":688,\"height\":126,\"caption\":\"IDA.KOREA\"},\"image\":{\"@id\":\"https:\/\/idakorea.ee\/#\/schema\/logo\/image\/\"},\"sameAs\":[\"https:\/\/www.instagram.com\/ida.korea\/\"]}]}<\/script>\n<!-- \/ Yoast SEO plugin. -->","yoast_head_json":{"title":"Pyunkang Yul Essence Toner -kasvovesi - IDA.KOREA","description":"Pyunkang Yul Essence Toner kosteuttaa syv\u00e4lt\u00e4, rauhoittaa herkk\u00e4\u00e4 ihoa ja parantaa ihon kimmoisuutta. Vedet\u00f6n koostumus, jossa on astragalusjuuriuutetta.","robots":{"index":"index","follow":"follow","max-snippet":"max-snippet:-1","max-image-preview":"max-image-preview:large","max-video-preview":"max-video-preview:-1"},"canonical":"https:\/\/idakorea.ee\/fi\/product\/pyunkang-yul-essence-toner\/","og_locale":"fi_FI","og_type":"article","og_title":"Pyunkang Yul Essence Toner - IDA.KOREA","og_description":"Pyunkang Yul Essence Toner niisutab s\u00fcgavuti, rahustab tundlikku nahka ja parandab naha elastsust. Veesisalduseta koostis astragali juure ekstraktiga.","og_url":"https:\/\/idakorea.ee\/fi\/product\/pyunkang-yul-essence-toner\/","og_site_name":"IDA.KOREA","article_modified_time":"2026-04-03T12:40:59+00:00","og_image":[{"width":1000,"height":1000,"url":"https:\/\/idakorea.ee\/wp-content\/uploads\/2025\/08\/pyunkang-yul-essence-toner-idakorea.ee_.webp","type":"image\/webp"}],"twitter_card":"summary_large_image","twitter_misc":{"Arvioitu lukuaika":"2 minuuttia"},"schema":{"@context":"https:\/\/schema.org","@graph":[{"@type":"WebPage","@id":"https:\/\/idakorea.ee\/product\/pyunkang-yul-essence-toner\/","url":"https:\/\/idakorea.ee\/product\/pyunkang-yul-essence-toner\/","name":"Pyunkang Yul Essence Toner -kasvovesi - IDA.KOREA","isPartOf":{"@id":"https:\/\/idakorea.ee\/#website"},"primaryImageOfPage":{"@id":"https:\/\/idakorea.ee\/product\/pyunkang-yul-essence-toner\/#primaryimage"},"image":{"@id":"https:\/\/idakorea.ee\/product\/pyunkang-yul-essence-toner\/#primaryimage"},"thumbnailUrl":"https:\/\/idakorea.ee\/wp-content\/uploads\/2025\/08\/pyunkang-yul-essence-toner-idakorea.ee_.webp","datePublished":"2025-08-23T17:16:05+00:00","dateModified":"2026-04-03T12:40:59+00:00","description":"Pyunkang Yul Essence Toner kosteuttaa syv\u00e4lt\u00e4, rauhoittaa herkk\u00e4\u00e4 ihoa ja parantaa ihon kimmoisuutta. Vedet\u00f6n koostumus, jossa on astragalusjuuriuutetta.","breadcrumb":{"@id":"https:\/\/idakorea.ee\/product\/pyunkang-yul-essence-toner\/#breadcrumb"},"inLanguage":"fi","potentialAction":[{"@type":"ReadAction","target":["https:\/\/idakorea.ee\/product\/pyunkang-yul-essence-toner\/"]}]},{"@type":"ImageObject","inLanguage":"fi","@id":"https:\/\/idakorea.ee\/product\/pyunkang-yul-essence-toner\/#primaryimage","url":"https:\/\/idakorea.ee\/wp-content\/uploads\/2025\/08\/pyunkang-yul-essence-toner-idakorea.ee_.webp","contentUrl":"https:\/\/idakorea.ee\/wp-content\/uploads\/2025\/08\/pyunkang-yul-essence-toner-idakorea.ee_.webp","width":1000,"height":1000},{"@type":"BreadcrumbList","@id":"https:\/\/idakorea.ee\/product\/pyunkang-yul-essence-toner\/#breadcrumb","itemListElement":[{"@type":"ListItem","position":1,"name":"\u0413\u043b\u0430\u0432\u043d\u0430\u044f \u0441\u0442\u0440\u0430\u043d\u0438\u0446\u0430","item":"https:\/\/idakorea.ee\/"},{"@type":"ListItem","position":2,"name":"Shop","item":"https:\/\/idakorea.ee\/shop-2\/"},{"@type":"ListItem","position":3,"name":"Niisutav toonik-essents astragali juure ekstraktiga Pyunkang Yul Essence Toner"}]},{"@type":"WebSite","@id":"https:\/\/idakorea.ee\/#website","url":"https:\/\/idakorea.ee\/","name":"IDA.KOREA","description":"Korean kosmetiikan verkkokauppa","publisher":{"@id":"https:\/\/idakorea.ee\/#organization"},"alternateName":"Beauty Shop","potentialAction":[{"@type":"SearchAction","target":{"@type":"EntryPoint","urlTemplate":"https:\/\/idakorea.ee\/?s={search_term_string}"},"query-input":{"@type":"PropertyValueSpecification","valueRequired":true,"valueName":"search_term_string"}}],"inLanguage":"fi"},{"@type":"Organization","@id":"https:\/\/idakorea.ee\/#organization","name":"IDA.KOREA","url":"https:\/\/idakorea.ee\/","logo":{"@type":"ImageObject","inLanguage":"fi","@id":"https:\/\/idakorea.ee\/#\/schema\/logo\/image\/","url":"https:\/\/idakorea.ee\/wp-content\/uploads\/2024\/05\/cropped-korea3.png","contentUrl":"https:\/\/idakorea.ee\/wp-content\/uploads\/2024\/05\/cropped-korea3.png","width":688,"height":126,"caption":"IDA.KOREA"},"image":{"@id":"https:\/\/idakorea.ee\/#\/schema\/logo\/image\/"},"sameAs":["https:\/\/www.instagram.com\/ida.korea\/"]}]}},"jetpack_sharing_enabled":true,"brands":[{"id":474,"name":"PYUNKANG YUL","slug":"pyunkang-yul"}],"_links":{"self":[{"href":"https:\/\/idakorea.ee\/fi\/wp-json\/wp\/v2\/product\/15624","targetHints":{"allow":["GET"]}}],"collection":[{"href":"https:\/\/idakorea.ee\/fi\/wp-json\/wp\/v2\/product"}],"about":[{"href":"https:\/\/idakorea.ee\/fi\/wp-json\/wp\/v2\/types\/product"}],"replies":[{"embeddable":true,"href":"https:\/\/idakorea.ee\/fi\/wp-json\/wp\/v2\/comments?post=15624"}],"version-history":[{"count":2,"href":"https:\/\/idakorea.ee\/fi\/wp-json\/wp\/v2\/product\/15624\/revisions"}],"predecessor-version":[{"id":15632,"href":"https:\/\/idakorea.ee\/fi\/wp-json\/wp\/v2\/product\/15624\/revisions\/15632"}],"wp:featuredmedia":[{"embeddable":true,"href":"https:\/\/idakorea.ee\/fi\/wp-json\/wp\/v2\/media\/15625"}],"wp:attachment":[{"href":"https:\/\/idakorea.ee\/fi\/wp-json\/wp\/v2\/media?parent=15624"}],"wp:term":[{"taxonomy":"pwb-brand","embeddable":true,"href":"https:\/\/idakorea.ee\/fi\/wp-json\/wp\/v2\/pwb-brand?post=15624"},{"taxonomy":"product_brand","embeddable":true,"href":"https:\/\/idakorea.ee\/fi\/wp-json\/wp\/v2\/product_brand?post=15624"},{"taxonomy":"product_cat","embeddable":true,"href":"https:\/\/idakorea.ee\/fi\/wp-json\/wp\/v2\/product_cat?post=15624"},{"taxonomy":"product_tag","embeddable":true,"href":"https:\/\/idakorea.ee\/fi\/wp-json\/wp\/v2\/product_tag?post=15624"}],"curies":[{"name":"wp","href":"https:\/\/api.w.org\/{rel}","templated":true}]}}