{"id":15641,"date":"2025-08-25T13:14:35","date_gmt":"2025-08-25T10:14:35","guid":{"rendered":"https:\/\/idakorea.ee\/?post_type=product&#038;p=15641"},"modified":"2026-02-18T09:57:22","modified_gmt":"2026-02-18T07:57:22","slug":"medicube-glutathione-glow-ampoule-30ml","status":"publish","type":"product","link":"https:\/\/idakorea.ee\/fi\/product\/medicube-glutathione-glow-ampoule-30ml\/","title":{"rendered":"Hehkua tehostava ampulli Medicube Glutathione Glow -ampulli, 30ml"},"content":{"rendered":"<p data-start=\"96\" data-end=\"133\"><span class=\"relative -mx-px my-[-0.2rem] rounded px-px py-[0.2rem] transition-colors duration-100 ease-in-out\">Glow booster-ampull<strong data-start=\"8\" data-end=\"42\">Medicube Glutathione Glow Ampoule<\/strong><\/span><span class=\"relative -mx-px my-[-0.2rem] rounded px-px py-[0.2rem] transition-colors duration-100 ease-in-out\">, mis toob naha loomuliku s\u00e4ra esile, v\u00e4hendab pigmendilaike ja pinguldab nahka.<\/span><\/p>\n<ul data-start=\"160\" data-end=\"548\">\n<li data-start=\"160\" data-end=\"236\">\n<p data-start=\"162\" data-end=\"236\"><span class=\"relative -mx-px my-[-0.2rem] rounded px-px py-[0.2rem] transition-colors duration-100 ease-in-out\">Sisaldab <strong data-start=\"9\" data-end=\"35\">50\u202f000 ppm glutatiooni<\/strong>, tugeva antioks\u00fcdandi v\u00f5imega, mis heledab nahatooni ja p\u00e4rsib pigmentatsiooni.\u00a0<\/span><\/p>\n<\/li>\n<li data-start=\"237\" data-end=\"313\">\n<p data-start=\"239\" data-end=\"313\"><span class=\"relative -mx-px my-[-0.2rem] rounded px-px py-[0.2rem] transition-colors duration-100 ease-in-out\">T\u00e4helepanuv\u00e4\u00e4rne koostis \u2014 glutationi k\u00f5rval on ampullis niatsiinamiid, adeniin, patenteeritud kollageen ja Bifida-fermentatsioonieks- trakt, mis annavad nahale kohevust ja elastsust. <\/span><\/p>\n<\/li>\n<li data-start=\"237\" data-end=\"313\">\n<p data-start=\"239\" data-end=\"313\"><span class=\"relative -mx-px my-[-0.2rem] rounded px-px py-[0.2rem] transition-colors duration-100 ease-in-out\">Serie loomist toetav <strong data-start=\"21\" data-end=\"51\">Active Glow-zom Technology<\/strong> aitab siluda kortsukesi (pikaliinjooni) ja t\u00f5sta n\u00e4okontuuri pinguldatud efektini.\u00a0<\/span><\/p>\n<\/li>\n<li data-start=\"391\" data-end=\"467\">\n<p data-start=\"393\" data-end=\"467\"><span class=\"relative -mx-px my-[-0.2rem] rounded px-px py-[0.2rem] transition-colors duration-100 ease-in-out\">Kerge, mitte\u2011kuivav tekstuur sobib nii p\u00e4evale kui \u00f6\u00f6le \u2014 nahk j\u00e4\u00e4b niisutatuks ja s\u00e4ravaks terve p\u00e4eva jooksul.\u00a0<\/span><\/p>\n<\/li>\n<li data-start=\"468\" data-end=\"548\">\n<p data-start=\"470\" data-end=\"548\"><span class=\"relative -mx-px my-[-0.2rem] rounded px-px py-[0.2rem] transition-colors duration-100 ease-in-out\"><strong data-start=\"0\" data-end=\"25\" data-is-only-node=\"\">Ohutu ja nahas\u00f5bralik<\/strong>: madala \u00e4rritustaseme tagamiseks l\u00e4bi viidud patch-testid kinnitavad igap\u00e4evase kasutuse sobivust.\u00a0<\/span><\/p>\n<\/li>\n<\/ul>\n<p data-start=\"690\" data-end=\"738\"><strong data-start=\"690\" data-end=\"738\">Koostisosad (esmased efektiivsed elemendid):<\/strong><\/p>\n<ul data-start=\"739\" data-end=\"951\">\n<li data-start=\"739\" data-end=\"782\">\n<p data-start=\"741\" data-end=\"782\"><span class=\"relative -mx-px my-[-0.2rem] rounded px-px py-[0.2rem] transition-colors duration-100 ease-in-out\">Glutatioon (50\u202f000\u202fppm) \u2013 antioks\u00fcdant, nahatooni \u00fchtlustamine.<\/span><\/p>\n<\/li>\n<li data-start=\"783\" data-end=\"826\">\n<p data-start=\"785\" data-end=\"826\"><span class=\"relative -mx-px my-[-0.2rem] rounded px-px py-[0.2rem] transition-colors duration-100 ease-in-out\">Niatsiinamiid \u2013 pigmentide v\u00e4hendamine, naha s\u00e4ra.<\/span><\/p>\n<\/li>\n<li data-start=\"827\" data-end=\"870\">\n<p data-start=\"829\" data-end=\"870\"><span class=\"relative -mx-px my-[-0.2rem] rounded px-px py-[0.2rem] transition-colors duration-100 ease-in-out\">Adenosiin \u2013 elastsus, kohev n\u00e4gu.<\/span><\/p>\n<\/li>\n<li data-start=\"871\" data-end=\"951\">\n<p data-start=\"873\" data-end=\"951\"><span class=\"relative -mx-px my-[-0.2rem] rounded px-px py-[0.2rem] transition-colors duration-100 ease-in-out\">Patenteeritud kollageen ja Bifida-fermentatsiooniekstrakt \u2013 nooruslik elastsus ja niisutus\u00a0 \u00a0 \u00a0 \u00a0 \u00a0 \u00a0 <\/span><\/p>\n<\/li>\n<\/ul>\n<p data-start=\"873\" data-end=\"951\"><strong data-start=\"550\" data-end=\"565\">Kasutamine:\u00a0<\/strong><span class=\"relative -mx-px my-[-0.2rem] rounded px-px py-[0.2rem] transition-colors duration-100 ease-in-out\">Kanda puhtale n\u00e4ole p\u00e4rast puhastamist.<\/span><\/p>\n","protected":false},"excerpt":{"rendered":"<p>Hehkua tehostava ampulli Medicube Glutathione Glow Ampoule, joka tuo esiin ihon luonnollisen hehkun, v\u00e4hent\u00e4\u00e4 ik\u00e4l\u00e4iski\u00e4 ja kiinteytt\u00e4\u00e4 ihoa. Sis\u00e4lt\u00e4\u00e4 50 000 ppm glutationia, voimakasta antioksidanttia, joka kirkastaa ihon s\u00e4vy\u00e4 ja est\u00e4\u00e4 pigmenttimuutoksia. Merkitt\u00e4v\u00e4 koostumus \u2013 glutationin lis\u00e4ksi ampulli sis\u00e4lt\u00e4\u00e4 niasiiniamidia, adeniinia, patentoitua kollageenia ja Bifida-k\u00e4ymisuutetta, jotka antavat iholle t\u00e4ytel\u00e4isyytt\u00e4 ja kimmoisuutta. Active Glow-zom -teknologia, joka tukee sarjan luomista\u2026<\/p>","protected":false},"featured_media":15642,"comment_status":"open","ping_status":"closed","template":"","meta":{"_uf_show_specific_survey":0,"_uf_disable_surveys":false,"_bst_post_transparent":"default","_bst_post_title":"","_bst_post_layout":"default","_bst_post_sidebar_id":"","_bst_post_content_style":"default","_bst_post_vertical_padding":"default","_bst_post_feature":"","_bst_post_feature_position":"","_bst_post_header":false,"_bst_post_footer":false},"pwb-brand":[490],"product_brand":[],"product_cat":[92,97],"product_tag":[],"class_list":{"0":"post-15641","1":"product","2":"type-product","3":"status-publish","4":"has-post-thumbnail","6":"pwb-brand-medicube","7":"product_cat-nagu","8":"product_cat-naoseerumid-ja-olid","10":"first","11":"instock","12":"sale","13":"shipping-taxable","14":"purchasable","15":"product-type-simple","16":"entry","17":"content-bg","18":"loop-entry"},"supplier_id":null,"supplier_sku":"","barcode":null,"atum_controlled":true,"out_stock_date":null,"out_stock_threshold":null,"inheritable":false,"inbound_stock":0,"stock_on_hold":0,"sold_today":0,"sales_last_days":0,"out_stock_days":0,"lost_sales":0,"has_location":false,"update_date":"2026-04-14T00:05:08","atum_locations":[],"atum_stock_status":"instock","restock_status":false,"low_stock_amount":"","sales_update_date":"2026-04-14T00:05:08","calc_backorders":null,"yoast_head":"<!-- This site is optimized with the Yoast SEO plugin v27.2 - https:\/\/yoast.com\/product\/yoast-seo-wordpress\/ -->\n<title>Medicube Glutathione Glow Ampoule, 30ml - IDA.KOREA<\/title>\n<meta name=\"description\" content=\"Medicube Glutathione Glow Ampoule toob t\u00e4nu 50 000 ppm glutatioonile ja niatsiinamiidile sinu nahale silmapaistva s\u00e4ra, heledab laike ja pinguldab nahka.\" \/>\n<meta name=\"robots\" content=\"index, follow, max-snippet:-1, max-image-preview:large, max-video-preview:-1\" \/>\n<link rel=\"canonical\" href=\"https:\/\/idakorea.ee\/fi\/product\/medicube-glutathione-glow-ampoule-30ml\/\" \/>\n<meta property=\"og:locale\" content=\"fi_FI\" \/>\n<meta property=\"og:type\" content=\"article\" \/>\n<meta property=\"og:title\" content=\"Medicube Glutathione Glow Ampoule, 30ml - IDA.KOREA\" \/>\n<meta property=\"og:description\" content=\"Medicube Glutathione Glow Ampoule toob t\u00e4nu 50 000 ppm glutatioonile ja niatsiinamiidile sinu nahale silmapaistva s\u00e4ra, heledab laike ja pinguldab nahka.\" \/>\n<meta property=\"og:url\" content=\"https:\/\/idakorea.ee\/fi\/product\/medicube-glutathione-glow-ampoule-30ml\/\" \/>\n<meta property=\"og:site_name\" content=\"IDA.KOREA\" \/>\n<meta property=\"article:modified_time\" content=\"2026-02-18T07:57:22+00:00\" \/>\n<meta property=\"og:image\" content=\"https:\/\/idakorea.ee\/wp-content\/uploads\/2025\/08\/medicube-age-r-glutathione-glow-serum-idakorea.webp\" \/>\n\t<meta property=\"og:image:width\" content=\"1500\" \/>\n\t<meta property=\"og:image:height\" content=\"1500\" \/>\n\t<meta property=\"og:image:type\" content=\"image\/webp\" \/>\n<meta name=\"twitter:card\" content=\"summary_large_image\" \/>\n<meta name=\"twitter:label1\" content=\"Arvioitu lukuaika\" \/>\n\t<meta name=\"twitter:data1\" content=\"1 minuutti\" \/>\n<script type=\"application\/ld+json\" class=\"yoast-schema-graph\">{\"@context\":\"https:\/\/schema.org\",\"@graph\":[{\"@type\":\"WebPage\",\"@id\":\"https:\/\/idakorea.ee\/product\/medicube-glutathione-glow-ampoule-30ml\/\",\"url\":\"https:\/\/idakorea.ee\/product\/medicube-glutathione-glow-ampoule-30ml\/\",\"name\":\"Medicube Glutathione Glow Ampoule, 30ml - IDA.KOREA\",\"isPartOf\":{\"@id\":\"https:\/\/idakorea.ee\/#website\"},\"primaryImageOfPage\":{\"@id\":\"https:\/\/idakorea.ee\/product\/medicube-glutathione-glow-ampoule-30ml\/#primaryimage\"},\"image\":{\"@id\":\"https:\/\/idakorea.ee\/product\/medicube-glutathione-glow-ampoule-30ml\/#primaryimage\"},\"thumbnailUrl\":\"https:\/\/idakorea.ee\/wp-content\/uploads\/2025\/08\/medicube-age-r-glutathione-glow-serum-idakorea.webp\",\"datePublished\":\"2025-08-25T10:14:35+00:00\",\"dateModified\":\"2026-02-18T07:57:22+00:00\",\"description\":\"Medicube Glutathione Glow Ampoule toob t\u00e4nu 50 000 ppm glutatioonile ja niatsiinamiidile sinu nahale silmapaistva s\u00e4ra, heledab laike ja pinguldab nahka.\",\"breadcrumb\":{\"@id\":\"https:\/\/idakorea.ee\/product\/medicube-glutathione-glow-ampoule-30ml\/#breadcrumb\"},\"inLanguage\":\"fi\",\"potentialAction\":[{\"@type\":\"ReadAction\",\"target\":[\"https:\/\/idakorea.ee\/product\/medicube-glutathione-glow-ampoule-30ml\/\"]}]},{\"@type\":\"ImageObject\",\"inLanguage\":\"fi\",\"@id\":\"https:\/\/idakorea.ee\/product\/medicube-glutathione-glow-ampoule-30ml\/#primaryimage\",\"url\":\"https:\/\/idakorea.ee\/wp-content\/uploads\/2025\/08\/medicube-age-r-glutathione-glow-serum-idakorea.webp\",\"contentUrl\":\"https:\/\/idakorea.ee\/wp-content\/uploads\/2025\/08\/medicube-age-r-glutathione-glow-serum-idakorea.webp\",\"width\":1500,\"height\":1500},{\"@type\":\"BreadcrumbList\",\"@id\":\"https:\/\/idakorea.ee\/product\/medicube-glutathione-glow-ampoule-30ml\/#breadcrumb\",\"itemListElement\":[{\"@type\":\"ListItem\",\"position\":1,\"name\":\"\u0413\u043b\u0430\u0432\u043d\u0430\u044f \u0441\u0442\u0440\u0430\u043d\u0438\u0446\u0430\",\"item\":\"https:\/\/idakorea.ee\/\"},{\"@type\":\"ListItem\",\"position\":2,\"name\":\"Shop\",\"item\":\"https:\/\/idakorea.ee\/shop-2\/\"},{\"@type\":\"ListItem\",\"position\":3,\"name\":\"Glow booster-ampull Medicube Glutathione Glow Ampoule, 30ml\"}]},{\"@type\":\"WebSite\",\"@id\":\"https:\/\/idakorea.ee\/#website\",\"url\":\"https:\/\/idakorea.ee\/\",\"name\":\"IDA.KOREA\",\"description\":\"Korea kosmeetika e-pood\",\"publisher\":{\"@id\":\"https:\/\/idakorea.ee\/#organization\"},\"alternateName\":\"Beauty Shop\",\"potentialAction\":[{\"@type\":\"SearchAction\",\"target\":{\"@type\":\"EntryPoint\",\"urlTemplate\":\"https:\/\/idakorea.ee\/?s={search_term_string}\"},\"query-input\":{\"@type\":\"PropertyValueSpecification\",\"valueRequired\":true,\"valueName\":\"search_term_string\"}}],\"inLanguage\":\"fi\"},{\"@type\":\"Organization\",\"@id\":\"https:\/\/idakorea.ee\/#organization\",\"name\":\"IDA.KOREA\",\"url\":\"https:\/\/idakorea.ee\/\",\"logo\":{\"@type\":\"ImageObject\",\"inLanguage\":\"fi\",\"@id\":\"https:\/\/idakorea.ee\/#\/schema\/logo\/image\/\",\"url\":\"https:\/\/idakorea.ee\/wp-content\/uploads\/2024\/05\/cropped-korea3.png\",\"contentUrl\":\"https:\/\/idakorea.ee\/wp-content\/uploads\/2024\/05\/cropped-korea3.png\",\"width\":688,\"height\":126,\"caption\":\"IDA.KOREA\"},\"image\":{\"@id\":\"https:\/\/idakorea.ee\/#\/schema\/logo\/image\/\"},\"sameAs\":[\"https:\/\/www.instagram.com\/ida.korea\/\"]}]}<\/script>\n<!-- \/ Yoast SEO plugin. -->","yoast_head_json":{"title":"Medicube Glutathione Glow -ampulli, 30ml - IDA.KOREA","description":"Medicube Glutathione Glow Ampoule tuo ihollesi upean hehkun, vaalentaa finnej\u00e4 ja kiinteytt\u00e4\u00e4 ihoa 50 000 ppm:n glutationin ja niasiiniamidin ansiosta.","robots":{"index":"index","follow":"follow","max-snippet":"max-snippet:-1","max-image-preview":"max-image-preview:large","max-video-preview":"max-video-preview:-1"},"canonical":"https:\/\/idakorea.ee\/fi\/product\/medicube-glutathione-glow-ampoule-30ml\/","og_locale":"fi_FI","og_type":"article","og_title":"Medicube Glutathione Glow Ampoule, 30ml - IDA.KOREA","og_description":"Medicube Glutathione Glow Ampoule toob t\u00e4nu 50 000 ppm glutatioonile ja niatsiinamiidile sinu nahale silmapaistva s\u00e4ra, heledab laike ja pinguldab nahka.","og_url":"https:\/\/idakorea.ee\/fi\/product\/medicube-glutathione-glow-ampoule-30ml\/","og_site_name":"IDA.KOREA","article_modified_time":"2026-02-18T07:57:22+00:00","og_image":[{"width":1500,"height":1500,"url":"https:\/\/idakorea.ee\/wp-content\/uploads\/2025\/08\/medicube-age-r-glutathione-glow-serum-idakorea.webp","type":"image\/webp"}],"twitter_card":"summary_large_image","twitter_misc":{"Arvioitu lukuaika":"1 minuutti"},"schema":{"@context":"https:\/\/schema.org","@graph":[{"@type":"WebPage","@id":"https:\/\/idakorea.ee\/product\/medicube-glutathione-glow-ampoule-30ml\/","url":"https:\/\/idakorea.ee\/product\/medicube-glutathione-glow-ampoule-30ml\/","name":"Medicube Glutathione Glow -ampulli, 30ml - IDA.KOREA","isPartOf":{"@id":"https:\/\/idakorea.ee\/#website"},"primaryImageOfPage":{"@id":"https:\/\/idakorea.ee\/product\/medicube-glutathione-glow-ampoule-30ml\/#primaryimage"},"image":{"@id":"https:\/\/idakorea.ee\/product\/medicube-glutathione-glow-ampoule-30ml\/#primaryimage"},"thumbnailUrl":"https:\/\/idakorea.ee\/wp-content\/uploads\/2025\/08\/medicube-age-r-glutathione-glow-serum-idakorea.webp","datePublished":"2025-08-25T10:14:35+00:00","dateModified":"2026-02-18T07:57:22+00:00","description":"Medicube Glutathione Glow Ampoule tuo ihollesi upean hehkun, vaalentaa finnej\u00e4 ja kiinteytt\u00e4\u00e4 ihoa 50 000 ppm:n glutationin ja niasiiniamidin ansiosta.","breadcrumb":{"@id":"https:\/\/idakorea.ee\/product\/medicube-glutathione-glow-ampoule-30ml\/#breadcrumb"},"inLanguage":"fi","potentialAction":[{"@type":"ReadAction","target":["https:\/\/idakorea.ee\/product\/medicube-glutathione-glow-ampoule-30ml\/"]}]},{"@type":"ImageObject","inLanguage":"fi","@id":"https:\/\/idakorea.ee\/product\/medicube-glutathione-glow-ampoule-30ml\/#primaryimage","url":"https:\/\/idakorea.ee\/wp-content\/uploads\/2025\/08\/medicube-age-r-glutathione-glow-serum-idakorea.webp","contentUrl":"https:\/\/idakorea.ee\/wp-content\/uploads\/2025\/08\/medicube-age-r-glutathione-glow-serum-idakorea.webp","width":1500,"height":1500},{"@type":"BreadcrumbList","@id":"https:\/\/idakorea.ee\/product\/medicube-glutathione-glow-ampoule-30ml\/#breadcrumb","itemListElement":[{"@type":"ListItem","position":1,"name":"\u0413\u043b\u0430\u0432\u043d\u0430\u044f \u0441\u0442\u0440\u0430\u043d\u0438\u0446\u0430","item":"https:\/\/idakorea.ee\/"},{"@type":"ListItem","position":2,"name":"Shop","item":"https:\/\/idakorea.ee\/shop-2\/"},{"@type":"ListItem","position":3,"name":"Glow booster-ampull Medicube Glutathione Glow Ampoule, 30ml"}]},{"@type":"WebSite","@id":"https:\/\/idakorea.ee\/#website","url":"https:\/\/idakorea.ee\/","name":"IDA.KOREA","description":"Korean kosmetiikan verkkokauppa","publisher":{"@id":"https:\/\/idakorea.ee\/#organization"},"alternateName":"Beauty Shop","potentialAction":[{"@type":"SearchAction","target":{"@type":"EntryPoint","urlTemplate":"https:\/\/idakorea.ee\/?s={search_term_string}"},"query-input":{"@type":"PropertyValueSpecification","valueRequired":true,"valueName":"search_term_string"}}],"inLanguage":"fi"},{"@type":"Organization","@id":"https:\/\/idakorea.ee\/#organization","name":"IDA.KOREA","url":"https:\/\/idakorea.ee\/","logo":{"@type":"ImageObject","inLanguage":"fi","@id":"https:\/\/idakorea.ee\/#\/schema\/logo\/image\/","url":"https:\/\/idakorea.ee\/wp-content\/uploads\/2024\/05\/cropped-korea3.png","contentUrl":"https:\/\/idakorea.ee\/wp-content\/uploads\/2024\/05\/cropped-korea3.png","width":688,"height":126,"caption":"IDA.KOREA"},"image":{"@id":"https:\/\/idakorea.ee\/#\/schema\/logo\/image\/"},"sameAs":["https:\/\/www.instagram.com\/ida.korea\/"]}]}},"jetpack_sharing_enabled":true,"brands":[{"id":490,"name":"MEDICUBE","slug":"medicube"}],"_links":{"self":[{"href":"https:\/\/idakorea.ee\/fi\/wp-json\/wp\/v2\/product\/15641","targetHints":{"allow":["GET"]}}],"collection":[{"href":"https:\/\/idakorea.ee\/fi\/wp-json\/wp\/v2\/product"}],"about":[{"href":"https:\/\/idakorea.ee\/fi\/wp-json\/wp\/v2\/types\/product"}],"replies":[{"embeddable":true,"href":"https:\/\/idakorea.ee\/fi\/wp-json\/wp\/v2\/comments?post=15641"}],"version-history":[{"count":2,"href":"https:\/\/idakorea.ee\/fi\/wp-json\/wp\/v2\/product\/15641\/revisions"}],"predecessor-version":[{"id":17471,"href":"https:\/\/idakorea.ee\/fi\/wp-json\/wp\/v2\/product\/15641\/revisions\/17471"}],"wp:featuredmedia":[{"embeddable":true,"href":"https:\/\/idakorea.ee\/fi\/wp-json\/wp\/v2\/media\/15642"}],"wp:attachment":[{"href":"https:\/\/idakorea.ee\/fi\/wp-json\/wp\/v2\/media?parent=15641"}],"wp:term":[{"taxonomy":"pwb-brand","embeddable":true,"href":"https:\/\/idakorea.ee\/fi\/wp-json\/wp\/v2\/pwb-brand?post=15641"},{"taxonomy":"product_brand","embeddable":true,"href":"https:\/\/idakorea.ee\/fi\/wp-json\/wp\/v2\/product_brand?post=15641"},{"taxonomy":"product_cat","embeddable":true,"href":"https:\/\/idakorea.ee\/fi\/wp-json\/wp\/v2\/product_cat?post=15641"},{"taxonomy":"product_tag","embeddable":true,"href":"https:\/\/idakorea.ee\/fi\/wp-json\/wp\/v2\/product_tag?post=15641"}],"curies":[{"name":"wp","href":"https:\/\/api.w.org\/{rel}","templated":true}]}}