{"id":15669,"date":"2025-08-27T14:21:14","date_gmt":"2025-08-27T11:21:14","guid":{"rendered":"https:\/\/idakorea.ee\/?post_type=product&#038;p=15669"},"modified":"2026-02-18T09:57:03","modified_gmt":"2026-02-18T07:57:03","slug":"im-from-rice-whip-facial-cleanser-150ml","status":"publish","type":"product","link":"https:\/\/idakorea.ee\/fi\/product\/im-from-rice-whip-facial-cleanser-150ml\/","title":{"rendered":"I'm From Rice Whip Facial Cleanser, 150ml"},"content":{"rendered":"<p data-start=\"43\" data-end=\"216\"><strong data-start=\"43\" data-end=\"86\">I'm From Rice Whip Facial Cleanser <\/strong>\u00a0herk\u00e4n kermaisen koostumuksen ansiosta se muuttuu rikkaaksi vaahdoksi, joka puhdistaa ihohuokoset perusteellisesti, poistaa ylim\u00e4\u00e4r\u00e4isen talin ja kuolleet ihosolut.<\/p>\n<p data-start=\"218\" data-end=\"365\">Happokompleksi kuorii hell\u00e4varaisesti kuolleita ihosoluja, pehment\u00e4\u00e4 ja tasoittaa ihon mikroreliefi\u00e4. Se k\u00e4ynnist\u00e4\u00e4 uudistumisen ja edist\u00e4\u00e4 tulehdusten paranemista.<\/p>\n<p data-start=\"367\" data-end=\"503\">Tuote t\u00e4ydent\u00e4\u00e4 hoitoa valkaisevilla aktiiviaineilla, tasoittaa ihon s\u00e4vy\u00e4 ja antaa terveen hehkun. Se ei j\u00e4t\u00e4 ihoa kuivaksi tai kirist\u00e4v\u00e4n tuntuiseksi.<\/p>\n<p data-start=\"505\" data-end=\"531\"><strong data-start=\"505\" data-end=\"529\">T\u00e4rkeimm\u00e4t vaikuttavat aineet:<\/strong><\/p>\n<ul data-start=\"532\" data-end=\"1684\">\n<li data-start=\"532\" data-end=\"678\">\n<p data-start=\"534\" data-end=\"678\"><strong data-start=\"534\" data-end=\"558\">Riisileseiden uute<\/strong> \u2013 rikastuttaa ihoa ravinteilla ja antioksidanteilla, palauttaa hydrolipiditasapainon, nuorentaa, pehment\u00e4\u00e4 ja kosteuttaa.<\/p>\n<\/li>\n<li data-start=\"679\" data-end=\"867\">\n<p data-start=\"681\" data-end=\"867\"><strong data-start=\"681\" data-end=\"712\">Niasiiniamidi (B3-vitamiini)<\/strong> \u2013 normalisoi ihon talirauhasten erityst\u00e4, ehk\u00e4isee komedonien, pigmentaation ja aknearpien muodostumista, stimuloi kollageenin tuotantoa ja parantaa ihon kimmoisuutta.<\/p>\n<\/li>\n<li data-start=\"868\" data-end=\"981\">\n<p data-start=\"870\" data-end=\"981\"><strong data-start=\"870\" data-end=\"888\">AHA (maitohappo)<\/strong> \u2013 poistaa hell\u00e4varaisesti kuolleita ihosoluja, tasoittaa ihon rakennetta ja vaalentaa pigmenttimuutoksia.<\/p>\n<\/li>\n<li data-start=\"982\" data-end=\"1159\">\n<p data-start=\"984\" data-end=\"1159\"><strong data-start=\"984\" data-end=\"1007\">BHA (salisyylihappo)<\/strong> \u2013 rasvaliukoinen happo, joka puhdistaa ihohuokosia, vaalentaa mustap\u00e4it\u00e4 ja talia, ehk\u00e4isee ihohuokosten tukkeutumista ja tulehduksia sek\u00e4 v\u00e4hent\u00e4\u00e4 T-alueen kiiltoa.<\/p>\n<\/li>\n<li data-start=\"1160\" data-end=\"1355\">\n<p data-start=\"1162\" data-end=\"1355\"><strong data-start=\"1162\" data-end=\"1195\">LHA (kapryloyylisalisyylihappo)<\/strong> \u2013 Pehme\u00e4mpi BHA-analogi, jolla on suurempi molekyylipaino, mik\u00e4 tekee siit\u00e4 hell\u00e4varaisemman. Liuottaa likaa ihohuokosissa, kirkastaa talia ja ehk\u00e4isee mustap\u00e4iden muodostumista.<\/p>\n<\/li>\n<li data-start=\"1356\" data-end=\"1500\">\n<p data-start=\"1358\" data-end=\"1500\"><strong data-start=\"1358\" data-end=\"1382\">PHA (glukonolaktoni)<\/strong> \u2013 kuorii ihoa kevyesti, tasoittaa ihon s\u00e4vy\u00e4 ja mikroreliefi\u00e4, suojaa ihoa valolta ja ehk\u00e4isee tulehdusta.<\/p>\n<\/li>\n<li data-start=\"1501\" data-end=\"1684\">\n<p data-start=\"1503\" data-end=\"1684\"><strong data-start=\"1503\" data-end=\"1535\">Natriumkokoyyli-isetionaatti<\/strong> \u2013 hell\u00e4varainen pinta-aktiivinen aine, joka puhdistaa niin hell\u00e4varaisesti, ett\u00e4 se tuskin vaikuttaa hydrolipidikerrokseen. Muodostaa runsaan, kermaisen vaahdon, joka poistaa likaa.<\/p>\n<\/li>\n<\/ul>\n<p data-start=\"1686\" data-end=\"1722\">Sopii kaikille ihotyypeille.<\/p>\n<p data-start=\"1724\" data-end=\"1831\"><strong data-start=\"1724\" data-end=\"1739\">K\u00e4ytt\u00f6:<\/strong> Vaahdota tuotetta k\u00e4mmeniss\u00e4si, levit\u00e4 kasvoillesi, hiero py\u00f6rivin liikkein ja huuhtele vedell\u00e4.<\/p>","protected":false},"excerpt":{"rendered":"<p>I&#039;m From Rice Whip -kasvojenpuhdistusaine, jonka hell\u00e4varainen kermainen koostumus muuttuu t\u00e4ytel\u00e4iseksi vaahdoksi, joka puhdistaa ihohuokoset perusteellisesti, poistaa ylim\u00e4\u00e4r\u00e4isen talin ja kuolleet ihosolut. Happokompleksi kuorii hell\u00e4varaisesti kuolleita ihosoluja, pehment\u00e4\u00e4 ja tasoittaa ihon mikroreliefi\u00e4. K\u00e4ynnist\u00e4\u00e4 uudistumista ja edist\u00e4\u00e4 tulehduksen paranemista. Tuote t\u00e4ydent\u00e4\u00e4 hoitoa valkaisevilla aktiiviaineilla, tasoittaa ihon s\u00e4vy\u00e4 ja antaa terveen hehkun. Ei j\u00e4t\u00e4 ihoa kuivaksi tai hilseilev\u00e4ksi\u2026<\/p>","protected":false},"featured_media":15670,"comment_status":"open","ping_status":"closed","template":"","meta":{"_uf_show_specific_survey":0,"_uf_disable_surveys":false,"_bst_post_transparent":"default","_bst_post_title":"","_bst_post_layout":"default","_bst_post_sidebar_id":"","_bst_post_content_style":"default","_bst_post_vertical_padding":"default","_bst_post_feature":"","_bst_post_feature_position":"","_bst_post_header":false,"_bst_post_footer":false},"pwb-brand":[982],"product_brand":[],"product_cat":[92,452,100],"product_tag":[983,984,828,977],"class_list":{"0":"post-15669","1":"product","2":"type-product","3":"status-publish","4":"has-post-thumbnail","6":"pwb-brand-im-from","7":"product_cat-nagu","8":"product_cat-naopuhastusgeelid","9":"product_cat-puhastusvahendid","10":"product_tag-aha","11":"product_tag-bha","12":"product_tag-rice","13":"product_tag-vaht","15":"first","16":"instock","17":"sale","18":"shipping-taxable","19":"purchasable","20":"product-type-simple","21":"entry","22":"content-bg","23":"loop-entry"},"supplier_id":null,"supplier_sku":"","barcode":null,"atum_controlled":true,"out_stock_date":null,"out_stock_threshold":null,"inheritable":false,"inbound_stock":0,"stock_on_hold":0,"sold_today":0,"sales_last_days":0,"out_stock_days":0,"lost_sales":0,"has_location":false,"update_date":"2026-04-14T00:05:08","atum_locations":[],"atum_stock_status":"instock","restock_status":false,"low_stock_amount":"","sales_update_date":"2026-04-14T00:05:08","calc_backorders":null,"yoast_head":"<!-- This site is optimized with the Yoast SEO plugin v27.2 - https:\/\/yoast.com\/product\/yoast-seo-wordpress\/ -->\n<title>I&#039;m From Rice Whip Facial Cleanser, 150ml - IDA.KOREA<\/title>\n<meta name=\"description\" content=\"\u00d5rn riisivaht I&#039;m From Rice Whip Facial Cleanser puhastab s\u00fcgavuti poorid, eemaldab liigse rasu ja surnud naharakud. Sisaldab AHA, BHA, LHA ja PHA happeid.\" \/>\n<meta name=\"robots\" content=\"index, follow, max-snippet:-1, max-image-preview:large, max-video-preview:-1\" \/>\n<link rel=\"canonical\" href=\"https:\/\/idakorea.ee\/fi\/product\/im-from-rice-whip-facial-cleanser-150ml\/\" \/>\n<meta property=\"og:locale\" content=\"fi_FI\" \/>\n<meta property=\"og:type\" content=\"article\" \/>\n<meta property=\"og:title\" content=\"I&#039;m From Rice Whip Facial Cleanser, 150ml - IDA.KOREA\" \/>\n<meta property=\"og:description\" content=\"\u00d5rn riisivaht I&#039;m From Rice Whip Facial Cleanser puhastab s\u00fcgavuti poorid, eemaldab liigse rasu ja surnud naharakud. Sisaldab AHA, BHA, LHA ja PHA happeid.\" \/>\n<meta property=\"og:url\" content=\"https:\/\/idakorea.ee\/fi\/product\/im-from-rice-whip-facial-cleanser-150ml\/\" \/>\n<meta property=\"og:site_name\" content=\"IDA.KOREA\" \/>\n<meta property=\"article:modified_time\" content=\"2026-02-18T07:57:03+00:00\" \/>\n<meta property=\"og:image\" content=\"https:\/\/idakorea.ee\/wp-content\/uploads\/2025\/08\/i_m-from-rice-whip-facial-cleanser-idakorea.jpg\" \/>\n\t<meta property=\"og:image:width\" content=\"1000\" \/>\n\t<meta property=\"og:image:height\" content=\"1000\" \/>\n\t<meta property=\"og:image:type\" content=\"image\/jpeg\" \/>\n<meta name=\"twitter:card\" content=\"summary_large_image\" \/>\n<meta name=\"twitter:label1\" content=\"Arvioitu lukuaika\" \/>\n\t<meta name=\"twitter:data1\" content=\"2 minuuttia\" \/>\n<script type=\"application\/ld+json\" class=\"yoast-schema-graph\">{\"@context\":\"https:\/\/schema.org\",\"@graph\":[{\"@type\":\"WebPage\",\"@id\":\"https:\/\/idakorea.ee\/product\/im-from-rice-whip-facial-cleanser-150ml\/\",\"url\":\"https:\/\/idakorea.ee\/product\/im-from-rice-whip-facial-cleanser-150ml\/\",\"name\":\"I'm From Rice Whip Facial Cleanser, 150ml - IDA.KOREA\",\"isPartOf\":{\"@id\":\"https:\/\/idakorea.ee\/#website\"},\"primaryImageOfPage\":{\"@id\":\"https:\/\/idakorea.ee\/product\/im-from-rice-whip-facial-cleanser-150ml\/#primaryimage\"},\"image\":{\"@id\":\"https:\/\/idakorea.ee\/product\/im-from-rice-whip-facial-cleanser-150ml\/#primaryimage\"},\"thumbnailUrl\":\"https:\/\/idakorea.ee\/wp-content\/uploads\/2025\/08\/i_m-from-rice-whip-facial-cleanser-idakorea.jpg\",\"datePublished\":\"2025-08-27T11:21:14+00:00\",\"dateModified\":\"2026-02-18T07:57:03+00:00\",\"description\":\"\u00d5rn riisivaht I'm From Rice Whip Facial Cleanser puhastab s\u00fcgavuti poorid, eemaldab liigse rasu ja surnud naharakud. Sisaldab AHA, BHA, LHA ja PHA happeid.\",\"breadcrumb\":{\"@id\":\"https:\/\/idakorea.ee\/product\/im-from-rice-whip-facial-cleanser-150ml\/#breadcrumb\"},\"inLanguage\":\"fi\",\"potentialAction\":[{\"@type\":\"ReadAction\",\"target\":[\"https:\/\/idakorea.ee\/product\/im-from-rice-whip-facial-cleanser-150ml\/\"]}]},{\"@type\":\"ImageObject\",\"inLanguage\":\"fi\",\"@id\":\"https:\/\/idakorea.ee\/product\/im-from-rice-whip-facial-cleanser-150ml\/#primaryimage\",\"url\":\"https:\/\/idakorea.ee\/wp-content\/uploads\/2025\/08\/i_m-from-rice-whip-facial-cleanser-idakorea.jpg\",\"contentUrl\":\"https:\/\/idakorea.ee\/wp-content\/uploads\/2025\/08\/i_m-from-rice-whip-facial-cleanser-idakorea.jpg\",\"width\":1000,\"height\":1000},{\"@type\":\"BreadcrumbList\",\"@id\":\"https:\/\/idakorea.ee\/product\/im-from-rice-whip-facial-cleanser-150ml\/#breadcrumb\",\"itemListElement\":[{\"@type\":\"ListItem\",\"position\":1,\"name\":\"\u0413\u043b\u0430\u0432\u043d\u0430\u044f \u0441\u0442\u0440\u0430\u043d\u0438\u0446\u0430\",\"item\":\"https:\/\/idakorea.ee\/\"},{\"@type\":\"ListItem\",\"position\":2,\"name\":\"Shop\",\"item\":\"https:\/\/idakorea.ee\/shop-2\/\"},{\"@type\":\"ListItem\",\"position\":3,\"name\":\"Riisivaht I&#8217;m From Rice Whip Facial Cleanser, 150ml\"}]},{\"@type\":\"WebSite\",\"@id\":\"https:\/\/idakorea.ee\/#website\",\"url\":\"https:\/\/idakorea.ee\/\",\"name\":\"IDA.KOREA\",\"description\":\"Korea kosmeetika e-pood\",\"publisher\":{\"@id\":\"https:\/\/idakorea.ee\/#organization\"},\"alternateName\":\"Beauty Shop\",\"potentialAction\":[{\"@type\":\"SearchAction\",\"target\":{\"@type\":\"EntryPoint\",\"urlTemplate\":\"https:\/\/idakorea.ee\/?s={search_term_string}\"},\"query-input\":{\"@type\":\"PropertyValueSpecification\",\"valueRequired\":true,\"valueName\":\"search_term_string\"}}],\"inLanguage\":\"fi\"},{\"@type\":\"Organization\",\"@id\":\"https:\/\/idakorea.ee\/#organization\",\"name\":\"IDA.KOREA\",\"url\":\"https:\/\/idakorea.ee\/\",\"logo\":{\"@type\":\"ImageObject\",\"inLanguage\":\"fi\",\"@id\":\"https:\/\/idakorea.ee\/#\/schema\/logo\/image\/\",\"url\":\"https:\/\/idakorea.ee\/wp-content\/uploads\/2024\/05\/cropped-korea3.png\",\"contentUrl\":\"https:\/\/idakorea.ee\/wp-content\/uploads\/2024\/05\/cropped-korea3.png\",\"width\":688,\"height\":126,\"caption\":\"IDA.KOREA\"},\"image\":{\"@id\":\"https:\/\/idakorea.ee\/#\/schema\/logo\/image\/\"},\"sameAs\":[\"https:\/\/www.instagram.com\/ida.korea\/\"]}]}<\/script>\n<!-- \/ Yoast SEO plugin. -->","yoast_head_json":{"title":"I&#039;m From Rice Whip -kasvojenpuhdistusaine, 150ml - IDA.KOREA","description":"I&#039;m From Rice Whip Facial Cleanser on hell\u00e4varainen riisivaahtopuhdistusaine, joka puhdistaa ihohuokoset syv\u00e4lt\u00e4, poistaa ylim\u00e4\u00e4r\u00e4ist\u00e4 \u00f6ljy\u00e4 ja kuolleita ihosoluja. Sis\u00e4lt\u00e4\u00e4 AHA-, BHA-, LHA- ja PHA-happoja.","robots":{"index":"index","follow":"follow","max-snippet":"max-snippet:-1","max-image-preview":"max-image-preview:large","max-video-preview":"max-video-preview:-1"},"canonical":"https:\/\/idakorea.ee\/fi\/product\/im-from-rice-whip-facial-cleanser-150ml\/","og_locale":"fi_FI","og_type":"article","og_title":"I'm From Rice Whip Facial Cleanser, 150ml - IDA.KOREA","og_description":"\u00d5rn riisivaht I'm From Rice Whip Facial Cleanser puhastab s\u00fcgavuti poorid, eemaldab liigse rasu ja surnud naharakud. Sisaldab AHA, BHA, LHA ja PHA happeid.","og_url":"https:\/\/idakorea.ee\/fi\/product\/im-from-rice-whip-facial-cleanser-150ml\/","og_site_name":"IDA.KOREA","article_modified_time":"2026-02-18T07:57:03+00:00","og_image":[{"width":1000,"height":1000,"url":"https:\/\/idakorea.ee\/wp-content\/uploads\/2025\/08\/i_m-from-rice-whip-facial-cleanser-idakorea.jpg","type":"image\/jpeg"}],"twitter_card":"summary_large_image","twitter_misc":{"Arvioitu lukuaika":"2 minuuttia"},"schema":{"@context":"https:\/\/schema.org","@graph":[{"@type":"WebPage","@id":"https:\/\/idakorea.ee\/product\/im-from-rice-whip-facial-cleanser-150ml\/","url":"https:\/\/idakorea.ee\/product\/im-from-rice-whip-facial-cleanser-150ml\/","name":"I&#039;m From Rice Whip -kasvojenpuhdistusaine, 150ml - IDA.KOREA","isPartOf":{"@id":"https:\/\/idakorea.ee\/#website"},"primaryImageOfPage":{"@id":"https:\/\/idakorea.ee\/product\/im-from-rice-whip-facial-cleanser-150ml\/#primaryimage"},"image":{"@id":"https:\/\/idakorea.ee\/product\/im-from-rice-whip-facial-cleanser-150ml\/#primaryimage"},"thumbnailUrl":"https:\/\/idakorea.ee\/wp-content\/uploads\/2025\/08\/i_m-from-rice-whip-facial-cleanser-idakorea.jpg","datePublished":"2025-08-27T11:21:14+00:00","dateModified":"2026-02-18T07:57:03+00:00","description":"I&#039;m From Rice Whip Facial Cleanser on hell\u00e4varainen riisivaahtopuhdistusaine, joka puhdistaa ihohuokoset syv\u00e4lt\u00e4, poistaa ylim\u00e4\u00e4r\u00e4ist\u00e4 \u00f6ljy\u00e4 ja kuolleita ihosoluja. Sis\u00e4lt\u00e4\u00e4 AHA-, BHA-, LHA- ja PHA-happoja.","breadcrumb":{"@id":"https:\/\/idakorea.ee\/product\/im-from-rice-whip-facial-cleanser-150ml\/#breadcrumb"},"inLanguage":"fi","potentialAction":[{"@type":"ReadAction","target":["https:\/\/idakorea.ee\/product\/im-from-rice-whip-facial-cleanser-150ml\/"]}]},{"@type":"ImageObject","inLanguage":"fi","@id":"https:\/\/idakorea.ee\/product\/im-from-rice-whip-facial-cleanser-150ml\/#primaryimage","url":"https:\/\/idakorea.ee\/wp-content\/uploads\/2025\/08\/i_m-from-rice-whip-facial-cleanser-idakorea.jpg","contentUrl":"https:\/\/idakorea.ee\/wp-content\/uploads\/2025\/08\/i_m-from-rice-whip-facial-cleanser-idakorea.jpg","width":1000,"height":1000},{"@type":"BreadcrumbList","@id":"https:\/\/idakorea.ee\/product\/im-from-rice-whip-facial-cleanser-150ml\/#breadcrumb","itemListElement":[{"@type":"ListItem","position":1,"name":"\u0413\u043b\u0430\u0432\u043d\u0430\u044f \u0441\u0442\u0440\u0430\u043d\u0438\u0446\u0430","item":"https:\/\/idakorea.ee\/"},{"@type":"ListItem","position":2,"name":"Shop","item":"https:\/\/idakorea.ee\/shop-2\/"},{"@type":"ListItem","position":3,"name":"Riisivaht I&#8217;m From Rice Whip Facial Cleanser, 150ml"}]},{"@type":"WebSite","@id":"https:\/\/idakorea.ee\/#website","url":"https:\/\/idakorea.ee\/","name":"IDA.KOREA","description":"Korean kosmetiikan verkkokauppa","publisher":{"@id":"https:\/\/idakorea.ee\/#organization"},"alternateName":"Beauty Shop","potentialAction":[{"@type":"SearchAction","target":{"@type":"EntryPoint","urlTemplate":"https:\/\/idakorea.ee\/?s={search_term_string}"},"query-input":{"@type":"PropertyValueSpecification","valueRequired":true,"valueName":"search_term_string"}}],"inLanguage":"fi"},{"@type":"Organization","@id":"https:\/\/idakorea.ee\/#organization","name":"IDA.KOREA","url":"https:\/\/idakorea.ee\/","logo":{"@type":"ImageObject","inLanguage":"fi","@id":"https:\/\/idakorea.ee\/#\/schema\/logo\/image\/","url":"https:\/\/idakorea.ee\/wp-content\/uploads\/2024\/05\/cropped-korea3.png","contentUrl":"https:\/\/idakorea.ee\/wp-content\/uploads\/2024\/05\/cropped-korea3.png","width":688,"height":126,"caption":"IDA.KOREA"},"image":{"@id":"https:\/\/idakorea.ee\/#\/schema\/logo\/image\/"},"sameAs":["https:\/\/www.instagram.com\/ida.korea\/"]}]}},"jetpack_sharing_enabled":true,"brands":[{"id":982,"name":"I\u02c7M FROM","slug":"i%cb%87m-from"}],"_links":{"self":[{"href":"https:\/\/idakorea.ee\/fi\/wp-json\/wp\/v2\/product\/15669","targetHints":{"allow":["GET"]}}],"collection":[{"href":"https:\/\/idakorea.ee\/fi\/wp-json\/wp\/v2\/product"}],"about":[{"href":"https:\/\/idakorea.ee\/fi\/wp-json\/wp\/v2\/types\/product"}],"replies":[{"embeddable":true,"href":"https:\/\/idakorea.ee\/fi\/wp-json\/wp\/v2\/comments?post=15669"}],"version-history":[{"count":2,"href":"https:\/\/idakorea.ee\/fi\/wp-json\/wp\/v2\/product\/15669\/revisions"}],"predecessor-version":[{"id":17797,"href":"https:\/\/idakorea.ee\/fi\/wp-json\/wp\/v2\/product\/15669\/revisions\/17797"}],"wp:featuredmedia":[{"embeddable":true,"href":"https:\/\/idakorea.ee\/fi\/wp-json\/wp\/v2\/media\/15670"}],"wp:attachment":[{"href":"https:\/\/idakorea.ee\/fi\/wp-json\/wp\/v2\/media?parent=15669"}],"wp:term":[{"taxonomy":"pwb-brand","embeddable":true,"href":"https:\/\/idakorea.ee\/fi\/wp-json\/wp\/v2\/pwb-brand?post=15669"},{"taxonomy":"product_brand","embeddable":true,"href":"https:\/\/idakorea.ee\/fi\/wp-json\/wp\/v2\/product_brand?post=15669"},{"taxonomy":"product_cat","embeddable":true,"href":"https:\/\/idakorea.ee\/fi\/wp-json\/wp\/v2\/product_cat?post=15669"},{"taxonomy":"product_tag","embeddable":true,"href":"https:\/\/idakorea.ee\/fi\/wp-json\/wp\/v2\/product_tag?post=15669"}],"curies":[{"name":"wp","href":"https:\/\/api.w.org\/{rel}","templated":true}]}}