{"id":15679,"date":"2025-08-28T11:48:56","date_gmt":"2025-08-28T08:48:56","guid":{"rendered":"https:\/\/idakorea.ee\/?post_type=product&#038;p=15679"},"modified":"2026-03-13T18:51:48","modified_gmt":"2026-03-13T16:51:48","slug":"medipeel-peptide-9-volume-tox-cream-pro-50ml","status":"publish","type":"product","link":"https:\/\/idakorea.ee\/fi\/product\/medipeel-peptide-9-volume-tox-cream-pro-50ml\/","title":{"rendered":"Nuorentava voide peptideill\u00e4 ja ektoiinilla Medipeel+ Peptide 9 Volume Tox Cream PRO, 50ml"},"content":{"rendered":"<p data-start=\"43\" data-end=\"405\">Nuorentava voide peptideill\u00e4 ja ektoiinilla<strong data-start=\"43\" data-end=\"127\"> MEDIPEEL Peptide 9 Volume Tox Cream PRO<\/strong> on tarkoitettu v\u00e4hent\u00e4m\u00e4\u00e4n aktiivisesti ik\u00e4\u00e4ntymisen merkkej\u00e4: kuivuutta, ihonalaisen rasvakerroksen ohenemista ja kudosptoosia. Tuotteella on ihon kiinteytt\u00e4 lis\u00e4\u00e4v\u00e4, kimmoisuutta ja kiinteytt\u00e4 palauttava vaikutus sek\u00e4 huomattava kohottava vaikutus \u2014 se kiinteytt\u00e4\u00e4 kasvojen soikeaa ja auttaa s\u00e4ilytt\u00e4m\u00e4\u00e4n kasvojen \u00e4\u00e4riviivojen selkeyden.<\/p>\n<p data-start=\"407\" data-end=\"655\">Voide kosteuttaa tehokkaasti, ravitsee ihoa tarvittavilla aktiiviaineilla, poistaa kuivuutta, kireyden tunnetta ja hilseily\u00e4. Aktivoi kollageeni- ja elastiinikuitujen luonnollista synteesi\u00e4. Auttaa v\u00e4hent\u00e4m\u00e4\u00e4n syvien s\u00e4hk\u00f6istyneiden ja j\u00e4ljitelm\u00e4ryppyjen n\u00e4kymist\u00e4.<\/p>\n<p data-start=\"657\" data-end=\"781\">Suuri m\u00e4\u00e4r\u00e4 kosteuttavia ainesosia tunkeutuu syv\u00e4lle epidermiksen kerroksiin, toimittaen soluille kosteutta ja auttaen s\u00e4ilytt\u00e4m\u00e4\u00e4n sen.<\/p>\n<p data-start=\"783\" data-end=\"809\"><strong data-start=\"783\" data-end=\"807\">T\u00e4rkeimm\u00e4t vaikuttavat aineet:<\/strong><\/p>\n<ul data-start=\"810\" data-end=\"2332\">\n<li data-start=\"810\" data-end=\"1021\">\n<p data-start=\"812\" data-end=\"1021\"><strong data-start=\"812\" data-end=\"832\">9 erilaista peptidi\u00e4<\/strong> \u2013 kosteuttaa tehokkaasti ja lis\u00e4\u00e4 ihon vastustuskyky\u00e4 ik\u00e4\u00e4ntymisen merkkej\u00e4 vastaan. Auttaa vahvistamaan kasvojen piirteit\u00e4, parantamaan ihon s\u00e4vy\u00e4, v\u00e4hent\u00e4m\u00e4\u00e4n ryppyj\u00e4 ja ehk\u00e4isem\u00e4\u00e4n uusien syntymist\u00e4.<\/p>\n<\/li>\n<li data-start=\"1022\" data-end=\"1233\">\n<p data-start=\"1024\" data-end=\"1233\"><strong data-start=\"1024\" data-end=\"1050\">9 erilaista hyaluronihappoa<\/strong> \u2013 luovat suojakerroksen, joka est\u00e4\u00e4 kosteuden haihtumista, parantavat ihon rakennetta, edist\u00e4v\u00e4t solujen uudistumista, silottavat hienoja ryppyj\u00e4 ja tekev\u00e4t ihosta pehme\u00e4n ja sile\u00e4n.<\/p>\n<\/li>\n<li data-start=\"1234\" data-end=\"1424\">\n<p data-start=\"1236\" data-end=\"1424\"><strong data-start=\"1236\" data-end=\"1292\">Volufilin (Anemarrhena Asphodeloides -juuriuute)<\/strong> \u2013 lis\u00e4\u00e4 kudosten tiheytt\u00e4 ja volyymia, antaen lipofillingin kaltaisen vaikutuksen; kiinteytt\u00e4\u00e4 ihoa ja v\u00e4hent\u00e4\u00e4 ryppyjen n\u00e4kymist\u00e4.<\/p>\n<\/li>\n<li data-start=\"1425\" data-end=\"1578\">\n<p data-start=\"1427\" data-end=\"1578\"><strong data-start=\"1427\" data-end=\"1452\">Kollageeni ja elastiini<\/strong> \u2013 auttavat s\u00e4ilytt\u00e4m\u00e4\u00e4n kosteutta, tasoittamaan ihon rakennetta, stimuloivat uudistumisprosesseja ja v\u00e4hent\u00e4v\u00e4t ryppyjen syvyytt\u00e4.<\/p>\n<\/li>\n<li data-start=\"1579\" data-end=\"1752\">\n<p data-start=\"1581\" data-end=\"1752\"><strong data-start=\"1581\" data-end=\"1592\">Ektoiin<\/strong> \u2013 orgaaninen aminohappo, joka suojaa tehokkaasti ulkoisilta tekij\u00f6ilt\u00e4 ja UV-s\u00e4teilylt\u00e4, sill\u00e4 on tulehdusta est\u00e4v\u00e4 vaikutus, se rauhoittaa ja pehment\u00e4\u00e4 ihoa sek\u00e4 v\u00e4hent\u00e4\u00e4 punoitusta.<\/p>\n<\/li>\n<li data-start=\"1753\" data-end=\"1958\">\n<p data-start=\"1755\" data-end=\"1958\"><strong data-start=\"1755\" data-end=\"1768\">Adenos<\/strong> \u2013 uuden sukupolven aktiivinen ainesosa, joka auttaa torjumaan ryppyj\u00e4, suojaa soluja hapettumiselta ja stimuloi prokollageenin synteesi\u00e4, joka vastaa ihon s\u00e4vyst\u00e4 ja kimmoisuudesta.<\/p>\n<\/li>\n<li data-start=\"1959\" data-end=\"2136\">\n<p data-start=\"1961\" data-end=\"2136\"><strong data-start=\"1961\" data-end=\"1972\">Soija\u00f6ljy<\/strong> \u2013 sis\u00e4lt\u00e4\u00e4 flavonoideja, isoflavonoideja, proteiineja ja tanniineja; stimuloi kollageenisynteesi\u00e4, sill\u00e4 on tulehdusta est\u00e4vi\u00e4 vaikutuksia ja se v\u00e4hent\u00e4\u00e4 UV-s\u00e4teilyn haitallisia vaikutuksia.<\/p>\n<\/li>\n<li data-start=\"2137\" data-end=\"2332\">\n<p data-start=\"2139\" data-end=\"2332\"><strong data-start=\"2139\" data-end=\"2156\">Auringonkukka\u00f6ljy<\/strong> \u2013 ravitsee, kosteuttaa ja pehment\u00e4\u00e4 ihoa, tasoittaa mikroreliefi\u00e4, tekee ihosta kimmoisamman ja joustavamman. Vaikuttaa uudistavasti, nopeuttaa solujen uusiutumista ja paranemisprosesseja.<\/p>\n<\/li>\n<\/ul>\n<p data-start=\"2334\" data-end=\"2392\"><strong data-start=\"2334\" data-end=\"2344\">Sopii:<\/strong> kuivalle, normaalille ja sekaiholle.<\/p>\n<p data-start=\"2394\" data-end=\"2466\"><strong data-start=\"2394\" data-end=\"2409\">K\u00e4ytt\u00f6:<\/strong> Levit\u00e4 tarvittava m\u00e4\u00e4r\u00e4 voidetta ihonhoitorutiinisi viimeisess\u00e4 vaiheessa.<\/p>","protected":false},"excerpt":{"rendered":"<p>Nuorennusvoide peptideill\u00e4 ja ektoiinilla MEDIPEEL Peptide 9 Volume Tox Cream PRO on tarkoitettu v\u00e4hent\u00e4m\u00e4\u00e4n aktiivisesti ik\u00e4\u00e4ntymisen merkkej\u00e4: kuivuutta, ihonalaisen rasvakerroksen ohenemista ja kudosptoosia. Tuotteella on vaikutus, joka lis\u00e4\u00e4 ihon kiinteytt\u00e4, palauttaa kimmoisuuden ja kiinteyden, ja sill\u00e4 on huomattava kohottava vaikutus \u2014 se kiinteytt\u00e4\u00e4 kasvojen soikeaa ja auttaa s\u00e4ilytt\u00e4m\u00e4\u00e4n \u00e4\u00e4riviivojen selkeyden. Voide kosteuttaa tehokkaasti, ravitsee ihoa tarvittavilla aktiiviaineilla, poistaa kuivuutta,\u2026<\/p>","protected":false},"featured_media":15680,"comment_status":"open","ping_status":"closed","template":"","meta":{"_uf_show_specific_survey":0,"_uf_disable_surveys":false,"_bst_post_transparent":"default","_bst_post_title":"","_bst_post_layout":"default","_bst_post_sidebar_id":"","_bst_post_content_style":"default","_bst_post_vertical_padding":"default","_bst_post_feature":"","_bst_post_feature_position":"","_bst_post_header":false,"_bst_post_footer":false},"pwb-brand":[107],"product_brand":[],"product_cat":[92,96],"product_tag":[381,830,814],"class_list":{"0":"post-15679","1":"product","2":"type-product","3":"status-publish","4":"has-post-thumbnail","6":"pwb-brand-medipeel","7":"product_cat-nagu","8":"product_cat-naokreemid","9":"product_tag-medipeel","10":"product_tag-peptide","11":"product_tag-pro","13":"first","14":"instock","15":"sale","16":"shipping-taxable","17":"purchasable","18":"product-type-simple","19":"entry","20":"content-bg","21":"loop-entry"},"supplier_id":null,"supplier_sku":"","barcode":null,"atum_controlled":true,"out_stock_date":null,"out_stock_threshold":null,"inheritable":false,"inbound_stock":0,"stock_on_hold":0,"sold_today":0,"sales_last_days":0,"out_stock_days":0,"lost_sales":0,"has_location":false,"update_date":"2026-04-14T00:05:05","atum_locations":[],"atum_stock_status":"instock","restock_status":false,"low_stock_amount":"","sales_update_date":"2026-04-14T00:05:05","calc_backorders":null,"yoast_head":"<!-- This site is optimized with the Yoast SEO plugin v27.2 - https:\/\/yoast.com\/product\/yoast-seo-wordpress\/ -->\n<title>Medipeel+ Peptide 9 Volume Tox Cream PRO, 50ml - IDA.KOREA<\/title>\n<meta name=\"description\" content=\"Noorendav kreem t\u00f5stab naha turgoori, taastab elastsuse ja annab m\u00e4rgatava lifting-efekti. 9 peptiidi, h\u00fcaluroonhape, kollageen ja ektoiin niisutavad, v\u00e4hendavad kortse ja taastavad n\u00e4o ovaali.\" \/>\n<meta name=\"robots\" content=\"index, follow, max-snippet:-1, max-image-preview:large, max-video-preview:-1\" \/>\n<link rel=\"canonical\" href=\"https:\/\/idakorea.ee\/fi\/product\/medipeel-peptide-9-volume-tox-cream-pro-50ml\/\" \/>\n<meta property=\"og:locale\" content=\"fi_FI\" \/>\n<meta property=\"og:type\" content=\"article\" \/>\n<meta property=\"og:title\" content=\"Medipeel+ Peptide 9 Volume Tox Cream PRO, 50ml - IDA.KOREA\" \/>\n<meta property=\"og:description\" content=\"Noorendav kreem t\u00f5stab naha turgoori, taastab elastsuse ja annab m\u00e4rgatava lifting-efekti. 9 peptiidi, h\u00fcaluroonhape, kollageen ja ektoiin niisutavad, v\u00e4hendavad kortse ja taastavad n\u00e4o ovaali.\" \/>\n<meta property=\"og:url\" content=\"https:\/\/idakorea.ee\/fi\/product\/medipeel-peptide-9-volume-tox-cream-pro-50ml\/\" \/>\n<meta property=\"og:site_name\" content=\"IDA.KOREA\" \/>\n<meta property=\"article:modified_time\" content=\"2026-03-13T16:51:48+00:00\" \/>\n<meta property=\"og:image\" content=\"https:\/\/idakorea.ee\/wp-content\/uploads\/2025\/08\/medipeel-peptide-9-volume-tox-cream-pro-idakorea.jpg\" \/>\n\t<meta property=\"og:image:width\" content=\"1000\" \/>\n\t<meta property=\"og:image:height\" content=\"1000\" \/>\n\t<meta property=\"og:image:type\" content=\"image\/jpeg\" \/>\n<meta name=\"twitter:card\" content=\"summary_large_image\" \/>\n<meta name=\"twitter:label1\" content=\"Arvioitu lukuaika\" \/>\n\t<meta name=\"twitter:data1\" content=\"2 minuuttia\" \/>\n<script type=\"application\/ld+json\" class=\"yoast-schema-graph\">{\"@context\":\"https:\/\/schema.org\",\"@graph\":[{\"@type\":\"WebPage\",\"@id\":\"https:\/\/idakorea.ee\/product\/medipeel-peptide-9-volume-tox-cream-pro-50ml\/\",\"url\":\"https:\/\/idakorea.ee\/product\/medipeel-peptide-9-volume-tox-cream-pro-50ml\/\",\"name\":\"Medipeel+ Peptide 9 Volume Tox Cream PRO, 50ml - IDA.KOREA\",\"isPartOf\":{\"@id\":\"https:\/\/idakorea.ee\/#website\"},\"primaryImageOfPage\":{\"@id\":\"https:\/\/idakorea.ee\/product\/medipeel-peptide-9-volume-tox-cream-pro-50ml\/#primaryimage\"},\"image\":{\"@id\":\"https:\/\/idakorea.ee\/product\/medipeel-peptide-9-volume-tox-cream-pro-50ml\/#primaryimage\"},\"thumbnailUrl\":\"https:\/\/idakorea.ee\/wp-content\/uploads\/2025\/08\/medipeel-peptide-9-volume-tox-cream-pro-idakorea.jpg\",\"datePublished\":\"2025-08-28T08:48:56+00:00\",\"dateModified\":\"2026-03-13T16:51:48+00:00\",\"description\":\"Noorendav kreem t\u00f5stab naha turgoori, taastab elastsuse ja annab m\u00e4rgatava lifting-efekti. 9 peptiidi, h\u00fcaluroonhape, kollageen ja ektoiin niisutavad, v\u00e4hendavad kortse ja taastavad n\u00e4o ovaali.\",\"breadcrumb\":{\"@id\":\"https:\/\/idakorea.ee\/product\/medipeel-peptide-9-volume-tox-cream-pro-50ml\/#breadcrumb\"},\"inLanguage\":\"fi\",\"potentialAction\":[{\"@type\":\"ReadAction\",\"target\":[\"https:\/\/idakorea.ee\/product\/medipeel-peptide-9-volume-tox-cream-pro-50ml\/\"]}]},{\"@type\":\"ImageObject\",\"inLanguage\":\"fi\",\"@id\":\"https:\/\/idakorea.ee\/product\/medipeel-peptide-9-volume-tox-cream-pro-50ml\/#primaryimage\",\"url\":\"https:\/\/idakorea.ee\/wp-content\/uploads\/2025\/08\/medipeel-peptide-9-volume-tox-cream-pro-idakorea.jpg\",\"contentUrl\":\"https:\/\/idakorea.ee\/wp-content\/uploads\/2025\/08\/medipeel-peptide-9-volume-tox-cream-pro-idakorea.jpg\",\"width\":1000,\"height\":1000},{\"@type\":\"BreadcrumbList\",\"@id\":\"https:\/\/idakorea.ee\/product\/medipeel-peptide-9-volume-tox-cream-pro-50ml\/#breadcrumb\",\"itemListElement\":[{\"@type\":\"ListItem\",\"position\":1,\"name\":\"\u0413\u043b\u0430\u0432\u043d\u0430\u044f \u0441\u0442\u0440\u0430\u043d\u0438\u0446\u0430\",\"item\":\"https:\/\/idakorea.ee\/\"},{\"@type\":\"ListItem\",\"position\":2,\"name\":\"Shop\",\"item\":\"https:\/\/idakorea.ee\/shop-2\/\"},{\"@type\":\"ListItem\",\"position\":3,\"name\":\"Noorendav peptiidide ja ektoiiniga kreem Medipeel+ Peptide 9 Volume Tox Cream PRO, 50ml\"}]},{\"@type\":\"WebSite\",\"@id\":\"https:\/\/idakorea.ee\/#website\",\"url\":\"https:\/\/idakorea.ee\/\",\"name\":\"IDA.KOREA\",\"description\":\"Korea kosmeetika e-pood\",\"publisher\":{\"@id\":\"https:\/\/idakorea.ee\/#organization\"},\"alternateName\":\"Beauty Shop\",\"potentialAction\":[{\"@type\":\"SearchAction\",\"target\":{\"@type\":\"EntryPoint\",\"urlTemplate\":\"https:\/\/idakorea.ee\/?s={search_term_string}\"},\"query-input\":{\"@type\":\"PropertyValueSpecification\",\"valueRequired\":true,\"valueName\":\"search_term_string\"}}],\"inLanguage\":\"fi\"},{\"@type\":\"Organization\",\"@id\":\"https:\/\/idakorea.ee\/#organization\",\"name\":\"IDA.KOREA\",\"url\":\"https:\/\/idakorea.ee\/\",\"logo\":{\"@type\":\"ImageObject\",\"inLanguage\":\"fi\",\"@id\":\"https:\/\/idakorea.ee\/#\/schema\/logo\/image\/\",\"url\":\"https:\/\/idakorea.ee\/wp-content\/uploads\/2024\/05\/cropped-korea3.png\",\"contentUrl\":\"https:\/\/idakorea.ee\/wp-content\/uploads\/2024\/05\/cropped-korea3.png\",\"width\":688,\"height\":126,\"caption\":\"IDA.KOREA\"},\"image\":{\"@id\":\"https:\/\/idakorea.ee\/#\/schema\/logo\/image\/\"},\"sameAs\":[\"https:\/\/www.instagram.com\/ida.korea\/\"]}]}<\/script>\n<!-- \/ Yoast SEO plugin. -->","yoast_head_json":{"title":"Medipeel+ Peptide 9 Volume Tox Cream PRO, 50ml - IDA.KOREA","description":"Nuorentava voide lis\u00e4\u00e4 ihon kiinteytt\u00e4, palauttaa kimmoisuuden ja antaa huomattavan kohottavan vaikutuksen. 9 peptidi\u00e4, hyaluronihappoa, kollageenia ja ektoiinia kosteuttavat, v\u00e4hent\u00e4v\u00e4t ryppyj\u00e4 ja palauttavat kasvojen ovaalimuotoja.","robots":{"index":"index","follow":"follow","max-snippet":"max-snippet:-1","max-image-preview":"max-image-preview:large","max-video-preview":"max-video-preview:-1"},"canonical":"https:\/\/idakorea.ee\/fi\/product\/medipeel-peptide-9-volume-tox-cream-pro-50ml\/","og_locale":"fi_FI","og_type":"article","og_title":"Medipeel+ Peptide 9 Volume Tox Cream PRO, 50ml - IDA.KOREA","og_description":"Noorendav kreem t\u00f5stab naha turgoori, taastab elastsuse ja annab m\u00e4rgatava lifting-efekti. 9 peptiidi, h\u00fcaluroonhape, kollageen ja ektoiin niisutavad, v\u00e4hendavad kortse ja taastavad n\u00e4o ovaali.","og_url":"https:\/\/idakorea.ee\/fi\/product\/medipeel-peptide-9-volume-tox-cream-pro-50ml\/","og_site_name":"IDA.KOREA","article_modified_time":"2026-03-13T16:51:48+00:00","og_image":[{"width":1000,"height":1000,"url":"https:\/\/idakorea.ee\/wp-content\/uploads\/2025\/08\/medipeel-peptide-9-volume-tox-cream-pro-idakorea.jpg","type":"image\/jpeg"}],"twitter_card":"summary_large_image","twitter_misc":{"Arvioitu lukuaika":"2 minuuttia"},"schema":{"@context":"https:\/\/schema.org","@graph":[{"@type":"WebPage","@id":"https:\/\/idakorea.ee\/product\/medipeel-peptide-9-volume-tox-cream-pro-50ml\/","url":"https:\/\/idakorea.ee\/product\/medipeel-peptide-9-volume-tox-cream-pro-50ml\/","name":"Medipeel+ Peptide 9 Volume Tox Cream PRO, 50ml - IDA.KOREA","isPartOf":{"@id":"https:\/\/idakorea.ee\/#website"},"primaryImageOfPage":{"@id":"https:\/\/idakorea.ee\/product\/medipeel-peptide-9-volume-tox-cream-pro-50ml\/#primaryimage"},"image":{"@id":"https:\/\/idakorea.ee\/product\/medipeel-peptide-9-volume-tox-cream-pro-50ml\/#primaryimage"},"thumbnailUrl":"https:\/\/idakorea.ee\/wp-content\/uploads\/2025\/08\/medipeel-peptide-9-volume-tox-cream-pro-idakorea.jpg","datePublished":"2025-08-28T08:48:56+00:00","dateModified":"2026-03-13T16:51:48+00:00","description":"Nuorentava voide lis\u00e4\u00e4 ihon kiinteytt\u00e4, palauttaa kimmoisuuden ja antaa huomattavan kohottavan vaikutuksen. 9 peptidi\u00e4, hyaluronihappoa, kollageenia ja ektoiinia kosteuttavat, v\u00e4hent\u00e4v\u00e4t ryppyj\u00e4 ja palauttavat kasvojen ovaalimuotoja.","breadcrumb":{"@id":"https:\/\/idakorea.ee\/product\/medipeel-peptide-9-volume-tox-cream-pro-50ml\/#breadcrumb"},"inLanguage":"fi","potentialAction":[{"@type":"ReadAction","target":["https:\/\/idakorea.ee\/product\/medipeel-peptide-9-volume-tox-cream-pro-50ml\/"]}]},{"@type":"ImageObject","inLanguage":"fi","@id":"https:\/\/idakorea.ee\/product\/medipeel-peptide-9-volume-tox-cream-pro-50ml\/#primaryimage","url":"https:\/\/idakorea.ee\/wp-content\/uploads\/2025\/08\/medipeel-peptide-9-volume-tox-cream-pro-idakorea.jpg","contentUrl":"https:\/\/idakorea.ee\/wp-content\/uploads\/2025\/08\/medipeel-peptide-9-volume-tox-cream-pro-idakorea.jpg","width":1000,"height":1000},{"@type":"BreadcrumbList","@id":"https:\/\/idakorea.ee\/product\/medipeel-peptide-9-volume-tox-cream-pro-50ml\/#breadcrumb","itemListElement":[{"@type":"ListItem","position":1,"name":"\u0413\u043b\u0430\u0432\u043d\u0430\u044f \u0441\u0442\u0440\u0430\u043d\u0438\u0446\u0430","item":"https:\/\/idakorea.ee\/"},{"@type":"ListItem","position":2,"name":"Shop","item":"https:\/\/idakorea.ee\/shop-2\/"},{"@type":"ListItem","position":3,"name":"Noorendav peptiidide ja ektoiiniga kreem Medipeel+ Peptide 9 Volume Tox Cream PRO, 50ml"}]},{"@type":"WebSite","@id":"https:\/\/idakorea.ee\/#website","url":"https:\/\/idakorea.ee\/","name":"IDA.KOREA","description":"Korean kosmetiikan verkkokauppa","publisher":{"@id":"https:\/\/idakorea.ee\/#organization"},"alternateName":"Beauty Shop","potentialAction":[{"@type":"SearchAction","target":{"@type":"EntryPoint","urlTemplate":"https:\/\/idakorea.ee\/?s={search_term_string}"},"query-input":{"@type":"PropertyValueSpecification","valueRequired":true,"valueName":"search_term_string"}}],"inLanguage":"fi"},{"@type":"Organization","@id":"https:\/\/idakorea.ee\/#organization","name":"IDA.KOREA","url":"https:\/\/idakorea.ee\/","logo":{"@type":"ImageObject","inLanguage":"fi","@id":"https:\/\/idakorea.ee\/#\/schema\/logo\/image\/","url":"https:\/\/idakorea.ee\/wp-content\/uploads\/2024\/05\/cropped-korea3.png","contentUrl":"https:\/\/idakorea.ee\/wp-content\/uploads\/2024\/05\/cropped-korea3.png","width":688,"height":126,"caption":"IDA.KOREA"},"image":{"@id":"https:\/\/idakorea.ee\/#\/schema\/logo\/image\/"},"sameAs":["https:\/\/www.instagram.com\/ida.korea\/"]}]}},"jetpack_sharing_enabled":true,"brands":[{"id":107,"name":"MEDIPEEL+","slug":"medipeel"}],"_links":{"self":[{"href":"https:\/\/idakorea.ee\/fi\/wp-json\/wp\/v2\/product\/15679","targetHints":{"allow":["GET"]}}],"collection":[{"href":"https:\/\/idakorea.ee\/fi\/wp-json\/wp\/v2\/product"}],"about":[{"href":"https:\/\/idakorea.ee\/fi\/wp-json\/wp\/v2\/types\/product"}],"replies":[{"embeddable":true,"href":"https:\/\/idakorea.ee\/fi\/wp-json\/wp\/v2\/comments?post=15679"}],"version-history":[{"count":1,"href":"https:\/\/idakorea.ee\/fi\/wp-json\/wp\/v2\/product\/15679\/revisions"}],"predecessor-version":[{"id":15683,"href":"https:\/\/idakorea.ee\/fi\/wp-json\/wp\/v2\/product\/15679\/revisions\/15683"}],"wp:featuredmedia":[{"embeddable":true,"href":"https:\/\/idakorea.ee\/fi\/wp-json\/wp\/v2\/media\/15680"}],"wp:attachment":[{"href":"https:\/\/idakorea.ee\/fi\/wp-json\/wp\/v2\/media?parent=15679"}],"wp:term":[{"taxonomy":"pwb-brand","embeddable":true,"href":"https:\/\/idakorea.ee\/fi\/wp-json\/wp\/v2\/pwb-brand?post=15679"},{"taxonomy":"product_brand","embeddable":true,"href":"https:\/\/idakorea.ee\/fi\/wp-json\/wp\/v2\/product_brand?post=15679"},{"taxonomy":"product_cat","embeddable":true,"href":"https:\/\/idakorea.ee\/fi\/wp-json\/wp\/v2\/product_cat?post=15679"},{"taxonomy":"product_tag","embeddable":true,"href":"https:\/\/idakorea.ee\/fi\/wp-json\/wp\/v2\/product_tag?post=15679"}],"curies":[{"name":"wp","href":"https:\/\/api.w.org\/{rel}","templated":true}]}}