{"id":15687,"date":"2025-08-28T13:08:05","date_gmt":"2025-08-28T10:08:05","guid":{"rendered":"https:\/\/idakorea.ee\/?post_type=product&#038;p=15687"},"modified":"2026-04-07T11:04:23","modified_gmt":"2026-04-07T09:04:23","slug":"pyunkang-yul-acne-facial-cleanser-120ml","status":"publish","type":"product","link":"https:\/\/idakorea.ee\/fi\/product\/pyunkang-yul-acne-facial-cleanser-120ml\/","title":{"rendered":"Pyunkang Yul antibakteerinen vaahto akneen tarkoitettu kasvojenpuhdistusaine, 120ml"},"content":{"rendered":"<p data-start=\"43\" data-end=\"304\">Antibakteerinen vaahto <strong data-start=\"43\" data-end=\"102\">Pyunkang Yul Acne Facial Cleanser<\/strong> Poistaa lian, p\u00f6lyn, meikkij\u00e4\u00e4m\u00e4t ja hydrofiilisten tuotteiden j\u00e4\u00e4m\u00e4t ihon pinnalta. Sill\u00e4 on desinfioiva vaikutus, se nopeuttaa aknen paranemista ja normalisoi talirauhasten toimintaa.<\/p>\n<p data-start=\"306\" data-end=\"332\"><strong data-start=\"306\" data-end=\"330\">T\u00e4rkeimm\u00e4t vaikuttavat aineet:<\/strong><\/p>\n<ul data-start=\"333\" data-end=\"1144\">\n<li data-start=\"333\" data-end=\"452\">\n<p data-start=\"335\" data-end=\"452\"><strong data-start=\"335\" data-end=\"364\">Valkopajun kuoriuute<\/strong> \u2013 parantaa ihon s\u00e4vy\u00e4, lievitt\u00e4\u00e4 \u00e4rsytyst\u00e4, supistaa ihohuokosia ja s\u00e4\u00e4telee talin tuotantoa.<\/p>\n<\/li>\n<li data-start=\"453\" data-end=\"612\">\n<p data-start=\"455\" data-end=\"612\"><strong data-start=\"455\" data-end=\"470\">Kuparipeptidi<\/strong> \u2013 nopeuttaa paranemis- ja uudistumisprosesseja, tasoittaa ihon s\u00e4vy\u00e4. Parantaa solujen v\u00e4list\u00e4 aineenvaihduntaa ja edist\u00e4\u00e4 epidermiksen uusiutumista.<\/p>\n<\/li>\n<li data-start=\"613\" data-end=\"736\">\n<p data-start=\"615\" data-end=\"736\"><strong data-start=\"615\" data-end=\"640\">Tiikerililjauute<\/strong> \u2013 rauhoittaa ja virkist\u00e4\u00e4, virkist\u00e4\u00e4, kirkastaa hieman ja tasoittaa ihonv\u00e4ri\u00e4.<\/p>\n<\/li>\n<li data-start=\"737\" data-end=\"867\">\n<p data-start=\"739\" data-end=\"867\"><strong data-start=\"739\" data-end=\"762\">Rosmariiniuute<\/strong> \u2013 aktivoi epidermiksen solujen uudistumista, parantaa verenkiertoa ja nopeuttaa tulehduksen paranemista.<\/p>\n<\/li>\n<li data-start=\"868\" data-end=\"1018\">\n<p data-start=\"870\" data-end=\"1018\"><strong data-start=\"870\" data-end=\"891\">Lakritsiuute<\/strong> \u2013 v\u00e4hent\u00e4\u00e4 \u00e4rsytyksen ja turvotuksen merkkej\u00e4, rauhoittaa, stimuloi kollageenisynteesi\u00e4 ja auttaa v\u00e4hent\u00e4m\u00e4\u00e4n liiallista pigmentaatiota.<\/p>\n<\/li>\n<li data-start=\"1019\" data-end=\"1144\">\n<p data-start=\"1021\" data-end=\"1144\"><strong data-start=\"1021\" data-end=\"1043\">Forsythia-uute<\/strong> \u2013 sill\u00e4 on antibakteerisia ja antioksidanttisia vaikutuksia.<\/p>\n<\/li>\n<\/ul>\n<p data-start=\"1146\" data-end=\"1191\">Sopii sekaiholle ja rasvaiselle iholle.<\/p>\n<p data-start=\"1193\" data-end=\"1327\"><strong data-start=\"1193\" data-end=\"1208\">K\u00e4ytt\u00f6:<\/strong> Sekoita pieni m\u00e4\u00e4r\u00e4 tuotetta veteen ja vaahdota. Hiero vaahtoa hell\u00e4varaisesti ihoon py\u00f6rivin liikkein ja huuhtele l\u00e4mpim\u00e4ll\u00e4 vedell\u00e4.<\/p>","protected":false},"excerpt":{"rendered":"<p>Pyunkang Yul Acne Facial Cleanser -puhdistusaine on antibakteerinen vaahto, joka poistaa lian, p\u00f6lyn, meikin ja hydrofiilisten tuotteiden j\u00e4\u00e4m\u00e4t ihon pinnalta. Sill\u00e4 on desinfioiva vaikutus, se nopeuttaa aknen paranemista ja normalisoi talirauhasten toimintaa. T\u00e4rkeimm\u00e4t vaikuttavat aineosat: Valkoisen pajun kuoriuute \u2013 parantaa ihon s\u00e4vy\u00e4, lievitt\u00e4\u00e4 \u00e4rsytyst\u00e4, supistaa ihohuokosia ja s\u00e4\u00e4telee talirauhasten tuotantoa. Kuparipeptidi \u2013 nopeuttaa paranemis- ja uudistumisprosesseja, tasoittaa ihon s\u00e4vy\u00e4\u2026.<\/p>","protected":false},"featured_media":15688,"comment_status":"open","ping_status":"closed","template":"","meta":{"_uf_show_specific_survey":0,"_uf_disable_surveys":false,"_bst_post_transparent":"default","_bst_post_title":"","_bst_post_layout":"default","_bst_post_sidebar_id":"","_bst_post_content_style":"default","_bst_post_vertical_padding":"default","_bst_post_feature":"","_bst_post_feature_position":"","_bst_post_header":false,"_bst_post_footer":false},"pwb-brand":[474],"product_brand":[],"product_cat":[92,452],"product_tag":[847,449],"class_list":{"0":"post-15687","1":"product","2":"type-product","3":"status-publish","4":"has-post-thumbnail","6":"pwb-brand-pyunkang-yul","7":"product_cat-nagu","8":"product_cat-naopuhastusgeelid","9":"product_tag-acne","10":"product_tag-pore","12":"first","13":"instock","14":"sale","15":"shipping-taxable","16":"purchasable","17":"product-type-simple","18":"entry","19":"content-bg","20":"loop-entry"},"supplier_id":null,"supplier_sku":"","barcode":null,"atum_controlled":true,"out_stock_date":null,"out_stock_threshold":null,"inheritable":false,"inbound_stock":0,"stock_on_hold":0,"sold_today":0,"sales_last_days":1,"out_stock_days":0,"lost_sales":0,"has_location":false,"update_date":"2026-04-14T00:05:12","atum_locations":[],"atum_stock_status":"instock","restock_status":false,"low_stock_amount":"","sales_update_date":"2026-04-14T00:05:12","calc_backorders":null,"yoast_head":"<!-- This site is optimized with the Yoast SEO plugin v27.2 - https:\/\/yoast.com\/product\/yoast-seo-wordpress\/ -->\n<title>Pyunkang Yul Acne Facial Cleanser, 120ml - IDA.KOREA<\/title>\n<meta name=\"description\" content=\"Antibakteriaalne vaht puhastab poorid mustusest, meigij\u00e4\u00e4kidest ja liigsest rasust. Sisaldab paju koore, rosmariini ja lagritsa ekstrakte, v\u00e4hendavad aknet ja \u00fchtlustavad nahatooni.\" \/>\n<meta name=\"robots\" content=\"index, follow, max-snippet:-1, max-image-preview:large, max-video-preview:-1\" \/>\n<link rel=\"canonical\" href=\"https:\/\/idakorea.ee\/fi\/product\/pyunkang-yul-acne-facial-cleanser-120ml\/\" \/>\n<meta property=\"og:locale\" content=\"fi_FI\" \/>\n<meta property=\"og:type\" content=\"article\" \/>\n<meta property=\"og:title\" content=\"Pyunkang Yul Acne Facial Cleanser, 120ml - IDA.KOREA\" \/>\n<meta property=\"og:description\" content=\"Antibakteriaalne vaht puhastab poorid mustusest, meigij\u00e4\u00e4kidest ja liigsest rasust. Sisaldab paju koore, rosmariini ja lagritsa ekstrakte, v\u00e4hendavad aknet ja \u00fchtlustavad nahatooni.\" \/>\n<meta property=\"og:url\" content=\"https:\/\/idakorea.ee\/fi\/product\/pyunkang-yul-acne-facial-cleanser-120ml\/\" \/>\n<meta property=\"og:site_name\" content=\"IDA.KOREA\" \/>\n<meta property=\"article:modified_time\" content=\"2026-04-07T09:04:23+00:00\" \/>\n<meta property=\"og:image\" content=\"https:\/\/idakorea.ee\/wp-content\/uploads\/2025\/08\/pyunkang-yul-acne-facial-cleanser-idakorea.png\" \/>\n\t<meta property=\"og:image:width\" content=\"1000\" \/>\n\t<meta property=\"og:image:height\" content=\"1000\" \/>\n\t<meta property=\"og:image:type\" content=\"image\/png\" \/>\n<meta name=\"twitter:card\" content=\"summary_large_image\" \/>\n<meta name=\"twitter:label1\" content=\"Arvioitu lukuaika\" \/>\n\t<meta name=\"twitter:data1\" content=\"1 minuutti\" \/>\n<script type=\"application\/ld+json\" class=\"yoast-schema-graph\">{\"@context\":\"https:\/\/schema.org\",\"@graph\":[{\"@type\":\"WebPage\",\"@id\":\"https:\/\/idakorea.ee\/product\/pyunkang-yul-acne-facial-cleanser-120ml\/\",\"url\":\"https:\/\/idakorea.ee\/product\/pyunkang-yul-acne-facial-cleanser-120ml\/\",\"name\":\"Pyunkang Yul Acne Facial Cleanser, 120ml - IDA.KOREA\",\"isPartOf\":{\"@id\":\"https:\/\/idakorea.ee\/#website\"},\"primaryImageOfPage\":{\"@id\":\"https:\/\/idakorea.ee\/product\/pyunkang-yul-acne-facial-cleanser-120ml\/#primaryimage\"},\"image\":{\"@id\":\"https:\/\/idakorea.ee\/product\/pyunkang-yul-acne-facial-cleanser-120ml\/#primaryimage\"},\"thumbnailUrl\":\"https:\/\/idakorea.ee\/wp-content\/uploads\/2025\/08\/pyunkang-yul-acne-facial-cleanser-idakorea.png\",\"datePublished\":\"2025-08-28T10:08:05+00:00\",\"dateModified\":\"2026-04-07T09:04:23+00:00\",\"description\":\"Antibakteriaalne vaht puhastab poorid mustusest, meigij\u00e4\u00e4kidest ja liigsest rasust. Sisaldab paju koore, rosmariini ja lagritsa ekstrakte, v\u00e4hendavad aknet ja \u00fchtlustavad nahatooni.\",\"breadcrumb\":{\"@id\":\"https:\/\/idakorea.ee\/product\/pyunkang-yul-acne-facial-cleanser-120ml\/#breadcrumb\"},\"inLanguage\":\"fi\",\"potentialAction\":[{\"@type\":\"ReadAction\",\"target\":[\"https:\/\/idakorea.ee\/product\/pyunkang-yul-acne-facial-cleanser-120ml\/\"]}]},{\"@type\":\"ImageObject\",\"inLanguage\":\"fi\",\"@id\":\"https:\/\/idakorea.ee\/product\/pyunkang-yul-acne-facial-cleanser-120ml\/#primaryimage\",\"url\":\"https:\/\/idakorea.ee\/wp-content\/uploads\/2025\/08\/pyunkang-yul-acne-facial-cleanser-idakorea.png\",\"contentUrl\":\"https:\/\/idakorea.ee\/wp-content\/uploads\/2025\/08\/pyunkang-yul-acne-facial-cleanser-idakorea.png\",\"width\":1000,\"height\":1000},{\"@type\":\"BreadcrumbList\",\"@id\":\"https:\/\/idakorea.ee\/product\/pyunkang-yul-acne-facial-cleanser-120ml\/#breadcrumb\",\"itemListElement\":[{\"@type\":\"ListItem\",\"position\":1,\"name\":\"\u0413\u043b\u0430\u0432\u043d\u0430\u044f \u0441\u0442\u0440\u0430\u043d\u0438\u0446\u0430\",\"item\":\"https:\/\/idakorea.ee\/\"},{\"@type\":\"ListItem\",\"position\":2,\"name\":\"Shop\",\"item\":\"https:\/\/idakorea.ee\/shop-2\/\"},{\"@type\":\"ListItem\",\"position\":3,\"name\":\"Antibakteriaalne vaht Pyunkang Yul Acne Facial Cleanser, 120ml\"}]},{\"@type\":\"WebSite\",\"@id\":\"https:\/\/idakorea.ee\/#website\",\"url\":\"https:\/\/idakorea.ee\/\",\"name\":\"IDA.KOREA\",\"description\":\"Korea kosmeetika e-pood\",\"publisher\":{\"@id\":\"https:\/\/idakorea.ee\/#organization\"},\"alternateName\":\"Beauty Shop\",\"potentialAction\":[{\"@type\":\"SearchAction\",\"target\":{\"@type\":\"EntryPoint\",\"urlTemplate\":\"https:\/\/idakorea.ee\/?s={search_term_string}\"},\"query-input\":{\"@type\":\"PropertyValueSpecification\",\"valueRequired\":true,\"valueName\":\"search_term_string\"}}],\"inLanguage\":\"fi\"},{\"@type\":\"Organization\",\"@id\":\"https:\/\/idakorea.ee\/#organization\",\"name\":\"IDA.KOREA\",\"url\":\"https:\/\/idakorea.ee\/\",\"logo\":{\"@type\":\"ImageObject\",\"inLanguage\":\"fi\",\"@id\":\"https:\/\/idakorea.ee\/#\/schema\/logo\/image\/\",\"url\":\"https:\/\/idakorea.ee\/wp-content\/uploads\/2024\/05\/cropped-korea3.png\",\"contentUrl\":\"https:\/\/idakorea.ee\/wp-content\/uploads\/2024\/05\/cropped-korea3.png\",\"width\":688,\"height\":126,\"caption\":\"IDA.KOREA\"},\"image\":{\"@id\":\"https:\/\/idakorea.ee\/#\/schema\/logo\/image\/\"},\"sameAs\":[\"https:\/\/www.instagram.com\/ida.korea\/\"]}]}<\/script>\n<!-- \/ Yoast SEO plugin. -->","yoast_head_json":{"title":"Pyunkang Yul Akne-kasvojenpuhdistusaine, 120ml - IDA.KOREA","description":"Antibakteerinen vaahto puhdistaa ihohuokoset liasta, meikkij\u00e4\u00e4mist\u00e4 ja ylim\u00e4\u00e4r\u00e4isest\u00e4 rasvasta. Sis\u00e4lt\u00e4\u00e4 pajunkuorta, rosmariinia ja lakritsiuutetta, jotka v\u00e4hent\u00e4v\u00e4t aknea ja tasoittavat ihon s\u00e4vy\u00e4.","robots":{"index":"index","follow":"follow","max-snippet":"max-snippet:-1","max-image-preview":"max-image-preview:large","max-video-preview":"max-video-preview:-1"},"canonical":"https:\/\/idakorea.ee\/fi\/product\/pyunkang-yul-acne-facial-cleanser-120ml\/","og_locale":"fi_FI","og_type":"article","og_title":"Pyunkang Yul Acne Facial Cleanser, 120ml - IDA.KOREA","og_description":"Antibakteriaalne vaht puhastab poorid mustusest, meigij\u00e4\u00e4kidest ja liigsest rasust. Sisaldab paju koore, rosmariini ja lagritsa ekstrakte, v\u00e4hendavad aknet ja \u00fchtlustavad nahatooni.","og_url":"https:\/\/idakorea.ee\/fi\/product\/pyunkang-yul-acne-facial-cleanser-120ml\/","og_site_name":"IDA.KOREA","article_modified_time":"2026-04-07T09:04:23+00:00","og_image":[{"width":1000,"height":1000,"url":"https:\/\/idakorea.ee\/wp-content\/uploads\/2025\/08\/pyunkang-yul-acne-facial-cleanser-idakorea.png","type":"image\/png"}],"twitter_card":"summary_large_image","twitter_misc":{"Arvioitu lukuaika":"1 minuutti"},"schema":{"@context":"https:\/\/schema.org","@graph":[{"@type":"WebPage","@id":"https:\/\/idakorea.ee\/product\/pyunkang-yul-acne-facial-cleanser-120ml\/","url":"https:\/\/idakorea.ee\/product\/pyunkang-yul-acne-facial-cleanser-120ml\/","name":"Pyunkang Yul Akne-kasvojenpuhdistusaine, 120ml - IDA.KOREA","isPartOf":{"@id":"https:\/\/idakorea.ee\/#website"},"primaryImageOfPage":{"@id":"https:\/\/idakorea.ee\/product\/pyunkang-yul-acne-facial-cleanser-120ml\/#primaryimage"},"image":{"@id":"https:\/\/idakorea.ee\/product\/pyunkang-yul-acne-facial-cleanser-120ml\/#primaryimage"},"thumbnailUrl":"https:\/\/idakorea.ee\/wp-content\/uploads\/2025\/08\/pyunkang-yul-acne-facial-cleanser-idakorea.png","datePublished":"2025-08-28T10:08:05+00:00","dateModified":"2026-04-07T09:04:23+00:00","description":"Antibakteerinen vaahto puhdistaa ihohuokoset liasta, meikkij\u00e4\u00e4mist\u00e4 ja ylim\u00e4\u00e4r\u00e4isest\u00e4 rasvasta. Sis\u00e4lt\u00e4\u00e4 pajunkuorta, rosmariinia ja lakritsiuutetta, jotka v\u00e4hent\u00e4v\u00e4t aknea ja tasoittavat ihon s\u00e4vy\u00e4.","breadcrumb":{"@id":"https:\/\/idakorea.ee\/product\/pyunkang-yul-acne-facial-cleanser-120ml\/#breadcrumb"},"inLanguage":"fi","potentialAction":[{"@type":"ReadAction","target":["https:\/\/idakorea.ee\/product\/pyunkang-yul-acne-facial-cleanser-120ml\/"]}]},{"@type":"ImageObject","inLanguage":"fi","@id":"https:\/\/idakorea.ee\/product\/pyunkang-yul-acne-facial-cleanser-120ml\/#primaryimage","url":"https:\/\/idakorea.ee\/wp-content\/uploads\/2025\/08\/pyunkang-yul-acne-facial-cleanser-idakorea.png","contentUrl":"https:\/\/idakorea.ee\/wp-content\/uploads\/2025\/08\/pyunkang-yul-acne-facial-cleanser-idakorea.png","width":1000,"height":1000},{"@type":"BreadcrumbList","@id":"https:\/\/idakorea.ee\/product\/pyunkang-yul-acne-facial-cleanser-120ml\/#breadcrumb","itemListElement":[{"@type":"ListItem","position":1,"name":"\u0413\u043b\u0430\u0432\u043d\u0430\u044f \u0441\u0442\u0440\u0430\u043d\u0438\u0446\u0430","item":"https:\/\/idakorea.ee\/"},{"@type":"ListItem","position":2,"name":"Shop","item":"https:\/\/idakorea.ee\/shop-2\/"},{"@type":"ListItem","position":3,"name":"Antibakteriaalne vaht Pyunkang Yul Acne Facial Cleanser, 120ml"}]},{"@type":"WebSite","@id":"https:\/\/idakorea.ee\/#website","url":"https:\/\/idakorea.ee\/","name":"IDA.KOREA","description":"Korean kosmetiikan verkkokauppa","publisher":{"@id":"https:\/\/idakorea.ee\/#organization"},"alternateName":"Beauty Shop","potentialAction":[{"@type":"SearchAction","target":{"@type":"EntryPoint","urlTemplate":"https:\/\/idakorea.ee\/?s={search_term_string}"},"query-input":{"@type":"PropertyValueSpecification","valueRequired":true,"valueName":"search_term_string"}}],"inLanguage":"fi"},{"@type":"Organization","@id":"https:\/\/idakorea.ee\/#organization","name":"IDA.KOREA","url":"https:\/\/idakorea.ee\/","logo":{"@type":"ImageObject","inLanguage":"fi","@id":"https:\/\/idakorea.ee\/#\/schema\/logo\/image\/","url":"https:\/\/idakorea.ee\/wp-content\/uploads\/2024\/05\/cropped-korea3.png","contentUrl":"https:\/\/idakorea.ee\/wp-content\/uploads\/2024\/05\/cropped-korea3.png","width":688,"height":126,"caption":"IDA.KOREA"},"image":{"@id":"https:\/\/idakorea.ee\/#\/schema\/logo\/image\/"},"sameAs":["https:\/\/www.instagram.com\/ida.korea\/"]}]}},"jetpack_sharing_enabled":true,"brands":[{"id":474,"name":"PYUNKANG YUL","slug":"pyunkang-yul"}],"_links":{"self":[{"href":"https:\/\/idakorea.ee\/fi\/wp-json\/wp\/v2\/product\/15687","targetHints":{"allow":["GET"]}}],"collection":[{"href":"https:\/\/idakorea.ee\/fi\/wp-json\/wp\/v2\/product"}],"about":[{"href":"https:\/\/idakorea.ee\/fi\/wp-json\/wp\/v2\/types\/product"}],"replies":[{"embeddable":true,"href":"https:\/\/idakorea.ee\/fi\/wp-json\/wp\/v2\/comments?post=15687"}],"version-history":[{"count":1,"href":"https:\/\/idakorea.ee\/fi\/wp-json\/wp\/v2\/product\/15687\/revisions"}],"predecessor-version":[{"id":15690,"href":"https:\/\/idakorea.ee\/fi\/wp-json\/wp\/v2\/product\/15687\/revisions\/15690"}],"wp:featuredmedia":[{"embeddable":true,"href":"https:\/\/idakorea.ee\/fi\/wp-json\/wp\/v2\/media\/15688"}],"wp:attachment":[{"href":"https:\/\/idakorea.ee\/fi\/wp-json\/wp\/v2\/media?parent=15687"}],"wp:term":[{"taxonomy":"pwb-brand","embeddable":true,"href":"https:\/\/idakorea.ee\/fi\/wp-json\/wp\/v2\/pwb-brand?post=15687"},{"taxonomy":"product_brand","embeddable":true,"href":"https:\/\/idakorea.ee\/fi\/wp-json\/wp\/v2\/product_brand?post=15687"},{"taxonomy":"product_cat","embeddable":true,"href":"https:\/\/idakorea.ee\/fi\/wp-json\/wp\/v2\/product_cat?post=15687"},{"taxonomy":"product_tag","embeddable":true,"href":"https:\/\/idakorea.ee\/fi\/wp-json\/wp\/v2\/product_tag?post=15687"}],"curies":[{"name":"wp","href":"https:\/\/api.w.org\/{rel}","templated":true}]}}