{"id":15697,"date":"2025-08-29T17:40:36","date_gmt":"2025-08-29T14:40:36","guid":{"rendered":"https:\/\/idakorea.ee\/?post_type=product&#038;p=15697"},"modified":"2026-01-29T16:21:31","modified_gmt":"2026-01-29T14:21:31","slug":"iunik-centella-calming-gel-cream-60ml","status":"publish","type":"product","link":"https:\/\/idakorea.ee\/fi\/product\/iunik-centella-calming-gel-cream-60ml\/","title":{"rendered":"iUnik Centella Calming Gel Cream, 60ml"},"content":{"rendered":"<p data-start=\"43\" data-end=\"277\">Rauhoittava geelivoide, jossa on centellaa <strong data-start=\"43\" data-end=\"110\">iUnik Centella Calming Gel Cream<\/strong> Sopii ruusufinnin kanssa kamppailevalle iholle, vahvistaa kapillaarien sein\u00e4mi\u00e4 ja v\u00e4hent\u00e4\u00e4 h\u00e4m\u00e4h\u00e4kkisuonten n\u00e4kyvyytt\u00e4.<\/p>\n<p data-start=\"279\" data-end=\"478\">Voiteen p\u00e4\u00e4osa on 68.5% aasialaista centellavett\u00e4 ja 10% teepuuvett\u00e4 \u2013 t\u00e4ll\u00e4 yhdistelm\u00e4ll\u00e4 on tulehdusta est\u00e4v\u00e4 vaikutus, se stimuloi ihon uusiutumista, lievitt\u00e4\u00e4 kutinaa ja punoitusta sek\u00e4 kosteuttaa.<\/p>\n<p data-start=\"480\" data-end=\"627\">Kevyt ja kosteuttava geelivoide ei ole raskas iholla, imeytyy nopeasti eik\u00e4 j\u00e4t\u00e4 tahmeaa tai rasvaista kiiltoa. Se sopii my\u00f6s t\u00e4ydellisesti meikinpohjustukseksi.<\/p>\n<p data-start=\"629\" data-end=\"655\"><strong data-start=\"629\" data-end=\"653\">T\u00e4rkeimm\u00e4t vaikuttavat aineet:<\/strong><\/p>\n<ul data-start=\"656\" data-end=\"1699\">\n<li data-start=\"656\" data-end=\"880\">\n<p data-start=\"658\" data-end=\"880\"><strong data-start=\"658\" data-end=\"681\">Aasialainen lumpeen<\/strong> \u2013 sill\u00e4 on tulehdusta est\u00e4vi\u00e4 ja haavaumia parantavia vaikutuksia, se auttaa palauttamaan ihon suojamuuritoiminnon ja s\u00e4ilytt\u00e4m\u00e4\u00e4n kosteuden, v\u00e4hent\u00e4\u00e4 herkkyytt\u00e4 ja turvotusta, vahvistaa verisuonia ja v\u00e4hent\u00e4\u00e4 ruusufinnin n\u00e4kyvyytt\u00e4.<\/p>\n<\/li>\n<li data-start=\"881\" data-end=\"1050\">\n<p data-start=\"883\" data-end=\"1050\"><strong data-start=\"883\" data-end=\"898\">Teepuuvesi<\/strong> \u2013 rauhoittaa ja sill\u00e4 on antiseptinen vaikutus, s\u00e4\u00e4telee talirauhasten erityst\u00e4, palauttaa hydrolipiditasapainon, auttaa tulehduksiin, akneen ja muihin ihon ep\u00e4tasaisuuksiin.<\/p>\n<\/li>\n<li data-start=\"1051\" data-end=\"1303\">\n<p data-start=\"1053\" data-end=\"1303\"><strong data-start=\"1053\" data-end=\"1074\">Parsakaaliuute<\/strong> \u2013 tehokas v\u00e4syneen, samean ja tulehtuneen ihon hoitoon. Sill\u00e4 on hell\u00e4varainen valkaiseva, antioksidanttinen, tulehdusta ehk\u00e4isev\u00e4, supistava ja virkist\u00e4v\u00e4 vaikutus. Suojaa soluja UV-vaurioilta ja lievitt\u00e4\u00e4 \u00e4rsytyst\u00e4.<\/p>\n<\/li>\n<li data-start=\"1304\" data-end=\"1472\">\n<p data-start=\"1306\" data-end=\"1472\"><strong data-start=\"1306\" data-end=\"1324\">Kaaliuute<\/strong> \u2013 sopii ik\u00e4\u00e4ntyv\u00e4n ihon hoitoon, lievitt\u00e4\u00e4 tulehdusta ja \u00e4rsytyst\u00e4, vaalentaa ik\u00e4\u00e4n liittyvi\u00e4 pigmenttil\u00e4iski\u00e4, tasoittaa ihon s\u00e4vy\u00e4 ja parantaa ihonv\u00e4ri\u00e4.<\/p>\n<\/li>\n<li data-start=\"1473\" data-end=\"1699\">\n<p data-start=\"1475\" data-end=\"1699\"><strong data-start=\"1475\" data-end=\"1496\">Alfalfa-uute<\/strong> \u2013 virkist\u00e4v\u00e4 vaikutus. Alfalfan lehdet sis\u00e4lt\u00e4v\u00e4t paljon vitamiineja (A, C, K, E), proteiineja sek\u00e4 alkaloideja ja saponiineja, joilla on vitaminoiva, yleist\u00e4 vahvistava, bakteereja tappava ja tulehdusta est\u00e4v\u00e4 vaikutus.<\/p>\n<\/li>\n<\/ul>\n<p data-start=\"1701\" data-end=\"1752\">Suositellaan herk\u00e4lle, rasvaiselle ja ongelmalliselle iholle.<\/p>\n<p data-start=\"1754\" data-end=\"1830\"><strong data-start=\"1754\" data-end=\"1769\">K\u00e4ytt\u00f6:<\/strong> Levit\u00e4 tarvittava m\u00e4\u00e4r\u00e4 voidetta ihonhoitorutiinisi viimeisess\u00e4 vaiheessa.<\/p>","protected":false},"excerpt":{"rendered":"<p>Rauhoittava geelivoide, jossa on rohtosammaa iUnik Centella Calming Gel Cream sopii ruusufinnin kanssa kamppailevalle iholle, vahvistaa kapillaarien sein\u00e4mi\u00e4 ja v\u00e4hent\u00e4\u00e4 h\u00e4m\u00e4h\u00e4kkisuonten n\u00e4kyvyytt\u00e4. Voiteen p\u00e4\u00e4osa on 68,5% aasialaista rohtosammavett\u00e4 ja 10% teepuuvett\u00e4 - t\u00e4ll\u00e4 yhdistelm\u00e4ll\u00e4 on tulehdusta est\u00e4v\u00e4 vaikutus, se stimuloi ihon uusiutumista, lievitt\u00e4\u00e4 kutinaa ja punoitusta sek\u00e4 kosteuttaa. Kevyt kosteuttava geelivoide ei tunnu raskaalta iholla, imeytyy nopeasti eik\u00e4...<\/p>","protected":false},"featured_media":15698,"comment_status":"open","ping_status":"closed","template":"","meta":{"_uf_show_specific_survey":0,"_uf_disable_surveys":false,"_bst_post_transparent":"default","_bst_post_title":"","_bst_post_layout":"default","_bst_post_sidebar_id":"","_bst_post_content_style":"default","_bst_post_vertical_padding":"default","_bst_post_feature":"","_bst_post_feature_position":"","_bst_post_header":false,"_bst_post_footer":false},"pwb-brand":[486],"product_brand":[],"product_cat":[92,96],"product_tag":[546,439],"class_list":{"0":"post-15697","1":"product","2":"type-product","3":"status-publish","4":"has-post-thumbnail","6":"pwb-brand-iunik","7":"product_cat-nagu","8":"product_cat-naokreemid","9":"product_tag-centella","10":"product_tag-rahustav","12":"first","13":"instock","14":"sale","15":"shipping-taxable","16":"purchasable","17":"product-type-simple","18":"entry","19":"content-bg","20":"loop-entry"},"supplier_id":null,"supplier_sku":"","barcode":null,"atum_controlled":true,"out_stock_date":null,"out_stock_threshold":null,"inheritable":false,"inbound_stock":0,"stock_on_hold":0,"sold_today":0,"sales_last_days":0,"out_stock_days":0,"lost_sales":0,"has_location":false,"update_date":"2026-04-14T00:05:08","atum_locations":[],"atum_stock_status":"instock","restock_status":false,"low_stock_amount":"","sales_update_date":"2026-04-14T00:05:08","calc_backorders":null,"yoast_head":"<!-- This site is optimized with the Yoast SEO plugin v27.2 - https:\/\/yoast.com\/product\/yoast-seo-wordpress\/ -->\n<title>iUnik Centella Calming Gel Cream, 60ml - IDA.KOREA<\/title>\n<meta name=\"description\" content=\"Rahustav geelkreem iUnik Centella Calming Gel Cream leevendab \u00e4rritust ja s\u00fcgelust, v\u00e4hendab punetust, tugevdab kapillaare ja taastab naha elastsuse.\" \/>\n<meta name=\"robots\" content=\"index, follow, max-snippet:-1, max-image-preview:large, max-video-preview:-1\" \/>\n<link rel=\"canonical\" href=\"https:\/\/idakorea.ee\/fi\/product\/iunik-centella-calming-gel-cream-60ml\/\" \/>\n<meta property=\"og:locale\" content=\"fi_FI\" \/>\n<meta property=\"og:type\" content=\"article\" \/>\n<meta property=\"og:title\" content=\"iUnik Centella Calming Gel Cream, 60ml - IDA.KOREA\" \/>\n<meta property=\"og:description\" content=\"Rahustav geelkreem iUnik Centella Calming Gel Cream leevendab \u00e4rritust ja s\u00fcgelust, v\u00e4hendab punetust, tugevdab kapillaare ja taastab naha elastsuse.\" \/>\n<meta property=\"og:url\" content=\"https:\/\/idakorea.ee\/fi\/product\/iunik-centella-calming-gel-cream-60ml\/\" \/>\n<meta property=\"og:site_name\" content=\"IDA.KOREA\" \/>\n<meta property=\"article:modified_time\" content=\"2026-01-29T14:21:31+00:00\" \/>\n<meta property=\"og:image\" content=\"https:\/\/idakorea.ee\/wp-content\/uploads\/2025\/08\/iunik-centella-calming-gel-cream-idakorea.jpg\" \/>\n\t<meta property=\"og:image:width\" content=\"1344\" \/>\n\t<meta property=\"og:image:height\" content=\"1344\" \/>\n\t<meta property=\"og:image:type\" content=\"image\/jpeg\" \/>\n<meta name=\"twitter:card\" content=\"summary_large_image\" \/>\n<meta name=\"twitter:label1\" content=\"Arvioitu lukuaika\" \/>\n\t<meta name=\"twitter:data1\" content=\"2 minuuttia\" \/>\n<script type=\"application\/ld+json\" class=\"yoast-schema-graph\">{\"@context\":\"https:\/\/schema.org\",\"@graph\":[{\"@type\":\"WebPage\",\"@id\":\"https:\/\/idakorea.ee\/product\/iunik-centella-calming-gel-cream-60ml\/\",\"url\":\"https:\/\/idakorea.ee\/product\/iunik-centella-calming-gel-cream-60ml\/\",\"name\":\"iUnik Centella Calming Gel Cream, 60ml - IDA.KOREA\",\"isPartOf\":{\"@id\":\"https:\/\/idakorea.ee\/#website\"},\"primaryImageOfPage\":{\"@id\":\"https:\/\/idakorea.ee\/product\/iunik-centella-calming-gel-cream-60ml\/#primaryimage\"},\"image\":{\"@id\":\"https:\/\/idakorea.ee\/product\/iunik-centella-calming-gel-cream-60ml\/#primaryimage\"},\"thumbnailUrl\":\"https:\/\/idakorea.ee\/wp-content\/uploads\/2025\/08\/iunik-centella-calming-gel-cream-idakorea.jpg\",\"datePublished\":\"2025-08-29T14:40:36+00:00\",\"dateModified\":\"2026-01-29T14:21:31+00:00\",\"description\":\"Rahustav geelkreem iUnik Centella Calming Gel Cream leevendab \u00e4rritust ja s\u00fcgelust, v\u00e4hendab punetust, tugevdab kapillaare ja taastab naha elastsuse.\",\"breadcrumb\":{\"@id\":\"https:\/\/idakorea.ee\/product\/iunik-centella-calming-gel-cream-60ml\/#breadcrumb\"},\"inLanguage\":\"fi\",\"potentialAction\":[{\"@type\":\"ReadAction\",\"target\":[\"https:\/\/idakorea.ee\/product\/iunik-centella-calming-gel-cream-60ml\/\"]}]},{\"@type\":\"ImageObject\",\"inLanguage\":\"fi\",\"@id\":\"https:\/\/idakorea.ee\/product\/iunik-centella-calming-gel-cream-60ml\/#primaryimage\",\"url\":\"https:\/\/idakorea.ee\/wp-content\/uploads\/2025\/08\/iunik-centella-calming-gel-cream-idakorea.jpg\",\"contentUrl\":\"https:\/\/idakorea.ee\/wp-content\/uploads\/2025\/08\/iunik-centella-calming-gel-cream-idakorea.jpg\",\"width\":1344,\"height\":1344},{\"@type\":\"BreadcrumbList\",\"@id\":\"https:\/\/idakorea.ee\/product\/iunik-centella-calming-gel-cream-60ml\/#breadcrumb\",\"itemListElement\":[{\"@type\":\"ListItem\",\"position\":1,\"name\":\"\u0413\u043b\u0430\u0432\u043d\u0430\u044f \u0441\u0442\u0440\u0430\u043d\u0438\u0446\u0430\",\"item\":\"https:\/\/idakorea.ee\/\"},{\"@type\":\"ListItem\",\"position\":2,\"name\":\"Shop\",\"item\":\"https:\/\/idakorea.ee\/shop-2\/\"},{\"@type\":\"ListItem\",\"position\":3,\"name\":\"Rahustav geelkreem tsentellaga iUnik Centella Calming Gel Cream, 60ml\"}]},{\"@type\":\"WebSite\",\"@id\":\"https:\/\/idakorea.ee\/#website\",\"url\":\"https:\/\/idakorea.ee\/\",\"name\":\"IDA.KOREA\",\"description\":\"Korea kosmeetika e-pood\",\"publisher\":{\"@id\":\"https:\/\/idakorea.ee\/#organization\"},\"alternateName\":\"Beauty Shop\",\"potentialAction\":[{\"@type\":\"SearchAction\",\"target\":{\"@type\":\"EntryPoint\",\"urlTemplate\":\"https:\/\/idakorea.ee\/?s={search_term_string}\"},\"query-input\":{\"@type\":\"PropertyValueSpecification\",\"valueRequired\":true,\"valueName\":\"search_term_string\"}}],\"inLanguage\":\"fi\"},{\"@type\":\"Organization\",\"@id\":\"https:\/\/idakorea.ee\/#organization\",\"name\":\"IDA.KOREA\",\"url\":\"https:\/\/idakorea.ee\/\",\"logo\":{\"@type\":\"ImageObject\",\"inLanguage\":\"fi\",\"@id\":\"https:\/\/idakorea.ee\/#\/schema\/logo\/image\/\",\"url\":\"https:\/\/idakorea.ee\/wp-content\/uploads\/2024\/05\/cropped-korea3.png\",\"contentUrl\":\"https:\/\/idakorea.ee\/wp-content\/uploads\/2024\/05\/cropped-korea3.png\",\"width\":688,\"height\":126,\"caption\":\"IDA.KOREA\"},\"image\":{\"@id\":\"https:\/\/idakorea.ee\/#\/schema\/logo\/image\/\"},\"sameAs\":[\"https:\/\/www.instagram.com\/ida.korea\/\"]}]}<\/script>\n<!-- \/ Yoast SEO plugin. -->","yoast_head_json":{"title":"iUnik Centella Calming Gel Cream, 60ml - IDA.KOREA","description":"iUnik Centella Calming Gel Cream rauhoittaa \u00e4rsytyst\u00e4 ja kutinaa, v\u00e4hent\u00e4\u00e4 punoitusta, vahvistaa hiussuonia ja palauttaa ihon kimmoisuuden.","robots":{"index":"index","follow":"follow","max-snippet":"max-snippet:-1","max-image-preview":"max-image-preview:large","max-video-preview":"max-video-preview:-1"},"canonical":"https:\/\/idakorea.ee\/fi\/product\/iunik-centella-calming-gel-cream-60ml\/","og_locale":"fi_FI","og_type":"article","og_title":"iUnik Centella Calming Gel Cream, 60ml - IDA.KOREA","og_description":"Rahustav geelkreem iUnik Centella Calming Gel Cream leevendab \u00e4rritust ja s\u00fcgelust, v\u00e4hendab punetust, tugevdab kapillaare ja taastab naha elastsuse.","og_url":"https:\/\/idakorea.ee\/fi\/product\/iunik-centella-calming-gel-cream-60ml\/","og_site_name":"IDA.KOREA","article_modified_time":"2026-01-29T14:21:31+00:00","og_image":[{"width":1344,"height":1344,"url":"https:\/\/idakorea.ee\/wp-content\/uploads\/2025\/08\/iunik-centella-calming-gel-cream-idakorea.jpg","type":"image\/jpeg"}],"twitter_card":"summary_large_image","twitter_misc":{"Arvioitu lukuaika":"2 minuuttia"},"schema":{"@context":"https:\/\/schema.org","@graph":[{"@type":"WebPage","@id":"https:\/\/idakorea.ee\/product\/iunik-centella-calming-gel-cream-60ml\/","url":"https:\/\/idakorea.ee\/product\/iunik-centella-calming-gel-cream-60ml\/","name":"iUnik Centella Calming Gel Cream, 60ml - IDA.KOREA","isPartOf":{"@id":"https:\/\/idakorea.ee\/#website"},"primaryImageOfPage":{"@id":"https:\/\/idakorea.ee\/product\/iunik-centella-calming-gel-cream-60ml\/#primaryimage"},"image":{"@id":"https:\/\/idakorea.ee\/product\/iunik-centella-calming-gel-cream-60ml\/#primaryimage"},"thumbnailUrl":"https:\/\/idakorea.ee\/wp-content\/uploads\/2025\/08\/iunik-centella-calming-gel-cream-idakorea.jpg","datePublished":"2025-08-29T14:40:36+00:00","dateModified":"2026-01-29T14:21:31+00:00","description":"iUnik Centella Calming Gel Cream rauhoittaa \u00e4rsytyst\u00e4 ja kutinaa, v\u00e4hent\u00e4\u00e4 punoitusta, vahvistaa hiussuonia ja palauttaa ihon kimmoisuuden.","breadcrumb":{"@id":"https:\/\/idakorea.ee\/product\/iunik-centella-calming-gel-cream-60ml\/#breadcrumb"},"inLanguage":"fi","potentialAction":[{"@type":"ReadAction","target":["https:\/\/idakorea.ee\/product\/iunik-centella-calming-gel-cream-60ml\/"]}]},{"@type":"ImageObject","inLanguage":"fi","@id":"https:\/\/idakorea.ee\/product\/iunik-centella-calming-gel-cream-60ml\/#primaryimage","url":"https:\/\/idakorea.ee\/wp-content\/uploads\/2025\/08\/iunik-centella-calming-gel-cream-idakorea.jpg","contentUrl":"https:\/\/idakorea.ee\/wp-content\/uploads\/2025\/08\/iunik-centella-calming-gel-cream-idakorea.jpg","width":1344,"height":1344},{"@type":"BreadcrumbList","@id":"https:\/\/idakorea.ee\/product\/iunik-centella-calming-gel-cream-60ml\/#breadcrumb","itemListElement":[{"@type":"ListItem","position":1,"name":"\u0413\u043b\u0430\u0432\u043d\u0430\u044f \u0441\u0442\u0440\u0430\u043d\u0438\u0446\u0430","item":"https:\/\/idakorea.ee\/"},{"@type":"ListItem","position":2,"name":"Shop","item":"https:\/\/idakorea.ee\/shop-2\/"},{"@type":"ListItem","position":3,"name":"Rahustav geelkreem tsentellaga iUnik Centella Calming Gel Cream, 60ml"}]},{"@type":"WebSite","@id":"https:\/\/idakorea.ee\/#website","url":"https:\/\/idakorea.ee\/","name":"IDA.KOREA","description":"Korean kosmetiikan verkkokauppa","publisher":{"@id":"https:\/\/idakorea.ee\/#organization"},"alternateName":"Beauty Shop","potentialAction":[{"@type":"SearchAction","target":{"@type":"EntryPoint","urlTemplate":"https:\/\/idakorea.ee\/?s={search_term_string}"},"query-input":{"@type":"PropertyValueSpecification","valueRequired":true,"valueName":"search_term_string"}}],"inLanguage":"fi"},{"@type":"Organization","@id":"https:\/\/idakorea.ee\/#organization","name":"IDA.KOREA","url":"https:\/\/idakorea.ee\/","logo":{"@type":"ImageObject","inLanguage":"fi","@id":"https:\/\/idakorea.ee\/#\/schema\/logo\/image\/","url":"https:\/\/idakorea.ee\/wp-content\/uploads\/2024\/05\/cropped-korea3.png","contentUrl":"https:\/\/idakorea.ee\/wp-content\/uploads\/2024\/05\/cropped-korea3.png","width":688,"height":126,"caption":"IDA.KOREA"},"image":{"@id":"https:\/\/idakorea.ee\/#\/schema\/logo\/image\/"},"sameAs":["https:\/\/www.instagram.com\/ida.korea\/"]}]}},"jetpack_sharing_enabled":true,"brands":[{"id":486,"name":"IUNIK","slug":"iunik"}],"_links":{"self":[{"href":"https:\/\/idakorea.ee\/fi\/wp-json\/wp\/v2\/product\/15697","targetHints":{"allow":["GET"]}}],"collection":[{"href":"https:\/\/idakorea.ee\/fi\/wp-json\/wp\/v2\/product"}],"about":[{"href":"https:\/\/idakorea.ee\/fi\/wp-json\/wp\/v2\/types\/product"}],"replies":[{"embeddable":true,"href":"https:\/\/idakorea.ee\/fi\/wp-json\/wp\/v2\/comments?post=15697"}],"version-history":[{"count":1,"href":"https:\/\/idakorea.ee\/fi\/wp-json\/wp\/v2\/product\/15697\/revisions"}],"predecessor-version":[{"id":15700,"href":"https:\/\/idakorea.ee\/fi\/wp-json\/wp\/v2\/product\/15697\/revisions\/15700"}],"wp:featuredmedia":[{"embeddable":true,"href":"https:\/\/idakorea.ee\/fi\/wp-json\/wp\/v2\/media\/15698"}],"wp:attachment":[{"href":"https:\/\/idakorea.ee\/fi\/wp-json\/wp\/v2\/media?parent=15697"}],"wp:term":[{"taxonomy":"pwb-brand","embeddable":true,"href":"https:\/\/idakorea.ee\/fi\/wp-json\/wp\/v2\/pwb-brand?post=15697"},{"taxonomy":"product_brand","embeddable":true,"href":"https:\/\/idakorea.ee\/fi\/wp-json\/wp\/v2\/product_brand?post=15697"},{"taxonomy":"product_cat","embeddable":true,"href":"https:\/\/idakorea.ee\/fi\/wp-json\/wp\/v2\/product_cat?post=15697"},{"taxonomy":"product_tag","embeddable":true,"href":"https:\/\/idakorea.ee\/fi\/wp-json\/wp\/v2\/product_tag?post=15697"}],"curies":[{"name":"wp","href":"https:\/\/api.w.org\/{rel}","templated":true}]}}