{"id":15719,"date":"2025-09-02T15:17:15","date_gmt":"2025-09-02T12:17:15","guid":{"rendered":"https:\/\/idakorea.ee\/?post_type=product&#038;p=15719"},"modified":"2026-04-04T13:41:08","modified_gmt":"2026-04-04T11:41:08","slug":"celimax-dual-barrier-skin-wearable-cream-50ml","status":"publish","type":"product","link":"https:\/\/idakorea.ee\/fi\/product\/celimax-dual-barrier-skin-wearable-cream-50ml\/","title":{"rendered":"Celimax Dual Barrier Skin Wearable Cream, 50ml"},"content":{"rendered":"<p data-start=\"43\" data-end=\"254\"><strong data-start=\"43\" data-end=\"87\">Celimax Dual Barrier Skin Wearable Cream<\/strong> Kosteuttaa ja palauttaa ohuen ja herkk\u00e4\u00e4 ihoa: voide rauhoittaa, pehment\u00e4\u00e4, poistaa kuivuutta ja hilseily\u00e4, supistaa ihohuokosia ja poistaa kirist\u00e4v\u00e4n tunteen kasvojen puhdistuksen j\u00e4lkeen.<\/p>\n<p data-start=\"256\" data-end=\"499\">Kun ihon luonnollinen suojakerros heikkenee, kosteus haihtuu nopeasti, iho alkaa hilseill\u00e4 ja tuntuu kire\u00e4lt\u00e4. T\u00e4m\u00e4 tuote palauttaa hydrolipidisen suojakerroksen, s\u00e4ilytt\u00e4\u00e4 kosteuden soluissa, lievitt\u00e4\u00e4 \u00e4rsytyst\u00e4 ja suojaa kuivumiselta.<\/p>\n<p data-start=\"501\" data-end=\"582\">Hypoallergeeninen tuote imeytyy t\u00e4ydellisesti eik\u00e4 sis\u00e4ll\u00e4 keinotekoisia hajusteita.<\/p>\n<p data-start=\"584\" data-end=\"598\"><strong data-start=\"584\" data-end=\"596\">Ainesosat:<\/strong><\/p>\n<ul data-start=\"599\" data-end=\"1741\">\n<li data-start=\"599\" data-end=\"823\">\n<p data-start=\"601\" data-end=\"823\"><strong data-start=\"601\" data-end=\"628\">Yhdistelm\u00e4, jossa on 5 keramidia<\/strong> \u2013 lipidit, jotka ovat samanlaisia kuin ihon omat lipidit, integroituvat suojakerrokseen ja vahvistavat sit\u00e4, v\u00e4hent\u00e4en ihon reagointikyky\u00e4 ulkoisiin \u00e4rsykkeisiin (l\u00e4mp\u00f6tilan muutokset, tuuli, kylmyys).<\/p>\n<\/li>\n<li data-start=\"824\" data-end=\"1174\">\n<p data-start=\"826\" data-end=\"1174\"><strong data-start=\"826\" data-end=\"901\">Ainutlaatuinen peptidi Aquatide (heptanatriumheksakarboksimetyylidipeptidi-12)<\/strong> \u2013 kiihdytt\u00e4\u00e4 autofagiaa, prosessia, jossa kuolleet ihosolupartikkelit muuttuvat hy\u00f6dyllisiksi aineiksi (kollageeni, elastiini, hyaluronihappo). Aquatide lis\u00e4\u00e4 ihon luonnollista kosteustekij\u00e4\u00e4 (NMF), sill\u00e4 on ik\u00e4\u00e4ntymist\u00e4 ehk\u00e4isevi\u00e4 vaikutuksia ja se toimii hyvin yhdess\u00e4 keramidien kanssa.<\/p>\n<\/li>\n<li data-start=\"1175\" data-end=\"1281\">\n<p data-start=\"1177\" data-end=\"1281\"><strong data-start=\"1177\" data-end=\"1204\">Pantenoli (B5-vitamiini)<\/strong> \u2013 edist\u00e4\u00e4 paranemista ja toipumista, v\u00e4hent\u00e4\u00e4 punoitusta ja s\u00e4ilytt\u00e4\u00e4 kosteuden.<\/p>\n<\/li>\n<li data-start=\"1282\" data-end=\"1405\">\n<p data-start=\"1284\" data-end=\"1405\"><strong data-start=\"1284\" data-end=\"1298\">Allantoiin<\/strong> \u2013 suojaa soluja vapailta radikaaleilta, rauhoittaa, nopeuttaa palautumista ja tekee ihosta v\u00e4hemm\u00e4n herk\u00e4n.<\/p>\n<\/li>\n<li data-start=\"1406\" data-end=\"1547\">\n<p data-start=\"1408\" data-end=\"1547\"><strong data-start=\"1408\" data-end=\"1426\">Fytosfingosiini<\/strong> \u2013 fosfolipidi, jolla on antibakteerisia ja tulehdusta ehk\u00e4isevi\u00e4 ominaisuuksia, nopeuttaa paranemista ja hidastaa ik\u00e4\u00e4ntymisprosessia.<\/p>\n<\/li>\n<li data-start=\"1548\" data-end=\"1614\">\n<p data-start=\"1550\" data-end=\"1614\"><strong data-start=\"1550\" data-end=\"1563\">Oliivi\u00f6ljy<\/strong> \u2013 ravitsee, pehment\u00e4\u00e4 ja silottaa, poistaa kuivuutta.<\/p>\n<\/li>\n<li data-start=\"1615\" data-end=\"1741\">\n<p data-start=\"1617\" data-end=\"1741\"><strong data-start=\"1617\" data-end=\"1640\">Natriumhyaluronaatti<\/strong> \u2013 pienimolekyylipainoinen hyaluronihappo kosteuttaa, pehment\u00e4\u00e4, parantaa ihon kimmoisuutta ja yll\u00e4pit\u00e4\u00e4 sen sileytt\u00e4.<\/p>\n<\/li>\n<\/ul>\n<p data-start=\"1743\" data-end=\"1797\">Sopii kuivalle, kosteusk\u00f6yh\u00e4lle ja herk\u00e4lle iholle.<\/p>\n<p data-start=\"1799\" data-end=\"1864\"><strong data-start=\"1799\" data-end=\"1814\">K\u00e4ytt\u00f6:<\/strong> Levit\u00e4 voide kasvoillesi puhdistuksen ja kasvoveden j\u00e4lkeen.<\/p>","protected":false},"excerpt":{"rendered":"<p>Celimax Dual Barrier Skin Wearable Cream kosteuttaa ja palauttaa ohuen ja herkk\u00e4\u00e4 ihoa: voide rauhoittaa, pehment\u00e4\u00e4, poistaa kuivuutta ja hilseily\u00e4, supistaa ihohuokosia ja poistaa kirist\u00e4v\u00e4n tunteen kasvojen puhdistuksen j\u00e4lkeen. Kun ihon luonnollinen suojakerros heikkenee, kosteus haihtuu nopeasti, iho alkaa kuoriutua ja syntyy kirist\u00e4v\u00e4 tunne. T\u00e4m\u00e4 tuote palauttaa hydrolipidisen suojakerroksen, s\u00e4ilytt\u00e4\u00e4 kosteuden soluissa, lievitt\u00e4\u00e4 \u00e4rsytyst\u00e4 ja suojaa kuivumiselta\u2026<\/p>","protected":false},"featured_media":15720,"comment_status":"open","ping_status":"closed","template":"","meta":{"_uf_show_specific_survey":0,"_uf_disable_surveys":false,"_bst_post_transparent":"default","_bst_post_title":"","_bst_post_layout":"default","_bst_post_sidebar_id":"","_bst_post_content_style":"default","_bst_post_vertical_padding":"default","_bst_post_feature":"","_bst_post_feature_position":"","_bst_post_header":false,"_bst_post_footer":false},"pwb-brand":[885],"product_brand":[],"product_cat":[92,96],"product_tag":[886,985,221],"class_list":{"0":"post-15719","1":"product","2":"type-product","3":"status-publish","4":"has-post-thumbnail","6":"pwb-brand-celimax","7":"product_cat-nagu","8":"product_cat-naokreemid","9":"product_tag-celimax","10":"product_tag-kuiv","11":"product_tag-tundlik-nahk","13":"first","14":"instock","15":"sale","16":"shipping-taxable","17":"purchasable","18":"product-type-simple","19":"entry","20":"content-bg","21":"loop-entry"},"supplier_id":null,"supplier_sku":"","barcode":null,"atum_controlled":true,"out_stock_date":null,"out_stock_threshold":null,"inheritable":false,"inbound_stock":0,"stock_on_hold":0,"sold_today":0,"sales_last_days":2,"out_stock_days":0,"lost_sales":0,"has_location":false,"update_date":"2026-04-15T00:05:19","atum_locations":[],"atum_stock_status":"instock","restock_status":false,"low_stock_amount":"","sales_update_date":"2026-04-15T00:05:19","calc_backorders":null,"yoast_head":"<!-- This site is optimized with the Yoast SEO plugin v27.2 - https:\/\/yoast.com\/product\/yoast-seo-wordpress\/ -->\n<title>Celimax Dual Barrier Skin Wearable Cream, 50ml - IDA.KOREA<\/title>\n<meta name=\"description\" content=\"Kreem niisutab s\u00fcgavuti, taastab h\u00fcdrolipiidbarj\u00e4\u00e4ri. Sisaldab 5 tseramiidi, peptiidi ja pantenooli, mis rahustavad, v\u00e4hendavad punetust ja hoiavad niiskust.\" \/>\n<meta name=\"robots\" content=\"index, follow, max-snippet:-1, max-image-preview:large, max-video-preview:-1\" \/>\n<link rel=\"canonical\" href=\"https:\/\/idakorea.ee\/fi\/product\/celimax-dual-barrier-skin-wearable-cream-50ml\/\" \/>\n<meta property=\"og:locale\" content=\"fi_FI\" \/>\n<meta property=\"og:type\" content=\"article\" \/>\n<meta property=\"og:title\" content=\"Celimax Dual Barrier Skin Wearable Cream, 50ml - IDA.KOREA\" \/>\n<meta property=\"og:description\" content=\"Kreem niisutab s\u00fcgavuti, taastab h\u00fcdrolipiidbarj\u00e4\u00e4ri. Sisaldab 5 tseramiidi, peptiidi ja pantenooli, mis rahustavad, v\u00e4hendavad punetust ja hoiavad niiskust.\" \/>\n<meta property=\"og:url\" content=\"https:\/\/idakorea.ee\/fi\/product\/celimax-dual-barrier-skin-wearable-cream-50ml\/\" \/>\n<meta property=\"og:site_name\" content=\"IDA.KOREA\" \/>\n<meta property=\"article:modified_time\" content=\"2026-04-04T11:41:08+00:00\" \/>\n<meta property=\"og:image\" content=\"https:\/\/idakorea.ee\/wp-content\/uploads\/2025\/09\/celimax-dual-barrier-skin-wearable-cream_idakorea.jpg\" \/>\n\t<meta property=\"og:image:width\" content=\"1000\" \/>\n\t<meta property=\"og:image:height\" content=\"1000\" \/>\n\t<meta property=\"og:image:type\" content=\"image\/jpeg\" \/>\n<meta name=\"twitter:card\" content=\"summary_large_image\" \/>\n<meta name=\"twitter:label1\" content=\"Arvioitu lukuaika\" \/>\n\t<meta name=\"twitter:data1\" content=\"2 minuuttia\" \/>\n<script type=\"application\/ld+json\" class=\"yoast-schema-graph\">{\"@context\":\"https:\/\/schema.org\",\"@graph\":[{\"@type\":\"WebPage\",\"@id\":\"https:\/\/idakorea.ee\/product\/celimax-dual-barrier-skin-wearable-cream-50ml\/\",\"url\":\"https:\/\/idakorea.ee\/product\/celimax-dual-barrier-skin-wearable-cream-50ml\/\",\"name\":\"Celimax Dual Barrier Skin Wearable Cream, 50ml - IDA.KOREA\",\"isPartOf\":{\"@id\":\"https:\/\/idakorea.ee\/#website\"},\"primaryImageOfPage\":{\"@id\":\"https:\/\/idakorea.ee\/product\/celimax-dual-barrier-skin-wearable-cream-50ml\/#primaryimage\"},\"image\":{\"@id\":\"https:\/\/idakorea.ee\/product\/celimax-dual-barrier-skin-wearable-cream-50ml\/#primaryimage\"},\"thumbnailUrl\":\"https:\/\/idakorea.ee\/wp-content\/uploads\/2025\/09\/celimax-dual-barrier-skin-wearable-cream_idakorea.jpg\",\"datePublished\":\"2025-09-02T12:17:15+00:00\",\"dateModified\":\"2026-04-04T11:41:08+00:00\",\"description\":\"Kreem niisutab s\u00fcgavuti, taastab h\u00fcdrolipiidbarj\u00e4\u00e4ri. Sisaldab 5 tseramiidi, peptiidi ja pantenooli, mis rahustavad, v\u00e4hendavad punetust ja hoiavad niiskust.\",\"breadcrumb\":{\"@id\":\"https:\/\/idakorea.ee\/product\/celimax-dual-barrier-skin-wearable-cream-50ml\/#breadcrumb\"},\"inLanguage\":\"fi\",\"potentialAction\":[{\"@type\":\"ReadAction\",\"target\":[\"https:\/\/idakorea.ee\/product\/celimax-dual-barrier-skin-wearable-cream-50ml\/\"]}]},{\"@type\":\"ImageObject\",\"inLanguage\":\"fi\",\"@id\":\"https:\/\/idakorea.ee\/product\/celimax-dual-barrier-skin-wearable-cream-50ml\/#primaryimage\",\"url\":\"https:\/\/idakorea.ee\/wp-content\/uploads\/2025\/09\/celimax-dual-barrier-skin-wearable-cream_idakorea.jpg\",\"contentUrl\":\"https:\/\/idakorea.ee\/wp-content\/uploads\/2025\/09\/celimax-dual-barrier-skin-wearable-cream_idakorea.jpg\",\"width\":1000,\"height\":1000},{\"@type\":\"BreadcrumbList\",\"@id\":\"https:\/\/idakorea.ee\/product\/celimax-dual-barrier-skin-wearable-cream-50ml\/#breadcrumb\",\"itemListElement\":[{\"@type\":\"ListItem\",\"position\":1,\"name\":\"\u0413\u043b\u0430\u0432\u043d\u0430\u044f \u0441\u0442\u0440\u0430\u043d\u0438\u0446\u0430\",\"item\":\"https:\/\/idakorea.ee\/\"},{\"@type\":\"ListItem\",\"position\":2,\"name\":\"Shop\",\"item\":\"https:\/\/idakorea.ee\/shop-2\/\"},{\"@type\":\"ListItem\",\"position\":3,\"name\":\"Tseramiidikompleksiga barj\u00e4\u00e4rkreem Celimax Dual Barrier Skin Wearable Cream, 50ml\"}]},{\"@type\":\"WebSite\",\"@id\":\"https:\/\/idakorea.ee\/#website\",\"url\":\"https:\/\/idakorea.ee\/\",\"name\":\"IDA.KOREA\",\"description\":\"Korea kosmeetika e-pood\",\"publisher\":{\"@id\":\"https:\/\/idakorea.ee\/#organization\"},\"alternateName\":\"Beauty Shop\",\"potentialAction\":[{\"@type\":\"SearchAction\",\"target\":{\"@type\":\"EntryPoint\",\"urlTemplate\":\"https:\/\/idakorea.ee\/?s={search_term_string}\"},\"query-input\":{\"@type\":\"PropertyValueSpecification\",\"valueRequired\":true,\"valueName\":\"search_term_string\"}}],\"inLanguage\":\"fi\"},{\"@type\":\"Organization\",\"@id\":\"https:\/\/idakorea.ee\/#organization\",\"name\":\"IDA.KOREA\",\"url\":\"https:\/\/idakorea.ee\/\",\"logo\":{\"@type\":\"ImageObject\",\"inLanguage\":\"fi\",\"@id\":\"https:\/\/idakorea.ee\/#\/schema\/logo\/image\/\",\"url\":\"https:\/\/idakorea.ee\/wp-content\/uploads\/2024\/05\/cropped-korea3.png\",\"contentUrl\":\"https:\/\/idakorea.ee\/wp-content\/uploads\/2024\/05\/cropped-korea3.png\",\"width\":688,\"height\":126,\"caption\":\"IDA.KOREA\"},\"image\":{\"@id\":\"https:\/\/idakorea.ee\/#\/schema\/logo\/image\/\"},\"sameAs\":[\"https:\/\/www.instagram.com\/ida.korea\/\"]}]}<\/script>\n<!-- \/ Yoast SEO plugin. -->","yoast_head_json":{"title":"Celimax Dual Barrier Skin Wearable Cream, 50ml - IDA.KOREA","description":"Voide kosteuttaa syv\u00e4lt\u00e4 ja palauttaa ihon hydrolipidikerroksen. Sis\u00e4lt\u00e4\u00e4 viitt\u00e4 keramidia, peptidej\u00e4 ja pantenolia, jotka rauhoittavat, v\u00e4hent\u00e4v\u00e4t punoitusta ja s\u00e4ilytt\u00e4v\u00e4t kosteuden.","robots":{"index":"index","follow":"follow","max-snippet":"max-snippet:-1","max-image-preview":"max-image-preview:large","max-video-preview":"max-video-preview:-1"},"canonical":"https:\/\/idakorea.ee\/fi\/product\/celimax-dual-barrier-skin-wearable-cream-50ml\/","og_locale":"fi_FI","og_type":"article","og_title":"Celimax Dual Barrier Skin Wearable Cream, 50ml - IDA.KOREA","og_description":"Kreem niisutab s\u00fcgavuti, taastab h\u00fcdrolipiidbarj\u00e4\u00e4ri. Sisaldab 5 tseramiidi, peptiidi ja pantenooli, mis rahustavad, v\u00e4hendavad punetust ja hoiavad niiskust.","og_url":"https:\/\/idakorea.ee\/fi\/product\/celimax-dual-barrier-skin-wearable-cream-50ml\/","og_site_name":"IDA.KOREA","article_modified_time":"2026-04-04T11:41:08+00:00","og_image":[{"width":1000,"height":1000,"url":"https:\/\/idakorea.ee\/wp-content\/uploads\/2025\/09\/celimax-dual-barrier-skin-wearable-cream_idakorea.jpg","type":"image\/jpeg"}],"twitter_card":"summary_large_image","twitter_misc":{"Arvioitu lukuaika":"2 minuuttia"},"schema":{"@context":"https:\/\/schema.org","@graph":[{"@type":"WebPage","@id":"https:\/\/idakorea.ee\/product\/celimax-dual-barrier-skin-wearable-cream-50ml\/","url":"https:\/\/idakorea.ee\/product\/celimax-dual-barrier-skin-wearable-cream-50ml\/","name":"Celimax Dual Barrier Skin Wearable Cream, 50ml - IDA.KOREA","isPartOf":{"@id":"https:\/\/idakorea.ee\/#website"},"primaryImageOfPage":{"@id":"https:\/\/idakorea.ee\/product\/celimax-dual-barrier-skin-wearable-cream-50ml\/#primaryimage"},"image":{"@id":"https:\/\/idakorea.ee\/product\/celimax-dual-barrier-skin-wearable-cream-50ml\/#primaryimage"},"thumbnailUrl":"https:\/\/idakorea.ee\/wp-content\/uploads\/2025\/09\/celimax-dual-barrier-skin-wearable-cream_idakorea.jpg","datePublished":"2025-09-02T12:17:15+00:00","dateModified":"2026-04-04T11:41:08+00:00","description":"Voide kosteuttaa syv\u00e4lt\u00e4 ja palauttaa ihon hydrolipidikerroksen. Sis\u00e4lt\u00e4\u00e4 viitt\u00e4 keramidia, peptidej\u00e4 ja pantenolia, jotka rauhoittavat, v\u00e4hent\u00e4v\u00e4t punoitusta ja s\u00e4ilytt\u00e4v\u00e4t kosteuden.","breadcrumb":{"@id":"https:\/\/idakorea.ee\/product\/celimax-dual-barrier-skin-wearable-cream-50ml\/#breadcrumb"},"inLanguage":"fi","potentialAction":[{"@type":"ReadAction","target":["https:\/\/idakorea.ee\/product\/celimax-dual-barrier-skin-wearable-cream-50ml\/"]}]},{"@type":"ImageObject","inLanguage":"fi","@id":"https:\/\/idakorea.ee\/product\/celimax-dual-barrier-skin-wearable-cream-50ml\/#primaryimage","url":"https:\/\/idakorea.ee\/wp-content\/uploads\/2025\/09\/celimax-dual-barrier-skin-wearable-cream_idakorea.jpg","contentUrl":"https:\/\/idakorea.ee\/wp-content\/uploads\/2025\/09\/celimax-dual-barrier-skin-wearable-cream_idakorea.jpg","width":1000,"height":1000},{"@type":"BreadcrumbList","@id":"https:\/\/idakorea.ee\/product\/celimax-dual-barrier-skin-wearable-cream-50ml\/#breadcrumb","itemListElement":[{"@type":"ListItem","position":1,"name":"\u0413\u043b\u0430\u0432\u043d\u0430\u044f \u0441\u0442\u0440\u0430\u043d\u0438\u0446\u0430","item":"https:\/\/idakorea.ee\/"},{"@type":"ListItem","position":2,"name":"Shop","item":"https:\/\/idakorea.ee\/shop-2\/"},{"@type":"ListItem","position":3,"name":"Tseramiidikompleksiga barj\u00e4\u00e4rkreem Celimax Dual Barrier Skin Wearable Cream, 50ml"}]},{"@type":"WebSite","@id":"https:\/\/idakorea.ee\/#website","url":"https:\/\/idakorea.ee\/","name":"IDA.KOREA","description":"Korean kosmetiikan verkkokauppa","publisher":{"@id":"https:\/\/idakorea.ee\/#organization"},"alternateName":"Beauty Shop","potentialAction":[{"@type":"SearchAction","target":{"@type":"EntryPoint","urlTemplate":"https:\/\/idakorea.ee\/?s={search_term_string}"},"query-input":{"@type":"PropertyValueSpecification","valueRequired":true,"valueName":"search_term_string"}}],"inLanguage":"fi"},{"@type":"Organization","@id":"https:\/\/idakorea.ee\/#organization","name":"IDA.KOREA","url":"https:\/\/idakorea.ee\/","logo":{"@type":"ImageObject","inLanguage":"fi","@id":"https:\/\/idakorea.ee\/#\/schema\/logo\/image\/","url":"https:\/\/idakorea.ee\/wp-content\/uploads\/2024\/05\/cropped-korea3.png","contentUrl":"https:\/\/idakorea.ee\/wp-content\/uploads\/2024\/05\/cropped-korea3.png","width":688,"height":126,"caption":"IDA.KOREA"},"image":{"@id":"https:\/\/idakorea.ee\/#\/schema\/logo\/image\/"},"sameAs":["https:\/\/www.instagram.com\/ida.korea\/"]}]}},"jetpack_sharing_enabled":true,"brands":[{"id":885,"name":"CELIMAX","slug":"celimax"}],"_links":{"self":[{"href":"https:\/\/idakorea.ee\/fi\/wp-json\/wp\/v2\/product\/15719","targetHints":{"allow":["GET"]}}],"collection":[{"href":"https:\/\/idakorea.ee\/fi\/wp-json\/wp\/v2\/product"}],"about":[{"href":"https:\/\/idakorea.ee\/fi\/wp-json\/wp\/v2\/types\/product"}],"replies":[{"embeddable":true,"href":"https:\/\/idakorea.ee\/fi\/wp-json\/wp\/v2\/comments?post=15719"}],"version-history":[{"count":1,"href":"https:\/\/idakorea.ee\/fi\/wp-json\/wp\/v2\/product\/15719\/revisions"}],"predecessor-version":[{"id":15723,"href":"https:\/\/idakorea.ee\/fi\/wp-json\/wp\/v2\/product\/15719\/revisions\/15723"}],"wp:featuredmedia":[{"embeddable":true,"href":"https:\/\/idakorea.ee\/fi\/wp-json\/wp\/v2\/media\/15720"}],"wp:attachment":[{"href":"https:\/\/idakorea.ee\/fi\/wp-json\/wp\/v2\/media?parent=15719"}],"wp:term":[{"taxonomy":"pwb-brand","embeddable":true,"href":"https:\/\/idakorea.ee\/fi\/wp-json\/wp\/v2\/pwb-brand?post=15719"},{"taxonomy":"product_brand","embeddable":true,"href":"https:\/\/idakorea.ee\/fi\/wp-json\/wp\/v2\/product_brand?post=15719"},{"taxonomy":"product_cat","embeddable":true,"href":"https:\/\/idakorea.ee\/fi\/wp-json\/wp\/v2\/product_cat?post=15719"},{"taxonomy":"product_tag","embeddable":true,"href":"https:\/\/idakorea.ee\/fi\/wp-json\/wp\/v2\/product_tag?post=15719"}],"curies":[{"name":"wp","href":"https:\/\/api.w.org\/{rel}","templated":true}]}}