{"id":1573,"date":"2024-05-29T12:57:05","date_gmt":"2024-05-29T10:57:05","guid":{"rendered":"https:\/\/idakorea.ee\/product\/%d1%81%d0%b0%d0%bd%d1%81%d0%ba%d1%80%d0%b8%d0%bd-%d1%81-%d1%82%d1%80%d1%8e%d1%84%d0%b5%d0%bb%d0%b5%d0%bc-dalba-moist-glow-sun-serum-white-trufflecollagen-sun-screen-spf50-pa-30ml\/"},"modified":"2026-04-13T06:29:43","modified_gmt":"2026-04-13T04:29:43","slug":"sanskrin-s-tryufelem-dalba-moist-glow-sun-serum-white-trufflecollagen-sun-screen-spf50-pa-30ml","status":"publish","type":"product","link":"https:\/\/idakorea.ee\/fi\/product\/sanskrin-s-tryufelem-dalba-moist-glow-sun-serum-white-trufflecollagen-sun-screen-spf50-pa-30ml\/","title":{"rendered":"Aurinkovoidetta, jossa on tryffeli\u00e4 ja d&#039;Alba Moist Glow -aurinkoseerumia, valkoinen tryffeli ja kollageeni, aurinkovoide SPF50+ PA++++, 30 ml. Viimeinen k\u00e4ytt\u00f6p\u00e4iv\u00e4 03.12.2026."},"content":{"rendered":"<p><strong>D&#039;Alba Moist Glow Sun Serum White Truffle &amp; Collagen -aurinkovoide SPF50+ PA++++\u00a0<\/strong>suojaa UV-s\u00e4teilylt\u00e4, ehk\u00e4isee ik\u00e4\u00e4ntymiseen liittyvi\u00e4 vaurioita, auringonpolttamia ja valoik\u00e4\u00e4ntymist\u00e4.<\/p>\n<p>Tuote ei ainoastaan suojaa auringolta, vaan tarjoaa my\u00f6s ik\u00e4\u00e4ntymist\u00e4 ehk\u00e4isev\u00e4\u00e4 hoitoa: kosteuttaa, rauhoittaa ja yll\u00e4pit\u00e4\u00e4 ihon kimmoisuutta, hidastaa ik\u00e4\u00e4ntymiseen liittyvi\u00e4 muutoksia, est\u00e4\u00e4 oksidatiivista stressi\u00e4. Tekee ihosta pehme\u00e4n, kiinte\u00e4n ja sile\u00e4n.<\/p>\n<p>Koostumus sis\u00e4lt\u00e4\u00e4 italialaista tryffeliuutetta, komponenttia, joka k\u00e4ynnist\u00e4\u00e4 uudistumisprosessin ja lis\u00e4\u00e4 paikallista vastustuskyky\u00e4, nuorentaen, kiinteytt\u00e4en ja siloittaen ihoa, v\u00e4hent\u00e4en ryppyjen ja pigmentaation n\u00e4kymist\u00e4 sek\u00e4 tasoittaen ihon s\u00e4vy\u00e4.<\/p>\n<p>Voide-seerumi tarjoaa suojan UVA- ja UVB-s\u00e4teily\u00e4 vastaan uuden sukupolven fotostabiilien kemiallisten suodattimien ansiosta, jotka stabiloivat muita suodattimia eiv\u00e4tk\u00e4 vaadi uusimista jopa 8 tunnin ajan kaupunkiolosuhteissa:<\/p>\n<ul>\n<li><strong>Uvinul A Plus<\/strong>\u00a0(Dietyyliaminohydroksibentsoyyliheksyylibentsoaatti) suojaa UVA-s\u00e4teilt\u00e4.<\/li>\n<li><strong>Uvinul T 150\u00a0<\/strong>(etyyliheksyylitriatsoni) suojaa UVB-s\u00e4teilylt\u00e4.<\/li>\n<\/ul>\n<p><strong>Muita vaikuttavia aineita:<\/strong><\/p>\n<ul>\n<li>Kollageeni kosteuttaa tehokkaasti, auttaa ihoa s\u00e4ilytt\u00e4m\u00e4\u00e4n kosteuden, parantaa sen rakennetta, stimuloi uudistumisprosesseja ja taistelee ryppyj\u00e4 vastaan.<\/li>\n<li>Centella asiatica -kompleksi sis\u00e4lt\u00e4\u00e4 centella-uutetta ja nelj\u00e4\u00e4 sen johdannaista: asiatikosidia, madekassosidia, madekassiinihappoa ja aasiahappoa. Se poistaa punoitusta ja \u00e4rsytyst\u00e4, rauhoittaa, edist\u00e4\u00e4 paranemista ja vahvistaa suojakerrosta sek\u00e4 vahvistaa verisuonten sein\u00e4mi\u00e4 est\u00e4en h\u00e4m\u00e4h\u00e4kkisuonten muodostumista.<\/li>\n<li>Kahvinsiemenuute \u2013 antioksidantti, runsaasti feruliinihappoa sis\u00e4lt\u00e4v\u00e4, hidastaa ik\u00e4\u00e4ntymisprosessia, v\u00e4hent\u00e4\u00e4 UV-s\u00e4teilyn negatiivisia vaikutuksia, est\u00e4\u00e4 soluv\u00e4liaineen tuhoutumista ja pident\u00e4\u00e4 ihon nuorekkuutta.<\/li>\n<li>Sakkaromiseetit \u2013 hiivaentsyymit, lis\u00e4\u00e4v\u00e4t kollageenin ja elastiinin synteesi\u00e4, hidastavat ik\u00e4\u00e4ntymiseen liittyvi\u00e4 muutoksia, yll\u00e4pit\u00e4v\u00e4t ihon kimmoisuutta ja sileytt\u00e4.<\/li>\n<li>Makean appelsiinin kuori\u00f6ljy pehment\u00e4\u00e4, ravitsee, tasoittaa ihon s\u00e4vy\u00e4 ja sill\u00e4 on tulehdusta ehk\u00e4isev\u00e4 vaikutus.<\/li>\n<li>Keramidit ovat samanlaisia kuin epidermaaliset lipidit: ne vahvistavat suojaavaa hydrolipidikerrosta, poistavat hilseily\u00e4 ja kuivuutta, est\u00e4v\u00e4t kosteuden haihtumista ja v\u00e4hent\u00e4v\u00e4t herkkyytt\u00e4 ulkoisille \u00e4rsykkeille.<\/li>\n<\/ul>\n<p>Sopii normaalille, sekaiholle ja kuivalle iholle.<\/p>\n<p><strong>K\u00e4ytt\u00f6:\u00a0<\/strong>Levit\u00e4 kaikkien p\u00e4ivitt\u00e4isten hoitotoimenpiteiden j\u00e4lkeen ja ennen meikin levitt\u00e4mist\u00e4 noin 1,2 ml seerumia kasvoille ja kaulalle ja k\u00e4yt\u00e4 my\u00f6s muille paljaille ihoalueille. Lis\u00e4\u00e4 levityst\u00e4 kahden tunnin v\u00e4lein, jos iho altistuu suoralle auringonvalolle.<\/p>","protected":false},"excerpt":{"rendered":"<p>Seerumi suojaa UV-s\u00e4teilt\u00e4, ehk\u00e4isee ik\u00e4l\u00e4iski\u00e4, auringonpolttamia ja valovanhenemista.<\/p>\n<p>&nbsp;<\/p>\n<p>&nbsp;<\/p>","protected":false},"featured_media":1566,"comment_status":"open","ping_status":"closed","template":"","meta":{"_uf_show_specific_survey":0,"_uf_disable_surveys":false,"_bst_post_transparent":"default","_bst_post_title":"","_bst_post_layout":"default","_bst_post_sidebar_id":"","_bst_post_content_style":"default","_bst_post_vertical_padding":"default","_bst_post_feature":"","_bst_post_feature_position":"","_bst_post_header":false,"_bst_post_footer":false},"pwb-brand":[105],"product_brand":[],"product_cat":[92,101],"product_tag":[127,145],"class_list":{"0":"post-1573","1":"product","2":"type-product","3":"status-publish","4":"has-post-thumbnail","6":"pwb-brand-dalba","7":"product_cat-nagu","8":"product_cat-paikesekaitse","9":"product_tag-dalba","10":"product_tag-belyj-tryufel","12":"first","13":"outofstock","14":"sale","15":"shipping-taxable","16":"purchasable","17":"product-type-simple","18":"entry","19":"content-bg","20":"loop-entry"},"supplier_id":null,"supplier_sku":"","barcode":null,"atum_controlled":true,"out_stock_date":"2026-04-13 06:29:43","out_stock_threshold":null,"inheritable":false,"inbound_stock":0,"stock_on_hold":0,"sold_today":0,"sales_last_days":2,"out_stock_days":1,"lost_sales":4,"has_location":false,"update_date":"2026-04-15T00:05:20","atum_locations":[],"atum_stock_status":"outofstock","restock_status":false,"low_stock_amount":"","sales_update_date":"2026-04-15T00:05:20","calc_backorders":null,"yoast_head":"<!-- This site is optimized with the Yoast SEO plugin v27.2 - https:\/\/yoast.com\/product\/yoast-seo-wordpress\/ -->\n<title>P\u00e4ikesekaitsekreem tr\u00fchvliga d&#039;Alba Moist Glow Sun Serum White Truffle&amp;Collagen Sun Screen SPF50+ PA++++, 30 ml EXP 03.12.2026 - IDA.KOREA<\/title>\n<meta name=\"description\" content=\"D&#039;Alba Moist Glow Sun Serum White Truffle&amp;Collagen Sun Screen SPF50+ PA++++\u00a0kaitseb UV-kiirguse eest, hoiab \u00e4ra vanusevigastused, p\u00e4ikesep\u00f5letuse ja fotovananemise.\" \/>\n<meta name=\"robots\" content=\"index, follow, max-snippet:-1, max-image-preview:large, max-video-preview:-1\" \/>\n<link rel=\"canonical\" href=\"https:\/\/idakorea.ee\/fi\/product\/sanskrin-s-tryufelem-dalba-moist-glow-sun-serum-white-trufflecollagen-sun-screen-spf50-pa-30ml\/\" \/>\n<meta property=\"og:locale\" content=\"fi_FI\" \/>\n<meta property=\"og:type\" content=\"article\" \/>\n<meta property=\"og:title\" content=\"P\u00e4ikesekaitsekreem tr\u00fchvliga d&#039;Alba Moist Glow Sun Serum White Truffle&amp;Collagen Sun Screen SPF50+ PA++++, 30 ml EXP 03.12.2026 - IDA.KOREA\" \/>\n<meta property=\"og:description\" content=\"D&#039;Alba Moist Glow Sun Serum White Truffle&amp;Collagen Sun Screen SPF50+ PA++++\u00a0kaitseb UV-kiirguse eest, hoiab \u00e4ra vanusevigastused, p\u00e4ikesep\u00f5letuse ja fotovananemise.\" \/>\n<meta property=\"og:url\" content=\"https:\/\/idakorea.ee\/fi\/product\/sanskrin-s-tryufelem-dalba-moist-glow-sun-serum-white-trufflecollagen-sun-screen-spf50-pa-30ml\/\" \/>\n<meta property=\"og:site_name\" content=\"IDA.KOREA\" \/>\n<meta property=\"article:modified_time\" content=\"2026-04-13T04:29:43+00:00\" \/>\n<meta property=\"og:image\" content=\"https:\/\/idakorea.ee\/wp-content\/uploads\/2024\/05\/D_Alba-Moist-Glow-Sun-Serum-White-Truffle-_-CollagenSun-Screen-SPF-50_.jpg\" \/>\n\t<meta property=\"og:image:width\" content=\"1000\" \/>\n\t<meta property=\"og:image:height\" content=\"1000\" \/>\n\t<meta property=\"og:image:type\" content=\"image\/jpeg\" \/>\n<meta name=\"twitter:card\" content=\"summary_large_image\" \/>\n<meta name=\"twitter:label1\" content=\"Arvioitu lukuaika\" \/>\n\t<meta name=\"twitter:data1\" content=\"2 minuuttia\" \/>\n<script type=\"application\/ld+json\" class=\"yoast-schema-graph\">{\"@context\":\"https:\/\/schema.org\",\"@graph\":[{\"@type\":\"WebPage\",\"@id\":\"https:\/\/idakorea.ee\/product\/sanskrin-s-tryufelem-dalba-moist-glow-sun-serum-white-trufflecollagen-sun-screen-spf50-pa-30ml\/\",\"url\":\"https:\/\/idakorea.ee\/product\/sanskrin-s-tryufelem-dalba-moist-glow-sun-serum-white-trufflecollagen-sun-screen-spf50-pa-30ml\/\",\"name\":\"P\u00e4ikesekaitsekreem tr\u00fchvliga d'Alba Moist Glow Sun Serum White Truffle&amp;Collagen Sun Screen SPF50+ PA++++, 30 ml EXP 03.12.2026 - IDA.KOREA\",\"isPartOf\":{\"@id\":\"https:\/\/idakorea.ee\/#website\"},\"primaryImageOfPage\":{\"@id\":\"https:\/\/idakorea.ee\/product\/sanskrin-s-tryufelem-dalba-moist-glow-sun-serum-white-trufflecollagen-sun-screen-spf50-pa-30ml\/#primaryimage\"},\"image\":{\"@id\":\"https:\/\/idakorea.ee\/product\/sanskrin-s-tryufelem-dalba-moist-glow-sun-serum-white-trufflecollagen-sun-screen-spf50-pa-30ml\/#primaryimage\"},\"thumbnailUrl\":\"https:\/\/idakorea.ee\/wp-content\/uploads\/2024\/05\/D_Alba-Moist-Glow-Sun-Serum-White-Truffle-_-CollagenSun-Screen-SPF-50_.jpg\",\"datePublished\":\"2024-05-29T10:57:05+00:00\",\"dateModified\":\"2026-04-13T04:29:43+00:00\",\"description\":\"D'Alba Moist Glow Sun Serum White Truffle&Collagen Sun Screen SPF50+ PA++++\u00a0kaitseb UV-kiirguse eest, hoiab \u00e4ra vanusevigastused, p\u00e4ikesep\u00f5letuse ja fotovananemise.\",\"breadcrumb\":{\"@id\":\"https:\/\/idakorea.ee\/product\/sanskrin-s-tryufelem-dalba-moist-glow-sun-serum-white-trufflecollagen-sun-screen-spf50-pa-30ml\/#breadcrumb\"},\"inLanguage\":\"fi\",\"potentialAction\":[{\"@type\":\"ReadAction\",\"target\":[\"https:\/\/idakorea.ee\/product\/sanskrin-s-tryufelem-dalba-moist-glow-sun-serum-white-trufflecollagen-sun-screen-spf50-pa-30ml\/\"]}]},{\"@type\":\"ImageObject\",\"inLanguage\":\"fi\",\"@id\":\"https:\/\/idakorea.ee\/product\/sanskrin-s-tryufelem-dalba-moist-glow-sun-serum-white-trufflecollagen-sun-screen-spf50-pa-30ml\/#primaryimage\",\"url\":\"https:\/\/idakorea.ee\/wp-content\/uploads\/2024\/05\/D_Alba-Moist-Glow-Sun-Serum-White-Truffle-_-CollagenSun-Screen-SPF-50_.jpg\",\"contentUrl\":\"https:\/\/idakorea.ee\/wp-content\/uploads\/2024\/05\/D_Alba-Moist-Glow-Sun-Serum-White-Truffle-_-CollagenSun-Screen-SPF-50_.jpg\",\"width\":1000,\"height\":1000},{\"@type\":\"BreadcrumbList\",\"@id\":\"https:\/\/idakorea.ee\/product\/sanskrin-s-tryufelem-dalba-moist-glow-sun-serum-white-trufflecollagen-sun-screen-spf50-pa-30ml\/#breadcrumb\",\"itemListElement\":[{\"@type\":\"ListItem\",\"position\":1,\"name\":\"\u0413\u043b\u0430\u0432\u043d\u0430\u044f \u0441\u0442\u0440\u0430\u043d\u0438\u0446\u0430\",\"item\":\"https:\/\/idakorea.ee\/\"},{\"@type\":\"ListItem\",\"position\":2,\"name\":\"Shop\",\"item\":\"https:\/\/idakorea.ee\/shop-2\/\"},{\"@type\":\"ListItem\",\"position\":3,\"name\":\"P\u00e4ikesekaitsekreem tr\u00fchvliga d&#8217;Alba Moist Glow Sun Serum White Truffle&amp;Collagen Sun Screen SPF50+ PA++++, 30 ml EXP 03.12.2026\"}]},{\"@type\":\"WebSite\",\"@id\":\"https:\/\/idakorea.ee\/#website\",\"url\":\"https:\/\/idakorea.ee\/\",\"name\":\"IDA.KOREA\",\"description\":\"Korea kosmeetika e-pood\",\"publisher\":{\"@id\":\"https:\/\/idakorea.ee\/#organization\"},\"alternateName\":\"Beauty Shop\",\"potentialAction\":[{\"@type\":\"SearchAction\",\"target\":{\"@type\":\"EntryPoint\",\"urlTemplate\":\"https:\/\/idakorea.ee\/?s={search_term_string}\"},\"query-input\":{\"@type\":\"PropertyValueSpecification\",\"valueRequired\":true,\"valueName\":\"search_term_string\"}}],\"inLanguage\":\"fi\"},{\"@type\":\"Organization\",\"@id\":\"https:\/\/idakorea.ee\/#organization\",\"name\":\"IDA.KOREA\",\"url\":\"https:\/\/idakorea.ee\/\",\"logo\":{\"@type\":\"ImageObject\",\"inLanguage\":\"fi\",\"@id\":\"https:\/\/idakorea.ee\/#\/schema\/logo\/image\/\",\"url\":\"https:\/\/idakorea.ee\/wp-content\/uploads\/2024\/05\/cropped-korea3.png\",\"contentUrl\":\"https:\/\/idakorea.ee\/wp-content\/uploads\/2024\/05\/cropped-korea3.png\",\"width\":688,\"height\":126,\"caption\":\"IDA.KOREA\"},\"image\":{\"@id\":\"https:\/\/idakorea.ee\/#\/schema\/logo\/image\/\"},\"sameAs\":[\"https:\/\/www.instagram.com\/ida.korea\/\"]}]}<\/script>\n<!-- \/ Yoast SEO plugin. -->","yoast_head_json":{"title":"P\u00e4ikesekaitsekreem tr\u00fchvliga d'Alba Moist Glow Sun Serum White Truffle&amp;Collagen Sun Screen SPF50+ PA++++, 30 ml EXP 03.12.2026 - IDA.KOREA","description":"D&#039;Alba Moist Glow Sun Serum White Truffle&amp;Collagen -aurinkovoide SPF50+ PA++++ suojaa UV-s\u00e4teilylt\u00e4 ja ehk\u00e4isee ik\u00e4\u00e4ntymiseen liittyvi\u00e4 vaurioita, auringonpolttamia ja valon aiheuttamaa ik\u00e4\u00e4ntymist\u00e4.","robots":{"index":"index","follow":"follow","max-snippet":"max-snippet:-1","max-image-preview":"max-image-preview:large","max-video-preview":"max-video-preview:-1"},"canonical":"https:\/\/idakorea.ee\/fi\/product\/sanskrin-s-tryufelem-dalba-moist-glow-sun-serum-white-trufflecollagen-sun-screen-spf50-pa-30ml\/","og_locale":"fi_FI","og_type":"article","og_title":"P\u00e4ikesekaitsekreem tr\u00fchvliga d'Alba Moist Glow Sun Serum White Truffle&amp;Collagen Sun Screen SPF50+ PA++++, 30 ml EXP 03.12.2026 - IDA.KOREA","og_description":"D'Alba Moist Glow Sun Serum White Truffle&Collagen Sun Screen SPF50+ PA++++\u00a0kaitseb UV-kiirguse eest, hoiab \u00e4ra vanusevigastused, p\u00e4ikesep\u00f5letuse ja fotovananemise.","og_url":"https:\/\/idakorea.ee\/fi\/product\/sanskrin-s-tryufelem-dalba-moist-glow-sun-serum-white-trufflecollagen-sun-screen-spf50-pa-30ml\/","og_site_name":"IDA.KOREA","article_modified_time":"2026-04-13T04:29:43+00:00","og_image":[{"width":1000,"height":1000,"url":"https:\/\/idakorea.ee\/wp-content\/uploads\/2024\/05\/D_Alba-Moist-Glow-Sun-Serum-White-Truffle-_-CollagenSun-Screen-SPF-50_.jpg","type":"image\/jpeg"}],"twitter_card":"summary_large_image","twitter_misc":{"Arvioitu lukuaika":"2 minuuttia"},"schema":{"@context":"https:\/\/schema.org","@graph":[{"@type":"WebPage","@id":"https:\/\/idakorea.ee\/product\/sanskrin-s-tryufelem-dalba-moist-glow-sun-serum-white-trufflecollagen-sun-screen-spf50-pa-30ml\/","url":"https:\/\/idakorea.ee\/product\/sanskrin-s-tryufelem-dalba-moist-glow-sun-serum-white-trufflecollagen-sun-screen-spf50-pa-30ml\/","name":"P\u00e4ikesekaitsekreem tr\u00fchvliga d'Alba Moist Glow Sun Serum White Truffle&amp;Collagen Sun Screen SPF50+ PA++++, 30 ml EXP 03.12.2026 - IDA.KOREA","isPartOf":{"@id":"https:\/\/idakorea.ee\/#website"},"primaryImageOfPage":{"@id":"https:\/\/idakorea.ee\/product\/sanskrin-s-tryufelem-dalba-moist-glow-sun-serum-white-trufflecollagen-sun-screen-spf50-pa-30ml\/#primaryimage"},"image":{"@id":"https:\/\/idakorea.ee\/product\/sanskrin-s-tryufelem-dalba-moist-glow-sun-serum-white-trufflecollagen-sun-screen-spf50-pa-30ml\/#primaryimage"},"thumbnailUrl":"https:\/\/idakorea.ee\/wp-content\/uploads\/2024\/05\/D_Alba-Moist-Glow-Sun-Serum-White-Truffle-_-CollagenSun-Screen-SPF-50_.jpg","datePublished":"2024-05-29T10:57:05+00:00","dateModified":"2026-04-13T04:29:43+00:00","description":"D&#039;Alba Moist Glow Sun Serum White Truffle&amp;Collagen -aurinkovoide SPF50+ PA++++ suojaa UV-s\u00e4teilylt\u00e4 ja ehk\u00e4isee ik\u00e4\u00e4ntymiseen liittyvi\u00e4 vaurioita, auringonpolttamia ja valon aiheuttamaa ik\u00e4\u00e4ntymist\u00e4.","breadcrumb":{"@id":"https:\/\/idakorea.ee\/product\/sanskrin-s-tryufelem-dalba-moist-glow-sun-serum-white-trufflecollagen-sun-screen-spf50-pa-30ml\/#breadcrumb"},"inLanguage":"fi","potentialAction":[{"@type":"ReadAction","target":["https:\/\/idakorea.ee\/product\/sanskrin-s-tryufelem-dalba-moist-glow-sun-serum-white-trufflecollagen-sun-screen-spf50-pa-30ml\/"]}]},{"@type":"ImageObject","inLanguage":"fi","@id":"https:\/\/idakorea.ee\/product\/sanskrin-s-tryufelem-dalba-moist-glow-sun-serum-white-trufflecollagen-sun-screen-spf50-pa-30ml\/#primaryimage","url":"https:\/\/idakorea.ee\/wp-content\/uploads\/2024\/05\/D_Alba-Moist-Glow-Sun-Serum-White-Truffle-_-CollagenSun-Screen-SPF-50_.jpg","contentUrl":"https:\/\/idakorea.ee\/wp-content\/uploads\/2024\/05\/D_Alba-Moist-Glow-Sun-Serum-White-Truffle-_-CollagenSun-Screen-SPF-50_.jpg","width":1000,"height":1000},{"@type":"BreadcrumbList","@id":"https:\/\/idakorea.ee\/product\/sanskrin-s-tryufelem-dalba-moist-glow-sun-serum-white-trufflecollagen-sun-screen-spf50-pa-30ml\/#breadcrumb","itemListElement":[{"@type":"ListItem","position":1,"name":"\u0413\u043b\u0430\u0432\u043d\u0430\u044f \u0441\u0442\u0440\u0430\u043d\u0438\u0446\u0430","item":"https:\/\/idakorea.ee\/"},{"@type":"ListItem","position":2,"name":"Shop","item":"https:\/\/idakorea.ee\/shop-2\/"},{"@type":"ListItem","position":3,"name":"P\u00e4ikesekaitsekreem tr\u00fchvliga d&#8217;Alba Moist Glow Sun Serum White Truffle&amp;Collagen Sun Screen SPF50+ PA++++, 30 ml EXP 03.12.2026"}]},{"@type":"WebSite","@id":"https:\/\/idakorea.ee\/#website","url":"https:\/\/idakorea.ee\/","name":"IDA.KOREA","description":"Korean kosmetiikan verkkokauppa","publisher":{"@id":"https:\/\/idakorea.ee\/#organization"},"alternateName":"Beauty Shop","potentialAction":[{"@type":"SearchAction","target":{"@type":"EntryPoint","urlTemplate":"https:\/\/idakorea.ee\/?s={search_term_string}"},"query-input":{"@type":"PropertyValueSpecification","valueRequired":true,"valueName":"search_term_string"}}],"inLanguage":"fi"},{"@type":"Organization","@id":"https:\/\/idakorea.ee\/#organization","name":"IDA.KOREA","url":"https:\/\/idakorea.ee\/","logo":{"@type":"ImageObject","inLanguage":"fi","@id":"https:\/\/idakorea.ee\/#\/schema\/logo\/image\/","url":"https:\/\/idakorea.ee\/wp-content\/uploads\/2024\/05\/cropped-korea3.png","contentUrl":"https:\/\/idakorea.ee\/wp-content\/uploads\/2024\/05\/cropped-korea3.png","width":688,"height":126,"caption":"IDA.KOREA"},"image":{"@id":"https:\/\/idakorea.ee\/#\/schema\/logo\/image\/"},"sameAs":["https:\/\/www.instagram.com\/ida.korea\/"]}]}},"jetpack_sharing_enabled":true,"brands":[{"id":105,"name":"d'ALBA","slug":"dalba"}],"_links":{"self":[{"href":"https:\/\/idakorea.ee\/fi\/wp-json\/wp\/v2\/product\/1573","targetHints":{"allow":["GET"]}}],"collection":[{"href":"https:\/\/idakorea.ee\/fi\/wp-json\/wp\/v2\/product"}],"about":[{"href":"https:\/\/idakorea.ee\/fi\/wp-json\/wp\/v2\/types\/product"}],"replies":[{"embeddable":true,"href":"https:\/\/idakorea.ee\/fi\/wp-json\/wp\/v2\/comments?post=1573"}],"version-history":[{"count":5,"href":"https:\/\/idakorea.ee\/fi\/wp-json\/wp\/v2\/product\/1573\/revisions"}],"predecessor-version":[{"id":17877,"href":"https:\/\/idakorea.ee\/fi\/wp-json\/wp\/v2\/product\/1573\/revisions\/17877"}],"wp:featuredmedia":[{"embeddable":true,"href":"https:\/\/idakorea.ee\/fi\/wp-json\/wp\/v2\/media\/1566"}],"wp:attachment":[{"href":"https:\/\/idakorea.ee\/fi\/wp-json\/wp\/v2\/media?parent=1573"}],"wp:term":[{"taxonomy":"pwb-brand","embeddable":true,"href":"https:\/\/idakorea.ee\/fi\/wp-json\/wp\/v2\/pwb-brand?post=1573"},{"taxonomy":"product_brand","embeddable":true,"href":"https:\/\/idakorea.ee\/fi\/wp-json\/wp\/v2\/product_brand?post=1573"},{"taxonomy":"product_cat","embeddable":true,"href":"https:\/\/idakorea.ee\/fi\/wp-json\/wp\/v2\/product_cat?post=1573"},{"taxonomy":"product_tag","embeddable":true,"href":"https:\/\/idakorea.ee\/fi\/wp-json\/wp\/v2\/product_tag?post=1573"}],"curies":[{"name":"wp","href":"https:\/\/api.w.org\/{rel}","templated":true}]}}