{"id":15744,"date":"2025-09-04T10:44:33","date_gmt":"2025-09-04T07:44:33","guid":{"rendered":"https:\/\/idakorea.ee\/?post_type=product&#038;p=15744"},"modified":"2026-04-01T12:30:42","modified_gmt":"2026-04-01T10:30:42","slug":"celimax-dual-barrier-boosting-serum-30ml","status":"publish","type":"product","link":"https:\/\/idakorea.ee\/fi\/product\/celimax-dual-barrier-boosting-serum-30ml\/","title":{"rendered":"Celimax Dual Barrier Boosting Serum, 30ml"},"content":{"rendered":"<p data-start=\"43\" data-end=\"233\">Suojaseerumin tehostaja<strong data-start=\"43\" data-end=\"104\"> Celimax Dual Barrier -tehoseerumi<\/strong> Kosteuttaa kuivaa ja tuulen vaurioittamaa ihoa, pehment\u00e4\u00e4 karheita alueita ja poistaa ep\u00e4miellytt\u00e4v\u00e4\u00e4 kirvely\u00e4 ja \u00e4rsytyst\u00e4.<\/p>\n<p data-start=\"235\" data-end=\"446\">Tuote palauttaa vaurioituneen suojakerroksen, s\u00e4ilytt\u00e4\u00e4 kosteuden ihossa, tasoittaa sen rakennetta ja vahvistaa suojakerrosta. T\u00e4ydellinen vaurioituneen ja \u00e4rtyneen ihon hoitoon sek\u00e4 talvik\u00e4ytt\u00f6\u00f6n.<\/p>\n<p data-start=\"448\" data-end=\"653\">K\u00e4tev\u00e4 annostelupullo pit\u00e4\u00e4 ilman ulkona ja tekee tuotteesta mahdollisimman hygieenisen. Seerumilla on hienovarainen maitomainen koostumus, joka imeytyy hyvin, j\u00e4tt\u00e4\u00e4 kosteuttavan pinnan eik\u00e4 sis\u00e4ll\u00e4 keinotekoisia hajusteita.<\/p>\n<p data-start=\"655\" data-end=\"828\">Sis\u00e4lt\u00e4\u00e4 viiden keramidin kompleksin \u2013 keramidit imeytyv\u00e4t ihon sarveiskerrokseen vahvistaen sit\u00e4, est\u00e4en kosteuden haihtumisen ja haitallisten aineiden p\u00e4\u00e4syn epidermikseen.<\/p>\n<p data-start=\"830\" data-end=\"858\"><strong data-start=\"830\" data-end=\"856\">Muita vaikuttavia aineita:<\/strong><\/p>\n<ul data-start=\"859\" data-end=\"1614\">\n<li data-start=\"859\" data-end=\"1118\">\n<p data-start=\"861\" data-end=\"1118\"><strong data-start=\"861\" data-end=\"915\">Aquatide (heptanatriumheksakoksimetyylidipeptidi-12)<\/strong> \u2013 ainutlaatuinen peptidi, joka k\u00e4ynnist\u00e4\u00e4 autofagiaprosessin, jonka aikana solukuormitus muuttuu kollageeniksi, elastiiniksi ja hyaluronihapoksi. Aquatide auttaa yll\u00e4pit\u00e4m\u00e4\u00e4n ihon kimmoisuutta ja nuorekkuutta.<\/p>\n<\/li>\n<li data-start=\"1119\" data-end=\"1253\">\n<p data-start=\"1121\" data-end=\"1253\"><strong data-start=\"1121\" data-end=\"1148\">Pantenoli (B5-vitamiini)<\/strong> \u2013 v\u00e4hent\u00e4\u00e4 punoitusta ja kutinaa, vahvistaa hydrolipidikerrosta, s\u00e4ilytt\u00e4\u00e4 kosteuden ja edist\u00e4\u00e4 palautumista.<\/p>\n<\/li>\n<li data-start=\"1254\" data-end=\"1441\">\n<p data-start=\"1256\" data-end=\"1441\"><strong data-start=\"1256\" data-end=\"1274\">Fytosfingosiini<\/strong> \u2013 luonnollinen lipidi, osa ihon hydrolipidikerrosta. Sill\u00e4 on antimikrobisia ja tulehdusta ehk\u00e4isevi\u00e4 vaikutuksia, se nopeuttaa paranemista ja osallistuu solujen v\u00e4liseen signalointiin.<\/p>\n<\/li>\n<li data-start=\"1442\" data-end=\"1614\">\n<p data-start=\"1444\" data-end=\"1614\"><strong data-start=\"1444\" data-end=\"1459\">Kolesteroli<\/strong> \u2013 lipidi, joka on fysiologinen ja turvallinen osa epidermaalista suojakerrosta. Parantaa suojakerrosta, yll\u00e4pit\u00e4\u00e4 ihon kosteustasapainoa ja ehk\u00e4isee kuivumista.<\/p>\n<\/li>\n<\/ul>\n<p data-start=\"1616\" data-end=\"1685\">Sopii normaalille, sekaiholle, kuivalle ja herk\u00e4lle iholle.<\/p>\n<p data-start=\"1687\" data-end=\"1779\"><strong data-start=\"1687\" data-end=\"1702\">K\u00e4ytt\u00f6:<\/strong> Kasvojen puhdistuksen ja kasvoveden j\u00e4lkeen levit\u00e4 seerumia iholle ja levit\u00e4 tasaisesti.<\/p>","protected":false},"excerpt":{"rendered":"<p>Suojakerros tehostaa Celimax Dual Barrier Boosting Serum kosteuttaa kuivaa ja tuulen vaurioittamaa ihoa, pehment\u00e4\u00e4 karheita alueita, poistaa ep\u00e4miellytt\u00e4v\u00e4n kirvelyn tunteen ja \u00e4rsytyksen. Tuote palauttaa vaurioituneen suojakerroksen, s\u00e4ilytt\u00e4\u00e4 kosteuden ihossa, tasoittaa rakennetta ja vahvistaa suojakerrosta. T\u00e4ydellinen vaurioituneen ja \u00e4rtyneen ihon hoitoon sek\u00e4 k\u00e4ytett\u00e4v\u00e4ksi talvella. K\u00e4tev\u00e4 annostelupullo pit\u00e4\u00e4 ilman ulkona ja tekee tuotteesta\u2026<\/p>","protected":false},"featured_media":15745,"comment_status":"open","ping_status":"closed","template":"","meta":{"_uf_show_specific_survey":0,"_uf_disable_surveys":false,"_bst_post_transparent":"default","_bst_post_title":"","_bst_post_layout":"default","_bst_post_sidebar_id":"","_bst_post_content_style":"default","_bst_post_vertical_padding":"default","_bst_post_feature":"","_bst_post_feature_position":"","_bst_post_header":false,"_bst_post_footer":false},"pwb-brand":[885],"product_brand":[],"product_cat":[92,97],"product_tag":[886,985,818,750],"class_list":{"0":"post-15744","1":"product","2":"type-product","3":"status-publish","4":"has-post-thumbnail","6":"pwb-brand-celimax","7":"product_cat-nagu","8":"product_cat-naoseerumid-ja-olid","9":"product_tag-celimax","10":"product_tag-kuiv","11":"product_tag-niisutav","12":"product_tag-tundlik","14":"first","15":"instock","16":"sale","17":"shipping-taxable","18":"purchasable","19":"product-type-simple","20":"entry","21":"content-bg","22":"loop-entry"},"supplier_id":null,"supplier_sku":"","barcode":null,"atum_controlled":true,"out_stock_date":null,"out_stock_threshold":null,"inheritable":false,"inbound_stock":0,"stock_on_hold":0,"sold_today":0,"sales_last_days":1,"out_stock_days":0,"lost_sales":0,"has_location":false,"update_date":"2026-04-14T00:05:14","atum_locations":[],"atum_stock_status":"instock","restock_status":false,"low_stock_amount":"","sales_update_date":"2026-04-14T00:05:14","calc_backorders":null,"yoast_head":"<!-- This site is optimized with the Yoast SEO plugin v27.2 - https:\/\/yoast.com\/product\/yoast-seo-wordpress\/ -->\n<title>Celimax Dual Barrier Boosting Serum, 30ml - IDA.KOREA<\/title>\n<meta name=\"description\" content=\"Celimax Dual Barrier Boosting Serum taastab naha kaitsebarj\u00e4\u00e4ri, rahustab \u00e4rritust ja niisutab s\u00fcgavuti. Sisaldab 5 tseramiidi kompleksi, Aquatide peptiidi ja pantenooli, mis hoiavad niiskust, v\u00e4hendavad punetust ja tugevdavad naha elastsust.\" \/>\n<meta name=\"robots\" content=\"index, follow, max-snippet:-1, max-image-preview:large, max-video-preview:-1\" \/>\n<link rel=\"canonical\" href=\"https:\/\/idakorea.ee\/fi\/product\/celimax-dual-barrier-boosting-serum-30ml\/\" \/>\n<meta property=\"og:locale\" content=\"fi_FI\" \/>\n<meta property=\"og:type\" content=\"article\" \/>\n<meta property=\"og:title\" content=\"Celimax Dual Barrier Boosting Serum, 30ml - IDA.KOREA\" \/>\n<meta property=\"og:description\" content=\"Celimax Dual Barrier Boosting Serum taastab naha kaitsebarj\u00e4\u00e4ri, rahustab \u00e4rritust ja niisutab s\u00fcgavuti. Sisaldab 5 tseramiidi kompleksi, Aquatide peptiidi ja pantenooli, mis hoiavad niiskust, v\u00e4hendavad punetust ja tugevdavad naha elastsust.\" \/>\n<meta property=\"og:url\" content=\"https:\/\/idakorea.ee\/fi\/product\/celimax-dual-barrier-boosting-serum-30ml\/\" \/>\n<meta property=\"og:site_name\" content=\"IDA.KOREA\" \/>\n<meta property=\"article:modified_time\" content=\"2026-04-01T10:30:42+00:00\" \/>\n<meta property=\"og:image\" content=\"https:\/\/idakorea.ee\/wp-content\/uploads\/2025\/09\/celimax-dual-barrier-boosting-serum-idakorea.jpg\" \/>\n\t<meta property=\"og:image:width\" content=\"1000\" \/>\n\t<meta property=\"og:image:height\" content=\"1000\" \/>\n\t<meta property=\"og:image:type\" content=\"image\/jpeg\" \/>\n<meta name=\"twitter:card\" content=\"summary_large_image\" \/>\n<meta name=\"twitter:label1\" content=\"Arvioitu lukuaika\" \/>\n\t<meta name=\"twitter:data1\" content=\"2 minuuttia\" \/>\n<script type=\"application\/ld+json\" class=\"yoast-schema-graph\">{\"@context\":\"https:\/\/schema.org\",\"@graph\":[{\"@type\":\"WebPage\",\"@id\":\"https:\/\/idakorea.ee\/product\/celimax-dual-barrier-boosting-serum-30ml\/\",\"url\":\"https:\/\/idakorea.ee\/product\/celimax-dual-barrier-boosting-serum-30ml\/\",\"name\":\"Celimax Dual Barrier Boosting Serum, 30ml - IDA.KOREA\",\"isPartOf\":{\"@id\":\"https:\/\/idakorea.ee\/#website\"},\"primaryImageOfPage\":{\"@id\":\"https:\/\/idakorea.ee\/product\/celimax-dual-barrier-boosting-serum-30ml\/#primaryimage\"},\"image\":{\"@id\":\"https:\/\/idakorea.ee\/product\/celimax-dual-barrier-boosting-serum-30ml\/#primaryimage\"},\"thumbnailUrl\":\"https:\/\/idakorea.ee\/wp-content\/uploads\/2025\/09\/celimax-dual-barrier-boosting-serum-idakorea.jpg\",\"datePublished\":\"2025-09-04T07:44:33+00:00\",\"dateModified\":\"2026-04-01T10:30:42+00:00\",\"description\":\"Celimax Dual Barrier Boosting Serum taastab naha kaitsebarj\u00e4\u00e4ri, rahustab \u00e4rritust ja niisutab s\u00fcgavuti. Sisaldab 5 tseramiidi kompleksi, Aquatide peptiidi ja pantenooli, mis hoiavad niiskust, v\u00e4hendavad punetust ja tugevdavad naha elastsust.\",\"breadcrumb\":{\"@id\":\"https:\/\/idakorea.ee\/product\/celimax-dual-barrier-boosting-serum-30ml\/#breadcrumb\"},\"inLanguage\":\"fi\",\"potentialAction\":[{\"@type\":\"ReadAction\",\"target\":[\"https:\/\/idakorea.ee\/product\/celimax-dual-barrier-boosting-serum-30ml\/\"]}]},{\"@type\":\"ImageObject\",\"inLanguage\":\"fi\",\"@id\":\"https:\/\/idakorea.ee\/product\/celimax-dual-barrier-boosting-serum-30ml\/#primaryimage\",\"url\":\"https:\/\/idakorea.ee\/wp-content\/uploads\/2025\/09\/celimax-dual-barrier-boosting-serum-idakorea.jpg\",\"contentUrl\":\"https:\/\/idakorea.ee\/wp-content\/uploads\/2025\/09\/celimax-dual-barrier-boosting-serum-idakorea.jpg\",\"width\":1000,\"height\":1000},{\"@type\":\"BreadcrumbList\",\"@id\":\"https:\/\/idakorea.ee\/product\/celimax-dual-barrier-boosting-serum-30ml\/#breadcrumb\",\"itemListElement\":[{\"@type\":\"ListItem\",\"position\":1,\"name\":\"\u0413\u043b\u0430\u0432\u043d\u0430\u044f \u0441\u0442\u0440\u0430\u043d\u0438\u0446\u0430\",\"item\":\"https:\/\/idakorea.ee\/\"},{\"@type\":\"ListItem\",\"position\":2,\"name\":\"Shop\",\"item\":\"https:\/\/idakorea.ee\/shop-2\/\"},{\"@type\":\"ListItem\",\"position\":3,\"name\":\"Barj\u00e4\u00e4rseerum-booster Celimax Dual Barrier Boosting Serum, 30ml\"}]},{\"@type\":\"WebSite\",\"@id\":\"https:\/\/idakorea.ee\/#website\",\"url\":\"https:\/\/idakorea.ee\/\",\"name\":\"IDA.KOREA\",\"description\":\"Korea kosmeetika e-pood\",\"publisher\":{\"@id\":\"https:\/\/idakorea.ee\/#organization\"},\"alternateName\":\"Beauty Shop\",\"potentialAction\":[{\"@type\":\"SearchAction\",\"target\":{\"@type\":\"EntryPoint\",\"urlTemplate\":\"https:\/\/idakorea.ee\/?s={search_term_string}\"},\"query-input\":{\"@type\":\"PropertyValueSpecification\",\"valueRequired\":true,\"valueName\":\"search_term_string\"}}],\"inLanguage\":\"fi\"},{\"@type\":\"Organization\",\"@id\":\"https:\/\/idakorea.ee\/#organization\",\"name\":\"IDA.KOREA\",\"url\":\"https:\/\/idakorea.ee\/\",\"logo\":{\"@type\":\"ImageObject\",\"inLanguage\":\"fi\",\"@id\":\"https:\/\/idakorea.ee\/#\/schema\/logo\/image\/\",\"url\":\"https:\/\/idakorea.ee\/wp-content\/uploads\/2024\/05\/cropped-korea3.png\",\"contentUrl\":\"https:\/\/idakorea.ee\/wp-content\/uploads\/2024\/05\/cropped-korea3.png\",\"width\":688,\"height\":126,\"caption\":\"IDA.KOREA\"},\"image\":{\"@id\":\"https:\/\/idakorea.ee\/#\/schema\/logo\/image\/\"},\"sameAs\":[\"https:\/\/www.instagram.com\/ida.korea\/\"]}]}<\/script>\n<!-- \/ Yoast SEO plugin. -->","yoast_head_json":{"title":"Celimax Dual Barrier Boosting Serum, 30ml - IDA.KOREA","description":"Celimax Dual Barrier Boosting Serum palauttaa ihon suojakerroksen, rauhoittaa \u00e4rsytyst\u00e4 ja kosteuttaa syv\u00e4lt\u00e4. Sis\u00e4lt\u00e4\u00e4 viitt\u00e4 keramidikompleksia, Aquatide-peptidi\u00e4 ja pantenolia, jotka lukitsevat kosteuden ihoon, v\u00e4hent\u00e4v\u00e4t punoitusta ja vahvistavat ihon kimmoisuutta.","robots":{"index":"index","follow":"follow","max-snippet":"max-snippet:-1","max-image-preview":"max-image-preview:large","max-video-preview":"max-video-preview:-1"},"canonical":"https:\/\/idakorea.ee\/fi\/product\/celimax-dual-barrier-boosting-serum-30ml\/","og_locale":"fi_FI","og_type":"article","og_title":"Celimax Dual Barrier Boosting Serum, 30ml - IDA.KOREA","og_description":"Celimax Dual Barrier Boosting Serum taastab naha kaitsebarj\u00e4\u00e4ri, rahustab \u00e4rritust ja niisutab s\u00fcgavuti. Sisaldab 5 tseramiidi kompleksi, Aquatide peptiidi ja pantenooli, mis hoiavad niiskust, v\u00e4hendavad punetust ja tugevdavad naha elastsust.","og_url":"https:\/\/idakorea.ee\/fi\/product\/celimax-dual-barrier-boosting-serum-30ml\/","og_site_name":"IDA.KOREA","article_modified_time":"2026-04-01T10:30:42+00:00","og_image":[{"width":1000,"height":1000,"url":"https:\/\/idakorea.ee\/wp-content\/uploads\/2025\/09\/celimax-dual-barrier-boosting-serum-idakorea.jpg","type":"image\/jpeg"}],"twitter_card":"summary_large_image","twitter_misc":{"Arvioitu lukuaika":"2 minuuttia"},"schema":{"@context":"https:\/\/schema.org","@graph":[{"@type":"WebPage","@id":"https:\/\/idakorea.ee\/product\/celimax-dual-barrier-boosting-serum-30ml\/","url":"https:\/\/idakorea.ee\/product\/celimax-dual-barrier-boosting-serum-30ml\/","name":"Celimax Dual Barrier Boosting Serum, 30ml - IDA.KOREA","isPartOf":{"@id":"https:\/\/idakorea.ee\/#website"},"primaryImageOfPage":{"@id":"https:\/\/idakorea.ee\/product\/celimax-dual-barrier-boosting-serum-30ml\/#primaryimage"},"image":{"@id":"https:\/\/idakorea.ee\/product\/celimax-dual-barrier-boosting-serum-30ml\/#primaryimage"},"thumbnailUrl":"https:\/\/idakorea.ee\/wp-content\/uploads\/2025\/09\/celimax-dual-barrier-boosting-serum-idakorea.jpg","datePublished":"2025-09-04T07:44:33+00:00","dateModified":"2026-04-01T10:30:42+00:00","description":"Celimax Dual Barrier Boosting Serum palauttaa ihon suojakerroksen, rauhoittaa \u00e4rsytyst\u00e4 ja kosteuttaa syv\u00e4lt\u00e4. Sis\u00e4lt\u00e4\u00e4 viitt\u00e4 keramidikompleksia, Aquatide-peptidi\u00e4 ja pantenolia, jotka lukitsevat kosteuden ihoon, v\u00e4hent\u00e4v\u00e4t punoitusta ja vahvistavat ihon kimmoisuutta.","breadcrumb":{"@id":"https:\/\/idakorea.ee\/product\/celimax-dual-barrier-boosting-serum-30ml\/#breadcrumb"},"inLanguage":"fi","potentialAction":[{"@type":"ReadAction","target":["https:\/\/idakorea.ee\/product\/celimax-dual-barrier-boosting-serum-30ml\/"]}]},{"@type":"ImageObject","inLanguage":"fi","@id":"https:\/\/idakorea.ee\/product\/celimax-dual-barrier-boosting-serum-30ml\/#primaryimage","url":"https:\/\/idakorea.ee\/wp-content\/uploads\/2025\/09\/celimax-dual-barrier-boosting-serum-idakorea.jpg","contentUrl":"https:\/\/idakorea.ee\/wp-content\/uploads\/2025\/09\/celimax-dual-barrier-boosting-serum-idakorea.jpg","width":1000,"height":1000},{"@type":"BreadcrumbList","@id":"https:\/\/idakorea.ee\/product\/celimax-dual-barrier-boosting-serum-30ml\/#breadcrumb","itemListElement":[{"@type":"ListItem","position":1,"name":"\u0413\u043b\u0430\u0432\u043d\u0430\u044f \u0441\u0442\u0440\u0430\u043d\u0438\u0446\u0430","item":"https:\/\/idakorea.ee\/"},{"@type":"ListItem","position":2,"name":"Shop","item":"https:\/\/idakorea.ee\/shop-2\/"},{"@type":"ListItem","position":3,"name":"Barj\u00e4\u00e4rseerum-booster Celimax Dual Barrier Boosting Serum, 30ml"}]},{"@type":"WebSite","@id":"https:\/\/idakorea.ee\/#website","url":"https:\/\/idakorea.ee\/","name":"IDA.KOREA","description":"Korean kosmetiikan verkkokauppa","publisher":{"@id":"https:\/\/idakorea.ee\/#organization"},"alternateName":"Beauty Shop","potentialAction":[{"@type":"SearchAction","target":{"@type":"EntryPoint","urlTemplate":"https:\/\/idakorea.ee\/?s={search_term_string}"},"query-input":{"@type":"PropertyValueSpecification","valueRequired":true,"valueName":"search_term_string"}}],"inLanguage":"fi"},{"@type":"Organization","@id":"https:\/\/idakorea.ee\/#organization","name":"IDA.KOREA","url":"https:\/\/idakorea.ee\/","logo":{"@type":"ImageObject","inLanguage":"fi","@id":"https:\/\/idakorea.ee\/#\/schema\/logo\/image\/","url":"https:\/\/idakorea.ee\/wp-content\/uploads\/2024\/05\/cropped-korea3.png","contentUrl":"https:\/\/idakorea.ee\/wp-content\/uploads\/2024\/05\/cropped-korea3.png","width":688,"height":126,"caption":"IDA.KOREA"},"image":{"@id":"https:\/\/idakorea.ee\/#\/schema\/logo\/image\/"},"sameAs":["https:\/\/www.instagram.com\/ida.korea\/"]}]}},"jetpack_sharing_enabled":true,"brands":[{"id":885,"name":"CELIMAX","slug":"celimax"}],"_links":{"self":[{"href":"https:\/\/idakorea.ee\/fi\/wp-json\/wp\/v2\/product\/15744","targetHints":{"allow":["GET"]}}],"collection":[{"href":"https:\/\/idakorea.ee\/fi\/wp-json\/wp\/v2\/product"}],"about":[{"href":"https:\/\/idakorea.ee\/fi\/wp-json\/wp\/v2\/types\/product"}],"replies":[{"embeddable":true,"href":"https:\/\/idakorea.ee\/fi\/wp-json\/wp\/v2\/comments?post=15744"}],"version-history":[{"count":2,"href":"https:\/\/idakorea.ee\/fi\/wp-json\/wp\/v2\/product\/15744\/revisions"}],"predecessor-version":[{"id":15750,"href":"https:\/\/idakorea.ee\/fi\/wp-json\/wp\/v2\/product\/15744\/revisions\/15750"}],"wp:featuredmedia":[{"embeddable":true,"href":"https:\/\/idakorea.ee\/fi\/wp-json\/wp\/v2\/media\/15745"}],"wp:attachment":[{"href":"https:\/\/idakorea.ee\/fi\/wp-json\/wp\/v2\/media?parent=15744"}],"wp:term":[{"taxonomy":"pwb-brand","embeddable":true,"href":"https:\/\/idakorea.ee\/fi\/wp-json\/wp\/v2\/pwb-brand?post=15744"},{"taxonomy":"product_brand","embeddable":true,"href":"https:\/\/idakorea.ee\/fi\/wp-json\/wp\/v2\/product_brand?post=15744"},{"taxonomy":"product_cat","embeddable":true,"href":"https:\/\/idakorea.ee\/fi\/wp-json\/wp\/v2\/product_cat?post=15744"},{"taxonomy":"product_tag","embeddable":true,"href":"https:\/\/idakorea.ee\/fi\/wp-json\/wp\/v2\/product_tag?post=15744"}],"curies":[{"name":"wp","href":"https:\/\/api.w.org\/{rel}","templated":true}]}}