{"id":15751,"date":"2025-09-04T13:46:57","date_gmt":"2025-09-04T10:46:57","guid":{"rendered":"https:\/\/idakorea.ee\/?post_type=product&#038;p=15751"},"modified":"2026-03-17T00:08:33","modified_gmt":"2026-03-16T22:08:33","slug":"iunik-beta-glucan-3x-barrier-cream-50ml","status":"publish","type":"product","link":"https:\/\/idakorea.ee\/fi\/product\/iunik-beta-glucan-3x-barrier-cream-50ml\/","title":{"rendered":"Kosteusvoide iUNIK Beta Glucan 3X Barrier Cream, 50ml"},"content":{"rendered":"<p data-start=\"139\" data-end=\"520\">Koe syv\u00e4kosteutusta ja p\u00e4ivitt\u00e4ist\u00e4 suojaa <strong>iUNIK Beta Glucan 3X Barrier Cream<\/strong> voide \u2013 rikas mutta kevyt kosteusvoide, joka vahvistaa ihon suojakerrosta ja antaa pitk\u00e4kestoista kosteutta. Voiteen vaikuttava aine on beetaglukaani, jonka tiedet\u00e4\u00e4n kosteuttavan paremmin kuin hyaluronihappo. Se auttaa s\u00e4ilytt\u00e4m\u00e4\u00e4n ihon kosteuden, jolloin se on joustava, sile\u00e4 ja kimmoisa.<\/p>\n<p data-start=\"522\" data-end=\"780\">Luonnolliset rauhoittavat uutteet, kuten Centella Asiatica ja punaisten hedelmien uutteet, auttavat lievitt\u00e4m\u00e4\u00e4n \u00e4rsytyst\u00e4 ja parantamaan ihon yleist\u00e4 terveytt\u00e4. Kevyt ja tahmaamaton koostumus tekee voiteesta ihanteellisen sek\u00e4 p\u00e4iv\u00e4- ett\u00e4 y\u00f6voiteeksi.<\/p>\n<p data-start=\"522\" data-end=\"780\">iUNIK Beta Glucan 3X Barrier Cream tarjoaa kolmitehoista hoitoa: syv\u00e4kosteutuksen, ihon luonnollisen suojakerroksen vahvistamisen ja kimmoisuuden parantamisen. Nopeasti imeytyv\u00e4 koostumus ei j\u00e4t\u00e4 j\u00e4\u00e4mi\u00e4, joten voide sopii t\u00e4ydellisesti p\u00e4ivitt\u00e4iseen k\u00e4ytt\u00f6\u00f6n jopa herk\u00e4lle iholle. Todellinen &quot;all-in-one&quot; -kosteusvoide sek\u00e4 p\u00e4iv\u00e4- ett\u00e4 y\u00f6hoitoon.<\/p>\n<p data-start=\"782\" data-end=\"809\"><strong data-start=\"782\" data-end=\"807\">T\u00e4rkeimm\u00e4t ainesosat:<\/strong><\/p>\n<ul data-start=\"810\" data-end=\"1168\">\n<li data-start=\"810\" data-end=\"932\">\n<p data-start=\"812\" data-end=\"932\"><strong data-start=\"812\" data-end=\"828\">Beetaglukaani<\/strong> \u2013 kosteuttaa tehokkaasti ja vahvistaa ihon suojakerrosta toimimalla tehokkaammin kuin hyaluronihappo.<\/p>\n<\/li>\n<li data-start=\"933\" data-end=\"1011\">\n<p data-start=\"935\" data-end=\"1011\"><strong data-start=\"935\" data-end=\"962\">Aasian vesikrassiuute<\/strong> \u2013 rauhoittaa \u00e4rsytyst\u00e4 ja tukee ihon uudistumista.<\/p>\n<\/li>\n<li data-start=\"1012\" data-end=\"1098\">\n<p data-start=\"1014\" data-end=\"1098\"><strong data-start=\"1014\" data-end=\"1044\">Punaisten hedelmien uutteet<\/strong> \u2013 tarjoavat antioksidanttisuojaa, elvytt\u00e4v\u00e4t ihoa.<\/p>\n<\/li>\n<li data-start=\"1099\" data-end=\"1168\">\n<p data-start=\"1101\" data-end=\"1168\"><strong data-start=\"1101\" data-end=\"1128\">Pantenoli (B5-vitamiini)<\/strong> \u2013 kosteuttaa ja vahvistaa ihon suojakerrosta.<\/p>\n<\/li>\n<\/ul>\n<p data-start=\"1170\" data-end=\"1518\">Sopii normaalille, kuivalle ja herk\u00e4lle iholle.<\/p>\n<p data-start=\"1520\" data-end=\"1653\"><strong data-start=\"1520\" data-end=\"1535\">K\u00e4ytt\u00f6:<\/strong><br data-start=\"1535\" data-end=\"1538\" \/>Levit\u00e4 pieni m\u00e4\u00e4r\u00e4 voidetta ihonhoitorutiinisi viimeisen\u00e4 vaiheena. Hiero hell\u00e4varaisesti, kunnes tuote on t\u00e4ysin imeytynyt.<\/p>","protected":false},"excerpt":{"rendered":"<p>Koe syv\u00e4kosteutus ja p\u00e4ivitt\u00e4inen suoja iUNIK Beta Glucan 3X Barrier Creamilla \u2013 t\u00e4ytel\u00e4inen mutta kevyt kosteusvoide, joka vahvistaa ihon suojakerrosta ja tarjoaa pitk\u00e4kestoista kosteutta. Voiteen vaikuttava aine on beetaglukaani, jonka tiedet\u00e4\u00e4n kosteuttavan paremmin kuin hyaluronihappo. Se auttaa s\u00e4ilytt\u00e4m\u00e4\u00e4n ihon kosteuden, jolloin se on joustava, sile\u00e4 ja kimmoisa. Luonnolliset rauhoittavat uutteet, kuten Centella Asiatica (Centella\u2026<\/p>","protected":false},"featured_media":15752,"comment_status":"open","ping_status":"closed","template":"","meta":{"_uf_show_specific_survey":0,"_uf_disable_surveys":false,"_bst_post_transparent":"default","_bst_post_title":"","_bst_post_layout":"default","_bst_post_sidebar_id":"","_bst_post_content_style":"default","_bst_post_vertical_padding":"default","_bst_post_feature":"","_bst_post_feature_position":"","_bst_post_header":false,"_bst_post_footer":false},"pwb-brand":[486],"product_brand":[],"product_cat":[92,96],"product_tag":[985,439,986],"class_list":{"0":"post-15751","1":"product","2":"type-product","3":"status-publish","4":"has-post-thumbnail","6":"pwb-brand-iunik","7":"product_cat-nagu","8":"product_cat-naokreemid","9":"product_tag-kuiv","10":"product_tag-rahustav","11":"product_tag-tndlik","13":"first","14":"outofstock","15":"sale","16":"shipping-taxable","17":"purchasable","18":"product-type-simple","19":"entry","20":"content-bg","21":"loop-entry"},"supplier_id":null,"supplier_sku":"","barcode":null,"atum_controlled":true,"out_stock_date":"2026-03-17 00:08:33","out_stock_threshold":null,"inheritable":false,"inbound_stock":0,"stock_on_hold":0,"sold_today":0,"sales_last_days":1,"out_stock_days":27,"lost_sales":138,"has_location":false,"update_date":"2026-04-14T00:05:10","atum_locations":[],"atum_stock_status":"outofstock","restock_status":false,"low_stock_amount":"","sales_update_date":"2026-04-14T00:05:10","calc_backorders":null,"yoast_head":"<!-- This site is optimized with the Yoast SEO plugin v27.2 - https:\/\/yoast.com\/product\/yoast-seo-wordpress\/ -->\n<title>iUNIK Beta Glucan 3X Barrier Cream, 50ml - IDA.KOREA<\/title>\n<meta name=\"description\" content=\"Kreem tugevdab naha kaitsebarj\u00e4\u00e4ri ja pakub 20% t\u00f5husamat niisutust kui h\u00fcaluroonhape. Rahustab, taastab ja parandab elastsust, j\u00e4ttes naha siledaks ja terveks.\" \/>\n<meta name=\"robots\" content=\"index, follow, max-snippet:-1, max-image-preview:large, max-video-preview:-1\" \/>\n<link rel=\"canonical\" href=\"https:\/\/idakorea.ee\/fi\/product\/iunik-beta-glucan-3x-barrier-cream-50ml\/\" \/>\n<meta property=\"og:locale\" content=\"fi_FI\" \/>\n<meta property=\"og:type\" content=\"article\" \/>\n<meta property=\"og:title\" content=\"iUNIK Beta Glucan 3X Barrier Cream, 50ml - IDA.KOREA\" \/>\n<meta property=\"og:description\" content=\"Kreem tugevdab naha kaitsebarj\u00e4\u00e4ri ja pakub 20% t\u00f5husamat niisutust kui h\u00fcaluroonhape. Rahustab, taastab ja parandab elastsust, j\u00e4ttes naha siledaks ja terveks.\" \/>\n<meta property=\"og:url\" content=\"https:\/\/idakorea.ee\/fi\/product\/iunik-beta-glucan-3x-barrier-cream-50ml\/\" \/>\n<meta property=\"og:site_name\" content=\"IDA.KOREA\" \/>\n<meta property=\"article:modified_time\" content=\"2026-03-16T22:08:33+00:00\" \/>\n<meta property=\"og:image\" content=\"https:\/\/idakorea.ee\/wp-content\/uploads\/2025\/09\/betaglucan3xcream-idakorea.jpg\" \/>\n\t<meta property=\"og:image:width\" content=\"1080\" \/>\n\t<meta property=\"og:image:height\" content=\"1080\" \/>\n\t<meta property=\"og:image:type\" content=\"image\/jpeg\" \/>\n<meta name=\"twitter:card\" content=\"summary_large_image\" \/>\n<meta name=\"twitter:label1\" content=\"Arvioitu lukuaika\" \/>\n\t<meta name=\"twitter:data1\" content=\"2 minuuttia\" \/>\n<script type=\"application\/ld+json\" class=\"yoast-schema-graph\">{\"@context\":\"https:\/\/schema.org\",\"@graph\":[{\"@type\":\"WebPage\",\"@id\":\"https:\/\/idakorea.ee\/product\/iunik-beta-glucan-3x-barrier-cream-50ml\/\",\"url\":\"https:\/\/idakorea.ee\/product\/iunik-beta-glucan-3x-barrier-cream-50ml\/\",\"name\":\"iUNIK Beta Glucan 3X Barrier Cream, 50ml - IDA.KOREA\",\"isPartOf\":{\"@id\":\"https:\/\/idakorea.ee\/#website\"},\"primaryImageOfPage\":{\"@id\":\"https:\/\/idakorea.ee\/product\/iunik-beta-glucan-3x-barrier-cream-50ml\/#primaryimage\"},\"image\":{\"@id\":\"https:\/\/idakorea.ee\/product\/iunik-beta-glucan-3x-barrier-cream-50ml\/#primaryimage\"},\"thumbnailUrl\":\"https:\/\/idakorea.ee\/wp-content\/uploads\/2025\/09\/betaglucan3xcream-idakorea.jpg\",\"datePublished\":\"2025-09-04T10:46:57+00:00\",\"dateModified\":\"2026-03-16T22:08:33+00:00\",\"description\":\"Kreem tugevdab naha kaitsebarj\u00e4\u00e4ri ja pakub 20% t\u00f5husamat niisutust kui h\u00fcaluroonhape. Rahustab, taastab ja parandab elastsust, j\u00e4ttes naha siledaks ja terveks.\",\"breadcrumb\":{\"@id\":\"https:\/\/idakorea.ee\/product\/iunik-beta-glucan-3x-barrier-cream-50ml\/#breadcrumb\"},\"inLanguage\":\"fi\",\"potentialAction\":[{\"@type\":\"ReadAction\",\"target\":[\"https:\/\/idakorea.ee\/product\/iunik-beta-glucan-3x-barrier-cream-50ml\/\"]}]},{\"@type\":\"ImageObject\",\"inLanguage\":\"fi\",\"@id\":\"https:\/\/idakorea.ee\/product\/iunik-beta-glucan-3x-barrier-cream-50ml\/#primaryimage\",\"url\":\"https:\/\/idakorea.ee\/wp-content\/uploads\/2025\/09\/betaglucan3xcream-idakorea.jpg\",\"contentUrl\":\"https:\/\/idakorea.ee\/wp-content\/uploads\/2025\/09\/betaglucan3xcream-idakorea.jpg\",\"width\":1080,\"height\":1080},{\"@type\":\"BreadcrumbList\",\"@id\":\"https:\/\/idakorea.ee\/product\/iunik-beta-glucan-3x-barrier-cream-50ml\/#breadcrumb\",\"itemListElement\":[{\"@type\":\"ListItem\",\"position\":1,\"name\":\"\u0413\u043b\u0430\u0432\u043d\u0430\u044f \u0441\u0442\u0440\u0430\u043d\u0438\u0446\u0430\",\"item\":\"https:\/\/idakorea.ee\/\"},{\"@type\":\"ListItem\",\"position\":2,\"name\":\"Shop\",\"item\":\"https:\/\/idakorea.ee\/shop-2\/\"},{\"@type\":\"ListItem\",\"position\":3,\"name\":\"Niisutav kreem iUNIK Beta Glucan 3X Barrier Cream, 50ml\"}]},{\"@type\":\"WebSite\",\"@id\":\"https:\/\/idakorea.ee\/#website\",\"url\":\"https:\/\/idakorea.ee\/\",\"name\":\"IDA.KOREA\",\"description\":\"Korea kosmeetika e-pood\",\"publisher\":{\"@id\":\"https:\/\/idakorea.ee\/#organization\"},\"alternateName\":\"Beauty Shop\",\"potentialAction\":[{\"@type\":\"SearchAction\",\"target\":{\"@type\":\"EntryPoint\",\"urlTemplate\":\"https:\/\/idakorea.ee\/?s={search_term_string}\"},\"query-input\":{\"@type\":\"PropertyValueSpecification\",\"valueRequired\":true,\"valueName\":\"search_term_string\"}}],\"inLanguage\":\"fi\"},{\"@type\":\"Organization\",\"@id\":\"https:\/\/idakorea.ee\/#organization\",\"name\":\"IDA.KOREA\",\"url\":\"https:\/\/idakorea.ee\/\",\"logo\":{\"@type\":\"ImageObject\",\"inLanguage\":\"fi\",\"@id\":\"https:\/\/idakorea.ee\/#\/schema\/logo\/image\/\",\"url\":\"https:\/\/idakorea.ee\/wp-content\/uploads\/2024\/05\/cropped-korea3.png\",\"contentUrl\":\"https:\/\/idakorea.ee\/wp-content\/uploads\/2024\/05\/cropped-korea3.png\",\"width\":688,\"height\":126,\"caption\":\"IDA.KOREA\"},\"image\":{\"@id\":\"https:\/\/idakorea.ee\/#\/schema\/logo\/image\/\"},\"sameAs\":[\"https:\/\/www.instagram.com\/ida.korea\/\"]}]}<\/script>\n<!-- \/ Yoast SEO plugin. -->","yoast_head_json":{"title":"iUNIK Beta Glucan 3X -suojavoide, 50ml - IDA.KOREA","description":"Voide vahvistaa ihon suojakerrosta ja tarjoaa tehokkaampaa kosteutta kuin hyaluronihappo. Rauhoittaa, palauttaa ja parantaa ihon kimmoisuutta j\u00e4tt\u00e4en sen sile\u00e4ksi ja terveeksi.","robots":{"index":"index","follow":"follow","max-snippet":"max-snippet:-1","max-image-preview":"max-image-preview:large","max-video-preview":"max-video-preview:-1"},"canonical":"https:\/\/idakorea.ee\/fi\/product\/iunik-beta-glucan-3x-barrier-cream-50ml\/","og_locale":"fi_FI","og_type":"article","og_title":"iUNIK Beta Glucan 3X Barrier Cream, 50ml - IDA.KOREA","og_description":"Kreem tugevdab naha kaitsebarj\u00e4\u00e4ri ja pakub 20% t\u00f5husamat niisutust kui h\u00fcaluroonhape. Rahustab, taastab ja parandab elastsust, j\u00e4ttes naha siledaks ja terveks.","og_url":"https:\/\/idakorea.ee\/fi\/product\/iunik-beta-glucan-3x-barrier-cream-50ml\/","og_site_name":"IDA.KOREA","article_modified_time":"2026-03-16T22:08:33+00:00","og_image":[{"width":1080,"height":1080,"url":"https:\/\/idakorea.ee\/wp-content\/uploads\/2025\/09\/betaglucan3xcream-idakorea.jpg","type":"image\/jpeg"}],"twitter_card":"summary_large_image","twitter_misc":{"Arvioitu lukuaika":"2 minuuttia"},"schema":{"@context":"https:\/\/schema.org","@graph":[{"@type":"WebPage","@id":"https:\/\/idakorea.ee\/product\/iunik-beta-glucan-3x-barrier-cream-50ml\/","url":"https:\/\/idakorea.ee\/product\/iunik-beta-glucan-3x-barrier-cream-50ml\/","name":"iUNIK Beta Glucan 3X -suojavoide, 50ml - IDA.KOREA","isPartOf":{"@id":"https:\/\/idakorea.ee\/#website"},"primaryImageOfPage":{"@id":"https:\/\/idakorea.ee\/product\/iunik-beta-glucan-3x-barrier-cream-50ml\/#primaryimage"},"image":{"@id":"https:\/\/idakorea.ee\/product\/iunik-beta-glucan-3x-barrier-cream-50ml\/#primaryimage"},"thumbnailUrl":"https:\/\/idakorea.ee\/wp-content\/uploads\/2025\/09\/betaglucan3xcream-idakorea.jpg","datePublished":"2025-09-04T10:46:57+00:00","dateModified":"2026-03-16T22:08:33+00:00","description":"Voide vahvistaa ihon suojakerrosta ja tarjoaa tehokkaampaa kosteutta kuin hyaluronihappo. Rauhoittaa, palauttaa ja parantaa ihon kimmoisuutta j\u00e4tt\u00e4en sen sile\u00e4ksi ja terveeksi.","breadcrumb":{"@id":"https:\/\/idakorea.ee\/product\/iunik-beta-glucan-3x-barrier-cream-50ml\/#breadcrumb"},"inLanguage":"fi","potentialAction":[{"@type":"ReadAction","target":["https:\/\/idakorea.ee\/product\/iunik-beta-glucan-3x-barrier-cream-50ml\/"]}]},{"@type":"ImageObject","inLanguage":"fi","@id":"https:\/\/idakorea.ee\/product\/iunik-beta-glucan-3x-barrier-cream-50ml\/#primaryimage","url":"https:\/\/idakorea.ee\/wp-content\/uploads\/2025\/09\/betaglucan3xcream-idakorea.jpg","contentUrl":"https:\/\/idakorea.ee\/wp-content\/uploads\/2025\/09\/betaglucan3xcream-idakorea.jpg","width":1080,"height":1080},{"@type":"BreadcrumbList","@id":"https:\/\/idakorea.ee\/product\/iunik-beta-glucan-3x-barrier-cream-50ml\/#breadcrumb","itemListElement":[{"@type":"ListItem","position":1,"name":"\u0413\u043b\u0430\u0432\u043d\u0430\u044f \u0441\u0442\u0440\u0430\u043d\u0438\u0446\u0430","item":"https:\/\/idakorea.ee\/"},{"@type":"ListItem","position":2,"name":"Shop","item":"https:\/\/idakorea.ee\/shop-2\/"},{"@type":"ListItem","position":3,"name":"Niisutav kreem iUNIK Beta Glucan 3X Barrier Cream, 50ml"}]},{"@type":"WebSite","@id":"https:\/\/idakorea.ee\/#website","url":"https:\/\/idakorea.ee\/","name":"IDA.KOREA","description":"Korean kosmetiikan verkkokauppa","publisher":{"@id":"https:\/\/idakorea.ee\/#organization"},"alternateName":"Beauty Shop","potentialAction":[{"@type":"SearchAction","target":{"@type":"EntryPoint","urlTemplate":"https:\/\/idakorea.ee\/?s={search_term_string}"},"query-input":{"@type":"PropertyValueSpecification","valueRequired":true,"valueName":"search_term_string"}}],"inLanguage":"fi"},{"@type":"Organization","@id":"https:\/\/idakorea.ee\/#organization","name":"IDA.KOREA","url":"https:\/\/idakorea.ee\/","logo":{"@type":"ImageObject","inLanguage":"fi","@id":"https:\/\/idakorea.ee\/#\/schema\/logo\/image\/","url":"https:\/\/idakorea.ee\/wp-content\/uploads\/2024\/05\/cropped-korea3.png","contentUrl":"https:\/\/idakorea.ee\/wp-content\/uploads\/2024\/05\/cropped-korea3.png","width":688,"height":126,"caption":"IDA.KOREA"},"image":{"@id":"https:\/\/idakorea.ee\/#\/schema\/logo\/image\/"},"sameAs":["https:\/\/www.instagram.com\/ida.korea\/"]}]}},"jetpack_sharing_enabled":true,"brands":[{"id":486,"name":"IUNIK","slug":"iunik"}],"_links":{"self":[{"href":"https:\/\/idakorea.ee\/fi\/wp-json\/wp\/v2\/product\/15751","targetHints":{"allow":["GET"]}}],"collection":[{"href":"https:\/\/idakorea.ee\/fi\/wp-json\/wp\/v2\/product"}],"about":[{"href":"https:\/\/idakorea.ee\/fi\/wp-json\/wp\/v2\/types\/product"}],"replies":[{"embeddable":true,"href":"https:\/\/idakorea.ee\/fi\/wp-json\/wp\/v2\/comments?post=15751"}],"version-history":[{"count":2,"href":"https:\/\/idakorea.ee\/fi\/wp-json\/wp\/v2\/product\/15751\/revisions"}],"predecessor-version":[{"id":17796,"href":"https:\/\/idakorea.ee\/fi\/wp-json\/wp\/v2\/product\/15751\/revisions\/17796"}],"wp:featuredmedia":[{"embeddable":true,"href":"https:\/\/idakorea.ee\/fi\/wp-json\/wp\/v2\/media\/15752"}],"wp:attachment":[{"href":"https:\/\/idakorea.ee\/fi\/wp-json\/wp\/v2\/media?parent=15751"}],"wp:term":[{"taxonomy":"pwb-brand","embeddable":true,"href":"https:\/\/idakorea.ee\/fi\/wp-json\/wp\/v2\/pwb-brand?post=15751"},{"taxonomy":"product_brand","embeddable":true,"href":"https:\/\/idakorea.ee\/fi\/wp-json\/wp\/v2\/product_brand?post=15751"},{"taxonomy":"product_cat","embeddable":true,"href":"https:\/\/idakorea.ee\/fi\/wp-json\/wp\/v2\/product_cat?post=15751"},{"taxonomy":"product_tag","embeddable":true,"href":"https:\/\/idakorea.ee\/fi\/wp-json\/wp\/v2\/product_tag?post=15751"}],"curies":[{"name":"wp","href":"https:\/\/api.w.org\/{rel}","templated":true}]}}