{"id":15802,"date":"2025-09-09T09:57:50","date_gmt":"2025-09-09T06:57:50","guid":{"rendered":"https:\/\/idakorea.ee\/?post_type=product&#038;p=15802"},"modified":"2026-03-20T00:17:20","modified_gmt":"2026-03-19T22:17:20","slug":"haruharu-wonder-centella-sunflower-makeup-melting-cleansing-balm-100g","status":"publish","type":"product","link":"https:\/\/idakorea.ee\/fi\/product\/haruharu-wonder-centella-sunflower-makeup-melting-cleansing-balm-100g\/","title":{"rendered":"Hell\u00e4varainen hydrofiilinen balsami Haruharu Wonder Centella Sunflower Makeup Melting Cleansing Balm, 100g"},"content":{"rendered":"<p data-start=\"39\" data-end=\"439\">\u00a0Hell\u00e4varainen hydrofiilinen hoitoaine<strong data-start=\"39\" data-end=\"137\"> Haruharu Wonder Centella Sunflower Makeup Melting Cleansing Balm\u00a0<\/strong>Muuttuu \u00f6ljyksi joutuessaan iholle ja liuottaa tehokkaasti meikin, aurinkosuojan, talin ja lian aiheuttamatta kuivuutta tai kirist\u00e4v\u00e4\u00e4 tunnetta. Koostumus yhdist\u00e4\u00e4 ravitsevia \u00f6ljyj\u00e4, centellaa, skvalaania ja pantenolia, jotka auttavat ihoa puhdistumaan samalla ravitsemalla, rauhoittamalla ja vahvistamalla sen suojakerrosta.<\/p>\n<p data-start=\"441\" data-end=\"573\">Koostumus on sulfaatiton, silikoniton, hajusteeton ja alkoholiton. Se ei tunnu tahmealta, ei j\u00e4t\u00e4 kalvoa eik\u00e4 tuki ihohuokosia.<\/p>\n<p data-start=\"575\" data-end=\"601\"><strong data-start=\"575\" data-end=\"599\">T\u00e4rkeimm\u00e4t vaikuttavat aineet:<\/strong><\/p>\n<ul data-start=\"602\" data-end=\"1385\">\n<li data-start=\"602\" data-end=\"742\">\n<p data-start=\"604\" data-end=\"742\"><strong data-start=\"604\" data-end=\"621\">Auringonkukka\u00f6ljy<\/strong> \u2013 runsas E-vitamiinin ja v\u00e4ltt\u00e4m\u00e4tt\u00f6mien rasvahappojen l\u00e4hde, ravitsee ja puhdistaa ihoa hell\u00e4varaisesti, liuottaa meikin ja lian.<\/p>\n<\/li>\n<li data-start=\"743\" data-end=\"839\">\n<p data-start=\"745\" data-end=\"839\"><strong data-start=\"745\" data-end=\"758\">Jojoba\u00f6ljy<\/strong> \u2013 normalisoi talintuotantoa, kosteuttaa ja pehment\u00e4\u00e4 ihoa ilman raskauden tunnetta.<\/p>\n<\/li>\n<li data-start=\"840\" data-end=\"919\">\n<p data-start=\"842\" data-end=\"919\"><strong data-start=\"842\" data-end=\"857\">Argan\u00f6ljy<\/strong> \u2013 vahva antioksidantti, parantaa ihon kimmoisuutta ja rakennetta.<\/p>\n<\/li>\n<li data-start=\"920\" data-end=\"1019\">\n<p data-start=\"922\" data-end=\"1019\"><strong data-start=\"922\" data-end=\"934\">Skvala<\/strong> \u2013 ihon lipidien kaltainen komponentti, joka s\u00e4ilytt\u00e4\u00e4 kosteutta ja tekee ihosta samettisen.<\/p>\n<\/li>\n<li data-start=\"1020\" data-end=\"1119\">\n<p data-start=\"1022\" data-end=\"1119\"><strong data-start=\"1022\" data-end=\"1042\">Sheavoi (karit\u00e9)<\/strong> \u2013 ravitsee syv\u00e4sti, est\u00e4\u00e4 kosteuden haihtumista ja antaa miellytt\u00e4v\u00e4n tunteen puhdistuksen j\u00e4lkeen.<\/p>\n<\/li>\n<li data-start=\"1120\" data-end=\"1251\">\n<p data-start=\"1122\" data-end=\"1251\"><strong data-start=\"1122\" data-end=\"1173\">Aasian centella-uutetta ja pantenolia<\/strong> \u2013 rauhoittaa \u00e4rsytyst\u00e4, tukee ihon uudistumista ja v\u00e4hent\u00e4\u00e4 ihon sameutta.<\/p>\n<\/li>\n<li data-start=\"1252\" data-end=\"1385\">\n<p data-start=\"1254\" data-end=\"1385\"><strong data-start=\"1254\" data-end=\"1299\">Oliivi\u00f6ljy-, teepuu- ja keh\u00e4kukkauutteet<\/strong> \u2013 tarjoavat antioksidanttisia, antibakteerisia ja rauhoittavia vaikutuksia, v\u00e4hent\u00e4en punoitusta.<\/p>\n<\/li>\n<\/ul>\n<p data-start=\"1387\" data-end=\"1442\">Sopii kaikille ihotyypeille, my\u00f6s herk\u00e4lle iholle.<\/p>\n<p data-start=\"1444\" data-end=\"1752\"><strong data-start=\"1444\" data-end=\"1459\">K\u00e4ytt\u00f6:<\/strong><br data-start=\"1459\" data-end=\"1462\" \/>Ota pieni m\u00e4\u00e4r\u00e4 balsamia lastalla ja levit\u00e4 se kuiville kasvoille. Hiero py\u00f6rivin liikkein v\u00e4hint\u00e4\u00e4n 30 sekuntia, kunnes tuote muuttuu \u00f6ljyksi ja alkaa liuottaa meikki\u00e4. Lis\u00e4\u00e4 hieman vett\u00e4 ja jatka hieromista, kunnes muodostuu pehme\u00e4, maitomainen emulsio. Huuhtele huolellisesti l\u00e4mpim\u00e4ll\u00e4 vedell\u00e4.<\/p>","protected":false},"excerpt":{"rendered":"<p>\u00a0Haruharu Wonder Centella Sunflower Makeup Melting Cleansing Balm on hell\u00e4varainen hydrofiilinen puhdistusbalsami, joka muuttuu \u00f6ljyksi joutuessaan kosketuksiin ihon kanssa ja liuottaa tehokkaasti meikin, aurinkosuojan, talin ja lian aiheuttamatta kuivuutta tai kirist\u00e4v\u00e4\u00e4 tunnetta. Koostumus yhdist\u00e4\u00e4 ravitsevia \u00f6ljyj\u00e4, centellaa, skvalaania ja pantenolia, jotka auttavat ihoa puhdistumaan samalla ravitsemalla, rauhoittamalla ja vahvistamalla sen suojakerrosta. Koostumus on vapaa sulfaateista, silikoneista, hajusteista\u2026<\/p>","protected":false},"featured_media":15803,"comment_status":"open","ping_status":"closed","template":"","meta":{"_uf_show_specific_survey":0,"_uf_disable_surveys":false,"_bst_post_transparent":"default","_bst_post_title":"","_bst_post_layout":"default","_bst_post_sidebar_id":"","_bst_post_content_style":"default","_bst_post_vertical_padding":"default","_bst_post_feature":"","_bst_post_feature_position":"","_bst_post_header":false,"_bst_post_footer":false},"pwb-brand":[763],"product_brand":[],"product_cat":[92,452,100],"product_tag":[917,987,988],"class_list":{"0":"post-15802","1":"product","2":"type-product","3":"status-publish","4":"has-post-thumbnail","6":"pwb-brand-haruharu-wonder","7":"product_cat-nagu","8":"product_cat-naopuhastusgeelid","9":"product_cat-puhastusvahendid","10":"product_tag-balm","11":"product_tag-haru","12":"product_tag-meik","14":"first","15":"instock","16":"sale","17":"shipping-taxable","18":"purchasable","19":"product-type-simple","20":"entry","21":"content-bg","22":"loop-entry"},"supplier_id":null,"supplier_sku":"","barcode":null,"atum_controlled":true,"out_stock_date":null,"out_stock_threshold":null,"inheritable":false,"inbound_stock":0,"stock_on_hold":0,"sold_today":0,"sales_last_days":1,"out_stock_days":0,"lost_sales":0,"has_location":false,"update_date":"2026-04-14T00:05:11","atum_locations":[],"atum_stock_status":"instock","restock_status":false,"low_stock_amount":"","sales_update_date":"2026-04-14T00:05:11","calc_backorders":null,"yoast_head":"<!-- This site is optimized with the Yoast SEO plugin v27.2 - https:\/\/yoast.com\/product\/yoast-seo-wordpress\/ -->\n<title>Haruharu Wonder Centella Sunflower Makeup Melting Cleansing Balm, 100g - IDA.KOREA<\/title>\n<meta name=\"description\" content=\"\u00d5rn Haruharu Wonder Centella p\u00e4evalillepalsam lahustab meigi, SPF-i ja mustuse, toidab ja rahustab nahka ilma kuivust v\u00f5i kiskuvust tekitamata.\" \/>\n<meta name=\"robots\" content=\"index, follow, max-snippet:-1, max-image-preview:large, max-video-preview:-1\" \/>\n<link rel=\"canonical\" href=\"https:\/\/idakorea.ee\/fi\/product\/haruharu-wonder-centella-sunflower-makeup-melting-cleansing-balm-100g\/\" \/>\n<meta property=\"og:locale\" content=\"fi_FI\" \/>\n<meta property=\"og:type\" content=\"article\" \/>\n<meta property=\"og:title\" content=\"Haruharu Wonder Centella Sunflower Makeup Melting Cleansing Balm, 100g - IDA.KOREA\" \/>\n<meta property=\"og:description\" content=\"\u00d5rn Haruharu Wonder Centella p\u00e4evalillepalsam lahustab meigi, SPF-i ja mustuse, toidab ja rahustab nahka ilma kuivust v\u00f5i kiskuvust tekitamata.\" \/>\n<meta property=\"og:url\" content=\"https:\/\/idakorea.ee\/fi\/product\/haruharu-wonder-centella-sunflower-makeup-melting-cleansing-balm-100g\/\" \/>\n<meta property=\"og:site_name\" content=\"IDA.KOREA\" \/>\n<meta property=\"article:modified_time\" content=\"2026-03-19T22:17:20+00:00\" \/>\n<meta property=\"og:image\" content=\"https:\/\/idakorea.ee\/wp-content\/uploads\/2025\/09\/haruharu-melting-balm-idakorea.ee_.jpg\" \/>\n\t<meta property=\"og:image:width\" content=\"1500\" \/>\n\t<meta property=\"og:image:height\" content=\"1500\" \/>\n\t<meta property=\"og:image:type\" content=\"image\/jpeg\" \/>\n<meta name=\"twitter:card\" content=\"summary_large_image\" \/>\n<meta name=\"twitter:label1\" content=\"Arvioitu lukuaika\" \/>\n\t<meta name=\"twitter:data1\" content=\"2 minuuttia\" \/>\n<script type=\"application\/ld+json\" class=\"yoast-schema-graph\">{\"@context\":\"https:\/\/schema.org\",\"@graph\":[{\"@type\":\"WebPage\",\"@id\":\"https:\/\/idakorea.ee\/product\/haruharu-wonder-centella-sunflower-makeup-melting-cleansing-balm-100g\/\",\"url\":\"https:\/\/idakorea.ee\/product\/haruharu-wonder-centella-sunflower-makeup-melting-cleansing-balm-100g\/\",\"name\":\"Haruharu Wonder Centella Sunflower Makeup Melting Cleansing Balm, 100g - IDA.KOREA\",\"isPartOf\":{\"@id\":\"https:\/\/idakorea.ee\/#website\"},\"primaryImageOfPage\":{\"@id\":\"https:\/\/idakorea.ee\/product\/haruharu-wonder-centella-sunflower-makeup-melting-cleansing-balm-100g\/#primaryimage\"},\"image\":{\"@id\":\"https:\/\/idakorea.ee\/product\/haruharu-wonder-centella-sunflower-makeup-melting-cleansing-balm-100g\/#primaryimage\"},\"thumbnailUrl\":\"https:\/\/idakorea.ee\/wp-content\/uploads\/2025\/09\/haruharu-melting-balm-idakorea.ee_.jpg\",\"datePublished\":\"2025-09-09T06:57:50+00:00\",\"dateModified\":\"2026-03-19T22:17:20+00:00\",\"description\":\"\u00d5rn Haruharu Wonder Centella p\u00e4evalillepalsam lahustab meigi, SPF-i ja mustuse, toidab ja rahustab nahka ilma kuivust v\u00f5i kiskuvust tekitamata.\",\"breadcrumb\":{\"@id\":\"https:\/\/idakorea.ee\/product\/haruharu-wonder-centella-sunflower-makeup-melting-cleansing-balm-100g\/#breadcrumb\"},\"inLanguage\":\"fi\",\"potentialAction\":[{\"@type\":\"ReadAction\",\"target\":[\"https:\/\/idakorea.ee\/product\/haruharu-wonder-centella-sunflower-makeup-melting-cleansing-balm-100g\/\"]}]},{\"@type\":\"ImageObject\",\"inLanguage\":\"fi\",\"@id\":\"https:\/\/idakorea.ee\/product\/haruharu-wonder-centella-sunflower-makeup-melting-cleansing-balm-100g\/#primaryimage\",\"url\":\"https:\/\/idakorea.ee\/wp-content\/uploads\/2025\/09\/haruharu-melting-balm-idakorea.ee_.jpg\",\"contentUrl\":\"https:\/\/idakorea.ee\/wp-content\/uploads\/2025\/09\/haruharu-melting-balm-idakorea.ee_.jpg\",\"width\":1500,\"height\":1500},{\"@type\":\"BreadcrumbList\",\"@id\":\"https:\/\/idakorea.ee\/product\/haruharu-wonder-centella-sunflower-makeup-melting-cleansing-balm-100g\/#breadcrumb\",\"itemListElement\":[{\"@type\":\"ListItem\",\"position\":1,\"name\":\"\u0413\u043b\u0430\u0432\u043d\u0430\u044f \u0441\u0442\u0440\u0430\u043d\u0438\u0446\u0430\",\"item\":\"https:\/\/idakorea.ee\/\"},{\"@type\":\"ListItem\",\"position\":2,\"name\":\"Shop\",\"item\":\"https:\/\/idakorea.ee\/shop-2\/\"},{\"@type\":\"ListItem\",\"position\":3,\"name\":\"\u00d5rn h\u00fcdrofiilne palsam Haruharu Wonder Centella Sunflower Makeup Melting Cleansing Balm, 100g\"}]},{\"@type\":\"WebSite\",\"@id\":\"https:\/\/idakorea.ee\/#website\",\"url\":\"https:\/\/idakorea.ee\/\",\"name\":\"IDA.KOREA\",\"description\":\"Korea kosmeetika e-pood\",\"publisher\":{\"@id\":\"https:\/\/idakorea.ee\/#organization\"},\"alternateName\":\"Beauty Shop\",\"potentialAction\":[{\"@type\":\"SearchAction\",\"target\":{\"@type\":\"EntryPoint\",\"urlTemplate\":\"https:\/\/idakorea.ee\/?s={search_term_string}\"},\"query-input\":{\"@type\":\"PropertyValueSpecification\",\"valueRequired\":true,\"valueName\":\"search_term_string\"}}],\"inLanguage\":\"fi\"},{\"@type\":\"Organization\",\"@id\":\"https:\/\/idakorea.ee\/#organization\",\"name\":\"IDA.KOREA\",\"url\":\"https:\/\/idakorea.ee\/\",\"logo\":{\"@type\":\"ImageObject\",\"inLanguage\":\"fi\",\"@id\":\"https:\/\/idakorea.ee\/#\/schema\/logo\/image\/\",\"url\":\"https:\/\/idakorea.ee\/wp-content\/uploads\/2024\/05\/cropped-korea3.png\",\"contentUrl\":\"https:\/\/idakorea.ee\/wp-content\/uploads\/2024\/05\/cropped-korea3.png\",\"width\":688,\"height\":126,\"caption\":\"IDA.KOREA\"},\"image\":{\"@id\":\"https:\/\/idakorea.ee\/#\/schema\/logo\/image\/\"},\"sameAs\":[\"https:\/\/www.instagram.com\/ida.korea\/\"]}]}<\/script>\n<!-- \/ Yoast SEO plugin. -->","yoast_head_json":{"title":"Haruharu Wonder Centella auringonkukkameikkimeikkisulava puhdistusvoide, 100g - IDA.KOREA","description":"Hell\u00e4varainen Haruharu Wonder Centella -auringonkukkabalsami liuottaa meikin, aurinkosuojan ja lian, raviten ja rauhoittaen ihoa aiheuttamatta kuivuutta tai kirist\u00e4v\u00e4\u00e4 tunnetta.","robots":{"index":"index","follow":"follow","max-snippet":"max-snippet:-1","max-image-preview":"max-image-preview:large","max-video-preview":"max-video-preview:-1"},"canonical":"https:\/\/idakorea.ee\/fi\/product\/haruharu-wonder-centella-sunflower-makeup-melting-cleansing-balm-100g\/","og_locale":"fi_FI","og_type":"article","og_title":"Haruharu Wonder Centella Sunflower Makeup Melting Cleansing Balm, 100g - IDA.KOREA","og_description":"\u00d5rn Haruharu Wonder Centella p\u00e4evalillepalsam lahustab meigi, SPF-i ja mustuse, toidab ja rahustab nahka ilma kuivust v\u00f5i kiskuvust tekitamata.","og_url":"https:\/\/idakorea.ee\/fi\/product\/haruharu-wonder-centella-sunflower-makeup-melting-cleansing-balm-100g\/","og_site_name":"IDA.KOREA","article_modified_time":"2026-03-19T22:17:20+00:00","og_image":[{"width":1500,"height":1500,"url":"https:\/\/idakorea.ee\/wp-content\/uploads\/2025\/09\/haruharu-melting-balm-idakorea.ee_.jpg","type":"image\/jpeg"}],"twitter_card":"summary_large_image","twitter_misc":{"Arvioitu lukuaika":"2 minuuttia"},"schema":{"@context":"https:\/\/schema.org","@graph":[{"@type":"WebPage","@id":"https:\/\/idakorea.ee\/product\/haruharu-wonder-centella-sunflower-makeup-melting-cleansing-balm-100g\/","url":"https:\/\/idakorea.ee\/product\/haruharu-wonder-centella-sunflower-makeup-melting-cleansing-balm-100g\/","name":"Haruharu Wonder Centella auringonkukkameikkimeikkisulava puhdistusvoide, 100g - IDA.KOREA","isPartOf":{"@id":"https:\/\/idakorea.ee\/#website"},"primaryImageOfPage":{"@id":"https:\/\/idakorea.ee\/product\/haruharu-wonder-centella-sunflower-makeup-melting-cleansing-balm-100g\/#primaryimage"},"image":{"@id":"https:\/\/idakorea.ee\/product\/haruharu-wonder-centella-sunflower-makeup-melting-cleansing-balm-100g\/#primaryimage"},"thumbnailUrl":"https:\/\/idakorea.ee\/wp-content\/uploads\/2025\/09\/haruharu-melting-balm-idakorea.ee_.jpg","datePublished":"2025-09-09T06:57:50+00:00","dateModified":"2026-03-19T22:17:20+00:00","description":"Hell\u00e4varainen Haruharu Wonder Centella -auringonkukkabalsami liuottaa meikin, aurinkosuojan ja lian, raviten ja rauhoittaen ihoa aiheuttamatta kuivuutta tai kirist\u00e4v\u00e4\u00e4 tunnetta.","breadcrumb":{"@id":"https:\/\/idakorea.ee\/product\/haruharu-wonder-centella-sunflower-makeup-melting-cleansing-balm-100g\/#breadcrumb"},"inLanguage":"fi","potentialAction":[{"@type":"ReadAction","target":["https:\/\/idakorea.ee\/product\/haruharu-wonder-centella-sunflower-makeup-melting-cleansing-balm-100g\/"]}]},{"@type":"ImageObject","inLanguage":"fi","@id":"https:\/\/idakorea.ee\/product\/haruharu-wonder-centella-sunflower-makeup-melting-cleansing-balm-100g\/#primaryimage","url":"https:\/\/idakorea.ee\/wp-content\/uploads\/2025\/09\/haruharu-melting-balm-idakorea.ee_.jpg","contentUrl":"https:\/\/idakorea.ee\/wp-content\/uploads\/2025\/09\/haruharu-melting-balm-idakorea.ee_.jpg","width":1500,"height":1500},{"@type":"BreadcrumbList","@id":"https:\/\/idakorea.ee\/product\/haruharu-wonder-centella-sunflower-makeup-melting-cleansing-balm-100g\/#breadcrumb","itemListElement":[{"@type":"ListItem","position":1,"name":"\u0413\u043b\u0430\u0432\u043d\u0430\u044f \u0441\u0442\u0440\u0430\u043d\u0438\u0446\u0430","item":"https:\/\/idakorea.ee\/"},{"@type":"ListItem","position":2,"name":"Shop","item":"https:\/\/idakorea.ee\/shop-2\/"},{"@type":"ListItem","position":3,"name":"\u00d5rn h\u00fcdrofiilne palsam Haruharu Wonder Centella Sunflower Makeup Melting Cleansing Balm, 100g"}]},{"@type":"WebSite","@id":"https:\/\/idakorea.ee\/#website","url":"https:\/\/idakorea.ee\/","name":"IDA.KOREA","description":"Korean kosmetiikan verkkokauppa","publisher":{"@id":"https:\/\/idakorea.ee\/#organization"},"alternateName":"Beauty Shop","potentialAction":[{"@type":"SearchAction","target":{"@type":"EntryPoint","urlTemplate":"https:\/\/idakorea.ee\/?s={search_term_string}"},"query-input":{"@type":"PropertyValueSpecification","valueRequired":true,"valueName":"search_term_string"}}],"inLanguage":"fi"},{"@type":"Organization","@id":"https:\/\/idakorea.ee\/#organization","name":"IDA.KOREA","url":"https:\/\/idakorea.ee\/","logo":{"@type":"ImageObject","inLanguage":"fi","@id":"https:\/\/idakorea.ee\/#\/schema\/logo\/image\/","url":"https:\/\/idakorea.ee\/wp-content\/uploads\/2024\/05\/cropped-korea3.png","contentUrl":"https:\/\/idakorea.ee\/wp-content\/uploads\/2024\/05\/cropped-korea3.png","width":688,"height":126,"caption":"IDA.KOREA"},"image":{"@id":"https:\/\/idakorea.ee\/#\/schema\/logo\/image\/"},"sameAs":["https:\/\/www.instagram.com\/ida.korea\/"]}]}},"jetpack_sharing_enabled":true,"brands":[{"id":763,"name":"HARUHARU IHME","slug":"haruharu-wonder"}],"_links":{"self":[{"href":"https:\/\/idakorea.ee\/fi\/wp-json\/wp\/v2\/product\/15802","targetHints":{"allow":["GET"]}}],"collection":[{"href":"https:\/\/idakorea.ee\/fi\/wp-json\/wp\/v2\/product"}],"about":[{"href":"https:\/\/idakorea.ee\/fi\/wp-json\/wp\/v2\/types\/product"}],"replies":[{"embeddable":true,"href":"https:\/\/idakorea.ee\/fi\/wp-json\/wp\/v2\/comments?post=15802"}],"version-history":[{"count":1,"href":"https:\/\/idakorea.ee\/fi\/wp-json\/wp\/v2\/product\/15802\/revisions"}],"predecessor-version":[{"id":15806,"href":"https:\/\/idakorea.ee\/fi\/wp-json\/wp\/v2\/product\/15802\/revisions\/15806"}],"wp:featuredmedia":[{"embeddable":true,"href":"https:\/\/idakorea.ee\/fi\/wp-json\/wp\/v2\/media\/15803"}],"wp:attachment":[{"href":"https:\/\/idakorea.ee\/fi\/wp-json\/wp\/v2\/media?parent=15802"}],"wp:term":[{"taxonomy":"pwb-brand","embeddable":true,"href":"https:\/\/idakorea.ee\/fi\/wp-json\/wp\/v2\/pwb-brand?post=15802"},{"taxonomy":"product_brand","embeddable":true,"href":"https:\/\/idakorea.ee\/fi\/wp-json\/wp\/v2\/product_brand?post=15802"},{"taxonomy":"product_cat","embeddable":true,"href":"https:\/\/idakorea.ee\/fi\/wp-json\/wp\/v2\/product_cat?post=15802"},{"taxonomy":"product_tag","embeddable":true,"href":"https:\/\/idakorea.ee\/fi\/wp-json\/wp\/v2\/product_tag?post=15802"}],"curies":[{"name":"wp","href":"https:\/\/api.w.org\/{rel}","templated":true}]}}