{"id":15823,"date":"2025-09-10T15:17:17","date_gmt":"2025-09-10T12:17:17","guid":{"rendered":"https:\/\/idakorea.ee\/?post_type=product&#038;p=15823"},"modified":"2026-04-09T11:28:30","modified_gmt":"2026-04-09T09:28:30","slug":"sungboon-editor-green-tomato-pore-lifting-ampoule-30ml","status":"publish","type":"product","link":"https:\/\/idakorea.ee\/fi\/product\/sungboon-editor-green-tomato-pore-lifting-ampoule-30ml\/","title":{"rendered":"Kiinteytt\u00e4v\u00e4 seerumi Sungboon Editor Green Tomato Pore Lifting Ampoule+, 30ml"},"content":{"rendered":"<p data-start=\"43\" data-end=\"259\"><strong data-start=\"43\" data-end=\"97\">Sungboon Editor Green Tomato Pore Lifting Ampoule+<\/strong> \u2013 kiinteytt\u00e4v\u00e4 seerumi, joka supistaa ihohuokosia ja rikastuttaa ihoa kosteutuksella, vitamiineilla ja hivenaineilla, jotka ovat v\u00e4ltt\u00e4m\u00e4tt\u00f6mi\u00e4 ihon nuorekkuuden yll\u00e4pit\u00e4miseksi.<\/p>\n<p data-start=\"261\" data-end=\"464\">Sarjan p\u00e4\u00e4asiallinen vaikuttava aine on vihre\u00e4n tomaatin uute \u2013 luonnollinen antioksidantti ja A- ja C-vitamiinien l\u00e4hde, joka suojaa vapaiden radikaalien haitallisilta vaikutuksilta ja auttaa ehk\u00e4isem\u00e4\u00e4n ennenaikaista ik\u00e4\u00e4ntymist\u00e4.<\/p>\n<p data-start=\"466\" data-end=\"639\">S\u00e4\u00e4nn\u00f6llisesti k\u00e4ytettyn\u00e4 tuote auttaa tasoittamaan ihon s\u00e4vy\u00e4 ja rakennetta \u2013 pienent\u00e4\u00e4 ihohuokosten kokoa ja syvyytt\u00e4, palauttaa kimmoisuuden ja vahvuuden sek\u00e4 ehk\u00e4isee kudosten veltostumista.<\/p>\n<p data-start=\"641\" data-end=\"667\"><strong data-start=\"641\" data-end=\"665\">T\u00e4rkeimm\u00e4t vaikuttavat aineet:<\/strong><\/p>\n<ul data-start=\"668\" data-end=\"1803\">\n<li data-start=\"668\" data-end=\"933\">\n<p data-start=\"670\" data-end=\"933\"><strong data-start=\"670\" data-end=\"701\">Niasiiniamidi (B3-vitamiini)<\/strong> \u2013 hidastaa melaniinin saapumista ihoon, est\u00e4\u00e4 pigmenttil\u00e4iskien muodostumista, v\u00e4hent\u00e4\u00e4 herkkyytt\u00e4 ulkoisille \u00e4rsykkeille, tasoittaa ihonv\u00e4ri\u00e4, edist\u00e4\u00e4 kollageenin ja elastiinin tuotantoa, tukee ihon vahvuutta ja auttaa supistamaan ihohuokosia.<\/p>\n<\/li>\n<li data-start=\"934\" data-end=\"1172\">\n<p data-start=\"936\" data-end=\"1172\"><strong data-start=\"936\" data-end=\"991\">Volufiliini (Anemarrhena Asphodeloides -juuriuute)<\/strong> \u2013 kiinalaisen sitruunaruohon juuresta saatu aine stimuloi paikallista rasvasolujen kertymist\u00e4, lis\u00e4\u00e4 ihon tiheytt\u00e4 ja kimmoisuutta, est\u00e4\u00e4 kudosten veltostumista ja silottaa ryppyj\u00e4 ja juonteita.<\/p>\n<\/li>\n<li data-start=\"1173\" data-end=\"1359\">\n<p data-start=\"1175\" data-end=\"1359\"><strong data-start=\"1175\" data-end=\"1199\">PHA (glukonolaktoni)<\/strong> \u2013 poistaa hell\u00e4varaisesti kuolleita ihosoluja, tasoittaa ihon rakennetta ja vaalentaa pigmenttimuutoksia. Suuremman molekyylipainonsa ansiosta se sopii my\u00f6s herk\u00e4lle iholle kuin AHA-happo.<\/p>\n<\/li>\n<li data-start=\"1360\" data-end=\"1549\">\n<p data-start=\"1362\" data-end=\"1549\"><strong data-start=\"1362\" data-end=\"1379\">Anti Sebum P\u2122<\/strong> \u2013 yrttikompleksi (m\u00e4nnyn, jalavan, emoliinan ja pueraria-uutteista), joka est\u00e4\u00e4 liiallista talirauhasten toimintaa, normalisoi talirauhasten tuotantoa ja poistaa kiiltoa.<\/p>\n<\/li>\n<li data-start=\"1550\" data-end=\"1803\">\n<p data-start=\"1552\" data-end=\"1803\"><strong data-start=\"1552\" data-end=\"1602\">5 erilaista hyaluronihappoa, joilla on eri molekyylipainot:<\/strong> Suurimolekyylipainoiset hiukkaset palauttavat ihon suojakerroksen, nopeuttavat paranemista ja v\u00e4hent\u00e4v\u00e4t hilseily\u00e4, kun taas pienimolekyylipainoiset hiukkaset tunkeutuvat syvemm\u00e4lle est\u00e4en kosteuden haihtumisen solutasolla.<\/p>\n<\/li>\n<\/ul>\n<p data-start=\"1805\" data-end=\"1877\">Sopii normaalille, sekaiholle, rasvoittuvalle ja ongelmaiholle.<\/p>\n<p data-start=\"1879\" data-end=\"2024\"><strong data-start=\"1879\" data-end=\"1894\">K\u00e4ytt\u00f6:<\/strong> Puhdistettuasi ihon ja k\u00e4ytetty\u00e4si kasvovett\u00e4, levit\u00e4 tarvittava m\u00e4\u00e4r\u00e4 seerumia kasvoille, levit\u00e4 tasaisesti ja viimeistele hoito voiteella.<\/p>","protected":false},"excerpt":{"rendered":"<p>Sungboon Editor Green Tomato Pore Lifting Ampoule+ \u2013 kiinteytt\u00e4v\u00e4 seerumi ihohuokosten supistamiseen, joka rikastuttaa ihoa kosteutuksella, vitamiineilla ja hivenaineilla, jotka ovat v\u00e4ltt\u00e4m\u00e4tt\u00f6mi\u00e4 nuorekkaan ihon yll\u00e4pit\u00e4miseksi. Sarjan p\u00e4\u00e4asiallinen vaikuttava aine on vihre\u00e4n tomaatin uute \u2013 luonnollinen antioksidantti ja A- ja C-vitamiinien l\u00e4hde, joka suojaa vapaiden radikaalien haitallisilta vaikutuksilta ja auttaa ehk\u00e4isem\u00e4\u00e4n ennenaikaista ik\u00e4\u00e4ntymist\u00e4. S\u00e4\u00e4nn\u00f6llisesti k\u00e4ytettyn\u00e4 se auttaa\u2026<\/p>","protected":false},"featured_media":15824,"comment_status":"open","ping_status":"closed","template":"","meta":{"_uf_show_specific_survey":0,"_uf_disable_surveys":false,"_bst_post_transparent":"default","_bst_post_title":"","_bst_post_layout":"default","_bst_post_sidebar_id":"","_bst_post_content_style":"default","_bst_post_vertical_padding":"default","_bst_post_feature":"","_bst_post_feature_position":"","_bst_post_header":false,"_bst_post_footer":false},"pwb-brand":[989],"product_brand":[],"product_cat":[92,97],"product_tag":[773,449,635,509,538],"class_list":{"0":"post-15823","1":"product","2":"type-product","3":"status-publish","4":"has-post-thumbnail","6":"pwb-brand-sungboon-editor","7":"product_cat-nagu","8":"product_cat-naoseerumid-ja-olid","9":"product_tag-lifting","10":"product_tag-pore","11":"product_tag-serum","12":"product_tag-tiktok","13":"product_tag-viral","15":"first","16":"instock","17":"sale","18":"shipping-taxable","19":"purchasable","20":"product-type-simple","21":"entry","22":"content-bg","23":"loop-entry"},"supplier_id":null,"supplier_sku":"","barcode":null,"atum_controlled":true,"out_stock_date":null,"out_stock_threshold":null,"inheritable":false,"inbound_stock":0,"stock_on_hold":0,"sold_today":0,"sales_last_days":0,"out_stock_days":0,"lost_sales":0,"has_location":false,"update_date":"2026-04-14T00:05:12","atum_locations":[],"atum_stock_status":"instock","restock_status":false,"low_stock_amount":"","sales_update_date":"2026-04-14T00:05:12","calc_backorders":null,"yoast_head":"<!-- This site is optimized with the Yoast SEO plugin v27.2 - https:\/\/yoast.com\/product\/yoast-seo-wordpress\/ -->\n<title>Sungboon Editor Green Tomato Pore Lifting Ampoule+, 30ml - IDA.KOREA<\/title>\n<meta name=\"description\" content=\"Pinguldav seerum v\u00e4hendab pooride suurust, taastab naha elastsuse ja \u00fchtlustab tekstuuri. Rohelise tomati ekstrakt, niatsiinamiid niisutavad, rahustavad ja ennetavad enneaegset vananemist.\" \/>\n<meta name=\"robots\" content=\"index, follow, max-snippet:-1, max-image-preview:large, max-video-preview:-1\" \/>\n<link rel=\"canonical\" href=\"https:\/\/idakorea.ee\/fi\/product\/sungboon-editor-green-tomato-pore-lifting-ampoule-30ml\/\" \/>\n<meta property=\"og:locale\" content=\"fi_FI\" \/>\n<meta property=\"og:type\" content=\"article\" \/>\n<meta property=\"og:title\" content=\"Sungboon Editor Green Tomato Pore Lifting Ampoule+, 30ml - IDA.KOREA\" \/>\n<meta property=\"og:description\" content=\"Pinguldav seerum v\u00e4hendab pooride suurust, taastab naha elastsuse ja \u00fchtlustab tekstuuri. Rohelise tomati ekstrakt, niatsiinamiid niisutavad, rahustavad ja ennetavad enneaegset vananemist.\" \/>\n<meta property=\"og:url\" content=\"https:\/\/idakorea.ee\/fi\/product\/sungboon-editor-green-tomato-pore-lifting-ampoule-30ml\/\" \/>\n<meta property=\"og:site_name\" content=\"IDA.KOREA\" \/>\n<meta property=\"article:modified_time\" content=\"2026-04-09T09:28:30+00:00\" \/>\n<meta property=\"og:image\" content=\"https:\/\/idakorea.ee\/wp-content\/uploads\/2025\/09\/sungboon-editor-green-tomato-pore-lifting-ampoule-idakorea.jpg\" \/>\n\t<meta property=\"og:image:width\" content=\"1000\" \/>\n\t<meta property=\"og:image:height\" content=\"1000\" \/>\n\t<meta property=\"og:image:type\" content=\"image\/jpeg\" \/>\n<meta name=\"twitter:card\" content=\"summary_large_image\" \/>\n<meta name=\"twitter:label1\" content=\"Arvioitu lukuaika\" \/>\n\t<meta name=\"twitter:data1\" content=\"2 minuuttia\" \/>\n<script type=\"application\/ld+json\" class=\"yoast-schema-graph\">{\"@context\":\"https:\/\/schema.org\",\"@graph\":[{\"@type\":\"WebPage\",\"@id\":\"https:\/\/idakorea.ee\/product\/sungboon-editor-green-tomato-pore-lifting-ampoule-30ml\/\",\"url\":\"https:\/\/idakorea.ee\/product\/sungboon-editor-green-tomato-pore-lifting-ampoule-30ml\/\",\"name\":\"Sungboon Editor Green Tomato Pore Lifting Ampoule+, 30ml - IDA.KOREA\",\"isPartOf\":{\"@id\":\"https:\/\/idakorea.ee\/#website\"},\"primaryImageOfPage\":{\"@id\":\"https:\/\/idakorea.ee\/product\/sungboon-editor-green-tomato-pore-lifting-ampoule-30ml\/#primaryimage\"},\"image\":{\"@id\":\"https:\/\/idakorea.ee\/product\/sungboon-editor-green-tomato-pore-lifting-ampoule-30ml\/#primaryimage\"},\"thumbnailUrl\":\"https:\/\/idakorea.ee\/wp-content\/uploads\/2025\/09\/sungboon-editor-green-tomato-pore-lifting-ampoule-idakorea.jpg\",\"datePublished\":\"2025-09-10T12:17:17+00:00\",\"dateModified\":\"2026-04-09T09:28:30+00:00\",\"description\":\"Pinguldav seerum v\u00e4hendab pooride suurust, taastab naha elastsuse ja \u00fchtlustab tekstuuri. Rohelise tomati ekstrakt, niatsiinamiid niisutavad, rahustavad ja ennetavad enneaegset vananemist.\",\"breadcrumb\":{\"@id\":\"https:\/\/idakorea.ee\/product\/sungboon-editor-green-tomato-pore-lifting-ampoule-30ml\/#breadcrumb\"},\"inLanguage\":\"fi\",\"potentialAction\":[{\"@type\":\"ReadAction\",\"target\":[\"https:\/\/idakorea.ee\/product\/sungboon-editor-green-tomato-pore-lifting-ampoule-30ml\/\"]}]},{\"@type\":\"ImageObject\",\"inLanguage\":\"fi\",\"@id\":\"https:\/\/idakorea.ee\/product\/sungboon-editor-green-tomato-pore-lifting-ampoule-30ml\/#primaryimage\",\"url\":\"https:\/\/idakorea.ee\/wp-content\/uploads\/2025\/09\/sungboon-editor-green-tomato-pore-lifting-ampoule-idakorea.jpg\",\"contentUrl\":\"https:\/\/idakorea.ee\/wp-content\/uploads\/2025\/09\/sungboon-editor-green-tomato-pore-lifting-ampoule-idakorea.jpg\",\"width\":1000,\"height\":1000},{\"@type\":\"BreadcrumbList\",\"@id\":\"https:\/\/idakorea.ee\/product\/sungboon-editor-green-tomato-pore-lifting-ampoule-30ml\/#breadcrumb\",\"itemListElement\":[{\"@type\":\"ListItem\",\"position\":1,\"name\":\"\u0413\u043b\u0430\u0432\u043d\u0430\u044f \u0441\u0442\u0440\u0430\u043d\u0438\u0446\u0430\",\"item\":\"https:\/\/idakorea.ee\/\"},{\"@type\":\"ListItem\",\"position\":2,\"name\":\"Shop\",\"item\":\"https:\/\/idakorea.ee\/shop-2\/\"},{\"@type\":\"ListItem\",\"position\":3,\"name\":\"Pinguldav seerum Sungboon Editor Green Tomato Pore Lifting Ampoule+, 30ml\"}]},{\"@type\":\"WebSite\",\"@id\":\"https:\/\/idakorea.ee\/#website\",\"url\":\"https:\/\/idakorea.ee\/\",\"name\":\"IDA.KOREA\",\"description\":\"Korea kosmeetika e-pood\",\"publisher\":{\"@id\":\"https:\/\/idakorea.ee\/#organization\"},\"alternateName\":\"Beauty Shop\",\"potentialAction\":[{\"@type\":\"SearchAction\",\"target\":{\"@type\":\"EntryPoint\",\"urlTemplate\":\"https:\/\/idakorea.ee\/?s={search_term_string}\"},\"query-input\":{\"@type\":\"PropertyValueSpecification\",\"valueRequired\":true,\"valueName\":\"search_term_string\"}}],\"inLanguage\":\"fi\"},{\"@type\":\"Organization\",\"@id\":\"https:\/\/idakorea.ee\/#organization\",\"name\":\"IDA.KOREA\",\"url\":\"https:\/\/idakorea.ee\/\",\"logo\":{\"@type\":\"ImageObject\",\"inLanguage\":\"fi\",\"@id\":\"https:\/\/idakorea.ee\/#\/schema\/logo\/image\/\",\"url\":\"https:\/\/idakorea.ee\/wp-content\/uploads\/2024\/05\/cropped-korea3.png\",\"contentUrl\":\"https:\/\/idakorea.ee\/wp-content\/uploads\/2024\/05\/cropped-korea3.png\",\"width\":688,\"height\":126,\"caption\":\"IDA.KOREA\"},\"image\":{\"@id\":\"https:\/\/idakorea.ee\/#\/schema\/logo\/image\/\"},\"sameAs\":[\"https:\/\/www.instagram.com\/ida.korea\/\"]}]}<\/script>\n<!-- \/ Yoast SEO plugin. -->","yoast_head_json":{"title":"Sungboon Editor Green Tomato Pore Lifting Ampoule+, 30ml - IDA.KOREA","description":"Kiinteytt\u00e4v\u00e4 seerumi pienent\u00e4\u00e4 ihohuokosia, palauttaa ihon kimmoisuuden ja tasoittaa sen rakennetta. Vihre\u00e4n tomaatin uute ja niasiiniamidi kosteuttavat, rauhoittavat ja ehk\u00e4isev\u00e4t ennenaikaista ik\u00e4\u00e4ntymist\u00e4.","robots":{"index":"index","follow":"follow","max-snippet":"max-snippet:-1","max-image-preview":"max-image-preview:large","max-video-preview":"max-video-preview:-1"},"canonical":"https:\/\/idakorea.ee\/fi\/product\/sungboon-editor-green-tomato-pore-lifting-ampoule-30ml\/","og_locale":"fi_FI","og_type":"article","og_title":"Sungboon Editor Green Tomato Pore Lifting Ampoule+, 30ml - IDA.KOREA","og_description":"Pinguldav seerum v\u00e4hendab pooride suurust, taastab naha elastsuse ja \u00fchtlustab tekstuuri. Rohelise tomati ekstrakt, niatsiinamiid niisutavad, rahustavad ja ennetavad enneaegset vananemist.","og_url":"https:\/\/idakorea.ee\/fi\/product\/sungboon-editor-green-tomato-pore-lifting-ampoule-30ml\/","og_site_name":"IDA.KOREA","article_modified_time":"2026-04-09T09:28:30+00:00","og_image":[{"width":1000,"height":1000,"url":"https:\/\/idakorea.ee\/wp-content\/uploads\/2025\/09\/sungboon-editor-green-tomato-pore-lifting-ampoule-idakorea.jpg","type":"image\/jpeg"}],"twitter_card":"summary_large_image","twitter_misc":{"Arvioitu lukuaika":"2 minuuttia"},"schema":{"@context":"https:\/\/schema.org","@graph":[{"@type":"WebPage","@id":"https:\/\/idakorea.ee\/product\/sungboon-editor-green-tomato-pore-lifting-ampoule-30ml\/","url":"https:\/\/idakorea.ee\/product\/sungboon-editor-green-tomato-pore-lifting-ampoule-30ml\/","name":"Sungboon Editor Green Tomato Pore Lifting Ampoule+, 30ml - IDA.KOREA","isPartOf":{"@id":"https:\/\/idakorea.ee\/#website"},"primaryImageOfPage":{"@id":"https:\/\/idakorea.ee\/product\/sungboon-editor-green-tomato-pore-lifting-ampoule-30ml\/#primaryimage"},"image":{"@id":"https:\/\/idakorea.ee\/product\/sungboon-editor-green-tomato-pore-lifting-ampoule-30ml\/#primaryimage"},"thumbnailUrl":"https:\/\/idakorea.ee\/wp-content\/uploads\/2025\/09\/sungboon-editor-green-tomato-pore-lifting-ampoule-idakorea.jpg","datePublished":"2025-09-10T12:17:17+00:00","dateModified":"2026-04-09T09:28:30+00:00","description":"Kiinteytt\u00e4v\u00e4 seerumi pienent\u00e4\u00e4 ihohuokosia, palauttaa ihon kimmoisuuden ja tasoittaa sen rakennetta. Vihre\u00e4n tomaatin uute ja niasiiniamidi kosteuttavat, rauhoittavat ja ehk\u00e4isev\u00e4t ennenaikaista ik\u00e4\u00e4ntymist\u00e4.","breadcrumb":{"@id":"https:\/\/idakorea.ee\/product\/sungboon-editor-green-tomato-pore-lifting-ampoule-30ml\/#breadcrumb"},"inLanguage":"fi","potentialAction":[{"@type":"ReadAction","target":["https:\/\/idakorea.ee\/product\/sungboon-editor-green-tomato-pore-lifting-ampoule-30ml\/"]}]},{"@type":"ImageObject","inLanguage":"fi","@id":"https:\/\/idakorea.ee\/product\/sungboon-editor-green-tomato-pore-lifting-ampoule-30ml\/#primaryimage","url":"https:\/\/idakorea.ee\/wp-content\/uploads\/2025\/09\/sungboon-editor-green-tomato-pore-lifting-ampoule-idakorea.jpg","contentUrl":"https:\/\/idakorea.ee\/wp-content\/uploads\/2025\/09\/sungboon-editor-green-tomato-pore-lifting-ampoule-idakorea.jpg","width":1000,"height":1000},{"@type":"BreadcrumbList","@id":"https:\/\/idakorea.ee\/product\/sungboon-editor-green-tomato-pore-lifting-ampoule-30ml\/#breadcrumb","itemListElement":[{"@type":"ListItem","position":1,"name":"\u0413\u043b\u0430\u0432\u043d\u0430\u044f \u0441\u0442\u0440\u0430\u043d\u0438\u0446\u0430","item":"https:\/\/idakorea.ee\/"},{"@type":"ListItem","position":2,"name":"Shop","item":"https:\/\/idakorea.ee\/shop-2\/"},{"@type":"ListItem","position":3,"name":"Pinguldav seerum Sungboon Editor Green Tomato Pore Lifting Ampoule+, 30ml"}]},{"@type":"WebSite","@id":"https:\/\/idakorea.ee\/#website","url":"https:\/\/idakorea.ee\/","name":"IDA.KOREA","description":"Korean kosmetiikan verkkokauppa","publisher":{"@id":"https:\/\/idakorea.ee\/#organization"},"alternateName":"Beauty Shop","potentialAction":[{"@type":"SearchAction","target":{"@type":"EntryPoint","urlTemplate":"https:\/\/idakorea.ee\/?s={search_term_string}"},"query-input":{"@type":"PropertyValueSpecification","valueRequired":true,"valueName":"search_term_string"}}],"inLanguage":"fi"},{"@type":"Organization","@id":"https:\/\/idakorea.ee\/#organization","name":"IDA.KOREA","url":"https:\/\/idakorea.ee\/","logo":{"@type":"ImageObject","inLanguage":"fi","@id":"https:\/\/idakorea.ee\/#\/schema\/logo\/image\/","url":"https:\/\/idakorea.ee\/wp-content\/uploads\/2024\/05\/cropped-korea3.png","contentUrl":"https:\/\/idakorea.ee\/wp-content\/uploads\/2024\/05\/cropped-korea3.png","width":688,"height":126,"caption":"IDA.KOREA"},"image":{"@id":"https:\/\/idakorea.ee\/#\/schema\/logo\/image\/"},"sameAs":["https:\/\/www.instagram.com\/ida.korea\/"]}]}},"jetpack_sharing_enabled":true,"brands":[{"id":989,"name":"SUNGBOON EDITOR","slug":"sungboon-editor"}],"_links":{"self":[{"href":"https:\/\/idakorea.ee\/fi\/wp-json\/wp\/v2\/product\/15823","targetHints":{"allow":["GET"]}}],"collection":[{"href":"https:\/\/idakorea.ee\/fi\/wp-json\/wp\/v2\/product"}],"about":[{"href":"https:\/\/idakorea.ee\/fi\/wp-json\/wp\/v2\/types\/product"}],"replies":[{"embeddable":true,"href":"https:\/\/idakorea.ee\/fi\/wp-json\/wp\/v2\/comments?post=15823"}],"version-history":[{"count":1,"href":"https:\/\/idakorea.ee\/fi\/wp-json\/wp\/v2\/product\/15823\/revisions"}],"predecessor-version":[{"id":15827,"href":"https:\/\/idakorea.ee\/fi\/wp-json\/wp\/v2\/product\/15823\/revisions\/15827"}],"wp:featuredmedia":[{"embeddable":true,"href":"https:\/\/idakorea.ee\/fi\/wp-json\/wp\/v2\/media\/15824"}],"wp:attachment":[{"href":"https:\/\/idakorea.ee\/fi\/wp-json\/wp\/v2\/media?parent=15823"}],"wp:term":[{"taxonomy":"pwb-brand","embeddable":true,"href":"https:\/\/idakorea.ee\/fi\/wp-json\/wp\/v2\/pwb-brand?post=15823"},{"taxonomy":"product_brand","embeddable":true,"href":"https:\/\/idakorea.ee\/fi\/wp-json\/wp\/v2\/product_brand?post=15823"},{"taxonomy":"product_cat","embeddable":true,"href":"https:\/\/idakorea.ee\/fi\/wp-json\/wp\/v2\/product_cat?post=15823"},{"taxonomy":"product_tag","embeddable":true,"href":"https:\/\/idakorea.ee\/fi\/wp-json\/wp\/v2\/product_tag?post=15823"}],"curies":[{"name":"wp","href":"https:\/\/api.w.org\/{rel}","templated":true}]}}