{"id":15830,"date":"2025-09-11T10:50:16","date_gmt":"2025-09-11T07:50:16","guid":{"rendered":"https:\/\/idakorea.ee\/?post_type=product&#038;p=15830"},"modified":"2026-02-15T12:42:12","modified_gmt":"2026-02-15T10:42:12","slug":"pyunkang-yul-acne-spot-cream-15ml","status":"publish","type":"product","link":"https:\/\/idakorea.ee\/fi\/product\/pyunkang-yul-acne-spot-cream-15ml\/","title":{"rendered":"Pyunkang Yul Acne Spot Cream, 15ml"},"content":{"rendered":"<p data-start=\"43\" data-end=\"122\"><strong data-start=\"43\" data-end=\"62\">Pyunkang Yul Acne Spot Cream<\/strong> \u2013 paikallisesti k\u00e4ytett\u00e4v\u00e4 voide tulehduksen, finnien ja aknen lievitt\u00e4miseen.<\/p>\n<p data-start=\"124\" data-end=\"328\">Voide on erityisesti suunniteltu ongelmaiholle. Se auttaa rauhoittamaan \u00e4rsytyst\u00e4 ja v\u00e4hent\u00e4m\u00e4\u00e4n finnej\u00e4 jopa 12 tunniksi voimakkaiden tulehdusta est\u00e4vien ja runsaasti rikastettujen ainesosien ansiosta. Se my\u00f6s est\u00e4\u00e4 bakteerien kasvua ihohuokosissa est\u00e4en uusien finnien muodostumisen ja palauttaa vaurioituneen ihon. Voiteen herkk\u00e4 koostumus imeytyy nopeasti ihoon.<\/p>\n<p data-start=\"503\" data-end=\"529\"><strong data-start=\"503\" data-end=\"527\">T\u00e4rkeimm\u00e4t vaikuttavat aineet:<\/strong><\/p>\n<ul data-start=\"530\" data-end=\"1785\">\n<li data-start=\"530\" data-end=\"732\">\n<p data-start=\"532\" data-end=\"732\"><strong data-start=\"532\" data-end=\"561\">Valkopajun kuoriuute<\/strong> \u2013 kuorii kuolleita ihosoluja, tasoittaa ihon pintaa, sill\u00e4 on bakteereja tappava ja sienil\u00e4\u00e4kkeit\u00e4 tappava vaikutus, edist\u00e4\u00e4 paranemista, parantaa verenkiertoa ja v\u00e4hent\u00e4\u00e4 talirauhasten toimintaa.<\/p>\n<\/li>\n<li data-start=\"733\" data-end=\"869\">\n<p data-start=\"735\" data-end=\"869\"><strong data-start=\"735\" data-end=\"763\">Forsythia-uute<\/strong> \u2013 tasoittaa ihonv\u00e4ri\u00e4, vaalentaa pigmenttimuutoksia, v\u00e4hent\u00e4\u00e4 tukoksia, ehk\u00e4isee couperosaa ja talirauhasten muodostumista.<\/p>\n<\/li>\n<li data-start=\"870\" data-end=\"1094\">\n<p data-start=\"872\" data-end=\"1094\"><strong data-start=\"872\" data-end=\"919\">Aasian vesinavan (centella asiatica) uute<\/strong> \u2013 rauhoittaa, v\u00e4hent\u00e4\u00e4 tulehdusta, v\u00e4hent\u00e4\u00e4 ihottumaa, nopeuttaa aineenvaihduntaa, edist\u00e4\u00e4 hy\u00f6dyllisten aineiden imeytymist\u00e4, parantaa verenkiertoa, kosteuttaa ja ehk\u00e4isee ik\u00e4\u00e4ntymisen merkkej\u00e4.<\/p>\n<\/li>\n<li data-start=\"1095\" data-end=\"1274\">\n<p data-start=\"1097\" data-end=\"1274\"><strong data-start=\"1097\" data-end=\"1151\">Tavallisen tattarin (Polygonum cuspidatum) uute<\/strong> \u2013 vahvistaa verisuonia, stimuloi verenkiertoa, sill\u00e4 on tulehdusta ja bakteereja est\u00e4vi\u00e4 vaikutuksia, edist\u00e4\u00e4 paranemista.<\/p>\n<\/li>\n<li data-start=\"1275\" data-end=\"1349\">\n<p data-start=\"1277\" data-end=\"1349\"><strong data-start=\"1277\" data-end=\"1306\">Baikalin k\u00e4kikultauute<\/strong> \u2013 sill\u00e4 on antiseptisi\u00e4 ja rauhoittavia vaikutuksia.<\/p>\n<\/li>\n<li data-start=\"1350\" data-end=\"1469\">\n<p data-start=\"1352\" data-end=\"1469\"><strong data-start=\"1352\" data-end=\"1377\">Vihre\u00e4n teen uute<\/strong> \u2013 toimii antioksidanttina ja bakteereja tappavana aineena, v\u00e4hent\u00e4\u00e4 turvotusta ja ehk\u00e4isee couperosan kehittymist\u00e4.<\/p>\n<\/li>\n<li data-start=\"1470\" data-end=\"1589\">\n<p data-start=\"1472\" data-end=\"1589\"><strong data-start=\"1472\" data-end=\"1499\">Lakritsinjuuriuute<\/strong> \u2013 v\u00e4hent\u00e4\u00e4 tulehdusta, edist\u00e4\u00e4 paranemista, vaalentaa pigmenttimuutoksia ja aknen j\u00e4lkeisi\u00e4 arpia.<\/p>\n<\/li>\n<li data-start=\"1590\" data-end=\"1685\">\n<p data-start=\"1592\" data-end=\"1685\"><strong data-start=\"1592\" data-end=\"1611\">Kummeliekstrakt<\/strong> \u2013 rauhoittaa, v\u00e4hent\u00e4\u00e4 tulehdusta, desinfioi ja nopeuttaa paranemista.<\/p>\n<\/li>\n<li data-start=\"1686\" data-end=\"1785\">\n<p data-start=\"1688\" data-end=\"1785\"><strong data-start=\"1688\" data-end=\"1706\">Myrttiuute<\/strong> \u2013 v\u00e4hent\u00e4\u00e4 kipua tulehtuneilla alueilla, desinfioi ja sill\u00e4 on yleist\u00e4 vahvistava vaikutus.<\/p>\n<\/li>\n<\/ul>\n<p data-start=\"1876\" data-end=\"1914\"><strong data-start=\"1876\" data-end=\"1895\">Ihon yhteensopivuus:<\/strong> ongelmallinen iho.<\/p>\n<p data-start=\"1876\" data-end=\"1914\"><strong data-start=\"1787\" data-end=\"1802\">K\u00e4ytt\u00f6:<\/strong>\u00a0Levit\u00e4 pieni m\u00e4\u00e4r\u00e4 voidetta paikallisesti ongelma-alueille.<\/p>","protected":false},"excerpt":{"rendered":"<p>Pyunkang Yul Acne Spot Cream \u2013 paikallisesti k\u00e4ytett\u00e4v\u00e4 voide tulehduksen, finnien ja aknen lievitykseen. Voide on erityisesti suunniteltu ongelmaiholle, ja se auttaa rauhoittamaan \u00e4rsytyst\u00e4 ja v\u00e4hent\u00e4m\u00e4\u00e4n finnej\u00e4 jopa 12 tunniksi voimakkaiden tulehdusta est\u00e4vien ja runsaasti rikastettujen ainesosien ansiosta. Se my\u00f6s est\u00e4\u00e4 bakteerien lis\u00e4\u00e4ntymist\u00e4 ihohuokosissa est\u00e4en uusien finnien muodostumisen ja palauttaa vaurioituneen ihon. Voiteella on\u2026<\/p>","protected":false},"featured_media":15831,"comment_status":"open","ping_status":"closed","template":"","meta":{"_uf_show_specific_survey":0,"_uf_disable_surveys":false,"_bst_post_transparent":"default","_bst_post_title":"","_bst_post_layout":"default","_bst_post_sidebar_id":"","_bst_post_content_style":"default","_bst_post_vertical_padding":"default","_bst_post_feature":"","_bst_post_feature_position":"","_bst_post_header":false,"_bst_post_footer":false},"pwb-brand":[474],"product_brand":[],"product_cat":[1122,92,96],"product_tag":[847,225,648],"class_list":{"0":"post-15830","1":"product","2":"type-product","3":"status-publish","4":"has-post-thumbnail","6":"pwb-brand-pyunkang-yul","7":"product_cat-lokaalne-hooldus","8":"product_cat-nagu","9":"product_cat-naokreemid","10":"product_tag-acne","11":"product_tag-akne","12":"product_tag-spot","14":"first","15":"instock","16":"sale","17":"shipping-taxable","18":"purchasable","19":"product-type-simple","20":"entry","21":"content-bg","22":"loop-entry"},"supplier_id":null,"supplier_sku":"","barcode":null,"atum_controlled":true,"out_stock_date":null,"out_stock_threshold":null,"inheritable":false,"inbound_stock":0,"stock_on_hold":0,"sold_today":0,"sales_last_days":0,"out_stock_days":0,"lost_sales":0,"has_location":false,"update_date":"2026-04-14T00:05:08","atum_locations":[],"atum_stock_status":"instock","restock_status":false,"low_stock_amount":"","sales_update_date":"2026-04-14T00:05:08","calc_backorders":null,"yoast_head":"<!-- This site is optimized with the Yoast SEO plugin v27.2 - https:\/\/yoast.com\/product\/yoast-seo-wordpress\/ -->\n<title>Pyunkang Yul Acne Spot Cream, 15ml - IDA.KOREA<\/title>\n<meta name=\"description\" content=\"Kreem on loodud probleemsele nahale, et kiiresti rahustada p\u00f5letikke, v\u00e4hendada vistrikke ja ennetada uute tekkimist. Sobib probleemsele nahale.\" \/>\n<meta name=\"robots\" content=\"index, follow, max-snippet:-1, max-image-preview:large, max-video-preview:-1\" \/>\n<link rel=\"canonical\" href=\"https:\/\/idakorea.ee\/fi\/product\/pyunkang-yul-acne-spot-cream-15ml\/\" \/>\n<meta property=\"og:locale\" content=\"fi_FI\" \/>\n<meta property=\"og:type\" content=\"article\" \/>\n<meta property=\"og:title\" content=\"Pyunkang Yul Acne Spot Cream, 15ml - IDA.KOREA\" \/>\n<meta property=\"og:description\" content=\"Kreem on loodud probleemsele nahale, et kiiresti rahustada p\u00f5letikke, v\u00e4hendada vistrikke ja ennetada uute tekkimist. Sobib probleemsele nahale.\" \/>\n<meta property=\"og:url\" content=\"https:\/\/idakorea.ee\/fi\/product\/pyunkang-yul-acne-spot-cream-15ml\/\" \/>\n<meta property=\"og:site_name\" content=\"IDA.KOREA\" \/>\n<meta property=\"article:modified_time\" content=\"2026-02-15T10:42:12+00:00\" \/>\n<meta property=\"og:image\" content=\"https:\/\/idakorea.ee\/wp-content\/uploads\/2025\/09\/pyunkangyulacnespotcream_idakorea.webp\" \/>\n\t<meta property=\"og:image:width\" content=\"600\" \/>\n\t<meta property=\"og:image:height\" content=\"600\" \/>\n\t<meta property=\"og:image:type\" content=\"image\/webp\" \/>\n<meta name=\"twitter:card\" content=\"summary_large_image\" \/>\n<meta name=\"twitter:label1\" content=\"Arvioitu lukuaika\" \/>\n\t<meta name=\"twitter:data1\" content=\"2 minuuttia\" \/>\n<script type=\"application\/ld+json\" class=\"yoast-schema-graph\">{\"@context\":\"https:\/\/schema.org\",\"@graph\":[{\"@type\":\"WebPage\",\"@id\":\"https:\/\/idakorea.ee\/product\/pyunkang-yul-acne-spot-cream-15ml\/\",\"url\":\"https:\/\/idakorea.ee\/product\/pyunkang-yul-acne-spot-cream-15ml\/\",\"name\":\"Pyunkang Yul Acne Spot Cream, 15ml - IDA.KOREA\",\"isPartOf\":{\"@id\":\"https:\/\/idakorea.ee\/#website\"},\"primaryImageOfPage\":{\"@id\":\"https:\/\/idakorea.ee\/product\/pyunkang-yul-acne-spot-cream-15ml\/#primaryimage\"},\"image\":{\"@id\":\"https:\/\/idakorea.ee\/product\/pyunkang-yul-acne-spot-cream-15ml\/#primaryimage\"},\"thumbnailUrl\":\"https:\/\/idakorea.ee\/wp-content\/uploads\/2025\/09\/pyunkangyulacnespotcream_idakorea.webp\",\"datePublished\":\"2025-09-11T07:50:16+00:00\",\"dateModified\":\"2026-02-15T10:42:12+00:00\",\"description\":\"Kreem on loodud probleemsele nahale, et kiiresti rahustada p\u00f5letikke, v\u00e4hendada vistrikke ja ennetada uute tekkimist. Sobib probleemsele nahale.\",\"breadcrumb\":{\"@id\":\"https:\/\/idakorea.ee\/product\/pyunkang-yul-acne-spot-cream-15ml\/#breadcrumb\"},\"inLanguage\":\"fi\",\"potentialAction\":[{\"@type\":\"ReadAction\",\"target\":[\"https:\/\/idakorea.ee\/product\/pyunkang-yul-acne-spot-cream-15ml\/\"]}]},{\"@type\":\"ImageObject\",\"inLanguage\":\"fi\",\"@id\":\"https:\/\/idakorea.ee\/product\/pyunkang-yul-acne-spot-cream-15ml\/#primaryimage\",\"url\":\"https:\/\/idakorea.ee\/wp-content\/uploads\/2025\/09\/pyunkangyulacnespotcream_idakorea.webp\",\"contentUrl\":\"https:\/\/idakorea.ee\/wp-content\/uploads\/2025\/09\/pyunkangyulacnespotcream_idakorea.webp\",\"width\":600,\"height\":600},{\"@type\":\"BreadcrumbList\",\"@id\":\"https:\/\/idakorea.ee\/product\/pyunkang-yul-acne-spot-cream-15ml\/#breadcrumb\",\"itemListElement\":[{\"@type\":\"ListItem\",\"position\":1,\"name\":\"\u0413\u043b\u0430\u0432\u043d\u0430\u044f \u0441\u0442\u0440\u0430\u043d\u0438\u0446\u0430\",\"item\":\"https:\/\/idakorea.ee\/\"},{\"@type\":\"ListItem\",\"position\":2,\"name\":\"Shop\",\"item\":\"https:\/\/idakorea.ee\/shop-2\/\"},{\"@type\":\"ListItem\",\"position\":3,\"name\":\"Aknevastase toimega kreem Pyunkang Yul Acne Spot Cream, 15ml\"}]},{\"@type\":\"WebSite\",\"@id\":\"https:\/\/idakorea.ee\/#website\",\"url\":\"https:\/\/idakorea.ee\/\",\"name\":\"IDA.KOREA\",\"description\":\"Korea kosmeetika e-pood\",\"publisher\":{\"@id\":\"https:\/\/idakorea.ee\/#organization\"},\"alternateName\":\"Beauty Shop\",\"potentialAction\":[{\"@type\":\"SearchAction\",\"target\":{\"@type\":\"EntryPoint\",\"urlTemplate\":\"https:\/\/idakorea.ee\/?s={search_term_string}\"},\"query-input\":{\"@type\":\"PropertyValueSpecification\",\"valueRequired\":true,\"valueName\":\"search_term_string\"}}],\"inLanguage\":\"fi\"},{\"@type\":\"Organization\",\"@id\":\"https:\/\/idakorea.ee\/#organization\",\"name\":\"IDA.KOREA\",\"url\":\"https:\/\/idakorea.ee\/\",\"logo\":{\"@type\":\"ImageObject\",\"inLanguage\":\"fi\",\"@id\":\"https:\/\/idakorea.ee\/#\/schema\/logo\/image\/\",\"url\":\"https:\/\/idakorea.ee\/wp-content\/uploads\/2024\/05\/cropped-korea3.png\",\"contentUrl\":\"https:\/\/idakorea.ee\/wp-content\/uploads\/2024\/05\/cropped-korea3.png\",\"width\":688,\"height\":126,\"caption\":\"IDA.KOREA\"},\"image\":{\"@id\":\"https:\/\/idakorea.ee\/#\/schema\/logo\/image\/\"},\"sameAs\":[\"https:\/\/www.instagram.com\/ida.korea\/\"]}]}<\/script>\n<!-- \/ Yoast SEO plugin. -->","yoast_head_json":{"title":"Pyunkang Yul Aknepistevoide, 15ml - IDA.KOREA","description":"Voide on suunniteltu ongelmaiholle rauhoittamaan nopeasti tulehdusta, v\u00e4hent\u00e4m\u00e4\u00e4n finnej\u00e4 ja est\u00e4m\u00e4\u00e4n uusien muodostumista. Sopii ongelmaiholle.","robots":{"index":"index","follow":"follow","max-snippet":"max-snippet:-1","max-image-preview":"max-image-preview:large","max-video-preview":"max-video-preview:-1"},"canonical":"https:\/\/idakorea.ee\/fi\/product\/pyunkang-yul-acne-spot-cream-15ml\/","og_locale":"fi_FI","og_type":"article","og_title":"Pyunkang Yul Acne Spot Cream, 15ml - IDA.KOREA","og_description":"Kreem on loodud probleemsele nahale, et kiiresti rahustada p\u00f5letikke, v\u00e4hendada vistrikke ja ennetada uute tekkimist. Sobib probleemsele nahale.","og_url":"https:\/\/idakorea.ee\/fi\/product\/pyunkang-yul-acne-spot-cream-15ml\/","og_site_name":"IDA.KOREA","article_modified_time":"2026-02-15T10:42:12+00:00","og_image":[{"width":600,"height":600,"url":"https:\/\/idakorea.ee\/wp-content\/uploads\/2025\/09\/pyunkangyulacnespotcream_idakorea.webp","type":"image\/webp"}],"twitter_card":"summary_large_image","twitter_misc":{"Arvioitu lukuaika":"2 minuuttia"},"schema":{"@context":"https:\/\/schema.org","@graph":[{"@type":"WebPage","@id":"https:\/\/idakorea.ee\/product\/pyunkang-yul-acne-spot-cream-15ml\/","url":"https:\/\/idakorea.ee\/product\/pyunkang-yul-acne-spot-cream-15ml\/","name":"Pyunkang Yul Aknepistevoide, 15ml - IDA.KOREA","isPartOf":{"@id":"https:\/\/idakorea.ee\/#website"},"primaryImageOfPage":{"@id":"https:\/\/idakorea.ee\/product\/pyunkang-yul-acne-spot-cream-15ml\/#primaryimage"},"image":{"@id":"https:\/\/idakorea.ee\/product\/pyunkang-yul-acne-spot-cream-15ml\/#primaryimage"},"thumbnailUrl":"https:\/\/idakorea.ee\/wp-content\/uploads\/2025\/09\/pyunkangyulacnespotcream_idakorea.webp","datePublished":"2025-09-11T07:50:16+00:00","dateModified":"2026-02-15T10:42:12+00:00","description":"Voide on suunniteltu ongelmaiholle rauhoittamaan nopeasti tulehdusta, v\u00e4hent\u00e4m\u00e4\u00e4n finnej\u00e4 ja est\u00e4m\u00e4\u00e4n uusien muodostumista. Sopii ongelmaiholle.","breadcrumb":{"@id":"https:\/\/idakorea.ee\/product\/pyunkang-yul-acne-spot-cream-15ml\/#breadcrumb"},"inLanguage":"fi","potentialAction":[{"@type":"ReadAction","target":["https:\/\/idakorea.ee\/product\/pyunkang-yul-acne-spot-cream-15ml\/"]}]},{"@type":"ImageObject","inLanguage":"fi","@id":"https:\/\/idakorea.ee\/product\/pyunkang-yul-acne-spot-cream-15ml\/#primaryimage","url":"https:\/\/idakorea.ee\/wp-content\/uploads\/2025\/09\/pyunkangyulacnespotcream_idakorea.webp","contentUrl":"https:\/\/idakorea.ee\/wp-content\/uploads\/2025\/09\/pyunkangyulacnespotcream_idakorea.webp","width":600,"height":600},{"@type":"BreadcrumbList","@id":"https:\/\/idakorea.ee\/product\/pyunkang-yul-acne-spot-cream-15ml\/#breadcrumb","itemListElement":[{"@type":"ListItem","position":1,"name":"\u0413\u043b\u0430\u0432\u043d\u0430\u044f \u0441\u0442\u0440\u0430\u043d\u0438\u0446\u0430","item":"https:\/\/idakorea.ee\/"},{"@type":"ListItem","position":2,"name":"Shop","item":"https:\/\/idakorea.ee\/shop-2\/"},{"@type":"ListItem","position":3,"name":"Aknevastase toimega kreem Pyunkang Yul Acne Spot Cream, 15ml"}]},{"@type":"WebSite","@id":"https:\/\/idakorea.ee\/#website","url":"https:\/\/idakorea.ee\/","name":"IDA.KOREA","description":"Korean kosmetiikan verkkokauppa","publisher":{"@id":"https:\/\/idakorea.ee\/#organization"},"alternateName":"Beauty Shop","potentialAction":[{"@type":"SearchAction","target":{"@type":"EntryPoint","urlTemplate":"https:\/\/idakorea.ee\/?s={search_term_string}"},"query-input":{"@type":"PropertyValueSpecification","valueRequired":true,"valueName":"search_term_string"}}],"inLanguage":"fi"},{"@type":"Organization","@id":"https:\/\/idakorea.ee\/#organization","name":"IDA.KOREA","url":"https:\/\/idakorea.ee\/","logo":{"@type":"ImageObject","inLanguage":"fi","@id":"https:\/\/idakorea.ee\/#\/schema\/logo\/image\/","url":"https:\/\/idakorea.ee\/wp-content\/uploads\/2024\/05\/cropped-korea3.png","contentUrl":"https:\/\/idakorea.ee\/wp-content\/uploads\/2024\/05\/cropped-korea3.png","width":688,"height":126,"caption":"IDA.KOREA"},"image":{"@id":"https:\/\/idakorea.ee\/#\/schema\/logo\/image\/"},"sameAs":["https:\/\/www.instagram.com\/ida.korea\/"]}]}},"jetpack_sharing_enabled":true,"brands":[{"id":474,"name":"PYUNKANG YUL","slug":"pyunkang-yul"}],"_links":{"self":[{"href":"https:\/\/idakorea.ee\/fi\/wp-json\/wp\/v2\/product\/15830","targetHints":{"allow":["GET"]}}],"collection":[{"href":"https:\/\/idakorea.ee\/fi\/wp-json\/wp\/v2\/product"}],"about":[{"href":"https:\/\/idakorea.ee\/fi\/wp-json\/wp\/v2\/types\/product"}],"replies":[{"embeddable":true,"href":"https:\/\/idakorea.ee\/fi\/wp-json\/wp\/v2\/comments?post=15830"}],"version-history":[{"count":2,"href":"https:\/\/idakorea.ee\/fi\/wp-json\/wp\/v2\/product\/15830\/revisions"}],"predecessor-version":[{"id":17470,"href":"https:\/\/idakorea.ee\/fi\/wp-json\/wp\/v2\/product\/15830\/revisions\/17470"}],"wp:featuredmedia":[{"embeddable":true,"href":"https:\/\/idakorea.ee\/fi\/wp-json\/wp\/v2\/media\/15831"}],"wp:attachment":[{"href":"https:\/\/idakorea.ee\/fi\/wp-json\/wp\/v2\/media?parent=15830"}],"wp:term":[{"taxonomy":"pwb-brand","embeddable":true,"href":"https:\/\/idakorea.ee\/fi\/wp-json\/wp\/v2\/pwb-brand?post=15830"},{"taxonomy":"product_brand","embeddable":true,"href":"https:\/\/idakorea.ee\/fi\/wp-json\/wp\/v2\/product_brand?post=15830"},{"taxonomy":"product_cat","embeddable":true,"href":"https:\/\/idakorea.ee\/fi\/wp-json\/wp\/v2\/product_cat?post=15830"},{"taxonomy":"product_tag","embeddable":true,"href":"https:\/\/idakorea.ee\/fi\/wp-json\/wp\/v2\/product_tag?post=15830"}],"curies":[{"name":"wp","href":"https:\/\/api.w.org\/{rel}","templated":true}]}}