{"id":15835,"date":"2025-09-11T11:26:06","date_gmt":"2025-09-11T08:26:06","guid":{"rendered":"https:\/\/idakorea.ee\/?post_type=product&#038;p=15835"},"modified":"2026-01-29T16:19:26","modified_gmt":"2026-01-29T14:19:26","slug":"dr-althea-natural-radiance-essence-30ml","status":"publish","type":"product","link":"https:\/\/idakorea.ee\/fi\/product\/dr-althea-natural-radiance-essence-30ml\/","title":{"rendered":"Dr. Althea Natural Radiance Essence, 30ml"},"content":{"rendered":"<p><strong>Dr. Althea Natural Radiance Essence<\/strong> on erityisesti suunniteltu palauttamaan ihon hehkun, tasaisen s\u00e4vyn ja terveen ihonv\u00e4rin.<\/p>\n<p>Tuote suojaa ei-toivotun pigmentaation muodostumiselta, sill\u00e4 on antioksidanttinen vaikutus, se taistelee vapaita radikaaleja vastaan ja v\u00e4hent\u00e4\u00e4 ymp\u00e4rist\u00f6n haitallisia vaikutuksia.<\/p>\n<p>Essenssin p\u00e4\u00e4ainesosa on 85% australialainen kakaduluumuuute, joka sis\u00e4lt\u00e4\u00e4 eritt\u00e4in korkean pitoisuuden C-vitamiinia ja jolla on voimakas antioksidanttinen vaikutus. Se suojaa ihoa UV-s\u00e4teilylt\u00e4 ja ymp\u00e4rist\u00f6n stressitekij\u00f6ilt\u00e4, stimuloi kollageenin tuotantoa, parantaa kimmoisuutta, kiinteytt\u00e4 ja nesteytyst\u00e4. Auttaa vaalentamaan pigmenttil\u00e4iski\u00e4 ja aknen j\u00e4lki\u00e4, tasoittaa ihonv\u00e4ri\u00e4 ja antaa iholle terveen hehkun.<\/p>\n<p>Probioottikompleksin ansiosta uute palauttaa ihon hydrolipiditasapainon ja tukee mikrobiston terveytt\u00e4, vahvistaa vastustuskyky\u00e4 ja ehk\u00e4isee \u00e4rsytyst\u00e4 ja tulehdusta.<\/p>\n<p>Tuotteen kaavalla on korealainen Vegan\u00ae-sertifikaatti, joka vahvistaa, ettei koostumus sis\u00e4ll\u00e4 el\u00e4inper\u00e4isi\u00e4 ainesosia.<\/p>\n<p><strong>Muita ainesosia:<\/strong><\/p>\n<ul>\n<li><strong>Niasiiniamidi<\/strong> \u2013 lis\u00e4\u00e4 keramidien synteesi\u00e4, poistaa kuivuutta, kireytt\u00e4 ja hilseily\u00e4. Hidastaa melaniinin tunkeutumista ihoon, ehk\u00e4isten ik\u00e4l\u00e4iskien muodostumista. V\u00e4hent\u00e4\u00e4 ihon herkkyytt\u00e4 ulkoisille \u00e4rsykkeille, edist\u00e4\u00e4 kollageenin tuotantoa ja lis\u00e4\u00e4 ihon tiheytt\u00e4.<\/li>\n<li><strong>Glutationi<\/strong> \u2013 voimakas antioksidantti, joka kirkastaa ja poistaa tehokkaasti pigmenttimuutoksia. Nuorentaa, parantaa ihon kimmoisuutta ja kiinteytt\u00e4, silottaa ryppyj\u00e4 ja poistaa v\u00e4symyksen merkkej\u00e4. Parantaa ihonv\u00e4ri\u00e4, torjuu aknea, v\u00e4hent\u00e4\u00e4 ik\u00e4l\u00e4iski\u00e4, hyperpigmentaatiota ja aknen j\u00e4lki\u00e4.<\/li>\n<li><strong>Skvala<\/strong> \u2013 suojaa ihoa kosteuden haihtumiselta, s\u00e4\u00e4telee ihon hengityst\u00e4, hidastaa ennenaikaista ik\u00e4\u00e4ntymist\u00e4 ja v\u00e4hent\u00e4\u00e4 ymp\u00e4rist\u00f6tekij\u00f6iden negatiivisia vaikutuksia.<\/li>\n<\/ul>\n<p>Sopii kaikille ihotyypeille.<\/p>\n<p><strong>K\u00e4ytt\u00f6:<\/strong> Levit\u00e4 muutama tippa \u00f6ljy\u00e4 puhdistetulle iholle kasvoveden k\u00e4yt\u00f6n j\u00e4lkeen. Taputtele kevyesti sormenp\u00e4ill\u00e4 ja levit\u00e4 sen j\u00e4lkeen kosteusvoidetta.<\/p>","protected":false},"excerpt":{"rendered":"<p>Dr. Althea Natural Radiance Essence on erityisesti kehitetty palauttamaan ihon hehku, tasainen s\u00e4vy ja terve iho. Tuote suojaa ei-toivotun pigmentaation muodostumiselta, sill\u00e4 on antioksidanttinen vaikutus, se taistelee vapaita radikaaleja vastaan ja v\u00e4hent\u00e4\u00e4 ymp\u00e4rist\u00f6n haitallisia vaikutuksia. Essenssin p\u00e4\u00e4komponentti on 85% australialainen kakadu-luumuuute, joka sis\u00e4lt\u00e4\u00e4 eritt\u00e4in korkean C-vitamiinipitoisuuden ja jolla on voimakas antioksidanttinen vaikutus. Se\u2026<\/p>","protected":false},"featured_media":15836,"comment_status":"open","ping_status":"closed","template":"","meta":{"_uf_show_specific_survey":0,"_uf_disable_surveys":false,"_bst_post_transparent":"default","_bst_post_title":"","_bst_post_layout":"default","_bst_post_sidebar_id":"","_bst_post_content_style":"default","_bst_post_vertical_padding":"default","_bst_post_feature":"","_bst_post_feature_position":"","_bst_post_header":false,"_bst_post_footer":false},"pwb-brand":[480],"product_brand":[],"product_cat":[92,97],"product_tag":[],"class_list":{"0":"post-15835","1":"product","2":"type-product","3":"status-publish","4":"has-post-thumbnail","6":"pwb-brand-dr-althea","7":"product_cat-nagu","8":"product_cat-naoseerumid-ja-olid","10":"first","11":"instock","12":"sale","13":"shipping-taxable","14":"purchasable","15":"product-type-simple","16":"entry","17":"content-bg","18":"loop-entry"},"supplier_id":null,"supplier_sku":"","barcode":null,"atum_controlled":true,"out_stock_date":null,"out_stock_threshold":null,"inheritable":false,"inbound_stock":0,"stock_on_hold":0,"sold_today":0,"sales_last_days":0,"out_stock_days":0,"lost_sales":0,"has_location":false,"update_date":"2026-04-14T00:05:05","atum_locations":[],"atum_stock_status":"instock","restock_status":false,"low_stock_amount":"","sales_update_date":"2026-04-14T00:05:05","calc_backorders":null,"yoast_head":"<!-- This site is optimized with the Yoast SEO plugin v27.2 - https:\/\/yoast.com\/product\/yoast-seo-wordpress\/ -->\n<title>Dr. Althea Natural Radiance Essence, 30ml - IDA.KOREA<\/title>\n<meta name=\"description\" content=\"Dr. Althea Natural Radiance Essence taastab naha s\u00e4ra ja \u00fchtlase tooni, sisaldades 85% kakaduu ploomi ekstrakti, niatsiinamiidi ja glutatiooni. Kiire tarne!\" \/>\n<meta name=\"robots\" content=\"index, follow, max-snippet:-1, max-image-preview:large, max-video-preview:-1\" \/>\n<link rel=\"canonical\" href=\"https:\/\/idakorea.ee\/fi\/product\/dr-althea-natural-radiance-essence-30ml\/\" \/>\n<meta property=\"og:locale\" content=\"fi_FI\" \/>\n<meta property=\"og:type\" content=\"article\" \/>\n<meta property=\"og:title\" content=\"Dr. Althea Natural Radiance Essence, 30ml - IDA.KOREA\" \/>\n<meta property=\"og:description\" content=\"Dr. Althea Natural Radiance Essence taastab naha s\u00e4ra ja \u00fchtlase tooni, sisaldades 85% kakaduu ploomi ekstrakti, niatsiinamiidi ja glutatiooni. Kiire tarne!\" \/>\n<meta property=\"og:url\" content=\"https:\/\/idakorea.ee\/fi\/product\/dr-althea-natural-radiance-essence-30ml\/\" \/>\n<meta property=\"og:site_name\" content=\"IDA.KOREA\" \/>\n<meta property=\"article:modified_time\" content=\"2026-01-29T14:19:26+00:00\" \/>\n<meta property=\"og:image\" content=\"https:\/\/idakorea.ee\/wp-content\/uploads\/2025\/09\/naturalradianceessence-idakorea-scaled.webp\" \/>\n\t<meta property=\"og:image:width\" content=\"2560\" \/>\n\t<meta property=\"og:image:height\" content=\"2560\" \/>\n\t<meta property=\"og:image:type\" content=\"image\/webp\" \/>\n<meta name=\"twitter:card\" content=\"summary_large_image\" \/>\n<meta name=\"twitter:label1\" content=\"Arvioitu lukuaika\" \/>\n\t<meta name=\"twitter:data1\" content=\"2 minuuttia\" \/>\n<script type=\"application\/ld+json\" class=\"yoast-schema-graph\">{\"@context\":\"https:\/\/schema.org\",\"@graph\":[{\"@type\":\"WebPage\",\"@id\":\"https:\/\/idakorea.ee\/product\/dr-althea-natural-radiance-essence-30ml\/\",\"url\":\"https:\/\/idakorea.ee\/product\/dr-althea-natural-radiance-essence-30ml\/\",\"name\":\"Dr. Althea Natural Radiance Essence, 30ml - IDA.KOREA\",\"isPartOf\":{\"@id\":\"https:\/\/idakorea.ee\/#website\"},\"primaryImageOfPage\":{\"@id\":\"https:\/\/idakorea.ee\/product\/dr-althea-natural-radiance-essence-30ml\/#primaryimage\"},\"image\":{\"@id\":\"https:\/\/idakorea.ee\/product\/dr-althea-natural-radiance-essence-30ml\/#primaryimage\"},\"thumbnailUrl\":\"https:\/\/idakorea.ee\/wp-content\/uploads\/2025\/09\/naturalradianceessence-idakorea-scaled.webp\",\"datePublished\":\"2025-09-11T08:26:06+00:00\",\"dateModified\":\"2026-01-29T14:19:26+00:00\",\"description\":\"Dr. Althea Natural Radiance Essence taastab naha s\u00e4ra ja \u00fchtlase tooni, sisaldades 85% kakaduu ploomi ekstrakti, niatsiinamiidi ja glutatiooni. Kiire tarne!\",\"breadcrumb\":{\"@id\":\"https:\/\/idakorea.ee\/product\/dr-althea-natural-radiance-essence-30ml\/#breadcrumb\"},\"inLanguage\":\"fi\",\"potentialAction\":[{\"@type\":\"ReadAction\",\"target\":[\"https:\/\/idakorea.ee\/product\/dr-althea-natural-radiance-essence-30ml\/\"]}]},{\"@type\":\"ImageObject\",\"inLanguage\":\"fi\",\"@id\":\"https:\/\/idakorea.ee\/product\/dr-althea-natural-radiance-essence-30ml\/#primaryimage\",\"url\":\"https:\/\/idakorea.ee\/wp-content\/uploads\/2025\/09\/naturalradianceessence-idakorea-scaled.webp\",\"contentUrl\":\"https:\/\/idakorea.ee\/wp-content\/uploads\/2025\/09\/naturalradianceessence-idakorea-scaled.webp\",\"width\":2560,\"height\":2560},{\"@type\":\"BreadcrumbList\",\"@id\":\"https:\/\/idakorea.ee\/product\/dr-althea-natural-radiance-essence-30ml\/#breadcrumb\",\"itemListElement\":[{\"@type\":\"ListItem\",\"position\":1,\"name\":\"\u0413\u043b\u0430\u0432\u043d\u0430\u044f \u0441\u0442\u0440\u0430\u043d\u0438\u0446\u0430\",\"item\":\"https:\/\/idakorea.ee\/\"},{\"@type\":\"ListItem\",\"position\":2,\"name\":\"Shop\",\"item\":\"https:\/\/idakorea.ee\/shop-2\/\"},{\"@type\":\"ListItem\",\"position\":3,\"name\":\"S\u00e4raandav vegan essents Dr. Althea Natural Radiance Essence, 30ml\"}]},{\"@type\":\"WebSite\",\"@id\":\"https:\/\/idakorea.ee\/#website\",\"url\":\"https:\/\/idakorea.ee\/\",\"name\":\"IDA.KOREA\",\"description\":\"Korea kosmeetika e-pood\",\"publisher\":{\"@id\":\"https:\/\/idakorea.ee\/#organization\"},\"alternateName\":\"Beauty Shop\",\"potentialAction\":[{\"@type\":\"SearchAction\",\"target\":{\"@type\":\"EntryPoint\",\"urlTemplate\":\"https:\/\/idakorea.ee\/?s={search_term_string}\"},\"query-input\":{\"@type\":\"PropertyValueSpecification\",\"valueRequired\":true,\"valueName\":\"search_term_string\"}}],\"inLanguage\":\"fi\"},{\"@type\":\"Organization\",\"@id\":\"https:\/\/idakorea.ee\/#organization\",\"name\":\"IDA.KOREA\",\"url\":\"https:\/\/idakorea.ee\/\",\"logo\":{\"@type\":\"ImageObject\",\"inLanguage\":\"fi\",\"@id\":\"https:\/\/idakorea.ee\/#\/schema\/logo\/image\/\",\"url\":\"https:\/\/idakorea.ee\/wp-content\/uploads\/2024\/05\/cropped-korea3.png\",\"contentUrl\":\"https:\/\/idakorea.ee\/wp-content\/uploads\/2024\/05\/cropped-korea3.png\",\"width\":688,\"height\":126,\"caption\":\"IDA.KOREA\"},\"image\":{\"@id\":\"https:\/\/idakorea.ee\/#\/schema\/logo\/image\/\"},\"sameAs\":[\"https:\/\/www.instagram.com\/ida.korea\/\"]}]}<\/script>\n<!-- \/ Yoast SEO plugin. -->","yoast_head_json":{"title":"Dr. Althea Natural Radiance Essence, 30ml - IDA.KOREA","description":"Dr. Althea Natural Radiance Essence palauttaa ihon hehkun ja tasoittaa ihon s\u00e4vy\u00e4 85%-kakadu-luumu-uutteella, niasiiniamidilla ja glutationilla. Nopea toimitus!","robots":{"index":"index","follow":"follow","max-snippet":"max-snippet:-1","max-image-preview":"max-image-preview:large","max-video-preview":"max-video-preview:-1"},"canonical":"https:\/\/idakorea.ee\/fi\/product\/dr-althea-natural-radiance-essence-30ml\/","og_locale":"fi_FI","og_type":"article","og_title":"Dr. Althea Natural Radiance Essence, 30ml - IDA.KOREA","og_description":"Dr. Althea Natural Radiance Essence taastab naha s\u00e4ra ja \u00fchtlase tooni, sisaldades 85% kakaduu ploomi ekstrakti, niatsiinamiidi ja glutatiooni. Kiire tarne!","og_url":"https:\/\/idakorea.ee\/fi\/product\/dr-althea-natural-radiance-essence-30ml\/","og_site_name":"IDA.KOREA","article_modified_time":"2026-01-29T14:19:26+00:00","og_image":[{"width":2560,"height":2560,"url":"https:\/\/idakorea.ee\/wp-content\/uploads\/2025\/09\/naturalradianceessence-idakorea-scaled.webp","type":"image\/webp"}],"twitter_card":"summary_large_image","twitter_misc":{"Arvioitu lukuaika":"2 minuuttia"},"schema":{"@context":"https:\/\/schema.org","@graph":[{"@type":"WebPage","@id":"https:\/\/idakorea.ee\/product\/dr-althea-natural-radiance-essence-30ml\/","url":"https:\/\/idakorea.ee\/product\/dr-althea-natural-radiance-essence-30ml\/","name":"Dr. Althea Natural Radiance Essence, 30ml - IDA.KOREA","isPartOf":{"@id":"https:\/\/idakorea.ee\/#website"},"primaryImageOfPage":{"@id":"https:\/\/idakorea.ee\/product\/dr-althea-natural-radiance-essence-30ml\/#primaryimage"},"image":{"@id":"https:\/\/idakorea.ee\/product\/dr-althea-natural-radiance-essence-30ml\/#primaryimage"},"thumbnailUrl":"https:\/\/idakorea.ee\/wp-content\/uploads\/2025\/09\/naturalradianceessence-idakorea-scaled.webp","datePublished":"2025-09-11T08:26:06+00:00","dateModified":"2026-01-29T14:19:26+00:00","description":"Dr. Althea Natural Radiance Essence palauttaa ihon hehkun ja tasoittaa ihon s\u00e4vy\u00e4 85%-kakadu-luumu-uutteella, niasiiniamidilla ja glutationilla. Nopea toimitus!","breadcrumb":{"@id":"https:\/\/idakorea.ee\/product\/dr-althea-natural-radiance-essence-30ml\/#breadcrumb"},"inLanguage":"fi","potentialAction":[{"@type":"ReadAction","target":["https:\/\/idakorea.ee\/product\/dr-althea-natural-radiance-essence-30ml\/"]}]},{"@type":"ImageObject","inLanguage":"fi","@id":"https:\/\/idakorea.ee\/product\/dr-althea-natural-radiance-essence-30ml\/#primaryimage","url":"https:\/\/idakorea.ee\/wp-content\/uploads\/2025\/09\/naturalradianceessence-idakorea-scaled.webp","contentUrl":"https:\/\/idakorea.ee\/wp-content\/uploads\/2025\/09\/naturalradianceessence-idakorea-scaled.webp","width":2560,"height":2560},{"@type":"BreadcrumbList","@id":"https:\/\/idakorea.ee\/product\/dr-althea-natural-radiance-essence-30ml\/#breadcrumb","itemListElement":[{"@type":"ListItem","position":1,"name":"\u0413\u043b\u0430\u0432\u043d\u0430\u044f \u0441\u0442\u0440\u0430\u043d\u0438\u0446\u0430","item":"https:\/\/idakorea.ee\/"},{"@type":"ListItem","position":2,"name":"Shop","item":"https:\/\/idakorea.ee\/shop-2\/"},{"@type":"ListItem","position":3,"name":"S\u00e4raandav vegan essents Dr. Althea Natural Radiance Essence, 30ml"}]},{"@type":"WebSite","@id":"https:\/\/idakorea.ee\/#website","url":"https:\/\/idakorea.ee\/","name":"IDA.KOREA","description":"Korean kosmetiikan verkkokauppa","publisher":{"@id":"https:\/\/idakorea.ee\/#organization"},"alternateName":"Beauty Shop","potentialAction":[{"@type":"SearchAction","target":{"@type":"EntryPoint","urlTemplate":"https:\/\/idakorea.ee\/?s={search_term_string}"},"query-input":{"@type":"PropertyValueSpecification","valueRequired":true,"valueName":"search_term_string"}}],"inLanguage":"fi"},{"@type":"Organization","@id":"https:\/\/idakorea.ee\/#organization","name":"IDA.KOREA","url":"https:\/\/idakorea.ee\/","logo":{"@type":"ImageObject","inLanguage":"fi","@id":"https:\/\/idakorea.ee\/#\/schema\/logo\/image\/","url":"https:\/\/idakorea.ee\/wp-content\/uploads\/2024\/05\/cropped-korea3.png","contentUrl":"https:\/\/idakorea.ee\/wp-content\/uploads\/2024\/05\/cropped-korea3.png","width":688,"height":126,"caption":"IDA.KOREA"},"image":{"@id":"https:\/\/idakorea.ee\/#\/schema\/logo\/image\/"},"sameAs":["https:\/\/www.instagram.com\/ida.korea\/"]}]}},"jetpack_sharing_enabled":true,"brands":[{"id":480,"name":"DR.ALTHEA","slug":"dr-althea"}],"_links":{"self":[{"href":"https:\/\/idakorea.ee\/fi\/wp-json\/wp\/v2\/product\/15835","targetHints":{"allow":["GET"]}}],"collection":[{"href":"https:\/\/idakorea.ee\/fi\/wp-json\/wp\/v2\/product"}],"about":[{"href":"https:\/\/idakorea.ee\/fi\/wp-json\/wp\/v2\/types\/product"}],"replies":[{"embeddable":true,"href":"https:\/\/idakorea.ee\/fi\/wp-json\/wp\/v2\/comments?post=15835"}],"version-history":[{"count":1,"href":"https:\/\/idakorea.ee\/fi\/wp-json\/wp\/v2\/product\/15835\/revisions"}],"predecessor-version":[{"id":15839,"href":"https:\/\/idakorea.ee\/fi\/wp-json\/wp\/v2\/product\/15835\/revisions\/15839"}],"wp:featuredmedia":[{"embeddable":true,"href":"https:\/\/idakorea.ee\/fi\/wp-json\/wp\/v2\/media\/15836"}],"wp:attachment":[{"href":"https:\/\/idakorea.ee\/fi\/wp-json\/wp\/v2\/media?parent=15835"}],"wp:term":[{"taxonomy":"pwb-brand","embeddable":true,"href":"https:\/\/idakorea.ee\/fi\/wp-json\/wp\/v2\/pwb-brand?post=15835"},{"taxonomy":"product_brand","embeddable":true,"href":"https:\/\/idakorea.ee\/fi\/wp-json\/wp\/v2\/product_brand?post=15835"},{"taxonomy":"product_cat","embeddable":true,"href":"https:\/\/idakorea.ee\/fi\/wp-json\/wp\/v2\/product_cat?post=15835"},{"taxonomy":"product_tag","embeddable":true,"href":"https:\/\/idakorea.ee\/fi\/wp-json\/wp\/v2\/product_tag?post=15835"}],"curies":[{"name":"wp","href":"https:\/\/api.w.org\/{rel}","templated":true}]}}