{"id":15846,"date":"2025-09-11T12:07:03","date_gmt":"2025-09-11T09:07:03","guid":{"rendered":"https:\/\/idakorea.ee\/?post_type=product&#038;p=15846"},"modified":"2026-04-14T00:24:07","modified_gmt":"2026-04-13T22:24:07","slug":"dr-althea-multi-action-infusion-serum-30ml","status":"publish","type":"product","link":"https:\/\/idakorea.ee\/fi\/product\/dr-althea-multi-action-infusion-serum-30ml\/","title":{"rendered":"Dr. Althea Multi-Action Infusion Serum, 30ml"},"content":{"rendered":"<p data-start=\"85\" data-end=\"490\"><strong data-start=\"85\" data-end=\"127\">Dr. Althea Multi-Action Infusion Serum<\/strong> \u2013 suojaava monitoimiseerumi, jolla on laaja vaikutuskirjo ja voimakas uudistava vaikutus. Se kiinteytt\u00e4\u00e4 ihokudoksia ja v\u00e4hent\u00e4\u00e4 herkkyytt\u00e4. Elvytt\u00e4vien ominaisuuksiensa ansiosta se auttaa torjumaan v\u00e4synytt\u00e4 ja sameaa ihoa, poistaa kuivuutta ja nestehukkaa. Seerumi est\u00e4\u00e4 ulkoisten tekij\u00f6iden, kuten auringons\u00e4teilyn, stressin ja suurkaupunkien ilmansaasteiden, haitallisia vaikutuksia.<\/p>\n<p data-start=\"492\" data-end=\"866\">T\u00e4m\u00e4 stressi\u00e4 lievitt\u00e4v\u00e4 seerumi rauhoittaa \u00e4rtynytt\u00e4 ihoa, v\u00e4hent\u00e4\u00e4 kutinaa ja sill\u00e4 on antibakteerinen vaikutus. Auttaa parantamaan tulehdusta, poistaa punoitusta ja tasoittaa ihon s\u00e4vy\u00e4. Muodostaa iholle suojaavan kerroksen, joka est\u00e4\u00e4 kosteuden haihtumista, yll\u00e4pit\u00e4\u00e4 optimaalista kosteustasoa ja palauttaa lipidivaippan eheyden. Normalisoi hydrolipiditasapainoa ja s\u00e4\u00e4telee talirauhasten toimintaa.<\/p>\n<p data-start=\"868\" data-end=\"894\"><strong data-start=\"868\" data-end=\"892\">T\u00e4rkeimm\u00e4t vaikuttavat aineet:<\/strong><\/p>\n<ul data-start=\"895\" data-end=\"1950\">\n<li data-start=\"895\" data-end=\"1053\">\n<p data-start=\"897\" data-end=\"1053\"><strong data-start=\"897\" data-end=\"922\">Noni-hedelm\u00e4uute<\/strong> \u2013 vahvistaa ja ehk\u00e4isee tulehdusta, auttaa ehk\u00e4isem\u00e4\u00e4n ennenaikaista ik\u00e4\u00e4ntymist\u00e4 ja v\u00e4hent\u00e4\u00e4 p\u00e4ivitt\u00e4isen oksidatiivisen stressin vaikutuksia.<\/p>\n<\/li>\n<li data-start=\"1054\" data-end=\"1198\">\n<p data-start=\"1056\" data-end=\"1198\"><strong data-start=\"1056\" data-end=\"1084\">Centella Asiatica -uute<\/strong> \u2013 rauhoittaa punoitusta ja \u00e4rsytyst\u00e4, vahvistaa verisuonten sein\u00e4mi\u00e4, v\u00e4hent\u00e4\u00e4 couperosan n\u00e4kyvyytt\u00e4 ja parantaa ihon elastisuutta.<\/p>\n<\/li>\n<li data-start=\"1199\" data-end=\"1312\">\n<p data-start=\"1201\" data-end=\"1312\"><strong data-start=\"1201\" data-end=\"1212\">Betaiini<\/strong> \u2013 tekee ihosta sile\u00e4n ja pehme\u00e4n, s\u00e4ilytt\u00e4\u00e4 kosteuden, suojaa solukalvoja ja v\u00e4hent\u00e4\u00e4 \u00e4rsytyst\u00e4.<\/p>\n<\/li>\n<li data-start=\"1313\" data-end=\"1435\">\n<p data-start=\"1315\" data-end=\"1435\"><strong data-start=\"1315\" data-end=\"1332\">Niasiiniamidi<\/strong> \u2013 kirkastaa, ehk\u00e4isee pigmenttimuutoksia, poistaa liiallista kiiltoa ja normalisoi talirauhasten toimintaa.<\/p>\n<\/li>\n<li data-start=\"1436\" data-end=\"1561\">\n<p data-start=\"1438\" data-end=\"1561\"><strong data-start=\"1438\" data-end=\"1451\">Adenos<\/strong> \u2013 stimuloi kollageenisynteesi\u00e4, lis\u00e4\u00e4 ihon kimmoisuutta ja tiheytt\u00e4 sek\u00e4 auttaa ehk\u00e4isem\u00e4\u00e4n ryppyjen muodostumista.<\/p>\n<\/li>\n<li data-start=\"1562\" data-end=\"1758\">\n<p data-start=\"1564\" data-end=\"1758\"><strong data-start=\"1564\" data-end=\"1600\">Patentoitu HYDSOL-H6-kompleksi<\/strong> \u2013 koostuu kuudesta hyaluronihaposta, jotka pienen molekyylipainonsa ansiosta tunkeutuvat syvemm\u00e4lle. Kosteuttavat ihon sarveiskerrosta, s\u00e4ilytt\u00e4v\u00e4t kosteuden ja ehk\u00e4isev\u00e4t kuivuutta ja hilseily\u00e4.<\/p>\n<\/li>\n<li data-start=\"1759\" data-end=\"1950\">\n<p data-start=\"1761\" data-end=\"1950\"><strong data-start=\"1761\" data-end=\"1787\">Neem-lehtiuute<\/strong> \u2013 edist\u00e4\u00e4 paranemista, sill\u00e4 on tulehdusta ehk\u00e4isevi\u00e4 ja antiseptisi\u00e4 vaikutuksia, puhdistaa ja nuorentaa ihoa, tekee siit\u00e4 sile\u00e4n ja silkkisen sek\u00e4 s\u00e4\u00e4telee talin tuotantoa.<\/p>\n<\/li>\n<\/ul>\n<p data-start=\"1952\" data-end=\"2009\">Sopii kuivalle, normaalille ja sekaiholle.<\/p>\n<p data-start=\"2011\" data-end=\"2121\"><strong data-start=\"2011\" data-end=\"2026\">K\u00e4ytt\u00f6:<\/strong> Levit\u00e4 tarvittava m\u00e4\u00e4r\u00e4 seerumia kasvovedell\u00e4 k\u00e4sitellylle iholle ja levit\u00e4 sen j\u00e4lkeen voide.<\/p>","protected":false},"excerpt":{"rendered":"<p>Dr. Althea Multi-Action Infusion Serum \u2013 suojaava moniseerumi, jolla on laaja vaikutuskirjo ja voimakas uudistava vaikutus. Se kiinteytt\u00e4\u00e4 ihokudoksia ja v\u00e4hent\u00e4\u00e4 herkkyytt\u00e4. Elvytt\u00e4vien ominaisuuksiensa ansiosta se auttaa torjumaan v\u00e4synytt\u00e4 ja sameaa ihoa, poistaa kuivuutta ja nestehukkaa. Seerumi est\u00e4\u00e4 ulkoisten tekij\u00f6iden, kuten auringons\u00e4teilyn, stressin ja suurkaupunkien ilmansaasteiden, haitallisia vaikutuksia. T\u00e4m\u00e4 stressi\u00e4 lievitt\u00e4v\u00e4 seerumi rauhoittaa \u00e4rtynytt\u00e4 ihoa,\u2026<\/p>","protected":false},"featured_media":15847,"comment_status":"open","ping_status":"closed","template":"","meta":{"_uf_show_specific_survey":0,"_uf_disable_surveys":false,"_bst_post_transparent":"default","_bst_post_title":"","_bst_post_layout":"default","_bst_post_sidebar_id":"","_bst_post_content_style":"default","_bst_post_vertical_padding":"default","_bst_post_feature":"","_bst_post_feature_position":"","_bst_post_header":false,"_bst_post_footer":false},"pwb-brand":[480],"product_brand":[],"product_cat":[92,97],"product_tag":[615,750],"class_list":{"0":"post-15846","1":"product","2":"type-product","3":"status-publish","4":"has-post-thumbnail","6":"pwb-brand-dr-althea","7":"product_cat-nagu","8":"product_cat-naoseerumid-ja-olid","9":"product_tag-althea","10":"product_tag-tundlik","12":"first","13":"instock","14":"sale","15":"shipping-taxable","16":"purchasable","17":"product-type-simple","18":"entry","19":"content-bg","20":"loop-entry"},"supplier_id":null,"supplier_sku":"","barcode":null,"atum_controlled":true,"out_stock_date":null,"out_stock_threshold":null,"inheritable":false,"inbound_stock":0,"stock_on_hold":0,"sold_today":0,"sales_last_days":1,"out_stock_days":0,"lost_sales":0,"has_location":false,"update_date":"2026-04-13T22:24:08","atum_locations":[],"atum_stock_status":"instock","restock_status":false,"low_stock_amount":"","sales_update_date":"2026-04-13T09:42:40","calc_backorders":null,"yoast_head":"<!-- This site is optimized with the Yoast SEO plugin v27.2 - https:\/\/yoast.com\/product\/yoast-seo-wordpress\/ -->\n<title>Dr. Althea Multi-Action Infusion Serum, 30ml - IDA.KOREA<\/title>\n<meta name=\"description\" content=\"Seerum taastab ja tugevdab nahka, v\u00e4hendab tundlikkust. Aasia tsentella, niatsiinamiid ja HYDSOL-H6 h\u00fcaluroonhape niisutavad s\u00fcgavuti, parandavad elastsust ja \u00fchtlustavad jumet.\" \/>\n<meta name=\"robots\" content=\"index, follow, max-snippet:-1, max-image-preview:large, max-video-preview:-1\" \/>\n<link rel=\"canonical\" href=\"https:\/\/idakorea.ee\/fi\/product\/dr-althea-multi-action-infusion-serum-30ml\/\" \/>\n<meta property=\"og:locale\" content=\"fi_FI\" \/>\n<meta property=\"og:type\" content=\"article\" \/>\n<meta property=\"og:title\" content=\"Dr. Althea Multi-Action Infusion Serum, 30ml - IDA.KOREA\" \/>\n<meta property=\"og:description\" content=\"Seerum taastab ja tugevdab nahka, v\u00e4hendab tundlikkust. Aasia tsentella, niatsiinamiid ja HYDSOL-H6 h\u00fcaluroonhape niisutavad s\u00fcgavuti, parandavad elastsust ja \u00fchtlustavad jumet.\" \/>\n<meta property=\"og:url\" content=\"https:\/\/idakorea.ee\/fi\/product\/dr-althea-multi-action-infusion-serum-30ml\/\" \/>\n<meta property=\"og:site_name\" content=\"IDA.KOREA\" \/>\n<meta property=\"article:modified_time\" content=\"2026-04-13T22:24:07+00:00\" \/>\n<meta property=\"og:image\" content=\"https:\/\/idakorea.ee\/wp-content\/uploads\/2025\/09\/multiinfusionserum_idakorea.webp\" \/>\n\t<meta property=\"og:image:width\" content=\"2000\" \/>\n\t<meta property=\"og:image:height\" content=\"2000\" \/>\n\t<meta property=\"og:image:type\" content=\"image\/webp\" \/>\n<meta name=\"twitter:card\" content=\"summary_large_image\" \/>\n<meta name=\"twitter:label1\" content=\"Arvioitu lukuaika\" \/>\n\t<meta name=\"twitter:data1\" content=\"2 minuuttia\" \/>\n<script type=\"application\/ld+json\" class=\"yoast-schema-graph\">{\"@context\":\"https:\/\/schema.org\",\"@graph\":[{\"@type\":\"WebPage\",\"@id\":\"https:\/\/idakorea.ee\/product\/dr-althea-multi-action-infusion-serum-30ml\/\",\"url\":\"https:\/\/idakorea.ee\/product\/dr-althea-multi-action-infusion-serum-30ml\/\",\"name\":\"Dr. Althea Multi-Action Infusion Serum, 30ml - IDA.KOREA\",\"isPartOf\":{\"@id\":\"https:\/\/idakorea.ee\/#website\"},\"primaryImageOfPage\":{\"@id\":\"https:\/\/idakorea.ee\/product\/dr-althea-multi-action-infusion-serum-30ml\/#primaryimage\"},\"image\":{\"@id\":\"https:\/\/idakorea.ee\/product\/dr-althea-multi-action-infusion-serum-30ml\/#primaryimage\"},\"thumbnailUrl\":\"https:\/\/idakorea.ee\/wp-content\/uploads\/2025\/09\/multiinfusionserum_idakorea.webp\",\"datePublished\":\"2025-09-11T09:07:03+00:00\",\"dateModified\":\"2026-04-13T22:24:07+00:00\",\"description\":\"Seerum taastab ja tugevdab nahka, v\u00e4hendab tundlikkust. Aasia tsentella, niatsiinamiid ja HYDSOL-H6 h\u00fcaluroonhape niisutavad s\u00fcgavuti, parandavad elastsust ja \u00fchtlustavad jumet.\",\"breadcrumb\":{\"@id\":\"https:\/\/idakorea.ee\/product\/dr-althea-multi-action-infusion-serum-30ml\/#breadcrumb\"},\"inLanguage\":\"fi\",\"potentialAction\":[{\"@type\":\"ReadAction\",\"target\":[\"https:\/\/idakorea.ee\/product\/dr-althea-multi-action-infusion-serum-30ml\/\"]}]},{\"@type\":\"ImageObject\",\"inLanguage\":\"fi\",\"@id\":\"https:\/\/idakorea.ee\/product\/dr-althea-multi-action-infusion-serum-30ml\/#primaryimage\",\"url\":\"https:\/\/idakorea.ee\/wp-content\/uploads\/2025\/09\/multiinfusionserum_idakorea.webp\",\"contentUrl\":\"https:\/\/idakorea.ee\/wp-content\/uploads\/2025\/09\/multiinfusionserum_idakorea.webp\",\"width\":2000,\"height\":2000},{\"@type\":\"BreadcrumbList\",\"@id\":\"https:\/\/idakorea.ee\/product\/dr-althea-multi-action-infusion-serum-30ml\/#breadcrumb\",\"itemListElement\":[{\"@type\":\"ListItem\",\"position\":1,\"name\":\"\u0413\u043b\u0430\u0432\u043d\u0430\u044f \u0441\u0442\u0440\u0430\u043d\u0438\u0446\u0430\",\"item\":\"https:\/\/idakorea.ee\/\"},{\"@type\":\"ListItem\",\"position\":2,\"name\":\"Shop\",\"item\":\"https:\/\/idakorea.ee\/shop-2\/\"},{\"@type\":\"ListItem\",\"position\":3,\"name\":\"Kaitsev multi-seerum Dr. Althea Multi-Action Infusion Serum, 30ml\"}]},{\"@type\":\"WebSite\",\"@id\":\"https:\/\/idakorea.ee\/#website\",\"url\":\"https:\/\/idakorea.ee\/\",\"name\":\"IDA.KOREA\",\"description\":\"Korea kosmeetika e-pood\",\"publisher\":{\"@id\":\"https:\/\/idakorea.ee\/#organization\"},\"alternateName\":\"Beauty Shop\",\"potentialAction\":[{\"@type\":\"SearchAction\",\"target\":{\"@type\":\"EntryPoint\",\"urlTemplate\":\"https:\/\/idakorea.ee\/?s={search_term_string}\"},\"query-input\":{\"@type\":\"PropertyValueSpecification\",\"valueRequired\":true,\"valueName\":\"search_term_string\"}}],\"inLanguage\":\"fi\"},{\"@type\":\"Organization\",\"@id\":\"https:\/\/idakorea.ee\/#organization\",\"name\":\"IDA.KOREA\",\"url\":\"https:\/\/idakorea.ee\/\",\"logo\":{\"@type\":\"ImageObject\",\"inLanguage\":\"fi\",\"@id\":\"https:\/\/idakorea.ee\/#\/schema\/logo\/image\/\",\"url\":\"https:\/\/idakorea.ee\/wp-content\/uploads\/2024\/05\/cropped-korea3.png\",\"contentUrl\":\"https:\/\/idakorea.ee\/wp-content\/uploads\/2024\/05\/cropped-korea3.png\",\"width\":688,\"height\":126,\"caption\":\"IDA.KOREA\"},\"image\":{\"@id\":\"https:\/\/idakorea.ee\/#\/schema\/logo\/image\/\"},\"sameAs\":[\"https:\/\/www.instagram.com\/ida.korea\/\"]}]}<\/script>\n<!-- \/ Yoast SEO plugin. -->","yoast_head_json":{"title":"Dr. Althea monitoimiseerumi, 30ml - IDA.KOREA","description":"Seerumi palauttaa ja vahvistaa ihoa, v\u00e4hent\u00e4\u00e4 herkkyytt\u00e4. Aasialainen centella, niasiiniamidi ja HYDSOL-H6-hyaluronihappo kosteuttavat syv\u00e4lt\u00e4, parantavat kimmoisuutta ja tasoittavat ihon s\u00e4vy\u00e4.","robots":{"index":"index","follow":"follow","max-snippet":"max-snippet:-1","max-image-preview":"max-image-preview:large","max-video-preview":"max-video-preview:-1"},"canonical":"https:\/\/idakorea.ee\/fi\/product\/dr-althea-multi-action-infusion-serum-30ml\/","og_locale":"fi_FI","og_type":"article","og_title":"Dr. Althea Multi-Action Infusion Serum, 30ml - IDA.KOREA","og_description":"Seerum taastab ja tugevdab nahka, v\u00e4hendab tundlikkust. Aasia tsentella, niatsiinamiid ja HYDSOL-H6 h\u00fcaluroonhape niisutavad s\u00fcgavuti, parandavad elastsust ja \u00fchtlustavad jumet.","og_url":"https:\/\/idakorea.ee\/fi\/product\/dr-althea-multi-action-infusion-serum-30ml\/","og_site_name":"IDA.KOREA","article_modified_time":"2026-04-13T22:24:07+00:00","og_image":[{"width":2000,"height":2000,"url":"https:\/\/idakorea.ee\/wp-content\/uploads\/2025\/09\/multiinfusionserum_idakorea.webp","type":"image\/webp"}],"twitter_card":"summary_large_image","twitter_misc":{"Arvioitu lukuaika":"2 minuuttia"},"schema":{"@context":"https:\/\/schema.org","@graph":[{"@type":"WebPage","@id":"https:\/\/idakorea.ee\/product\/dr-althea-multi-action-infusion-serum-30ml\/","url":"https:\/\/idakorea.ee\/product\/dr-althea-multi-action-infusion-serum-30ml\/","name":"Dr. Althea monitoimiseerumi, 30ml - IDA.KOREA","isPartOf":{"@id":"https:\/\/idakorea.ee\/#website"},"primaryImageOfPage":{"@id":"https:\/\/idakorea.ee\/product\/dr-althea-multi-action-infusion-serum-30ml\/#primaryimage"},"image":{"@id":"https:\/\/idakorea.ee\/product\/dr-althea-multi-action-infusion-serum-30ml\/#primaryimage"},"thumbnailUrl":"https:\/\/idakorea.ee\/wp-content\/uploads\/2025\/09\/multiinfusionserum_idakorea.webp","datePublished":"2025-09-11T09:07:03+00:00","dateModified":"2026-04-13T22:24:07+00:00","description":"Seerumi palauttaa ja vahvistaa ihoa, v\u00e4hent\u00e4\u00e4 herkkyytt\u00e4. Aasialainen centella, niasiiniamidi ja HYDSOL-H6-hyaluronihappo kosteuttavat syv\u00e4lt\u00e4, parantavat kimmoisuutta ja tasoittavat ihon s\u00e4vy\u00e4.","breadcrumb":{"@id":"https:\/\/idakorea.ee\/product\/dr-althea-multi-action-infusion-serum-30ml\/#breadcrumb"},"inLanguage":"fi","potentialAction":[{"@type":"ReadAction","target":["https:\/\/idakorea.ee\/product\/dr-althea-multi-action-infusion-serum-30ml\/"]}]},{"@type":"ImageObject","inLanguage":"fi","@id":"https:\/\/idakorea.ee\/product\/dr-althea-multi-action-infusion-serum-30ml\/#primaryimage","url":"https:\/\/idakorea.ee\/wp-content\/uploads\/2025\/09\/multiinfusionserum_idakorea.webp","contentUrl":"https:\/\/idakorea.ee\/wp-content\/uploads\/2025\/09\/multiinfusionserum_idakorea.webp","width":2000,"height":2000},{"@type":"BreadcrumbList","@id":"https:\/\/idakorea.ee\/product\/dr-althea-multi-action-infusion-serum-30ml\/#breadcrumb","itemListElement":[{"@type":"ListItem","position":1,"name":"\u0413\u043b\u0430\u0432\u043d\u0430\u044f \u0441\u0442\u0440\u0430\u043d\u0438\u0446\u0430","item":"https:\/\/idakorea.ee\/"},{"@type":"ListItem","position":2,"name":"Shop","item":"https:\/\/idakorea.ee\/shop-2\/"},{"@type":"ListItem","position":3,"name":"Kaitsev multi-seerum Dr. Althea Multi-Action Infusion Serum, 30ml"}]},{"@type":"WebSite","@id":"https:\/\/idakorea.ee\/#website","url":"https:\/\/idakorea.ee\/","name":"IDA.KOREA","description":"Korean kosmetiikan verkkokauppa","publisher":{"@id":"https:\/\/idakorea.ee\/#organization"},"alternateName":"Beauty Shop","potentialAction":[{"@type":"SearchAction","target":{"@type":"EntryPoint","urlTemplate":"https:\/\/idakorea.ee\/?s={search_term_string}"},"query-input":{"@type":"PropertyValueSpecification","valueRequired":true,"valueName":"search_term_string"}}],"inLanguage":"fi"},{"@type":"Organization","@id":"https:\/\/idakorea.ee\/#organization","name":"IDA.KOREA","url":"https:\/\/idakorea.ee\/","logo":{"@type":"ImageObject","inLanguage":"fi","@id":"https:\/\/idakorea.ee\/#\/schema\/logo\/image\/","url":"https:\/\/idakorea.ee\/wp-content\/uploads\/2024\/05\/cropped-korea3.png","contentUrl":"https:\/\/idakorea.ee\/wp-content\/uploads\/2024\/05\/cropped-korea3.png","width":688,"height":126,"caption":"IDA.KOREA"},"image":{"@id":"https:\/\/idakorea.ee\/#\/schema\/logo\/image\/"},"sameAs":["https:\/\/www.instagram.com\/ida.korea\/"]}]}},"jetpack_sharing_enabled":true,"brands":[{"id":480,"name":"DR.ALTHEA","slug":"dr-althea"}],"_links":{"self":[{"href":"https:\/\/idakorea.ee\/fi\/wp-json\/wp\/v2\/product\/15846","targetHints":{"allow":["GET"]}}],"collection":[{"href":"https:\/\/idakorea.ee\/fi\/wp-json\/wp\/v2\/product"}],"about":[{"href":"https:\/\/idakorea.ee\/fi\/wp-json\/wp\/v2\/types\/product"}],"replies":[{"embeddable":true,"href":"https:\/\/idakorea.ee\/fi\/wp-json\/wp\/v2\/comments?post=15846"}],"version-history":[{"count":2,"href":"https:\/\/idakorea.ee\/fi\/wp-json\/wp\/v2\/product\/15846\/revisions"}],"predecessor-version":[{"id":15850,"href":"https:\/\/idakorea.ee\/fi\/wp-json\/wp\/v2\/product\/15846\/revisions\/15850"}],"wp:featuredmedia":[{"embeddable":true,"href":"https:\/\/idakorea.ee\/fi\/wp-json\/wp\/v2\/media\/15847"}],"wp:attachment":[{"href":"https:\/\/idakorea.ee\/fi\/wp-json\/wp\/v2\/media?parent=15846"}],"wp:term":[{"taxonomy":"pwb-brand","embeddable":true,"href":"https:\/\/idakorea.ee\/fi\/wp-json\/wp\/v2\/pwb-brand?post=15846"},{"taxonomy":"product_brand","embeddable":true,"href":"https:\/\/idakorea.ee\/fi\/wp-json\/wp\/v2\/product_brand?post=15846"},{"taxonomy":"product_cat","embeddable":true,"href":"https:\/\/idakorea.ee\/fi\/wp-json\/wp\/v2\/product_cat?post=15846"},{"taxonomy":"product_tag","embeddable":true,"href":"https:\/\/idakorea.ee\/fi\/wp-json\/wp\/v2\/product_tag?post=15846"}],"curies":[{"name":"wp","href":"https:\/\/api.w.org\/{rel}","templated":true}]}}