{"id":15857,"date":"2025-09-12T13:36:37","date_gmt":"2025-09-12T10:36:37","guid":{"rendered":"https:\/\/idakorea.ee\/?post_type=product&#038;p=15857"},"modified":"2026-03-21T21:52:06","modified_gmt":"2026-03-21T19:52:06","slug":"beauty-of-joseon-hanbang-serum-discovery-kit","status":"publish","type":"product","link":"https:\/\/idakorea.ee\/fi\/product\/beauty-of-joseon-hanbang-serum-discovery-kit\/","title":{"rendered":"Beauty of Joseon Hanbang Serum Discovery Kit"},"content":{"rendered":"<p data-start=\"43\" data-end=\"326\"><strong data-start=\"43\" data-end=\"91\">Beauty of Joseon Hanbang Serum Discovery Kit<\/strong> \u2013 myydyin miniatyyriseerumien sarja, jolla on laaja vaikutuskirjo: rauhoittaa ja auttaa hoitamaan tulehdusta, kosteuttaa tehokkaasti ja palauttaa hehkun, tasoittaa ihon s\u00e4vy\u00e4, aktivoi uudistumisprosesseja ja parantaa ihon kimmoisuutta.<\/p>\n<p data-start=\"328\" data-end=\"369\">Setti sis\u00e4lt\u00e4\u00e4 4 seerumia, 10 ml kukin:<\/p>\n<ul data-start=\"371\" data-end=\"1749\">\n<li data-start=\"371\" data-end=\"713\">\n<p data-start=\"373\" data-end=\"713\"><strong data-start=\"373\" data-end=\"430\">Beauty of Joseon Glow -seerumi: Propolis + niasiiniamidi<\/strong> \u2013 aktiivinen kirkastava seerumi. Ravitsee ihoa, poistaa kuivuutta ja kosteuttaa tehokkaasti. Tulehdusta est\u00e4v\u00e4 vaikutus, vahvistaa vastustuskyky\u00e4, normalisoi talirauhasten toimintaa ja kirkastaa ihoa hell\u00e4varaisesti. Sis\u00e4lt\u00e4\u00e4 propolista, niasiiniamidia, lootuksensiemenuutetta ja tamanu-siemen\u00f6ljy\u00e4.<\/p>\n<\/li>\n<li data-start=\"715\" data-end=\"992\">\n<p data-start=\"717\" data-end=\"992\"><strong data-start=\"717\" data-end=\"775\">Beauty of Joseon Glow Deep Serum: Riisi + Alfa-arbutiini<\/strong> \u2013 Kosteuttava ja kirkastava seerumi. Tasoittaa ihons\u00e4vy\u00e4, v\u00e4hent\u00e4\u00e4 sameutta ja palauttaa terveen ja raikkaan ulkon\u00e4\u00f6n. Sis\u00e4lt\u00e4\u00e4 riisilesehydrolaattia, alfa-arbutiinia, viljauutekompleksia ja japaninkultajuuriuutetta.<\/p>\n<\/li>\n<li data-start=\"994\" data-end=\"1339\">\n<p data-start=\"996\" data-end=\"1339\"><strong data-start=\"996\" data-end=\"1053\">Beauty of Joseon rauhoittava seerumi: vihre\u00e4 tee + pantenoli<\/strong> \u2013 antioksidanttinen ja rauhoittava seerumi. Auttaa v\u00e4hent\u00e4m\u00e4\u00e4n kutinaa, punoitusta ja \u00e4rsytyst\u00e4, kosteuttaa tehokkaasti, v\u00e4hent\u00e4\u00e4 ihon herkkyytt\u00e4 ja sill\u00e4 on tulehdusta est\u00e4v\u00e4 vaikutus. Sis\u00e4lt\u00e4\u00e4 vihre\u00e4n teen hydrolaattia, koiruohouutetta, japanin kultajuurta ja aasialaista centella-uutetta sek\u00e4 pantenolia.<\/p>\n<\/li>\n<li data-start=\"1341\" data-end=\"1749\">\n<p data-start=\"1343\" data-end=\"1749\"><strong data-start=\"1343\" data-end=\"1399\">Beauty of Joseon Repair Serum: Ginseng + etananmusiini<\/strong> \u2013 ihon kimmoisuutta palauttava seerumi. Stimuloi epidermiksen solujen uusiutumisprosesseja, lis\u00e4\u00e4 kudosten kimmoisuutta ja vahvistaa soluverkostoa. Taistelee ensimm\u00e4isi\u00e4 ik\u00e4\u00e4ntymisen merkkej\u00e4 vastaan ja auttaa hidastamaan ihon ik\u00e4\u00e4ntymist\u00e4. Sis\u00e4lt\u00e4\u00e4 teoklimusiinia, ginsenghydrolaattia, lakritsinjuurta, cornel-kasvia, kaakaopuun siemeni\u00e4, matsutake-sieniuutetta ja adenosiinia.<\/p>\n<\/li>\n<\/ul>\n<p data-start=\"1751\" data-end=\"1787\">Sopii kaikille ihotyypeille.<\/p>\n<p data-start=\"1789\" data-end=\"1893\"><strong data-start=\"1789\" data-end=\"1804\">K\u00e4ytt\u00f6:<\/strong> Levit\u00e4 tarvittava m\u00e4\u00e4r\u00e4 seerumia kasvovedell\u00e4 k\u00e4sitellylle iholle ja levit\u00e4 sitten voide.<\/p>","protected":false},"excerpt":{"rendered":"<p>Beauty of Joseon Hanbang Serum Discovery Kit \u2013 menestys miniatyyriseerumien sarja, jolla on laaja vaikutusvalikoima: rauhoittaa ja auttaa hoitamaan tulehdusta, kosteuttaa tehokkaasti ja palauttaa hehkun, tasoittaa ihon s\u00e4vy\u00e4, aktivoi uudistumisprosesseja ja parantaa kimmoisuutta. Sarja sis\u00e4lt\u00e4\u00e4 4 seerumia, 10 ml kukin: Beauty of Joseon Glow Serum: Propolis + Niasiiniamidi \u2013 aktiivinen kirkastava seerumi. Ravitsee ihoa, poistaa\u2026<\/p>","protected":false},"featured_media":15858,"comment_status":"open","ping_status":"closed","template":"","meta":{"_uf_show_specific_survey":0,"_uf_disable_surveys":false,"_bst_post_transparent":"default","_bst_post_title":"","_bst_post_layout":"default","_bst_post_sidebar_id":"","_bst_post_content_style":"default","_bst_post_vertical_padding":"default","_bst_post_feature":"","_bst_post_feature_position":"","_bst_post_header":false,"_bst_post_footer":false},"pwb-brand":[880],"product_brand":[],"product_cat":[95],"product_tag":[],"class_list":{"0":"post-15857","1":"product","2":"type-product","3":"status-publish","4":"has-post-thumbnail","6":"pwb-brand-beauty-of-joseon","7":"product_cat-komplektid","9":"first","10":"instock","11":"sale","12":"shipping-taxable","13":"purchasable","14":"product-type-simple","15":"entry","16":"content-bg","17":"loop-entry"},"supplier_id":null,"supplier_sku":"","barcode":null,"atum_controlled":true,"out_stock_date":null,"out_stock_threshold":null,"inheritable":false,"inbound_stock":0,"stock_on_hold":0,"sold_today":0,"sales_last_days":0,"out_stock_days":0,"lost_sales":0,"has_location":false,"update_date":"2026-04-14T00:05:05","atum_locations":[],"atum_stock_status":"instock","restock_status":false,"low_stock_amount":"","sales_update_date":"2026-04-14T00:05:05","calc_backorders":null,"yoast_head":"<!-- This site is optimized with the Yoast SEO plugin v27.2 - https:\/\/yoast.com\/product\/yoast-seo-wordpress\/ -->\n<title>Beauty of Joseon Hanbang Serum Discovery Kit - IDA.KOREA<\/title>\n<meta name=\"description\" content=\"Beauty of Joseon Hanbang Serum Discovery Kit sisaldab 4 populaarset seerumit (Glow, Glow Deep, Calming, Repair), mis niisutavad, rahustavad, taastavad ja \u00fchtlustavad nahatooni.\" \/>\n<meta name=\"robots\" content=\"index, follow, max-snippet:-1, max-image-preview:large, max-video-preview:-1\" \/>\n<link rel=\"canonical\" href=\"https:\/\/idakorea.ee\/fi\/product\/beauty-of-joseon-hanbang-serum-discovery-kit\/\" \/>\n<meta property=\"og:locale\" content=\"fi_FI\" \/>\n<meta property=\"og:type\" content=\"article\" \/>\n<meta property=\"og:title\" content=\"Beauty of Joseon Hanbang Serum Discovery Kit - IDA.KOREA\" \/>\n<meta property=\"og:description\" content=\"Beauty of Joseon Hanbang Serum Discovery Kit sisaldab 4 populaarset seerumit (Glow, Glow Deep, Calming, Repair), mis niisutavad, rahustavad, taastavad ja \u00fchtlustavad nahatooni.\" \/>\n<meta property=\"og:url\" content=\"https:\/\/idakorea.ee\/fi\/product\/beauty-of-joseon-hanbang-serum-discovery-kit\/\" \/>\n<meta property=\"og:site_name\" content=\"IDA.KOREA\" \/>\n<meta property=\"article:modified_time\" content=\"2026-03-21T19:52:06+00:00\" \/>\n<meta property=\"og:image\" content=\"https:\/\/idakorea.ee\/wp-content\/uploads\/2025\/09\/beauty-of-joseon-hanbang-serum-discovery-kit-idakorea.png\" \/>\n\t<meta property=\"og:image:width\" content=\"1000\" \/>\n\t<meta property=\"og:image:height\" content=\"1000\" \/>\n\t<meta property=\"og:image:type\" content=\"image\/png\" \/>\n<meta name=\"twitter:card\" content=\"summary_large_image\" \/>\n<meta name=\"twitter:label1\" content=\"Arvioitu lukuaika\" \/>\n\t<meta name=\"twitter:data1\" content=\"2 minuuttia\" \/>\n<script type=\"application\/ld+json\" class=\"yoast-schema-graph\">{\"@context\":\"https:\/\/schema.org\",\"@graph\":[{\"@type\":\"WebPage\",\"@id\":\"https:\/\/idakorea.ee\/product\/beauty-of-joseon-hanbang-serum-discovery-kit\/\",\"url\":\"https:\/\/idakorea.ee\/product\/beauty-of-joseon-hanbang-serum-discovery-kit\/\",\"name\":\"Beauty of Joseon Hanbang Serum Discovery Kit - IDA.KOREA\",\"isPartOf\":{\"@id\":\"https:\/\/idakorea.ee\/#website\"},\"primaryImageOfPage\":{\"@id\":\"https:\/\/idakorea.ee\/product\/beauty-of-joseon-hanbang-serum-discovery-kit\/#primaryimage\"},\"image\":{\"@id\":\"https:\/\/idakorea.ee\/product\/beauty-of-joseon-hanbang-serum-discovery-kit\/#primaryimage\"},\"thumbnailUrl\":\"https:\/\/idakorea.ee\/wp-content\/uploads\/2025\/09\/beauty-of-joseon-hanbang-serum-discovery-kit-idakorea.png\",\"datePublished\":\"2025-09-12T10:36:37+00:00\",\"dateModified\":\"2026-03-21T19:52:06+00:00\",\"description\":\"Beauty of Joseon Hanbang Serum Discovery Kit sisaldab 4 populaarset seerumit (Glow, Glow Deep, Calming, Repair), mis niisutavad, rahustavad, taastavad ja \u00fchtlustavad nahatooni.\",\"breadcrumb\":{\"@id\":\"https:\/\/idakorea.ee\/product\/beauty-of-joseon-hanbang-serum-discovery-kit\/#breadcrumb\"},\"inLanguage\":\"fi\",\"potentialAction\":[{\"@type\":\"ReadAction\",\"target\":[\"https:\/\/idakorea.ee\/product\/beauty-of-joseon-hanbang-serum-discovery-kit\/\"]}]},{\"@type\":\"ImageObject\",\"inLanguage\":\"fi\",\"@id\":\"https:\/\/idakorea.ee\/product\/beauty-of-joseon-hanbang-serum-discovery-kit\/#primaryimage\",\"url\":\"https:\/\/idakorea.ee\/wp-content\/uploads\/2025\/09\/beauty-of-joseon-hanbang-serum-discovery-kit-idakorea.png\",\"contentUrl\":\"https:\/\/idakorea.ee\/wp-content\/uploads\/2025\/09\/beauty-of-joseon-hanbang-serum-discovery-kit-idakorea.png\",\"width\":1000,\"height\":1000},{\"@type\":\"BreadcrumbList\",\"@id\":\"https:\/\/idakorea.ee\/product\/beauty-of-joseon-hanbang-serum-discovery-kit\/#breadcrumb\",\"itemListElement\":[{\"@type\":\"ListItem\",\"position\":1,\"name\":\"\u0413\u043b\u0430\u0432\u043d\u0430\u044f \u0441\u0442\u0440\u0430\u043d\u0438\u0446\u0430\",\"item\":\"https:\/\/idakorea.ee\/\"},{\"@type\":\"ListItem\",\"position\":2,\"name\":\"Shop\",\"item\":\"https:\/\/idakorea.ee\/shop-2\/\"},{\"@type\":\"ListItem\",\"position\":3,\"name\":\"Komplekt Beauty of Joseon Hanbang Serum Discovery Kit\"}]},{\"@type\":\"WebSite\",\"@id\":\"https:\/\/idakorea.ee\/#website\",\"url\":\"https:\/\/idakorea.ee\/\",\"name\":\"IDA.KOREA\",\"description\":\"Korea kosmeetika e-pood\",\"publisher\":{\"@id\":\"https:\/\/idakorea.ee\/#organization\"},\"alternateName\":\"Beauty Shop\",\"potentialAction\":[{\"@type\":\"SearchAction\",\"target\":{\"@type\":\"EntryPoint\",\"urlTemplate\":\"https:\/\/idakorea.ee\/?s={search_term_string}\"},\"query-input\":{\"@type\":\"PropertyValueSpecification\",\"valueRequired\":true,\"valueName\":\"search_term_string\"}}],\"inLanguage\":\"fi\"},{\"@type\":\"Organization\",\"@id\":\"https:\/\/idakorea.ee\/#organization\",\"name\":\"IDA.KOREA\",\"url\":\"https:\/\/idakorea.ee\/\",\"logo\":{\"@type\":\"ImageObject\",\"inLanguage\":\"fi\",\"@id\":\"https:\/\/idakorea.ee\/#\/schema\/logo\/image\/\",\"url\":\"https:\/\/idakorea.ee\/wp-content\/uploads\/2024\/05\/cropped-korea3.png\",\"contentUrl\":\"https:\/\/idakorea.ee\/wp-content\/uploads\/2024\/05\/cropped-korea3.png\",\"width\":688,\"height\":126,\"caption\":\"IDA.KOREA\"},\"image\":{\"@id\":\"https:\/\/idakorea.ee\/#\/schema\/logo\/image\/\"},\"sameAs\":[\"https:\/\/www.instagram.com\/ida.korea\/\"]}]}<\/script>\n<!-- \/ Yoast SEO plugin. -->","yoast_head_json":{"title":"Beauty of Joseon Hanbang -seerumin l\u00f6yt\u00f6pakkaus - EAST.KOREA","description":"Beauty of Joseon Hanbang Serum Discovery Kit sis\u00e4lt\u00e4\u00e4 nelj\u00e4 suosittua seerumia (Glow, Glow Deep, Calming, Repair), jotka kosteuttavat, rauhoittavat, palauttavat ja tasoittavat ihon s\u00e4vy\u00e4.","robots":{"index":"index","follow":"follow","max-snippet":"max-snippet:-1","max-image-preview":"max-image-preview:large","max-video-preview":"max-video-preview:-1"},"canonical":"https:\/\/idakorea.ee\/fi\/product\/beauty-of-joseon-hanbang-serum-discovery-kit\/","og_locale":"fi_FI","og_type":"article","og_title":"Beauty of Joseon Hanbang Serum Discovery Kit - IDA.KOREA","og_description":"Beauty of Joseon Hanbang Serum Discovery Kit sisaldab 4 populaarset seerumit (Glow, Glow Deep, Calming, Repair), mis niisutavad, rahustavad, taastavad ja \u00fchtlustavad nahatooni.","og_url":"https:\/\/idakorea.ee\/fi\/product\/beauty-of-joseon-hanbang-serum-discovery-kit\/","og_site_name":"IDA.KOREA","article_modified_time":"2026-03-21T19:52:06+00:00","og_image":[{"width":1000,"height":1000,"url":"https:\/\/idakorea.ee\/wp-content\/uploads\/2025\/09\/beauty-of-joseon-hanbang-serum-discovery-kit-idakorea.png","type":"image\/png"}],"twitter_card":"summary_large_image","twitter_misc":{"Arvioitu lukuaika":"2 minuuttia"},"schema":{"@context":"https:\/\/schema.org","@graph":[{"@type":"WebPage","@id":"https:\/\/idakorea.ee\/product\/beauty-of-joseon-hanbang-serum-discovery-kit\/","url":"https:\/\/idakorea.ee\/product\/beauty-of-joseon-hanbang-serum-discovery-kit\/","name":"Beauty of Joseon Hanbang -seerumin l\u00f6yt\u00f6pakkaus - EAST.KOREA","isPartOf":{"@id":"https:\/\/idakorea.ee\/#website"},"primaryImageOfPage":{"@id":"https:\/\/idakorea.ee\/product\/beauty-of-joseon-hanbang-serum-discovery-kit\/#primaryimage"},"image":{"@id":"https:\/\/idakorea.ee\/product\/beauty-of-joseon-hanbang-serum-discovery-kit\/#primaryimage"},"thumbnailUrl":"https:\/\/idakorea.ee\/wp-content\/uploads\/2025\/09\/beauty-of-joseon-hanbang-serum-discovery-kit-idakorea.png","datePublished":"2025-09-12T10:36:37+00:00","dateModified":"2026-03-21T19:52:06+00:00","description":"Beauty of Joseon Hanbang Serum Discovery Kit sis\u00e4lt\u00e4\u00e4 nelj\u00e4 suosittua seerumia (Glow, Glow Deep, Calming, Repair), jotka kosteuttavat, rauhoittavat, palauttavat ja tasoittavat ihon s\u00e4vy\u00e4.","breadcrumb":{"@id":"https:\/\/idakorea.ee\/product\/beauty-of-joseon-hanbang-serum-discovery-kit\/#breadcrumb"},"inLanguage":"fi","potentialAction":[{"@type":"ReadAction","target":["https:\/\/idakorea.ee\/product\/beauty-of-joseon-hanbang-serum-discovery-kit\/"]}]},{"@type":"ImageObject","inLanguage":"fi","@id":"https:\/\/idakorea.ee\/product\/beauty-of-joseon-hanbang-serum-discovery-kit\/#primaryimage","url":"https:\/\/idakorea.ee\/wp-content\/uploads\/2025\/09\/beauty-of-joseon-hanbang-serum-discovery-kit-idakorea.png","contentUrl":"https:\/\/idakorea.ee\/wp-content\/uploads\/2025\/09\/beauty-of-joseon-hanbang-serum-discovery-kit-idakorea.png","width":1000,"height":1000},{"@type":"BreadcrumbList","@id":"https:\/\/idakorea.ee\/product\/beauty-of-joseon-hanbang-serum-discovery-kit\/#breadcrumb","itemListElement":[{"@type":"ListItem","position":1,"name":"\u0413\u043b\u0430\u0432\u043d\u0430\u044f \u0441\u0442\u0440\u0430\u043d\u0438\u0446\u0430","item":"https:\/\/idakorea.ee\/"},{"@type":"ListItem","position":2,"name":"Shop","item":"https:\/\/idakorea.ee\/shop-2\/"},{"@type":"ListItem","position":3,"name":"Komplekt Beauty of Joseon Hanbang Serum Discovery Kit"}]},{"@type":"WebSite","@id":"https:\/\/idakorea.ee\/#website","url":"https:\/\/idakorea.ee\/","name":"IDA.KOREA","description":"Korean kosmetiikan verkkokauppa","publisher":{"@id":"https:\/\/idakorea.ee\/#organization"},"alternateName":"Beauty Shop","potentialAction":[{"@type":"SearchAction","target":{"@type":"EntryPoint","urlTemplate":"https:\/\/idakorea.ee\/?s={search_term_string}"},"query-input":{"@type":"PropertyValueSpecification","valueRequired":true,"valueName":"search_term_string"}}],"inLanguage":"fi"},{"@type":"Organization","@id":"https:\/\/idakorea.ee\/#organization","name":"IDA.KOREA","url":"https:\/\/idakorea.ee\/","logo":{"@type":"ImageObject","inLanguage":"fi","@id":"https:\/\/idakorea.ee\/#\/schema\/logo\/image\/","url":"https:\/\/idakorea.ee\/wp-content\/uploads\/2024\/05\/cropped-korea3.png","contentUrl":"https:\/\/idakorea.ee\/wp-content\/uploads\/2024\/05\/cropped-korea3.png","width":688,"height":126,"caption":"IDA.KOREA"},"image":{"@id":"https:\/\/idakorea.ee\/#\/schema\/logo\/image\/"},"sameAs":["https:\/\/www.instagram.com\/ida.korea\/"]}]}},"jetpack_sharing_enabled":true,"brands":[{"id":880,"name":"JOSEONIN KAUNEUS","slug":"beauty-of-joseon"}],"_links":{"self":[{"href":"https:\/\/idakorea.ee\/fi\/wp-json\/wp\/v2\/product\/15857","targetHints":{"allow":["GET"]}}],"collection":[{"href":"https:\/\/idakorea.ee\/fi\/wp-json\/wp\/v2\/product"}],"about":[{"href":"https:\/\/idakorea.ee\/fi\/wp-json\/wp\/v2\/types\/product"}],"replies":[{"embeddable":true,"href":"https:\/\/idakorea.ee\/fi\/wp-json\/wp\/v2\/comments?post=15857"}],"version-history":[{"count":2,"href":"https:\/\/idakorea.ee\/fi\/wp-json\/wp\/v2\/product\/15857\/revisions"}],"predecessor-version":[{"id":17469,"href":"https:\/\/idakorea.ee\/fi\/wp-json\/wp\/v2\/product\/15857\/revisions\/17469"}],"wp:featuredmedia":[{"embeddable":true,"href":"https:\/\/idakorea.ee\/fi\/wp-json\/wp\/v2\/media\/15858"}],"wp:attachment":[{"href":"https:\/\/idakorea.ee\/fi\/wp-json\/wp\/v2\/media?parent=15857"}],"wp:term":[{"taxonomy":"pwb-brand","embeddable":true,"href":"https:\/\/idakorea.ee\/fi\/wp-json\/wp\/v2\/pwb-brand?post=15857"},{"taxonomy":"product_brand","embeddable":true,"href":"https:\/\/idakorea.ee\/fi\/wp-json\/wp\/v2\/product_brand?post=15857"},{"taxonomy":"product_cat","embeddable":true,"href":"https:\/\/idakorea.ee\/fi\/wp-json\/wp\/v2\/product_cat?post=15857"},{"taxonomy":"product_tag","embeddable":true,"href":"https:\/\/idakorea.ee\/fi\/wp-json\/wp\/v2\/product_tag?post=15857"}],"curies":[{"name":"wp","href":"https:\/\/api.w.org\/{rel}","templated":true}]}}