{"id":15881,"date":"2025-09-16T10:39:16","date_gmt":"2025-09-16T07:39:16","guid":{"rendered":"https:\/\/idakorea.ee\/?post_type=product&#038;p=15881"},"modified":"2026-03-30T11:36:14","modified_gmt":"2026-03-30T09:36:14","slug":"pyunkang-yul-calming-moisture-barrier-cream-50ml","status":"publish","type":"product","link":"https:\/\/idakorea.ee\/fi\/product\/pyunkang-yul-calming-moisture-barrier-cream-50ml\/","title":{"rendered":"Pyunkang Yul Calming Moisture Barrier Cream, 50ml"},"content":{"rendered":"<p data-start=\"50\" data-end=\"296\">Rauhoittava suojavoide<strong data-start=\"50\" data-end=\"119\"> Pyunkang Yul Calming Moisture Barrier Cream<\/strong> Rauhoittaa \u00e4rtynytt\u00e4 ihoa, v\u00e4hent\u00e4\u00e4 punoitusta ja nopeuttaa paranemisprosesseja. Voide poistaa ep\u00e4mukavuutta ja kutinaa, vahvistaa ihon suojakerrosta ja v\u00e4hent\u00e4\u00e4 ihon herkkyytt\u00e4.<\/p>\n<p data-start=\"298\" data-end=\"524\">Voide suojaa ihoa tehokkaasti kylm\u00e4lt\u00e4, kuivalta ilmalta, tuulelta ja UV-s\u00e4teilylt\u00e4, ehk\u00e4isee kuivumista ja hilseily\u00e4. Tekee ihosta pehme\u00e4n ja silkkisen, tasoittaa ihon s\u00e4vy\u00e4. Auttaa ihoa palautumaan kuorinnan ja puhdistuksen j\u00e4lkeen.<\/p>\n<p data-start=\"526\" data-end=\"805\"><strong data-start=\"526\" data-end=\"542\">Pyunkang Yul<\/strong> on korealainen kosmetiikkamerkki, jonka on luonut yksi Korean parhaista it\u00e4maisen l\u00e4\u00e4ketieteen klinikoista. Merkki valmistaa vain luonnonkosmetiikkaa (ilman hajusteita, alkoholia, parabeeneja ja silikoneja), joka sopii jopa vaativimmalle, herkimm\u00e4lle ja ongelmallisimmalle iholle.<\/p>\n<p data-start=\"807\" data-end=\"891\">Voiteella on kevyt geelim\u00e4inen koostumus, joka imeytyy nopeasti eik\u00e4 j\u00e4t\u00e4 tahmeaa tunnetta.<\/p>\n<p data-start=\"893\" data-end=\"919\"><strong data-start=\"893\" data-end=\"917\">T\u00e4rkeimm\u00e4t vaikuttavat aineet:<\/strong><\/p>\n<ul data-start=\"920\" data-end=\"1927\">\n<li data-start=\"920\" data-end=\"1085\">\n<p data-start=\"922\" data-end=\"1085\"><strong data-start=\"922\" data-end=\"939\">CICA-kompleksi<\/strong> lis\u00e4\u00e4 ihon kimmoisuutta ja vahvuutta, kosteuttaa syv\u00e4sti ja luo suojakerroksen, joka suojaa ihoa UV-s\u00e4teilylt\u00e4 ja ymp\u00e4rist\u00f6n vaikutuksilta.<\/p>\n<\/li>\n<li data-start=\"1086\" data-end=\"1241\">\n<p data-start=\"1088\" data-end=\"1241\"><strong data-start=\"1088\" data-end=\"1101\">Teepuu\u00f6ljy<\/strong> on tehokas antimikrobinen ja uudistava ainesosa. Auttaa avaamaan ihohuokosia, s\u00e4\u00e4telee talirauhasten toimintaa ja v\u00e4hent\u00e4\u00e4 liiallista talin erityst\u00e4 ja kiiltoa.<\/p>\n<\/li>\n<li data-start=\"1242\" data-end=\"1417\">\n<p data-start=\"1244\" data-end=\"1417\"><strong data-start=\"1244\" data-end=\"1261\">Puju-uute<\/strong> Sill\u00e4 on rauhoittavia, tulehdusta ehk\u00e4isevi\u00e4, antioksidanttisia ja kosteuttavia ominaisuuksia. Lievitt\u00e4\u00e4 tulehdusta ja punoitusta, s\u00e4\u00e4telee talin erityst\u00e4 ja v\u00e4hent\u00e4\u00e4 kiiltoa.<\/p>\n<\/li>\n<li data-start=\"1418\" data-end=\"1587\">\n<p data-start=\"1420\" data-end=\"1587\"><strong data-start=\"1420\" data-end=\"1453\">Erityinen molekyylihyaluronihappo<\/strong> Tunkeutuu syv\u00e4lle ihoon, kosteuttaa soluja ja auttaa s\u00e4ilytt\u00e4m\u00e4\u00e4n kosteuden. Muodostaa suojaavan kerroksen, joka est\u00e4\u00e4 kosteuden haihtumisen.<\/p>\n<\/li>\n<li data-start=\"1588\" data-end=\"1721\">\n<p data-start=\"1590\" data-end=\"1721\"><strong data-start=\"1590\" data-end=\"1601\">Sheawi<\/strong> Pehment\u00e4\u00e4 ihoa, poistaa kuivuutta ja hilseily\u00e4, kosteuttaa syv\u00e4lt\u00e4 ja tekee ihosta joustavan, sile\u00e4n ja vahvan.<\/p>\n<\/li>\n<li data-start=\"1722\" data-end=\"1927\">\n<p data-start=\"1724\" data-end=\"1927\"><strong data-start=\"1724\" data-end=\"1739\">Keramidit<\/strong> Vahvistaa ihon suojatoimintoa, est\u00e4\u00e4 kosteuden haihtumista ja auttaa palauttamaan ihoa. V\u00e4hent\u00e4\u00e4 kuivuutta ja hilseily\u00e4 ja on hy\u00f6dyllinen allergisten ihottumien, ekseeman ja psoriasiksen hoidossa.<\/p>\n<\/li>\n<\/ul>\n<p data-start=\"1929\" data-end=\"1955\">Sopii herk\u00e4lle iholle.<\/p>\n<p data-start=\"1957\" data-end=\"2013\"><strong data-start=\"1957\" data-end=\"1972\">K\u00e4ytt\u00f6:<\/strong> Levit\u00e4 voide hoidon viimeisess\u00e4 vaiheessa.<\/p>","protected":false},"excerpt":{"rendered":"<p>Pyunkang Yul Calming Moisture Barrier Cream rauhoittaa \u00e4rtynytt\u00e4 ihoa, v\u00e4hent\u00e4\u00e4 punoitusta ja nopeuttaa paranemisprosesseja. Voide poistaa ep\u00e4mukavuutta ja kutinaa, vahvistaa suojakerrosta ja v\u00e4hent\u00e4\u00e4 ihon herkkyytt\u00e4. Voide suojaa ihoa tehokkaasti kylm\u00e4lt\u00e4, kuivalta ilmalta, tuulelta ja UV-s\u00e4teilylt\u00e4, ehk\u00e4isee kuivumista ja hilseily\u00e4. Tekee ihosta pehme\u00e4n ja silkkisen, tasoittaa ihon s\u00e4vy\u00e4. Auttaa ihoa palautumaan\u2026<\/p>","protected":false},"featured_media":15882,"comment_status":"open","ping_status":"closed","template":"","meta":{"_uf_show_specific_survey":0,"_uf_disable_surveys":false,"_bst_post_transparent":"default","_bst_post_title":"","_bst_post_layout":"default","_bst_post_sidebar_id":"","_bst_post_content_style":"default","_bst_post_vertical_padding":"default","_bst_post_feature":"","_bst_post_feature_position":"","_bst_post_header":false,"_bst_post_footer":false},"pwb-brand":[474],"product_brand":[],"product_cat":[92,96],"product_tag":[580,750],"class_list":{"0":"post-15881","1":"product","2":"type-product","3":"status-publish","4":"has-post-thumbnail","6":"pwb-brand-pyunkang-yul","7":"product_cat-nagu","8":"product_cat-naokreemid","9":"product_tag-calming","10":"product_tag-tundlik","12":"first","13":"instock","14":"sale","15":"shipping-taxable","16":"purchasable","17":"product-type-simple","18":"entry","19":"content-bg","20":"loop-entry"},"supplier_id":null,"supplier_sku":"","barcode":null,"atum_controlled":true,"out_stock_date":null,"out_stock_threshold":null,"inheritable":false,"inbound_stock":0,"stock_on_hold":0,"sold_today":0,"sales_last_days":1,"out_stock_days":0,"lost_sales":0,"has_location":false,"update_date":"2026-04-14T00:05:13","atum_locations":[],"atum_stock_status":"instock","restock_status":false,"low_stock_amount":"","sales_update_date":"2026-04-14T00:05:13","calc_backorders":null,"yoast_head":"<!-- This site is optimized with the Yoast SEO plugin v27.2 - https:\/\/yoast.com\/product\/yoast-seo-wordpress\/ -->\n<title>Pyunkang Yul Calming Moisture Barrier Cream, 50ml - IDA.KOREA<\/title>\n<meta name=\"description\" content=\"Tugevda oma naha kaitsekihti Pyunkang Yul Calming Moisture Barrier Cream&#039;iga. Saavuta niisutatud ja tasakaalustatud nahk, proovi t\u00e4na!\" \/>\n<meta name=\"robots\" content=\"index, follow, max-snippet:-1, max-image-preview:large, max-video-preview:-1\" \/>\n<link rel=\"canonical\" href=\"https:\/\/idakorea.ee\/fi\/product\/pyunkang-yul-calming-moisture-barrier-cream-50ml\/\" \/>\n<meta property=\"og:locale\" content=\"fi_FI\" \/>\n<meta property=\"og:type\" content=\"article\" \/>\n<meta property=\"og:title\" content=\"Pyunkang Yul Calming Moisture Barrier Cream, 50ml - IDA.KOREA\" \/>\n<meta property=\"og:description\" content=\"Tugevda oma naha kaitsekihti Pyunkang Yul Calming Moisture Barrier Cream&#039;iga. Saavuta niisutatud ja tasakaalustatud nahk, proovi t\u00e4na!\" \/>\n<meta property=\"og:url\" content=\"https:\/\/idakorea.ee\/fi\/product\/pyunkang-yul-calming-moisture-barrier-cream-50ml\/\" \/>\n<meta property=\"og:site_name\" content=\"IDA.KOREA\" \/>\n<meta property=\"article:modified_time\" content=\"2026-03-30T09:36:14+00:00\" \/>\n<meta property=\"og:image\" content=\"https:\/\/idakorea.ee\/wp-content\/uploads\/2025\/09\/pyunkang-yul-calming-moisture-barrier-cream-idakorea.jpg\" \/>\n\t<meta property=\"og:image:width\" content=\"1000\" \/>\n\t<meta property=\"og:image:height\" content=\"1000\" \/>\n\t<meta property=\"og:image:type\" content=\"image\/jpeg\" \/>\n<meta name=\"twitter:card\" content=\"summary_large_image\" \/>\n<meta name=\"twitter:label1\" content=\"Arvioitu lukuaika\" \/>\n\t<meta name=\"twitter:data1\" content=\"2 minuuttia\" \/>\n<script type=\"application\/ld+json\" class=\"yoast-schema-graph\">{\"@context\":\"https:\/\/schema.org\",\"@graph\":[{\"@type\":\"WebPage\",\"@id\":\"https:\/\/idakorea.ee\/product\/pyunkang-yul-calming-moisture-barrier-cream-50ml\/\",\"url\":\"https:\/\/idakorea.ee\/product\/pyunkang-yul-calming-moisture-barrier-cream-50ml\/\",\"name\":\"Pyunkang Yul Calming Moisture Barrier Cream, 50ml - IDA.KOREA\",\"isPartOf\":{\"@id\":\"https:\/\/idakorea.ee\/#website\"},\"primaryImageOfPage\":{\"@id\":\"https:\/\/idakorea.ee\/product\/pyunkang-yul-calming-moisture-barrier-cream-50ml\/#primaryimage\"},\"image\":{\"@id\":\"https:\/\/idakorea.ee\/product\/pyunkang-yul-calming-moisture-barrier-cream-50ml\/#primaryimage\"},\"thumbnailUrl\":\"https:\/\/idakorea.ee\/wp-content\/uploads\/2025\/09\/pyunkang-yul-calming-moisture-barrier-cream-idakorea.jpg\",\"datePublished\":\"2025-09-16T07:39:16+00:00\",\"dateModified\":\"2026-03-30T09:36:14+00:00\",\"description\":\"Tugevda oma naha kaitsekihti Pyunkang Yul Calming Moisture Barrier Cream'iga. Saavuta niisutatud ja tasakaalustatud nahk, proovi t\u00e4na!\",\"breadcrumb\":{\"@id\":\"https:\/\/idakorea.ee\/product\/pyunkang-yul-calming-moisture-barrier-cream-50ml\/#breadcrumb\"},\"inLanguage\":\"fi\",\"potentialAction\":[{\"@type\":\"ReadAction\",\"target\":[\"https:\/\/idakorea.ee\/product\/pyunkang-yul-calming-moisture-barrier-cream-50ml\/\"]}]},{\"@type\":\"ImageObject\",\"inLanguage\":\"fi\",\"@id\":\"https:\/\/idakorea.ee\/product\/pyunkang-yul-calming-moisture-barrier-cream-50ml\/#primaryimage\",\"url\":\"https:\/\/idakorea.ee\/wp-content\/uploads\/2025\/09\/pyunkang-yul-calming-moisture-barrier-cream-idakorea.jpg\",\"contentUrl\":\"https:\/\/idakorea.ee\/wp-content\/uploads\/2025\/09\/pyunkang-yul-calming-moisture-barrier-cream-idakorea.jpg\",\"width\":1000,\"height\":1000},{\"@type\":\"BreadcrumbList\",\"@id\":\"https:\/\/idakorea.ee\/product\/pyunkang-yul-calming-moisture-barrier-cream-50ml\/#breadcrumb\",\"itemListElement\":[{\"@type\":\"ListItem\",\"position\":1,\"name\":\"\u0413\u043b\u0430\u0432\u043d\u0430\u044f \u0441\u0442\u0440\u0430\u043d\u0438\u0446\u0430\",\"item\":\"https:\/\/idakorea.ee\/\"},{\"@type\":\"ListItem\",\"position\":2,\"name\":\"Shop\",\"item\":\"https:\/\/idakorea.ee\/shop-2\/\"},{\"@type\":\"ListItem\",\"position\":3,\"name\":\"Rahustav barj\u00e4\u00e4rkreem Pyunkang Yul Calming Moisture Barrier Cream, 50ml\"}]},{\"@type\":\"WebSite\",\"@id\":\"https:\/\/idakorea.ee\/#website\",\"url\":\"https:\/\/idakorea.ee\/\",\"name\":\"IDA.KOREA\",\"description\":\"Korea kosmeetika e-pood\",\"publisher\":{\"@id\":\"https:\/\/idakorea.ee\/#organization\"},\"alternateName\":\"Beauty Shop\",\"potentialAction\":[{\"@type\":\"SearchAction\",\"target\":{\"@type\":\"EntryPoint\",\"urlTemplate\":\"https:\/\/idakorea.ee\/?s={search_term_string}\"},\"query-input\":{\"@type\":\"PropertyValueSpecification\",\"valueRequired\":true,\"valueName\":\"search_term_string\"}}],\"inLanguage\":\"fi\"},{\"@type\":\"Organization\",\"@id\":\"https:\/\/idakorea.ee\/#organization\",\"name\":\"IDA.KOREA\",\"url\":\"https:\/\/idakorea.ee\/\",\"logo\":{\"@type\":\"ImageObject\",\"inLanguage\":\"fi\",\"@id\":\"https:\/\/idakorea.ee\/#\/schema\/logo\/image\/\",\"url\":\"https:\/\/idakorea.ee\/wp-content\/uploads\/2024\/05\/cropped-korea3.png\",\"contentUrl\":\"https:\/\/idakorea.ee\/wp-content\/uploads\/2024\/05\/cropped-korea3.png\",\"width\":688,\"height\":126,\"caption\":\"IDA.KOREA\"},\"image\":{\"@id\":\"https:\/\/idakorea.ee\/#\/schema\/logo\/image\/\"},\"sameAs\":[\"https:\/\/www.instagram.com\/ida.korea\/\"]}]}<\/script>\n<!-- \/ Yoast SEO plugin. -->","yoast_head_json":{"title":"Pyunkang Yul rauhoittava kosteusvoide, 50ml - IDA.KOREA","description":"Vahvista ihosi suojakerrosta Pyunkang Yul Calming Moisture Barrier Creamilla. Saavuta kosteutettu ja tasapainoinen iho, kokeile sit\u00e4 jo t\u00e4n\u00e4\u00e4n!","robots":{"index":"index","follow":"follow","max-snippet":"max-snippet:-1","max-image-preview":"max-image-preview:large","max-video-preview":"max-video-preview:-1"},"canonical":"https:\/\/idakorea.ee\/fi\/product\/pyunkang-yul-calming-moisture-barrier-cream-50ml\/","og_locale":"fi_FI","og_type":"article","og_title":"Pyunkang Yul Calming Moisture Barrier Cream, 50ml - IDA.KOREA","og_description":"Tugevda oma naha kaitsekihti Pyunkang Yul Calming Moisture Barrier Cream'iga. Saavuta niisutatud ja tasakaalustatud nahk, proovi t\u00e4na!","og_url":"https:\/\/idakorea.ee\/fi\/product\/pyunkang-yul-calming-moisture-barrier-cream-50ml\/","og_site_name":"IDA.KOREA","article_modified_time":"2026-03-30T09:36:14+00:00","og_image":[{"width":1000,"height":1000,"url":"https:\/\/idakorea.ee\/wp-content\/uploads\/2025\/09\/pyunkang-yul-calming-moisture-barrier-cream-idakorea.jpg","type":"image\/jpeg"}],"twitter_card":"summary_large_image","twitter_misc":{"Arvioitu lukuaika":"2 minuuttia"},"schema":{"@context":"https:\/\/schema.org","@graph":[{"@type":"WebPage","@id":"https:\/\/idakorea.ee\/product\/pyunkang-yul-calming-moisture-barrier-cream-50ml\/","url":"https:\/\/idakorea.ee\/product\/pyunkang-yul-calming-moisture-barrier-cream-50ml\/","name":"Pyunkang Yul rauhoittava kosteusvoide, 50ml - IDA.KOREA","isPartOf":{"@id":"https:\/\/idakorea.ee\/#website"},"primaryImageOfPage":{"@id":"https:\/\/idakorea.ee\/product\/pyunkang-yul-calming-moisture-barrier-cream-50ml\/#primaryimage"},"image":{"@id":"https:\/\/idakorea.ee\/product\/pyunkang-yul-calming-moisture-barrier-cream-50ml\/#primaryimage"},"thumbnailUrl":"https:\/\/idakorea.ee\/wp-content\/uploads\/2025\/09\/pyunkang-yul-calming-moisture-barrier-cream-idakorea.jpg","datePublished":"2025-09-16T07:39:16+00:00","dateModified":"2026-03-30T09:36:14+00:00","description":"Vahvista ihosi suojakerrosta Pyunkang Yul Calming Moisture Barrier Creamilla. Saavuta kosteutettu ja tasapainoinen iho, kokeile sit\u00e4 jo t\u00e4n\u00e4\u00e4n!","breadcrumb":{"@id":"https:\/\/idakorea.ee\/product\/pyunkang-yul-calming-moisture-barrier-cream-50ml\/#breadcrumb"},"inLanguage":"fi","potentialAction":[{"@type":"ReadAction","target":["https:\/\/idakorea.ee\/product\/pyunkang-yul-calming-moisture-barrier-cream-50ml\/"]}]},{"@type":"ImageObject","inLanguage":"fi","@id":"https:\/\/idakorea.ee\/product\/pyunkang-yul-calming-moisture-barrier-cream-50ml\/#primaryimage","url":"https:\/\/idakorea.ee\/wp-content\/uploads\/2025\/09\/pyunkang-yul-calming-moisture-barrier-cream-idakorea.jpg","contentUrl":"https:\/\/idakorea.ee\/wp-content\/uploads\/2025\/09\/pyunkang-yul-calming-moisture-barrier-cream-idakorea.jpg","width":1000,"height":1000},{"@type":"BreadcrumbList","@id":"https:\/\/idakorea.ee\/product\/pyunkang-yul-calming-moisture-barrier-cream-50ml\/#breadcrumb","itemListElement":[{"@type":"ListItem","position":1,"name":"\u0413\u043b\u0430\u0432\u043d\u0430\u044f \u0441\u0442\u0440\u0430\u043d\u0438\u0446\u0430","item":"https:\/\/idakorea.ee\/"},{"@type":"ListItem","position":2,"name":"Shop","item":"https:\/\/idakorea.ee\/shop-2\/"},{"@type":"ListItem","position":3,"name":"Rahustav barj\u00e4\u00e4rkreem Pyunkang Yul Calming Moisture Barrier Cream, 50ml"}]},{"@type":"WebSite","@id":"https:\/\/idakorea.ee\/#website","url":"https:\/\/idakorea.ee\/","name":"IDA.KOREA","description":"Korean kosmetiikan verkkokauppa","publisher":{"@id":"https:\/\/idakorea.ee\/#organization"},"alternateName":"Beauty Shop","potentialAction":[{"@type":"SearchAction","target":{"@type":"EntryPoint","urlTemplate":"https:\/\/idakorea.ee\/?s={search_term_string}"},"query-input":{"@type":"PropertyValueSpecification","valueRequired":true,"valueName":"search_term_string"}}],"inLanguage":"fi"},{"@type":"Organization","@id":"https:\/\/idakorea.ee\/#organization","name":"IDA.KOREA","url":"https:\/\/idakorea.ee\/","logo":{"@type":"ImageObject","inLanguage":"fi","@id":"https:\/\/idakorea.ee\/#\/schema\/logo\/image\/","url":"https:\/\/idakorea.ee\/wp-content\/uploads\/2024\/05\/cropped-korea3.png","contentUrl":"https:\/\/idakorea.ee\/wp-content\/uploads\/2024\/05\/cropped-korea3.png","width":688,"height":126,"caption":"IDA.KOREA"},"image":{"@id":"https:\/\/idakorea.ee\/#\/schema\/logo\/image\/"},"sameAs":["https:\/\/www.instagram.com\/ida.korea\/"]}]}},"jetpack_sharing_enabled":true,"brands":[{"id":474,"name":"PYUNKANG YUL","slug":"pyunkang-yul"}],"_links":{"self":[{"href":"https:\/\/idakorea.ee\/fi\/wp-json\/wp\/v2\/product\/15881","targetHints":{"allow":["GET"]}}],"collection":[{"href":"https:\/\/idakorea.ee\/fi\/wp-json\/wp\/v2\/product"}],"about":[{"href":"https:\/\/idakorea.ee\/fi\/wp-json\/wp\/v2\/types\/product"}],"replies":[{"embeddable":true,"href":"https:\/\/idakorea.ee\/fi\/wp-json\/wp\/v2\/comments?post=15881"}],"version-history":[{"count":1,"href":"https:\/\/idakorea.ee\/fi\/wp-json\/wp\/v2\/product\/15881\/revisions"}],"predecessor-version":[{"id":15885,"href":"https:\/\/idakorea.ee\/fi\/wp-json\/wp\/v2\/product\/15881\/revisions\/15885"}],"wp:featuredmedia":[{"embeddable":true,"href":"https:\/\/idakorea.ee\/fi\/wp-json\/wp\/v2\/media\/15882"}],"wp:attachment":[{"href":"https:\/\/idakorea.ee\/fi\/wp-json\/wp\/v2\/media?parent=15881"}],"wp:term":[{"taxonomy":"pwb-brand","embeddable":true,"href":"https:\/\/idakorea.ee\/fi\/wp-json\/wp\/v2\/pwb-brand?post=15881"},{"taxonomy":"product_brand","embeddable":true,"href":"https:\/\/idakorea.ee\/fi\/wp-json\/wp\/v2\/product_brand?post=15881"},{"taxonomy":"product_cat","embeddable":true,"href":"https:\/\/idakorea.ee\/fi\/wp-json\/wp\/v2\/product_cat?post=15881"},{"taxonomy":"product_tag","embeddable":true,"href":"https:\/\/idakorea.ee\/fi\/wp-json\/wp\/v2\/product_tag?post=15881"}],"curies":[{"name":"wp","href":"https:\/\/api.w.org\/{rel}","templated":true}]}}