{"id":1589,"date":"2024-05-29T11:04:14","date_gmt":"2024-05-29T11:04:14","guid":{"rendered":"https:\/\/idakorea.ee\/product\/%d0%b0%d0%bd%d1%82%d0%b8%d0%b2%d0%be%d0%b7%d1%80%d0%b0%d1%81%d1%82%d0%bd%d0%be%d0%b9-%d0%bb%d0%b8%d1%84%d1%82%d0%b8%d0%bd%d0%b3-%d0%ba%d1%80%d0%b5%d0%bc-%d1%81-%d0%bf%d0%b5%d0%bf%d1%82%d0%b8%d0%b4\/"},"modified":"2026-04-01T14:23:24","modified_gmt":"2026-04-01T12:23:24","slug":"medi-peel-peptide-9-volume-tension-tox-cream-pro","status":"publish","type":"product","link":"https:\/\/idakorea.ee\/fi\/product\/medi-peel-peptide-9-volume-tension-tox-cream-pro\/","title":{"rendered":"Kiinteytt\u00e4v\u00e4 peptidikasvovoide MediPeel Peptide 9 Volume &amp; Tension Tox Cream Pro, 50ml"},"content":{"rendered":"<p style=\"text-align: left;\"><strong>MEDIPEEL Peptide 9 Volume &amp; Tension Tox Cream Pro -voitelu\u00f6ljy<\/strong> on ravitseva nuorentava voide, jonka uusi koostumus toimii nopeammin ja tehokkaammin. Silottaa, kiinteytt\u00e4\u00e4 ja kirist\u00e4\u00e4 ihoa, v\u00e4hent\u00e4\u00e4 ryppyjen syvyytt\u00e4, palauttaa ihon kimmoisuuden ja kiinteyden ja torjuu ik\u00e4\u00e4ntymisen merkkej\u00e4.<\/p>\n<p>Voide auttaa vahvistamaan kasvojen ihoa, parantamaan ihon s\u00e4vy\u00e4 ja muotoilemaan kasvojen \u00e4\u00e4riviivoja. Se v\u00e4hent\u00e4\u00e4 huomattavasti nasolabiaalipoimujen syvyytt\u00e4, ryppyj\u00e4 silm\u00e4kulmissa, kulmakarvojen v\u00e4liss\u00e4 ja suun ymp\u00e4rill\u00e4.<\/p>\n<p>Voide poistaa kuivuutta ja hilseily\u00e4, s\u00e4ilytt\u00e4\u00e4 kosteuden ihosoluissa ja vahvistaa ihon luonnollista suojamuuria. Se pehment\u00e4\u00e4, tasoittaa ihon rakennetta ja j\u00e4tt\u00e4\u00e4 sen silkkisen sile\u00e4ksi. Tuote on koostumukseltaan miellytt\u00e4v\u00e4n kevyt ja sulava, imeytyy hyvin eik\u00e4 j\u00e4t\u00e4 tahmeaa tunnetta.<\/p>\n<p><strong>T\u00e4rkeimm\u00e4t vaikuttavat aineet:<\/strong><\/p>\n<ul>\n<li><strong>Matrixyl\u00ae3000 (palmitoyylitetrapeptidi-7, palmitoyylitripeptidi-1)<\/strong> - patentoitu peptidikompleksi, joka stimuloi solujen toimintaa ja vahvistaa solunulkoista matriisia. Parantaa kollageenin ja hyaluronihapon synteesi\u00e4, mik\u00e4 kirist\u00e4\u00e4 ja silottaa ihoa, palauttaa kimmoisuuden ja mallintaa kasvojen \u00e4\u00e4riviivoja.<\/li>\n<li><strong>Argireliini ja asetyyliheksapeptidi-8 (asetyyliheksapeptidi-8, asetyylioktapeptidi-3).<\/strong> - botuliinin kaltaisia peptidej\u00e4, jotka rentouttavat kasvojen lihaksia ja est\u00e4v\u00e4t ryppyjen muodostumista.<\/li>\n<li><strong>Nonapeptidi-1 (Nonapeptidi-1)<\/strong> - est\u00e4\u00e4 tyrosinaasin synteesi\u00e4 ja v\u00e4hent\u00e4\u00e4 siten pigmenttil\u00e4iskien muodostumista.<\/li>\n<li><strong>Vaasan tripeptidi-1 (kuparin tripeptidi-1)<\/strong> - edist\u00e4\u00e4 kollageenin ja elastiinin synteesi\u00e4, vahvistaa ihoa, v\u00e4hent\u00e4\u00e4 ryppyjen syvyytt\u00e4 ja nopeuttaa uudistumista.<\/li>\n<li><strong>Tripeptidi-1 (Tripeptidi-1)<\/strong> - ehk\u00e4isee valon aiheuttamaa ik\u00e4\u00e4ntymist\u00e4, stimuloi kollageenin tuotantoa ja suojaa kollageenikuitujen hajoamiselta.<\/li>\n<li><strong>Heksapeptidi-9 (Heksapeptidi-9)<\/strong> - stimuloi fibroblastien ja kollageenin tuotantoa, tasoittaa ihoa ja v\u00e4hent\u00e4\u00e4 ryppyj\u00e4.<\/li>\n<li><strong>Palmitoyylipentapeptidi-4 (Palmitoyylipentapeptidi-4)<\/strong> - Viisi aminohappoa sis\u00e4lt\u00e4v\u00e4 peptidi, joka v\u00e4hent\u00e4\u00e4 ryppyjen syvyytt\u00e4 ja parantaa ihon koostumusta, on yht\u00e4 tehokas kuin retinoli, mutta ei aiheuta \u00e4rsytyst\u00e4.<\/li>\n<\/ul>\n<p><strong>Lis\u00e4komponentit:<\/strong><\/p>\n<ul>\n<li><strong>Volufiliini (Anemarrhena Asphodeloides Root Extract)<\/strong> - lis\u00e4\u00e4 ihon tiheytt\u00e4 ja volyymia, ja sill\u00e4 on samankaltaiset vaikutukset kuin huulten t\u00e4ytt\u00e4misell\u00e4.<\/li>\n<li><strong>Kollaasit<\/strong> - kosteuttaa intensiivisesti, sitoo kosteutta ja parantaa ihon rakennetta.<\/li>\n<li><strong>8 erilaista hyaluronihappoa<\/strong> - tunkeutuvat syv\u00e4lle ihoon, kosteuttavat ja luovat suojakerroksen.<\/li>\n<li><strong>Calamarella-uute<\/strong> - sis\u00e4lt\u00e4\u00e4 omega-3-rasvahappoja, vitamiineja ja aminohappoja, jotka lis\u00e4\u00e4v\u00e4t kollageenin tuotantoa ja suojaavat ihoa.<\/li>\n<li><strong>24K kultaa<\/strong> - vahvistaa ihoa, parantaa mikroverenkiertoa ja tehoaineiden imeytymist\u00e4.<\/li>\n<li><strong>Ektoiin<\/strong> - orgaaninen aminohappo, suojaa UV-s\u00e4teilt\u00e4 ja ulkoisilta vaikutuksilta, rauhoittaa ihoa.<\/li>\n<li><strong>Astaksantiini<\/strong> - voimakas antioksidantti, joka suojaa ihoa UV-vaurioilta ja v\u00e4hent\u00e4\u00e4 ryppyj\u00e4.<\/li>\n<li><strong>Hydrolysoitu elastiini<\/strong> - vahvistaa ja tukee kollageenikuituja.<\/li>\n<li><strong>MultiEx BSASM\u00ae Plus<\/strong> - oma kasvikompleksi, joka sis\u00e4lt\u00e4\u00e4 rosmariinia, kamomillaa, kamelia ja muita uutteita, jotka rauhoittavat ja antavat antiseptist\u00e4 suojaa.<\/li>\n<\/ul>\n<p>&nbsp;<\/p>\n<p>Sopii normaalille, sekaiholle ja kuivalle iholle.<\/p>\n<p><strong>K\u00e4ytt\u00f6:<\/strong> kasvojen puhdistuksen, kasvoveden ja seerumin levitt\u00e4misen j\u00e4lkeen levit\u00e4 voide iholle ja levit\u00e4 se tasaisesti hierontalinjoja pitkin.<\/p>\n<p>&nbsp;<\/p>","protected":false},"excerpt":{"rendered":"<p>MEDIPEEL Peptide 9 Volume &amp; Tension Tox Cream Pro on ravitseva nuorentava voide, jonka uudistettu koostumus toimii nopeammin ja tehokkaammin. Se silottaa, kiinteytt\u00e4\u00e4 ja kirist\u00e4\u00e4 ihoa, v\u00e4hent\u00e4\u00e4 ryppyjen syvyytt\u00e4, palauttaa ihon kimmoisuuden ja kiinteyden sek\u00e4 torjuu ik\u00e4\u00e4ntymisen merkkej\u00e4. Se auttaa kiinteytt\u00e4m\u00e4\u00e4n kasvojen ihoa, parantamaan ihon s\u00e4vy\u00e4 ja muotoilemaan kasvojen \u00e4\u00e4riviivoja. Se v\u00e4hent\u00e4\u00e4 tuntuvasti nasolabiaalipoimuja, silm\u00e4nalusia, kulmakarvojen v\u00e4list\u00e4 ja suun ymp\u00e4rilt\u00e4.....<\/p>","protected":false},"featured_media":12204,"comment_status":"open","ping_status":"closed","template":"","meta":{"_uf_show_specific_survey":0,"_uf_disable_surveys":false,"_bst_post_transparent":"default","_bst_post_title":"","_bst_post_layout":"default","_bst_post_sidebar_id":"","_bst_post_content_style":"default","_bst_post_vertical_padding":"default","_bst_post_feature":"","_bst_post_feature_position":"","_bst_post_header":false,"_bst_post_footer":false},"pwb-brand":[107],"product_brand":[],"product_cat":[92,96],"product_tag":[381,830],"class_list":{"0":"post-1589","1":"product","2":"type-product","3":"status-publish","4":"has-post-thumbnail","6":"pwb-brand-medipeel","7":"product_cat-nagu","8":"product_cat-naokreemid","9":"product_tag-medipeel","10":"product_tag-peptide","12":"first","13":"outofstock","14":"sale","15":"shipping-taxable","16":"purchasable","17":"product-type-simple","18":"entry","19":"content-bg","20":"loop-entry"},"supplier_id":null,"supplier_sku":"","barcode":null,"atum_controlled":true,"out_stock_date":"2026-04-01 14:23:24","out_stock_threshold":null,"inheritable":false,"inbound_stock":0,"stock_on_hold":0,"sold_today":0,"sales_last_days":4,"out_stock_days":13,"lost_sales":149,"has_location":false,"update_date":"2026-04-15T00:05:20","atum_locations":[],"atum_stock_status":"outofstock","restock_status":false,"low_stock_amount":"","sales_update_date":"2026-04-15T00:05:20","calc_backorders":null,"yoast_head":"<!-- This site is optimized with the Yoast SEO plugin v27.2 - https:\/\/yoast.com\/product\/yoast-seo-wordpress\/ -->\n<title>MediPeel Peptide 9 Volume &amp; Tension Tox Cream Pro, 50ml - IDA.KOREA<\/title>\n<meta name=\"description\" content=\"MEDIPEEL Peptide 9 Volume &amp; Tension Tox Cream Pro on uuendatud koostisega toitev noorendav kreem, mis toimib kiiremini ja t\u00f5husamalt. Bestseller!\" \/>\n<meta name=\"robots\" content=\"index, follow, max-snippet:-1, max-image-preview:large, max-video-preview:-1\" \/>\n<link rel=\"canonical\" href=\"https:\/\/idakorea.ee\/fi\/product\/medi-peel-peptide-9-volume-tension-tox-cream-pro\/\" \/>\n<meta property=\"og:locale\" content=\"fi_FI\" \/>\n<meta property=\"og:type\" content=\"article\" \/>\n<meta property=\"og:title\" content=\"MediPeel Peptide 9 Volume &amp; Tension Tox Cream Pro, 50ml - IDA.KOREA\" \/>\n<meta property=\"og:description\" content=\"MEDIPEEL Peptide 9 Volume &amp; Tension Tox Cream Pro on uuendatud koostisega toitev noorendav kreem, mis toimib kiiremini ja t\u00f5husamalt. Bestseller!\" \/>\n<meta property=\"og:url\" content=\"https:\/\/idakorea.ee\/fi\/product\/medi-peel-peptide-9-volume-tension-tox-cream-pro\/\" \/>\n<meta property=\"og:site_name\" content=\"IDA.KOREA\" \/>\n<meta property=\"article:modified_time\" content=\"2026-04-01T12:23:24+00:00\" \/>\n<meta property=\"og:image\" content=\"https:\/\/idakorea.ee\/wp-content\/uploads\/2024\/05\/gfd-gfd.jpg\" \/>\n\t<meta property=\"og:image:width\" content=\"1200\" \/>\n\t<meta property=\"og:image:height\" content=\"1200\" \/>\n\t<meta property=\"og:image:type\" content=\"image\/jpeg\" \/>\n<meta name=\"twitter:card\" content=\"summary_large_image\" \/>\n<meta name=\"twitter:label1\" content=\"Arvioitu lukuaika\" \/>\n\t<meta name=\"twitter:data1\" content=\"3 minuuttia\" \/>\n<script type=\"application\/ld+json\" class=\"yoast-schema-graph\">{\"@context\":\"https:\/\/schema.org\",\"@graph\":[{\"@type\":\"WebPage\",\"@id\":\"https:\/\/idakorea.ee\/product\/medi-peel-peptide-9-volume-tension-tox-cream-pro\/\",\"url\":\"https:\/\/idakorea.ee\/product\/medi-peel-peptide-9-volume-tension-tox-cream-pro\/\",\"name\":\"MediPeel Peptide 9 Volume & Tension Tox Cream Pro, 50ml - IDA.KOREA\",\"isPartOf\":{\"@id\":\"https:\/\/idakorea.ee\/#website\"},\"primaryImageOfPage\":{\"@id\":\"https:\/\/idakorea.ee\/product\/medi-peel-peptide-9-volume-tension-tox-cream-pro\/#primaryimage\"},\"image\":{\"@id\":\"https:\/\/idakorea.ee\/product\/medi-peel-peptide-9-volume-tension-tox-cream-pro\/#primaryimage\"},\"thumbnailUrl\":\"https:\/\/idakorea.ee\/wp-content\/uploads\/2024\/05\/gfd-gfd.jpg\",\"datePublished\":\"2024-05-29T11:04:14+00:00\",\"dateModified\":\"2026-04-01T12:23:24+00:00\",\"description\":\"MEDIPEEL Peptide 9 Volume & Tension Tox Cream Pro on uuendatud koostisega toitev noorendav kreem, mis toimib kiiremini ja t\u00f5husamalt. Bestseller!\",\"breadcrumb\":{\"@id\":\"https:\/\/idakorea.ee\/product\/medi-peel-peptide-9-volume-tension-tox-cream-pro\/#breadcrumb\"},\"inLanguage\":\"fi\",\"potentialAction\":[{\"@type\":\"ReadAction\",\"target\":[\"https:\/\/idakorea.ee\/product\/medi-peel-peptide-9-volume-tension-tox-cream-pro\/\"]}]},{\"@type\":\"ImageObject\",\"inLanguage\":\"fi\",\"@id\":\"https:\/\/idakorea.ee\/product\/medi-peel-peptide-9-volume-tension-tox-cream-pro\/#primaryimage\",\"url\":\"https:\/\/idakorea.ee\/wp-content\/uploads\/2024\/05\/gfd-gfd.jpg\",\"contentUrl\":\"https:\/\/idakorea.ee\/wp-content\/uploads\/2024\/05\/gfd-gfd.jpg\",\"width\":1200,\"height\":1200},{\"@type\":\"BreadcrumbList\",\"@id\":\"https:\/\/idakorea.ee\/product\/medi-peel-peptide-9-volume-tension-tox-cream-pro\/#breadcrumb\",\"itemListElement\":[{\"@type\":\"ListItem\",\"position\":1,\"name\":\"\u0413\u043b\u0430\u0432\u043d\u0430\u044f \u0441\u0442\u0440\u0430\u043d\u0438\u0446\u0430\",\"item\":\"https:\/\/idakorea.ee\/\"},{\"@type\":\"ListItem\",\"position\":2,\"name\":\"Shop\",\"item\":\"https:\/\/idakorea.ee\/shop-2\/\"},{\"@type\":\"ListItem\",\"position\":3,\"name\":\"Pinguldav peptiidne n\u00e4okreem MediPeel Peptide 9 Volume &#038; Tension Tox Cream Pro, 50ml\"}]},{\"@type\":\"WebSite\",\"@id\":\"https:\/\/idakorea.ee\/#website\",\"url\":\"https:\/\/idakorea.ee\/\",\"name\":\"IDA.KOREA\",\"description\":\"Korea kosmeetika e-pood\",\"publisher\":{\"@id\":\"https:\/\/idakorea.ee\/#organization\"},\"alternateName\":\"Beauty Shop\",\"potentialAction\":[{\"@type\":\"SearchAction\",\"target\":{\"@type\":\"EntryPoint\",\"urlTemplate\":\"https:\/\/idakorea.ee\/?s={search_term_string}\"},\"query-input\":{\"@type\":\"PropertyValueSpecification\",\"valueRequired\":true,\"valueName\":\"search_term_string\"}}],\"inLanguage\":\"fi\"},{\"@type\":\"Organization\",\"@id\":\"https:\/\/idakorea.ee\/#organization\",\"name\":\"IDA.KOREA\",\"url\":\"https:\/\/idakorea.ee\/\",\"logo\":{\"@type\":\"ImageObject\",\"inLanguage\":\"fi\",\"@id\":\"https:\/\/idakorea.ee\/#\/schema\/logo\/image\/\",\"url\":\"https:\/\/idakorea.ee\/wp-content\/uploads\/2024\/05\/cropped-korea3.png\",\"contentUrl\":\"https:\/\/idakorea.ee\/wp-content\/uploads\/2024\/05\/cropped-korea3.png\",\"width\":688,\"height\":126,\"caption\":\"IDA.KOREA\"},\"image\":{\"@id\":\"https:\/\/idakorea.ee\/#\/schema\/logo\/image\/\"},\"sameAs\":[\"https:\/\/www.instagram.com\/ida.korea\/\"]}]}<\/script>\n<!-- \/ Yoast SEO plugin. -->","yoast_head_json":{"title":"MediPeel Peptide 9 Volume &amp; Tension Tox Cream Pro, 50ml - IDA.KOREA","description":"MEDIPEEL Peptide 9 Volume &amp; Tension Tox Cream Pro on ravitseva nuorentava voide, jonka uudistettu koostumus toimii nopeammin ja tehokkaammin. Bestseller!","robots":{"index":"index","follow":"follow","max-snippet":"max-snippet:-1","max-image-preview":"max-image-preview:large","max-video-preview":"max-video-preview:-1"},"canonical":"https:\/\/idakorea.ee\/fi\/product\/medi-peel-peptide-9-volume-tension-tox-cream-pro\/","og_locale":"fi_FI","og_type":"article","og_title":"MediPeel Peptide 9 Volume & Tension Tox Cream Pro, 50ml - IDA.KOREA","og_description":"MEDIPEEL Peptide 9 Volume & Tension Tox Cream Pro on uuendatud koostisega toitev noorendav kreem, mis toimib kiiremini ja t\u00f5husamalt. Bestseller!","og_url":"https:\/\/idakorea.ee\/fi\/product\/medi-peel-peptide-9-volume-tension-tox-cream-pro\/","og_site_name":"IDA.KOREA","article_modified_time":"2026-04-01T12:23:24+00:00","og_image":[{"width":1200,"height":1200,"url":"https:\/\/idakorea.ee\/wp-content\/uploads\/2024\/05\/gfd-gfd.jpg","type":"image\/jpeg"}],"twitter_card":"summary_large_image","twitter_misc":{"Arvioitu lukuaika":"3 minuuttia"},"schema":{"@context":"https:\/\/schema.org","@graph":[{"@type":"WebPage","@id":"https:\/\/idakorea.ee\/product\/medi-peel-peptide-9-volume-tension-tox-cream-pro\/","url":"https:\/\/idakorea.ee\/product\/medi-peel-peptide-9-volume-tension-tox-cream-pro\/","name":"MediPeel Peptide 9 Volume &amp; Tension Tox Cream Pro, 50ml - IDA.KOREA","isPartOf":{"@id":"https:\/\/idakorea.ee\/#website"},"primaryImageOfPage":{"@id":"https:\/\/idakorea.ee\/product\/medi-peel-peptide-9-volume-tension-tox-cream-pro\/#primaryimage"},"image":{"@id":"https:\/\/idakorea.ee\/product\/medi-peel-peptide-9-volume-tension-tox-cream-pro\/#primaryimage"},"thumbnailUrl":"https:\/\/idakorea.ee\/wp-content\/uploads\/2024\/05\/gfd-gfd.jpg","datePublished":"2024-05-29T11:04:14+00:00","dateModified":"2026-04-01T12:23:24+00:00","description":"MEDIPEEL Peptide 9 Volume &amp; Tension Tox Cream Pro on ravitseva nuorentava voide, jonka uudistettu koostumus toimii nopeammin ja tehokkaammin. Bestseller!","breadcrumb":{"@id":"https:\/\/idakorea.ee\/product\/medi-peel-peptide-9-volume-tension-tox-cream-pro\/#breadcrumb"},"inLanguage":"fi","potentialAction":[{"@type":"ReadAction","target":["https:\/\/idakorea.ee\/product\/medi-peel-peptide-9-volume-tension-tox-cream-pro\/"]}]},{"@type":"ImageObject","inLanguage":"fi","@id":"https:\/\/idakorea.ee\/product\/medi-peel-peptide-9-volume-tension-tox-cream-pro\/#primaryimage","url":"https:\/\/idakorea.ee\/wp-content\/uploads\/2024\/05\/gfd-gfd.jpg","contentUrl":"https:\/\/idakorea.ee\/wp-content\/uploads\/2024\/05\/gfd-gfd.jpg","width":1200,"height":1200},{"@type":"BreadcrumbList","@id":"https:\/\/idakorea.ee\/product\/medi-peel-peptide-9-volume-tension-tox-cream-pro\/#breadcrumb","itemListElement":[{"@type":"ListItem","position":1,"name":"\u0413\u043b\u0430\u0432\u043d\u0430\u044f \u0441\u0442\u0440\u0430\u043d\u0438\u0446\u0430","item":"https:\/\/idakorea.ee\/"},{"@type":"ListItem","position":2,"name":"Shop","item":"https:\/\/idakorea.ee\/shop-2\/"},{"@type":"ListItem","position":3,"name":"Pinguldav peptiidne n\u00e4okreem MediPeel Peptide 9 Volume &#038; Tension Tox Cream Pro, 50ml"}]},{"@type":"WebSite","@id":"https:\/\/idakorea.ee\/#website","url":"https:\/\/idakorea.ee\/","name":"IDA.KOREA","description":"Korean kosmetiikan verkkokauppa","publisher":{"@id":"https:\/\/idakorea.ee\/#organization"},"alternateName":"Beauty Shop","potentialAction":[{"@type":"SearchAction","target":{"@type":"EntryPoint","urlTemplate":"https:\/\/idakorea.ee\/?s={search_term_string}"},"query-input":{"@type":"PropertyValueSpecification","valueRequired":true,"valueName":"search_term_string"}}],"inLanguage":"fi"},{"@type":"Organization","@id":"https:\/\/idakorea.ee\/#organization","name":"IDA.KOREA","url":"https:\/\/idakorea.ee\/","logo":{"@type":"ImageObject","inLanguage":"fi","@id":"https:\/\/idakorea.ee\/#\/schema\/logo\/image\/","url":"https:\/\/idakorea.ee\/wp-content\/uploads\/2024\/05\/cropped-korea3.png","contentUrl":"https:\/\/idakorea.ee\/wp-content\/uploads\/2024\/05\/cropped-korea3.png","width":688,"height":126,"caption":"IDA.KOREA"},"image":{"@id":"https:\/\/idakorea.ee\/#\/schema\/logo\/image\/"},"sameAs":["https:\/\/www.instagram.com\/ida.korea\/"]}]}},"jetpack_sharing_enabled":true,"brands":[{"id":107,"name":"MEDIPEEL+","slug":"medipeel"}],"_links":{"self":[{"href":"https:\/\/idakorea.ee\/fi\/wp-json\/wp\/v2\/product\/1589","targetHints":{"allow":["GET"]}}],"collection":[{"href":"https:\/\/idakorea.ee\/fi\/wp-json\/wp\/v2\/product"}],"about":[{"href":"https:\/\/idakorea.ee\/fi\/wp-json\/wp\/v2\/types\/product"}],"replies":[{"embeddable":true,"href":"https:\/\/idakorea.ee\/fi\/wp-json\/wp\/v2\/comments?post=1589"}],"version-history":[{"count":6,"href":"https:\/\/idakorea.ee\/fi\/wp-json\/wp\/v2\/product\/1589\/revisions"}],"predecessor-version":[{"id":14990,"href":"https:\/\/idakorea.ee\/fi\/wp-json\/wp\/v2\/product\/1589\/revisions\/14990"}],"wp:featuredmedia":[{"embeddable":true,"href":"https:\/\/idakorea.ee\/fi\/wp-json\/wp\/v2\/media\/12204"}],"wp:attachment":[{"href":"https:\/\/idakorea.ee\/fi\/wp-json\/wp\/v2\/media?parent=1589"}],"wp:term":[{"taxonomy":"pwb-brand","embeddable":true,"href":"https:\/\/idakorea.ee\/fi\/wp-json\/wp\/v2\/pwb-brand?post=1589"},{"taxonomy":"product_brand","embeddable":true,"href":"https:\/\/idakorea.ee\/fi\/wp-json\/wp\/v2\/product_brand?post=1589"},{"taxonomy":"product_cat","embeddable":true,"href":"https:\/\/idakorea.ee\/fi\/wp-json\/wp\/v2\/product_cat?post=1589"},{"taxonomy":"product_tag","embeddable":true,"href":"https:\/\/idakorea.ee\/fi\/wp-json\/wp\/v2\/product_tag?post=1589"}],"curies":[{"name":"wp","href":"https:\/\/api.w.org\/{rel}","templated":true}]}}