{"id":15896,"date":"2025-09-17T19:37:33","date_gmt":"2025-09-17T16:37:33","guid":{"rendered":"https:\/\/idakorea.ee\/?post_type=product&#038;p=15896"},"modified":"2026-04-08T15:49:34","modified_gmt":"2026-04-08T13:49:34","slug":"anua-azelaic-acid-10-hyaluron-redness-soothing-pad","status":"publish","type":"product","link":"https:\/\/idakorea.ee\/fi\/product\/anua-azelaic-acid-10-hyaluron-redness-soothing-pad\/","title":{"rendered":"Anua Azelaic Acid 10 Hyaluron Redness Soothing Pad, 90pcs"},"content":{"rendered":"<p data-start=\"101\" data-end=\"156\">Monitoimiset kasvovesilaput herk\u00e4lle ja punoitukseen taipuvaiselle iholle <strong style=\"font-family: Jost, sans-serif; font-size: 16px;\" data-start=\"157\" data-end=\"236\">Anua Azelaic Acid 10 Hyaluron Redness Soothing Pad<\/strong><\/p>\n<p data-start=\"238\" data-end=\"458\">Hell\u00e4varainen mutta tehokas hoitolappujen sarja, joka yhdist\u00e4\u00e4 10%-atselaiinihappoa, 7-Cica-kompleksia ja 10 erilaista hyaluronihappoa. Lapujen avulla iho kuorii hell\u00e4varaisesti, kosteuttaa tehokkaasti ja uudistaa ihoa samanaikaisesti. Ne v\u00e4hent\u00e4v\u00e4t punoitusta ja tulehdusta, tasoittavat ihon s\u00e4vy\u00e4 ja rakennetta, vaalentavat aknen j\u00e4lkeisi\u00e4 arpia ja pigmenttimuutoksia, palauttavat ihon hydrolipidikerroksen ja vahvistavat ihon puolustuskyky\u00e4, lievitt\u00e4v\u00e4t ruusufinnin aiheuttamaa ep\u00e4mukavuutta.<\/p>\n<p data-start=\"822\" data-end=\"845\"><strong>T\u00e4rkeimm\u00e4t vaikuttavat aineosat<\/strong><\/p>\n<ul data-start=\"846\" data-end=\"1484\">\n<li data-start=\"846\" data-end=\"986\">\n<p data-start=\"848\" data-end=\"986\"><strong data-start=\"848\" data-end=\"868\">Atselaiinihappo 10%<\/strong> \u2013 s\u00e4\u00e4telee talirauhasten erityst\u00e4, v\u00e4hent\u00e4\u00e4 tulehdusta ja punoitusta, auttaa ehk\u00e4isem\u00e4\u00e4n aknea ja vaalentaa aknen j\u00e4lkeisi\u00e4 arpia.<\/p>\n<\/li>\n<li data-start=\"987\" data-end=\"1095\">\n<p data-start=\"989\" data-end=\"1095\"><strong data-start=\"989\" data-end=\"1021\">Hyaluronihappo monikompleksi<\/strong> \u2013 10 erilaista fraktiota takaavat syv\u00e4n ja monitasoisen kosteutuksen.<\/p>\n<\/li>\n<li data-start=\"1096\" data-end=\"1178\">\n<p data-start=\"1098\" data-end=\"1178\"><strong data-start=\"1098\" data-end=\"1117\">7-Cica-kompleksi<\/strong> \u2013 rauhoittaa, vahvistaa ihon suojakerrosta ja edist\u00e4\u00e4 palautumista.<\/p>\n<\/li>\n<li data-start=\"1179\" data-end=\"1274\">\n<p data-start=\"1181\" data-end=\"1274\"><strong data-start=\"1181\" data-end=\"1204\">M\u00e4nnynkuoriuute<\/strong> \u2013 antioksidanttinen ja tulehdusta ehk\u00e4isev\u00e4 vaikutus, tasoittaa ihon rakennetta.<\/p>\n<\/li>\n<li data-start=\"1275\" data-end=\"1342\">\n<p data-start=\"1277\" data-end=\"1342\"><strong data-start=\"1277\" data-end=\"1290\">Pantenol<\/strong> \u2013 kosteuttaa, rauhoittaa ja nopeuttaa ihon uusiutumista.<\/p>\n<\/li>\n<li data-start=\"1343\" data-end=\"1410\">\n<p data-start=\"1345\" data-end=\"1410\"><strong data-start=\"1345\" data-end=\"1359\">Allantoiin<\/strong> \u2013 lievitt\u00e4\u00e4 herkkyytt\u00e4 ja edist\u00e4\u00e4 paranemista.<\/p>\n<\/li>\n<li data-start=\"1411\" data-end=\"1484\">\n<p data-start=\"1413\" data-end=\"1484\"><strong data-start=\"1413\" data-end=\"1427\">Keramidit<\/strong> \u2013 suojaa, s\u00e4ilytt\u00e4\u00e4 kosteuden ja parantaa elastisuutta.<\/p>\n<\/li>\n<\/ul>\n<h3 data-start=\"1486\" data-end=\"1501\"><\/h3>\n<ul data-start=\"1502\" data-end=\"1773\">\n<li data-start=\"1502\" data-end=\"1535\">\n<p data-start=\"1504\" data-end=\"1535\">Hell\u00e4varainen kuorinta ilman \u00e4rsytyst\u00e4<\/p>\n<\/li>\n<li data-start=\"1536\" data-end=\"1586\">\n<p data-start=\"1538\" data-end=\"1586\">N\u00e4kyv\u00e4sti v\u00e4hemm\u00e4n punoitusta ja aknen j\u00e4lki\u00e4<\/p>\n<\/li>\n<li data-start=\"1587\" data-end=\"1660\">\n<p data-start=\"1589\" data-end=\"1660\">Suuret, runsaasti uutetta sis\u00e4lt\u00e4v\u00e4t tyynyt \u2013 eiv\u00e4t repeydy eiv\u00e4tk\u00e4 kuivu<\/p>\n<\/li>\n<li data-start=\"1661\" data-end=\"1733\">\n<p data-start=\"1663\" data-end=\"1733\">Joustava ja muotoutuva \u2013 voidaan k\u00e4ytt\u00e4\u00e4 my\u00f6s minimaskina<\/p>\n<\/li>\n<li data-start=\"1734\" data-end=\"1773\">\n<p data-start=\"1736\" data-end=\"1773\">Ei sis\u00e4ll\u00e4 alkoholia eik\u00e4 hajusteita<\/p>\n<\/li>\n<\/ul>\n<p><strong>Sopii<\/strong> normaalille, rasvoittuvalle ja sekaiholle, herk\u00e4lle ja \u00e4rtyneelle iholle.<\/p>\n<p data-start=\"1775\" data-end=\"1789\"><strong>K\u00e4ytt\u00f6:\u00a0 <\/strong>Puhdista iho tavallisella puhdistusaineellasi. Ota pinseteill\u00e4 yksi lappu ja pyyhi sill\u00e4 varovasti kasvot. K\u00e4yt\u00e4 halutessasi pikanaamiona \u2013 anna lappujen vaikuttaa iholla 5\u201310 minuuttia. \u00c4l\u00e4 huuhtele \u2013 anna aineen imeyty\u00e4 kokonaan. Sopii k\u00e4ytett\u00e4v\u00e4ksi aamuin ja\/tai illoin.<\/p>","protected":false},"excerpt":{"rendered":"<p>Monitoimiset kasvolaput herk\u00e4lle ja punoitukseen taipuvaiselle iholle Anua Azelaic Acid 10 Hyaluron Redness Soothing Pad Hell\u00e4varainen mutta tehokas hoitolappusarja, joka yhdist\u00e4\u00e4 10% atselaiinihappoa, 7-Cica-kompleksia ja 10 erilaista hyaluronihappoa. Laput kuorivat hell\u00e4varaisesti, kosteuttavat tehokkaasti ja palauttavat ihon samalla. V\u00e4hent\u00e4v\u00e4t punoitusta ja tulehdusta, tasoittavat ihon s\u00e4vy\u00e4 ja rakennetta, vaalentavat aknen j\u00e4lkeisi\u00e4 arpia ja pigmenttimuutoksia, palauttavat\u2026<\/p>","protected":false},"featured_media":15897,"comment_status":"open","ping_status":"closed","template":"","meta":{"_uf_show_specific_survey":0,"_uf_disable_surveys":false,"_bst_post_transparent":"default","_bst_post_title":"","_bst_post_layout":"default","_bst_post_sidebar_id":"","_bst_post_content_style":"default","_bst_post_vertical_padding":"default","_bst_post_feature":"","_bst_post_feature_position":"","_bst_post_header":false,"_bst_post_footer":false},"pwb-brand":[104],"product_brand":[],"product_cat":[92,158],"product_tag":[847,102,750],"class_list":{"0":"post-15896","1":"product","2":"type-product","3":"status-publish","4":"has-post-thumbnail","6":"pwb-brand-anua","7":"product_cat-nagu","8":"product_cat-toonik","9":"product_tag-acne","10":"product_tag-anua","11":"product_tag-tundlik","13":"first","14":"outofstock","15":"sale","16":"shipping-taxable","17":"purchasable","18":"product-type-simple","19":"entry","20":"content-bg","21":"loop-entry"},"supplier_id":null,"supplier_sku":"","barcode":null,"atum_controlled":true,"out_stock_date":"2026-04-08 15:49:34","out_stock_threshold":null,"inheritable":false,"inbound_stock":0,"stock_on_hold":0,"sold_today":0,"sales_last_days":1,"out_stock_days":5,"lost_sales":17,"has_location":false,"update_date":"2026-04-14T00:05:12","atum_locations":[],"atum_stock_status":"outofstock","restock_status":false,"low_stock_amount":"","sales_update_date":"2026-04-14T00:05:12","calc_backorders":null,"yoast_head":"<!-- This site is optimized with the Yoast SEO plugin v27.2 - https:\/\/yoast.com\/product\/yoast-seo-wordpress\/ -->\n<title>Anua Azelaic Acid 10 Hyaluron Redness Soothing Pad - IDA.KOREA<\/title>\n<meta name=\"description\" content=\"Multifunktsionaalsed Anua Azelaic Acid 10 Hyaluron toonikpadjad rahustavad punetust, niisutavad ja taastavad tundlikku nahka igap\u00e4evases hoolduses.\" \/>\n<meta name=\"robots\" content=\"index, follow, max-snippet:-1, max-image-preview:large, max-video-preview:-1\" \/>\n<link rel=\"canonical\" href=\"https:\/\/idakorea.ee\/fi\/product\/anua-azelaic-acid-10-hyaluron-redness-soothing-pad\/\" \/>\n<meta property=\"og:locale\" content=\"fi_FI\" \/>\n<meta property=\"og:type\" content=\"article\" \/>\n<meta property=\"og:title\" content=\"Anua Azelaic Acid 10 Hyaluron Redness Soothing Pad - IDA.KOREA\" \/>\n<meta property=\"og:description\" content=\"Multifunktsionaalsed Anua Azelaic Acid 10 Hyaluron toonikpadjad rahustavad punetust, niisutavad ja taastavad tundlikku nahka igap\u00e4evases hoolduses.\" \/>\n<meta property=\"og:url\" content=\"https:\/\/idakorea.ee\/fi\/product\/anua-azelaic-acid-10-hyaluron-redness-soothing-pad\/\" \/>\n<meta property=\"og:site_name\" content=\"IDA.KOREA\" \/>\n<meta property=\"article:modified_time\" content=\"2026-04-08T13:49:34+00:00\" \/>\n<meta property=\"og:image\" content=\"https:\/\/idakorea.ee\/wp-content\/uploads\/2025\/09\/anuaazelaicacid10hyaluronrednesssoothingpad-idakorea.webp\" \/>\n\t<meta property=\"og:image:width\" content=\"950\" \/>\n\t<meta property=\"og:image:height\" content=\"950\" \/>\n\t<meta property=\"og:image:type\" content=\"image\/webp\" \/>\n<meta name=\"twitter:card\" content=\"summary_large_image\" \/>\n<meta name=\"twitter:label1\" content=\"Arvioitu lukuaika\" \/>\n\t<meta name=\"twitter:data1\" content=\"2 minuuttia\" \/>\n<script type=\"application\/ld+json\" class=\"yoast-schema-graph\">{\"@context\":\"https:\/\/schema.org\",\"@graph\":[{\"@type\":\"WebPage\",\"@id\":\"https:\/\/idakorea.ee\/product\/anua-azelaic-acid-10-hyaluron-redness-soothing-pad\/\",\"url\":\"https:\/\/idakorea.ee\/product\/anua-azelaic-acid-10-hyaluron-redness-soothing-pad\/\",\"name\":\"Anua Azelaic Acid 10 Hyaluron Redness Soothing Pad - IDA.KOREA\",\"isPartOf\":{\"@id\":\"https:\/\/idakorea.ee\/#website\"},\"primaryImageOfPage\":{\"@id\":\"https:\/\/idakorea.ee\/product\/anua-azelaic-acid-10-hyaluron-redness-soothing-pad\/#primaryimage\"},\"image\":{\"@id\":\"https:\/\/idakorea.ee\/product\/anua-azelaic-acid-10-hyaluron-redness-soothing-pad\/#primaryimage\"},\"thumbnailUrl\":\"https:\/\/idakorea.ee\/wp-content\/uploads\/2025\/09\/anuaazelaicacid10hyaluronrednesssoothingpad-idakorea.webp\",\"datePublished\":\"2025-09-17T16:37:33+00:00\",\"dateModified\":\"2026-04-08T13:49:34+00:00\",\"description\":\"Multifunktsionaalsed Anua Azelaic Acid 10 Hyaluron toonikpadjad rahustavad punetust, niisutavad ja taastavad tundlikku nahka igap\u00e4evases hoolduses.\",\"breadcrumb\":{\"@id\":\"https:\/\/idakorea.ee\/product\/anua-azelaic-acid-10-hyaluron-redness-soothing-pad\/#breadcrumb\"},\"inLanguage\":\"fi\",\"potentialAction\":[{\"@type\":\"ReadAction\",\"target\":[\"https:\/\/idakorea.ee\/product\/anua-azelaic-acid-10-hyaluron-redness-soothing-pad\/\"]}]},{\"@type\":\"ImageObject\",\"inLanguage\":\"fi\",\"@id\":\"https:\/\/idakorea.ee\/product\/anua-azelaic-acid-10-hyaluron-redness-soothing-pad\/#primaryimage\",\"url\":\"https:\/\/idakorea.ee\/wp-content\/uploads\/2025\/09\/anuaazelaicacid10hyaluronrednesssoothingpad-idakorea.webp\",\"contentUrl\":\"https:\/\/idakorea.ee\/wp-content\/uploads\/2025\/09\/anuaazelaicacid10hyaluronrednesssoothingpad-idakorea.webp\",\"width\":950,\"height\":950},{\"@type\":\"BreadcrumbList\",\"@id\":\"https:\/\/idakorea.ee\/product\/anua-azelaic-acid-10-hyaluron-redness-soothing-pad\/#breadcrumb\",\"itemListElement\":[{\"@type\":\"ListItem\",\"position\":1,\"name\":\"\u0413\u043b\u0430\u0432\u043d\u0430\u044f \u0441\u0442\u0440\u0430\u043d\u0438\u0446\u0430\",\"item\":\"https:\/\/idakorea.ee\/\"},{\"@type\":\"ListItem\",\"position\":2,\"name\":\"Shop\",\"item\":\"https:\/\/idakorea.ee\/shop-2\/\"},{\"@type\":\"ListItem\",\"position\":3,\"name\":\"Multifunktsionaalsed toonikpadjad Anua Azelaic Acid 10 Hyaluron Redness Soothing Pad, 90tk\"}]},{\"@type\":\"WebSite\",\"@id\":\"https:\/\/idakorea.ee\/#website\",\"url\":\"https:\/\/idakorea.ee\/\",\"name\":\"IDA.KOREA\",\"description\":\"Korea kosmeetika e-pood\",\"publisher\":{\"@id\":\"https:\/\/idakorea.ee\/#organization\"},\"alternateName\":\"Beauty Shop\",\"potentialAction\":[{\"@type\":\"SearchAction\",\"target\":{\"@type\":\"EntryPoint\",\"urlTemplate\":\"https:\/\/idakorea.ee\/?s={search_term_string}\"},\"query-input\":{\"@type\":\"PropertyValueSpecification\",\"valueRequired\":true,\"valueName\":\"search_term_string\"}}],\"inLanguage\":\"fi\"},{\"@type\":\"Organization\",\"@id\":\"https:\/\/idakorea.ee\/#organization\",\"name\":\"IDA.KOREA\",\"url\":\"https:\/\/idakorea.ee\/\",\"logo\":{\"@type\":\"ImageObject\",\"inLanguage\":\"fi\",\"@id\":\"https:\/\/idakorea.ee\/#\/schema\/logo\/image\/\",\"url\":\"https:\/\/idakorea.ee\/wp-content\/uploads\/2024\/05\/cropped-korea3.png\",\"contentUrl\":\"https:\/\/idakorea.ee\/wp-content\/uploads\/2024\/05\/cropped-korea3.png\",\"width\":688,\"height\":126,\"caption\":\"IDA.KOREA\"},\"image\":{\"@id\":\"https:\/\/idakorea.ee\/#\/schema\/logo\/image\/\"},\"sameAs\":[\"https:\/\/www.instagram.com\/ida.korea\/\"]}]}<\/script>\n<!-- \/ Yoast SEO plugin. -->","yoast_head_json":{"title":"Anua Azelaic Acid 10 Hyaluron Redness Soothing Pad - IDA.KOREA","description":"Monitoimiset Anua Azelaic Acid 10 Hyaluron -kasvovesilaput rauhoittavat punoitusta, kosteuttavat ja palauttavat herkk\u00e4\u00e4 ihoa p\u00e4ivitt\u00e4isess\u00e4 hoidossa.","robots":{"index":"index","follow":"follow","max-snippet":"max-snippet:-1","max-image-preview":"max-image-preview:large","max-video-preview":"max-video-preview:-1"},"canonical":"https:\/\/idakorea.ee\/fi\/product\/anua-azelaic-acid-10-hyaluron-redness-soothing-pad\/","og_locale":"fi_FI","og_type":"article","og_title":"Anua Azelaic Acid 10 Hyaluron Redness Soothing Pad - IDA.KOREA","og_description":"Multifunktsionaalsed Anua Azelaic Acid 10 Hyaluron toonikpadjad rahustavad punetust, niisutavad ja taastavad tundlikku nahka igap\u00e4evases hoolduses.","og_url":"https:\/\/idakorea.ee\/fi\/product\/anua-azelaic-acid-10-hyaluron-redness-soothing-pad\/","og_site_name":"IDA.KOREA","article_modified_time":"2026-04-08T13:49:34+00:00","og_image":[{"width":950,"height":950,"url":"https:\/\/idakorea.ee\/wp-content\/uploads\/2025\/09\/anuaazelaicacid10hyaluronrednesssoothingpad-idakorea.webp","type":"image\/webp"}],"twitter_card":"summary_large_image","twitter_misc":{"Arvioitu lukuaika":"2 minuuttia"},"schema":{"@context":"https:\/\/schema.org","@graph":[{"@type":"WebPage","@id":"https:\/\/idakorea.ee\/product\/anua-azelaic-acid-10-hyaluron-redness-soothing-pad\/","url":"https:\/\/idakorea.ee\/product\/anua-azelaic-acid-10-hyaluron-redness-soothing-pad\/","name":"Anua Azelaic Acid 10 Hyaluron Redness Soothing Pad - IDA.KOREA","isPartOf":{"@id":"https:\/\/idakorea.ee\/#website"},"primaryImageOfPage":{"@id":"https:\/\/idakorea.ee\/product\/anua-azelaic-acid-10-hyaluron-redness-soothing-pad\/#primaryimage"},"image":{"@id":"https:\/\/idakorea.ee\/product\/anua-azelaic-acid-10-hyaluron-redness-soothing-pad\/#primaryimage"},"thumbnailUrl":"https:\/\/idakorea.ee\/wp-content\/uploads\/2025\/09\/anuaazelaicacid10hyaluronrednesssoothingpad-idakorea.webp","datePublished":"2025-09-17T16:37:33+00:00","dateModified":"2026-04-08T13:49:34+00:00","description":"Monitoimiset Anua Azelaic Acid 10 Hyaluron -kasvovesilaput rauhoittavat punoitusta, kosteuttavat ja palauttavat herkk\u00e4\u00e4 ihoa p\u00e4ivitt\u00e4isess\u00e4 hoidossa.","breadcrumb":{"@id":"https:\/\/idakorea.ee\/product\/anua-azelaic-acid-10-hyaluron-redness-soothing-pad\/#breadcrumb"},"inLanguage":"fi","potentialAction":[{"@type":"ReadAction","target":["https:\/\/idakorea.ee\/product\/anua-azelaic-acid-10-hyaluron-redness-soothing-pad\/"]}]},{"@type":"ImageObject","inLanguage":"fi","@id":"https:\/\/idakorea.ee\/product\/anua-azelaic-acid-10-hyaluron-redness-soothing-pad\/#primaryimage","url":"https:\/\/idakorea.ee\/wp-content\/uploads\/2025\/09\/anuaazelaicacid10hyaluronrednesssoothingpad-idakorea.webp","contentUrl":"https:\/\/idakorea.ee\/wp-content\/uploads\/2025\/09\/anuaazelaicacid10hyaluronrednesssoothingpad-idakorea.webp","width":950,"height":950},{"@type":"BreadcrumbList","@id":"https:\/\/idakorea.ee\/product\/anua-azelaic-acid-10-hyaluron-redness-soothing-pad\/#breadcrumb","itemListElement":[{"@type":"ListItem","position":1,"name":"\u0413\u043b\u0430\u0432\u043d\u0430\u044f \u0441\u0442\u0440\u0430\u043d\u0438\u0446\u0430","item":"https:\/\/idakorea.ee\/"},{"@type":"ListItem","position":2,"name":"Shop","item":"https:\/\/idakorea.ee\/shop-2\/"},{"@type":"ListItem","position":3,"name":"Multifunktsionaalsed toonikpadjad Anua Azelaic Acid 10 Hyaluron Redness Soothing Pad, 90tk"}]},{"@type":"WebSite","@id":"https:\/\/idakorea.ee\/#website","url":"https:\/\/idakorea.ee\/","name":"IDA.KOREA","description":"Korean kosmetiikan verkkokauppa","publisher":{"@id":"https:\/\/idakorea.ee\/#organization"},"alternateName":"Beauty Shop","potentialAction":[{"@type":"SearchAction","target":{"@type":"EntryPoint","urlTemplate":"https:\/\/idakorea.ee\/?s={search_term_string}"},"query-input":{"@type":"PropertyValueSpecification","valueRequired":true,"valueName":"search_term_string"}}],"inLanguage":"fi"},{"@type":"Organization","@id":"https:\/\/idakorea.ee\/#organization","name":"IDA.KOREA","url":"https:\/\/idakorea.ee\/","logo":{"@type":"ImageObject","inLanguage":"fi","@id":"https:\/\/idakorea.ee\/#\/schema\/logo\/image\/","url":"https:\/\/idakorea.ee\/wp-content\/uploads\/2024\/05\/cropped-korea3.png","contentUrl":"https:\/\/idakorea.ee\/wp-content\/uploads\/2024\/05\/cropped-korea3.png","width":688,"height":126,"caption":"IDA.KOREA"},"image":{"@id":"https:\/\/idakorea.ee\/#\/schema\/logo\/image\/"},"sameAs":["https:\/\/www.instagram.com\/ida.korea\/"]}]}},"jetpack_sharing_enabled":true,"brands":[{"id":104,"name":"ANUA","slug":"anua"}],"_links":{"self":[{"href":"https:\/\/idakorea.ee\/fi\/wp-json\/wp\/v2\/product\/15896","targetHints":{"allow":["GET"]}}],"collection":[{"href":"https:\/\/idakorea.ee\/fi\/wp-json\/wp\/v2\/product"}],"about":[{"href":"https:\/\/idakorea.ee\/fi\/wp-json\/wp\/v2\/types\/product"}],"replies":[{"embeddable":true,"href":"https:\/\/idakorea.ee\/fi\/wp-json\/wp\/v2\/comments?post=15896"}],"version-history":[{"count":1,"href":"https:\/\/idakorea.ee\/fi\/wp-json\/wp\/v2\/product\/15896\/revisions"}],"predecessor-version":[{"id":15901,"href":"https:\/\/idakorea.ee\/fi\/wp-json\/wp\/v2\/product\/15896\/revisions\/15901"}],"wp:featuredmedia":[{"embeddable":true,"href":"https:\/\/idakorea.ee\/fi\/wp-json\/wp\/v2\/media\/15897"}],"wp:attachment":[{"href":"https:\/\/idakorea.ee\/fi\/wp-json\/wp\/v2\/media?parent=15896"}],"wp:term":[{"taxonomy":"pwb-brand","embeddable":true,"href":"https:\/\/idakorea.ee\/fi\/wp-json\/wp\/v2\/pwb-brand?post=15896"},{"taxonomy":"product_brand","embeddable":true,"href":"https:\/\/idakorea.ee\/fi\/wp-json\/wp\/v2\/product_brand?post=15896"},{"taxonomy":"product_cat","embeddable":true,"href":"https:\/\/idakorea.ee\/fi\/wp-json\/wp\/v2\/product_cat?post=15896"},{"taxonomy":"product_tag","embeddable":true,"href":"https:\/\/idakorea.ee\/fi\/wp-json\/wp\/v2\/product_tag?post=15896"}],"curies":[{"name":"wp","href":"https:\/\/api.w.org\/{rel}","templated":true}]}}