{"id":15902,"date":"2025-09-18T11:12:35","date_gmt":"2025-09-18T08:12:35","guid":{"rendered":"https:\/\/idakorea.ee\/?post_type=product&#038;p=15902"},"modified":"2026-03-28T11:22:01","modified_gmt":"2026-03-28T09:22:01","slug":"cosrx-advanced-snail-96-mucin-power-essence","status":"publish","type":"product","link":"https:\/\/idakorea.ee\/fi\/product\/cosrx-advanced-snail-96-mucin-power-essence\/","title":{"rendered":"Eritt\u00e4in aktiivinen kasvojenhoitoaine Cosrx Advanced Snail 96 Mucin Power Essence, 100ml"},"content":{"rendered":"<p data-start=\"116\" data-end=\"238\">Eritt\u00e4in aktiivinen kasvovesi 96% etanan limauutteella tarjoaa kattavaa ihonhoitoa korkean pitoisuuden ansiosta.<\/p>\n<p data-start=\"240\" data-end=\"476\">T\u00e4m\u00e4 uute ravitsee ja pehment\u00e4\u00e4 ihoa, nopeuttaa solujen uusiutumista ja edist\u00e4\u00e4 tulehdusten paranemista. Rauhoittaa \u00e4rsytyst\u00e4, auttaa v\u00e4hent\u00e4m\u00e4\u00e4n pigmenttil\u00e4iski\u00e4 ja tasapainottaa ihon pH-tasapainoa. Silottaa ihon pintaa ja v\u00e4hent\u00e4\u00e4 hienojen ryppyjen n\u00e4kymist\u00e4.<\/p>\n<p data-start=\"478\" data-end=\"614\">S\u00e4\u00e4nn\u00f6llisesti k\u00e4ytettyn\u00e4 yhdess\u00e4 saman sarjan voiteen kanssa ihosta tulee syv\u00e4sti kosteutettu, ravittu ja terve, ja se s\u00e4teilee luonnollisen kauniisti.<\/p>\n<p data-start=\"616\" data-end=\"641\"><strong>T\u00e4rkeimm\u00e4t vaikuttavat aineosat<\/strong><\/p>\n<ul data-start=\"642\" data-end=\"1103\">\n<li data-start=\"642\" data-end=\"784\">\n<p data-start=\"644\" data-end=\"784\"><strong data-start=\"644\" data-end=\"661\">Hyaluronihappo<\/strong> \u2013 varmistaa pitk\u00e4kestoisen ja intensiivisen kosteutuksen, suojaa kuivumiselta ja ennenaikaisilta ryppyilt\u00e4, nopeuttaa solujen uusiutumista.<\/p>\n<\/li>\n<li data-start=\"785\" data-end=\"892\">\n<p data-start=\"787\" data-end=\"892\"><strong data-start=\"787\" data-end=\"800\">Pantenol<\/strong> \u2013 edist\u00e4\u00e4 ihon uudistumista, rauhoittaa punoitusta ja \u00e4rsytyst\u00e4, parantaa haavaumia.<\/p>\n<\/li>\n<li data-start=\"893\" data-end=\"989\">\n<p data-start=\"895\" data-end=\"989\"><strong data-start=\"895\" data-end=\"907\">Arginia<\/strong> \u2013 uudistaa, v\u00e4hent\u00e4\u00e4 mikrovaurioita, silottaa ryppyj\u00e4 ja tasoittaa ihon s\u00e4vy\u00e4.<\/p>\n<\/li>\n<li data-start=\"990\" data-end=\"1103\">\n<p data-start=\"992\" data-end=\"1103\"><strong data-start=\"992\" data-end=\"1006\">Allantoiin<\/strong> \u2013 kosteuttaa ja pehment\u00e4\u00e4 ihoa, v\u00e4hent\u00e4\u00e4 tulehdusta, supistaa ihohuokosia ja tasapainottaa talin erityst\u00e4.<\/p>\n<\/li>\n<\/ul>\n<p data-start=\"1105\" data-end=\"1141\">Sopii kaikille ihotyypeille.<\/p>\n<p data-start=\"1143\" data-end=\"1159\"><strong>K\u00e4ytt\u00f6<\/strong><\/p>\n<p data-start=\"1143\" data-end=\"1159\">Puhdistuksen ja kasvoveden j\u00e4lkeen levit\u00e4 pieni m\u00e4\u00e4r\u00e4 \u00f6ljy\u00e4 kasvoille ja hiero kevyesti, kunnes se on imeytynyt. Levit\u00e4 sen j\u00e4lkeen kosteusvoide.<\/p>","protected":false},"excerpt":{"rendered":"<p>Eritt\u00e4in aktiivinen kasvovesi 96% etananlimauutteella tarjoaa kokonaisvaltaista ihonhoitoa korkean pitoisuuden ansiosta. Uute ravitsee ja pehment\u00e4\u00e4 ihoa, nopeuttaa solujen uusiutumista ja edist\u00e4\u00e4 tulehdusten paranemista. Rauhoittaa \u00e4rsytyst\u00e4, auttaa v\u00e4hent\u00e4m\u00e4\u00e4n pigmenttil\u00e4iski\u00e4 ja tasoittaa ihon pH-tasapainoa. Silottaa ihon pintaa ja v\u00e4hent\u00e4\u00e4 hienojen ryppyjen n\u00e4kymist\u00e4. S\u00e4\u00e4nn\u00f6llisesti k\u00e4ytettyn\u00e4 yhdess\u00e4 saman sarjan voiteen kanssa ihosta tulee syv\u00e4sti kosteutettu, ravittu ja terve, hehkuva\u2026<\/p>","protected":false},"featured_media":15903,"comment_status":"open","ping_status":"closed","template":"","meta":{"_uf_show_specific_survey":0,"_uf_disable_surveys":false,"_bst_post_transparent":"default","_bst_post_title":"","_bst_post_layout":"default","_bst_post_sidebar_id":"","_bst_post_content_style":"default","_bst_post_vertical_padding":"default","_bst_post_feature":"","_bst_post_feature_position":"","_bst_post_header":false,"_bst_post_footer":false},"pwb-brand":[111],"product_brand":[],"product_cat":[92,97],"product_tag":[799,800],"class_list":{"0":"post-15902","1":"product","2":"type-product","3":"status-publish","4":"has-post-thumbnail","6":"pwb-brand-cosrx","7":"product_cat-nagu","8":"product_cat-naoseerumid-ja-olid","9":"product_tag-cosrx","10":"product_tag-mucin","12":"first","13":"instock","14":"sale","15":"shipping-taxable","16":"purchasable","17":"product-type-simple","18":"entry","19":"content-bg","20":"loop-entry"},"supplier_id":null,"supplier_sku":"","barcode":null,"atum_controlled":true,"out_stock_date":null,"out_stock_threshold":null,"inheritable":false,"inbound_stock":0,"stock_on_hold":0,"sold_today":0,"sales_last_days":1,"out_stock_days":0,"lost_sales":0,"has_location":false,"update_date":"2026-04-15T00:05:19","atum_locations":[],"atum_stock_status":"instock","restock_status":false,"low_stock_amount":"","sales_update_date":"2026-04-15T00:05:19","calc_backorders":null,"yoast_head":"<!-- This site is optimized with the Yoast SEO plugin v27.2 - https:\/\/yoast.com\/product\/yoast-seo-wordpress\/ -->\n<title>Cosrx Advanced Snail 96 Mucin Power Essence - Nahahooldus - IDA.KOREA<\/title>\n<meta name=\"description\" content=\"Cosrx Advanced Snail 96 Mucin Power Essence on ideaalne toode nahahoolduseks. Saavuta \u00fchtlane nahatoon ja niisutus, telli juba t\u00e4na!\" \/>\n<meta name=\"robots\" content=\"index, follow, max-snippet:-1, max-image-preview:large, max-video-preview:-1\" \/>\n<link rel=\"canonical\" href=\"https:\/\/idakorea.ee\/fi\/product\/cosrx-advanced-snail-96-mucin-power-essence\/\" \/>\n<meta property=\"og:locale\" content=\"fi_FI\" \/>\n<meta property=\"og:type\" content=\"article\" \/>\n<meta property=\"og:title\" content=\"Cosrx Advanced Snail 96 Mucin Power Essence - Nahahooldus - IDA.KOREA\" \/>\n<meta property=\"og:description\" content=\"Cosrx Advanced Snail 96 Mucin Power Essence on ideaalne toode nahahoolduseks. Saavuta \u00fchtlane nahatoon ja niisutus, telli juba t\u00e4na!\" \/>\n<meta property=\"og:url\" content=\"https:\/\/idakorea.ee\/fi\/product\/cosrx-advanced-snail-96-mucin-power-essence\/\" \/>\n<meta property=\"og:site_name\" content=\"IDA.KOREA\" \/>\n<meta property=\"article:modified_time\" content=\"2026-03-28T09:22:01+00:00\" \/>\n<meta property=\"og:image\" content=\"https:\/\/idakorea.ee\/wp-content\/uploads\/2025\/09\/cosrx-advanced-snail-96-mucin-power-essence-idakorea.jpg\" \/>\n\t<meta property=\"og:image:width\" content=\"900\" \/>\n\t<meta property=\"og:image:height\" content=\"900\" \/>\n\t<meta property=\"og:image:type\" content=\"image\/jpeg\" \/>\n<meta name=\"twitter:card\" content=\"summary_large_image\" \/>\n<meta name=\"twitter:label1\" content=\"Arvioitu lukuaika\" \/>\n\t<meta name=\"twitter:data1\" content=\"1 minuutti\" \/>\n<script type=\"application\/ld+json\" class=\"yoast-schema-graph\">{\"@context\":\"https:\/\/schema.org\",\"@graph\":[{\"@type\":\"WebPage\",\"@id\":\"https:\/\/idakorea.ee\/product\/cosrx-advanced-snail-96-mucin-power-essence\/\",\"url\":\"https:\/\/idakorea.ee\/product\/cosrx-advanced-snail-96-mucin-power-essence\/\",\"name\":\"Cosrx Advanced Snail 96 Mucin Power Essence - Nahahooldus - IDA.KOREA\",\"isPartOf\":{\"@id\":\"https:\/\/idakorea.ee\/#website\"},\"primaryImageOfPage\":{\"@id\":\"https:\/\/idakorea.ee\/product\/cosrx-advanced-snail-96-mucin-power-essence\/#primaryimage\"},\"image\":{\"@id\":\"https:\/\/idakorea.ee\/product\/cosrx-advanced-snail-96-mucin-power-essence\/#primaryimage\"},\"thumbnailUrl\":\"https:\/\/idakorea.ee\/wp-content\/uploads\/2025\/09\/cosrx-advanced-snail-96-mucin-power-essence-idakorea.jpg\",\"datePublished\":\"2025-09-18T08:12:35+00:00\",\"dateModified\":\"2026-03-28T09:22:01+00:00\",\"description\":\"Cosrx Advanced Snail 96 Mucin Power Essence on ideaalne toode nahahoolduseks. Saavuta \u00fchtlane nahatoon ja niisutus, telli juba t\u00e4na!\",\"breadcrumb\":{\"@id\":\"https:\/\/idakorea.ee\/product\/cosrx-advanced-snail-96-mucin-power-essence\/#breadcrumb\"},\"inLanguage\":\"fi\",\"potentialAction\":[{\"@type\":\"ReadAction\",\"target\":[\"https:\/\/idakorea.ee\/product\/cosrx-advanced-snail-96-mucin-power-essence\/\"]}]},{\"@type\":\"ImageObject\",\"inLanguage\":\"fi\",\"@id\":\"https:\/\/idakorea.ee\/product\/cosrx-advanced-snail-96-mucin-power-essence\/#primaryimage\",\"url\":\"https:\/\/idakorea.ee\/wp-content\/uploads\/2025\/09\/cosrx-advanced-snail-96-mucin-power-essence-idakorea.jpg\",\"contentUrl\":\"https:\/\/idakorea.ee\/wp-content\/uploads\/2025\/09\/cosrx-advanced-snail-96-mucin-power-essence-idakorea.jpg\",\"width\":900,\"height\":900},{\"@type\":\"BreadcrumbList\",\"@id\":\"https:\/\/idakorea.ee\/product\/cosrx-advanced-snail-96-mucin-power-essence\/#breadcrumb\",\"itemListElement\":[{\"@type\":\"ListItem\",\"position\":1,\"name\":\"\u0413\u043b\u0430\u0432\u043d\u0430\u044f \u0441\u0442\u0440\u0430\u043d\u0438\u0446\u0430\",\"item\":\"https:\/\/idakorea.ee\/\"},{\"@type\":\"ListItem\",\"position\":2,\"name\":\"Shop\",\"item\":\"https:\/\/idakorea.ee\/shop-2\/\"},{\"@type\":\"ListItem\",\"position\":3,\"name\":\"K\u00f5rgeaktiivne n\u00e4oessents Cosrx Advanced Snail 96 Mucin Power Essence, 100ml\"}]},{\"@type\":\"WebSite\",\"@id\":\"https:\/\/idakorea.ee\/#website\",\"url\":\"https:\/\/idakorea.ee\/\",\"name\":\"IDA.KOREA\",\"description\":\"Korea kosmeetika e-pood\",\"publisher\":{\"@id\":\"https:\/\/idakorea.ee\/#organization\"},\"alternateName\":\"Beauty Shop\",\"potentialAction\":[{\"@type\":\"SearchAction\",\"target\":{\"@type\":\"EntryPoint\",\"urlTemplate\":\"https:\/\/idakorea.ee\/?s={search_term_string}\"},\"query-input\":{\"@type\":\"PropertyValueSpecification\",\"valueRequired\":true,\"valueName\":\"search_term_string\"}}],\"inLanguage\":\"fi\"},{\"@type\":\"Organization\",\"@id\":\"https:\/\/idakorea.ee\/#organization\",\"name\":\"IDA.KOREA\",\"url\":\"https:\/\/idakorea.ee\/\",\"logo\":{\"@type\":\"ImageObject\",\"inLanguage\":\"fi\",\"@id\":\"https:\/\/idakorea.ee\/#\/schema\/logo\/image\/\",\"url\":\"https:\/\/idakorea.ee\/wp-content\/uploads\/2024\/05\/cropped-korea3.png\",\"contentUrl\":\"https:\/\/idakorea.ee\/wp-content\/uploads\/2024\/05\/cropped-korea3.png\",\"width\":688,\"height\":126,\"caption\":\"IDA.KOREA\"},\"image\":{\"@id\":\"https:\/\/idakorea.ee\/#\/schema\/logo\/image\/\"},\"sameAs\":[\"https:\/\/www.instagram.com\/ida.korea\/\"]}]}<\/script>\n<!-- \/ Yoast SEO plugin. -->","yoast_head_json":{"title":"Cosrx Advanced Snail 96 Mucin Power Essence - Ihonhoito - IDA.KOREA","description":"Cosrx Advanced Snail 96 Mucin Power Essence on t\u00e4ydellinen tuote ihonhoitoon. Saavuta tasainen ihons\u00e4vy ja kosteutus, tilaa jo t\u00e4n\u00e4\u00e4n!","robots":{"index":"index","follow":"follow","max-snippet":"max-snippet:-1","max-image-preview":"max-image-preview:large","max-video-preview":"max-video-preview:-1"},"canonical":"https:\/\/idakorea.ee\/fi\/product\/cosrx-advanced-snail-96-mucin-power-essence\/","og_locale":"fi_FI","og_type":"article","og_title":"Cosrx Advanced Snail 96 Mucin Power Essence - Nahahooldus - IDA.KOREA","og_description":"Cosrx Advanced Snail 96 Mucin Power Essence on ideaalne toode nahahoolduseks. Saavuta \u00fchtlane nahatoon ja niisutus, telli juba t\u00e4na!","og_url":"https:\/\/idakorea.ee\/fi\/product\/cosrx-advanced-snail-96-mucin-power-essence\/","og_site_name":"IDA.KOREA","article_modified_time":"2026-03-28T09:22:01+00:00","og_image":[{"width":900,"height":900,"url":"https:\/\/idakorea.ee\/wp-content\/uploads\/2025\/09\/cosrx-advanced-snail-96-mucin-power-essence-idakorea.jpg","type":"image\/jpeg"}],"twitter_card":"summary_large_image","twitter_misc":{"Arvioitu lukuaika":"1 minuutti"},"schema":{"@context":"https:\/\/schema.org","@graph":[{"@type":"WebPage","@id":"https:\/\/idakorea.ee\/product\/cosrx-advanced-snail-96-mucin-power-essence\/","url":"https:\/\/idakorea.ee\/product\/cosrx-advanced-snail-96-mucin-power-essence\/","name":"Cosrx Advanced Snail 96 Mucin Power Essence - Ihonhoito - IDA.KOREA","isPartOf":{"@id":"https:\/\/idakorea.ee\/#website"},"primaryImageOfPage":{"@id":"https:\/\/idakorea.ee\/product\/cosrx-advanced-snail-96-mucin-power-essence\/#primaryimage"},"image":{"@id":"https:\/\/idakorea.ee\/product\/cosrx-advanced-snail-96-mucin-power-essence\/#primaryimage"},"thumbnailUrl":"https:\/\/idakorea.ee\/wp-content\/uploads\/2025\/09\/cosrx-advanced-snail-96-mucin-power-essence-idakorea.jpg","datePublished":"2025-09-18T08:12:35+00:00","dateModified":"2026-03-28T09:22:01+00:00","description":"Cosrx Advanced Snail 96 Mucin Power Essence on t\u00e4ydellinen tuote ihonhoitoon. Saavuta tasainen ihons\u00e4vy ja kosteutus, tilaa jo t\u00e4n\u00e4\u00e4n!","breadcrumb":{"@id":"https:\/\/idakorea.ee\/product\/cosrx-advanced-snail-96-mucin-power-essence\/#breadcrumb"},"inLanguage":"fi","potentialAction":[{"@type":"ReadAction","target":["https:\/\/idakorea.ee\/product\/cosrx-advanced-snail-96-mucin-power-essence\/"]}]},{"@type":"ImageObject","inLanguage":"fi","@id":"https:\/\/idakorea.ee\/product\/cosrx-advanced-snail-96-mucin-power-essence\/#primaryimage","url":"https:\/\/idakorea.ee\/wp-content\/uploads\/2025\/09\/cosrx-advanced-snail-96-mucin-power-essence-idakorea.jpg","contentUrl":"https:\/\/idakorea.ee\/wp-content\/uploads\/2025\/09\/cosrx-advanced-snail-96-mucin-power-essence-idakorea.jpg","width":900,"height":900},{"@type":"BreadcrumbList","@id":"https:\/\/idakorea.ee\/product\/cosrx-advanced-snail-96-mucin-power-essence\/#breadcrumb","itemListElement":[{"@type":"ListItem","position":1,"name":"\u0413\u043b\u0430\u0432\u043d\u0430\u044f \u0441\u0442\u0440\u0430\u043d\u0438\u0446\u0430","item":"https:\/\/idakorea.ee\/"},{"@type":"ListItem","position":2,"name":"Shop","item":"https:\/\/idakorea.ee\/shop-2\/"},{"@type":"ListItem","position":3,"name":"K\u00f5rgeaktiivne n\u00e4oessents Cosrx Advanced Snail 96 Mucin Power Essence, 100ml"}]},{"@type":"WebSite","@id":"https:\/\/idakorea.ee\/#website","url":"https:\/\/idakorea.ee\/","name":"IDA.KOREA","description":"Korean kosmetiikan verkkokauppa","publisher":{"@id":"https:\/\/idakorea.ee\/#organization"},"alternateName":"Beauty Shop","potentialAction":[{"@type":"SearchAction","target":{"@type":"EntryPoint","urlTemplate":"https:\/\/idakorea.ee\/?s={search_term_string}"},"query-input":{"@type":"PropertyValueSpecification","valueRequired":true,"valueName":"search_term_string"}}],"inLanguage":"fi"},{"@type":"Organization","@id":"https:\/\/idakorea.ee\/#organization","name":"IDA.KOREA","url":"https:\/\/idakorea.ee\/","logo":{"@type":"ImageObject","inLanguage":"fi","@id":"https:\/\/idakorea.ee\/#\/schema\/logo\/image\/","url":"https:\/\/idakorea.ee\/wp-content\/uploads\/2024\/05\/cropped-korea3.png","contentUrl":"https:\/\/idakorea.ee\/wp-content\/uploads\/2024\/05\/cropped-korea3.png","width":688,"height":126,"caption":"IDA.KOREA"},"image":{"@id":"https:\/\/idakorea.ee\/#\/schema\/logo\/image\/"},"sameAs":["https:\/\/www.instagram.com\/ida.korea\/"]}]}},"jetpack_sharing_enabled":true,"brands":[{"id":111,"name":"COSRX","slug":"cosrx"}],"_links":{"self":[{"href":"https:\/\/idakorea.ee\/fi\/wp-json\/wp\/v2\/product\/15902","targetHints":{"allow":["GET"]}}],"collection":[{"href":"https:\/\/idakorea.ee\/fi\/wp-json\/wp\/v2\/product"}],"about":[{"href":"https:\/\/idakorea.ee\/fi\/wp-json\/wp\/v2\/types\/product"}],"replies":[{"embeddable":true,"href":"https:\/\/idakorea.ee\/fi\/wp-json\/wp\/v2\/comments?post=15902"}],"version-history":[{"count":3,"href":"https:\/\/idakorea.ee\/fi\/wp-json\/wp\/v2\/product\/15902\/revisions"}],"predecessor-version":[{"id":17467,"href":"https:\/\/idakorea.ee\/fi\/wp-json\/wp\/v2\/product\/15902\/revisions\/17467"}],"wp:featuredmedia":[{"embeddable":true,"href":"https:\/\/idakorea.ee\/fi\/wp-json\/wp\/v2\/media\/15903"}],"wp:attachment":[{"href":"https:\/\/idakorea.ee\/fi\/wp-json\/wp\/v2\/media?parent=15902"}],"wp:term":[{"taxonomy":"pwb-brand","embeddable":true,"href":"https:\/\/idakorea.ee\/fi\/wp-json\/wp\/v2\/pwb-brand?post=15902"},{"taxonomy":"product_brand","embeddable":true,"href":"https:\/\/idakorea.ee\/fi\/wp-json\/wp\/v2\/product_brand?post=15902"},{"taxonomy":"product_cat","embeddable":true,"href":"https:\/\/idakorea.ee\/fi\/wp-json\/wp\/v2\/product_cat?post=15902"},{"taxonomy":"product_tag","embeddable":true,"href":"https:\/\/idakorea.ee\/fi\/wp-json\/wp\/v2\/product_tag?post=15902"}],"curies":[{"name":"wp","href":"https:\/\/api.w.org\/{rel}","templated":true}]}}