{"id":15913,"date":"2025-09-18T14:04:20","date_gmt":"2025-09-18T11:04:20","guid":{"rendered":"https:\/\/idakorea.ee\/?post_type=product&#038;p=15913"},"modified":"2026-04-14T00:24:07","modified_gmt":"2026-04-13T22:24:07","slug":"cosrx-acne-pimple-master-patch","status":"publish","type":"product","link":"https:\/\/idakorea.ee\/fi\/product\/cosrx-acne-pimple-master-patch\/","title":{"rendered":"Finnilaastarit Cosrx Acne Pimple Master Patch, 24 kpl"},"content":{"rendered":"<p data-start=\"90\" data-end=\"214\"><strong data-start=\"90\" data-end=\"117\">Cosrx Acne Pimple Master Patch <\/strong>Finnilaastarit ovat erikokoisia hydrokolloidilaikkuja, jotka tukevat ihon tarkkaa ja nopeaa paranemista.<\/p>\n<p data-start=\"216\" data-end=\"468\">Laastarit auttavat v\u00e4hent\u00e4m\u00e4\u00e4n tulehdusta ja nopeuttamaan komedonien kypsymist\u00e4. Vaikuttamalla erityisesti aknealueelle ne v\u00e4hent\u00e4v\u00e4t punoitusta, suojaavat lialta ja bakteereilta ja nopeuttavat haavan paranemista est\u00e4en j\u00e4lkiaknen muodostumisen.<\/p>\n<p data-start=\"470\" data-end=\"486\"><strong>K\u00e4ytt\u00f6<\/strong><\/p>\n<p data-start=\"487\" data-end=\"612\">Valitse sopivan kokoinen laastari ja aseta se suoraan finniin. Anna vaikuttaa iholla 8\u201312 tuntia. Sopii k\u00e4ytett\u00e4v\u00e4ksi sek\u00e4 p\u00e4iv\u00e4ll\u00e4 ett\u00e4 y\u00f6ll\u00e4.<\/p>","protected":false},"excerpt":{"rendered":"<p>Cosrx Acne Pimple Master Patch -finnilaastarit ovat erikokoisia hydrokolloidi-laastareita ihon tarkkaan ja nopeaan paranemiseen. Laastarit auttavat v\u00e4hent\u00e4m\u00e4\u00e4n tulehdusta ja nopeuttamaan komedonien kypsymist\u00e4. Vaikuttamalla erityisesti aknealueelle ne v\u00e4hent\u00e4v\u00e4t punoitusta, suojaavat lialta ja bakteereilta ja nopeuttavat haavan paranemista est\u00e4en j\u00e4lkiaknen muodostumisen. K\u00e4ytt\u00f6 Valitse sopivan kokoinen laastari ja aseta se suoraan finnin p\u00e4\u00e4lle. J\u00e4t\u00e4\u2026<\/p>","protected":false},"featured_media":15914,"comment_status":"open","ping_status":"closed","template":"","meta":{"_uf_show_specific_survey":0,"_uf_disable_surveys":false,"_bst_post_transparent":"default","_bst_post_title":"","_bst_post_layout":"default","_bst_post_sidebar_id":"","_bst_post_content_style":"default","_bst_post_vertical_padding":"default","_bst_post_feature":"","_bst_post_feature_position":"","_bst_post_header":false,"_bst_post_footer":false},"pwb-brand":[111],"product_brand":[],"product_cat":[1122,92],"product_tag":[847,799,990],"class_list":{"0":"post-15913","1":"product","2":"type-product","3":"status-publish","4":"has-post-thumbnail","6":"pwb-brand-cosrx","7":"product_cat-lokaalne-hooldus","8":"product_cat-nagu","9":"product_tag-acne","10":"product_tag-cosrx","11":"product_tag-pryshh","13":"first","14":"instock","15":"sale","16":"shipping-taxable","17":"purchasable","18":"product-type-simple","19":"entry","20":"content-bg","21":"loop-entry"},"supplier_id":null,"supplier_sku":"","barcode":null,"atum_controlled":true,"out_stock_date":null,"out_stock_threshold":null,"inheritable":false,"inbound_stock":0,"stock_on_hold":0,"sold_today":0,"sales_last_days":3,"out_stock_days":0,"lost_sales":0,"has_location":false,"update_date":"2026-04-13T22:24:08","atum_locations":[],"atum_stock_status":"instock","restock_status":false,"low_stock_amount":"","sales_update_date":"2026-02-22T11:58:02","calc_backorders":null,"yoast_head":"<!-- This site is optimized with the Yoast SEO plugin v27.2 - https:\/\/yoast.com\/product\/yoast-seo-wordpress\/ -->\n<title>Cosrx Acne Pimple Master Patch - IDA.KOREA<\/title>\n<meta name=\"description\" content=\"Kiire ja t\u00f5hus l\u00e4henemine aknele! Cosrx Acne Pimple Master Patch v\u00e4hendab punetust ning kiirendab naha paranemist. Proovi kohe!\" \/>\n<meta name=\"robots\" content=\"index, follow, max-snippet:-1, max-image-preview:large, max-video-preview:-1\" \/>\n<link rel=\"canonical\" href=\"https:\/\/idakorea.ee\/fi\/product\/cosrx-acne-pimple-master-patch\/\" \/>\n<meta property=\"og:locale\" content=\"fi_FI\" \/>\n<meta property=\"og:type\" content=\"article\" \/>\n<meta property=\"og:title\" content=\"Cosrx Acne Pimple Master Patch - IDA.KOREA\" \/>\n<meta property=\"og:description\" content=\"Kiire ja t\u00f5hus l\u00e4henemine aknele! Cosrx Acne Pimple Master Patch v\u00e4hendab punetust ning kiirendab naha paranemist. Proovi kohe!\" \/>\n<meta property=\"og:url\" content=\"https:\/\/idakorea.ee\/fi\/product\/cosrx-acne-pimple-master-patch\/\" \/>\n<meta property=\"og:site_name\" content=\"IDA.KOREA\" \/>\n<meta property=\"article:modified_time\" content=\"2026-04-13T22:24:07+00:00\" \/>\n<meta property=\"og:image\" content=\"https:\/\/idakorea.ee\/wp-content\/uploads\/2025\/09\/cosrx-acne-pimple-master-patch-idakorea.jpg\" \/>\n\t<meta property=\"og:image:width\" content=\"1000\" \/>\n\t<meta property=\"og:image:height\" content=\"1000\" \/>\n\t<meta property=\"og:image:type\" content=\"image\/jpeg\" \/>\n<meta name=\"twitter:card\" content=\"summary_large_image\" \/>\n<meta name=\"twitter:label1\" content=\"Arvioitu lukuaika\" \/>\n\t<meta name=\"twitter:data1\" content=\"1 minuutti\" \/>\n<script type=\"application\/ld+json\" class=\"yoast-schema-graph\">{\"@context\":\"https:\/\/schema.org\",\"@graph\":[{\"@type\":\"WebPage\",\"@id\":\"https:\/\/idakorea.ee\/product\/cosrx-acne-pimple-master-patch\/\",\"url\":\"https:\/\/idakorea.ee\/product\/cosrx-acne-pimple-master-patch\/\",\"name\":\"Cosrx Acne Pimple Master Patch - IDA.KOREA\",\"isPartOf\":{\"@id\":\"https:\/\/idakorea.ee\/#website\"},\"primaryImageOfPage\":{\"@id\":\"https:\/\/idakorea.ee\/product\/cosrx-acne-pimple-master-patch\/#primaryimage\"},\"image\":{\"@id\":\"https:\/\/idakorea.ee\/product\/cosrx-acne-pimple-master-patch\/#primaryimage\"},\"thumbnailUrl\":\"https:\/\/idakorea.ee\/wp-content\/uploads\/2025\/09\/cosrx-acne-pimple-master-patch-idakorea.jpg\",\"datePublished\":\"2025-09-18T11:04:20+00:00\",\"dateModified\":\"2026-04-13T22:24:07+00:00\",\"description\":\"Kiire ja t\u00f5hus l\u00e4henemine aknele! Cosrx Acne Pimple Master Patch v\u00e4hendab punetust ning kiirendab naha paranemist. Proovi kohe!\",\"breadcrumb\":{\"@id\":\"https:\/\/idakorea.ee\/product\/cosrx-acne-pimple-master-patch\/#breadcrumb\"},\"inLanguage\":\"fi\",\"potentialAction\":[{\"@type\":\"ReadAction\",\"target\":[\"https:\/\/idakorea.ee\/product\/cosrx-acne-pimple-master-patch\/\"]}]},{\"@type\":\"ImageObject\",\"inLanguage\":\"fi\",\"@id\":\"https:\/\/idakorea.ee\/product\/cosrx-acne-pimple-master-patch\/#primaryimage\",\"url\":\"https:\/\/idakorea.ee\/wp-content\/uploads\/2025\/09\/cosrx-acne-pimple-master-patch-idakorea.jpg\",\"contentUrl\":\"https:\/\/idakorea.ee\/wp-content\/uploads\/2025\/09\/cosrx-acne-pimple-master-patch-idakorea.jpg\",\"width\":1000,\"height\":1000},{\"@type\":\"BreadcrumbList\",\"@id\":\"https:\/\/idakorea.ee\/product\/cosrx-acne-pimple-master-patch\/#breadcrumb\",\"itemListElement\":[{\"@type\":\"ListItem\",\"position\":1,\"name\":\"\u0413\u043b\u0430\u0432\u043d\u0430\u044f \u0441\u0442\u0440\u0430\u043d\u0438\u0446\u0430\",\"item\":\"https:\/\/idakorea.ee\/\"},{\"@type\":\"ListItem\",\"position\":2,\"name\":\"Shop\",\"item\":\"https:\/\/idakorea.ee\/shop-2\/\"},{\"@type\":\"ListItem\",\"position\":3,\"name\":\"Vistrikuplaastrid Cosrx Acne Pimple Master Patch, 24tk\"}]},{\"@type\":\"WebSite\",\"@id\":\"https:\/\/idakorea.ee\/#website\",\"url\":\"https:\/\/idakorea.ee\/\",\"name\":\"IDA.KOREA\",\"description\":\"Korea kosmeetika e-pood\",\"publisher\":{\"@id\":\"https:\/\/idakorea.ee\/#organization\"},\"alternateName\":\"Beauty Shop\",\"potentialAction\":[{\"@type\":\"SearchAction\",\"target\":{\"@type\":\"EntryPoint\",\"urlTemplate\":\"https:\/\/idakorea.ee\/?s={search_term_string}\"},\"query-input\":{\"@type\":\"PropertyValueSpecification\",\"valueRequired\":true,\"valueName\":\"search_term_string\"}}],\"inLanguage\":\"fi\"},{\"@type\":\"Organization\",\"@id\":\"https:\/\/idakorea.ee\/#organization\",\"name\":\"IDA.KOREA\",\"url\":\"https:\/\/idakorea.ee\/\",\"logo\":{\"@type\":\"ImageObject\",\"inLanguage\":\"fi\",\"@id\":\"https:\/\/idakorea.ee\/#\/schema\/logo\/image\/\",\"url\":\"https:\/\/idakorea.ee\/wp-content\/uploads\/2024\/05\/cropped-korea3.png\",\"contentUrl\":\"https:\/\/idakorea.ee\/wp-content\/uploads\/2024\/05\/cropped-korea3.png\",\"width\":688,\"height\":126,\"caption\":\"IDA.KOREA\"},\"image\":{\"@id\":\"https:\/\/idakorea.ee\/#\/schema\/logo\/image\/\"},\"sameAs\":[\"https:\/\/www.instagram.com\/ida.korea\/\"]}]}<\/script>\n<!-- \/ Yoast SEO plugin. -->","yoast_head_json":{"title":"Cosrx Acne Pimple Master -laastari - EAST.KOREA","description":"Nopea ja tehokas l\u00e4hestymistapa akneen! Cosrx Acne Pimple Master Patch v\u00e4hent\u00e4\u00e4 punoitusta ja nopeuttaa ihon paranemista. Kokeile nyt!","robots":{"index":"index","follow":"follow","max-snippet":"max-snippet:-1","max-image-preview":"max-image-preview:large","max-video-preview":"max-video-preview:-1"},"canonical":"https:\/\/idakorea.ee\/fi\/product\/cosrx-acne-pimple-master-patch\/","og_locale":"fi_FI","og_type":"article","og_title":"Cosrx Acne Pimple Master Patch - IDA.KOREA","og_description":"Kiire ja t\u00f5hus l\u00e4henemine aknele! Cosrx Acne Pimple Master Patch v\u00e4hendab punetust ning kiirendab naha paranemist. Proovi kohe!","og_url":"https:\/\/idakorea.ee\/fi\/product\/cosrx-acne-pimple-master-patch\/","og_site_name":"IDA.KOREA","article_modified_time":"2026-04-13T22:24:07+00:00","og_image":[{"width":1000,"height":1000,"url":"https:\/\/idakorea.ee\/wp-content\/uploads\/2025\/09\/cosrx-acne-pimple-master-patch-idakorea.jpg","type":"image\/jpeg"}],"twitter_card":"summary_large_image","twitter_misc":{"Arvioitu lukuaika":"1 minuutti"},"schema":{"@context":"https:\/\/schema.org","@graph":[{"@type":"WebPage","@id":"https:\/\/idakorea.ee\/product\/cosrx-acne-pimple-master-patch\/","url":"https:\/\/idakorea.ee\/product\/cosrx-acne-pimple-master-patch\/","name":"Cosrx Acne Pimple Master -laastari - EAST.KOREA","isPartOf":{"@id":"https:\/\/idakorea.ee\/#website"},"primaryImageOfPage":{"@id":"https:\/\/idakorea.ee\/product\/cosrx-acne-pimple-master-patch\/#primaryimage"},"image":{"@id":"https:\/\/idakorea.ee\/product\/cosrx-acne-pimple-master-patch\/#primaryimage"},"thumbnailUrl":"https:\/\/idakorea.ee\/wp-content\/uploads\/2025\/09\/cosrx-acne-pimple-master-patch-idakorea.jpg","datePublished":"2025-09-18T11:04:20+00:00","dateModified":"2026-04-13T22:24:07+00:00","description":"Nopea ja tehokas l\u00e4hestymistapa akneen! Cosrx Acne Pimple Master Patch v\u00e4hent\u00e4\u00e4 punoitusta ja nopeuttaa ihon paranemista. Kokeile nyt!","breadcrumb":{"@id":"https:\/\/idakorea.ee\/product\/cosrx-acne-pimple-master-patch\/#breadcrumb"},"inLanguage":"fi","potentialAction":[{"@type":"ReadAction","target":["https:\/\/idakorea.ee\/product\/cosrx-acne-pimple-master-patch\/"]}]},{"@type":"ImageObject","inLanguage":"fi","@id":"https:\/\/idakorea.ee\/product\/cosrx-acne-pimple-master-patch\/#primaryimage","url":"https:\/\/idakorea.ee\/wp-content\/uploads\/2025\/09\/cosrx-acne-pimple-master-patch-idakorea.jpg","contentUrl":"https:\/\/idakorea.ee\/wp-content\/uploads\/2025\/09\/cosrx-acne-pimple-master-patch-idakorea.jpg","width":1000,"height":1000},{"@type":"BreadcrumbList","@id":"https:\/\/idakorea.ee\/product\/cosrx-acne-pimple-master-patch\/#breadcrumb","itemListElement":[{"@type":"ListItem","position":1,"name":"\u0413\u043b\u0430\u0432\u043d\u0430\u044f \u0441\u0442\u0440\u0430\u043d\u0438\u0446\u0430","item":"https:\/\/idakorea.ee\/"},{"@type":"ListItem","position":2,"name":"Shop","item":"https:\/\/idakorea.ee\/shop-2\/"},{"@type":"ListItem","position":3,"name":"Vistrikuplaastrid Cosrx Acne Pimple Master Patch, 24tk"}]},{"@type":"WebSite","@id":"https:\/\/idakorea.ee\/#website","url":"https:\/\/idakorea.ee\/","name":"IDA.KOREA","description":"Korean kosmetiikan verkkokauppa","publisher":{"@id":"https:\/\/idakorea.ee\/#organization"},"alternateName":"Beauty Shop","potentialAction":[{"@type":"SearchAction","target":{"@type":"EntryPoint","urlTemplate":"https:\/\/idakorea.ee\/?s={search_term_string}"},"query-input":{"@type":"PropertyValueSpecification","valueRequired":true,"valueName":"search_term_string"}}],"inLanguage":"fi"},{"@type":"Organization","@id":"https:\/\/idakorea.ee\/#organization","name":"IDA.KOREA","url":"https:\/\/idakorea.ee\/","logo":{"@type":"ImageObject","inLanguage":"fi","@id":"https:\/\/idakorea.ee\/#\/schema\/logo\/image\/","url":"https:\/\/idakorea.ee\/wp-content\/uploads\/2024\/05\/cropped-korea3.png","contentUrl":"https:\/\/idakorea.ee\/wp-content\/uploads\/2024\/05\/cropped-korea3.png","width":688,"height":126,"caption":"IDA.KOREA"},"image":{"@id":"https:\/\/idakorea.ee\/#\/schema\/logo\/image\/"},"sameAs":["https:\/\/www.instagram.com\/ida.korea\/"]}]}},"jetpack_sharing_enabled":true,"brands":[{"id":111,"name":"COSRX","slug":"cosrx"}],"_links":{"self":[{"href":"https:\/\/idakorea.ee\/fi\/wp-json\/wp\/v2\/product\/15913","targetHints":{"allow":["GET"]}}],"collection":[{"href":"https:\/\/idakorea.ee\/fi\/wp-json\/wp\/v2\/product"}],"about":[{"href":"https:\/\/idakorea.ee\/fi\/wp-json\/wp\/v2\/types\/product"}],"replies":[{"embeddable":true,"href":"https:\/\/idakorea.ee\/fi\/wp-json\/wp\/v2\/comments?post=15913"}],"version-history":[{"count":1,"href":"https:\/\/idakorea.ee\/fi\/wp-json\/wp\/v2\/product\/15913\/revisions"}],"predecessor-version":[{"id":15917,"href":"https:\/\/idakorea.ee\/fi\/wp-json\/wp\/v2\/product\/15913\/revisions\/15917"}],"wp:featuredmedia":[{"embeddable":true,"href":"https:\/\/idakorea.ee\/fi\/wp-json\/wp\/v2\/media\/15914"}],"wp:attachment":[{"href":"https:\/\/idakorea.ee\/fi\/wp-json\/wp\/v2\/media?parent=15913"}],"wp:term":[{"taxonomy":"pwb-brand","embeddable":true,"href":"https:\/\/idakorea.ee\/fi\/wp-json\/wp\/v2\/pwb-brand?post=15913"},{"taxonomy":"product_brand","embeddable":true,"href":"https:\/\/idakorea.ee\/fi\/wp-json\/wp\/v2\/product_brand?post=15913"},{"taxonomy":"product_cat","embeddable":true,"href":"https:\/\/idakorea.ee\/fi\/wp-json\/wp\/v2\/product_cat?post=15913"},{"taxonomy":"product_tag","embeddable":true,"href":"https:\/\/idakorea.ee\/fi\/wp-json\/wp\/v2\/product_tag?post=15913"}],"curies":[{"name":"wp","href":"https:\/\/api.w.org\/{rel}","templated":true}]}}