{"id":15943,"date":"2025-09-23T11:17:20","date_gmt":"2025-09-23T08:17:20","guid":{"rendered":"https:\/\/idakorea.ee\/?post_type=product&#038;p=15943"},"modified":"2026-03-28T11:22:01","modified_gmt":"2026-03-28T09:22:01","slug":"koorivad-padjakesed-bha-happega-celimax-ji-woo-gae-heartleaf-bha-peeling-pad-60tk","status":"publish","type":"product","link":"https:\/\/idakorea.ee\/fi\/product\/koorivad-padjakesed-bha-happega-celimax-ji-woo-gae-heartleaf-bha-peeling-pad-60tk\/","title":{"rendered":"Kuorintatyynyt BHA-hapolla Celimax Ji Woo Gae Heartleaf BHA -kuorintatyyny, 60 kpl"},"content":{"rendered":"<p data-start=\"104\" data-end=\"289\"><strong data-start=\"104\" data-end=\"155\">Celimax Ji Woo Gae Heartleaf BHA<\/strong> Kuorintatyynyt puhdistavat ihon syv\u00e4lt\u00e4, poistavat ylim\u00e4\u00e4r\u00e4ist\u00e4 talia ja kiiltoa, auttavat torjumaan tulehdusta ja mustap\u00e4it\u00e4, virkist\u00e4v\u00e4t ja kiinteytt\u00e4v\u00e4t.<\/p>\n<p data-start=\"291\" data-end=\"505\">Lapujen kuorintavaikutus on hell\u00e4varainen aiheuttamatta \u00e4rsytyst\u00e4, kuivuutta tai kirvely\u00e4. Niill\u00e4 on rauhoittava ja tulehdusta ehk\u00e4isev\u00e4 vaikutus, ja ne tasoittavat ihon mikroreliefi\u00e4. Koostumus vastaa <strong data-start=\"471\" data-end=\"484\">EWG Green<\/strong> turvallisuusstandardin mukaisesti.<\/p>\n<p data-start=\"507\" data-end=\"628\">Fyysinen kuorinta vanulappulla stimuloi mikroverenkiertoa, mik\u00e4 parantaa ihon s\u00e4vy\u00e4 ja tasoittaa sen ulkon\u00e4k\u00f6\u00e4.<\/p>\n<p data-start=\"630\" data-end=\"655\"><strong>T\u00e4rkeimm\u00e4t vaikuttavat aineosat<\/strong><\/p>\n<ul data-start=\"656\" data-end=\"1532\">\n<li data-start=\"656\" data-end=\"837\">\n<p data-start=\"658\" data-end=\"837\"><strong data-start=\"658\" data-end=\"681\">Salisyylihappo (BHA)<\/strong> \u2013 rasvaliukoinen happo, joka toimii ihohuokosten sis\u00e4ll\u00e4: puhdistaa, kirkastaa talia, est\u00e4\u00e4 komedonien muodostumista, v\u00e4hent\u00e4\u00e4 T-alueen kiiltoa ja s\u00e4\u00e4telee talin erityst\u00e4.<\/p>\n<\/li>\n<li data-start=\"838\" data-end=\"1023\">\n<p data-start=\"840\" data-end=\"1023\"><strong data-start=\"840\" data-end=\"863\">Orapihlajauute<\/strong> \u2013 yrttikomponentti, joka pehment\u00e4\u00e4 ja rauhoittaa, nopeuttaa paranemista, v\u00e4hent\u00e4\u00e4 \u00e4rsytyst\u00e4 ja punoitusta, torjuu tulehdusta ja v\u00e4hent\u00e4\u00e4 ihon herkkyytt\u00e4.<\/p>\n<\/li>\n<li data-start=\"1024\" data-end=\"1133\">\n<p data-start=\"1026\" data-end=\"1133\"><strong data-start=\"1026\" data-end=\"1052\">Vihre\u00e4n teen hydrolaatti<\/strong> \u2013 virkist\u00e4\u00e4, kiinteytt\u00e4\u00e4, kosteuttaa ja suojaa soluja oksidatiiviselta stressilt\u00e4.<\/p>\n<\/li>\n<li data-start=\"1134\" data-end=\"1247\">\n<p data-start=\"1136\" data-end=\"1247\"><strong data-start=\"1136\" data-end=\"1149\">Teepuu\u00f6ljy<\/strong> \u2013 tulehdusta ja antiseptist\u00e4 vaikutusta, auttaa aknen hoidossa ja s\u00e4\u00e4telee talirauhasten toimintaa.<\/p>\n<\/li>\n<li data-start=\"1248\" data-end=\"1362\">\n<p data-start=\"1250\" data-end=\"1362\"><strong data-start=\"1250\" data-end=\"1273\">Natriumhyaluronaatti<\/strong> \u2013 pienimolekyylinen hyaluronihappo, joka kosteuttaa syv\u00e4sti ja sitoo kosteutta ihoon.<\/p>\n<\/li>\n<li data-start=\"1363\" data-end=\"1532\">\n<p data-start=\"1365\" data-end=\"1532\"><strong data-start=\"1365\" data-end=\"1397\">4 centella asiatica -johdannainen<\/strong> \u2013 lievitt\u00e4\u00e4 punoitusta, rauhoittaa, vahvistaa hiussuonia, v\u00e4hent\u00e4\u00e4 hiussuoniverkoston n\u00e4kyvyytt\u00e4 ja auttaa torjumaan couperosaa.<\/p>\n<\/li>\n<\/ul>\n<p data-start=\"1534\" data-end=\"1570\">Sopii kaikille ihotyypeille.<\/p>\n<p data-start=\"1572\" data-end=\"1588\"><strong>K\u00e4ytt\u00f6<\/strong><\/p>\n<p data-start=\"1589\" data-end=\"1747\">Puhdista kasvosi tyynyn sile\u00e4mm\u00e4ll\u00e4 puolella ja kuori sitten hell\u00e4varaisesti toisella, karheammalla puolella. Taputtele j\u00e4ljelle j\u00e4\u00e4nyt uute ihoosi, kunnes se on imeytynyt.<\/p>","protected":false},"excerpt":{"rendered":"<p>Celimax Ji Woo Gae Heartleaf BHA -kuorintalaput puhdistavat ihoa syv\u00e4lt\u00e4, poistavat ylim\u00e4\u00e4r\u00e4ist\u00e4 talia ja kiiltoa, auttavat torjumaan tulehdusta ja mustap\u00e4it\u00e4, virkist\u00e4v\u00e4t ja kiinteytt\u00e4v\u00e4t. Lapuja k\u00e4ytet\u00e4\u00e4n kuorimaan ihoa hell\u00e4varaisesti aiheuttamatta \u00e4rsytyst\u00e4, kuivuutta tai kirvely\u00e4. Niill\u00e4 on rauhoittava ja tulehdusta ehk\u00e4isev\u00e4 vaikutus, ja ne tasoittavat ihon mikroreliefi\u00e4. Koostumus t\u00e4ytt\u00e4\u00e4 EWG Green -turvallisuusstandardin. Lapulla teht\u00e4v\u00e4 fyysinen kuorinta stimuloi mikroverenkiertoa,\u2026<\/p>","protected":false},"featured_media":15944,"comment_status":"open","ping_status":"closed","template":"","meta":{"_uf_show_specific_survey":0,"_uf_disable_surveys":false,"_bst_post_transparent":"default","_bst_post_title":"","_bst_post_layout":"default","_bst_post_sidebar_id":"","_bst_post_content_style":"default","_bst_post_vertical_padding":"default","_bst_post_feature":"","_bst_post_feature_position":"","_bst_post_header":false,"_bst_post_footer":false},"pwb-brand":[885],"product_brand":[],"product_cat":[92,158],"product_tag":[984,886],"class_list":{"0":"post-15943","1":"product","2":"type-product","3":"status-publish","4":"has-post-thumbnail","6":"pwb-brand-celimax","7":"product_cat-nagu","8":"product_cat-toonik","9":"product_tag-bha","10":"product_tag-celimax","12":"first","13":"instock","14":"sale","15":"shipping-taxable","16":"purchasable","17":"product-type-simple","18":"entry","19":"content-bg","20":"loop-entry"},"supplier_id":null,"supplier_sku":"","barcode":null,"atum_controlled":true,"out_stock_date":null,"out_stock_threshold":null,"inheritable":false,"inbound_stock":0,"stock_on_hold":0,"sold_today":0,"sales_last_days":1,"out_stock_days":0,"lost_sales":0,"has_location":false,"update_date":"2026-04-15T00:05:18","atum_locations":[],"atum_stock_status":"instock","restock_status":false,"low_stock_amount":"","sales_update_date":"2026-04-15T00:05:18","calc_backorders":null,"yoast_head":"<!-- This site is optimized with the Yoast SEO plugin v27.2 - https:\/\/yoast.com\/product\/yoast-seo-wordpress\/ -->\n<title>Celimax Ji Woo Gae Heartleaf BHA Peeling Pad - IDA.KOREA<\/title>\n<meta name=\"description\" content=\"Celimax BHA Peeling Pad - koorimispadjakesed eemaldavad liigse rasu ja mustpead \u00f5rnalt. Telli n\u00fc\u00fcd, et tunda naha v\u00e4rskendavat tervendust! Kiire tarne!\" \/>\n<meta name=\"robots\" content=\"index, follow, max-snippet:-1, max-image-preview:large, max-video-preview:-1\" \/>\n<link rel=\"canonical\" href=\"https:\/\/idakorea.ee\/fi\/product\/koorivad-padjakesed-bha-happega-celimax-ji-woo-gae-heartleaf-bha-peeling-pad-60tk\/\" \/>\n<meta property=\"og:locale\" content=\"fi_FI\" \/>\n<meta property=\"og:type\" content=\"article\" \/>\n<meta property=\"og:title\" content=\"Celimax Ji Woo Gae Heartleaf BHA Peeling Pad - IDA.KOREA\" \/>\n<meta property=\"og:description\" content=\"Celimax BHA Peeling Pad - koorimispadjakesed eemaldavad liigse rasu ja mustpead \u00f5rnalt. Telli n\u00fc\u00fcd, et tunda naha v\u00e4rskendavat tervendust! Kiire tarne!\" \/>\n<meta property=\"og:url\" content=\"https:\/\/idakorea.ee\/fi\/product\/koorivad-padjakesed-bha-happega-celimax-ji-woo-gae-heartleaf-bha-peeling-pad-60tk\/\" \/>\n<meta property=\"og:site_name\" content=\"IDA.KOREA\" \/>\n<meta property=\"article:modified_time\" content=\"2026-03-28T09:22:01+00:00\" \/>\n<meta property=\"og:image\" content=\"https:\/\/idakorea.ee\/wp-content\/uploads\/2025\/09\/celimax-ji-woo-gae-heartleaf-bha-peelind-pad-idakorea.jpg\" \/>\n\t<meta property=\"og:image:width\" content=\"1000\" \/>\n\t<meta property=\"og:image:height\" content=\"1000\" \/>\n\t<meta property=\"og:image:type\" content=\"image\/jpeg\" \/>\n<meta name=\"twitter:card\" content=\"summary_large_image\" \/>\n<meta name=\"twitter:label1\" content=\"Arvioitu lukuaika\" \/>\n\t<meta name=\"twitter:data1\" content=\"2 minuuttia\" \/>\n<script type=\"application\/ld+json\" class=\"yoast-schema-graph\">{\"@context\":\"https:\/\/schema.org\",\"@graph\":[{\"@type\":\"WebPage\",\"@id\":\"https:\/\/idakorea.ee\/product\/koorivad-padjakesed-bha-happega-celimax-ji-woo-gae-heartleaf-bha-peeling-pad-60tk\/\",\"url\":\"https:\/\/idakorea.ee\/product\/koorivad-padjakesed-bha-happega-celimax-ji-woo-gae-heartleaf-bha-peeling-pad-60tk\/\",\"name\":\"Celimax Ji Woo Gae Heartleaf BHA Peeling Pad - IDA.KOREA\",\"isPartOf\":{\"@id\":\"https:\/\/idakorea.ee\/#website\"},\"primaryImageOfPage\":{\"@id\":\"https:\/\/idakorea.ee\/product\/koorivad-padjakesed-bha-happega-celimax-ji-woo-gae-heartleaf-bha-peeling-pad-60tk\/#primaryimage\"},\"image\":{\"@id\":\"https:\/\/idakorea.ee\/product\/koorivad-padjakesed-bha-happega-celimax-ji-woo-gae-heartleaf-bha-peeling-pad-60tk\/#primaryimage\"},\"thumbnailUrl\":\"https:\/\/idakorea.ee\/wp-content\/uploads\/2025\/09\/celimax-ji-woo-gae-heartleaf-bha-peelind-pad-idakorea.jpg\",\"datePublished\":\"2025-09-23T08:17:20+00:00\",\"dateModified\":\"2026-03-28T09:22:01+00:00\",\"description\":\"Celimax BHA Peeling Pad - koorimispadjakesed eemaldavad liigse rasu ja mustpead \u00f5rnalt. Telli n\u00fc\u00fcd, et tunda naha v\u00e4rskendavat tervendust! Kiire tarne!\",\"breadcrumb\":{\"@id\":\"https:\/\/idakorea.ee\/product\/koorivad-padjakesed-bha-happega-celimax-ji-woo-gae-heartleaf-bha-peeling-pad-60tk\/#breadcrumb\"},\"inLanguage\":\"fi\",\"potentialAction\":[{\"@type\":\"ReadAction\",\"target\":[\"https:\/\/idakorea.ee\/product\/koorivad-padjakesed-bha-happega-celimax-ji-woo-gae-heartleaf-bha-peeling-pad-60tk\/\"]}]},{\"@type\":\"ImageObject\",\"inLanguage\":\"fi\",\"@id\":\"https:\/\/idakorea.ee\/product\/koorivad-padjakesed-bha-happega-celimax-ji-woo-gae-heartleaf-bha-peeling-pad-60tk\/#primaryimage\",\"url\":\"https:\/\/idakorea.ee\/wp-content\/uploads\/2025\/09\/celimax-ji-woo-gae-heartleaf-bha-peelind-pad-idakorea.jpg\",\"contentUrl\":\"https:\/\/idakorea.ee\/wp-content\/uploads\/2025\/09\/celimax-ji-woo-gae-heartleaf-bha-peelind-pad-idakorea.jpg\",\"width\":1000,\"height\":1000},{\"@type\":\"BreadcrumbList\",\"@id\":\"https:\/\/idakorea.ee\/product\/koorivad-padjakesed-bha-happega-celimax-ji-woo-gae-heartleaf-bha-peeling-pad-60tk\/#breadcrumb\",\"itemListElement\":[{\"@type\":\"ListItem\",\"position\":1,\"name\":\"\u0413\u043b\u0430\u0432\u043d\u0430\u044f \u0441\u0442\u0440\u0430\u043d\u0438\u0446\u0430\",\"item\":\"https:\/\/idakorea.ee\/\"},{\"@type\":\"ListItem\",\"position\":2,\"name\":\"Shop\",\"item\":\"https:\/\/idakorea.ee\/shop-2\/\"},{\"@type\":\"ListItem\",\"position\":3,\"name\":\"Koorivad padjakesed BHA-happega Celimax Ji Woo Gae Heartleaf BHA Peeling Pad, 60tk\"}]},{\"@type\":\"WebSite\",\"@id\":\"https:\/\/idakorea.ee\/#website\",\"url\":\"https:\/\/idakorea.ee\/\",\"name\":\"IDA.KOREA\",\"description\":\"Korea kosmeetika e-pood\",\"publisher\":{\"@id\":\"https:\/\/idakorea.ee\/#organization\"},\"alternateName\":\"Beauty Shop\",\"potentialAction\":[{\"@type\":\"SearchAction\",\"target\":{\"@type\":\"EntryPoint\",\"urlTemplate\":\"https:\/\/idakorea.ee\/?s={search_term_string}\"},\"query-input\":{\"@type\":\"PropertyValueSpecification\",\"valueRequired\":true,\"valueName\":\"search_term_string\"}}],\"inLanguage\":\"fi\"},{\"@type\":\"Organization\",\"@id\":\"https:\/\/idakorea.ee\/#organization\",\"name\":\"IDA.KOREA\",\"url\":\"https:\/\/idakorea.ee\/\",\"logo\":{\"@type\":\"ImageObject\",\"inLanguage\":\"fi\",\"@id\":\"https:\/\/idakorea.ee\/#\/schema\/logo\/image\/\",\"url\":\"https:\/\/idakorea.ee\/wp-content\/uploads\/2024\/05\/cropped-korea3.png\",\"contentUrl\":\"https:\/\/idakorea.ee\/wp-content\/uploads\/2024\/05\/cropped-korea3.png\",\"width\":688,\"height\":126,\"caption\":\"IDA.KOREA\"},\"image\":{\"@id\":\"https:\/\/idakorea.ee\/#\/schema\/logo\/image\/\"},\"sameAs\":[\"https:\/\/www.instagram.com\/ida.korea\/\"]}]}<\/script>\n<!-- \/ Yoast SEO plugin. -->","yoast_head_json":{"title":"Celimax Ji Woo Gae Heartleaf BHA -kuorintatyyny - EAST.KOREA","description":"Celimax BHA -kuorintatyyny - kuorintatyynyt poistavat hell\u00e4varaisesti ylim\u00e4\u00e4r\u00e4ist\u00e4 \u00f6ljy\u00e4 ja mustap\u00e4it\u00e4. Tilaa nyt ja tunne ihosi virkist\u00e4v\u00e4n paranemisen! Nopea toimitus!","robots":{"index":"index","follow":"follow","max-snippet":"max-snippet:-1","max-image-preview":"max-image-preview:large","max-video-preview":"max-video-preview:-1"},"canonical":"https:\/\/idakorea.ee\/fi\/product\/koorivad-padjakesed-bha-happega-celimax-ji-woo-gae-heartleaf-bha-peeling-pad-60tk\/","og_locale":"fi_FI","og_type":"article","og_title":"Celimax Ji Woo Gae Heartleaf BHA Peeling Pad - IDA.KOREA","og_description":"Celimax BHA Peeling Pad - koorimispadjakesed eemaldavad liigse rasu ja mustpead \u00f5rnalt. Telli n\u00fc\u00fcd, et tunda naha v\u00e4rskendavat tervendust! Kiire tarne!","og_url":"https:\/\/idakorea.ee\/fi\/product\/koorivad-padjakesed-bha-happega-celimax-ji-woo-gae-heartleaf-bha-peeling-pad-60tk\/","og_site_name":"IDA.KOREA","article_modified_time":"2026-03-28T09:22:01+00:00","og_image":[{"width":1000,"height":1000,"url":"https:\/\/idakorea.ee\/wp-content\/uploads\/2025\/09\/celimax-ji-woo-gae-heartleaf-bha-peelind-pad-idakorea.jpg","type":"image\/jpeg"}],"twitter_card":"summary_large_image","twitter_misc":{"Arvioitu lukuaika":"2 minuuttia"},"schema":{"@context":"https:\/\/schema.org","@graph":[{"@type":"WebPage","@id":"https:\/\/idakorea.ee\/product\/koorivad-padjakesed-bha-happega-celimax-ji-woo-gae-heartleaf-bha-peeling-pad-60tk\/","url":"https:\/\/idakorea.ee\/product\/koorivad-padjakesed-bha-happega-celimax-ji-woo-gae-heartleaf-bha-peeling-pad-60tk\/","name":"Celimax Ji Woo Gae Heartleaf BHA -kuorintatyyny - EAST.KOREA","isPartOf":{"@id":"https:\/\/idakorea.ee\/#website"},"primaryImageOfPage":{"@id":"https:\/\/idakorea.ee\/product\/koorivad-padjakesed-bha-happega-celimax-ji-woo-gae-heartleaf-bha-peeling-pad-60tk\/#primaryimage"},"image":{"@id":"https:\/\/idakorea.ee\/product\/koorivad-padjakesed-bha-happega-celimax-ji-woo-gae-heartleaf-bha-peeling-pad-60tk\/#primaryimage"},"thumbnailUrl":"https:\/\/idakorea.ee\/wp-content\/uploads\/2025\/09\/celimax-ji-woo-gae-heartleaf-bha-peelind-pad-idakorea.jpg","datePublished":"2025-09-23T08:17:20+00:00","dateModified":"2026-03-28T09:22:01+00:00","description":"Celimax BHA -kuorintatyyny - kuorintatyynyt poistavat hell\u00e4varaisesti ylim\u00e4\u00e4r\u00e4ist\u00e4 \u00f6ljy\u00e4 ja mustap\u00e4it\u00e4. Tilaa nyt ja tunne ihosi virkist\u00e4v\u00e4n paranemisen! Nopea toimitus!","breadcrumb":{"@id":"https:\/\/idakorea.ee\/product\/koorivad-padjakesed-bha-happega-celimax-ji-woo-gae-heartleaf-bha-peeling-pad-60tk\/#breadcrumb"},"inLanguage":"fi","potentialAction":[{"@type":"ReadAction","target":["https:\/\/idakorea.ee\/product\/koorivad-padjakesed-bha-happega-celimax-ji-woo-gae-heartleaf-bha-peeling-pad-60tk\/"]}]},{"@type":"ImageObject","inLanguage":"fi","@id":"https:\/\/idakorea.ee\/product\/koorivad-padjakesed-bha-happega-celimax-ji-woo-gae-heartleaf-bha-peeling-pad-60tk\/#primaryimage","url":"https:\/\/idakorea.ee\/wp-content\/uploads\/2025\/09\/celimax-ji-woo-gae-heartleaf-bha-peelind-pad-idakorea.jpg","contentUrl":"https:\/\/idakorea.ee\/wp-content\/uploads\/2025\/09\/celimax-ji-woo-gae-heartleaf-bha-peelind-pad-idakorea.jpg","width":1000,"height":1000},{"@type":"BreadcrumbList","@id":"https:\/\/idakorea.ee\/product\/koorivad-padjakesed-bha-happega-celimax-ji-woo-gae-heartleaf-bha-peeling-pad-60tk\/#breadcrumb","itemListElement":[{"@type":"ListItem","position":1,"name":"\u0413\u043b\u0430\u0432\u043d\u0430\u044f \u0441\u0442\u0440\u0430\u043d\u0438\u0446\u0430","item":"https:\/\/idakorea.ee\/"},{"@type":"ListItem","position":2,"name":"Shop","item":"https:\/\/idakorea.ee\/shop-2\/"},{"@type":"ListItem","position":3,"name":"Koorivad padjakesed BHA-happega Celimax Ji Woo Gae Heartleaf BHA Peeling Pad, 60tk"}]},{"@type":"WebSite","@id":"https:\/\/idakorea.ee\/#website","url":"https:\/\/idakorea.ee\/","name":"IDA.KOREA","description":"Korean kosmetiikan verkkokauppa","publisher":{"@id":"https:\/\/idakorea.ee\/#organization"},"alternateName":"Beauty Shop","potentialAction":[{"@type":"SearchAction","target":{"@type":"EntryPoint","urlTemplate":"https:\/\/idakorea.ee\/?s={search_term_string}"},"query-input":{"@type":"PropertyValueSpecification","valueRequired":true,"valueName":"search_term_string"}}],"inLanguage":"fi"},{"@type":"Organization","@id":"https:\/\/idakorea.ee\/#organization","name":"IDA.KOREA","url":"https:\/\/idakorea.ee\/","logo":{"@type":"ImageObject","inLanguage":"fi","@id":"https:\/\/idakorea.ee\/#\/schema\/logo\/image\/","url":"https:\/\/idakorea.ee\/wp-content\/uploads\/2024\/05\/cropped-korea3.png","contentUrl":"https:\/\/idakorea.ee\/wp-content\/uploads\/2024\/05\/cropped-korea3.png","width":688,"height":126,"caption":"IDA.KOREA"},"image":{"@id":"https:\/\/idakorea.ee\/#\/schema\/logo\/image\/"},"sameAs":["https:\/\/www.instagram.com\/ida.korea\/"]}]}},"jetpack_sharing_enabled":true,"brands":[{"id":885,"name":"CELIMAX","slug":"celimax"}],"_links":{"self":[{"href":"https:\/\/idakorea.ee\/fi\/wp-json\/wp\/v2\/product\/15943","targetHints":{"allow":["GET"]}}],"collection":[{"href":"https:\/\/idakorea.ee\/fi\/wp-json\/wp\/v2\/product"}],"about":[{"href":"https:\/\/idakorea.ee\/fi\/wp-json\/wp\/v2\/types\/product"}],"replies":[{"embeddable":true,"href":"https:\/\/idakorea.ee\/fi\/wp-json\/wp\/v2\/comments?post=15943"}],"version-history":[{"count":1,"href":"https:\/\/idakorea.ee\/fi\/wp-json\/wp\/v2\/product\/15943\/revisions"}],"predecessor-version":[{"id":15947,"href":"https:\/\/idakorea.ee\/fi\/wp-json\/wp\/v2\/product\/15943\/revisions\/15947"}],"wp:featuredmedia":[{"embeddable":true,"href":"https:\/\/idakorea.ee\/fi\/wp-json\/wp\/v2\/media\/15944"}],"wp:attachment":[{"href":"https:\/\/idakorea.ee\/fi\/wp-json\/wp\/v2\/media?parent=15943"}],"wp:term":[{"taxonomy":"pwb-brand","embeddable":true,"href":"https:\/\/idakorea.ee\/fi\/wp-json\/wp\/v2\/pwb-brand?post=15943"},{"taxonomy":"product_brand","embeddable":true,"href":"https:\/\/idakorea.ee\/fi\/wp-json\/wp\/v2\/product_brand?post=15943"},{"taxonomy":"product_cat","embeddable":true,"href":"https:\/\/idakorea.ee\/fi\/wp-json\/wp\/v2\/product_cat?post=15943"},{"taxonomy":"product_tag","embeddable":true,"href":"https:\/\/idakorea.ee\/fi\/wp-json\/wp\/v2\/product_tag?post=15943"}],"curies":[{"name":"wp","href":"https:\/\/api.w.org\/{rel}","templated":true}]}}