{"id":15948,"date":"2025-09-23T12:15:56","date_gmt":"2025-09-23T09:15:56","guid":{"rendered":"https:\/\/idakorea.ee\/?post_type=product&#038;p=15948"},"modified":"2026-04-12T09:25:28","modified_gmt":"2026-04-12T07:25:28","slug":"celimax-dual-barrier-purifying-cleansing-balm","status":"publish","type":"product","link":"https:\/\/idakorea.ee\/fi\/product\/celimax-dual-barrier-purifying-cleansing-balm\/","title":{"rendered":"Hell\u00e4varainen hydrofiilinen puhdistusbalsami Celimax Dual Barrier Purifying Cleansing Balm, 50ml"},"content":{"rendered":"<p data-start=\"105\" data-end=\"247\">Suosittu korealainen tuotemerkki<strong data-start=\"105\" data-end=\"166\"> Celimax <\/strong>hydrofiilinen balsami <strong>Dual Barrier Purifying Cleansing Balm<\/strong> takaa hell\u00e4varaisen ja herk\u00e4n ihon puhdistuksen aiheuttamatta kuivuutta tai \u00e4rsytyst\u00e4.<\/p>\n<p data-start=\"249\" data-end=\"473\">Erityishygieeninen <em data-start=\"274\" data-end=\"283\">jauhin<\/em>-mekanismi mahdollistaa juuri oikean m\u00e4\u00e4r\u00e4n tuotetta ilman, ett\u00e4 lika, ilma tai sormet joutuvat kosketuksiin pakkauksen kanssa. Kansi &quot;leikkaa&quot; pienen m\u00e4\u00e4r\u00e4n balsamia ulos, kun k\u00e4\u00e4nn\u00e4t sit\u00e4.<\/p>\n<p data-start=\"475\" data-end=\"809\">Balsami poistaa tehokkaasti my\u00f6s permanenttimeikin, meikkivoiteen, aurinkosuojan ja kaikki lian j\u00e4\u00e4m\u00e4t. Se imee ylim\u00e4\u00e4r\u00e4ist\u00e4 talia, liuottaa mustap\u00e4it\u00e4 ja talirauhasten juonteita, normalisoi talirauhasten s\u00e4\u00e4telyprosesseja, rauhoittaa ihoa ja v\u00e4hent\u00e4\u00e4 tulehdusta ja \u00e4rsytyst\u00e4.<\/p>\n<h3 data-start=\"811\" data-end=\"836\">T\u00e4rkeimm\u00e4t vaikuttavat aineosat<\/h3>\n<ul data-start=\"837\" data-end=\"1471\">\n<li data-start=\"837\" data-end=\"1044\">\n<p data-start=\"839\" data-end=\"1044\"><strong data-start=\"839\" data-end=\"854\">5 keramidia<\/strong> \u2013 ihon omien lipidien kaltaisia lipidej\u00e4; vahvistavat ihon suojakerrosta ja v\u00e4hent\u00e4v\u00e4t ihon reagointikyky\u00e4 ulkoisiin \u00e4rsykkeisiin (l\u00e4mp\u00f6tilan muutokset, tuuli, aurinko, kuumuus, kylmyys).<\/p>\n<\/li>\n<li data-start=\"1045\" data-end=\"1167\">\n<p data-start=\"1047\" data-end=\"1167\"><strong data-start=\"1047\" data-end=\"1074\">Pantenoli (B5-vitamiini)<\/strong> \u2013 nopeuttaa paranemista ja toipumista, v\u00e4hent\u00e4\u00e4 punoitusta ja est\u00e4\u00e4 kosteuden haihtumista.<\/p>\n<\/li>\n<li data-start=\"1168\" data-end=\"1324\">\n<p data-start=\"1170\" data-end=\"1324\"><strong data-start=\"1170\" data-end=\"1197\">Hydrolysoitu lesitiini<\/strong> \u2013 vahvistaa epidermiksen soluja ja kuituja, edist\u00e4\u00e4 ravinteiden imeytymist\u00e4, suojaa ihoa vapailta radikaaleilta ja UV-s\u00e4teilylt\u00e4.<\/p>\n<\/li>\n<li data-start=\"1325\" data-end=\"1471\">\n<p data-start=\"1327\" data-end=\"1471\"><strong data-start=\"1327\" data-end=\"1354\">Tokoferoli (E-vitamiini)<\/strong> \u2013 antioksidantti, joka suojaa ihon lipidej\u00e4 hapettumiselta, hidastaa ik\u00e4\u00e4ntymist\u00e4 ja toimittaa iholle vitamiineja.<\/p>\n<\/li>\n<\/ul>\n<p data-start=\"1473\" data-end=\"1489\">Sopii kaikille ihotyypeille, my\u00f6s kuivalle ja herk\u00e4lle iholle.<\/p>\n<p data-start=\"1473\" data-end=\"1489\"><strong>K\u00e4ytt\u00f6<\/strong><\/p>\n<p data-start=\"1490\" data-end=\"1660\">Kierr\u00e4 korkkia vapauttaaksesi tarvittavan m\u00e4\u00e4r\u00e4n balsamia. Levit\u00e4 kuivalle iholle suoraan meikin p\u00e4\u00e4lle, hiero py\u00f6rivin liikkein ja huuhtele vedell\u00e4. Pese sitten kasvot puhdistusvaahdolla.<\/p>","protected":false},"excerpt":{"rendered":"<p>Suositun korealaisen Celimax-merkin hydrofiilinen Dual Barrier Purifying Cleansing Balm -puhdistusbalsami puhdistaa ihoa hell\u00e4varaisesti ja hell\u00e4varaisesti kuivattamatta tai \u00e4rsytt\u00e4m\u00e4tt\u00e4 ihoa. Hygieeninen jauhinmekanismi mahdollistaa juuri oikean m\u00e4\u00e4r\u00e4n tuotetta ilman, ett\u00e4 lika, ilma tai sormet joutuvat kosketuksiin pakkauksen kanssa. Kansi tuntuu &quot;leikkaavan&quot; pienen m\u00e4\u00e4r\u00e4n balsamia ulos, kun sit\u00e4 k\u00e4\u00e4nn\u00e4t. Balsami poistaa tehokkaasti my\u00f6s pysyv\u00e4n meikin,\u2026<\/p>","protected":false},"featured_media":15950,"comment_status":"open","ping_status":"closed","template":"","meta":{"_uf_show_specific_survey":0,"_uf_disable_surveys":false,"_bst_post_transparent":"default","_bst_post_title":"","_bst_post_layout":"default","_bst_post_sidebar_id":"","_bst_post_content_style":"default","_bst_post_vertical_padding":"default","_bst_post_feature":"","_bst_post_feature_position":"","_bst_post_header":false,"_bst_post_footer":false},"pwb-brand":[885],"product_brand":[],"product_cat":[92,452,100],"product_tag":[917,886],"class_list":{"0":"post-15948","1":"product","2":"type-product","3":"status-publish","4":"has-post-thumbnail","6":"pwb-brand-celimax","7":"product_cat-nagu","8":"product_cat-naopuhastusgeelid","9":"product_cat-puhastusvahendid","10":"product_tag-balm","11":"product_tag-celimax","13":"first","14":"instock","15":"sale","16":"shipping-taxable","17":"purchasable","18":"product-type-simple","19":"entry","20":"content-bg","21":"loop-entry"},"supplier_id":null,"supplier_sku":"","barcode":null,"atum_controlled":true,"out_stock_date":null,"out_stock_threshold":null,"inheritable":false,"inbound_stock":0,"stock_on_hold":0,"sold_today":0,"sales_last_days":1,"out_stock_days":0,"lost_sales":0,"has_location":false,"update_date":"2026-04-14T09:50:03","atum_locations":[],"atum_stock_status":"instock","restock_status":false,"low_stock_amount":"","sales_update_date":"2026-04-14T09:50:03","calc_backorders":null,"yoast_head":"<!-- This site is optimized with the Yoast SEO plugin v27.2 - https:\/\/yoast.com\/product\/yoast-seo-wordpress\/ -->\n<title>Celimax Dual Barrier Purifying Cleansing Balm - IDA.KOREA<\/title>\n<meta name=\"description\" content=\"Celimax \u00f5rn h\u00fcdrofiilne puhastusbalsam tagab p\u00f5hjaliku, kuid \u00f5rna naha puhastuse. Balsam eemaldab ka veekindla meigi, imab liigset rasu, lahustab mustpead.\" \/>\n<meta name=\"robots\" content=\"index, follow, max-snippet:-1, max-image-preview:large, max-video-preview:-1\" \/>\n<link rel=\"canonical\" href=\"https:\/\/idakorea.ee\/fi\/product\/celimax-dual-barrier-purifying-cleansing-balm\/\" \/>\n<meta property=\"og:locale\" content=\"fi_FI\" \/>\n<meta property=\"og:type\" content=\"article\" \/>\n<meta property=\"og:title\" content=\"Celimax Dual Barrier Purifying Cleansing Balm - IDA.KOREA\" \/>\n<meta property=\"og:description\" content=\"Celimax \u00f5rn h\u00fcdrofiilne puhastusbalsam tagab p\u00f5hjaliku, kuid \u00f5rna naha puhastuse. Balsam eemaldab ka veekindla meigi, imab liigset rasu, lahustab mustpead.\" \/>\n<meta property=\"og:url\" content=\"https:\/\/idakorea.ee\/fi\/product\/celimax-dual-barrier-purifying-cleansing-balm\/\" \/>\n<meta property=\"og:site_name\" content=\"IDA.KOREA\" \/>\n<meta property=\"article:modified_time\" content=\"2026-04-12T07:25:28+00:00\" \/>\n<meta property=\"og:image\" content=\"https:\/\/idakorea.ee\/wp-content\/uploads\/2025\/09\/celimax-dual-barrier-purifying-cleansing-balm-idakorea.webp\" \/>\n\t<meta property=\"og:image:width\" content=\"800\" \/>\n\t<meta property=\"og:image:height\" content=\"800\" \/>\n\t<meta property=\"og:image:type\" content=\"image\/webp\" \/>\n<meta name=\"twitter:card\" content=\"summary_large_image\" \/>\n<meta name=\"twitter:label1\" content=\"Arvioitu lukuaika\" \/>\n\t<meta name=\"twitter:data1\" content=\"2 minuuttia\" \/>\n<script type=\"application\/ld+json\" class=\"yoast-schema-graph\">{\"@context\":\"https:\/\/schema.org\",\"@graph\":[{\"@type\":\"WebPage\",\"@id\":\"https:\/\/idakorea.ee\/product\/celimax-dual-barrier-purifying-cleansing-balm\/\",\"url\":\"https:\/\/idakorea.ee\/product\/celimax-dual-barrier-purifying-cleansing-balm\/\",\"name\":\"Celimax Dual Barrier Purifying Cleansing Balm - IDA.KOREA\",\"isPartOf\":{\"@id\":\"https:\/\/idakorea.ee\/#website\"},\"primaryImageOfPage\":{\"@id\":\"https:\/\/idakorea.ee\/product\/celimax-dual-barrier-purifying-cleansing-balm\/#primaryimage\"},\"image\":{\"@id\":\"https:\/\/idakorea.ee\/product\/celimax-dual-barrier-purifying-cleansing-balm\/#primaryimage\"},\"thumbnailUrl\":\"https:\/\/idakorea.ee\/wp-content\/uploads\/2025\/09\/celimax-dual-barrier-purifying-cleansing-balm-idakorea.webp\",\"datePublished\":\"2025-09-23T09:15:56+00:00\",\"dateModified\":\"2026-04-12T07:25:28+00:00\",\"description\":\"Celimax \u00f5rn h\u00fcdrofiilne puhastusbalsam tagab p\u00f5hjaliku, kuid \u00f5rna naha puhastuse. Balsam eemaldab ka veekindla meigi, imab liigset rasu, lahustab mustpead.\",\"breadcrumb\":{\"@id\":\"https:\/\/idakorea.ee\/product\/celimax-dual-barrier-purifying-cleansing-balm\/#breadcrumb\"},\"inLanguage\":\"fi\",\"potentialAction\":[{\"@type\":\"ReadAction\",\"target\":[\"https:\/\/idakorea.ee\/product\/celimax-dual-barrier-purifying-cleansing-balm\/\"]}]},{\"@type\":\"ImageObject\",\"inLanguage\":\"fi\",\"@id\":\"https:\/\/idakorea.ee\/product\/celimax-dual-barrier-purifying-cleansing-balm\/#primaryimage\",\"url\":\"https:\/\/idakorea.ee\/wp-content\/uploads\/2025\/09\/celimax-dual-barrier-purifying-cleansing-balm-idakorea.webp\",\"contentUrl\":\"https:\/\/idakorea.ee\/wp-content\/uploads\/2025\/09\/celimax-dual-barrier-purifying-cleansing-balm-idakorea.webp\",\"width\":800,\"height\":800},{\"@type\":\"BreadcrumbList\",\"@id\":\"https:\/\/idakorea.ee\/product\/celimax-dual-barrier-purifying-cleansing-balm\/#breadcrumb\",\"itemListElement\":[{\"@type\":\"ListItem\",\"position\":1,\"name\":\"\u0413\u043b\u0430\u0432\u043d\u0430\u044f \u0441\u0442\u0440\u0430\u043d\u0438\u0446\u0430\",\"item\":\"https:\/\/idakorea.ee\/\"},{\"@type\":\"ListItem\",\"position\":2,\"name\":\"Shop\",\"item\":\"https:\/\/idakorea.ee\/shop-2\/\"},{\"@type\":\"ListItem\",\"position\":3,\"name\":\"\u00d5rn h\u00fcdrofiilne puhastusbalsam Celimax Dual Barrier Purifying Cleansing Balm, 50ml\"}]},{\"@type\":\"WebSite\",\"@id\":\"https:\/\/idakorea.ee\/#website\",\"url\":\"https:\/\/idakorea.ee\/\",\"name\":\"IDA.KOREA\",\"description\":\"Korea kosmeetika e-pood\",\"publisher\":{\"@id\":\"https:\/\/idakorea.ee\/#organization\"},\"alternateName\":\"Beauty Shop\",\"potentialAction\":[{\"@type\":\"SearchAction\",\"target\":{\"@type\":\"EntryPoint\",\"urlTemplate\":\"https:\/\/idakorea.ee\/?s={search_term_string}\"},\"query-input\":{\"@type\":\"PropertyValueSpecification\",\"valueRequired\":true,\"valueName\":\"search_term_string\"}}],\"inLanguage\":\"fi\"},{\"@type\":\"Organization\",\"@id\":\"https:\/\/idakorea.ee\/#organization\",\"name\":\"IDA.KOREA\",\"url\":\"https:\/\/idakorea.ee\/\",\"logo\":{\"@type\":\"ImageObject\",\"inLanguage\":\"fi\",\"@id\":\"https:\/\/idakorea.ee\/#\/schema\/logo\/image\/\",\"url\":\"https:\/\/idakorea.ee\/wp-content\/uploads\/2024\/05\/cropped-korea3.png\",\"contentUrl\":\"https:\/\/idakorea.ee\/wp-content\/uploads\/2024\/05\/cropped-korea3.png\",\"width\":688,\"height\":126,\"caption\":\"IDA.KOREA\"},\"image\":{\"@id\":\"https:\/\/idakorea.ee\/#\/schema\/logo\/image\/\"},\"sameAs\":[\"https:\/\/www.instagram.com\/ida.korea\/\"]}]}<\/script>\n<!-- \/ Yoast SEO plugin. -->","yoast_head_json":{"title":"Celimax Dual Barrier Purifying Cleansing Balm - IDA.KOREA","description":"Celimax Gentle Hydrofiilinen puhdistusbalsami puhdistaa ihon perusteellisesti mutta hell\u00e4varaisesti. Balsami poistaa my\u00f6s vedenkest\u00e4v\u00e4n meikin, imee ylim\u00e4\u00e4r\u00e4ist\u00e4 talia ja liuottaa mustap\u00e4it\u00e4.","robots":{"index":"index","follow":"follow","max-snippet":"max-snippet:-1","max-image-preview":"max-image-preview:large","max-video-preview":"max-video-preview:-1"},"canonical":"https:\/\/idakorea.ee\/fi\/product\/celimax-dual-barrier-purifying-cleansing-balm\/","og_locale":"fi_FI","og_type":"article","og_title":"Celimax Dual Barrier Purifying Cleansing Balm - IDA.KOREA","og_description":"Celimax \u00f5rn h\u00fcdrofiilne puhastusbalsam tagab p\u00f5hjaliku, kuid \u00f5rna naha puhastuse. Balsam eemaldab ka veekindla meigi, imab liigset rasu, lahustab mustpead.","og_url":"https:\/\/idakorea.ee\/fi\/product\/celimax-dual-barrier-purifying-cleansing-balm\/","og_site_name":"IDA.KOREA","article_modified_time":"2026-04-12T07:25:28+00:00","og_image":[{"width":800,"height":800,"url":"https:\/\/idakorea.ee\/wp-content\/uploads\/2025\/09\/celimax-dual-barrier-purifying-cleansing-balm-idakorea.webp","type":"image\/webp"}],"twitter_card":"summary_large_image","twitter_misc":{"Arvioitu lukuaika":"2 minuuttia"},"schema":{"@context":"https:\/\/schema.org","@graph":[{"@type":"WebPage","@id":"https:\/\/idakorea.ee\/product\/celimax-dual-barrier-purifying-cleansing-balm\/","url":"https:\/\/idakorea.ee\/product\/celimax-dual-barrier-purifying-cleansing-balm\/","name":"Celimax Dual Barrier Purifying Cleansing Balm - IDA.KOREA","isPartOf":{"@id":"https:\/\/idakorea.ee\/#website"},"primaryImageOfPage":{"@id":"https:\/\/idakorea.ee\/product\/celimax-dual-barrier-purifying-cleansing-balm\/#primaryimage"},"image":{"@id":"https:\/\/idakorea.ee\/product\/celimax-dual-barrier-purifying-cleansing-balm\/#primaryimage"},"thumbnailUrl":"https:\/\/idakorea.ee\/wp-content\/uploads\/2025\/09\/celimax-dual-barrier-purifying-cleansing-balm-idakorea.webp","datePublished":"2025-09-23T09:15:56+00:00","dateModified":"2026-04-12T07:25:28+00:00","description":"Celimax Gentle Hydrofiilinen puhdistusbalsami puhdistaa ihon perusteellisesti mutta hell\u00e4varaisesti. Balsami poistaa my\u00f6s vedenkest\u00e4v\u00e4n meikin, imee ylim\u00e4\u00e4r\u00e4ist\u00e4 talia ja liuottaa mustap\u00e4it\u00e4.","breadcrumb":{"@id":"https:\/\/idakorea.ee\/product\/celimax-dual-barrier-purifying-cleansing-balm\/#breadcrumb"},"inLanguage":"fi","potentialAction":[{"@type":"ReadAction","target":["https:\/\/idakorea.ee\/product\/celimax-dual-barrier-purifying-cleansing-balm\/"]}]},{"@type":"ImageObject","inLanguage":"fi","@id":"https:\/\/idakorea.ee\/product\/celimax-dual-barrier-purifying-cleansing-balm\/#primaryimage","url":"https:\/\/idakorea.ee\/wp-content\/uploads\/2025\/09\/celimax-dual-barrier-purifying-cleansing-balm-idakorea.webp","contentUrl":"https:\/\/idakorea.ee\/wp-content\/uploads\/2025\/09\/celimax-dual-barrier-purifying-cleansing-balm-idakorea.webp","width":800,"height":800},{"@type":"BreadcrumbList","@id":"https:\/\/idakorea.ee\/product\/celimax-dual-barrier-purifying-cleansing-balm\/#breadcrumb","itemListElement":[{"@type":"ListItem","position":1,"name":"\u0413\u043b\u0430\u0432\u043d\u0430\u044f \u0441\u0442\u0440\u0430\u043d\u0438\u0446\u0430","item":"https:\/\/idakorea.ee\/"},{"@type":"ListItem","position":2,"name":"Shop","item":"https:\/\/idakorea.ee\/shop-2\/"},{"@type":"ListItem","position":3,"name":"\u00d5rn h\u00fcdrofiilne puhastusbalsam Celimax Dual Barrier Purifying Cleansing Balm, 50ml"}]},{"@type":"WebSite","@id":"https:\/\/idakorea.ee\/#website","url":"https:\/\/idakorea.ee\/","name":"IDA.KOREA","description":"Korean kosmetiikan verkkokauppa","publisher":{"@id":"https:\/\/idakorea.ee\/#organization"},"alternateName":"Beauty Shop","potentialAction":[{"@type":"SearchAction","target":{"@type":"EntryPoint","urlTemplate":"https:\/\/idakorea.ee\/?s={search_term_string}"},"query-input":{"@type":"PropertyValueSpecification","valueRequired":true,"valueName":"search_term_string"}}],"inLanguage":"fi"},{"@type":"Organization","@id":"https:\/\/idakorea.ee\/#organization","name":"IDA.KOREA","url":"https:\/\/idakorea.ee\/","logo":{"@type":"ImageObject","inLanguage":"fi","@id":"https:\/\/idakorea.ee\/#\/schema\/logo\/image\/","url":"https:\/\/idakorea.ee\/wp-content\/uploads\/2024\/05\/cropped-korea3.png","contentUrl":"https:\/\/idakorea.ee\/wp-content\/uploads\/2024\/05\/cropped-korea3.png","width":688,"height":126,"caption":"IDA.KOREA"},"image":{"@id":"https:\/\/idakorea.ee\/#\/schema\/logo\/image\/"},"sameAs":["https:\/\/www.instagram.com\/ida.korea\/"]}]}},"jetpack_sharing_enabled":true,"brands":[{"id":885,"name":"CELIMAX","slug":"celimax"}],"_links":{"self":[{"href":"https:\/\/idakorea.ee\/fi\/wp-json\/wp\/v2\/product\/15948","targetHints":{"allow":["GET"]}}],"collection":[{"href":"https:\/\/idakorea.ee\/fi\/wp-json\/wp\/v2\/product"}],"about":[{"href":"https:\/\/idakorea.ee\/fi\/wp-json\/wp\/v2\/types\/product"}],"replies":[{"embeddable":true,"href":"https:\/\/idakorea.ee\/fi\/wp-json\/wp\/v2\/comments?post=15948"}],"version-history":[{"count":2,"href":"https:\/\/idakorea.ee\/fi\/wp-json\/wp\/v2\/product\/15948\/revisions"}],"predecessor-version":[{"id":17466,"href":"https:\/\/idakorea.ee\/fi\/wp-json\/wp\/v2\/product\/15948\/revisions\/17466"}],"wp:featuredmedia":[{"embeddable":true,"href":"https:\/\/idakorea.ee\/fi\/wp-json\/wp\/v2\/media\/15950"}],"wp:attachment":[{"href":"https:\/\/idakorea.ee\/fi\/wp-json\/wp\/v2\/media?parent=15948"}],"wp:term":[{"taxonomy":"pwb-brand","embeddable":true,"href":"https:\/\/idakorea.ee\/fi\/wp-json\/wp\/v2\/pwb-brand?post=15948"},{"taxonomy":"product_brand","embeddable":true,"href":"https:\/\/idakorea.ee\/fi\/wp-json\/wp\/v2\/product_brand?post=15948"},{"taxonomy":"product_cat","embeddable":true,"href":"https:\/\/idakorea.ee\/fi\/wp-json\/wp\/v2\/product_cat?post=15948"},{"taxonomy":"product_tag","embeddable":true,"href":"https:\/\/idakorea.ee\/fi\/wp-json\/wp\/v2\/product_tag?post=15948"}],"curies":[{"name":"wp","href":"https:\/\/api.w.org\/{rel}","templated":true}]}}