{"id":15962,"date":"2025-09-25T14:57:23","date_gmt":"2025-09-25T11:57:23","guid":{"rendered":"https:\/\/idakorea.ee\/?post_type=product&#038;p=15962"},"modified":"2026-03-28T11:22:01","modified_gmt":"2026-03-28T09:22:01","slug":"modelleeriv-kreem-dr-althea-rapid-firm-sculpting-cream-45ml","status":"publish","type":"product","link":"https:\/\/idakorea.ee\/fi\/product\/modelleeriv-kreem-dr-althea-rapid-firm-sculpting-cream-45ml\/","title":{"rendered":"Dr. Althea Rapid Firm Sculpting Cream, 45ml"},"content":{"rendered":"<p data-start=\"36\" data-end=\"297\">Muotoiluvoide<strong data-start=\"36\" data-end=\"95\"> Dr. Althea Rapid Firm Sculpting Cream<\/strong> Auttaa silottamaan ryppyj\u00e4 ja v\u00e4hent\u00e4m\u00e4\u00e4n niiden syvyytt\u00e4, sill\u00e4 on kohottava vaikutus, se lis\u00e4\u00e4 ihon kimmoisuutta ja kiinteytt\u00e4. Vahvistaa ihon suojatoimintoja, palauttaa hydrolipiditasapainon ja ehk\u00e4isee kuivumista.<\/p>\n<p data-start=\"299\" data-end=\"545\">Voide k\u00e4ynnist\u00e4\u00e4 kollageeni- ja elastiinisynteesi\u00e4, ehk\u00e4isee ihon veltostumista (ptoosia) ja hidastaa ik\u00e4\u00e4ntymisprosessia. Sill\u00e4 on voimakas antioksidanttinen vaikutus, se suojaa ihoa valolta, poistaa sameutta ja palauttaa kasvoille terveen hehkun.<\/p>\n<p data-start=\"547\" data-end=\"702\">Voiteella on joustava koostumus, se levittyy helposti ja imeytyy nopeasti. Vegaaninen koostumus on Korea Vegan\u00ae -sertifioitu eik\u00e4 sis\u00e4ll\u00e4 el\u00e4inper\u00e4isi\u00e4 ainesosia.<\/p>\n<p data-start=\"704\" data-end=\"730\"><strong data-start=\"704\" data-end=\"728\">T\u00e4rkeimm\u00e4t vaikuttavat aineet:<\/strong><\/p>\n<ul data-start=\"731\" data-end=\"2102\">\n<li data-start=\"731\" data-end=\"888\">\n<p data-start=\"733\" data-end=\"888\"><strong data-start=\"733\" data-end=\"770\">Argireliini (asetyyliheksapeptidi-8)<\/strong> \u2013 botuliinim\u00e4ist\u00e4 vaikutusta omaava peptidi, joka auttaa rentouttamaan kasvolihaksia ja ehk\u00e4isee ilmejuonteiden ja ihopoimujen muodostumista.<\/p>\n<\/li>\n<li data-start=\"889\" data-end=\"1096\">\n<p data-start=\"891\" data-end=\"1096\"><strong data-start=\"891\" data-end=\"932\">Kuparitripeptidi-1<\/strong> \u2013 lis\u00e4\u00e4 kollageenin ja elastiinin synteesi\u00e4, tekee ihosta vahvemman ja kimmoisamman, sill\u00e4 on tulehdusta ehk\u00e4isevi\u00e4 ja antioksidanttisia vaikutuksia ja se v\u00e4hent\u00e4\u00e4 ryppyjen n\u00e4kyvyytt\u00e4.<\/p>\n<\/li>\n<li data-start=\"1097\" data-end=\"1322\">\n<p data-start=\"1099\" data-end=\"1322\"><strong data-start=\"1099\" data-end=\"1112\">Idebenoni<\/strong> \u2013 antioksidantti, koentsyymi Q10:n synteettinen analogi, jonka hiukkaset ovat pienempi\u00e4 ja imeytyv\u00e4t helpommin ihoon hydrofiilisen muotonsa ansiosta. Hidastaa lipidien hapettumista ja suojaa solukalvoja vaurioilta.<\/p>\n<\/li>\n<li data-start=\"1323\" data-end=\"1481\">\n<p data-start=\"1325\" data-end=\"1481\"><strong data-start=\"1325\" data-end=\"1353\">Koentsyymi Q10 (ubikinoni)<\/strong> \u2013 antioksidantti, joka hidastaa valon aiheuttamaa ik\u00e4\u00e4ntymist\u00e4 ja ryppyjen muodostumista, kiihdytt\u00e4\u00e4 uudistumista ja suojaa soluja rappeutumiselta.<\/p>\n<\/li>\n<li data-start=\"1482\" data-end=\"1747\">\n<p data-start=\"1484\" data-end=\"1747\"><strong data-start=\"1484\" data-end=\"1519\">6 erilaista hyaluronihapon muotoa<\/strong> eri molekyylipainoilla: suuren molekyylipainon omaavat hiukkaset palauttavat ihon suojakerroksen, nopeuttavat paranemista ja v\u00e4hent\u00e4v\u00e4t hilseily\u00e4; pienen molekyylipainon omaavat hiukkaset tunkeutuvat syvemm\u00e4lle ja est\u00e4v\u00e4t kosteuden haihtumista solutasolla.<\/p>\n<\/li>\n<li data-start=\"1748\" data-end=\"1923\">\n<p data-start=\"1750\" data-end=\"1923\"><strong data-start=\"1750\" data-end=\"1772\">Kollageeni (200 Da)<\/strong> \u2013 eritt\u00e4in pienen molekyylipainon ansiosta tunkeutuu syv\u00e4lle ihoon, pehment\u00e4\u00e4, parantaa mikroreliefi\u00e4, tarjoaa pitk\u00e4kestoista kosteutta ja auttaa silottamaan ryppyj\u00e4.<\/p>\n<\/li>\n<li data-start=\"1924\" data-end=\"2102\">\n<p data-start=\"1926\" data-end=\"2102\"><strong data-start=\"1926\" data-end=\"1941\">Aminohapot<\/strong> \u2013 stimuloivat ihon oman kollageenin ja elastiinin tuotantoa, lis\u00e4\u00e4v\u00e4t ihon kimmoisuutta ja vahvuutta, auttavat tasoittamaan hienoja ryppyj\u00e4 ja hidastamaan ik\u00e4\u00e4ntymisprosessia.<\/p>\n<\/li>\n<\/ul>\n<p data-start=\"2104\" data-end=\"2136\">Sopii kaikille ihotyypeille.<\/p>\n<p data-start=\"2138\" data-end=\"2255\"><strong data-start=\"2138\" data-end=\"2153\">K\u00e4ytt\u00f6:<\/strong> Puhdistuksen, kasvoveden ja seerumin j\u00e4lkeen levit\u00e4 voide kasvoillesi ja levit\u00e4 tasaisesti iholle.<\/p>","protected":false},"excerpt":{"rendered":"<p>Muovaava voide Dr. Althea Rapid Firm Sculpting Cream auttaa tasoittamaan ryppyj\u00e4 ja v\u00e4hent\u00e4m\u00e4\u00e4n niiden syvyytt\u00e4, sill\u00e4 on kohottava vaikutus, se lis\u00e4\u00e4 ihon kimmoisuutta ja turgoria. Vahvistaa ihon suojatoimintoja, palauttaa hydrolipiditasapainon ja ehk\u00e4isee kuivumista. Voide k\u00e4ynnist\u00e4\u00e4 kollageeni- ja elastiinikuitujen synteesi\u00e4, ehk\u00e4isee ihon veltostumista (ptoosia) ja hidastaa ik\u00e4\u00e4ntymisprosesseja. Sill\u00e4 on vahva antioksidanttinen vaikutus, se tarjoaa valolta suojaavan vaikutuksen, poistaa sameutta ja palauttaa\u2026<\/p>","protected":false},"featured_media":15963,"comment_status":"open","ping_status":"closed","template":"","meta":{"_uf_show_specific_survey":0,"_uf_disable_surveys":false,"_bst_post_transparent":"default","_bst_post_title":"","_bst_post_layout":"default","_bst_post_sidebar_id":"","_bst_post_content_style":"default","_bst_post_vertical_padding":"default","_bst_post_feature":"","_bst_post_feature_position":"","_bst_post_header":false,"_bst_post_footer":false},"pwb-brand":[480],"product_brand":[],"product_cat":[92,96],"product_tag":[],"class_list":{"0":"post-15962","1":"product","2":"type-product","3":"status-publish","4":"has-post-thumbnail","6":"pwb-brand-dr-althea","7":"product_cat-nagu","8":"product_cat-naokreemid","10":"first","11":"outofstock","12":"sale","13":"shipping-taxable","14":"purchasable","15":"product-type-simple","16":"entry","17":"content-bg","18":"loop-entry"},"supplier_id":null,"supplier_sku":"","barcode":null,"atum_controlled":true,"out_stock_date":"2026-03-28 11:22:01","out_stock_threshold":null,"inheritable":false,"inbound_stock":0,"stock_on_hold":0,"sold_today":0,"sales_last_days":1,"out_stock_days":16,"lost_sales":66,"has_location":false,"update_date":"2026-04-14T00:05:12","atum_locations":[],"atum_stock_status":"outofstock","restock_status":false,"low_stock_amount":"","sales_update_date":"2026-04-14T00:05:12","calc_backorders":null,"yoast_head":"<!-- This site is optimized with the Yoast SEO plugin v27.2 - https:\/\/yoast.com\/product\/yoast-seo-wordpress\/ -->\n<title>Dr. Althea Rapid Firm Sculpting Cream - IDA.KOREA<\/title>\n<meta name=\"description\" content=\"Modelleeriv kreem Dr. Althea silub ja v\u00e4hendab kortse, pinguldab nahka, taastab elastsuse ja s\u00e4ra. Vegan-koostis, tugev antioks\u00fcdantne kaitse.\" \/>\n<meta name=\"robots\" content=\"index, follow, max-snippet:-1, max-image-preview:large, max-video-preview:-1\" \/>\n<link rel=\"canonical\" href=\"https:\/\/idakorea.ee\/fi\/product\/modelleeriv-kreem-dr-althea-rapid-firm-sculpting-cream-45ml\/\" \/>\n<meta property=\"og:locale\" content=\"fi_FI\" \/>\n<meta property=\"og:type\" content=\"article\" \/>\n<meta property=\"og:title\" content=\"Dr. Althea Rapid Firm Sculpting Cream - IDA.KOREA\" \/>\n<meta property=\"og:description\" content=\"Modelleeriv kreem Dr. Althea silub ja v\u00e4hendab kortse, pinguldab nahka, taastab elastsuse ja s\u00e4ra. Vegan-koostis, tugev antioks\u00fcdantne kaitse.\" \/>\n<meta property=\"og:url\" content=\"https:\/\/idakorea.ee\/fi\/product\/modelleeriv-kreem-dr-althea-rapid-firm-sculpting-cream-45ml\/\" \/>\n<meta property=\"og:site_name\" content=\"IDA.KOREA\" \/>\n<meta property=\"article:modified_time\" content=\"2026-03-28T09:22:01+00:00\" \/>\n<meta property=\"og:image\" content=\"https:\/\/idakorea.ee\/wp-content\/uploads\/2025\/09\/dr.-althea-rapid-firm-sculpting-cream-idakorea.jpg\" \/>\n\t<meta property=\"og:image:width\" content=\"1000\" \/>\n\t<meta property=\"og:image:height\" content=\"1000\" \/>\n\t<meta property=\"og:image:type\" content=\"image\/jpeg\" \/>\n<meta name=\"twitter:card\" content=\"summary_large_image\" \/>\n<meta name=\"twitter:label1\" content=\"Arvioitu lukuaika\" \/>\n\t<meta name=\"twitter:data1\" content=\"2 minuuttia\" \/>\n<script type=\"application\/ld+json\" class=\"yoast-schema-graph\">{\"@context\":\"https:\/\/schema.org\",\"@graph\":[{\"@type\":\"WebPage\",\"@id\":\"https:\/\/idakorea.ee\/product\/modelleeriv-kreem-dr-althea-rapid-firm-sculpting-cream-45ml\/\",\"url\":\"https:\/\/idakorea.ee\/product\/modelleeriv-kreem-dr-althea-rapid-firm-sculpting-cream-45ml\/\",\"name\":\"Dr. Althea Rapid Firm Sculpting Cream - IDA.KOREA\",\"isPartOf\":{\"@id\":\"https:\/\/idakorea.ee\/#website\"},\"primaryImageOfPage\":{\"@id\":\"https:\/\/idakorea.ee\/product\/modelleeriv-kreem-dr-althea-rapid-firm-sculpting-cream-45ml\/#primaryimage\"},\"image\":{\"@id\":\"https:\/\/idakorea.ee\/product\/modelleeriv-kreem-dr-althea-rapid-firm-sculpting-cream-45ml\/#primaryimage\"},\"thumbnailUrl\":\"https:\/\/idakorea.ee\/wp-content\/uploads\/2025\/09\/dr.-althea-rapid-firm-sculpting-cream-idakorea.jpg\",\"datePublished\":\"2025-09-25T11:57:23+00:00\",\"dateModified\":\"2026-03-28T09:22:01+00:00\",\"description\":\"Modelleeriv kreem Dr. Althea silub ja v\u00e4hendab kortse, pinguldab nahka, taastab elastsuse ja s\u00e4ra. Vegan-koostis, tugev antioks\u00fcdantne kaitse.\",\"breadcrumb\":{\"@id\":\"https:\/\/idakorea.ee\/product\/modelleeriv-kreem-dr-althea-rapid-firm-sculpting-cream-45ml\/#breadcrumb\"},\"inLanguage\":\"fi\",\"potentialAction\":[{\"@type\":\"ReadAction\",\"target\":[\"https:\/\/idakorea.ee\/product\/modelleeriv-kreem-dr-althea-rapid-firm-sculpting-cream-45ml\/\"]}]},{\"@type\":\"ImageObject\",\"inLanguage\":\"fi\",\"@id\":\"https:\/\/idakorea.ee\/product\/modelleeriv-kreem-dr-althea-rapid-firm-sculpting-cream-45ml\/#primaryimage\",\"url\":\"https:\/\/idakorea.ee\/wp-content\/uploads\/2025\/09\/dr.-althea-rapid-firm-sculpting-cream-idakorea.jpg\",\"contentUrl\":\"https:\/\/idakorea.ee\/wp-content\/uploads\/2025\/09\/dr.-althea-rapid-firm-sculpting-cream-idakorea.jpg\",\"width\":1000,\"height\":1000},{\"@type\":\"BreadcrumbList\",\"@id\":\"https:\/\/idakorea.ee\/product\/modelleeriv-kreem-dr-althea-rapid-firm-sculpting-cream-45ml\/#breadcrumb\",\"itemListElement\":[{\"@type\":\"ListItem\",\"position\":1,\"name\":\"\u0413\u043b\u0430\u0432\u043d\u0430\u044f \u0441\u0442\u0440\u0430\u043d\u0438\u0446\u0430\",\"item\":\"https:\/\/idakorea.ee\/\"},{\"@type\":\"ListItem\",\"position\":2,\"name\":\"Shop\",\"item\":\"https:\/\/idakorea.ee\/shop-2\/\"},{\"@type\":\"ListItem\",\"position\":3,\"name\":\"Modelleeriv kreem Dr. Althea Rapid Firm Sculpting Cream, 45ml\"}]},{\"@type\":\"WebSite\",\"@id\":\"https:\/\/idakorea.ee\/#website\",\"url\":\"https:\/\/idakorea.ee\/\",\"name\":\"IDA.KOREA\",\"description\":\"Korea kosmeetika e-pood\",\"publisher\":{\"@id\":\"https:\/\/idakorea.ee\/#organization\"},\"alternateName\":\"Beauty Shop\",\"potentialAction\":[{\"@type\":\"SearchAction\",\"target\":{\"@type\":\"EntryPoint\",\"urlTemplate\":\"https:\/\/idakorea.ee\/?s={search_term_string}\"},\"query-input\":{\"@type\":\"PropertyValueSpecification\",\"valueRequired\":true,\"valueName\":\"search_term_string\"}}],\"inLanguage\":\"fi\"},{\"@type\":\"Organization\",\"@id\":\"https:\/\/idakorea.ee\/#organization\",\"name\":\"IDA.KOREA\",\"url\":\"https:\/\/idakorea.ee\/\",\"logo\":{\"@type\":\"ImageObject\",\"inLanguage\":\"fi\",\"@id\":\"https:\/\/idakorea.ee\/#\/schema\/logo\/image\/\",\"url\":\"https:\/\/idakorea.ee\/wp-content\/uploads\/2024\/05\/cropped-korea3.png\",\"contentUrl\":\"https:\/\/idakorea.ee\/wp-content\/uploads\/2024\/05\/cropped-korea3.png\",\"width\":688,\"height\":126,\"caption\":\"IDA.KOREA\"},\"image\":{\"@id\":\"https:\/\/idakorea.ee\/#\/schema\/logo\/image\/\"},\"sameAs\":[\"https:\/\/www.instagram.com\/ida.korea\/\"]}]}<\/script>\n<!-- \/ Yoast SEO plugin. -->","yoast_head_json":{"title":"Dr. Althea Rapid Firm -muokkausvoide - IDA.KOREA","description":"Dr. Althea -mallivoide silottaa ja v\u00e4hent\u00e4\u00e4 ryppyj\u00e4, kiinteytt\u00e4\u00e4 ihoa, palauttaa sen kimmoisuuden ja hehkun. Vegaaninen koostumus, vahva antioksidanttisuoja.","robots":{"index":"index","follow":"follow","max-snippet":"max-snippet:-1","max-image-preview":"max-image-preview:large","max-video-preview":"max-video-preview:-1"},"canonical":"https:\/\/idakorea.ee\/fi\/product\/modelleeriv-kreem-dr-althea-rapid-firm-sculpting-cream-45ml\/","og_locale":"fi_FI","og_type":"article","og_title":"Dr. Althea Rapid Firm Sculpting Cream - IDA.KOREA","og_description":"Modelleeriv kreem Dr. Althea silub ja v\u00e4hendab kortse, pinguldab nahka, taastab elastsuse ja s\u00e4ra. Vegan-koostis, tugev antioks\u00fcdantne kaitse.","og_url":"https:\/\/idakorea.ee\/fi\/product\/modelleeriv-kreem-dr-althea-rapid-firm-sculpting-cream-45ml\/","og_site_name":"IDA.KOREA","article_modified_time":"2026-03-28T09:22:01+00:00","og_image":[{"width":1000,"height":1000,"url":"https:\/\/idakorea.ee\/wp-content\/uploads\/2025\/09\/dr.-althea-rapid-firm-sculpting-cream-idakorea.jpg","type":"image\/jpeg"}],"twitter_card":"summary_large_image","twitter_misc":{"Arvioitu lukuaika":"2 minuuttia"},"schema":{"@context":"https:\/\/schema.org","@graph":[{"@type":"WebPage","@id":"https:\/\/idakorea.ee\/product\/modelleeriv-kreem-dr-althea-rapid-firm-sculpting-cream-45ml\/","url":"https:\/\/idakorea.ee\/product\/modelleeriv-kreem-dr-althea-rapid-firm-sculpting-cream-45ml\/","name":"Dr. Althea Rapid Firm -muokkausvoide - IDA.KOREA","isPartOf":{"@id":"https:\/\/idakorea.ee\/#website"},"primaryImageOfPage":{"@id":"https:\/\/idakorea.ee\/product\/modelleeriv-kreem-dr-althea-rapid-firm-sculpting-cream-45ml\/#primaryimage"},"image":{"@id":"https:\/\/idakorea.ee\/product\/modelleeriv-kreem-dr-althea-rapid-firm-sculpting-cream-45ml\/#primaryimage"},"thumbnailUrl":"https:\/\/idakorea.ee\/wp-content\/uploads\/2025\/09\/dr.-althea-rapid-firm-sculpting-cream-idakorea.jpg","datePublished":"2025-09-25T11:57:23+00:00","dateModified":"2026-03-28T09:22:01+00:00","description":"Dr. Althea -mallivoide silottaa ja v\u00e4hent\u00e4\u00e4 ryppyj\u00e4, kiinteytt\u00e4\u00e4 ihoa, palauttaa sen kimmoisuuden ja hehkun. Vegaaninen koostumus, vahva antioksidanttisuoja.","breadcrumb":{"@id":"https:\/\/idakorea.ee\/product\/modelleeriv-kreem-dr-althea-rapid-firm-sculpting-cream-45ml\/#breadcrumb"},"inLanguage":"fi","potentialAction":[{"@type":"ReadAction","target":["https:\/\/idakorea.ee\/product\/modelleeriv-kreem-dr-althea-rapid-firm-sculpting-cream-45ml\/"]}]},{"@type":"ImageObject","inLanguage":"fi","@id":"https:\/\/idakorea.ee\/product\/modelleeriv-kreem-dr-althea-rapid-firm-sculpting-cream-45ml\/#primaryimage","url":"https:\/\/idakorea.ee\/wp-content\/uploads\/2025\/09\/dr.-althea-rapid-firm-sculpting-cream-idakorea.jpg","contentUrl":"https:\/\/idakorea.ee\/wp-content\/uploads\/2025\/09\/dr.-althea-rapid-firm-sculpting-cream-idakorea.jpg","width":1000,"height":1000},{"@type":"BreadcrumbList","@id":"https:\/\/idakorea.ee\/product\/modelleeriv-kreem-dr-althea-rapid-firm-sculpting-cream-45ml\/#breadcrumb","itemListElement":[{"@type":"ListItem","position":1,"name":"\u0413\u043b\u0430\u0432\u043d\u0430\u044f \u0441\u0442\u0440\u0430\u043d\u0438\u0446\u0430","item":"https:\/\/idakorea.ee\/"},{"@type":"ListItem","position":2,"name":"Shop","item":"https:\/\/idakorea.ee\/shop-2\/"},{"@type":"ListItem","position":3,"name":"Modelleeriv kreem Dr. Althea Rapid Firm Sculpting Cream, 45ml"}]},{"@type":"WebSite","@id":"https:\/\/idakorea.ee\/#website","url":"https:\/\/idakorea.ee\/","name":"IDA.KOREA","description":"Korean kosmetiikan verkkokauppa","publisher":{"@id":"https:\/\/idakorea.ee\/#organization"},"alternateName":"Beauty Shop","potentialAction":[{"@type":"SearchAction","target":{"@type":"EntryPoint","urlTemplate":"https:\/\/idakorea.ee\/?s={search_term_string}"},"query-input":{"@type":"PropertyValueSpecification","valueRequired":true,"valueName":"search_term_string"}}],"inLanguage":"fi"},{"@type":"Organization","@id":"https:\/\/idakorea.ee\/#organization","name":"IDA.KOREA","url":"https:\/\/idakorea.ee\/","logo":{"@type":"ImageObject","inLanguage":"fi","@id":"https:\/\/idakorea.ee\/#\/schema\/logo\/image\/","url":"https:\/\/idakorea.ee\/wp-content\/uploads\/2024\/05\/cropped-korea3.png","contentUrl":"https:\/\/idakorea.ee\/wp-content\/uploads\/2024\/05\/cropped-korea3.png","width":688,"height":126,"caption":"IDA.KOREA"},"image":{"@id":"https:\/\/idakorea.ee\/#\/schema\/logo\/image\/"},"sameAs":["https:\/\/www.instagram.com\/ida.korea\/"]}]}},"jetpack_sharing_enabled":true,"brands":[{"id":480,"name":"DR.ALTHEA","slug":"dr-althea"}],"_links":{"self":[{"href":"https:\/\/idakorea.ee\/fi\/wp-json\/wp\/v2\/product\/15962","targetHints":{"allow":["GET"]}}],"collection":[{"href":"https:\/\/idakorea.ee\/fi\/wp-json\/wp\/v2\/product"}],"about":[{"href":"https:\/\/idakorea.ee\/fi\/wp-json\/wp\/v2\/types\/product"}],"replies":[{"embeddable":true,"href":"https:\/\/idakorea.ee\/fi\/wp-json\/wp\/v2\/comments?post=15962"}],"version-history":[{"count":1,"href":"https:\/\/idakorea.ee\/fi\/wp-json\/wp\/v2\/product\/15962\/revisions"}],"predecessor-version":[{"id":15966,"href":"https:\/\/idakorea.ee\/fi\/wp-json\/wp\/v2\/product\/15962\/revisions\/15966"}],"wp:featuredmedia":[{"embeddable":true,"href":"https:\/\/idakorea.ee\/fi\/wp-json\/wp\/v2\/media\/15963"}],"wp:attachment":[{"href":"https:\/\/idakorea.ee\/fi\/wp-json\/wp\/v2\/media?parent=15962"}],"wp:term":[{"taxonomy":"pwb-brand","embeddable":true,"href":"https:\/\/idakorea.ee\/fi\/wp-json\/wp\/v2\/pwb-brand?post=15962"},{"taxonomy":"product_brand","embeddable":true,"href":"https:\/\/idakorea.ee\/fi\/wp-json\/wp\/v2\/product_brand?post=15962"},{"taxonomy":"product_cat","embeddable":true,"href":"https:\/\/idakorea.ee\/fi\/wp-json\/wp\/v2\/product_cat?post=15962"},{"taxonomy":"product_tag","embeddable":true,"href":"https:\/\/idakorea.ee\/fi\/wp-json\/wp\/v2\/product_tag?post=15962"}],"curies":[{"name":"wp","href":"https:\/\/api.w.org\/{rel}","templated":true}]}}