{"id":15970,"date":"2025-09-26T11:34:29","date_gmt":"2025-09-26T08:34:29","guid":{"rendered":"https:\/\/idakorea.ee\/?post_type=product&#038;p=15970"},"modified":"2026-04-11T16:19:16","modified_gmt":"2026-04-11T14:19:16","slug":"celimax-the-vita-a-retinal-shot-tightening-booster","status":"publish","type":"product","link":"https:\/\/idakorea.ee\/fi\/product\/celimax-the-vita-a-retinal-shot-tightening-booster\/","title":{"rendered":"Celimax The Vita-A Retinal Shot Tightening Booster, 15ml"},"content":{"rendered":"<p data-start=\"36\" data-end=\"384\">Kiinteytt\u00e4v\u00e4 tehostevoide retinolilla<strong data-start=\"36\" data-end=\"125\"> Celimax Vita-A -verkkokalvon kiinteytt\u00e4v\u00e4 tehoste<\/strong> on runsaasti koostumukseltaan paikallisesti k\u00e4ytett\u00e4v\u00e4 tuote ik\u00e4\u00e4ntymisen merkkej\u00e4 vastaan. Tuotteella on voimakas kohottava vaikutus, se ehk\u00e4isee kudosten veltostumista (ptoosia), tukee niiden kiinteytt\u00e4, v\u00e4hent\u00e4\u00e4 staattisia ja miimisia ryppyj\u00e4 ja tekee niist\u00e4 v\u00e4hemm\u00e4n syvi\u00e4.<\/p>\n<p data-start=\"386\" data-end=\"517\">S\u00e4\u00e4nn\u00f6llisesti k\u00e4ytettyn\u00e4 se tasoittaa ihon mikroreliefi\u00e4 \u2013 pienent\u00e4\u00e4 ihohuokosten kokoa ja syvyytt\u00e4 lis\u00e4\u00e4ntyneen kimmoisuuden ja lujuuden ansiosta.<\/p>\n<p data-start=\"519\" data-end=\"739\">Voide on tehokas ik\u00e4\u00e4n liittyvien tai tulehduksen j\u00e4lkeisten pigmenttimuutosten hoidossa, auttaa v\u00e4hent\u00e4m\u00e4\u00e4n aknearpia ja l\u00e4iski\u00e4, tasoittaa ihon rakennetta ja s\u00e4vy\u00e4 sek\u00e4 antaa sille luonnollisen hehkun.<\/p>\n<p data-start=\"741\" data-end=\"767\"><strong data-start=\"741\" data-end=\"765\">T\u00e4rkeimm\u00e4t vaikuttavat aineet:<\/strong><\/p>\n<ul data-start=\"768\" data-end=\"2128\">\n<li data-start=\"768\" data-end=\"1035\">\n<p data-start=\"770\" data-end=\"1035\"><strong data-start=\"770\" data-end=\"788\">Verkkokalvo (0.1%)<\/strong> \u2013 stimuloi solujen uusiutumista, aktivoi kollageenin ja elastiinin tuotantoa. Tulehdusta est\u00e4v\u00e4 ja nuorentava vaikutus: v\u00e4hent\u00e4\u00e4 aknen riski\u00e4, s\u00e4\u00e4telee talin erityst\u00e4, tasoittaa ihon s\u00e4vy\u00e4 ja rakennetta, silottaa ryppyj\u00e4 ja pienent\u00e4\u00e4 ihohuokosia.<\/p>\n<\/li>\n<li data-start=\"1036\" data-end=\"1298\">\n<p data-start=\"1038\" data-end=\"1298\"><strong data-start=\"1038\" data-end=\"1049\">A-Shot\u2122<\/strong> \u2013 patentoitu mikroneulakompleksi (20 250 neulaa), joka varmistaa, ett\u00e4 aktiiviset ainesosat p\u00e4\u00e4sev\u00e4t epidermiksen syvempiin kerroksiin ja stimuloi solujen uusiutumista. Tarjoaa hell\u00e4varaisen kuorivan vaikutuksen, auttaa v\u00e4hent\u00e4m\u00e4\u00e4n hyperpigmentaatiota ja tasoittamaan ihon rakennetta.<\/p>\n<\/li>\n<li data-start=\"1299\" data-end=\"1601\">\n<p data-start=\"1301\" data-end=\"1601\"><strong data-start=\"1301\" data-end=\"1373\">Matrixyl\u00ae3000 (3%, palmitoyylitripeptidi-1, palmitoyylitetrapeptidi-7)<\/strong> \u2013 patentoitu peptidikompleksi, joka stimuloi solujen uusiutumista, vahvistaa solumatriisia, lis\u00e4\u00e4 kollageenin ja hyaluronihapon synteesi\u00e4. Kiinteytt\u00e4\u00e4 ja silottaa ihoa, muotoilee kasvojen muotoja ja palauttaa sen kimmoisuuden.<\/p>\n<\/li>\n<li data-start=\"1602\" data-end=\"1797\">\n<p data-start=\"1604\" data-end=\"1797\"><strong data-start=\"1604\" data-end=\"1635\">Pantenoli (1%, B5-vitamiini)<\/strong> \u2013 palauttaa sarveiskerroksen eheyden, vahvistaa ihon suojamuuria, nopeuttaa mikrovaurioiden paranemista, v\u00e4hent\u00e4\u00e4 punoitusta ja \u00e4rsytyst\u00e4 sek\u00e4 edist\u00e4\u00e4 ihon uudistumista.<\/p>\n<\/li>\n<li data-start=\"1798\" data-end=\"2014\">\n<p data-start=\"1800\" data-end=\"2014\"><strong data-start=\"1800\" data-end=\"1831\">Niasiiniamidi (B3-vitamiini)<\/strong> \u2013 stimuloi kollageenisynteesi\u00e4, parantaa ihon suojatoimintoja, v\u00e4hent\u00e4\u00e4 epidermaalista vedenhukkaa, tasoittaa pigmenttimuutoksia, kosteuttaa, supistaa ihohuokosia, rauhoittaa ja kirkastaa ihoa.<\/p>\n<\/li>\n<li data-start=\"2015\" data-end=\"2128\">\n<p data-start=\"2017\" data-end=\"2128\"><strong data-start=\"2017\" data-end=\"2034\">Askorbiinihappo<\/strong> \u2013 ep\u00e4vakaa C-vitamiinin muoto, jolla on voimakkaita kirkastavia ja ik\u00e4\u00e4ntymist\u00e4 ehk\u00e4isevi\u00e4 vaikutuksia.<\/p>\n<\/li>\n<\/ul>\n<p data-start=\"2130\" data-end=\"2193\">Sopii normaalille, kuivalle, rasvaiselle ja sekaiholle.<\/p>\n<p data-start=\"2195\" data-end=\"2505\"><strong data-start=\"2195\" data-end=\"2210\">K\u00e4ytt\u00f6:<\/strong> Iltahoidossa levit\u00e4 tarvittava m\u00e4\u00e4r\u00e4 tuotetta aiemmin puhdistetulle kuivalle iholle, levit\u00e4 tasaisesti sormilla ja anna imeyty\u00e4 kokonaan. K\u00e4yt\u00e4 sitten voidetta. P\u00e4iv\u00e4ll\u00e4 suojaa ihoa SPF50 PA++++ -aurinkosuojalla. Tuotetta on suositeltavaa s\u00e4ilytt\u00e4\u00e4 viile\u00e4ss\u00e4 paikassa (3\u201310 \u00b0C) ja suojassa auringolta.<\/p>\n<p data-start=\"2507\" data-end=\"2808\">Jos et ole aiemmin k\u00e4ytt\u00e4nyt retinolituotteita, sinun tulee lis\u00e4t\u00e4 ne ihonhoitorutiiniisi v\u00e4hitellen: esimerkiksi kaksi kertaa viikossa kahden viikon ajan. Jos \u00e4rsytyst\u00e4 ei ole, jatka kolmeen kertaan viikossa seuraavien kahden viikon ajan. Ei suositella k\u00e4ytett\u00e4v\u00e4ksi raskauden ja imetyksen aikana eik\u00e4 kuusi kuukautta ennen raskautta.<\/p>\n<p data-start=\"2810\" data-end=\"2982\"><strong data-start=\"2810\" data-end=\"2825\">Huomio!<\/strong> Voiteessa ei ole lis\u00e4tiivistett\u00e4 nen\u00e4n puolella, joten pieni m\u00e4\u00e4r\u00e4 tuotetta voi p\u00e4\u00e4st\u00e4 korkin sis\u00e4\u00e4n kuljetuksen aikaisten paineenmuutosten vuoksi \u2013 t\u00e4m\u00e4 ei ole vika.<\/p>","protected":false},"excerpt":{"rendered":"<p>Celimax The Vita-A Retinal Shot Tightening Booster on t\u00e4ytel\u00e4inen koostumus, joka on tarkoitettu paikalliseen k\u00e4ytt\u00f6\u00f6n ik\u00e4\u00e4ntymisen merkkej\u00e4 vastaan. Tuotteella on voimakas kohottava vaikutus, se ehk\u00e4isee kudosten veltostumista (ptoosia), tukee niiden s\u00e4vy\u00e4, v\u00e4hent\u00e4\u00e4 staattisia ja miimisia ryppyj\u00e4 ja tekee niist\u00e4 v\u00e4hemm\u00e4n syvi\u00e4. S\u00e4\u00e4nn\u00f6llisesti k\u00e4ytettyn\u00e4 se tasoittaa ihon mikroreliefi\u00e4 \u2013 pienent\u00e4\u00e4 ihohuokosten kokoa ja syvyytt\u00e4 lis\u00e4\u00e4ntyneen elastisuuden ja kiinteyden ansiosta....<\/p>","protected":false},"featured_media":15971,"comment_status":"open","ping_status":"closed","template":"","meta":{"_uf_show_specific_survey":0,"_uf_disable_surveys":false,"_bst_post_transparent":"default","_bst_post_title":"","_bst_post_layout":"default","_bst_post_sidebar_id":"","_bst_post_content_style":"default","_bst_post_vertical_padding":"default","_bst_post_feature":"","_bst_post_feature_position":"","_bst_post_header":false,"_bst_post_footer":false},"pwb-brand":[885],"product_brand":[],"product_cat":[92,97],"product_tag":[886,230,992,993],"class_list":{"0":"post-15970","1":"product","2":"type-product","3":"status-publish","4":"has-post-thumbnail","6":"pwb-brand-celimax","7":"product_cat-nagu","8":"product_cat-naoseerumid-ja-olid","9":"product_tag-celimax","10":"product_tag-pigment","11":"product_tag-retinal","12":"product_tag-shot","14":"first","15":"instock","16":"sale","17":"shipping-taxable","18":"purchasable","19":"product-type-simple","20":"entry","21":"content-bg","22":"loop-entry"},"supplier_id":null,"supplier_sku":"","barcode":null,"atum_controlled":true,"out_stock_date":null,"out_stock_threshold":null,"inheritable":false,"inbound_stock":0,"stock_on_hold":0,"sold_today":0,"sales_last_days":2,"out_stock_days":0,"lost_sales":0,"has_location":false,"update_date":"2026-04-15T00:05:20","atum_locations":[],"atum_stock_status":"instock","restock_status":false,"low_stock_amount":"","sales_update_date":"2026-04-15T00:05:20","calc_backorders":null,"yoast_head":"<!-- This site is optimized with the Yoast SEO plugin v27.2 - https:\/\/yoast.com\/product\/yoast-seo-wordpress\/ -->\n<title>Celimax The Vita-A Retinal Shot Tightening Booster - IDA.KOREA<\/title>\n<meta name=\"description\" content=\"Pinguldav Celimax booster-kreem retinaliga silub kortse, v\u00e4hendab pigmentatsiooni ja taastab elastsuse. Tugev antioks\u00fcdantne ja vananemisvastane toime.\" \/>\n<meta name=\"robots\" content=\"index, follow, max-snippet:-1, max-image-preview:large, max-video-preview:-1\" \/>\n<link rel=\"canonical\" href=\"https:\/\/idakorea.ee\/fi\/product\/celimax-the-vita-a-retinal-shot-tightening-booster\/\" \/>\n<meta property=\"og:locale\" content=\"fi_FI\" \/>\n<meta property=\"og:type\" content=\"article\" \/>\n<meta property=\"og:title\" content=\"Celimax The Vita-A Retinal Shot Tightening Booster - IDA.KOREA\" \/>\n<meta property=\"og:description\" content=\"Pinguldav Celimax booster-kreem retinaliga silub kortse, v\u00e4hendab pigmentatsiooni ja taastab elastsuse. Tugev antioks\u00fcdantne ja vananemisvastane toime.\" \/>\n<meta property=\"og:url\" content=\"https:\/\/idakorea.ee\/fi\/product\/celimax-the-vita-a-retinal-shot-tightening-booster\/\" \/>\n<meta property=\"og:site_name\" content=\"IDA.KOREA\" \/>\n<meta property=\"article:modified_time\" content=\"2026-04-11T14:19:16+00:00\" \/>\n<meta property=\"og:image\" content=\"https:\/\/idakorea.ee\/wp-content\/uploads\/2025\/09\/celimax-the-vita_a-retinal-shot-tightening-booster-idakorea.jpg\" \/>\n\t<meta property=\"og:image:width\" content=\"1000\" \/>\n\t<meta property=\"og:image:height\" content=\"1000\" \/>\n\t<meta property=\"og:image:type\" content=\"image\/jpeg\" \/>\n<meta name=\"twitter:card\" content=\"summary_large_image\" \/>\n<meta name=\"twitter:label1\" content=\"Arvioitu lukuaika\" \/>\n\t<meta name=\"twitter:data1\" content=\"3 minuuttia\" \/>\n<script type=\"application\/ld+json\" class=\"yoast-schema-graph\">{\"@context\":\"https:\/\/schema.org\",\"@graph\":[{\"@type\":\"WebPage\",\"@id\":\"https:\/\/idakorea.ee\/product\/celimax-the-vita-a-retinal-shot-tightening-booster\/\",\"url\":\"https:\/\/idakorea.ee\/product\/celimax-the-vita-a-retinal-shot-tightening-booster\/\",\"name\":\"Celimax The Vita-A Retinal Shot Tightening Booster - IDA.KOREA\",\"isPartOf\":{\"@id\":\"https:\/\/idakorea.ee\/#website\"},\"primaryImageOfPage\":{\"@id\":\"https:\/\/idakorea.ee\/product\/celimax-the-vita-a-retinal-shot-tightening-booster\/#primaryimage\"},\"image\":{\"@id\":\"https:\/\/idakorea.ee\/product\/celimax-the-vita-a-retinal-shot-tightening-booster\/#primaryimage\"},\"thumbnailUrl\":\"https:\/\/idakorea.ee\/wp-content\/uploads\/2025\/09\/celimax-the-vita_a-retinal-shot-tightening-booster-idakorea.jpg\",\"datePublished\":\"2025-09-26T08:34:29+00:00\",\"dateModified\":\"2026-04-11T14:19:16+00:00\",\"description\":\"Pinguldav Celimax booster-kreem retinaliga silub kortse, v\u00e4hendab pigmentatsiooni ja taastab elastsuse. Tugev antioks\u00fcdantne ja vananemisvastane toime.\",\"breadcrumb\":{\"@id\":\"https:\/\/idakorea.ee\/product\/celimax-the-vita-a-retinal-shot-tightening-booster\/#breadcrumb\"},\"inLanguage\":\"fi\",\"potentialAction\":[{\"@type\":\"ReadAction\",\"target\":[\"https:\/\/idakorea.ee\/product\/celimax-the-vita-a-retinal-shot-tightening-booster\/\"]}]},{\"@type\":\"ImageObject\",\"inLanguage\":\"fi\",\"@id\":\"https:\/\/idakorea.ee\/product\/celimax-the-vita-a-retinal-shot-tightening-booster\/#primaryimage\",\"url\":\"https:\/\/idakorea.ee\/wp-content\/uploads\/2025\/09\/celimax-the-vita_a-retinal-shot-tightening-booster-idakorea.jpg\",\"contentUrl\":\"https:\/\/idakorea.ee\/wp-content\/uploads\/2025\/09\/celimax-the-vita_a-retinal-shot-tightening-booster-idakorea.jpg\",\"width\":1000,\"height\":1000},{\"@type\":\"BreadcrumbList\",\"@id\":\"https:\/\/idakorea.ee\/product\/celimax-the-vita-a-retinal-shot-tightening-booster\/#breadcrumb\",\"itemListElement\":[{\"@type\":\"ListItem\",\"position\":1,\"name\":\"\u0413\u043b\u0430\u0432\u043d\u0430\u044f \u0441\u0442\u0440\u0430\u043d\u0438\u0446\u0430\",\"item\":\"https:\/\/idakorea.ee\/\"},{\"@type\":\"ListItem\",\"position\":2,\"name\":\"Shop\",\"item\":\"https:\/\/idakorea.ee\/shop-2\/\"},{\"@type\":\"ListItem\",\"position\":3,\"name\":\"Pinguldav booster-kreem retinaliga Celimax The Vita-A Retinal Shot Tightening Booster, 15ml\"}]},{\"@type\":\"WebSite\",\"@id\":\"https:\/\/idakorea.ee\/#website\",\"url\":\"https:\/\/idakorea.ee\/\",\"name\":\"IDA.KOREA\",\"description\":\"Korea kosmeetika e-pood\",\"publisher\":{\"@id\":\"https:\/\/idakorea.ee\/#organization\"},\"alternateName\":\"Beauty Shop\",\"potentialAction\":[{\"@type\":\"SearchAction\",\"target\":{\"@type\":\"EntryPoint\",\"urlTemplate\":\"https:\/\/idakorea.ee\/?s={search_term_string}\"},\"query-input\":{\"@type\":\"PropertyValueSpecification\",\"valueRequired\":true,\"valueName\":\"search_term_string\"}}],\"inLanguage\":\"fi\"},{\"@type\":\"Organization\",\"@id\":\"https:\/\/idakorea.ee\/#organization\",\"name\":\"IDA.KOREA\",\"url\":\"https:\/\/idakorea.ee\/\",\"logo\":{\"@type\":\"ImageObject\",\"inLanguage\":\"fi\",\"@id\":\"https:\/\/idakorea.ee\/#\/schema\/logo\/image\/\",\"url\":\"https:\/\/idakorea.ee\/wp-content\/uploads\/2024\/05\/cropped-korea3.png\",\"contentUrl\":\"https:\/\/idakorea.ee\/wp-content\/uploads\/2024\/05\/cropped-korea3.png\",\"width\":688,\"height\":126,\"caption\":\"IDA.KOREA\"},\"image\":{\"@id\":\"https:\/\/idakorea.ee\/#\/schema\/logo\/image\/\"},\"sameAs\":[\"https:\/\/www.instagram.com\/ida.korea\/\"]}]}<\/script>\n<!-- \/ Yoast SEO plugin. -->","yoast_head_json":{"title":"Celimax Vita-A -verkkokalvon kiinteytt\u00e4v\u00e4 tehoste - IDA.KOREA","description":"Kiinteytt\u00e4v\u00e4 Celimax-tehostevoide retinoli\u00f6ljyll\u00e4 silottaa ryppyj\u00e4, v\u00e4hent\u00e4\u00e4 pigmenttimuutoksia ja palauttaa ihon kimmoisuuden. Vahva antioksidanttinen ja ik\u00e4\u00e4ntymist\u00e4 ehk\u00e4isev\u00e4 vaikutus.","robots":{"index":"index","follow":"follow","max-snippet":"max-snippet:-1","max-image-preview":"max-image-preview:large","max-video-preview":"max-video-preview:-1"},"canonical":"https:\/\/idakorea.ee\/fi\/product\/celimax-the-vita-a-retinal-shot-tightening-booster\/","og_locale":"fi_FI","og_type":"article","og_title":"Celimax The Vita-A Retinal Shot Tightening Booster - IDA.KOREA","og_description":"Pinguldav Celimax booster-kreem retinaliga silub kortse, v\u00e4hendab pigmentatsiooni ja taastab elastsuse. Tugev antioks\u00fcdantne ja vananemisvastane toime.","og_url":"https:\/\/idakorea.ee\/fi\/product\/celimax-the-vita-a-retinal-shot-tightening-booster\/","og_site_name":"IDA.KOREA","article_modified_time":"2026-04-11T14:19:16+00:00","og_image":[{"width":1000,"height":1000,"url":"https:\/\/idakorea.ee\/wp-content\/uploads\/2025\/09\/celimax-the-vita_a-retinal-shot-tightening-booster-idakorea.jpg","type":"image\/jpeg"}],"twitter_card":"summary_large_image","twitter_misc":{"Arvioitu lukuaika":"3 minuuttia"},"schema":{"@context":"https:\/\/schema.org","@graph":[{"@type":"WebPage","@id":"https:\/\/idakorea.ee\/product\/celimax-the-vita-a-retinal-shot-tightening-booster\/","url":"https:\/\/idakorea.ee\/product\/celimax-the-vita-a-retinal-shot-tightening-booster\/","name":"Celimax Vita-A -verkkokalvon kiinteytt\u00e4v\u00e4 tehoste - IDA.KOREA","isPartOf":{"@id":"https:\/\/idakorea.ee\/#website"},"primaryImageOfPage":{"@id":"https:\/\/idakorea.ee\/product\/celimax-the-vita-a-retinal-shot-tightening-booster\/#primaryimage"},"image":{"@id":"https:\/\/idakorea.ee\/product\/celimax-the-vita-a-retinal-shot-tightening-booster\/#primaryimage"},"thumbnailUrl":"https:\/\/idakorea.ee\/wp-content\/uploads\/2025\/09\/celimax-the-vita_a-retinal-shot-tightening-booster-idakorea.jpg","datePublished":"2025-09-26T08:34:29+00:00","dateModified":"2026-04-11T14:19:16+00:00","description":"Kiinteytt\u00e4v\u00e4 Celimax-tehostevoide retinoli\u00f6ljyll\u00e4 silottaa ryppyj\u00e4, v\u00e4hent\u00e4\u00e4 pigmenttimuutoksia ja palauttaa ihon kimmoisuuden. Vahva antioksidanttinen ja ik\u00e4\u00e4ntymist\u00e4 ehk\u00e4isev\u00e4 vaikutus.","breadcrumb":{"@id":"https:\/\/idakorea.ee\/product\/celimax-the-vita-a-retinal-shot-tightening-booster\/#breadcrumb"},"inLanguage":"fi","potentialAction":[{"@type":"ReadAction","target":["https:\/\/idakorea.ee\/product\/celimax-the-vita-a-retinal-shot-tightening-booster\/"]}]},{"@type":"ImageObject","inLanguage":"fi","@id":"https:\/\/idakorea.ee\/product\/celimax-the-vita-a-retinal-shot-tightening-booster\/#primaryimage","url":"https:\/\/idakorea.ee\/wp-content\/uploads\/2025\/09\/celimax-the-vita_a-retinal-shot-tightening-booster-idakorea.jpg","contentUrl":"https:\/\/idakorea.ee\/wp-content\/uploads\/2025\/09\/celimax-the-vita_a-retinal-shot-tightening-booster-idakorea.jpg","width":1000,"height":1000},{"@type":"BreadcrumbList","@id":"https:\/\/idakorea.ee\/product\/celimax-the-vita-a-retinal-shot-tightening-booster\/#breadcrumb","itemListElement":[{"@type":"ListItem","position":1,"name":"\u0413\u043b\u0430\u0432\u043d\u0430\u044f \u0441\u0442\u0440\u0430\u043d\u0438\u0446\u0430","item":"https:\/\/idakorea.ee\/"},{"@type":"ListItem","position":2,"name":"Shop","item":"https:\/\/idakorea.ee\/shop-2\/"},{"@type":"ListItem","position":3,"name":"Pinguldav booster-kreem retinaliga Celimax The Vita-A Retinal Shot Tightening Booster, 15ml"}]},{"@type":"WebSite","@id":"https:\/\/idakorea.ee\/#website","url":"https:\/\/idakorea.ee\/","name":"IDA.KOREA","description":"Korean kosmetiikan verkkokauppa","publisher":{"@id":"https:\/\/idakorea.ee\/#organization"},"alternateName":"Beauty Shop","potentialAction":[{"@type":"SearchAction","target":{"@type":"EntryPoint","urlTemplate":"https:\/\/idakorea.ee\/?s={search_term_string}"},"query-input":{"@type":"PropertyValueSpecification","valueRequired":true,"valueName":"search_term_string"}}],"inLanguage":"fi"},{"@type":"Organization","@id":"https:\/\/idakorea.ee\/#organization","name":"IDA.KOREA","url":"https:\/\/idakorea.ee\/","logo":{"@type":"ImageObject","inLanguage":"fi","@id":"https:\/\/idakorea.ee\/#\/schema\/logo\/image\/","url":"https:\/\/idakorea.ee\/wp-content\/uploads\/2024\/05\/cropped-korea3.png","contentUrl":"https:\/\/idakorea.ee\/wp-content\/uploads\/2024\/05\/cropped-korea3.png","width":688,"height":126,"caption":"IDA.KOREA"},"image":{"@id":"https:\/\/idakorea.ee\/#\/schema\/logo\/image\/"},"sameAs":["https:\/\/www.instagram.com\/ida.korea\/"]}]}},"jetpack_sharing_enabled":true,"brands":[{"id":885,"name":"CELIMAX","slug":"celimax"}],"_links":{"self":[{"href":"https:\/\/idakorea.ee\/fi\/wp-json\/wp\/v2\/product\/15970","targetHints":{"allow":["GET"]}}],"collection":[{"href":"https:\/\/idakorea.ee\/fi\/wp-json\/wp\/v2\/product"}],"about":[{"href":"https:\/\/idakorea.ee\/fi\/wp-json\/wp\/v2\/types\/product"}],"replies":[{"embeddable":true,"href":"https:\/\/idakorea.ee\/fi\/wp-json\/wp\/v2\/comments?post=15970"}],"version-history":[{"count":4,"href":"https:\/\/idakorea.ee\/fi\/wp-json\/wp\/v2\/product\/15970\/revisions"}],"predecessor-version":[{"id":16951,"href":"https:\/\/idakorea.ee\/fi\/wp-json\/wp\/v2\/product\/15970\/revisions\/16951"}],"wp:featuredmedia":[{"embeddable":true,"href":"https:\/\/idakorea.ee\/fi\/wp-json\/wp\/v2\/media\/15971"}],"wp:attachment":[{"href":"https:\/\/idakorea.ee\/fi\/wp-json\/wp\/v2\/media?parent=15970"}],"wp:term":[{"taxonomy":"pwb-brand","embeddable":true,"href":"https:\/\/idakorea.ee\/fi\/wp-json\/wp\/v2\/pwb-brand?post=15970"},{"taxonomy":"product_brand","embeddable":true,"href":"https:\/\/idakorea.ee\/fi\/wp-json\/wp\/v2\/product_brand?post=15970"},{"taxonomy":"product_cat","embeddable":true,"href":"https:\/\/idakorea.ee\/fi\/wp-json\/wp\/v2\/product_cat?post=15970"},{"taxonomy":"product_tag","embeddable":true,"href":"https:\/\/idakorea.ee\/fi\/wp-json\/wp\/v2\/product_tag?post=15970"}],"curies":[{"name":"wp","href":"https:\/\/api.w.org\/{rel}","templated":true}]}}