{"id":15975,"date":"2025-09-26T11:54:53","date_gmt":"2025-09-26T08:54:53","guid":{"rendered":"https:\/\/idakorea.ee\/?post_type=product&#038;p=15975"},"modified":"2026-03-13T18:28:45","modified_gmt":"2026-03-13T16:28:45","slug":"celimax-pore-dark-spot-brightening-cream","status":"publish","type":"product","link":"https:\/\/idakorea.ee\/fi\/product\/celimax-pore-dark-spot-brightening-cream\/","title":{"rendered":"Tasapainottava voide iholle Celimax Pore+Dark Spot Brightening Cream, 35ml"},"content":{"rendered":"<p data-start=\"39\" data-end=\"218\"><strong data-start=\"39\" data-end=\"83\">Celimax Pore+Dark Spot Brightening Cream<\/strong> Taistelee ik\u00e4l\u00e4iski\u00e4 vastaan, supistaa laajentuneita ihohuokosia, poistaa sameutta ja antaa iholle sile\u00e4n ja terveen hehkun. pH-taso 6,1\u20138,1.<\/p>\n<p data-start=\"220\" data-end=\"349\">Voide vaalentaa pisamia, aknearpia ja UV-s\u00e4teilyn aiheuttamia pigmenttil\u00e4iski\u00e4. V\u00e4hent\u00e4\u00e4 punoitusta nen\u00e4ss\u00e4 ja poskissa.<\/p>\n<p data-start=\"351\" data-end=\"474\">Parantaa ihon sileytt\u00e4 ja kimmoisuutta, kosteuttaa ja pehment\u00e4\u00e4. Ei aiheuta kuivuutta tai \u00e4rsytyst\u00e4, sopii my\u00f6s herk\u00e4lle iholle.<\/p>\n<p data-start=\"476\" data-end=\"502\"><strong data-start=\"476\" data-end=\"500\">T\u00e4rkeimm\u00e4t vaikuttavat aineet:<\/strong><\/p>\n<ul data-start=\"503\" data-end=\"1710\">\n<li data-start=\"503\" data-end=\"710\">\n<p data-start=\"505\" data-end=\"710\"><strong data-start=\"505\" data-end=\"540\">5% Niasiiniamidi (B3-vitamiini)<\/strong> \u2013 monipuolinen vaikutus: s\u00e4\u00e4telee talin erityst\u00e4 ja v\u00e4hent\u00e4\u00e4 kiiltoa, kirkastaa ja ehk\u00e4isee pigmenttimuutoksia, stimuloi kollageenin tuotantoa ja parantaa ihon kimmoisuutta.<\/p>\n<\/li>\n<li data-start=\"711\" data-end=\"903\">\n<p data-start=\"713\" data-end=\"903\"><strong data-start=\"713\" data-end=\"735\">5% traneksaamihappo<\/strong> \u2013 tehokas kirkastava ainesosa, joka est\u00e4\u00e4 tyrosinaasin (melaniinin tuotantoa k\u00e4ynnist\u00e4v\u00e4n entsyymin) aktiivisuutta. Ei aiheuta valoherkkyytt\u00e4, sopii p\u00e4iv\u00e4k\u00e4ytt\u00f6\u00f6n.<\/p>\n<\/li>\n<li data-start=\"904\" data-end=\"1043\">\n<p data-start=\"906\" data-end=\"1043\"><strong data-start=\"906\" data-end=\"922\">1% Melazero\u00ae<\/strong> \u2013 nespiliin, minttuun ja dekyyliglukosidiin perustuva yrttiyhdistelm\u00e4. Auttaa ehk\u00e4isem\u00e4\u00e4n ik\u00e4l\u00e4iskien ja melasman muodostumista.<\/p>\n<\/li>\n<li data-start=\"1044\" data-end=\"1251\">\n<p data-start=\"1046\" data-end=\"1251\"><strong data-start=\"1046\" data-end=\"1068\">5 keramidia (0.1%)<\/strong> \u2013 ihon omien lipidien kaltaisia: vahvistavat ihon luonnollista suojakerrosta, v\u00e4hent\u00e4v\u00e4t hilseily\u00e4 ja kuivuutta, est\u00e4v\u00e4t kosteuden haihtumista ja v\u00e4hent\u00e4v\u00e4t herkkyytt\u00e4 ulkoisille \u00e4rsykkeille.<\/p>\n<\/li>\n<li data-start=\"1252\" data-end=\"1471\">\n<p data-start=\"1254\" data-end=\"1471\"><strong data-start=\"1254\" data-end=\"1284\">Askorbiinihappopolypeptidi<\/strong> \u2013 C-vitamiinin muoto, joka muuttuu v\u00e4litt\u00f6m\u00e4sti askorbiinihapoksi iholle levitettyn\u00e4. Stimuloi kollageenisynteesi\u00e4, vaalentaa pigmenttil\u00e4iski\u00e4 ja tarjoaa antioksidanttisuojan ehk\u00e4isten ryppyj\u00e4.<\/p>\n<\/li>\n<li data-start=\"1472\" data-end=\"1710\">\n<p data-start=\"1474\" data-end=\"1710\"><strong data-start=\"1474\" data-end=\"1497\">Natriumhyaluronaatti<\/strong> \u2013 pienimolekyylipainoinen hyaluronihappo. Tunkeutuu syv\u00e4lle sarveiskerrokseen, kosteuttaa tehokkaasti, lis\u00e4\u00e4 ihon kimmoisuutta ja silottaa pintaa. Celimax-hyaluronaatti saadaan ohran fermentoinnista ja on siksi vegaaninen.<\/p>\n<\/li>\n<\/ul>\n<p data-start=\"1712\" data-end=\"1744\">Sopii kaikille ihotyypeille.<\/p>\n<p data-start=\"1746\" data-end=\"1941\"><strong data-start=\"1746\" data-end=\"1761\">K\u00e4ytt\u00f6:<\/strong> Puhdistuksen, kasvoveden ja seerumin j\u00e4lkeen levit\u00e4 voide kasvoille ja levit\u00e4 tasaisesti iholle. Se sopii my\u00f6s ulkoiseen k\u00e4ytt\u00f6\u00f6n. Voidaan k\u00e4ytt\u00e4\u00e4 sek\u00e4 aamuin ett\u00e4 illoin.<\/p>","protected":false},"excerpt":{"rendered":"<p>Celimax Pore+Dark Spot Brightening Cream taistelee pigmenttil\u00e4iski\u00e4 vastaan, supistaa laajentuneita ihohuokosia, poistaa sameutta ja antaa iholle sile\u00e4n ja terveen hehkun. pH-taso 6,1\u20138,1. Voide kirkastaa pisamia, aknearpia ja UV-s\u00e4teilyn aiheuttamia pigmenttil\u00e4iski\u00e4. V\u00e4hent\u00e4\u00e4 punoitusta nen\u00e4ss\u00e4 ja poskissa. Parantaa ihon sileytt\u00e4 ja kimmoisuutta, kosteuttaa ja pehment\u00e4\u00e4. Ei aiheuta kuivumista tai \u00e4rsytyst\u00e4, sopii my\u00f6s herk\u00e4lle iholle. P\u00e4\u00e4asiallinen\u2026<\/p>","protected":false},"featured_media":15976,"comment_status":"open","ping_status":"closed","template":"","meta":{"_uf_show_specific_survey":0,"_uf_disable_surveys":false,"_bst_post_transparent":"default","_bst_post_title":"","_bst_post_layout":"default","_bst_post_sidebar_id":"","_bst_post_content_style":"default","_bst_post_vertical_padding":"default","_bst_post_feature":"","_bst_post_feature_position":"","_bst_post_header":false,"_bst_post_footer":false},"pwb-brand":[885],"product_brand":[],"product_cat":[92,96],"product_tag":[847,886,230,634],"class_list":{"0":"post-15975","1":"product","2":"type-product","3":"status-publish","4":"has-post-thumbnail","6":"pwb-brand-celimax","7":"product_cat-nagu","8":"product_cat-naokreemid","9":"product_tag-acne","10":"product_tag-celimax","11":"product_tag-pigment","12":"product_tag-vitamin-c","14":"first","15":"instock","16":"sale","17":"shipping-taxable","18":"purchasable","19":"product-type-simple","20":"entry","21":"content-bg","22":"loop-entry"},"supplier_id":null,"supplier_sku":"","barcode":null,"atum_controlled":true,"out_stock_date":null,"out_stock_threshold":null,"inheritable":false,"inbound_stock":0,"stock_on_hold":0,"sold_today":0,"sales_last_days":0,"out_stock_days":0,"lost_sales":0,"has_location":false,"update_date":"2026-04-14T00:05:09","atum_locations":[],"atum_stock_status":"instock","restock_status":false,"low_stock_amount":"","sales_update_date":"2026-04-14T00:05:09","calc_backorders":null,"yoast_head":"<!-- This site is optimized with the Yoast SEO plugin v27.2 - https:\/\/yoast.com\/product\/yoast-seo-wordpress\/ -->\n<title>Celimax Pore+Dark Spot Brightening Cream - IDA.KOREA<\/title>\n<meta name=\"description\" content=\"Celimax Pore+Dark Spot Brightening Cream heledab pigmendilaike, ahendab poore ja \u00fchtlustab nahatooni. Niatsiinamiid, traneksaamhape ja vitamiin-C annavad s\u00e4ra.\" \/>\n<meta name=\"robots\" content=\"index, follow, max-snippet:-1, max-image-preview:large, max-video-preview:-1\" \/>\n<link rel=\"canonical\" href=\"https:\/\/idakorea.ee\/fi\/product\/celimax-pore-dark-spot-brightening-cream\/\" \/>\n<meta property=\"og:locale\" content=\"fi_FI\" \/>\n<meta property=\"og:type\" content=\"article\" \/>\n<meta property=\"og:title\" content=\"Celimax Pore+Dark Spot Brightening Cream - IDA.KOREA\" \/>\n<meta property=\"og:description\" content=\"Celimax Pore+Dark Spot Brightening Cream heledab pigmendilaike, ahendab poore ja \u00fchtlustab nahatooni. Niatsiinamiid, traneksaamhape ja vitamiin-C annavad s\u00e4ra.\" \/>\n<meta property=\"og:url\" content=\"https:\/\/idakorea.ee\/fi\/product\/celimax-pore-dark-spot-brightening-cream\/\" \/>\n<meta property=\"og:site_name\" content=\"IDA.KOREA\" \/>\n<meta property=\"article:modified_time\" content=\"2026-03-13T16:28:45+00:00\" \/>\n<meta property=\"og:image\" content=\"https:\/\/idakorea.ee\/wp-content\/uploads\/2025\/09\/celimaxpore_darkspotbrighteningcream-idakorea.webp\" \/>\n\t<meta property=\"og:image:width\" content=\"950\" \/>\n\t<meta property=\"og:image:height\" content=\"950\" \/>\n\t<meta property=\"og:image:type\" content=\"image\/webp\" \/>\n<meta name=\"twitter:card\" content=\"summary_large_image\" \/>\n<meta name=\"twitter:label1\" content=\"Arvioitu lukuaika\" \/>\n\t<meta name=\"twitter:data1\" content=\"2 minuuttia\" \/>\n<script type=\"application\/ld+json\" class=\"yoast-schema-graph\">{\"@context\":\"https:\/\/schema.org\",\"@graph\":[{\"@type\":\"WebPage\",\"@id\":\"https:\/\/idakorea.ee\/product\/celimax-pore-dark-spot-brightening-cream\/\",\"url\":\"https:\/\/idakorea.ee\/product\/celimax-pore-dark-spot-brightening-cream\/\",\"name\":\"Celimax Pore+Dark Spot Brightening Cream - IDA.KOREA\",\"isPartOf\":{\"@id\":\"https:\/\/idakorea.ee\/#website\"},\"primaryImageOfPage\":{\"@id\":\"https:\/\/idakorea.ee\/product\/celimax-pore-dark-spot-brightening-cream\/#primaryimage\"},\"image\":{\"@id\":\"https:\/\/idakorea.ee\/product\/celimax-pore-dark-spot-brightening-cream\/#primaryimage\"},\"thumbnailUrl\":\"https:\/\/idakorea.ee\/wp-content\/uploads\/2025\/09\/celimaxpore_darkspotbrighteningcream-idakorea.webp\",\"datePublished\":\"2025-09-26T08:54:53+00:00\",\"dateModified\":\"2026-03-13T16:28:45+00:00\",\"description\":\"Celimax Pore+Dark Spot Brightening Cream heledab pigmendilaike, ahendab poore ja \u00fchtlustab nahatooni. Niatsiinamiid, traneksaamhape ja vitamiin-C annavad s\u00e4ra.\",\"breadcrumb\":{\"@id\":\"https:\/\/idakorea.ee\/product\/celimax-pore-dark-spot-brightening-cream\/#breadcrumb\"},\"inLanguage\":\"fi\",\"potentialAction\":[{\"@type\":\"ReadAction\",\"target\":[\"https:\/\/idakorea.ee\/product\/celimax-pore-dark-spot-brightening-cream\/\"]}]},{\"@type\":\"ImageObject\",\"inLanguage\":\"fi\",\"@id\":\"https:\/\/idakorea.ee\/product\/celimax-pore-dark-spot-brightening-cream\/#primaryimage\",\"url\":\"https:\/\/idakorea.ee\/wp-content\/uploads\/2025\/09\/celimaxpore_darkspotbrighteningcream-idakorea.webp\",\"contentUrl\":\"https:\/\/idakorea.ee\/wp-content\/uploads\/2025\/09\/celimaxpore_darkspotbrighteningcream-idakorea.webp\",\"width\":950,\"height\":950},{\"@type\":\"BreadcrumbList\",\"@id\":\"https:\/\/idakorea.ee\/product\/celimax-pore-dark-spot-brightening-cream\/#breadcrumb\",\"itemListElement\":[{\"@type\":\"ListItem\",\"position\":1,\"name\":\"\u0413\u043b\u0430\u0432\u043d\u0430\u044f \u0441\u0442\u0440\u0430\u043d\u0438\u0446\u0430\",\"item\":\"https:\/\/idakorea.ee\/\"},{\"@type\":\"ListItem\",\"position\":2,\"name\":\"Shop\",\"item\":\"https:\/\/idakorea.ee\/shop-2\/\"},{\"@type\":\"ListItem\",\"position\":3,\"name\":\"Kreem naha tooni ja tekstuuri \u00fchtlustamiseks Celimax Pore+Dark Spot Brightening Cream, 35ml\"}]},{\"@type\":\"WebSite\",\"@id\":\"https:\/\/idakorea.ee\/#website\",\"url\":\"https:\/\/idakorea.ee\/\",\"name\":\"IDA.KOREA\",\"description\":\"Korea kosmeetika e-pood\",\"publisher\":{\"@id\":\"https:\/\/idakorea.ee\/#organization\"},\"alternateName\":\"Beauty Shop\",\"potentialAction\":[{\"@type\":\"SearchAction\",\"target\":{\"@type\":\"EntryPoint\",\"urlTemplate\":\"https:\/\/idakorea.ee\/?s={search_term_string}\"},\"query-input\":{\"@type\":\"PropertyValueSpecification\",\"valueRequired\":true,\"valueName\":\"search_term_string\"}}],\"inLanguage\":\"fi\"},{\"@type\":\"Organization\",\"@id\":\"https:\/\/idakorea.ee\/#organization\",\"name\":\"IDA.KOREA\",\"url\":\"https:\/\/idakorea.ee\/\",\"logo\":{\"@type\":\"ImageObject\",\"inLanguage\":\"fi\",\"@id\":\"https:\/\/idakorea.ee\/#\/schema\/logo\/image\/\",\"url\":\"https:\/\/idakorea.ee\/wp-content\/uploads\/2024\/05\/cropped-korea3.png\",\"contentUrl\":\"https:\/\/idakorea.ee\/wp-content\/uploads\/2024\/05\/cropped-korea3.png\",\"width\":688,\"height\":126,\"caption\":\"IDA.KOREA\"},\"image\":{\"@id\":\"https:\/\/idakorea.ee\/#\/schema\/logo\/image\/\"},\"sameAs\":[\"https:\/\/www.instagram.com\/ida.korea\/\"]}]}<\/script>\n<!-- \/ Yoast SEO plugin. -->","yoast_head_json":{"title":"Celimax Pore+Dark Spot -kirkastava voide - IDA.KOREA","description":"Celimax Pore+Dark Spot Brightening Cream vaalentaa tummia l\u00e4iski\u00e4, supistaa ihohuokosia ja tasoittaa ihon s\u00e4vy\u00e4. Niasiiniamidi, traneksaamihappo ja C-vitamiini antavat iholle hehkua.","robots":{"index":"index","follow":"follow","max-snippet":"max-snippet:-1","max-image-preview":"max-image-preview:large","max-video-preview":"max-video-preview:-1"},"canonical":"https:\/\/idakorea.ee\/fi\/product\/celimax-pore-dark-spot-brightening-cream\/","og_locale":"fi_FI","og_type":"article","og_title":"Celimax Pore+Dark Spot Brightening Cream - IDA.KOREA","og_description":"Celimax Pore+Dark Spot Brightening Cream heledab pigmendilaike, ahendab poore ja \u00fchtlustab nahatooni. Niatsiinamiid, traneksaamhape ja vitamiin-C annavad s\u00e4ra.","og_url":"https:\/\/idakorea.ee\/fi\/product\/celimax-pore-dark-spot-brightening-cream\/","og_site_name":"IDA.KOREA","article_modified_time":"2026-03-13T16:28:45+00:00","og_image":[{"width":950,"height":950,"url":"https:\/\/idakorea.ee\/wp-content\/uploads\/2025\/09\/celimaxpore_darkspotbrighteningcream-idakorea.webp","type":"image\/webp"}],"twitter_card":"summary_large_image","twitter_misc":{"Arvioitu lukuaika":"2 minuuttia"},"schema":{"@context":"https:\/\/schema.org","@graph":[{"@type":"WebPage","@id":"https:\/\/idakorea.ee\/product\/celimax-pore-dark-spot-brightening-cream\/","url":"https:\/\/idakorea.ee\/product\/celimax-pore-dark-spot-brightening-cream\/","name":"Celimax Pore+Dark Spot -kirkastava voide - IDA.KOREA","isPartOf":{"@id":"https:\/\/idakorea.ee\/#website"},"primaryImageOfPage":{"@id":"https:\/\/idakorea.ee\/product\/celimax-pore-dark-spot-brightening-cream\/#primaryimage"},"image":{"@id":"https:\/\/idakorea.ee\/product\/celimax-pore-dark-spot-brightening-cream\/#primaryimage"},"thumbnailUrl":"https:\/\/idakorea.ee\/wp-content\/uploads\/2025\/09\/celimaxpore_darkspotbrighteningcream-idakorea.webp","datePublished":"2025-09-26T08:54:53+00:00","dateModified":"2026-03-13T16:28:45+00:00","description":"Celimax Pore+Dark Spot Brightening Cream vaalentaa tummia l\u00e4iski\u00e4, supistaa ihohuokosia ja tasoittaa ihon s\u00e4vy\u00e4. Niasiiniamidi, traneksaamihappo ja C-vitamiini antavat iholle hehkua.","breadcrumb":{"@id":"https:\/\/idakorea.ee\/product\/celimax-pore-dark-spot-brightening-cream\/#breadcrumb"},"inLanguage":"fi","potentialAction":[{"@type":"ReadAction","target":["https:\/\/idakorea.ee\/product\/celimax-pore-dark-spot-brightening-cream\/"]}]},{"@type":"ImageObject","inLanguage":"fi","@id":"https:\/\/idakorea.ee\/product\/celimax-pore-dark-spot-brightening-cream\/#primaryimage","url":"https:\/\/idakorea.ee\/wp-content\/uploads\/2025\/09\/celimaxpore_darkspotbrighteningcream-idakorea.webp","contentUrl":"https:\/\/idakorea.ee\/wp-content\/uploads\/2025\/09\/celimaxpore_darkspotbrighteningcream-idakorea.webp","width":950,"height":950},{"@type":"BreadcrumbList","@id":"https:\/\/idakorea.ee\/product\/celimax-pore-dark-spot-brightening-cream\/#breadcrumb","itemListElement":[{"@type":"ListItem","position":1,"name":"\u0413\u043b\u0430\u0432\u043d\u0430\u044f \u0441\u0442\u0440\u0430\u043d\u0438\u0446\u0430","item":"https:\/\/idakorea.ee\/"},{"@type":"ListItem","position":2,"name":"Shop","item":"https:\/\/idakorea.ee\/shop-2\/"},{"@type":"ListItem","position":3,"name":"Kreem naha tooni ja tekstuuri \u00fchtlustamiseks Celimax Pore+Dark Spot Brightening Cream, 35ml"}]},{"@type":"WebSite","@id":"https:\/\/idakorea.ee\/#website","url":"https:\/\/idakorea.ee\/","name":"IDA.KOREA","description":"Korean kosmetiikan verkkokauppa","publisher":{"@id":"https:\/\/idakorea.ee\/#organization"},"alternateName":"Beauty Shop","potentialAction":[{"@type":"SearchAction","target":{"@type":"EntryPoint","urlTemplate":"https:\/\/idakorea.ee\/?s={search_term_string}"},"query-input":{"@type":"PropertyValueSpecification","valueRequired":true,"valueName":"search_term_string"}}],"inLanguage":"fi"},{"@type":"Organization","@id":"https:\/\/idakorea.ee\/#organization","name":"IDA.KOREA","url":"https:\/\/idakorea.ee\/","logo":{"@type":"ImageObject","inLanguage":"fi","@id":"https:\/\/idakorea.ee\/#\/schema\/logo\/image\/","url":"https:\/\/idakorea.ee\/wp-content\/uploads\/2024\/05\/cropped-korea3.png","contentUrl":"https:\/\/idakorea.ee\/wp-content\/uploads\/2024\/05\/cropped-korea3.png","width":688,"height":126,"caption":"IDA.KOREA"},"image":{"@id":"https:\/\/idakorea.ee\/#\/schema\/logo\/image\/"},"sameAs":["https:\/\/www.instagram.com\/ida.korea\/"]}]}},"jetpack_sharing_enabled":true,"brands":[{"id":885,"name":"CELIMAX","slug":"celimax"}],"_links":{"self":[{"href":"https:\/\/idakorea.ee\/fi\/wp-json\/wp\/v2\/product\/15975","targetHints":{"allow":["GET"]}}],"collection":[{"href":"https:\/\/idakorea.ee\/fi\/wp-json\/wp\/v2\/product"}],"about":[{"href":"https:\/\/idakorea.ee\/fi\/wp-json\/wp\/v2\/types\/product"}],"replies":[{"embeddable":true,"href":"https:\/\/idakorea.ee\/fi\/wp-json\/wp\/v2\/comments?post=15975"}],"version-history":[{"count":1,"href":"https:\/\/idakorea.ee\/fi\/wp-json\/wp\/v2\/product\/15975\/revisions"}],"predecessor-version":[{"id":15979,"href":"https:\/\/idakorea.ee\/fi\/wp-json\/wp\/v2\/product\/15975\/revisions\/15979"}],"wp:featuredmedia":[{"embeddable":true,"href":"https:\/\/idakorea.ee\/fi\/wp-json\/wp\/v2\/media\/15976"}],"wp:attachment":[{"href":"https:\/\/idakorea.ee\/fi\/wp-json\/wp\/v2\/media?parent=15975"}],"wp:term":[{"taxonomy":"pwb-brand","embeddable":true,"href":"https:\/\/idakorea.ee\/fi\/wp-json\/wp\/v2\/pwb-brand?post=15975"},{"taxonomy":"product_brand","embeddable":true,"href":"https:\/\/idakorea.ee\/fi\/wp-json\/wp\/v2\/product_brand?post=15975"},{"taxonomy":"product_cat","embeddable":true,"href":"https:\/\/idakorea.ee\/fi\/wp-json\/wp\/v2\/product_cat?post=15975"},{"taxonomy":"product_tag","embeddable":true,"href":"https:\/\/idakorea.ee\/fi\/wp-json\/wp\/v2\/product_tag?post=15975"}],"curies":[{"name":"wp","href":"https:\/\/api.w.org\/{rel}","templated":true}]}}