{"id":16019,"date":"2025-10-02T14:55:43","date_gmt":"2025-10-02T11:55:43","guid":{"rendered":"https:\/\/idakorea.ee\/?post_type=product&#038;p=16019"},"modified":"2026-04-12T11:24:38","modified_gmt":"2026-04-12T09:24:38","slug":"eqqualberry-vitamin-illuminating-serum","status":"publish","type":"product","link":"https:\/\/idakorea.ee\/fi\/product\/eqqualberry-vitamin-illuminating-serum\/","title":{"rendered":"Vitamiiniseerumi Eqqualberry Vitamin Illuminating Serum, 30ml"},"content":{"rendered":"<p data-start=\"172\" data-end=\"492\"><strong>EQQUALBERRY Vitamin Illuminating Serum<\/strong> auttaa ihoa saavuttamaan s\u00e4teilev\u00e4n ja tasaisen ihonv\u00e4rin. Seerumi sis\u00e4lt\u00e4\u00e4 40 % acerola-vett\u00e4, joka on luonnollinen C-vitamiinin l\u00e4hde ja toimii tehokkaana antioksidanttina. Innovatiivinen kolmivaiheinen melaniinin hallintaj\u00e4rjestelm\u00e4 auttaa v\u00e4hent\u00e4m\u00e4\u00e4n ik\u00e4l\u00e4iski\u00e4 ja ehk\u00e4isem\u00e4\u00e4n uusien muodostumista:<\/p>\n<ul data-start=\"493\" data-end=\"755\">\n<li data-start=\"493\" data-end=\"542\">\n<p data-start=\"495\" data-end=\"542\">2 % arbutiini \u2013 est\u00e4\u00e4 melaniinisynteesi\u00e4,<\/p>\n<\/li>\n<li data-start=\"543\" data-end=\"628\">\n<p data-start=\"545\" data-end=\"628\">4 % niasiiniamidi (B3-vitamiini) \u2013 est\u00e4\u00e4 pigmentin kulkeutumisen ihosoluihin,<\/p>\n<\/li>\n<li data-start=\"629\" data-end=\"755\">\n<p data-start=\"631\" data-end=\"755\">luonnolliset kirkastavat ainesosat (aserola, glutationi, feruliinihappo) \u2013 auttavat h\u00e4ivytt\u00e4m\u00e4\u00e4n olemassa olevaa pigmenttimuutosta.<\/p>\n<\/li>\n<\/ul>\n<p data-start=\"757\" data-end=\"938\">Lis\u00e4ksi viisi erilaista keramidia vahvistaa ihon suojakerrosta, kahdeksan hyaluronihappokerrosta kosteuttaa syv\u00e4lt\u00e4 ja pantenoli rauhoittaa ja nopeuttaa ihon uudistumista.<\/p>\n<p data-start=\"945\" data-end=\"971\"><strong>T\u00e4rkeimm\u00e4t vaikuttavat aineet:<\/strong><\/p>\n<ul data-start=\"972\" data-end=\"1462\">\n<li data-start=\"972\" data-end=\"1036\">\n<p data-start=\"974\" data-end=\"1036\">Acerolavesi (40 %) \u2013 runsas C-vitamiinin l\u00e4hde, antaa iholle hehkua.<\/p>\n<\/li>\n<li data-start=\"1037\" data-end=\"1117\">\n<p data-start=\"1039\" data-end=\"1117\">Niasiiniamidi (4 %) \u2013 tasoittaa ihon s\u00e4vy\u00e4, v\u00e4hent\u00e4\u00e4 punoitusta ja supistaa ihohuokosia.<\/p>\n<\/li>\n<li data-start=\"1118\" data-end=\"1171\">\n<p data-start=\"1120\" data-end=\"1171\">Arbutiini (2 %) \u2013 tehokas pigmentaation v\u00e4hent\u00e4j\u00e4.<\/p>\n<\/li>\n<li data-start=\"1172\" data-end=\"1235\">\n<p data-start=\"1174\" data-end=\"1235\">5 keramidia \u2013 vahvistavat ihon suojakerrosta ja s\u00e4ilytt\u00e4v\u00e4t kosteuden.<\/p>\n<\/li>\n<li data-start=\"1236\" data-end=\"1305\">\n<p data-start=\"1238\" data-end=\"1305\">8 erilaista hyaluronihappoa \u2013 kosteuttavat ihoa syv\u00e4lt\u00e4 eri kerroksissa.<\/p>\n<\/li>\n<li data-start=\"1306\" data-end=\"1351\">\n<p data-start=\"1308\" data-end=\"1351\">Pantenoli \u2013 rauhoittaa, palauttaa ja suojaa.<\/p>\n<\/li>\n<li data-start=\"1352\" data-end=\"1462\">\n<p data-start=\"1354\" data-end=\"1462\">Antioksidantit (glutationi, feruliinihappo) \u2013 suojaavat vapailta radikaaleilta ja tukevat nuorekasta ihoa.<\/p>\n<\/li>\n<\/ul>\n<p data-start=\"1469\" data-end=\"1486\"><strong data-start=\"1469\" data-end=\"1484\"><strong data-start=\"1831\" data-end=\"1864\">Sopii <\/strong><\/strong>kaikille ihotyypeille<span style=\"font-weight: 400;\">, erityisesti samealle ja ep\u00e4tasaiselle ihons\u00e4vylle.<\/span><\/p>\n<p data-start=\"1469\" data-end=\"1486\"><strong data-start=\"1469\" data-end=\"1484\">K\u00e4ytt\u00f6: <\/strong>Puhdista iho ja levit\u00e4 kasvovett\u00e4. Levit\u00e4 pieni m\u00e4\u00e4r\u00e4 seerumia (2-3 tippaa) k\u00e4mmenellesi tai suoraan kasvoillesi. Levit\u00e4 hell\u00e4varaisesti kasvoille ja kaulalle taputtelemalla, kunnes se on t\u00e4ysin imeytynyt. Levit\u00e4 sen j\u00e4lkeen normaalisti k\u00e4ytt\u00e4m\u00e4si kosteusvoide. Suositellaan k\u00e4ytett\u00e4v\u00e4ksi aurinkovoiteen (SPF 30-50) kanssa p\u00e4iv\u00e4ll\u00e4 kirkastavan vaikutuksen maksimoimiseksi.<\/p>","protected":false},"excerpt":{"rendered":"<p>EQQUALBERRY Vitamin Illuminating Serum auttaa ihoa saavuttamaan s\u00e4teilev\u00e4n ja tasaisen s\u00e4vyn. Seerumi sis\u00e4lt\u00e4\u00e4 40 % % acerolavett\u00e4, joka on luonnollinen C-vitamiinin l\u00e4hde ja toimii vahvana antioksidanttina. Innovatiivinen kolmivaiheinen melaniinin hallintaj\u00e4rjestelm\u00e4 auttaa v\u00e4hent\u00e4m\u00e4\u00e4n ik\u00e4l\u00e4iski\u00e4 ja est\u00e4m\u00e4\u00e4n uusien muodostumista: 2 % arbutiini \u2013 est\u00e4\u00e4 melaniinisynteesi\u00e4, 4 % niasiiniamidi (B3-vitamiini) \u2013 est\u00e4\u00e4 pigmentin kulkeutumisen ihosoluihin, luonnollinen\u2026<\/p>","protected":false},"featured_media":16020,"comment_status":"open","ping_status":"closed","template":"","meta":{"_uf_show_specific_survey":0,"_uf_disable_surveys":false,"_bst_post_transparent":"default","_bst_post_title":"","_bst_post_layout":"default","_bst_post_sidebar_id":"","_bst_post_content_style":"default","_bst_post_vertical_padding":"default","_bst_post_feature":"","_bst_post_feature_position":"","_bst_post_header":false,"_bst_post_footer":false},"pwb-brand":[905],"product_brand":[],"product_cat":[92,97],"product_tag":[634],"class_list":{"0":"post-16019","1":"product","2":"type-product","3":"status-publish","4":"has-post-thumbnail","6":"pwb-brand-eqqualberry","7":"product_cat-nagu","8":"product_cat-naoseerumid-ja-olid","9":"product_tag-vitamin-c","11":"first","12":"outofstock","13":"sale","14":"shipping-taxable","15":"purchasable","16":"product-type-simple","17":"entry","18":"content-bg","19":"loop-entry"},"supplier_id":null,"supplier_sku":"","barcode":null,"atum_controlled":true,"out_stock_date":"2026-04-12 11:24:38","out_stock_threshold":null,"inheritable":false,"inbound_stock":0,"stock_on_hold":0,"sold_today":0,"sales_last_days":3,"out_stock_days":1,"lost_sales":3,"has_location":false,"update_date":"2026-04-14T09:34:44","atum_locations":[],"atum_stock_status":"outofstock","restock_status":false,"low_stock_amount":"","sales_update_date":"2026-04-14T09:34:44","calc_backorders":null,"yoast_head":"<!-- This site is optimized with the Yoast SEO plugin v27.2 - https:\/\/yoast.com\/product\/yoast-seo-wordpress\/ -->\n<title>Eqqualberry Vitamin Illuminating Serum, 30ml - IDA.KOREA<\/title>\n<meta name=\"description\" content=\"EQQUALBERRY Vitamin Illuminating Serum v\u00e4hendab pigmendilaike ja \u00fchtlustab nahatooni. 40% acerola, niatsiinamiid ja arbutiin annavad nahale s\u00e4ra.\" \/>\n<meta name=\"robots\" content=\"index, follow, max-snippet:-1, max-image-preview:large, max-video-preview:-1\" \/>\n<link rel=\"canonical\" href=\"https:\/\/idakorea.ee\/fi\/product\/eqqualberry-vitamin-illuminating-serum\/\" \/>\n<meta property=\"og:locale\" content=\"fi_FI\" \/>\n<meta property=\"og:type\" content=\"article\" \/>\n<meta property=\"og:title\" content=\"Eqqualberry Vitamin Illuminating Serum, 30ml - IDA.KOREA\" \/>\n<meta property=\"og:description\" content=\"EQQUALBERRY Vitamin Illuminating Serum v\u00e4hendab pigmendilaike ja \u00fchtlustab nahatooni. 40% acerola, niatsiinamiid ja arbutiin annavad nahale s\u00e4ra.\" \/>\n<meta property=\"og:url\" content=\"https:\/\/idakorea.ee\/fi\/product\/eqqualberry-vitamin-illuminating-serum\/\" \/>\n<meta property=\"og:site_name\" content=\"IDA.KOREA\" \/>\n<meta property=\"article:modified_time\" content=\"2026-04-12T09:24:38+00:00\" \/>\n<meta property=\"og:image\" content=\"https:\/\/idakorea.ee\/wp-content\/uploads\/2025\/10\/eqqualberry-vitamin-illuminating-serum-idakorea.jpg\" \/>\n\t<meta property=\"og:image:width\" content=\"1500\" \/>\n\t<meta property=\"og:image:height\" content=\"1500\" \/>\n\t<meta property=\"og:image:type\" content=\"image\/jpeg\" \/>\n<meta name=\"twitter:card\" content=\"summary_large_image\" \/>\n<meta name=\"twitter:label1\" content=\"Arvioitu lukuaika\" \/>\n\t<meta name=\"twitter:data1\" content=\"2 minuuttia\" \/>\n<script type=\"application\/ld+json\" class=\"yoast-schema-graph\">{\"@context\":\"https:\/\/schema.org\",\"@graph\":[{\"@type\":\"WebPage\",\"@id\":\"https:\/\/idakorea.ee\/product\/eqqualberry-vitamin-illuminating-serum\/\",\"url\":\"https:\/\/idakorea.ee\/product\/eqqualberry-vitamin-illuminating-serum\/\",\"name\":\"Eqqualberry Vitamin Illuminating Serum, 30ml - IDA.KOREA\",\"isPartOf\":{\"@id\":\"https:\/\/idakorea.ee\/#website\"},\"primaryImageOfPage\":{\"@id\":\"https:\/\/idakorea.ee\/product\/eqqualberry-vitamin-illuminating-serum\/#primaryimage\"},\"image\":{\"@id\":\"https:\/\/idakorea.ee\/product\/eqqualberry-vitamin-illuminating-serum\/#primaryimage\"},\"thumbnailUrl\":\"https:\/\/idakorea.ee\/wp-content\/uploads\/2025\/10\/eqqualberry-vitamin-illuminating-serum-idakorea.jpg\",\"datePublished\":\"2025-10-02T11:55:43+00:00\",\"dateModified\":\"2026-04-12T09:24:38+00:00\",\"description\":\"EQQUALBERRY Vitamin Illuminating Serum v\u00e4hendab pigmendilaike ja \u00fchtlustab nahatooni. 40% acerola, niatsiinamiid ja arbutiin annavad nahale s\u00e4ra.\",\"breadcrumb\":{\"@id\":\"https:\/\/idakorea.ee\/product\/eqqualberry-vitamin-illuminating-serum\/#breadcrumb\"},\"inLanguage\":\"fi\",\"potentialAction\":[{\"@type\":\"ReadAction\",\"target\":[\"https:\/\/idakorea.ee\/product\/eqqualberry-vitamin-illuminating-serum\/\"]}]},{\"@type\":\"ImageObject\",\"inLanguage\":\"fi\",\"@id\":\"https:\/\/idakorea.ee\/product\/eqqualberry-vitamin-illuminating-serum\/#primaryimage\",\"url\":\"https:\/\/idakorea.ee\/wp-content\/uploads\/2025\/10\/eqqualberry-vitamin-illuminating-serum-idakorea.jpg\",\"contentUrl\":\"https:\/\/idakorea.ee\/wp-content\/uploads\/2025\/10\/eqqualberry-vitamin-illuminating-serum-idakorea.jpg\",\"width\":1500,\"height\":1500},{\"@type\":\"BreadcrumbList\",\"@id\":\"https:\/\/idakorea.ee\/product\/eqqualberry-vitamin-illuminating-serum\/#breadcrumb\",\"itemListElement\":[{\"@type\":\"ListItem\",\"position\":1,\"name\":\"\u0413\u043b\u0430\u0432\u043d\u0430\u044f \u0441\u0442\u0440\u0430\u043d\u0438\u0446\u0430\",\"item\":\"https:\/\/idakorea.ee\/\"},{\"@type\":\"ListItem\",\"position\":2,\"name\":\"Shop\",\"item\":\"https:\/\/idakorea.ee\/shop-2\/\"},{\"@type\":\"ListItem\",\"position\":3,\"name\":\"Vitamiini seerum Eqqualberry Vitamin Illuminating Serum, 30ml\"}]},{\"@type\":\"WebSite\",\"@id\":\"https:\/\/idakorea.ee\/#website\",\"url\":\"https:\/\/idakorea.ee\/\",\"name\":\"IDA.KOREA\",\"description\":\"Korea kosmeetika e-pood\",\"publisher\":{\"@id\":\"https:\/\/idakorea.ee\/#organization\"},\"alternateName\":\"Beauty Shop\",\"potentialAction\":[{\"@type\":\"SearchAction\",\"target\":{\"@type\":\"EntryPoint\",\"urlTemplate\":\"https:\/\/idakorea.ee\/?s={search_term_string}\"},\"query-input\":{\"@type\":\"PropertyValueSpecification\",\"valueRequired\":true,\"valueName\":\"search_term_string\"}}],\"inLanguage\":\"fi\"},{\"@type\":\"Organization\",\"@id\":\"https:\/\/idakorea.ee\/#organization\",\"name\":\"IDA.KOREA\",\"url\":\"https:\/\/idakorea.ee\/\",\"logo\":{\"@type\":\"ImageObject\",\"inLanguage\":\"fi\",\"@id\":\"https:\/\/idakorea.ee\/#\/schema\/logo\/image\/\",\"url\":\"https:\/\/idakorea.ee\/wp-content\/uploads\/2024\/05\/cropped-korea3.png\",\"contentUrl\":\"https:\/\/idakorea.ee\/wp-content\/uploads\/2024\/05\/cropped-korea3.png\",\"width\":688,\"height\":126,\"caption\":\"IDA.KOREA\"},\"image\":{\"@id\":\"https:\/\/idakorea.ee\/#\/schema\/logo\/image\/\"},\"sameAs\":[\"https:\/\/www.instagram.com\/ida.korea\/\"]}]}<\/script>\n<!-- \/ Yoast SEO plugin. -->","yoast_head_json":{"title":"Eqqualberry Vitamin Illuminating Serum, 30ml - IDA.KOREA","description":"EQQUALBERRY Vitamin Illuminating Serum v\u00e4hent\u00e4\u00e4 pigmenttil\u00e4iski\u00e4 ja tasoittaa ihon s\u00e4vy\u00e4. 40% acerolakirsikka, niasiiniamidi ja arbutiini antavat iholle hehkun.","robots":{"index":"index","follow":"follow","max-snippet":"max-snippet:-1","max-image-preview":"max-image-preview:large","max-video-preview":"max-video-preview:-1"},"canonical":"https:\/\/idakorea.ee\/fi\/product\/eqqualberry-vitamin-illuminating-serum\/","og_locale":"fi_FI","og_type":"article","og_title":"Eqqualberry Vitamin Illuminating Serum, 30ml - IDA.KOREA","og_description":"EQQUALBERRY Vitamin Illuminating Serum v\u00e4hendab pigmendilaike ja \u00fchtlustab nahatooni. 40% acerola, niatsiinamiid ja arbutiin annavad nahale s\u00e4ra.","og_url":"https:\/\/idakorea.ee\/fi\/product\/eqqualberry-vitamin-illuminating-serum\/","og_site_name":"IDA.KOREA","article_modified_time":"2026-04-12T09:24:38+00:00","og_image":[{"width":1500,"height":1500,"url":"https:\/\/idakorea.ee\/wp-content\/uploads\/2025\/10\/eqqualberry-vitamin-illuminating-serum-idakorea.jpg","type":"image\/jpeg"}],"twitter_card":"summary_large_image","twitter_misc":{"Arvioitu lukuaika":"2 minuuttia"},"schema":{"@context":"https:\/\/schema.org","@graph":[{"@type":"WebPage","@id":"https:\/\/idakorea.ee\/product\/eqqualberry-vitamin-illuminating-serum\/","url":"https:\/\/idakorea.ee\/product\/eqqualberry-vitamin-illuminating-serum\/","name":"Eqqualberry Vitamin Illuminating Serum, 30ml - IDA.KOREA","isPartOf":{"@id":"https:\/\/idakorea.ee\/#website"},"primaryImageOfPage":{"@id":"https:\/\/idakorea.ee\/product\/eqqualberry-vitamin-illuminating-serum\/#primaryimage"},"image":{"@id":"https:\/\/idakorea.ee\/product\/eqqualberry-vitamin-illuminating-serum\/#primaryimage"},"thumbnailUrl":"https:\/\/idakorea.ee\/wp-content\/uploads\/2025\/10\/eqqualberry-vitamin-illuminating-serum-idakorea.jpg","datePublished":"2025-10-02T11:55:43+00:00","dateModified":"2026-04-12T09:24:38+00:00","description":"EQQUALBERRY Vitamin Illuminating Serum v\u00e4hent\u00e4\u00e4 pigmenttil\u00e4iski\u00e4 ja tasoittaa ihon s\u00e4vy\u00e4. 40% acerolakirsikka, niasiiniamidi ja arbutiini antavat iholle hehkun.","breadcrumb":{"@id":"https:\/\/idakorea.ee\/product\/eqqualberry-vitamin-illuminating-serum\/#breadcrumb"},"inLanguage":"fi","potentialAction":[{"@type":"ReadAction","target":["https:\/\/idakorea.ee\/product\/eqqualberry-vitamin-illuminating-serum\/"]}]},{"@type":"ImageObject","inLanguage":"fi","@id":"https:\/\/idakorea.ee\/product\/eqqualberry-vitamin-illuminating-serum\/#primaryimage","url":"https:\/\/idakorea.ee\/wp-content\/uploads\/2025\/10\/eqqualberry-vitamin-illuminating-serum-idakorea.jpg","contentUrl":"https:\/\/idakorea.ee\/wp-content\/uploads\/2025\/10\/eqqualberry-vitamin-illuminating-serum-idakorea.jpg","width":1500,"height":1500},{"@type":"BreadcrumbList","@id":"https:\/\/idakorea.ee\/product\/eqqualberry-vitamin-illuminating-serum\/#breadcrumb","itemListElement":[{"@type":"ListItem","position":1,"name":"\u0413\u043b\u0430\u0432\u043d\u0430\u044f \u0441\u0442\u0440\u0430\u043d\u0438\u0446\u0430","item":"https:\/\/idakorea.ee\/"},{"@type":"ListItem","position":2,"name":"Shop","item":"https:\/\/idakorea.ee\/shop-2\/"},{"@type":"ListItem","position":3,"name":"Vitamiini seerum Eqqualberry Vitamin Illuminating Serum, 30ml"}]},{"@type":"WebSite","@id":"https:\/\/idakorea.ee\/#website","url":"https:\/\/idakorea.ee\/","name":"IDA.KOREA","description":"Korean kosmetiikan verkkokauppa","publisher":{"@id":"https:\/\/idakorea.ee\/#organization"},"alternateName":"Beauty Shop","potentialAction":[{"@type":"SearchAction","target":{"@type":"EntryPoint","urlTemplate":"https:\/\/idakorea.ee\/?s={search_term_string}"},"query-input":{"@type":"PropertyValueSpecification","valueRequired":true,"valueName":"search_term_string"}}],"inLanguage":"fi"},{"@type":"Organization","@id":"https:\/\/idakorea.ee\/#organization","name":"IDA.KOREA","url":"https:\/\/idakorea.ee\/","logo":{"@type":"ImageObject","inLanguage":"fi","@id":"https:\/\/idakorea.ee\/#\/schema\/logo\/image\/","url":"https:\/\/idakorea.ee\/wp-content\/uploads\/2024\/05\/cropped-korea3.png","contentUrl":"https:\/\/idakorea.ee\/wp-content\/uploads\/2024\/05\/cropped-korea3.png","width":688,"height":126,"caption":"IDA.KOREA"},"image":{"@id":"https:\/\/idakorea.ee\/#\/schema\/logo\/image\/"},"sameAs":["https:\/\/www.instagram.com\/ida.korea\/"]}]}},"jetpack_sharing_enabled":true,"brands":[{"id":905,"name":"EQQUALBERRY","slug":"eqqualberry"}],"_links":{"self":[{"href":"https:\/\/idakorea.ee\/fi\/wp-json\/wp\/v2\/product\/16019","targetHints":{"allow":["GET"]}}],"collection":[{"href":"https:\/\/idakorea.ee\/fi\/wp-json\/wp\/v2\/product"}],"about":[{"href":"https:\/\/idakorea.ee\/fi\/wp-json\/wp\/v2\/types\/product"}],"replies":[{"embeddable":true,"href":"https:\/\/idakorea.ee\/fi\/wp-json\/wp\/v2\/comments?post=16019"}],"version-history":[{"count":2,"href":"https:\/\/idakorea.ee\/fi\/wp-json\/wp\/v2\/product\/16019\/revisions"}],"predecessor-version":[{"id":16573,"href":"https:\/\/idakorea.ee\/fi\/wp-json\/wp\/v2\/product\/16019\/revisions\/16573"}],"wp:featuredmedia":[{"embeddable":true,"href":"https:\/\/idakorea.ee\/fi\/wp-json\/wp\/v2\/media\/16020"}],"wp:attachment":[{"href":"https:\/\/idakorea.ee\/fi\/wp-json\/wp\/v2\/media?parent=16019"}],"wp:term":[{"taxonomy":"pwb-brand","embeddable":true,"href":"https:\/\/idakorea.ee\/fi\/wp-json\/wp\/v2\/pwb-brand?post=16019"},{"taxonomy":"product_brand","embeddable":true,"href":"https:\/\/idakorea.ee\/fi\/wp-json\/wp\/v2\/product_brand?post=16019"},{"taxonomy":"product_cat","embeddable":true,"href":"https:\/\/idakorea.ee\/fi\/wp-json\/wp\/v2\/product_cat?post=16019"},{"taxonomy":"product_tag","embeddable":true,"href":"https:\/\/idakorea.ee\/fi\/wp-json\/wp\/v2\/product_tag?post=16019"}],"curies":[{"name":"wp","href":"https:\/\/api.w.org\/{rel}","templated":true}]}}