{"id":16036,"date":"2025-10-03T15:21:09","date_gmt":"2025-10-03T12:21:09","guid":{"rendered":"https:\/\/idakorea.ee\/?post_type=product&#038;p=16036"},"modified":"2026-01-29T14:20:41","modified_gmt":"2026-01-29T12:20:41","slug":"skin1004-madagascar-centella-tea-trica-relief-ampoule-100ml","status":"publish","type":"product","link":"https:\/\/idakorea.ee\/fi\/product\/skin1004-madagascar-centella-tea-trica-relief-ampoule-100ml\/","title":{"rendered":"Rauhoittava ampulli ongelmaiholle Skin1004 Madagaskarin Centella Tea-Trica Relief -ampulli, 100ml"},"content":{"rendered":"<p data-start=\"107\" data-end=\"344\">Skin1004 Madagaskarin Centella Tea-Trica Relief Ampoule on SOS-l\u00e4\u00e4ke finneihin ja tulehduksiin. Se auttaa torjumaan aknea, pehment\u00e4\u00e4 ihoa, v\u00e4hent\u00e4\u00e4 punoitusta ja \u00e4rsytyst\u00e4 sek\u00e4 hoitaa t\u00e4ydellisesti ongelmaihoa.<\/p>\n<p data-start=\"346\" data-end=\"548\">Tuote normalisoi liiallista talirauhasten erityst\u00e4, poistaa kiiltoa ja ehk\u00e4isee mustap\u00e4iden muodostumista. Koostumus on ei-komedogeeninen ja hypoallergeeninen, joten ampulli sopii sek\u00e4 herk\u00e4lle ett\u00e4 akneen taipuvaiselle iholle.<\/p>\n<p data-start=\"550\" data-end=\"706\">Ampulli virkist\u00e4\u00e4 ja rauhoittaa, hillitsee tulehduksellisia prosesseja kuivattamatta ihoa. Kevyt, vetinen koostumus imeytyy nopeasti eik\u00e4 j\u00e4t\u00e4 tahmeaa kerrosta.<\/p>\n<p data-start=\"708\" data-end=\"734\"><strong data-start=\"708\" data-end=\"732\">T\u00e4rkeimm\u00e4t vaikuttavat aineet:<\/strong><\/p>\n<ul data-start=\"735\" data-end=\"1283\">\n<li data-start=\"735\" data-end=\"950\">\n<p data-start=\"737\" data-end=\"950\"><strong data-start=\"737\" data-end=\"774\">Centella Asiatica -hydrolaatti (55%)<\/strong>, joka on saatu Madagaskarin ekologisesti puhtaalta alueelta, rauhoittaa \u00e4rsytyst\u00e4 ja punoitusta, kosteuttaa, parantaa ihon kimmoisuutta ja v\u00e4hent\u00e4\u00e4 herkkyytt\u00e4 ulkoisille \u00e4rsykkeille.<\/p>\n<\/li>\n<li data-start=\"951\" data-end=\"1093\">\n<p data-start=\"953\" data-end=\"1093\"><strong data-start=\"953\" data-end=\"988\">Teepuun lehtihydrolaatti ja -\u00f6ljy<\/strong> \u2013 luonnollinen antiseptinen aine, jolla on tulehdusta est\u00e4vi\u00e4 vaikutuksia ja joka parantaa akneen taipuvaisen ihon kuntoa.<\/p>\n<\/li>\n<li data-start=\"1094\" data-end=\"1283\">\n<p data-start=\"1096\" data-end=\"1283\"><strong data-start=\"1096\" data-end=\"1112\">Anti-Sebum P<\/strong> (m\u00e4nnyn, jalavan, mulleinin ja pueraria-uutteet) \u2013 yrttiyhdistelm\u00e4, joka est\u00e4\u00e4 talirauhasten liiallista toimintaa, normalisoi ihon rasvaisuutta ja poistaa ylim\u00e4\u00e4r\u00e4ist\u00e4 kiiltoa.<\/p>\n<\/li>\n<\/ul>\n<p data-start=\"1285\" data-end=\"1344\">Sopii rasvoittuvalle, sekaiholle ja ongelmaiholle.<\/p>\n<p data-start=\"1346\" data-end=\"1521\"><strong data-start=\"1346\" data-end=\"1361\">K\u00e4ytt\u00f6:<\/strong><br data-start=\"1361\" data-end=\"1364\" \/>Puhdistuksen ja kasvoveden j\u00e4lkeen levit\u00e4 ampulli kasvoillesi pipetill\u00e4, levit\u00e4 tasaisesti ja anna imeyty\u00e4. Jatka sitten normaalia ihonhoitorutiiniasi.<\/p>","protected":false},"excerpt":{"rendered":"<p>Skin1004 Madagaskarin Centella Tea-Trica Relief Ampoule on SOS-l\u00e4\u00e4ke finneihin ja tulehduksiin. Se auttaa torjumaan aknea, pehment\u00e4\u00e4 ihoa, v\u00e4hent\u00e4\u00e4 punoitusta ja \u00e4rsytyst\u00e4 sek\u00e4 hoitaa t\u00e4ydellisesti ongelmaihoa. Tuote normalisoi liiallista talirauhasten erityst\u00e4, poistaa kiiltoa ja est\u00e4\u00e4 mustap\u00e4iden muodostumista. Koostumus on ei-komedogeeninen ja hypoallergeeninen, mink\u00e4 vuoksi ampulli sopii sek\u00e4 herk\u00e4lle ett\u00e4 akneen taipuvaiselle iholle. Ampulli virkist\u00e4\u00e4 ja\u2026<\/p>","protected":false},"featured_media":16037,"comment_status":"open","ping_status":"closed","template":"","meta":{"_uf_show_specific_survey":0,"_uf_disable_surveys":false,"_bst_post_transparent":"default","_bst_post_title":"","_bst_post_layout":"default","_bst_post_sidebar_id":"","_bst_post_content_style":"default","_bst_post_vertical_padding":"default","_bst_post_feature":"","_bst_post_feature_position":"","_bst_post_header":false,"_bst_post_footer":false},"pwb-brand":[186],"product_brand":[],"product_cat":[92,97],"product_tag":[546,972,994],"class_list":{"0":"post-16036","1":"product","2":"type-product","3":"status-publish","4":"has-post-thumbnail","6":"pwb-brand-skin1004","7":"product_cat-nagu","8":"product_cat-naoseerumid-ja-olid","9":"product_tag-centella","10":"product_tag-skin","11":"product_tag-tundlin","13":"first","14":"instock","15":"sale","16":"shipping-taxable","17":"purchasable","18":"product-type-simple","19":"entry","20":"content-bg","21":"loop-entry"},"supplier_id":null,"supplier_sku":"","barcode":null,"atum_controlled":true,"out_stock_date":null,"out_stock_threshold":null,"inheritable":false,"inbound_stock":0,"stock_on_hold":0,"sold_today":0,"sales_last_days":0,"out_stock_days":0,"lost_sales":0,"has_location":false,"update_date":"2026-04-15T00:05:11","atum_locations":[],"atum_stock_status":"instock","restock_status":false,"low_stock_amount":"","sales_update_date":"2026-04-15T00:05:11","calc_backorders":null,"yoast_head":"<!-- This site is optimized with the Yoast SEO plugin v27.2 - https:\/\/yoast.com\/product\/yoast-seo-wordpress\/ -->\n<title>Skin1004 Madagascar Centella Tea-Trica Relief Ampoule - IDA.KOREA<\/title>\n<meta name=\"description\" content=\"Skin1004 Tea-Trica Relief Ampoule on rahustav ampull probleemsele nahale, mis aitab akne vastu, v\u00e4hendab punetust ja rasusust ning hooldab tundlikku nahka.\" \/>\n<meta name=\"robots\" content=\"index, follow, max-snippet:-1, max-image-preview:large, max-video-preview:-1\" \/>\n<link rel=\"canonical\" href=\"https:\/\/idakorea.ee\/fi\/product\/skin1004-madagascar-centella-tea-trica-relief-ampoule-100ml\/\" \/>\n<meta property=\"og:locale\" content=\"fi_FI\" \/>\n<meta property=\"og:type\" content=\"article\" \/>\n<meta property=\"og:title\" content=\"Skin1004 Madagascar Centella Tea-Trica Relief Ampoule - IDA.KOREA\" \/>\n<meta property=\"og:description\" content=\"Skin1004 Tea-Trica Relief Ampoule on rahustav ampull probleemsele nahale, mis aitab akne vastu, v\u00e4hendab punetust ja rasusust ning hooldab tundlikku nahka.\" \/>\n<meta property=\"og:url\" content=\"https:\/\/idakorea.ee\/fi\/product\/skin1004-madagascar-centella-tea-trica-relief-ampoule-100ml\/\" \/>\n<meta property=\"og:site_name\" content=\"IDA.KOREA\" \/>\n<meta property=\"article:modified_time\" content=\"2026-01-29T12:20:41+00:00\" \/>\n<meta property=\"og:image\" content=\"https:\/\/idakorea.ee\/wp-content\/uploads\/2025\/10\/skin1004-madagascar-centella-tea-trica-relief-ampoule-idakorea.png\" \/>\n\t<meta property=\"og:image:width\" content=\"1000\" \/>\n\t<meta property=\"og:image:height\" content=\"1000\" \/>\n\t<meta property=\"og:image:type\" content=\"image\/png\" \/>\n<meta name=\"twitter:card\" content=\"summary_large_image\" \/>\n<meta name=\"twitter:label1\" content=\"Arvioitu lukuaika\" \/>\n\t<meta name=\"twitter:data1\" content=\"2 minuuttia\" \/>\n<script type=\"application\/ld+json\" class=\"yoast-schema-graph\">{\"@context\":\"https:\/\/schema.org\",\"@graph\":[{\"@type\":\"WebPage\",\"@id\":\"https:\/\/idakorea.ee\/product\/skin1004-madagascar-centella-tea-trica-relief-ampoule-100ml\/\",\"url\":\"https:\/\/idakorea.ee\/product\/skin1004-madagascar-centella-tea-trica-relief-ampoule-100ml\/\",\"name\":\"Skin1004 Madagascar Centella Tea-Trica Relief Ampoule - IDA.KOREA\",\"isPartOf\":{\"@id\":\"https:\/\/idakorea.ee\/#website\"},\"primaryImageOfPage\":{\"@id\":\"https:\/\/idakorea.ee\/product\/skin1004-madagascar-centella-tea-trica-relief-ampoule-100ml\/#primaryimage\"},\"image\":{\"@id\":\"https:\/\/idakorea.ee\/product\/skin1004-madagascar-centella-tea-trica-relief-ampoule-100ml\/#primaryimage\"},\"thumbnailUrl\":\"https:\/\/idakorea.ee\/wp-content\/uploads\/2025\/10\/skin1004-madagascar-centella-tea-trica-relief-ampoule-idakorea.png\",\"datePublished\":\"2025-10-03T12:21:09+00:00\",\"dateModified\":\"2026-01-29T12:20:41+00:00\",\"description\":\"Skin1004 Tea-Trica Relief Ampoule on rahustav ampull probleemsele nahale, mis aitab akne vastu, v\u00e4hendab punetust ja rasusust ning hooldab tundlikku nahka.\",\"breadcrumb\":{\"@id\":\"https:\/\/idakorea.ee\/product\/skin1004-madagascar-centella-tea-trica-relief-ampoule-100ml\/#breadcrumb\"},\"inLanguage\":\"fi\",\"potentialAction\":[{\"@type\":\"ReadAction\",\"target\":[\"https:\/\/idakorea.ee\/product\/skin1004-madagascar-centella-tea-trica-relief-ampoule-100ml\/\"]}]},{\"@type\":\"ImageObject\",\"inLanguage\":\"fi\",\"@id\":\"https:\/\/idakorea.ee\/product\/skin1004-madagascar-centella-tea-trica-relief-ampoule-100ml\/#primaryimage\",\"url\":\"https:\/\/idakorea.ee\/wp-content\/uploads\/2025\/10\/skin1004-madagascar-centella-tea-trica-relief-ampoule-idakorea.png\",\"contentUrl\":\"https:\/\/idakorea.ee\/wp-content\/uploads\/2025\/10\/skin1004-madagascar-centella-tea-trica-relief-ampoule-idakorea.png\",\"width\":1000,\"height\":1000},{\"@type\":\"BreadcrumbList\",\"@id\":\"https:\/\/idakorea.ee\/product\/skin1004-madagascar-centella-tea-trica-relief-ampoule-100ml\/#breadcrumb\",\"itemListElement\":[{\"@type\":\"ListItem\",\"position\":1,\"name\":\"\u0413\u043b\u0430\u0432\u043d\u0430\u044f \u0441\u0442\u0440\u0430\u043d\u0438\u0446\u0430\",\"item\":\"https:\/\/idakorea.ee\/\"},{\"@type\":\"ListItem\",\"position\":2,\"name\":\"Shop\",\"item\":\"https:\/\/idakorea.ee\/shop-2\/\"},{\"@type\":\"ListItem\",\"position\":3,\"name\":\"Rahustav ampull probleemsele nahale Skin1004 Madagascar Centella Tea-Trica Relief Ampoule, 100ml\"}]},{\"@type\":\"WebSite\",\"@id\":\"https:\/\/idakorea.ee\/#website\",\"url\":\"https:\/\/idakorea.ee\/\",\"name\":\"IDA.KOREA\",\"description\":\"Korea kosmeetika e-pood\",\"publisher\":{\"@id\":\"https:\/\/idakorea.ee\/#organization\"},\"alternateName\":\"Beauty Shop\",\"potentialAction\":[{\"@type\":\"SearchAction\",\"target\":{\"@type\":\"EntryPoint\",\"urlTemplate\":\"https:\/\/idakorea.ee\/?s={search_term_string}\"},\"query-input\":{\"@type\":\"PropertyValueSpecification\",\"valueRequired\":true,\"valueName\":\"search_term_string\"}}],\"inLanguage\":\"fi\"},{\"@type\":\"Organization\",\"@id\":\"https:\/\/idakorea.ee\/#organization\",\"name\":\"IDA.KOREA\",\"url\":\"https:\/\/idakorea.ee\/\",\"logo\":{\"@type\":\"ImageObject\",\"inLanguage\":\"fi\",\"@id\":\"https:\/\/idakorea.ee\/#\/schema\/logo\/image\/\",\"url\":\"https:\/\/idakorea.ee\/wp-content\/uploads\/2024\/05\/cropped-korea3.png\",\"contentUrl\":\"https:\/\/idakorea.ee\/wp-content\/uploads\/2024\/05\/cropped-korea3.png\",\"width\":688,\"height\":126,\"caption\":\"IDA.KOREA\"},\"image\":{\"@id\":\"https:\/\/idakorea.ee\/#\/schema\/logo\/image\/\"},\"sameAs\":[\"https:\/\/www.instagram.com\/ida.korea\/\"]}]}<\/script>\n<!-- \/ Yoast SEO plugin. -->","yoast_head_json":{"title":"Skin1004 Madagascar Centella Tea-Trica Relief Ampoule - IDA.KOREA","description":"Skin1004 Tea-Trica Relief Ampoule on rauhoittava ampulli ongelmaiholle, joka auttaa torjumaan aknea, v\u00e4hent\u00e4\u00e4 punoitusta ja rasvaisuutta sek\u00e4 hoitaa herkk\u00e4\u00e4 ihoa.","robots":{"index":"index","follow":"follow","max-snippet":"max-snippet:-1","max-image-preview":"max-image-preview:large","max-video-preview":"max-video-preview:-1"},"canonical":"https:\/\/idakorea.ee\/fi\/product\/skin1004-madagascar-centella-tea-trica-relief-ampoule-100ml\/","og_locale":"fi_FI","og_type":"article","og_title":"Skin1004 Madagascar Centella Tea-Trica Relief Ampoule - IDA.KOREA","og_description":"Skin1004 Tea-Trica Relief Ampoule on rahustav ampull probleemsele nahale, mis aitab akne vastu, v\u00e4hendab punetust ja rasusust ning hooldab tundlikku nahka.","og_url":"https:\/\/idakorea.ee\/fi\/product\/skin1004-madagascar-centella-tea-trica-relief-ampoule-100ml\/","og_site_name":"IDA.KOREA","article_modified_time":"2026-01-29T12:20:41+00:00","og_image":[{"width":1000,"height":1000,"url":"https:\/\/idakorea.ee\/wp-content\/uploads\/2025\/10\/skin1004-madagascar-centella-tea-trica-relief-ampoule-idakorea.png","type":"image\/png"}],"twitter_card":"summary_large_image","twitter_misc":{"Arvioitu lukuaika":"2 minuuttia"},"schema":{"@context":"https:\/\/schema.org","@graph":[{"@type":"WebPage","@id":"https:\/\/idakorea.ee\/product\/skin1004-madagascar-centella-tea-trica-relief-ampoule-100ml\/","url":"https:\/\/idakorea.ee\/product\/skin1004-madagascar-centella-tea-trica-relief-ampoule-100ml\/","name":"Skin1004 Madagascar Centella Tea-Trica Relief Ampoule - IDA.KOREA","isPartOf":{"@id":"https:\/\/idakorea.ee\/#website"},"primaryImageOfPage":{"@id":"https:\/\/idakorea.ee\/product\/skin1004-madagascar-centella-tea-trica-relief-ampoule-100ml\/#primaryimage"},"image":{"@id":"https:\/\/idakorea.ee\/product\/skin1004-madagascar-centella-tea-trica-relief-ampoule-100ml\/#primaryimage"},"thumbnailUrl":"https:\/\/idakorea.ee\/wp-content\/uploads\/2025\/10\/skin1004-madagascar-centella-tea-trica-relief-ampoule-idakorea.png","datePublished":"2025-10-03T12:21:09+00:00","dateModified":"2026-01-29T12:20:41+00:00","description":"Skin1004 Tea-Trica Relief Ampoule on rauhoittava ampulli ongelmaiholle, joka auttaa torjumaan aknea, v\u00e4hent\u00e4\u00e4 punoitusta ja rasvaisuutta sek\u00e4 hoitaa herkk\u00e4\u00e4 ihoa.","breadcrumb":{"@id":"https:\/\/idakorea.ee\/product\/skin1004-madagascar-centella-tea-trica-relief-ampoule-100ml\/#breadcrumb"},"inLanguage":"fi","potentialAction":[{"@type":"ReadAction","target":["https:\/\/idakorea.ee\/product\/skin1004-madagascar-centella-tea-trica-relief-ampoule-100ml\/"]}]},{"@type":"ImageObject","inLanguage":"fi","@id":"https:\/\/idakorea.ee\/product\/skin1004-madagascar-centella-tea-trica-relief-ampoule-100ml\/#primaryimage","url":"https:\/\/idakorea.ee\/wp-content\/uploads\/2025\/10\/skin1004-madagascar-centella-tea-trica-relief-ampoule-idakorea.png","contentUrl":"https:\/\/idakorea.ee\/wp-content\/uploads\/2025\/10\/skin1004-madagascar-centella-tea-trica-relief-ampoule-idakorea.png","width":1000,"height":1000},{"@type":"BreadcrumbList","@id":"https:\/\/idakorea.ee\/product\/skin1004-madagascar-centella-tea-trica-relief-ampoule-100ml\/#breadcrumb","itemListElement":[{"@type":"ListItem","position":1,"name":"\u0413\u043b\u0430\u0432\u043d\u0430\u044f \u0441\u0442\u0440\u0430\u043d\u0438\u0446\u0430","item":"https:\/\/idakorea.ee\/"},{"@type":"ListItem","position":2,"name":"Shop","item":"https:\/\/idakorea.ee\/shop-2\/"},{"@type":"ListItem","position":3,"name":"Rahustav ampull probleemsele nahale Skin1004 Madagascar Centella Tea-Trica Relief Ampoule, 100ml"}]},{"@type":"WebSite","@id":"https:\/\/idakorea.ee\/#website","url":"https:\/\/idakorea.ee\/","name":"IDA.KOREA","description":"Korean kosmetiikan verkkokauppa","publisher":{"@id":"https:\/\/idakorea.ee\/#organization"},"alternateName":"Beauty Shop","potentialAction":[{"@type":"SearchAction","target":{"@type":"EntryPoint","urlTemplate":"https:\/\/idakorea.ee\/?s={search_term_string}"},"query-input":{"@type":"PropertyValueSpecification","valueRequired":true,"valueName":"search_term_string"}}],"inLanguage":"fi"},{"@type":"Organization","@id":"https:\/\/idakorea.ee\/#organization","name":"IDA.KOREA","url":"https:\/\/idakorea.ee\/","logo":{"@type":"ImageObject","inLanguage":"fi","@id":"https:\/\/idakorea.ee\/#\/schema\/logo\/image\/","url":"https:\/\/idakorea.ee\/wp-content\/uploads\/2024\/05\/cropped-korea3.png","contentUrl":"https:\/\/idakorea.ee\/wp-content\/uploads\/2024\/05\/cropped-korea3.png","width":688,"height":126,"caption":"IDA.KOREA"},"image":{"@id":"https:\/\/idakorea.ee\/#\/schema\/logo\/image\/"},"sameAs":["https:\/\/www.instagram.com\/ida.korea\/"]}]}},"jetpack_sharing_enabled":true,"brands":[{"id":186,"name":"SKIN1004","slug":"skin1004"}],"_links":{"self":[{"href":"https:\/\/idakorea.ee\/fi\/wp-json\/wp\/v2\/product\/16036","targetHints":{"allow":["GET"]}}],"collection":[{"href":"https:\/\/idakorea.ee\/fi\/wp-json\/wp\/v2\/product"}],"about":[{"href":"https:\/\/idakorea.ee\/fi\/wp-json\/wp\/v2\/types\/product"}],"replies":[{"embeddable":true,"href":"https:\/\/idakorea.ee\/fi\/wp-json\/wp\/v2\/comments?post=16036"}],"version-history":[{"count":1,"href":"https:\/\/idakorea.ee\/fi\/wp-json\/wp\/v2\/product\/16036\/revisions"}],"predecessor-version":[{"id":16039,"href":"https:\/\/idakorea.ee\/fi\/wp-json\/wp\/v2\/product\/16036\/revisions\/16039"}],"wp:featuredmedia":[{"embeddable":true,"href":"https:\/\/idakorea.ee\/fi\/wp-json\/wp\/v2\/media\/16037"}],"wp:attachment":[{"href":"https:\/\/idakorea.ee\/fi\/wp-json\/wp\/v2\/media?parent=16036"}],"wp:term":[{"taxonomy":"pwb-brand","embeddable":true,"href":"https:\/\/idakorea.ee\/fi\/wp-json\/wp\/v2\/pwb-brand?post=16036"},{"taxonomy":"product_brand","embeddable":true,"href":"https:\/\/idakorea.ee\/fi\/wp-json\/wp\/v2\/product_brand?post=16036"},{"taxonomy":"product_cat","embeddable":true,"href":"https:\/\/idakorea.ee\/fi\/wp-json\/wp\/v2\/product_cat?post=16036"},{"taxonomy":"product_tag","embeddable":true,"href":"https:\/\/idakorea.ee\/fi\/wp-json\/wp\/v2\/product_tag?post=16036"}],"curies":[{"name":"wp","href":"https:\/\/api.w.org\/{rel}","templated":true}]}}