{"id":16047,"date":"2025-10-06T11:45:31","date_gmt":"2025-10-06T08:45:31","guid":{"rendered":"https:\/\/idakorea.ee\/?post_type=product&#038;p=16047"},"modified":"2026-03-15T09:40:38","modified_gmt":"2026-03-15T07:40:38","slug":"missha-magic-cushion-cover-lasting-spf50-pa","status":"publish","type":"product","link":"https:\/\/idakorea.ee\/fi\/product\/missha-magic-cushion-cover-lasting-spf50-pa\/","title":{"rendered":"Meikkivoide Missha Magic Cushion Cover Lasting SPF50+ PA+++"},"content":{"rendered":"<p data-start=\"101\" data-end=\"310\">Kompakti meikkivoide \u2014 peitt\u00e4v\u00e4 meikkivoide. <strong>Missha Magic -tyynynp\u00e4\u00e4llinen kest\u00e4v\u00e4 SPF50+ PA+++<\/strong> tarjoaa erinomaisen peitt\u00e4vyyden ja auttaa piilottamaan ihon ep\u00e4t\u00e4ydellisyydet tehokkaasti.<\/p>\n<p data-start=\"312\" data-end=\"594\">Huokoisesta materiaalista valmistetun miellytt\u00e4v\u00e4n sienen ansiosta tuote levittyy tasaisesti iholle ohuena kerroksena, jolloin meikki n\u00e4ytt\u00e4\u00e4 luonnolliselta ja sile\u00e4lt\u00e4. Meikkivoide sis\u00e4lt\u00e4\u00e4 bambumahlaa ja hamamelinuutetta, jotka rauhoittavat ihoa, s\u00e4\u00e4telev\u00e4t talirauhasten toimintaa ja auttavat ehk\u00e4isem\u00e4\u00e4n liiallista kiiltoa T-alueella.<\/p>\n<p data-start=\"596\" data-end=\"753\">Tuote sijaitsee erityisen sienen alla ja vapautuu painamalla sit\u00e4 kevyesti mukana tulevalla applikaattorilla.<\/p>\n<p data-start=\"755\" data-end=\"783\"><strong data-start=\"755\" data-end=\"781\">Saatavilla kahdessa s\u00e4vyss\u00e4:<\/strong><\/p>\n<ul data-start=\"784\" data-end=\"827\">\n<li data-start=\"784\" data-end=\"802\">\n<p data-start=\"786\" data-end=\"802\">21 \u2014 vaalea beige<\/p>\n<\/li>\n<li data-start=\"803\" data-end=\"827\">\n<p data-start=\"805\" data-end=\"827\">23 \u2014 luonnonbeige<\/p>\n<\/li>\n<\/ul>\n<p data-start=\"829\" data-end=\"906\">Sopii kaikille ihotyypeille, mukaan lukien rasvaiselle ja sekaiholle.<\/p>\n<p data-start=\"908\" data-end=\"1034\"><strong data-start=\"908\" data-end=\"923\">K\u00e4ytt\u00f6:<\/strong><br data-start=\"923\" data-end=\"926\" \/>Levit\u00e4 tuotetta kasvoillesi pakkauksessa olevalla sienell\u00e4 ja levit\u00e4 tasaisesti koko kasvoille saadaksesi sile\u00e4n ja tasaisen ihon.<\/p>","protected":false},"excerpt":{"rendered":"<p>Kompakti s\u00e4vytuote \u2014 meikkivoide, jolla on erinomainen peitt\u00e4vyys. Missha Magic Cushion Cover Lasting SPF50+ PA+++ peitt\u00e4\u00e4 tehokkaasti ihon ep\u00e4tasaisuudet. Huokoisesta materiaalista valmistetun miellytt\u00e4v\u00e4n sienen ansiosta tuote levittyy tasaisesti ja ohuena kerroksena iholle, tehden meikist\u00e4 luonnollisen ja sile\u00e4n. Meikkivoide sis\u00e4lt\u00e4\u00e4 bambumahlaa ja hamamelinuutetta, jotka rauhoittavat ihoa, s\u00e4\u00e4telev\u00e4t talirauhasten toimintaa ja auttavat\u2026<\/p>","protected":false},"featured_media":16050,"comment_status":"open","ping_status":"closed","template":"","meta":{"_uf_show_specific_survey":0,"_uf_disable_surveys":false,"_bst_post_transparent":"default","_bst_post_title":"","_bst_post_layout":"default","_bst_post_sidebar_id":"","_bst_post_content_style":"default","_bst_post_vertical_padding":"default","_bst_post_feature":"","_bst_post_feature_position":"","_bst_post_header":false,"_bst_post_footer":false},"pwb-brand":[631],"product_brand":[],"product_cat":[500,499],"product_tag":[593,864],"class_list":{"0":"post-16047","1":"product","2":"type-product","3":"status-publish","4":"has-post-thumbnail","6":"pwb-brand-missha","7":"product_cat-jumestuskreemid","8":"product_cat-meik","9":"product_tag-cushion","10":"product_tag-spf","12":"first","13":"instock","14":"sale","15":"shipping-taxable","16":"purchasable","17":"product-type-variable","18":"has-default-attributes","19":"entry","20":"content-bg","21":"loop-entry"},"supplier_id":null,"supplier_sku":"","barcode":null,"atum_controlled":true,"out_stock_date":null,"out_stock_threshold":null,"inheritable":true,"inbound_stock":0,"stock_on_hold":0,"sold_today":0,"sales_last_days":1,"out_stock_days":0,"lost_sales":0,"has_location":false,"update_date":"2026-04-14T00:05:08","atum_locations":[],"atum_stock_status":"instock","restock_status":false,"low_stock_amount":"","sales_update_date":"2026-04-14T00:05:08","calc_backorders":null,"yoast_head":"<!-- This site is optimized with the Yoast SEO plugin v27.2 - https:\/\/yoast.com\/product\/yoast-seo-wordpress\/ -->\n<title>Missha Magic Cushion Cover Lasting SPF50+ PA+++ - IDA.KOREA<\/title>\n<meta name=\"description\" content=\"Missha Magic Cushion Cover Lasting SPF50+ PA+++ annab veatu ja kauap\u00fcsiva jume. Katab ebat\u00e4iused, rahustab nahka ja kontrollib rasueritust.\" \/>\n<meta name=\"robots\" content=\"index, follow, max-snippet:-1, max-image-preview:large, max-video-preview:-1\" \/>\n<link rel=\"canonical\" href=\"https:\/\/idakorea.ee\/fi\/product\/missha-magic-cushion-cover-lasting-spf50-pa\/\" \/>\n<meta property=\"og:locale\" content=\"fi_FI\" \/>\n<meta property=\"og:type\" content=\"article\" \/>\n<meta property=\"og:title\" content=\"Missha Magic Cushion Cover Lasting SPF50+ PA+++ - IDA.KOREA\" \/>\n<meta property=\"og:description\" content=\"Missha Magic Cushion Cover Lasting SPF50+ PA+++ annab veatu ja kauap\u00fcsiva jume. Katab ebat\u00e4iused, rahustab nahka ja kontrollib rasueritust.\" \/>\n<meta property=\"og:url\" content=\"https:\/\/idakorea.ee\/fi\/product\/missha-magic-cushion-cover-lasting-spf50-pa\/\" \/>\n<meta property=\"og:site_name\" content=\"IDA.KOREA\" \/>\n<meta property=\"article:modified_time\" content=\"2026-03-15T07:40:38+00:00\" \/>\n<meta property=\"og:image\" content=\"https:\/\/idakorea.ee\/wp-content\/uploads\/2025\/10\/missha_m_magic_cushion_cover_lasting_spf50_pa.webp\" \/>\n\t<meta property=\"og:image:width\" content=\"950\" \/>\n\t<meta property=\"og:image:height\" content=\"950\" \/>\n\t<meta property=\"og:image:type\" content=\"image\/webp\" \/>\n<meta name=\"twitter:card\" content=\"summary_large_image\" \/>\n<meta name=\"twitter:label1\" content=\"Arvioitu lukuaika\" \/>\n\t<meta name=\"twitter:data1\" content=\"1 minuutti\" \/>\n<script type=\"application\/ld+json\" class=\"yoast-schema-graph\">{\"@context\":\"https:\/\/schema.org\",\"@graph\":[{\"@type\":\"WebPage\",\"@id\":\"https:\/\/idakorea.ee\/product\/missha-magic-cushion-cover-lasting-spf50-pa\/\",\"url\":\"https:\/\/idakorea.ee\/product\/missha-magic-cushion-cover-lasting-spf50-pa\/\",\"name\":\"Missha Magic Cushion Cover Lasting SPF50+ PA+++ - IDA.KOREA\",\"isPartOf\":{\"@id\":\"https:\/\/idakorea.ee\/#website\"},\"primaryImageOfPage\":{\"@id\":\"https:\/\/idakorea.ee\/product\/missha-magic-cushion-cover-lasting-spf50-pa\/#primaryimage\"},\"image\":{\"@id\":\"https:\/\/idakorea.ee\/product\/missha-magic-cushion-cover-lasting-spf50-pa\/#primaryimage\"},\"thumbnailUrl\":\"https:\/\/idakorea.ee\/wp-content\/uploads\/2025\/10\/missha_m_magic_cushion_cover_lasting_spf50_pa.webp\",\"datePublished\":\"2025-10-06T08:45:31+00:00\",\"dateModified\":\"2026-03-15T07:40:38+00:00\",\"description\":\"Missha Magic Cushion Cover Lasting SPF50+ PA+++ annab veatu ja kauap\u00fcsiva jume. Katab ebat\u00e4iused, rahustab nahka ja kontrollib rasueritust.\",\"breadcrumb\":{\"@id\":\"https:\/\/idakorea.ee\/product\/missha-magic-cushion-cover-lasting-spf50-pa\/#breadcrumb\"},\"inLanguage\":\"fi\",\"potentialAction\":[{\"@type\":\"ReadAction\",\"target\":[\"https:\/\/idakorea.ee\/product\/missha-magic-cushion-cover-lasting-spf50-pa\/\"]}]},{\"@type\":\"ImageObject\",\"inLanguage\":\"fi\",\"@id\":\"https:\/\/idakorea.ee\/product\/missha-magic-cushion-cover-lasting-spf50-pa\/#primaryimage\",\"url\":\"https:\/\/idakorea.ee\/wp-content\/uploads\/2025\/10\/missha_m_magic_cushion_cover_lasting_spf50_pa.webp\",\"contentUrl\":\"https:\/\/idakorea.ee\/wp-content\/uploads\/2025\/10\/missha_m_magic_cushion_cover_lasting_spf50_pa.webp\",\"width\":950,\"height\":950},{\"@type\":\"BreadcrumbList\",\"@id\":\"https:\/\/idakorea.ee\/product\/missha-magic-cushion-cover-lasting-spf50-pa\/#breadcrumb\",\"itemListElement\":[{\"@type\":\"ListItem\",\"position\":1,\"name\":\"\u0413\u043b\u0430\u0432\u043d\u0430\u044f \u0441\u0442\u0440\u0430\u043d\u0438\u0446\u0430\",\"item\":\"https:\/\/idakorea.ee\/\"},{\"@type\":\"ListItem\",\"position\":2,\"name\":\"Shop\",\"item\":\"https:\/\/idakorea.ee\/shop-2\/\"},{\"@type\":\"ListItem\",\"position\":3,\"name\":\"Jumestuskreem Missha Magic Cushion Cover Lasting SPF50+ PA+++\"}]},{\"@type\":\"WebSite\",\"@id\":\"https:\/\/idakorea.ee\/#website\",\"url\":\"https:\/\/idakorea.ee\/\",\"name\":\"IDA.KOREA\",\"description\":\"Korea kosmeetika e-pood\",\"publisher\":{\"@id\":\"https:\/\/idakorea.ee\/#organization\"},\"alternateName\":\"Beauty Shop\",\"potentialAction\":[{\"@type\":\"SearchAction\",\"target\":{\"@type\":\"EntryPoint\",\"urlTemplate\":\"https:\/\/idakorea.ee\/?s={search_term_string}\"},\"query-input\":{\"@type\":\"PropertyValueSpecification\",\"valueRequired\":true,\"valueName\":\"search_term_string\"}}],\"inLanguage\":\"fi\"},{\"@type\":\"Organization\",\"@id\":\"https:\/\/idakorea.ee\/#organization\",\"name\":\"IDA.KOREA\",\"url\":\"https:\/\/idakorea.ee\/\",\"logo\":{\"@type\":\"ImageObject\",\"inLanguage\":\"fi\",\"@id\":\"https:\/\/idakorea.ee\/#\/schema\/logo\/image\/\",\"url\":\"https:\/\/idakorea.ee\/wp-content\/uploads\/2024\/05\/cropped-korea3.png\",\"contentUrl\":\"https:\/\/idakorea.ee\/wp-content\/uploads\/2024\/05\/cropped-korea3.png\",\"width\":688,\"height\":126,\"caption\":\"IDA.KOREA\"},\"image\":{\"@id\":\"https:\/\/idakorea.ee\/#\/schema\/logo\/image\/\"},\"sameAs\":[\"https:\/\/www.instagram.com\/ida.korea\/\"]}]}<\/script>\n<!-- \/ Yoast SEO plugin. -->","yoast_head_json":{"title":"Missha Magic -tyynynp\u00e4\u00e4llinen kest\u00e4v\u00e4 SPF50+ PA+++ - IDA.KOREA","description":"Missha Magic Cushion Cover Lasting SPF50+ PA+++ antaa virheett\u00f6m\u00e4n ja pitk\u00e4kestoisen ihon. Peitt\u00e4\u00e4 ep\u00e4tasaisuudet, rauhoittaa ihoa ja hillitsee talin tuotantoa.","robots":{"index":"index","follow":"follow","max-snippet":"max-snippet:-1","max-image-preview":"max-image-preview:large","max-video-preview":"max-video-preview:-1"},"canonical":"https:\/\/idakorea.ee\/fi\/product\/missha-magic-cushion-cover-lasting-spf50-pa\/","og_locale":"fi_FI","og_type":"article","og_title":"Missha Magic Cushion Cover Lasting SPF50+ PA+++ - IDA.KOREA","og_description":"Missha Magic Cushion Cover Lasting SPF50+ PA+++ annab veatu ja kauap\u00fcsiva jume. Katab ebat\u00e4iused, rahustab nahka ja kontrollib rasueritust.","og_url":"https:\/\/idakorea.ee\/fi\/product\/missha-magic-cushion-cover-lasting-spf50-pa\/","og_site_name":"IDA.KOREA","article_modified_time":"2026-03-15T07:40:38+00:00","og_image":[{"width":950,"height":950,"url":"https:\/\/idakorea.ee\/wp-content\/uploads\/2025\/10\/missha_m_magic_cushion_cover_lasting_spf50_pa.webp","type":"image\/webp"}],"twitter_card":"summary_large_image","twitter_misc":{"Arvioitu lukuaika":"1 minuutti"},"schema":{"@context":"https:\/\/schema.org","@graph":[{"@type":"WebPage","@id":"https:\/\/idakorea.ee\/product\/missha-magic-cushion-cover-lasting-spf50-pa\/","url":"https:\/\/idakorea.ee\/product\/missha-magic-cushion-cover-lasting-spf50-pa\/","name":"Missha Magic -tyynynp\u00e4\u00e4llinen kest\u00e4v\u00e4 SPF50+ PA+++ - IDA.KOREA","isPartOf":{"@id":"https:\/\/idakorea.ee\/#website"},"primaryImageOfPage":{"@id":"https:\/\/idakorea.ee\/product\/missha-magic-cushion-cover-lasting-spf50-pa\/#primaryimage"},"image":{"@id":"https:\/\/idakorea.ee\/product\/missha-magic-cushion-cover-lasting-spf50-pa\/#primaryimage"},"thumbnailUrl":"https:\/\/idakorea.ee\/wp-content\/uploads\/2025\/10\/missha_m_magic_cushion_cover_lasting_spf50_pa.webp","datePublished":"2025-10-06T08:45:31+00:00","dateModified":"2026-03-15T07:40:38+00:00","description":"Missha Magic Cushion Cover Lasting SPF50+ PA+++ antaa virheett\u00f6m\u00e4n ja pitk\u00e4kestoisen ihon. Peitt\u00e4\u00e4 ep\u00e4tasaisuudet, rauhoittaa ihoa ja hillitsee talin tuotantoa.","breadcrumb":{"@id":"https:\/\/idakorea.ee\/product\/missha-magic-cushion-cover-lasting-spf50-pa\/#breadcrumb"},"inLanguage":"fi","potentialAction":[{"@type":"ReadAction","target":["https:\/\/idakorea.ee\/product\/missha-magic-cushion-cover-lasting-spf50-pa\/"]}]},{"@type":"ImageObject","inLanguage":"fi","@id":"https:\/\/idakorea.ee\/product\/missha-magic-cushion-cover-lasting-spf50-pa\/#primaryimage","url":"https:\/\/idakorea.ee\/wp-content\/uploads\/2025\/10\/missha_m_magic_cushion_cover_lasting_spf50_pa.webp","contentUrl":"https:\/\/idakorea.ee\/wp-content\/uploads\/2025\/10\/missha_m_magic_cushion_cover_lasting_spf50_pa.webp","width":950,"height":950},{"@type":"BreadcrumbList","@id":"https:\/\/idakorea.ee\/product\/missha-magic-cushion-cover-lasting-spf50-pa\/#breadcrumb","itemListElement":[{"@type":"ListItem","position":1,"name":"\u0413\u043b\u0430\u0432\u043d\u0430\u044f \u0441\u0442\u0440\u0430\u043d\u0438\u0446\u0430","item":"https:\/\/idakorea.ee\/"},{"@type":"ListItem","position":2,"name":"Shop","item":"https:\/\/idakorea.ee\/shop-2\/"},{"@type":"ListItem","position":3,"name":"Jumestuskreem Missha Magic Cushion Cover Lasting SPF50+ PA+++"}]},{"@type":"WebSite","@id":"https:\/\/idakorea.ee\/#website","url":"https:\/\/idakorea.ee\/","name":"IDA.KOREA","description":"Korean kosmetiikan verkkokauppa","publisher":{"@id":"https:\/\/idakorea.ee\/#organization"},"alternateName":"Beauty Shop","potentialAction":[{"@type":"SearchAction","target":{"@type":"EntryPoint","urlTemplate":"https:\/\/idakorea.ee\/?s={search_term_string}"},"query-input":{"@type":"PropertyValueSpecification","valueRequired":true,"valueName":"search_term_string"}}],"inLanguage":"fi"},{"@type":"Organization","@id":"https:\/\/idakorea.ee\/#organization","name":"IDA.KOREA","url":"https:\/\/idakorea.ee\/","logo":{"@type":"ImageObject","inLanguage":"fi","@id":"https:\/\/idakorea.ee\/#\/schema\/logo\/image\/","url":"https:\/\/idakorea.ee\/wp-content\/uploads\/2024\/05\/cropped-korea3.png","contentUrl":"https:\/\/idakorea.ee\/wp-content\/uploads\/2024\/05\/cropped-korea3.png","width":688,"height":126,"caption":"IDA.KOREA"},"image":{"@id":"https:\/\/idakorea.ee\/#\/schema\/logo\/image\/"},"sameAs":["https:\/\/www.instagram.com\/ida.korea\/"]}]}},"jetpack_sharing_enabled":true,"brands":[{"id":631,"name":"MISSHA","slug":"missha"}],"_links":{"self":[{"href":"https:\/\/idakorea.ee\/fi\/wp-json\/wp\/v2\/product\/16047","targetHints":{"allow":["GET"]}}],"collection":[{"href":"https:\/\/idakorea.ee\/fi\/wp-json\/wp\/v2\/product"}],"about":[{"href":"https:\/\/idakorea.ee\/fi\/wp-json\/wp\/v2\/types\/product"}],"replies":[{"embeddable":true,"href":"https:\/\/idakorea.ee\/fi\/wp-json\/wp\/v2\/comments?post=16047"}],"version-history":[{"count":1,"href":"https:\/\/idakorea.ee\/fi\/wp-json\/wp\/v2\/product\/16047\/revisions"}],"predecessor-version":[{"id":16053,"href":"https:\/\/idakorea.ee\/fi\/wp-json\/wp\/v2\/product\/16047\/revisions\/16053"}],"wp:featuredmedia":[{"embeddable":true,"href":"https:\/\/idakorea.ee\/fi\/wp-json\/wp\/v2\/media\/16050"}],"wp:attachment":[{"href":"https:\/\/idakorea.ee\/fi\/wp-json\/wp\/v2\/media?parent=16047"}],"wp:term":[{"taxonomy":"pwb-brand","embeddable":true,"href":"https:\/\/idakorea.ee\/fi\/wp-json\/wp\/v2\/pwb-brand?post=16047"},{"taxonomy":"product_brand","embeddable":true,"href":"https:\/\/idakorea.ee\/fi\/wp-json\/wp\/v2\/product_brand?post=16047"},{"taxonomy":"product_cat","embeddable":true,"href":"https:\/\/idakorea.ee\/fi\/wp-json\/wp\/v2\/product_cat?post=16047"},{"taxonomy":"product_tag","embeddable":true,"href":"https:\/\/idakorea.ee\/fi\/wp-json\/wp\/v2\/product_tag?post=16047"}],"curies":[{"name":"wp","href":"https:\/\/api.w.org\/{rel}","templated":true}]}}