{"id":1607,"date":"2024-05-29T11:57:29","date_gmt":"2024-05-29T11:57:29","guid":{"rendered":"https:\/\/idakorea.ee\/?post_type=product&#038;p=1607"},"modified":"2026-04-07T11:04:23","modified_gmt":"2026-04-07T09:04:23","slug":"pinguldav-silmakreem-tuvirakkudega-medi-peel-cell-toxing-demajour-repair-eye-cream-30ml","status":"publish","type":"product","link":"https:\/\/idakorea.ee\/fi\/product\/pinguldav-silmakreem-tuvirakkudega-medi-peel-cell-toxing-demajour-repair-eye-cream-30ml\/","title":{"rendered":"Kiinteytt\u00e4v\u00e4 silm\u00e4nymp\u00e4rysvoide kantasoluilla Medi-Peel Cell Toxing Dermajours Repair -silm\u00e4nymp\u00e4rysvoide, 30ml"},"content":{"rendered":"<p>Kiinteytt\u00e4v\u00e4 silm\u00e4nymp\u00e4rysvoide kantasoluilla <strong>Medi-Peel Cell Toxing Dermajours -korjaava silm\u00e4nymp\u00e4rysvoide<\/strong> Stimuloi uusien kollageeni- ja elastiinikuitujen synteesi\u00e4 ja lis\u00e4\u00e4 intensiivisesti ihon kimmoisuutta. Vahvistaa ihon kiinteytt\u00e4, kosteuttaa ja ravitsee aktiivisesti, ehk\u00e4isee kuivumista ja hidastaa kudosten ik\u00e4\u00e4ntymist\u00e4.<\/p>\n<p>Tuote v\u00e4hent\u00e4\u00e4 merkitt\u00e4v\u00e4sti syvi\u00e4 ja hienoja ryppyj\u00e4, kirkastaa hell\u00e4varaisesti tummia silm\u00e4nalusia ja torjuu sameutta. Se palauttaa vaurioituneen ihosolukon, tasoittaa ihoaluetta ja ehk\u00e4isee ik\u00e4\u00e4ntymisen merkkien n\u00e4kymist\u00e4.<\/p>\n<p>Voidetta voidaan k\u00e4ytt\u00e4\u00e4 paitsi silmien ymp\u00e4rill\u00e4, my\u00f6s alueilla, jotka tarvitsevat lis\u00e4hoitoa: nen\u00e4n ja suun poimuissa, otsaryppyiss\u00e4, otsassa ja kaulassa.<\/p>\n<p><strong>Keskeiset osat:<\/strong><\/p>\n<ul>\n<li><strong>Alppien edelweissin kantasolut<\/strong> Stimuloivat akvaporiineja, jotka ovat solukalvojen &quot;vesikanavia&quot;, varmistaen ihon ihanteellisen kosteustasapainon ja palauttaen suojatoiminnot sek\u00e4 ehk\u00e4isem\u00e4ll\u00e4 transdermaalista kosteuden menetyst\u00e4.<\/li>\n<li><strong>Oliivi\u00f6ljy<\/strong> pehment\u00e4\u00e4 ja ravitsee, palauttaa ihokudoksia, omaa antioksidanttisia ominaisuuksia.<\/li>\n<li><strong>9 peptidikompleksi<\/strong> Lis\u00e4\u00e4 ihon kimmoisuutta ja vahvuutta, kiihdytt\u00e4\u00e4 kehon omia kollageeni- ja elastiinikuitujen tuotantoprosesseja. V\u00e4hent\u00e4\u00e4 ryppyjen syvyytt\u00e4 ja ehk\u00e4isee ihon veltostumista. Vahvistaa ihon suojakerrosta.<\/li>\n<li><strong>SYN\u00ae\ufe0f-AKE<\/strong> on kyyk\u00e4\u00e4rmeen myrkyn kaltainen komponentti, joka est\u00e4\u00e4 lihasten supistuksia ja tarjoaa Botox-tyyppisen vaikutuksen: v\u00e4hent\u00e4\u00e4 otsan, nen\u00e4n ja huulien poimujen ja silmien ymp\u00e4rill\u00e4 olevien ryppyjen syvyytt\u00e4.<\/li>\n<li><strong>SYN\u00ae\ufe0f-COLL<\/strong> on tehokas ik\u00e4\u00e4ntymist\u00e4 est\u00e4v\u00e4 kompleksi, joka stimuloi aktiivisesti kollageenisynteesi\u00e4 ja est\u00e4\u00e4 sen hajoamista. Parantaa ihon turgoria, v\u00e4hent\u00e4\u00e4 merkitt\u00e4v\u00e4sti kasvojen ja i\u00e4n aiheuttamia ryppyj\u00e4, tasoittaa ihoa ja kiinteytt\u00e4\u00e4.<\/li>\n<li><strong>It\u00e4maisen kauneuden hedelm\u00e4t Newple<\/strong>x (viikuna-, granaattiomena-, ginkgo- ja mulperipuuuutteet) on voimakkaan rauhoittavan vaikutuksen omaava, lievitt\u00e4\u00e4 kutinaa ja \u00e4rsytyst\u00e4 sek\u00e4 stimuloi solujen uudistumista.<\/li>\n<li><strong>Tuore Bud nro 6\u2122\ufe0f<\/strong> (parsakaali-, alfalfa-, kiinankaali- ja vehn\u00e4nalkiouutteet) vahvistavat vastustuskyky\u00e4 ja stimuloivat uudistumisprosesseja, rauhoittavat ja parantavat tulehdusta.<\/li>\n<li><strong>Magnolian kuoriuute<\/strong> Hidastaa kollageeni- ja elastiinikuitujen hajoamista, yll\u00e4pit\u00e4\u00e4 kudosten kimmoisuutta ja tiheytt\u00e4. Sopii kuivalle, normaalille ja sekaiholle.<\/li>\n<\/ul>\n<p><strong>K\u00e4ytt\u00f6opas:<\/strong> Levit\u00e4 tarvittava m\u00e4\u00e4r\u00e4 tuotetta silm\u00e4nymp\u00e4rysiholle kevyin taputtelevin liikkein.<\/p>","protected":false},"excerpt":{"rendered":"<p>Medi-Peel Cell Toxing Dermajours Repair Eye Cream stimuloi uusien kollageeni- ja elastiinis\u00e4ikeiden synteesi\u00e4 ja lis\u00e4\u00e4 ihon kimmoisuutta intensiivisesti. Vahvistaa turgoria, kosteuttaa ja ravitsee aktiivisesti, ehk\u00e4isee kuivumista ja hidastaa kudosten ik\u00e4\u00e4ntymist\u00e4. Tuote v\u00e4hent\u00e4\u00e4 merkitt\u00e4v\u00e4sti syvi\u00e4 ja mimisi\u00e4 ryppyj\u00e4, vaalentaa hell\u00e4varaisesti tummia silm\u00e4nalusia ja taistelee sameutta vastaan. Palauttaa vaurioituneen ihon matriisin, silottaa \u00e4\u00e4riviivoja....<\/p>","protected":false},"featured_media":1612,"comment_status":"open","ping_status":"closed","template":"","meta":{"_uf_show_specific_survey":0,"_uf_disable_surveys":false,"_bst_post_transparent":"default","_bst_post_title":"","_bst_post_layout":"default","_bst_post_sidebar_id":"","_bst_post_content_style":"default","_bst_post_vertical_padding":"default","_bst_post_feature":"","_bst_post_feature_position":"","_bst_post_header":false,"_bst_post_footer":false},"pwb-brand":[107],"product_brand":[],"product_cat":[92,99,201],"product_tag":[],"class_list":{"0":"post-1607","1":"product","2":"type-product","3":"status-publish","4":"has-post-thumbnail","6":"pwb-brand-medipeel","7":"product_cat-nagu","8":"product_cat-silmad-ja-huuled-2","9":"product_cat-silmakreem","11":"first","12":"instock","13":"sale","14":"shipping-taxable","15":"purchasable","16":"product-type-simple","17":"entry","18":"content-bg","19":"loop-entry"},"supplier_id":null,"supplier_sku":"","barcode":null,"atum_controlled":true,"out_stock_date":null,"out_stock_threshold":null,"inheritable":false,"inbound_stock":0,"stock_on_hold":0,"sold_today":0,"sales_last_days":1,"out_stock_days":0,"lost_sales":0,"has_location":false,"update_date":"2026-04-14T00:05:10","atum_locations":[],"atum_stock_status":"instock","restock_status":false,"low_stock_amount":"","sales_update_date":"2026-04-14T00:05:10","calc_backorders":null,"yoast_head":"<!-- This site is optimized with the Yoast SEO plugin v27.2 - https:\/\/yoast.com\/product\/yoast-seo-wordpress\/ -->\n<title>Medi-Peel Cell Toxing Dermajours Repair Eye Cream - IDA.KOREA<\/title>\n<meta name=\"description\" content=\"Tugevdav silmakreem t\u00fcvirakkudega Medi-Peel Cell Toxing Dermajours Repair Eye Cream stimuleerib uute kollageeni- ja elastiinikiudude s\u00fcnteesi protsessi, et intensiivselt t\u00f5sta naha elastsust.\" \/>\n<meta name=\"robots\" content=\"index, follow, max-snippet:-1, max-image-preview:large, max-video-preview:-1\" \/>\n<link rel=\"canonical\" href=\"https:\/\/idakorea.ee\/fi\/product\/pinguldav-silmakreem-tuvirakkudega-medi-peel-cell-toxing-demajour-repair-eye-cream-30ml\/\" \/>\n<meta property=\"og:locale\" content=\"fi_FI\" \/>\n<meta property=\"og:type\" content=\"article\" \/>\n<meta property=\"og:title\" content=\"Medi-Peel Cell Toxing Dermajours Repair Eye Cream - IDA.KOREA\" \/>\n<meta property=\"og:description\" content=\"Tugevdav silmakreem t\u00fcvirakkudega Medi-Peel Cell Toxing Dermajours Repair Eye Cream stimuleerib uute kollageeni- ja elastiinikiudude s\u00fcnteesi protsessi, et intensiivselt t\u00f5sta naha elastsust.\" \/>\n<meta property=\"og:url\" content=\"https:\/\/idakorea.ee\/fi\/product\/pinguldav-silmakreem-tuvirakkudega-medi-peel-cell-toxing-demajour-repair-eye-cream-30ml\/\" \/>\n<meta property=\"og:site_name\" content=\"IDA.KOREA\" \/>\n<meta property=\"article:modified_time\" content=\"2026-04-07T09:04:23+00:00\" \/>\n<meta property=\"og:image\" content=\"https:\/\/idakorea.ee\/wp-content\/uploads\/2024\/05\/04-_4_-_1_.png\" \/>\n\t<meta property=\"og:image:width\" content=\"1000\" \/>\n\t<meta property=\"og:image:height\" content=\"1000\" \/>\n\t<meta property=\"og:image:type\" content=\"image\/png\" \/>\n<meta name=\"twitter:card\" content=\"summary_large_image\" \/>\n<meta name=\"twitter:label1\" content=\"Arvioitu lukuaika\" \/>\n\t<meta name=\"twitter:data1\" content=\"2 minuuttia\" \/>\n<script type=\"application\/ld+json\" class=\"yoast-schema-graph\">{\"@context\":\"https:\/\/schema.org\",\"@graph\":[{\"@type\":\"WebPage\",\"@id\":\"https:\/\/idakorea.ee\/product\/pinguldav-silmakreem-tuvirakkudega-medi-peel-cell-toxing-demajour-repair-eye-cream-30ml\/\",\"url\":\"https:\/\/idakorea.ee\/product\/pinguldav-silmakreem-tuvirakkudega-medi-peel-cell-toxing-demajour-repair-eye-cream-30ml\/\",\"name\":\"Medi-Peel Cell Toxing Dermajours Repair Eye Cream - IDA.KOREA\",\"isPartOf\":{\"@id\":\"https:\/\/idakorea.ee\/#website\"},\"primaryImageOfPage\":{\"@id\":\"https:\/\/idakorea.ee\/product\/pinguldav-silmakreem-tuvirakkudega-medi-peel-cell-toxing-demajour-repair-eye-cream-30ml\/#primaryimage\"},\"image\":{\"@id\":\"https:\/\/idakorea.ee\/product\/pinguldav-silmakreem-tuvirakkudega-medi-peel-cell-toxing-demajour-repair-eye-cream-30ml\/#primaryimage\"},\"thumbnailUrl\":\"https:\/\/idakorea.ee\/wp-content\/uploads\/2024\/05\/04-_4_-_1_.png\",\"datePublished\":\"2024-05-29T11:57:29+00:00\",\"dateModified\":\"2026-04-07T09:04:23+00:00\",\"description\":\"Tugevdav silmakreem t\u00fcvirakkudega Medi-Peel Cell Toxing Dermajours Repair Eye Cream stimuleerib uute kollageeni- ja elastiinikiudude s\u00fcnteesi protsessi, et intensiivselt t\u00f5sta naha elastsust.\",\"breadcrumb\":{\"@id\":\"https:\/\/idakorea.ee\/product\/pinguldav-silmakreem-tuvirakkudega-medi-peel-cell-toxing-demajour-repair-eye-cream-30ml\/#breadcrumb\"},\"inLanguage\":\"fi\",\"potentialAction\":[{\"@type\":\"ReadAction\",\"target\":[\"https:\/\/idakorea.ee\/product\/pinguldav-silmakreem-tuvirakkudega-medi-peel-cell-toxing-demajour-repair-eye-cream-30ml\/\"]}]},{\"@type\":\"ImageObject\",\"inLanguage\":\"fi\",\"@id\":\"https:\/\/idakorea.ee\/product\/pinguldav-silmakreem-tuvirakkudega-medi-peel-cell-toxing-demajour-repair-eye-cream-30ml\/#primaryimage\",\"url\":\"https:\/\/idakorea.ee\/wp-content\/uploads\/2024\/05\/04-_4_-_1_.png\",\"contentUrl\":\"https:\/\/idakorea.ee\/wp-content\/uploads\/2024\/05\/04-_4_-_1_.png\",\"width\":1000,\"height\":1000},{\"@type\":\"BreadcrumbList\",\"@id\":\"https:\/\/idakorea.ee\/product\/pinguldav-silmakreem-tuvirakkudega-medi-peel-cell-toxing-demajour-repair-eye-cream-30ml\/#breadcrumb\",\"itemListElement\":[{\"@type\":\"ListItem\",\"position\":1,\"name\":\"\u0413\u043b\u0430\u0432\u043d\u0430\u044f \u0441\u0442\u0440\u0430\u043d\u0438\u0446\u0430\",\"item\":\"https:\/\/idakorea.ee\/\"},{\"@type\":\"ListItem\",\"position\":2,\"name\":\"Shop\",\"item\":\"https:\/\/idakorea.ee\/shop-2\/\"},{\"@type\":\"ListItem\",\"position\":3,\"name\":\"Pinguldav silmakreem t\u00fcvirakkudega Medi-Peel Cell Toxing Dermajours Repair Eye Cream, 30ml\"}]},{\"@type\":\"WebSite\",\"@id\":\"https:\/\/idakorea.ee\/#website\",\"url\":\"https:\/\/idakorea.ee\/\",\"name\":\"IDA.KOREA\",\"description\":\"Korea kosmeetika e-pood\",\"publisher\":{\"@id\":\"https:\/\/idakorea.ee\/#organization\"},\"alternateName\":\"Beauty Shop\",\"potentialAction\":[{\"@type\":\"SearchAction\",\"target\":{\"@type\":\"EntryPoint\",\"urlTemplate\":\"https:\/\/idakorea.ee\/?s={search_term_string}\"},\"query-input\":{\"@type\":\"PropertyValueSpecification\",\"valueRequired\":true,\"valueName\":\"search_term_string\"}}],\"inLanguage\":\"fi\"},{\"@type\":\"Organization\",\"@id\":\"https:\/\/idakorea.ee\/#organization\",\"name\":\"IDA.KOREA\",\"url\":\"https:\/\/idakorea.ee\/\",\"logo\":{\"@type\":\"ImageObject\",\"inLanguage\":\"fi\",\"@id\":\"https:\/\/idakorea.ee\/#\/schema\/logo\/image\/\",\"url\":\"https:\/\/idakorea.ee\/wp-content\/uploads\/2024\/05\/cropped-korea3.png\",\"contentUrl\":\"https:\/\/idakorea.ee\/wp-content\/uploads\/2024\/05\/cropped-korea3.png\",\"width\":688,\"height\":126,\"caption\":\"IDA.KOREA\"},\"image\":{\"@id\":\"https:\/\/idakorea.ee\/#\/schema\/logo\/image\/\"},\"sameAs\":[\"https:\/\/www.instagram.com\/ida.korea\/\"]}]}<\/script>\n<!-- \/ Yoast SEO plugin. -->","yoast_head_json":{"title":"Medi-Peel Cell Toxing Dermajours Repair -silm\u00e4nymp\u00e4rysvoide - IDA.KOREA","description":"Medi-Peel Cell Toxing Dermajours Repair -silm\u00e4nymp\u00e4rysvoide stimuloi uusien kollageeni- ja elastiinikuitujen synteesi\u00e4 ja lis\u00e4\u00e4 intensiivisesti ihon kimmoisuutta.","robots":{"index":"index","follow":"follow","max-snippet":"max-snippet:-1","max-image-preview":"max-image-preview:large","max-video-preview":"max-video-preview:-1"},"canonical":"https:\/\/idakorea.ee\/fi\/product\/pinguldav-silmakreem-tuvirakkudega-medi-peel-cell-toxing-demajour-repair-eye-cream-30ml\/","og_locale":"fi_FI","og_type":"article","og_title":"Medi-Peel Cell Toxing Dermajours Repair Eye Cream - IDA.KOREA","og_description":"Tugevdav silmakreem t\u00fcvirakkudega Medi-Peel Cell Toxing Dermajours Repair Eye Cream stimuleerib uute kollageeni- ja elastiinikiudude s\u00fcnteesi protsessi, et intensiivselt t\u00f5sta naha elastsust.","og_url":"https:\/\/idakorea.ee\/fi\/product\/pinguldav-silmakreem-tuvirakkudega-medi-peel-cell-toxing-demajour-repair-eye-cream-30ml\/","og_site_name":"IDA.KOREA","article_modified_time":"2026-04-07T09:04:23+00:00","og_image":[{"width":1000,"height":1000,"url":"https:\/\/idakorea.ee\/wp-content\/uploads\/2024\/05\/04-_4_-_1_.png","type":"image\/png"}],"twitter_card":"summary_large_image","twitter_misc":{"Arvioitu lukuaika":"2 minuuttia"},"schema":{"@context":"https:\/\/schema.org","@graph":[{"@type":"WebPage","@id":"https:\/\/idakorea.ee\/product\/pinguldav-silmakreem-tuvirakkudega-medi-peel-cell-toxing-demajour-repair-eye-cream-30ml\/","url":"https:\/\/idakorea.ee\/product\/pinguldav-silmakreem-tuvirakkudega-medi-peel-cell-toxing-demajour-repair-eye-cream-30ml\/","name":"Medi-Peel Cell Toxing Dermajours Repair -silm\u00e4nymp\u00e4rysvoide - IDA.KOREA","isPartOf":{"@id":"https:\/\/idakorea.ee\/#website"},"primaryImageOfPage":{"@id":"https:\/\/idakorea.ee\/product\/pinguldav-silmakreem-tuvirakkudega-medi-peel-cell-toxing-demajour-repair-eye-cream-30ml\/#primaryimage"},"image":{"@id":"https:\/\/idakorea.ee\/product\/pinguldav-silmakreem-tuvirakkudega-medi-peel-cell-toxing-demajour-repair-eye-cream-30ml\/#primaryimage"},"thumbnailUrl":"https:\/\/idakorea.ee\/wp-content\/uploads\/2024\/05\/04-_4_-_1_.png","datePublished":"2024-05-29T11:57:29+00:00","dateModified":"2026-04-07T09:04:23+00:00","description":"Medi-Peel Cell Toxing Dermajours Repair -silm\u00e4nymp\u00e4rysvoide stimuloi uusien kollageeni- ja elastiinikuitujen synteesi\u00e4 ja lis\u00e4\u00e4 intensiivisesti ihon kimmoisuutta.","breadcrumb":{"@id":"https:\/\/idakorea.ee\/product\/pinguldav-silmakreem-tuvirakkudega-medi-peel-cell-toxing-demajour-repair-eye-cream-30ml\/#breadcrumb"},"inLanguage":"fi","potentialAction":[{"@type":"ReadAction","target":["https:\/\/idakorea.ee\/product\/pinguldav-silmakreem-tuvirakkudega-medi-peel-cell-toxing-demajour-repair-eye-cream-30ml\/"]}]},{"@type":"ImageObject","inLanguage":"fi","@id":"https:\/\/idakorea.ee\/product\/pinguldav-silmakreem-tuvirakkudega-medi-peel-cell-toxing-demajour-repair-eye-cream-30ml\/#primaryimage","url":"https:\/\/idakorea.ee\/wp-content\/uploads\/2024\/05\/04-_4_-_1_.png","contentUrl":"https:\/\/idakorea.ee\/wp-content\/uploads\/2024\/05\/04-_4_-_1_.png","width":1000,"height":1000},{"@type":"BreadcrumbList","@id":"https:\/\/idakorea.ee\/product\/pinguldav-silmakreem-tuvirakkudega-medi-peel-cell-toxing-demajour-repair-eye-cream-30ml\/#breadcrumb","itemListElement":[{"@type":"ListItem","position":1,"name":"\u0413\u043b\u0430\u0432\u043d\u0430\u044f \u0441\u0442\u0440\u0430\u043d\u0438\u0446\u0430","item":"https:\/\/idakorea.ee\/"},{"@type":"ListItem","position":2,"name":"Shop","item":"https:\/\/idakorea.ee\/shop-2\/"},{"@type":"ListItem","position":3,"name":"Pinguldav silmakreem t\u00fcvirakkudega Medi-Peel Cell Toxing Dermajours Repair Eye Cream, 30ml"}]},{"@type":"WebSite","@id":"https:\/\/idakorea.ee\/#website","url":"https:\/\/idakorea.ee\/","name":"IDA.KOREA","description":"Korean kosmetiikan verkkokauppa","publisher":{"@id":"https:\/\/idakorea.ee\/#organization"},"alternateName":"Beauty Shop","potentialAction":[{"@type":"SearchAction","target":{"@type":"EntryPoint","urlTemplate":"https:\/\/idakorea.ee\/?s={search_term_string}"},"query-input":{"@type":"PropertyValueSpecification","valueRequired":true,"valueName":"search_term_string"}}],"inLanguage":"fi"},{"@type":"Organization","@id":"https:\/\/idakorea.ee\/#organization","name":"IDA.KOREA","url":"https:\/\/idakorea.ee\/","logo":{"@type":"ImageObject","inLanguage":"fi","@id":"https:\/\/idakorea.ee\/#\/schema\/logo\/image\/","url":"https:\/\/idakorea.ee\/wp-content\/uploads\/2024\/05\/cropped-korea3.png","contentUrl":"https:\/\/idakorea.ee\/wp-content\/uploads\/2024\/05\/cropped-korea3.png","width":688,"height":126,"caption":"IDA.KOREA"},"image":{"@id":"https:\/\/idakorea.ee\/#\/schema\/logo\/image\/"},"sameAs":["https:\/\/www.instagram.com\/ida.korea\/"]}]}},"jetpack_sharing_enabled":true,"brands":[{"id":107,"name":"MEDIPEEL+","slug":"medipeel"}],"_links":{"self":[{"href":"https:\/\/idakorea.ee\/fi\/wp-json\/wp\/v2\/product\/1607","targetHints":{"allow":["GET"]}}],"collection":[{"href":"https:\/\/idakorea.ee\/fi\/wp-json\/wp\/v2\/product"}],"about":[{"href":"https:\/\/idakorea.ee\/fi\/wp-json\/wp\/v2\/types\/product"}],"replies":[{"embeddable":true,"href":"https:\/\/idakorea.ee\/fi\/wp-json\/wp\/v2\/comments?post=1607"}],"version-history":[{"count":3,"href":"https:\/\/idakorea.ee\/fi\/wp-json\/wp\/v2\/product\/1607\/revisions"}],"predecessor-version":[{"id":17410,"href":"https:\/\/idakorea.ee\/fi\/wp-json\/wp\/v2\/product\/1607\/revisions\/17410"}],"wp:featuredmedia":[{"embeddable":true,"href":"https:\/\/idakorea.ee\/fi\/wp-json\/wp\/v2\/media\/1612"}],"wp:attachment":[{"href":"https:\/\/idakorea.ee\/fi\/wp-json\/wp\/v2\/media?parent=1607"}],"wp:term":[{"taxonomy":"pwb-brand","embeddable":true,"href":"https:\/\/idakorea.ee\/fi\/wp-json\/wp\/v2\/pwb-brand?post=1607"},{"taxonomy":"product_brand","embeddable":true,"href":"https:\/\/idakorea.ee\/fi\/wp-json\/wp\/v2\/product_brand?post=1607"},{"taxonomy":"product_cat","embeddable":true,"href":"https:\/\/idakorea.ee\/fi\/wp-json\/wp\/v2\/product_cat?post=1607"},{"taxonomy":"product_tag","embeddable":true,"href":"https:\/\/idakorea.ee\/fi\/wp-json\/wp\/v2\/product_tag?post=1607"}],"curies":[{"name":"wp","href":"https:\/\/api.w.org\/{rel}","templated":true}]}}