{"id":16134,"date":"2025-10-15T11:10:53","date_gmt":"2025-10-15T08:10:53","guid":{"rendered":"https:\/\/idakorea.ee\/?post_type=product&#038;p=16134"},"modified":"2026-04-13T14:54:02","modified_gmt":"2026-04-13T12:54:02","slug":"missha-m-bb-boomer-40ml","status":"publish","type":"product","link":"https:\/\/idakorea.ee\/fi\/product\/missha-m-bb-boomer-40ml\/","title":{"rendered":"Missha M BB Boomer, 40ml"},"content":{"rendered":"<p data-start=\"0\" data-end=\"223\">Pohjustusvoide sis\u00e4lt\u00e4\u00e4 valoa heijastavia hiukkasia, jotka antavat kasvoille kauniin luonnollisen hehkun ja tasoittavat ihon s\u00e4vy\u00e4. Tuote kosteuttaa ihoa t\u00e4ydellisesti, kirkastaa pigmenttil\u00e4iski\u00e4 ja auttaa ehk\u00e4isem\u00e4\u00e4n ihon ik\u00e4\u00e4ntymist\u00e4.<\/p>\n<p data-start=\"225\" data-end=\"251\"><strong data-start=\"225\" data-end=\"249\">T\u00e4rkeimm\u00e4t vaikuttavat aineet:<\/strong><\/p>\n<ul data-start=\"252\" data-end=\"1100\">\n<li data-start=\"252\" data-end=\"352\">\n<p data-start=\"254\" data-end=\"352\"><strong data-start=\"254\" data-end=\"271\">Timanttijauhe<\/strong> nuorentaa ihoa, tasoittaa mikroreliefi\u00e4 ja antaa sille luonnollisen sis\u00e4isen hehkun.<\/p>\n<\/li>\n<li data-start=\"353\" data-end=\"618\">\n<p data-start=\"355\" data-end=\"618\"><strong data-start=\"355\" data-end=\"375\">Moringa-uute<\/strong> Ehk\u00e4isee ryppyj\u00e4 ja ihon s\u00e4vyn menetyst\u00e4, torjuu tulehdusta ja parantaa ihon kuntoa. Moringa-uute luo my\u00f6s iholle n\u00e4kym\u00e4tt\u00f6m\u00e4n suojakerroksen, joka v\u00e4hent\u00e4\u00e4 vapaiden radikaalien muodostumista ja ymp\u00e4rist\u00f6vaikutusten negatiivista vaikutusta ihoon.<\/p>\n<\/li>\n<li data-start=\"619\" data-end=\"744\">\n<p data-start=\"621\" data-end=\"744\"><strong data-start=\"621\" data-end=\"636\">Helmijauhe<\/strong> sill\u00e4 on erinomaiset nuorentavat ja haavaumia parantavat vaikutukset, se auttaa vaalentamaan pigmenttil\u00e4iski\u00e4 ja parantamaan ihonv\u00e4ri\u00e4.<\/p>\n<\/li>\n<li data-start=\"745\" data-end=\"895\">\n<p data-start=\"747\" data-end=\"895\"><strong data-start=\"747\" data-end=\"790\">Kamomilla (pyrethrum parthenium) uute<\/strong> Sill\u00e4 on voimakkaita tulehdusta ja haavaumia parantavia ominaisuuksia, se lievitt\u00e4\u00e4 iho\u00e4rsytyst\u00e4 ja tukee ihon uudistumista.<\/p>\n<\/li>\n<li data-start=\"896\" data-end=\"1100\">\n<p data-start=\"898\" data-end=\"1100\"><strong data-start=\"898\" data-end=\"911\">Adenos<\/strong> stimuloi kollageenin ja elastiinin tuotantoa, parantaa verenkiertoa ja sill\u00e4 on aktiivinen ik\u00e4\u00e4ntymist\u00e4 ehk\u00e4isev\u00e4 vaikutus \u2013 tasoittaa ilmejuonteita, parantaa ihon kimmoisuutta ja auttaa ehk\u00e4isem\u00e4\u00e4n veltostumista.<\/p>\n<\/li>\n<\/ul>\n<p data-start=\"1102\" data-end=\"1134\">Sopii kaikille ihotyypeille.<\/p>\n<p data-start=\"1136\" data-end=\"1328\" data-is-last-node=\"\" data-is-only-node=\"\"><strong data-start=\"1136\" data-end=\"1151\">K\u00e4ytt\u00f6:<\/strong> Ennen BB-voiteen levitt\u00e4mist\u00e4 levit\u00e4 pieni m\u00e4\u00e4r\u00e4 pohjustusvoidetta iholle ja levit\u00e4 se hell\u00e4varaisesti taputtelemalla. Odota, ett\u00e4 tuote imeytyy kokonaan, ja jatka meikkaamista.<\/p>","protected":false},"excerpt":{"rendered":"<p>Pohjustusvoide sis\u00e4lt\u00e4\u00e4 valoa heijastavia hiukkasia, jotka antavat kasvoille kauniin luonnollisen hehkun ja tasoittavat ihon s\u00e4vy\u00e4. Tuote kosteuttaa ihoa t\u00e4ydellisesti, kirkastaa pigmenttil\u00e4iski\u00e4 ja auttaa ehk\u00e4isem\u00e4\u00e4n ihon ik\u00e4\u00e4ntymist\u00e4. T\u00e4rkeimm\u00e4t vaikuttavat aineosat: Timanttijauhe nuorentaa ihoa, tasoittaa mikroreliefi\u00e4 ja antaa sille luonnollisen sis\u00e4isen hehkun. Moringa-uute ehk\u00e4isee ryppyj\u00e4 ja ihon s\u00e4vyn menetyst\u00e4, torjuu tulehdusta ja parantaa ihon kuntoa\u2026.<\/p>","protected":false},"featured_media":16135,"comment_status":"open","ping_status":"closed","template":"","meta":{"_uf_show_specific_survey":0,"_uf_disable_surveys":false,"_bst_post_transparent":"default","_bst_post_title":"","_bst_post_layout":"default","_bst_post_sidebar_id":"","_bst_post_content_style":"default","_bst_post_vertical_padding":"default","_bst_post_feature":"","_bst_post_feature_position":"","_bst_post_header":false,"_bst_post_footer":false},"pwb-brand":[631],"product_brand":[],"product_cat":[500,499],"product_tag":[794,632,998],"class_list":{"0":"post-16134","1":"product","2":"type-product","3":"status-publish","4":"has-post-thumbnail","6":"pwb-brand-missha","7":"product_cat-jumestuskreemid","8":"product_cat-meik","9":"product_tag-bb","10":"product_tag-missha","11":"product_tag-primer","13":"first","14":"instock","15":"sale","16":"shipping-taxable","17":"purchasable","18":"product-type-simple","19":"entry","20":"content-bg","21":"loop-entry"},"supplier_id":null,"supplier_sku":"","barcode":null,"atum_controlled":true,"out_stock_date":null,"out_stock_threshold":null,"inheritable":false,"inbound_stock":0,"stock_on_hold":1,"sold_today":0,"sales_last_days":1,"out_stock_days":0,"lost_sales":0,"has_location":false,"update_date":"2026-04-14T00:05:14","atum_locations":[],"atum_stock_status":"instock","restock_status":false,"low_stock_amount":"","sales_update_date":"2026-04-14T00:05:14","calc_backorders":null,"yoast_head":"<!-- This site is optimized with the Yoast SEO plugin v27.2 - https:\/\/yoast.com\/product\/yoast-seo-wordpress\/ -->\n<title>Missha M BB Boomer, 40ml - IDA.KOREA<\/title>\n<meta name=\"description\" content=\"Meigialuskreem sisaldab valgust peegeldavaid osakesi, mis annavad n\u00e4ole kauni loomuliku s\u00e4ra ja \u00fchtlustavad naha tooni. Niisutab ja helendab pigmendilaike.\" \/>\n<meta name=\"robots\" content=\"index, follow, max-snippet:-1, max-image-preview:large, max-video-preview:-1\" \/>\n<link rel=\"canonical\" href=\"https:\/\/idakorea.ee\/fi\/product\/missha-m-bb-boomer-40ml\/\" \/>\n<meta property=\"og:locale\" content=\"fi_FI\" \/>\n<meta property=\"og:type\" content=\"article\" \/>\n<meta property=\"og:title\" content=\"Missha M BB Boomer, 40ml - IDA.KOREA\" \/>\n<meta property=\"og:description\" content=\"Meigialuskreem sisaldab valgust peegeldavaid osakesi, mis annavad n\u00e4ole kauni loomuliku s\u00e4ra ja \u00fchtlustavad naha tooni. Niisutab ja helendab pigmendilaike.\" \/>\n<meta property=\"og:url\" content=\"https:\/\/idakorea.ee\/fi\/product\/missha-m-bb-boomer-40ml\/\" \/>\n<meta property=\"og:site_name\" content=\"IDA.KOREA\" \/>\n<meta property=\"article:modified_time\" content=\"2026-04-13T12:54:02+00:00\" \/>\n<meta property=\"og:image\" content=\"https:\/\/idakorea.ee\/wp-content\/uploads\/2025\/10\/missha-m-bb-boomer-idakorea.webp\" \/>\n\t<meta property=\"og:image:width\" content=\"1000\" \/>\n\t<meta property=\"og:image:height\" content=\"1000\" \/>\n\t<meta property=\"og:image:type\" content=\"image\/webp\" \/>\n<meta name=\"twitter:card\" content=\"summary_large_image\" \/>\n<meta name=\"twitter:label1\" content=\"Arvioitu lukuaika\" \/>\n\t<meta name=\"twitter:data1\" content=\"2 minuuttia\" \/>\n<script type=\"application\/ld+json\" class=\"yoast-schema-graph\">{\"@context\":\"https:\/\/schema.org\",\"@graph\":[{\"@type\":\"WebPage\",\"@id\":\"https:\/\/idakorea.ee\/product\/missha-m-bb-boomer-40ml\/\",\"url\":\"https:\/\/idakorea.ee\/product\/missha-m-bb-boomer-40ml\/\",\"name\":\"Missha M BB Boomer, 40ml - IDA.KOREA\",\"isPartOf\":{\"@id\":\"https:\/\/idakorea.ee\/#website\"},\"primaryImageOfPage\":{\"@id\":\"https:\/\/idakorea.ee\/product\/missha-m-bb-boomer-40ml\/#primaryimage\"},\"image\":{\"@id\":\"https:\/\/idakorea.ee\/product\/missha-m-bb-boomer-40ml\/#primaryimage\"},\"thumbnailUrl\":\"https:\/\/idakorea.ee\/wp-content\/uploads\/2025\/10\/missha-m-bb-boomer-idakorea.webp\",\"datePublished\":\"2025-10-15T08:10:53+00:00\",\"dateModified\":\"2026-04-13T12:54:02+00:00\",\"description\":\"Meigialuskreem sisaldab valgust peegeldavaid osakesi, mis annavad n\u00e4ole kauni loomuliku s\u00e4ra ja \u00fchtlustavad naha tooni. Niisutab ja helendab pigmendilaike.\",\"breadcrumb\":{\"@id\":\"https:\/\/idakorea.ee\/product\/missha-m-bb-boomer-40ml\/#breadcrumb\"},\"inLanguage\":\"fi\",\"potentialAction\":[{\"@type\":\"ReadAction\",\"target\":[\"https:\/\/idakorea.ee\/product\/missha-m-bb-boomer-40ml\/\"]}]},{\"@type\":\"ImageObject\",\"inLanguage\":\"fi\",\"@id\":\"https:\/\/idakorea.ee\/product\/missha-m-bb-boomer-40ml\/#primaryimage\",\"url\":\"https:\/\/idakorea.ee\/wp-content\/uploads\/2025\/10\/missha-m-bb-boomer-idakorea.webp\",\"contentUrl\":\"https:\/\/idakorea.ee\/wp-content\/uploads\/2025\/10\/missha-m-bb-boomer-idakorea.webp\",\"width\":1000,\"height\":1000},{\"@type\":\"BreadcrumbList\",\"@id\":\"https:\/\/idakorea.ee\/product\/missha-m-bb-boomer-40ml\/#breadcrumb\",\"itemListElement\":[{\"@type\":\"ListItem\",\"position\":1,\"name\":\"\u0413\u043b\u0430\u0432\u043d\u0430\u044f \u0441\u0442\u0440\u0430\u043d\u0438\u0446\u0430\",\"item\":\"https:\/\/idakorea.ee\/\"},{\"@type\":\"ListItem\",\"position\":2,\"name\":\"Shop\",\"item\":\"https:\/\/idakorea.ee\/shop-2\/\"},{\"@type\":\"ListItem\",\"position\":3,\"name\":\"Meigialuskreem Missha M BB Boomer, 40ml\"}]},{\"@type\":\"WebSite\",\"@id\":\"https:\/\/idakorea.ee\/#website\",\"url\":\"https:\/\/idakorea.ee\/\",\"name\":\"IDA.KOREA\",\"description\":\"Korea kosmeetika e-pood\",\"publisher\":{\"@id\":\"https:\/\/idakorea.ee\/#organization\"},\"alternateName\":\"Beauty Shop\",\"potentialAction\":[{\"@type\":\"SearchAction\",\"target\":{\"@type\":\"EntryPoint\",\"urlTemplate\":\"https:\/\/idakorea.ee\/?s={search_term_string}\"},\"query-input\":{\"@type\":\"PropertyValueSpecification\",\"valueRequired\":true,\"valueName\":\"search_term_string\"}}],\"inLanguage\":\"fi\"},{\"@type\":\"Organization\",\"@id\":\"https:\/\/idakorea.ee\/#organization\",\"name\":\"IDA.KOREA\",\"url\":\"https:\/\/idakorea.ee\/\",\"logo\":{\"@type\":\"ImageObject\",\"inLanguage\":\"fi\",\"@id\":\"https:\/\/idakorea.ee\/#\/schema\/logo\/image\/\",\"url\":\"https:\/\/idakorea.ee\/wp-content\/uploads\/2024\/05\/cropped-korea3.png\",\"contentUrl\":\"https:\/\/idakorea.ee\/wp-content\/uploads\/2024\/05\/cropped-korea3.png\",\"width\":688,\"height\":126,\"caption\":\"IDA.KOREA\"},\"image\":{\"@id\":\"https:\/\/idakorea.ee\/#\/schema\/logo\/image\/\"},\"sameAs\":[\"https:\/\/www.instagram.com\/ida.korea\/\"]}]}<\/script>\n<!-- \/ Yoast SEO plugin. -->","yoast_head_json":{"title":"Missha M BB Boomer, 40ml - IDA.KOREA","description":"Meikkivoide sis\u00e4lt\u00e4\u00e4 valoa heijastavia hiukkasia, jotka antavat kasvoille kauniin luonnollisen hehkun ja tasoittavat ihon s\u00e4vy\u00e4. Kosteuttaa ja kirkastaa pigmenttil\u00e4iski\u00e4.","robots":{"index":"index","follow":"follow","max-snippet":"max-snippet:-1","max-image-preview":"max-image-preview:large","max-video-preview":"max-video-preview:-1"},"canonical":"https:\/\/idakorea.ee\/fi\/product\/missha-m-bb-boomer-40ml\/","og_locale":"fi_FI","og_type":"article","og_title":"Missha M BB Boomer, 40ml - IDA.KOREA","og_description":"Meigialuskreem sisaldab valgust peegeldavaid osakesi, mis annavad n\u00e4ole kauni loomuliku s\u00e4ra ja \u00fchtlustavad naha tooni. Niisutab ja helendab pigmendilaike.","og_url":"https:\/\/idakorea.ee\/fi\/product\/missha-m-bb-boomer-40ml\/","og_site_name":"IDA.KOREA","article_modified_time":"2026-04-13T12:54:02+00:00","og_image":[{"width":1000,"height":1000,"url":"https:\/\/idakorea.ee\/wp-content\/uploads\/2025\/10\/missha-m-bb-boomer-idakorea.webp","type":"image\/webp"}],"twitter_card":"summary_large_image","twitter_misc":{"Arvioitu lukuaika":"2 minuuttia"},"schema":{"@context":"https:\/\/schema.org","@graph":[{"@type":"WebPage","@id":"https:\/\/idakorea.ee\/product\/missha-m-bb-boomer-40ml\/","url":"https:\/\/idakorea.ee\/product\/missha-m-bb-boomer-40ml\/","name":"Missha M BB Boomer, 40ml - IDA.KOREA","isPartOf":{"@id":"https:\/\/idakorea.ee\/#website"},"primaryImageOfPage":{"@id":"https:\/\/idakorea.ee\/product\/missha-m-bb-boomer-40ml\/#primaryimage"},"image":{"@id":"https:\/\/idakorea.ee\/product\/missha-m-bb-boomer-40ml\/#primaryimage"},"thumbnailUrl":"https:\/\/idakorea.ee\/wp-content\/uploads\/2025\/10\/missha-m-bb-boomer-idakorea.webp","datePublished":"2025-10-15T08:10:53+00:00","dateModified":"2026-04-13T12:54:02+00:00","description":"Meikkivoide sis\u00e4lt\u00e4\u00e4 valoa heijastavia hiukkasia, jotka antavat kasvoille kauniin luonnollisen hehkun ja tasoittavat ihon s\u00e4vy\u00e4. Kosteuttaa ja kirkastaa pigmenttil\u00e4iski\u00e4.","breadcrumb":{"@id":"https:\/\/idakorea.ee\/product\/missha-m-bb-boomer-40ml\/#breadcrumb"},"inLanguage":"fi","potentialAction":[{"@type":"ReadAction","target":["https:\/\/idakorea.ee\/product\/missha-m-bb-boomer-40ml\/"]}]},{"@type":"ImageObject","inLanguage":"fi","@id":"https:\/\/idakorea.ee\/product\/missha-m-bb-boomer-40ml\/#primaryimage","url":"https:\/\/idakorea.ee\/wp-content\/uploads\/2025\/10\/missha-m-bb-boomer-idakorea.webp","contentUrl":"https:\/\/idakorea.ee\/wp-content\/uploads\/2025\/10\/missha-m-bb-boomer-idakorea.webp","width":1000,"height":1000},{"@type":"BreadcrumbList","@id":"https:\/\/idakorea.ee\/product\/missha-m-bb-boomer-40ml\/#breadcrumb","itemListElement":[{"@type":"ListItem","position":1,"name":"\u0413\u043b\u0430\u0432\u043d\u0430\u044f \u0441\u0442\u0440\u0430\u043d\u0438\u0446\u0430","item":"https:\/\/idakorea.ee\/"},{"@type":"ListItem","position":2,"name":"Shop","item":"https:\/\/idakorea.ee\/shop-2\/"},{"@type":"ListItem","position":3,"name":"Meigialuskreem Missha M BB Boomer, 40ml"}]},{"@type":"WebSite","@id":"https:\/\/idakorea.ee\/#website","url":"https:\/\/idakorea.ee\/","name":"IDA.KOREA","description":"Korean kosmetiikan verkkokauppa","publisher":{"@id":"https:\/\/idakorea.ee\/#organization"},"alternateName":"Beauty Shop","potentialAction":[{"@type":"SearchAction","target":{"@type":"EntryPoint","urlTemplate":"https:\/\/idakorea.ee\/?s={search_term_string}"},"query-input":{"@type":"PropertyValueSpecification","valueRequired":true,"valueName":"search_term_string"}}],"inLanguage":"fi"},{"@type":"Organization","@id":"https:\/\/idakorea.ee\/#organization","name":"IDA.KOREA","url":"https:\/\/idakorea.ee\/","logo":{"@type":"ImageObject","inLanguage":"fi","@id":"https:\/\/idakorea.ee\/#\/schema\/logo\/image\/","url":"https:\/\/idakorea.ee\/wp-content\/uploads\/2024\/05\/cropped-korea3.png","contentUrl":"https:\/\/idakorea.ee\/wp-content\/uploads\/2024\/05\/cropped-korea3.png","width":688,"height":126,"caption":"IDA.KOREA"},"image":{"@id":"https:\/\/idakorea.ee\/#\/schema\/logo\/image\/"},"sameAs":["https:\/\/www.instagram.com\/ida.korea\/"]}]}},"jetpack_sharing_enabled":true,"brands":[{"id":631,"name":"MISSHA","slug":"missha"}],"_links":{"self":[{"href":"https:\/\/idakorea.ee\/fi\/wp-json\/wp\/v2\/product\/16134","targetHints":{"allow":["GET"]}}],"collection":[{"href":"https:\/\/idakorea.ee\/fi\/wp-json\/wp\/v2\/product"}],"about":[{"href":"https:\/\/idakorea.ee\/fi\/wp-json\/wp\/v2\/types\/product"}],"replies":[{"embeddable":true,"href":"https:\/\/idakorea.ee\/fi\/wp-json\/wp\/v2\/comments?post=16134"}],"version-history":[{"count":2,"href":"https:\/\/idakorea.ee\/fi\/wp-json\/wp\/v2\/product\/16134\/revisions"}],"predecessor-version":[{"id":17461,"href":"https:\/\/idakorea.ee\/fi\/wp-json\/wp\/v2\/product\/16134\/revisions\/17461"}],"wp:featuredmedia":[{"embeddable":true,"href":"https:\/\/idakorea.ee\/fi\/wp-json\/wp\/v2\/media\/16135"}],"wp:attachment":[{"href":"https:\/\/idakorea.ee\/fi\/wp-json\/wp\/v2\/media?parent=16134"}],"wp:term":[{"taxonomy":"pwb-brand","embeddable":true,"href":"https:\/\/idakorea.ee\/fi\/wp-json\/wp\/v2\/pwb-brand?post=16134"},{"taxonomy":"product_brand","embeddable":true,"href":"https:\/\/idakorea.ee\/fi\/wp-json\/wp\/v2\/product_brand?post=16134"},{"taxonomy":"product_cat","embeddable":true,"href":"https:\/\/idakorea.ee\/fi\/wp-json\/wp\/v2\/product_cat?post=16134"},{"taxonomy":"product_tag","embeddable":true,"href":"https:\/\/idakorea.ee\/fi\/wp-json\/wp\/v2\/product_tag?post=16134"}],"curies":[{"name":"wp","href":"https:\/\/api.w.org\/{rel}","templated":true}]}}