{"id":16151,"date":"2025-10-17T10:47:16","date_gmt":"2025-10-17T07:47:16","guid":{"rendered":"https:\/\/idakorea.ee\/?post_type=product&#038;p=16151"},"modified":"2026-04-06T08:33:05","modified_gmt":"2026-04-06T06:33:05","slug":"missha-m-magic-cushion-moist-up-spf50-pa","status":"publish","type":"product","link":"https:\/\/idakorea.ee\/fi\/product\/missha-m-magic-cushion-moist-up-spf50-pa\/","title":{"rendered":"Meikkivoide Missha Magic Cushion Moist Up SPF50+ PA+++, 15g"},"content":{"rendered":"<p data-start=\"0\" data-end=\"159\">Kosteuttava <strong data-start=\"21\" data-end=\"69\">Missha Magic Cushion Moisture Up SPF50+ PA+++<\/strong> on ihanteellinen meikkivoide tasaisen ihons\u00e4vyn ja poikkeuksellisen kevyen, luonnollisen peitt\u00e4vyyden luomiseen.<\/p>\n<p data-start=\"161\" data-end=\"331\">Sis\u00e4lt\u00e4\u00e4 fotohiukkasia, jotka auttavat tehokkaasti korjaamaan ihon s\u00e4vy\u00e4, sek\u00e4 kukka\u00f6ljyj\u00e4, jotka tukevat ihon kosteustasapainoa ja auttavat ehk\u00e4isem\u00e4\u00e4n kuivumista ja hilseily\u00e4.<\/p>\n<p data-start=\"333\" data-end=\"513\">Tuote on pakattu erityiseen sienityynyyn ja se vapautuu painamalla sit\u00e4 kevyesti mukana tulevalla applikaattorilla.<\/p>\n<p data-start=\"515\" data-end=\"541\"><strong data-start=\"515\" data-end=\"539\">T\u00e4rkeimm\u00e4t vaikuttavat aineet:<\/strong><\/p>\n<ul data-start=\"542\" data-end=\"1285\">\n<li data-start=\"542\" data-end=\"760\">\n<p data-start=\"544\" data-end=\"760\"><strong data-start=\"544\" data-end=\"576\">Niasiiniamidi (B3-vitamiini)<\/strong> edist\u00e4\u00e4 kollageenisynteesi\u00e4 ja vahvistaa ihon suojatoimintoja, v\u00e4hent\u00e4\u00e4 kosteuden haihtumista, auttaa tasoittamaan ihon s\u00e4vy\u00e4 ja pigmenttimuutoksia, kosteuttaa, supistaa ihohuokosia, rauhoittaa ja kirkastaa.<\/p>\n<\/li>\n<li data-start=\"761\" data-end=\"935\">\n<p data-start=\"763\" data-end=\"935\"><strong data-start=\"763\" data-end=\"776\">Adenos<\/strong> on tehokas ik\u00e4\u00e4ntymist\u00e4 ehk\u00e4isev\u00e4 aktiivinen ainesosa, joka stimuloi kollageenin tuotantoa, parantaa ihon kimmoisuutta ja tiheytt\u00e4, silottaa ryppyj\u00e4 ja hidastaa ik\u00e4\u00e4ntymisprosessia.<\/p>\n<\/li>\n<li data-start=\"936\" data-end=\"1140\">\n<p data-start=\"938\" data-end=\"1140\"><strong data-start=\"938\" data-end=\"978\">Auringonkukka-, esikko- ja saflori\u00f6ljy<\/strong> ehk\u00e4isee kuivuutta ja nestehukkaa, tarjoaa antioksidanttisuojaa, yll\u00e4pit\u00e4\u00e4 ihon nuorekkuutta ja suojaa ymp\u00e4rist\u00f6n vaikutuksilta (kylmyys, tuuli, kuiva ilma).<\/p>\n<\/li>\n<li data-start=\"1141\" data-end=\"1285\">\n<p data-start=\"1143\" data-end=\"1285\"><strong data-start=\"1143\" data-end=\"1167\">Lootus- ja ruusuvesi<\/strong> kosteuttaa, pehment\u00e4\u00e4 ja rauhoittaa ihoa ja sill\u00e4 on antioksidanttinen vaikutus, joka neutraloi vapaita radikaaleja.<\/p>\n<\/li>\n<\/ul>\n<p data-start=\"1287\" data-end=\"1319\">Sopii kaikille ihotyypeille.<\/p>\n<p data-start=\"1321\" data-end=\"1463\" data-is-last-node=\"\" data-is-only-node=\"\"><strong data-start=\"1321\" data-end=\"1336\">K\u00e4ytt\u00f6:<\/strong> Levit\u00e4 tuotetta kasvoillesi erityisell\u00e4 sienell\u00e4 ja levit\u00e4 kasvovesi tasaisesti koko kasvoillesi saadaksesi kauniin ja tasaisen ihonv\u00e4rin.<\/p>","protected":false},"excerpt":{"rendered":"<p>Kosteuttava Missha Magic Cushion Moist Up SPF50+ PA+++ on ihanteellinen meikkivoide tasaiselle ihons\u00e4vylle ja poikkeuksellisen kevyelle, luonnolliselle peitt\u00e4vyydelle. Sis\u00e4lt\u00e4\u00e4 fotohiukkasia, jotka auttavat tehokkaasti korjaamaan ihons\u00e4vy\u00e4, sek\u00e4 kukka\u00f6ljyj\u00e4, jotka tukevat ihon kosteustasapainoa ja auttavat ehk\u00e4isem\u00e4\u00e4n kuivumista ja hilseily\u00e4. Tuote sijaitsee erityisess\u00e4 sienityynyss\u00e4 ja vapautuu painamalla sit\u00e4 kevyesti mukana tulevalla applikaattorilla. T\u00e4rkeimm\u00e4t vaikuttavat aineosat: Niasiiniamidi (B3-vitamiini) edist\u00e4\u00e4\u2026<\/p>","protected":false},"featured_media":16158,"comment_status":"open","ping_status":"closed","template":"","meta":{"_uf_show_specific_survey":0,"_uf_disable_surveys":false,"_bst_post_transparent":"default","_bst_post_title":"","_bst_post_layout":"default","_bst_post_sidebar_id":"","_bst_post_content_style":"default","_bst_post_vertical_padding":"default","_bst_post_feature":"","_bst_post_feature_position":"","_bst_post_header":false,"_bst_post_footer":false},"pwb-brand":[631],"product_brand":[],"product_cat":[500,499],"product_tag":[593,999,568],"class_list":{"0":"post-16151","1":"product","2":"type-product","3":"status-publish","4":"has-post-thumbnail","6":"pwb-brand-missha","7":"product_cat-jumestuskreemid","8":"product_cat-meik","9":"product_tag-cushion","10":"product_tag-jumestuskreem","11":"product_tag-korea","13":"first","14":"instock","15":"sale","16":"shipping-taxable","17":"purchasable","18":"product-type-variable","19":"has-default-attributes","20":"entry","21":"content-bg","22":"loop-entry"},"supplier_id":null,"supplier_sku":"","barcode":null,"atum_controlled":true,"out_stock_date":null,"out_stock_threshold":null,"inheritable":true,"inbound_stock":0,"stock_on_hold":0,"sold_today":0,"sales_last_days":3,"out_stock_days":0,"lost_sales":0,"has_location":false,"update_date":"2026-04-15T00:05:17","atum_locations":[],"atum_stock_status":"instock","restock_status":false,"low_stock_amount":"","sales_update_date":"2026-04-15T00:05:17","calc_backorders":null,"yoast_head":"<!-- This site is optimized with the Yoast SEO plugin v27.2 - https:\/\/yoast.com\/product\/yoast-seo-wordpress\/ -->\n<title>Missha M Magic Cushion Moist Up SPF50+ PA+++ - IDA.KOREA<\/title>\n<meta name=\"description\" content=\"Niisutav Missha M Magic Cushion Moist Up SPF50+ PA+++ on ideaalne jumestuskreem \u00fchtlase nahatooni ja erakordselt kerge, loomuliku katvuse loomiseks.\" \/>\n<meta name=\"robots\" content=\"index, follow, max-snippet:-1, max-image-preview:large, max-video-preview:-1\" \/>\n<link rel=\"canonical\" href=\"https:\/\/idakorea.ee\/fi\/product\/missha-m-magic-cushion-moist-up-spf50-pa\/\" \/>\n<meta property=\"og:locale\" content=\"fi_FI\" \/>\n<meta property=\"og:type\" content=\"article\" \/>\n<meta property=\"og:title\" content=\"Missha M Magic Cushion Moist Up SPF50+ PA+++ - IDA.KOREA\" \/>\n<meta property=\"og:description\" content=\"Niisutav Missha M Magic Cushion Moist Up SPF50+ PA+++ on ideaalne jumestuskreem \u00fchtlase nahatooni ja erakordselt kerge, loomuliku katvuse loomiseks.\" \/>\n<meta property=\"og:url\" content=\"https:\/\/idakorea.ee\/fi\/product\/missha-m-magic-cushion-moist-up-spf50-pa\/\" \/>\n<meta property=\"og:site_name\" content=\"IDA.KOREA\" \/>\n<meta property=\"article:modified_time\" content=\"2026-04-06T06:33:05+00:00\" \/>\n<meta property=\"og:image\" content=\"https:\/\/idakorea.ee\/wp-content\/uploads\/2025\/10\/missha-magic-cushion-moist-up-idakorea.jpg\" \/>\n\t<meta property=\"og:image:width\" content=\"800\" \/>\n\t<meta property=\"og:image:height\" content=\"800\" \/>\n\t<meta property=\"og:image:type\" content=\"image\/jpeg\" \/>\n<meta name=\"twitter:card\" content=\"summary_large_image\" \/>\n<meta name=\"twitter:label1\" content=\"Arvioitu lukuaika\" \/>\n\t<meta name=\"twitter:data1\" content=\"1 minuutti\" \/>\n<script type=\"application\/ld+json\" class=\"yoast-schema-graph\">{\"@context\":\"https:\/\/schema.org\",\"@graph\":[{\"@type\":\"WebPage\",\"@id\":\"https:\/\/idakorea.ee\/product\/missha-m-magic-cushion-moist-up-spf50-pa\/\",\"url\":\"https:\/\/idakorea.ee\/product\/missha-m-magic-cushion-moist-up-spf50-pa\/\",\"name\":\"Missha M Magic Cushion Moist Up SPF50+ PA+++ - IDA.KOREA\",\"isPartOf\":{\"@id\":\"https:\/\/idakorea.ee\/#website\"},\"primaryImageOfPage\":{\"@id\":\"https:\/\/idakorea.ee\/product\/missha-m-magic-cushion-moist-up-spf50-pa\/#primaryimage\"},\"image\":{\"@id\":\"https:\/\/idakorea.ee\/product\/missha-m-magic-cushion-moist-up-spf50-pa\/#primaryimage\"},\"thumbnailUrl\":\"https:\/\/idakorea.ee\/wp-content\/uploads\/2025\/10\/missha-magic-cushion-moist-up-idakorea.jpg\",\"datePublished\":\"2025-10-17T07:47:16+00:00\",\"dateModified\":\"2026-04-06T06:33:05+00:00\",\"description\":\"Niisutav Missha M Magic Cushion Moist Up SPF50+ PA+++ on ideaalne jumestuskreem \u00fchtlase nahatooni ja erakordselt kerge, loomuliku katvuse loomiseks.\",\"breadcrumb\":{\"@id\":\"https:\/\/idakorea.ee\/product\/missha-m-magic-cushion-moist-up-spf50-pa\/#breadcrumb\"},\"inLanguage\":\"fi\",\"potentialAction\":[{\"@type\":\"ReadAction\",\"target\":[\"https:\/\/idakorea.ee\/product\/missha-m-magic-cushion-moist-up-spf50-pa\/\"]}]},{\"@type\":\"ImageObject\",\"inLanguage\":\"fi\",\"@id\":\"https:\/\/idakorea.ee\/product\/missha-m-magic-cushion-moist-up-spf50-pa\/#primaryimage\",\"url\":\"https:\/\/idakorea.ee\/wp-content\/uploads\/2025\/10\/missha-magic-cushion-moist-up-idakorea.jpg\",\"contentUrl\":\"https:\/\/idakorea.ee\/wp-content\/uploads\/2025\/10\/missha-magic-cushion-moist-up-idakorea.jpg\",\"width\":800,\"height\":800},{\"@type\":\"BreadcrumbList\",\"@id\":\"https:\/\/idakorea.ee\/product\/missha-m-magic-cushion-moist-up-spf50-pa\/#breadcrumb\",\"itemListElement\":[{\"@type\":\"ListItem\",\"position\":1,\"name\":\"\u0413\u043b\u0430\u0432\u043d\u0430\u044f \u0441\u0442\u0440\u0430\u043d\u0438\u0446\u0430\",\"item\":\"https:\/\/idakorea.ee\/\"},{\"@type\":\"ListItem\",\"position\":2,\"name\":\"Shop\",\"item\":\"https:\/\/idakorea.ee\/shop-2\/\"},{\"@type\":\"ListItem\",\"position\":3,\"name\":\"Jumestuskreem Missha Magic Cushion Moist Up SPF50+ PA+++, 15g\"}]},{\"@type\":\"WebSite\",\"@id\":\"https:\/\/idakorea.ee\/#website\",\"url\":\"https:\/\/idakorea.ee\/\",\"name\":\"IDA.KOREA\",\"description\":\"Korea kosmeetika e-pood\",\"publisher\":{\"@id\":\"https:\/\/idakorea.ee\/#organization\"},\"alternateName\":\"Beauty Shop\",\"potentialAction\":[{\"@type\":\"SearchAction\",\"target\":{\"@type\":\"EntryPoint\",\"urlTemplate\":\"https:\/\/idakorea.ee\/?s={search_term_string}\"},\"query-input\":{\"@type\":\"PropertyValueSpecification\",\"valueRequired\":true,\"valueName\":\"search_term_string\"}}],\"inLanguage\":\"fi\"},{\"@type\":\"Organization\",\"@id\":\"https:\/\/idakorea.ee\/#organization\",\"name\":\"IDA.KOREA\",\"url\":\"https:\/\/idakorea.ee\/\",\"logo\":{\"@type\":\"ImageObject\",\"inLanguage\":\"fi\",\"@id\":\"https:\/\/idakorea.ee\/#\/schema\/logo\/image\/\",\"url\":\"https:\/\/idakorea.ee\/wp-content\/uploads\/2024\/05\/cropped-korea3.png\",\"contentUrl\":\"https:\/\/idakorea.ee\/wp-content\/uploads\/2024\/05\/cropped-korea3.png\",\"width\":688,\"height\":126,\"caption\":\"IDA.KOREA\"},\"image\":{\"@id\":\"https:\/\/idakorea.ee\/#\/schema\/logo\/image\/\"},\"sameAs\":[\"https:\/\/www.instagram.com\/ida.korea\/\"]}]}<\/script>\n<!-- \/ Yoast SEO plugin. -->","yoast_head_json":{"title":"Missha M Magic Cushion Moist Up SPF50+ PA+++ - IDA.KOREA","description":"Kosteuttava Missha M Magic Cushion Moist Up SPF50+ PA+++ on t\u00e4ydellinen meikkivoide tasaisen ihons\u00e4vyn ja poikkeuksellisen kevyen, luonnollisen peitt\u00e4vyyden luomiseen.","robots":{"index":"index","follow":"follow","max-snippet":"max-snippet:-1","max-image-preview":"max-image-preview:large","max-video-preview":"max-video-preview:-1"},"canonical":"https:\/\/idakorea.ee\/fi\/product\/missha-m-magic-cushion-moist-up-spf50-pa\/","og_locale":"fi_FI","og_type":"article","og_title":"Missha M Magic Cushion Moist Up SPF50+ PA+++ - IDA.KOREA","og_description":"Niisutav Missha M Magic Cushion Moist Up SPF50+ PA+++ on ideaalne jumestuskreem \u00fchtlase nahatooni ja erakordselt kerge, loomuliku katvuse loomiseks.","og_url":"https:\/\/idakorea.ee\/fi\/product\/missha-m-magic-cushion-moist-up-spf50-pa\/","og_site_name":"IDA.KOREA","article_modified_time":"2026-04-06T06:33:05+00:00","og_image":[{"width":800,"height":800,"url":"https:\/\/idakorea.ee\/wp-content\/uploads\/2025\/10\/missha-magic-cushion-moist-up-idakorea.jpg","type":"image\/jpeg"}],"twitter_card":"summary_large_image","twitter_misc":{"Arvioitu lukuaika":"1 minuutti"},"schema":{"@context":"https:\/\/schema.org","@graph":[{"@type":"WebPage","@id":"https:\/\/idakorea.ee\/product\/missha-m-magic-cushion-moist-up-spf50-pa\/","url":"https:\/\/idakorea.ee\/product\/missha-m-magic-cushion-moist-up-spf50-pa\/","name":"Missha M Magic Cushion Moist Up SPF50+ PA+++ - IDA.KOREA","isPartOf":{"@id":"https:\/\/idakorea.ee\/#website"},"primaryImageOfPage":{"@id":"https:\/\/idakorea.ee\/product\/missha-m-magic-cushion-moist-up-spf50-pa\/#primaryimage"},"image":{"@id":"https:\/\/idakorea.ee\/product\/missha-m-magic-cushion-moist-up-spf50-pa\/#primaryimage"},"thumbnailUrl":"https:\/\/idakorea.ee\/wp-content\/uploads\/2025\/10\/missha-magic-cushion-moist-up-idakorea.jpg","datePublished":"2025-10-17T07:47:16+00:00","dateModified":"2026-04-06T06:33:05+00:00","description":"Kosteuttava Missha M Magic Cushion Moist Up SPF50+ PA+++ on t\u00e4ydellinen meikkivoide tasaisen ihons\u00e4vyn ja poikkeuksellisen kevyen, luonnollisen peitt\u00e4vyyden luomiseen.","breadcrumb":{"@id":"https:\/\/idakorea.ee\/product\/missha-m-magic-cushion-moist-up-spf50-pa\/#breadcrumb"},"inLanguage":"fi","potentialAction":[{"@type":"ReadAction","target":["https:\/\/idakorea.ee\/product\/missha-m-magic-cushion-moist-up-spf50-pa\/"]}]},{"@type":"ImageObject","inLanguage":"fi","@id":"https:\/\/idakorea.ee\/product\/missha-m-magic-cushion-moist-up-spf50-pa\/#primaryimage","url":"https:\/\/idakorea.ee\/wp-content\/uploads\/2025\/10\/missha-magic-cushion-moist-up-idakorea.jpg","contentUrl":"https:\/\/idakorea.ee\/wp-content\/uploads\/2025\/10\/missha-magic-cushion-moist-up-idakorea.jpg","width":800,"height":800},{"@type":"BreadcrumbList","@id":"https:\/\/idakorea.ee\/product\/missha-m-magic-cushion-moist-up-spf50-pa\/#breadcrumb","itemListElement":[{"@type":"ListItem","position":1,"name":"\u0413\u043b\u0430\u0432\u043d\u0430\u044f \u0441\u0442\u0440\u0430\u043d\u0438\u0446\u0430","item":"https:\/\/idakorea.ee\/"},{"@type":"ListItem","position":2,"name":"Shop","item":"https:\/\/idakorea.ee\/shop-2\/"},{"@type":"ListItem","position":3,"name":"Jumestuskreem Missha Magic Cushion Moist Up SPF50+ PA+++, 15g"}]},{"@type":"WebSite","@id":"https:\/\/idakorea.ee\/#website","url":"https:\/\/idakorea.ee\/","name":"IDA.KOREA","description":"Korean kosmetiikan verkkokauppa","publisher":{"@id":"https:\/\/idakorea.ee\/#organization"},"alternateName":"Beauty Shop","potentialAction":[{"@type":"SearchAction","target":{"@type":"EntryPoint","urlTemplate":"https:\/\/idakorea.ee\/?s={search_term_string}"},"query-input":{"@type":"PropertyValueSpecification","valueRequired":true,"valueName":"search_term_string"}}],"inLanguage":"fi"},{"@type":"Organization","@id":"https:\/\/idakorea.ee\/#organization","name":"IDA.KOREA","url":"https:\/\/idakorea.ee\/","logo":{"@type":"ImageObject","inLanguage":"fi","@id":"https:\/\/idakorea.ee\/#\/schema\/logo\/image\/","url":"https:\/\/idakorea.ee\/wp-content\/uploads\/2024\/05\/cropped-korea3.png","contentUrl":"https:\/\/idakorea.ee\/wp-content\/uploads\/2024\/05\/cropped-korea3.png","width":688,"height":126,"caption":"IDA.KOREA"},"image":{"@id":"https:\/\/idakorea.ee\/#\/schema\/logo\/image\/"},"sameAs":["https:\/\/www.instagram.com\/ida.korea\/"]}]}},"jetpack_sharing_enabled":true,"brands":[{"id":631,"name":"MISSHA","slug":"missha"}],"_links":{"self":[{"href":"https:\/\/idakorea.ee\/fi\/wp-json\/wp\/v2\/product\/16151","targetHints":{"allow":["GET"]}}],"collection":[{"href":"https:\/\/idakorea.ee\/fi\/wp-json\/wp\/v2\/product"}],"about":[{"href":"https:\/\/idakorea.ee\/fi\/wp-json\/wp\/v2\/types\/product"}],"replies":[{"embeddable":true,"href":"https:\/\/idakorea.ee\/fi\/wp-json\/wp\/v2\/comments?post=16151"}],"version-history":[{"count":2,"href":"https:\/\/idakorea.ee\/fi\/wp-json\/wp\/v2\/product\/16151\/revisions"}],"predecessor-version":[{"id":17460,"href":"https:\/\/idakorea.ee\/fi\/wp-json\/wp\/v2\/product\/16151\/revisions\/17460"}],"wp:featuredmedia":[{"embeddable":true,"href":"https:\/\/idakorea.ee\/fi\/wp-json\/wp\/v2\/media\/16158"}],"wp:attachment":[{"href":"https:\/\/idakorea.ee\/fi\/wp-json\/wp\/v2\/media?parent=16151"}],"wp:term":[{"taxonomy":"pwb-brand","embeddable":true,"href":"https:\/\/idakorea.ee\/fi\/wp-json\/wp\/v2\/pwb-brand?post=16151"},{"taxonomy":"product_brand","embeddable":true,"href":"https:\/\/idakorea.ee\/fi\/wp-json\/wp\/v2\/product_brand?post=16151"},{"taxonomy":"product_cat","embeddable":true,"href":"https:\/\/idakorea.ee\/fi\/wp-json\/wp\/v2\/product_cat?post=16151"},{"taxonomy":"product_tag","embeddable":true,"href":"https:\/\/idakorea.ee\/fi\/wp-json\/wp\/v2\/product_tag?post=16151"}],"curies":[{"name":"wp","href":"https:\/\/api.w.org\/{rel}","templated":true}]}}