{"id":1616,"date":"2024-05-29T14:15:31","date_gmt":"2024-05-29T12:15:31","guid":{"rendered":"https:\/\/idakorea.ee\/?post_type=product&#038;p=1616"},"modified":"2026-03-25T10:23:11","modified_gmt":"2026-03-25T08:23:11","slug":"ultra-niisutav-medi-peel-aqua-mooltox-memory-cream-50-ml","status":"publish","type":"product","link":"https:\/\/idakorea.ee\/fi\/product\/ultra-niisutav-medi-peel-aqua-mooltox-memory-cream-50-ml\/","title":{"rendered":"Medi-Peel Aqua Mooltox Memory Cream, 50ml"},"content":{"rendered":"<p><strong>Medi-Peel Aqua Mooltox -muistivoide<\/strong>\u00a0Palauttaa v\u00e4litt\u00f6m\u00e4sti epidermiksen kosteuden puutteen, palauttaa kudosten lujuuden ja kimmoisuuden. Parantaa merkitt\u00e4v\u00e4sti ihon yleiskuntoa, palauttaa s\u00e4vyn, hehkun ja nuorekkuuden.<\/p>\n<p>Auttaa kiinteytt\u00e4m\u00e4\u00e4n ja muotoilemaan kasvojen soikeaa, vahvistamaan turgoria ja tasoittamaan kasvojen aluetta. Stimuloi kollageeni- ja elastiinikuitujen synteesi\u00e4, palauttaa soluv\u00e4liaineen ja sill\u00e4 on elvytt\u00e4vi\u00e4 ominaisuuksia.<\/p>\n<p>Voiteen t\u00e4rkein ominaisuus on patentoitu<strong>\u00a0BL-t\u00e4ytt\u00f6<\/strong>\u00a0Ruskean lev\u00e4n, Fucus bubblegumin ja mustap\u00e4\u00e4n uutteista saatu kompleksi. Sill\u00e4 on eritt\u00e4in voimakas antioksidanttinen vaikutus ja se nuorentaa n\u00e4kyv\u00e4sti. Se on t\u00e4ynn\u00e4 tanniineja, eteerisi\u00e4 \u00f6ljyj\u00e4, saponiineja, tanniineja ja beetakaroteenia, jotka kyll\u00e4st\u00e4v\u00e4t ihoa ravinteilla, poistavat kuivuutta ja nestehukkaa.<\/p>\n<p>Kerman pohja on\u00a0<strong>73% Sininen vesilukkokompleksi<\/strong>, joka koostuu viidest\u00e4 hyaluronihappotyypist\u00e4, akvaporiineista, 17 aminohappotyypist\u00e4, ektoiinista ja hiilihapotetusta vedest\u00e4. T\u00e4m\u00e4 koostumus kykenee tunkeutumaan syv\u00e4lle epidermiksen soluihin, korvaamaan kudosten kosteudenvajetta ja sill\u00e4 on pitk\u00e4aikainen kosteuttava vaikutus. Se suojaa kuivumiselta ja transdermaaliselta kosteuden menetykselt\u00e4 sek\u00e4 toimii muiden aineiden kuljettajana.<\/p>\n<p>Tuotteen koostumus perustuu \u201dmuotomuisti\u201d-teknologiaan, jonka avulla se muistaa muotonsa ja palauttaa alkuper\u00e4isen muotonsa. Siksi voide palautuu alkuper\u00e4iseen tilaansa, kun sit\u00e4 sekoitetaan: voide vaikuttaa ihoon samalla tavalla, muotoillen kasvojen rakennetta ja kiinteytt\u00e4en soikiota.<\/p>\n<p>&nbsp;<\/p>\n<p><strong>Muita vaikuttavia aineita:<\/strong><\/p>\n<ul>\n<li><strong>Hydrolysoitu kollageeni\u00a0<\/strong>Palauttaa epidermiksen kudosten eheyden ja sulautuu vaurioituneisiin alueisiin vahvistaen rakennetta sis\u00e4lt\u00e4p\u00e4in. Vahvistaa soluseini\u00e4 ja aktivoi proteiiniaineenvaihduntaa tukien ihon matriisia.<\/li>\n<li><strong>9 erilaista peptidi\u00e4<\/strong>\u00a0vastaavat jatkuvasta uudistumisesta ja solujen uusiutumisesta, niill\u00e4 on syv\u00e4 ik\u00e4\u00e4ntymist\u00e4 ehk\u00e4isev\u00e4 vaikutus, ne v\u00e4hent\u00e4v\u00e4t ryppyjen n\u00e4kymist\u00e4 ja est\u00e4v\u00e4t uusien muodostumista, stimuloivat uusiutumis- ja palautumisprosesseja, hidastavat solujen ik\u00e4\u00e4ntymist\u00e4. Normalisoi kollageenin ja elastiinin tuotantoa, silottaa ihoa ja tasoittaa kohoumia.<\/li>\n<li><strong>AQUAXYL<\/strong>\u00a0stimuloi ihon oman hyaluronihapon tuotantoa, auttaa ihoa s\u00e4ilytt\u00e4m\u00e4\u00e4n kosteuden, ehk\u00e4isee kuivumista ja ryppyj\u00e4 sek\u00e4 parantaa kudosten kimmoisuutta ja tiheytt\u00e4.<\/li>\n<li><strong>Adenos\u00a0<\/strong>Stimuloi kollageenisynteesi\u00e4, parantaa kimmoisuutta ja tiheytt\u00e4, ehk\u00e4isee ryppyj\u00e4.<\/li>\n<li><strong>Keramidit<\/strong>\u00a0vahvistaa soluja ja suojaa niit\u00e4 vaurioilta, est\u00e4\u00e4 kosteuden haihtumista ja edist\u00e4\u00e4 pitk\u00e4aikaista nesteytyst\u00e4, yll\u00e4pit\u00e4\u00e4 optimaalista hydrolipiditasapainoa.<\/li>\n<li><strong>Pantenol\u00a0<\/strong>stimuloi ihon uudistumista, torjuu kuivuutta, lievitt\u00e4\u00e4 punoitusta ja \u00e4rsytyst\u00e4, sill\u00e4 on haavaumia parantava vaikutus.<\/li>\n<\/ul>\n<p><strong>K\u00e4ytt\u00f6:\u00a0<\/strong>levit\u00e4 tarvittava m\u00e4\u00e4r\u00e4 voidetta loppuhoitona.<\/p>","protected":false},"excerpt":{"rendered":"<p>Medi-Peel Aqua Mooltox Memory Cream -voide palauttaa v\u00e4litt\u00f6m\u00e4sti ihon kosteusvajeen, palauttaa kudoksen lujuuden ja kimmoisuuden. Parantaa merkitt\u00e4v\u00e4sti ihon yleist\u00e4 kuntoa, palauttaa ihon s\u00e4vyn, s\u00e4teilyn ja nuorekkuuden. Auttaa kiinteytt\u00e4m\u00e4\u00e4n ja muokkaamaan kasvojen soikion, vahvistamaan turgoria ja silottamaan \u00e4\u00e4riviivoja. Stimuloi kollageeni- ja elastiinikuitujen synteesi\u00e4, palauttaa solunulkoisen matriisin ja sill\u00e4 on elvytt\u00e4vi\u00e4 ominaisuuksia. Voiteen t\u00e4rkein ominaisuus on patentoitu BL Fill UP Complex,...<\/p>","protected":false},"featured_media":1617,"comment_status":"open","ping_status":"closed","template":"","meta":{"_uf_show_specific_survey":0,"_uf_disable_surveys":false,"_bst_post_transparent":"default","_bst_post_title":"","_bst_post_layout":"default","_bst_post_sidebar_id":"","_bst_post_content_style":"default","_bst_post_vertical_padding":"default","_bst_post_feature":"","_bst_post_feature_position":"","_bst_post_header":false,"_bst_post_footer":false},"pwb-brand":[107],"product_brand":[],"product_cat":[92,96],"product_tag":[377,202,381,221],"class_list":{"0":"post-1616","1":"product","2":"type-product","3":"status-publish","4":"has-post-thumbnail","6":"pwb-brand-medipeel","7":"product_cat-nagu","8":"product_cat-naokreemid","9":"product_tag-k-beauty-2","10":"product_tag-korea-kosmeetika","11":"product_tag-medipeel","12":"product_tag-tundlik-nahk","14":"first","15":"outofstock","16":"sale","17":"shipping-taxable","18":"purchasable","19":"product-type-simple","20":"entry","21":"content-bg","22":"loop-entry"},"supplier_id":null,"supplier_sku":"","barcode":null,"atum_controlled":true,"out_stock_date":"2026-03-24 08:20:12","out_stock_threshold":null,"inheritable":false,"inbound_stock":0,"stock_on_hold":0,"sold_today":0,"sales_last_days":1,"out_stock_days":20,"lost_sales":82,"has_location":false,"update_date":"2026-04-14T00:05:10","atum_locations":[],"atum_stock_status":"outofstock","restock_status":false,"low_stock_amount":"","sales_update_date":"2026-04-14T00:05:10","calc_backorders":null,"yoast_head":"<!-- This site is optimized with the Yoast SEO plugin v27.2 - https:\/\/yoast.com\/product\/yoast-seo-wordpress\/ -->\n<title>Medi-Peel Aqua Mooltox Memory Cream, 50ml - IDA.KOREA<\/title>\n<meta name=\"description\" content=\"Taastab koheselt epidermise niiskuse puuduse, taastab kudede tugevuse ja elastsuse. Parandab naha \u00fcldist seisundit, annab tagasi toonuse, s\u00e4ra ja nooruslikkuse.\" \/>\n<meta name=\"robots\" content=\"index, follow, max-snippet:-1, max-image-preview:large, max-video-preview:-1\" \/>\n<link rel=\"canonical\" href=\"https:\/\/idakorea.ee\/fi\/product\/ultra-niisutav-medi-peel-aqua-mooltox-memory-cream-50-ml\/\" \/>\n<meta property=\"og:locale\" content=\"fi_FI\" \/>\n<meta property=\"og:type\" content=\"article\" \/>\n<meta property=\"og:title\" content=\"Medi-Peel Aqua Mooltox Memory Cream, 50ml - IDA.KOREA\" \/>\n<meta property=\"og:description\" content=\"Taastab koheselt epidermise niiskuse puuduse, taastab kudede tugevuse ja elastsuse. Parandab naha \u00fcldist seisundit, annab tagasi toonuse, s\u00e4ra ja nooruslikkuse.\" \/>\n<meta property=\"og:url\" content=\"https:\/\/idakorea.ee\/fi\/product\/ultra-niisutav-medi-peel-aqua-mooltox-memory-cream-50-ml\/\" \/>\n<meta property=\"og:site_name\" content=\"IDA.KOREA\" \/>\n<meta property=\"article:modified_time\" content=\"2026-03-25T08:23:11+00:00\" \/>\n<meta property=\"og:image\" content=\"https:\/\/idakorea.ee\/wp-content\/uploads\/2024\/05\/Mooltox-_1_.png\" \/>\n\t<meta property=\"og:image:width\" content=\"1000\" \/>\n\t<meta property=\"og:image:height\" content=\"1000\" \/>\n\t<meta property=\"og:image:type\" content=\"image\/png\" \/>\n<meta name=\"twitter:card\" content=\"summary_large_image\" \/>\n<meta name=\"twitter:label1\" content=\"Arvioitu lukuaika\" \/>\n\t<meta name=\"twitter:data1\" content=\"2 minuuttia\" \/>\n<script type=\"application\/ld+json\" class=\"yoast-schema-graph\">{\"@context\":\"https:\/\/schema.org\",\"@graph\":[{\"@type\":\"WebPage\",\"@id\":\"https:\/\/idakorea.ee\/product\/ultra-niisutav-medi-peel-aqua-mooltox-memory-cream-50-ml\/\",\"url\":\"https:\/\/idakorea.ee\/product\/ultra-niisutav-medi-peel-aqua-mooltox-memory-cream-50-ml\/\",\"name\":\"Medi-Peel Aqua Mooltox Memory Cream, 50ml - IDA.KOREA\",\"isPartOf\":{\"@id\":\"https:\/\/idakorea.ee\/#website\"},\"primaryImageOfPage\":{\"@id\":\"https:\/\/idakorea.ee\/product\/ultra-niisutav-medi-peel-aqua-mooltox-memory-cream-50-ml\/#primaryimage\"},\"image\":{\"@id\":\"https:\/\/idakorea.ee\/product\/ultra-niisutav-medi-peel-aqua-mooltox-memory-cream-50-ml\/#primaryimage\"},\"thumbnailUrl\":\"https:\/\/idakorea.ee\/wp-content\/uploads\/2024\/05\/Mooltox-_1_.png\",\"datePublished\":\"2024-05-29T12:15:31+00:00\",\"dateModified\":\"2026-03-25T08:23:11+00:00\",\"description\":\"Taastab koheselt epidermise niiskuse puuduse, taastab kudede tugevuse ja elastsuse. Parandab naha \u00fcldist seisundit, annab tagasi toonuse, s\u00e4ra ja nooruslikkuse.\",\"breadcrumb\":{\"@id\":\"https:\/\/idakorea.ee\/product\/ultra-niisutav-medi-peel-aqua-mooltox-memory-cream-50-ml\/#breadcrumb\"},\"inLanguage\":\"fi\",\"potentialAction\":[{\"@type\":\"ReadAction\",\"target\":[\"https:\/\/idakorea.ee\/product\/ultra-niisutav-medi-peel-aqua-mooltox-memory-cream-50-ml\/\"]}]},{\"@type\":\"ImageObject\",\"inLanguage\":\"fi\",\"@id\":\"https:\/\/idakorea.ee\/product\/ultra-niisutav-medi-peel-aqua-mooltox-memory-cream-50-ml\/#primaryimage\",\"url\":\"https:\/\/idakorea.ee\/wp-content\/uploads\/2024\/05\/Mooltox-_1_.png\",\"contentUrl\":\"https:\/\/idakorea.ee\/wp-content\/uploads\/2024\/05\/Mooltox-_1_.png\",\"width\":1000,\"height\":1000},{\"@type\":\"BreadcrumbList\",\"@id\":\"https:\/\/idakorea.ee\/product\/ultra-niisutav-medi-peel-aqua-mooltox-memory-cream-50-ml\/#breadcrumb\",\"itemListElement\":[{\"@type\":\"ListItem\",\"position\":1,\"name\":\"\u0413\u043b\u0430\u0432\u043d\u0430\u044f \u0441\u0442\u0440\u0430\u043d\u0438\u0446\u0430\",\"item\":\"https:\/\/idakorea.ee\/\"},{\"@type\":\"ListItem\",\"position\":2,\"name\":\"Shop\",\"item\":\"https:\/\/idakorea.ee\/shop-2\/\"},{\"@type\":\"ListItem\",\"position\":3,\"name\":\"Ultra niisutav Medi-Peel Aqua Mooltox Memory Cream, 50ml\"}]},{\"@type\":\"WebSite\",\"@id\":\"https:\/\/idakorea.ee\/#website\",\"url\":\"https:\/\/idakorea.ee\/\",\"name\":\"IDA.KOREA\",\"description\":\"Korea kosmeetika e-pood\",\"publisher\":{\"@id\":\"https:\/\/idakorea.ee\/#organization\"},\"alternateName\":\"Beauty Shop\",\"potentialAction\":[{\"@type\":\"SearchAction\",\"target\":{\"@type\":\"EntryPoint\",\"urlTemplate\":\"https:\/\/idakorea.ee\/?s={search_term_string}\"},\"query-input\":{\"@type\":\"PropertyValueSpecification\",\"valueRequired\":true,\"valueName\":\"search_term_string\"}}],\"inLanguage\":\"fi\"},{\"@type\":\"Organization\",\"@id\":\"https:\/\/idakorea.ee\/#organization\",\"name\":\"IDA.KOREA\",\"url\":\"https:\/\/idakorea.ee\/\",\"logo\":{\"@type\":\"ImageObject\",\"inLanguage\":\"fi\",\"@id\":\"https:\/\/idakorea.ee\/#\/schema\/logo\/image\/\",\"url\":\"https:\/\/idakorea.ee\/wp-content\/uploads\/2024\/05\/cropped-korea3.png\",\"contentUrl\":\"https:\/\/idakorea.ee\/wp-content\/uploads\/2024\/05\/cropped-korea3.png\",\"width\":688,\"height\":126,\"caption\":\"IDA.KOREA\"},\"image\":{\"@id\":\"https:\/\/idakorea.ee\/#\/schema\/logo\/image\/\"},\"sameAs\":[\"https:\/\/www.instagram.com\/ida.korea\/\"]}]}<\/script>\n<!-- \/ Yoast SEO plugin. -->","yoast_head_json":{"title":"Medi-Peel Aqua Mooltox -muistivoide, 50ml - IDA.KOREA","description":"Palauttaa v\u00e4litt\u00f6m\u00e4sti epidermiksen kosteuden puutteen, palauttaa kudosten lujuuden ja kimmoisuuden. Parantaa ihon yleiskuntoa, palauttaa s\u00e4vyn, hehkun ja nuorekkuuden.","robots":{"index":"index","follow":"follow","max-snippet":"max-snippet:-1","max-image-preview":"max-image-preview:large","max-video-preview":"max-video-preview:-1"},"canonical":"https:\/\/idakorea.ee\/fi\/product\/ultra-niisutav-medi-peel-aqua-mooltox-memory-cream-50-ml\/","og_locale":"fi_FI","og_type":"article","og_title":"Medi-Peel Aqua Mooltox Memory Cream, 50ml - IDA.KOREA","og_description":"Taastab koheselt epidermise niiskuse puuduse, taastab kudede tugevuse ja elastsuse. Parandab naha \u00fcldist seisundit, annab tagasi toonuse, s\u00e4ra ja nooruslikkuse.","og_url":"https:\/\/idakorea.ee\/fi\/product\/ultra-niisutav-medi-peel-aqua-mooltox-memory-cream-50-ml\/","og_site_name":"IDA.KOREA","article_modified_time":"2026-03-25T08:23:11+00:00","og_image":[{"width":1000,"height":1000,"url":"https:\/\/idakorea.ee\/wp-content\/uploads\/2024\/05\/Mooltox-_1_.png","type":"image\/png"}],"twitter_card":"summary_large_image","twitter_misc":{"Arvioitu lukuaika":"2 minuuttia"},"schema":{"@context":"https:\/\/schema.org","@graph":[{"@type":"WebPage","@id":"https:\/\/idakorea.ee\/product\/ultra-niisutav-medi-peel-aqua-mooltox-memory-cream-50-ml\/","url":"https:\/\/idakorea.ee\/product\/ultra-niisutav-medi-peel-aqua-mooltox-memory-cream-50-ml\/","name":"Medi-Peel Aqua Mooltox -muistivoide, 50ml - IDA.KOREA","isPartOf":{"@id":"https:\/\/idakorea.ee\/#website"},"primaryImageOfPage":{"@id":"https:\/\/idakorea.ee\/product\/ultra-niisutav-medi-peel-aqua-mooltox-memory-cream-50-ml\/#primaryimage"},"image":{"@id":"https:\/\/idakorea.ee\/product\/ultra-niisutav-medi-peel-aqua-mooltox-memory-cream-50-ml\/#primaryimage"},"thumbnailUrl":"https:\/\/idakorea.ee\/wp-content\/uploads\/2024\/05\/Mooltox-_1_.png","datePublished":"2024-05-29T12:15:31+00:00","dateModified":"2026-03-25T08:23:11+00:00","description":"Palauttaa v\u00e4litt\u00f6m\u00e4sti epidermiksen kosteuden puutteen, palauttaa kudosten lujuuden ja kimmoisuuden. Parantaa ihon yleiskuntoa, palauttaa s\u00e4vyn, hehkun ja nuorekkuuden.","breadcrumb":{"@id":"https:\/\/idakorea.ee\/product\/ultra-niisutav-medi-peel-aqua-mooltox-memory-cream-50-ml\/#breadcrumb"},"inLanguage":"fi","potentialAction":[{"@type":"ReadAction","target":["https:\/\/idakorea.ee\/product\/ultra-niisutav-medi-peel-aqua-mooltox-memory-cream-50-ml\/"]}]},{"@type":"ImageObject","inLanguage":"fi","@id":"https:\/\/idakorea.ee\/product\/ultra-niisutav-medi-peel-aqua-mooltox-memory-cream-50-ml\/#primaryimage","url":"https:\/\/idakorea.ee\/wp-content\/uploads\/2024\/05\/Mooltox-_1_.png","contentUrl":"https:\/\/idakorea.ee\/wp-content\/uploads\/2024\/05\/Mooltox-_1_.png","width":1000,"height":1000},{"@type":"BreadcrumbList","@id":"https:\/\/idakorea.ee\/product\/ultra-niisutav-medi-peel-aqua-mooltox-memory-cream-50-ml\/#breadcrumb","itemListElement":[{"@type":"ListItem","position":1,"name":"\u0413\u043b\u0430\u0432\u043d\u0430\u044f \u0441\u0442\u0440\u0430\u043d\u0438\u0446\u0430","item":"https:\/\/idakorea.ee\/"},{"@type":"ListItem","position":2,"name":"Shop","item":"https:\/\/idakorea.ee\/shop-2\/"},{"@type":"ListItem","position":3,"name":"Ultra niisutav Medi-Peel Aqua Mooltox Memory Cream, 50ml"}]},{"@type":"WebSite","@id":"https:\/\/idakorea.ee\/#website","url":"https:\/\/idakorea.ee\/","name":"IDA.KOREA","description":"Korean kosmetiikan verkkokauppa","publisher":{"@id":"https:\/\/idakorea.ee\/#organization"},"alternateName":"Beauty Shop","potentialAction":[{"@type":"SearchAction","target":{"@type":"EntryPoint","urlTemplate":"https:\/\/idakorea.ee\/?s={search_term_string}"},"query-input":{"@type":"PropertyValueSpecification","valueRequired":true,"valueName":"search_term_string"}}],"inLanguage":"fi"},{"@type":"Organization","@id":"https:\/\/idakorea.ee\/#organization","name":"IDA.KOREA","url":"https:\/\/idakorea.ee\/","logo":{"@type":"ImageObject","inLanguage":"fi","@id":"https:\/\/idakorea.ee\/#\/schema\/logo\/image\/","url":"https:\/\/idakorea.ee\/wp-content\/uploads\/2024\/05\/cropped-korea3.png","contentUrl":"https:\/\/idakorea.ee\/wp-content\/uploads\/2024\/05\/cropped-korea3.png","width":688,"height":126,"caption":"IDA.KOREA"},"image":{"@id":"https:\/\/idakorea.ee\/#\/schema\/logo\/image\/"},"sameAs":["https:\/\/www.instagram.com\/ida.korea\/"]}]}},"jetpack_sharing_enabled":true,"brands":[{"id":107,"name":"MEDIPEEL+","slug":"medipeel"}],"_links":{"self":[{"href":"https:\/\/idakorea.ee\/fi\/wp-json\/wp\/v2\/product\/1616","targetHints":{"allow":["GET"]}}],"collection":[{"href":"https:\/\/idakorea.ee\/fi\/wp-json\/wp\/v2\/product"}],"about":[{"href":"https:\/\/idakorea.ee\/fi\/wp-json\/wp\/v2\/types\/product"}],"replies":[{"embeddable":true,"href":"https:\/\/idakorea.ee\/fi\/wp-json\/wp\/v2\/comments?post=1616"}],"version-history":[{"count":5,"href":"https:\/\/idakorea.ee\/fi\/wp-json\/wp\/v2\/product\/1616\/revisions"}],"predecessor-version":[{"id":18233,"href":"https:\/\/idakorea.ee\/fi\/wp-json\/wp\/v2\/product\/1616\/revisions\/18233"}],"wp:featuredmedia":[{"embeddable":true,"href":"https:\/\/idakorea.ee\/fi\/wp-json\/wp\/v2\/media\/1617"}],"wp:attachment":[{"href":"https:\/\/idakorea.ee\/fi\/wp-json\/wp\/v2\/media?parent=1616"}],"wp:term":[{"taxonomy":"pwb-brand","embeddable":true,"href":"https:\/\/idakorea.ee\/fi\/wp-json\/wp\/v2\/pwb-brand?post=1616"},{"taxonomy":"product_brand","embeddable":true,"href":"https:\/\/idakorea.ee\/fi\/wp-json\/wp\/v2\/product_brand?post=1616"},{"taxonomy":"product_cat","embeddable":true,"href":"https:\/\/idakorea.ee\/fi\/wp-json\/wp\/v2\/product_cat?post=1616"},{"taxonomy":"product_tag","embeddable":true,"href":"https:\/\/idakorea.ee\/fi\/wp-json\/wp\/v2\/product_tag?post=1616"}],"curies":[{"name":"wp","href":"https:\/\/api.w.org\/{rel}","templated":true}]}}