{"id":16176,"date":"2025-10-20T13:06:27","date_gmt":"2025-10-20T10:06:27","guid":{"rendered":"https:\/\/idakorea.ee\/?post_type=product&#038;p=16176"},"modified":"2026-03-21T21:51:24","modified_gmt":"2026-03-21T19:51:24","slug":"pyunkang-yul-deep-clear-cleansing-balm-100ml","status":"publish","type":"product","link":"https:\/\/idakorea.ee\/fi\/product\/pyunkang-yul-deep-clear-cleansing-balm-100ml\/","title":{"rendered":"Pyunkang Yul Deep Clear Cleansing Balm, 100ml"},"content":{"rendered":"<p data-start=\"0\" data-end=\"173\"><strong data-start=\"0\" data-end=\"42\">Pyunkang Yul Deep Clear Cleansing Balm<\/strong> Poistaa hell\u00e4varaisesti jopa vedenkest\u00e4v\u00e4n meikin, puhdistaa ihohuokoset liasta ja ylim\u00e4\u00e4r\u00e4isest\u00e4 \u00f6ljyst\u00e4 kuivattamatta tai kirist\u00e4m\u00e4tt\u00e4 ihoa.<\/p>\n<p data-start=\"175\" data-end=\"314\">Kasvi\u00f6ljyill\u00e4 ja -uutteilla rikastettu koostumus kosteuttaa ja ravitsee ihoa, sill\u00e4 on antioksidanttinen vaikutus ja se parantaa ihon rakennetta.<\/p>\n<p data-start=\"316\" data-end=\"383\">Tuote on dermatologisesti testattu eik\u00e4 aiheuta \u00e4rsytyst\u00e4.<\/p>\n<p data-start=\"385\" data-end=\"553\">Sulava balsami sekoittuu helposti veteen ja muuttuu pehme\u00e4ksi, maitomaiseksi vaahdoksi, joka j\u00e4tt\u00e4\u00e4 ihon puhtaaksi, raikkaaksi ja kosteutetuksi pesun j\u00e4lkeen auttaen est\u00e4m\u00e4\u00e4n kosteuden haihtumista.<\/p>\n<p data-start=\"555\" data-end=\"581\"><strong data-start=\"555\" data-end=\"579\">T\u00e4rkeimm\u00e4t vaikuttavat aineet:<\/strong><\/p>\n<ul data-start=\"582\" data-end=\"1377\">\n<li data-start=\"582\" data-end=\"766\">\n<p data-start=\"584\" data-end=\"766\"><strong data-start=\"584\" data-end=\"600\">Riisilese\u00f6ljy<\/strong> Palauttaa ihon kosteustasapainon pesun j\u00e4lkeen, neutraloi vapaita radikaaleja, toimittaa iholle vitamiineja ja antioksidantteja, kirkastaa ja tasoittaa hieman ihonv\u00e4ri\u00e4.<\/p>\n<\/li>\n<li data-start=\"767\" data-end=\"925\">\n<p data-start=\"769\" data-end=\"925\"><strong data-start=\"769\" data-end=\"784\">Keramidit<\/strong> lis\u00e4\u00e4v\u00e4t ihon kosteustasoja ja vahvistavat hydrolipidisuojaa, joka est\u00e4\u00e4 kosteuden haihtumista ja suojaa ulkoisilta \u00e4rsykkeilt\u00e4.<\/p>\n<\/li>\n<li data-start=\"926\" data-end=\"1101\">\n<p data-start=\"928\" data-end=\"1101\"><strong data-start=\"928\" data-end=\"954\">Vihre\u00e4n teen siemen\u00f6ljy<\/strong> on luonnollinen antioksidantti, joka sis\u00e4lt\u00e4\u00e4 vitamiineja, polyfenoleja ja hivenaineita. Se normalisoi ihon talirauhasten erityst\u00e4 ja hydrolipiditasapainoa.<\/p>\n<\/li>\n<li data-start=\"1102\" data-end=\"1240\">\n<p data-start=\"1104\" data-end=\"1240\"><strong data-start=\"1104\" data-end=\"1121\">Hyaluronihappo<\/strong> Kosteuttaa syv\u00e4lt\u00e4, parantaa ihon kimmoisuutta ja kiinteytt\u00e4, vahvistaa suojakerrosta ja poistaa kuivuutta ja hilseily\u00e4.<\/p>\n<\/li>\n<li data-start=\"1241\" data-end=\"1377\">\n<p data-start=\"1243\" data-end=\"1377\"><strong data-start=\"1243\" data-end=\"1270\">Pantenoli (B5-vitamiini)<\/strong> edist\u00e4\u00e4 ihon paranemista, rauhoittaa, v\u00e4hent\u00e4\u00e4 punoitusta ja kutinaa sek\u00e4 vahvistaa ihon suojatoimintoja.<\/p>\n<\/li>\n<\/ul>\n<p data-start=\"1379\" data-end=\"1411\">Sopii kaikille ihotyypeille.<\/p>\n<p data-start=\"1413\" data-end=\"1574\" data-is-last-node=\"\" data-is-only-node=\"\"><strong data-start=\"1413\" data-end=\"1428\">K\u00e4ytt\u00f6:<\/strong> Levit\u00e4 balsamia kuiville kasvoille, hiero hell\u00e4varaisesti meikin ja lian poistamiseksi ja huuhtele sitten l\u00e4mpim\u00e4ll\u00e4 vedell\u00e4. Jatka puhdistusta vaahdolla tai geelill\u00e4.<\/p>","protected":false},"excerpt":{"rendered":"<p>Pyunkang Yul Deep Clear Cleansing Balm poistaa hell\u00e4varaisesti jopa vedenkest\u00e4v\u00e4n meikin, puhdistaa ihohuokoset liasta ja ylim\u00e4\u00e4r\u00e4isest\u00e4 rasvasta kuivattamatta tai kireytt\u00e4m\u00e4tt\u00e4 ihoa. Kasvi\u00f6ljyill\u00e4 ja -uutteilla rikastettu koostumus kosteuttaa ja ravitsee ihoa, sill\u00e4 on antioksidanttinen vaikutus ja se parantaa ihon rakennetta. Tuote on dermatologisesti testattu eik\u00e4 aiheuta \u00e4rsytyst\u00e4. Sulava balsami sekoittuu helposti veteen ja muuttuu\u2026<\/p>","protected":false},"featured_media":16177,"comment_status":"open","ping_status":"closed","template":"","meta":{"_uf_show_specific_survey":0,"_uf_disable_surveys":false,"_bst_post_transparent":"default","_bst_post_title":"","_bst_post_layout":"default","_bst_post_sidebar_id":"","_bst_post_content_style":"default","_bst_post_vertical_padding":"default","_bst_post_feature":"","_bst_post_feature_position":"","_bst_post_header":false,"_bst_post_footer":false},"pwb-brand":[474],"product_brand":[],"product_cat":[92,452,100],"product_tag":[568,1001,1002],"class_list":{"0":"post-16176","1":"product","2":"type-product","3":"status-publish","4":"has-post-thumbnail","6":"pwb-brand-pyunkang-yul","7":"product_cat-nagu","8":"product_cat-naopuhastusgeelid","9":"product_cat-puhastusvahendid","10":"product_tag-korea","11":"product_tag-make-up-balm","12":"product_tag-meigieemaldus","14":"first","15":"instock","16":"sale","17":"shipping-taxable","18":"purchasable","19":"product-type-simple","20":"entry","21":"content-bg","22":"loop-entry"},"supplier_id":null,"supplier_sku":"","barcode":null,"atum_controlled":true,"out_stock_date":null,"out_stock_threshold":null,"inheritable":false,"inbound_stock":0,"stock_on_hold":0,"sold_today":0,"sales_last_days":0,"out_stock_days":0,"lost_sales":0,"has_location":false,"update_date":"2026-04-14T00:05:05","atum_locations":[],"atum_stock_status":"instock","restock_status":false,"low_stock_amount":"","sales_update_date":"2026-04-14T00:05:05","calc_backorders":null,"yoast_head":"<!-- This site is optimized with the Yoast SEO plugin v27.2 - https:\/\/yoast.com\/product\/yoast-seo-wordpress\/ -->\n<title>Pyunkang Yul Deep Clear Cleansing Balm, 100ml - IDA.KOREA<\/title>\n<meta name=\"description\" content=\"Pyunkang Yul Deep Clear Cleansing Balm eemaldab \u00f5rnalt isegi veekindla meigi, puhastab poorid mustusest ja liigsest rasust, ilma et nahk muutuks kuivaks v\u00f5i kiskuvaks.\" \/>\n<meta name=\"robots\" content=\"index, follow, max-snippet:-1, max-image-preview:large, max-video-preview:-1\" \/>\n<link rel=\"canonical\" href=\"https:\/\/idakorea.ee\/fi\/product\/pyunkang-yul-deep-clear-cleansing-balm-100ml\/\" \/>\n<meta property=\"og:locale\" content=\"fi_FI\" \/>\n<meta property=\"og:type\" content=\"article\" \/>\n<meta property=\"og:title\" content=\"Pyunkang Yul Deep Clear Cleansing Balm, 100ml - IDA.KOREA\" \/>\n<meta property=\"og:description\" content=\"Pyunkang Yul Deep Clear Cleansing Balm eemaldab \u00f5rnalt isegi veekindla meigi, puhastab poorid mustusest ja liigsest rasust, ilma et nahk muutuks kuivaks v\u00f5i kiskuvaks.\" \/>\n<meta property=\"og:url\" content=\"https:\/\/idakorea.ee\/fi\/product\/pyunkang-yul-deep-clear-cleansing-balm-100ml\/\" \/>\n<meta property=\"og:site_name\" content=\"IDA.KOREA\" \/>\n<meta property=\"article:modified_time\" content=\"2026-03-21T19:51:24+00:00\" \/>\n<meta property=\"og:image\" content=\"https:\/\/idakorea.ee\/wp-content\/uploads\/2025\/10\/pyunkang-yul-deep-clear-cleansing-balm-idakorea.jpg\" \/>\n\t<meta property=\"og:image:width\" content=\"1000\" \/>\n\t<meta property=\"og:image:height\" content=\"1000\" \/>\n\t<meta property=\"og:image:type\" content=\"image\/jpeg\" \/>\n<meta name=\"twitter:card\" content=\"summary_large_image\" \/>\n<meta name=\"twitter:label1\" content=\"Arvioitu lukuaika\" \/>\n\t<meta name=\"twitter:data1\" content=\"2 minuuttia\" \/>\n<script type=\"application\/ld+json\" class=\"yoast-schema-graph\">{\"@context\":\"https:\/\/schema.org\",\"@graph\":[{\"@type\":\"WebPage\",\"@id\":\"https:\/\/idakorea.ee\/product\/pyunkang-yul-deep-clear-cleansing-balm-100ml\/\",\"url\":\"https:\/\/idakorea.ee\/product\/pyunkang-yul-deep-clear-cleansing-balm-100ml\/\",\"name\":\"Pyunkang Yul Deep Clear Cleansing Balm, 100ml - IDA.KOREA\",\"isPartOf\":{\"@id\":\"https:\/\/idakorea.ee\/#website\"},\"primaryImageOfPage\":{\"@id\":\"https:\/\/idakorea.ee\/product\/pyunkang-yul-deep-clear-cleansing-balm-100ml\/#primaryimage\"},\"image\":{\"@id\":\"https:\/\/idakorea.ee\/product\/pyunkang-yul-deep-clear-cleansing-balm-100ml\/#primaryimage\"},\"thumbnailUrl\":\"https:\/\/idakorea.ee\/wp-content\/uploads\/2025\/10\/pyunkang-yul-deep-clear-cleansing-balm-idakorea.jpg\",\"datePublished\":\"2025-10-20T10:06:27+00:00\",\"dateModified\":\"2026-03-21T19:51:24+00:00\",\"description\":\"Pyunkang Yul Deep Clear Cleansing Balm eemaldab \u00f5rnalt isegi veekindla meigi, puhastab poorid mustusest ja liigsest rasust, ilma et nahk muutuks kuivaks v\u00f5i kiskuvaks.\",\"breadcrumb\":{\"@id\":\"https:\/\/idakorea.ee\/product\/pyunkang-yul-deep-clear-cleansing-balm-100ml\/#breadcrumb\"},\"inLanguage\":\"fi\",\"potentialAction\":[{\"@type\":\"ReadAction\",\"target\":[\"https:\/\/idakorea.ee\/product\/pyunkang-yul-deep-clear-cleansing-balm-100ml\/\"]}]},{\"@type\":\"ImageObject\",\"inLanguage\":\"fi\",\"@id\":\"https:\/\/idakorea.ee\/product\/pyunkang-yul-deep-clear-cleansing-balm-100ml\/#primaryimage\",\"url\":\"https:\/\/idakorea.ee\/wp-content\/uploads\/2025\/10\/pyunkang-yul-deep-clear-cleansing-balm-idakorea.jpg\",\"contentUrl\":\"https:\/\/idakorea.ee\/wp-content\/uploads\/2025\/10\/pyunkang-yul-deep-clear-cleansing-balm-idakorea.jpg\",\"width\":1000,\"height\":1000},{\"@type\":\"BreadcrumbList\",\"@id\":\"https:\/\/idakorea.ee\/product\/pyunkang-yul-deep-clear-cleansing-balm-100ml\/#breadcrumb\",\"itemListElement\":[{\"@type\":\"ListItem\",\"position\":1,\"name\":\"\u0413\u043b\u0430\u0432\u043d\u0430\u044f \u0441\u0442\u0440\u0430\u043d\u0438\u0446\u0430\",\"item\":\"https:\/\/idakorea.ee\/\"},{\"@type\":\"ListItem\",\"position\":2,\"name\":\"Shop\",\"item\":\"https:\/\/idakorea.ee\/shop-2\/\"},{\"@type\":\"ListItem\",\"position\":3,\"name\":\"Puhastuspalsam Pyunkang Yul Deep Clear Cleansing Balm, 100ml\"}]},{\"@type\":\"WebSite\",\"@id\":\"https:\/\/idakorea.ee\/#website\",\"url\":\"https:\/\/idakorea.ee\/\",\"name\":\"IDA.KOREA\",\"description\":\"Korea kosmeetika e-pood\",\"publisher\":{\"@id\":\"https:\/\/idakorea.ee\/#organization\"},\"alternateName\":\"Beauty Shop\",\"potentialAction\":[{\"@type\":\"SearchAction\",\"target\":{\"@type\":\"EntryPoint\",\"urlTemplate\":\"https:\/\/idakorea.ee\/?s={search_term_string}\"},\"query-input\":{\"@type\":\"PropertyValueSpecification\",\"valueRequired\":true,\"valueName\":\"search_term_string\"}}],\"inLanguage\":\"fi\"},{\"@type\":\"Organization\",\"@id\":\"https:\/\/idakorea.ee\/#organization\",\"name\":\"IDA.KOREA\",\"url\":\"https:\/\/idakorea.ee\/\",\"logo\":{\"@type\":\"ImageObject\",\"inLanguage\":\"fi\",\"@id\":\"https:\/\/idakorea.ee\/#\/schema\/logo\/image\/\",\"url\":\"https:\/\/idakorea.ee\/wp-content\/uploads\/2024\/05\/cropped-korea3.png\",\"contentUrl\":\"https:\/\/idakorea.ee\/wp-content\/uploads\/2024\/05\/cropped-korea3.png\",\"width\":688,\"height\":126,\"caption\":\"IDA.KOREA\"},\"image\":{\"@id\":\"https:\/\/idakorea.ee\/#\/schema\/logo\/image\/\"},\"sameAs\":[\"https:\/\/www.instagram.com\/ida.korea\/\"]}]}<\/script>\n<!-- \/ Yoast SEO plugin. -->","yoast_head_json":{"title":"Pyunkang Yul Deep Clear -puhdistusbalsami, 100ml - IDA.KOREA","description":"Pyunkang Yul Deep Clear Cleansing Balm poistaa hell\u00e4varaisesti jopa vedenkest\u00e4v\u00e4n meikin, puhdistaa ihohuokoset liasta ja ylim\u00e4\u00e4r\u00e4isest\u00e4 rasvasta kuivattamatta tai kirist\u00e4m\u00e4tt\u00e4 ihoa.","robots":{"index":"index","follow":"follow","max-snippet":"max-snippet:-1","max-image-preview":"max-image-preview:large","max-video-preview":"max-video-preview:-1"},"canonical":"https:\/\/idakorea.ee\/fi\/product\/pyunkang-yul-deep-clear-cleansing-balm-100ml\/","og_locale":"fi_FI","og_type":"article","og_title":"Pyunkang Yul Deep Clear Cleansing Balm, 100ml - IDA.KOREA","og_description":"Pyunkang Yul Deep Clear Cleansing Balm eemaldab \u00f5rnalt isegi veekindla meigi, puhastab poorid mustusest ja liigsest rasust, ilma et nahk muutuks kuivaks v\u00f5i kiskuvaks.","og_url":"https:\/\/idakorea.ee\/fi\/product\/pyunkang-yul-deep-clear-cleansing-balm-100ml\/","og_site_name":"IDA.KOREA","article_modified_time":"2026-03-21T19:51:24+00:00","og_image":[{"width":1000,"height":1000,"url":"https:\/\/idakorea.ee\/wp-content\/uploads\/2025\/10\/pyunkang-yul-deep-clear-cleansing-balm-idakorea.jpg","type":"image\/jpeg"}],"twitter_card":"summary_large_image","twitter_misc":{"Arvioitu lukuaika":"2 minuuttia"},"schema":{"@context":"https:\/\/schema.org","@graph":[{"@type":"WebPage","@id":"https:\/\/idakorea.ee\/product\/pyunkang-yul-deep-clear-cleansing-balm-100ml\/","url":"https:\/\/idakorea.ee\/product\/pyunkang-yul-deep-clear-cleansing-balm-100ml\/","name":"Pyunkang Yul Deep Clear -puhdistusbalsami, 100ml - IDA.KOREA","isPartOf":{"@id":"https:\/\/idakorea.ee\/#website"},"primaryImageOfPage":{"@id":"https:\/\/idakorea.ee\/product\/pyunkang-yul-deep-clear-cleansing-balm-100ml\/#primaryimage"},"image":{"@id":"https:\/\/idakorea.ee\/product\/pyunkang-yul-deep-clear-cleansing-balm-100ml\/#primaryimage"},"thumbnailUrl":"https:\/\/idakorea.ee\/wp-content\/uploads\/2025\/10\/pyunkang-yul-deep-clear-cleansing-balm-idakorea.jpg","datePublished":"2025-10-20T10:06:27+00:00","dateModified":"2026-03-21T19:51:24+00:00","description":"Pyunkang Yul Deep Clear Cleansing Balm poistaa hell\u00e4varaisesti jopa vedenkest\u00e4v\u00e4n meikin, puhdistaa ihohuokoset liasta ja ylim\u00e4\u00e4r\u00e4isest\u00e4 rasvasta kuivattamatta tai kirist\u00e4m\u00e4tt\u00e4 ihoa.","breadcrumb":{"@id":"https:\/\/idakorea.ee\/product\/pyunkang-yul-deep-clear-cleansing-balm-100ml\/#breadcrumb"},"inLanguage":"fi","potentialAction":[{"@type":"ReadAction","target":["https:\/\/idakorea.ee\/product\/pyunkang-yul-deep-clear-cleansing-balm-100ml\/"]}]},{"@type":"ImageObject","inLanguage":"fi","@id":"https:\/\/idakorea.ee\/product\/pyunkang-yul-deep-clear-cleansing-balm-100ml\/#primaryimage","url":"https:\/\/idakorea.ee\/wp-content\/uploads\/2025\/10\/pyunkang-yul-deep-clear-cleansing-balm-idakorea.jpg","contentUrl":"https:\/\/idakorea.ee\/wp-content\/uploads\/2025\/10\/pyunkang-yul-deep-clear-cleansing-balm-idakorea.jpg","width":1000,"height":1000},{"@type":"BreadcrumbList","@id":"https:\/\/idakorea.ee\/product\/pyunkang-yul-deep-clear-cleansing-balm-100ml\/#breadcrumb","itemListElement":[{"@type":"ListItem","position":1,"name":"\u0413\u043b\u0430\u0432\u043d\u0430\u044f \u0441\u0442\u0440\u0430\u043d\u0438\u0446\u0430","item":"https:\/\/idakorea.ee\/"},{"@type":"ListItem","position":2,"name":"Shop","item":"https:\/\/idakorea.ee\/shop-2\/"},{"@type":"ListItem","position":3,"name":"Puhastuspalsam Pyunkang Yul Deep Clear Cleansing Balm, 100ml"}]},{"@type":"WebSite","@id":"https:\/\/idakorea.ee\/#website","url":"https:\/\/idakorea.ee\/","name":"IDA.KOREA","description":"Korean kosmetiikan verkkokauppa","publisher":{"@id":"https:\/\/idakorea.ee\/#organization"},"alternateName":"Beauty Shop","potentialAction":[{"@type":"SearchAction","target":{"@type":"EntryPoint","urlTemplate":"https:\/\/idakorea.ee\/?s={search_term_string}"},"query-input":{"@type":"PropertyValueSpecification","valueRequired":true,"valueName":"search_term_string"}}],"inLanguage":"fi"},{"@type":"Organization","@id":"https:\/\/idakorea.ee\/#organization","name":"IDA.KOREA","url":"https:\/\/idakorea.ee\/","logo":{"@type":"ImageObject","inLanguage":"fi","@id":"https:\/\/idakorea.ee\/#\/schema\/logo\/image\/","url":"https:\/\/idakorea.ee\/wp-content\/uploads\/2024\/05\/cropped-korea3.png","contentUrl":"https:\/\/idakorea.ee\/wp-content\/uploads\/2024\/05\/cropped-korea3.png","width":688,"height":126,"caption":"IDA.KOREA"},"image":{"@id":"https:\/\/idakorea.ee\/#\/schema\/logo\/image\/"},"sameAs":["https:\/\/www.instagram.com\/ida.korea\/"]}]}},"jetpack_sharing_enabled":true,"brands":[{"id":474,"name":"PYUNKANG YUL","slug":"pyunkang-yul"}],"_links":{"self":[{"href":"https:\/\/idakorea.ee\/fi\/wp-json\/wp\/v2\/product\/16176","targetHints":{"allow":["GET"]}}],"collection":[{"href":"https:\/\/idakorea.ee\/fi\/wp-json\/wp\/v2\/product"}],"about":[{"href":"https:\/\/idakorea.ee\/fi\/wp-json\/wp\/v2\/types\/product"}],"replies":[{"embeddable":true,"href":"https:\/\/idakorea.ee\/fi\/wp-json\/wp\/v2\/comments?post=16176"}],"version-history":[{"count":2,"href":"https:\/\/idakorea.ee\/fi\/wp-json\/wp\/v2\/product\/16176\/revisions"}],"predecessor-version":[{"id":17459,"href":"https:\/\/idakorea.ee\/fi\/wp-json\/wp\/v2\/product\/16176\/revisions\/17459"}],"wp:featuredmedia":[{"embeddable":true,"href":"https:\/\/idakorea.ee\/fi\/wp-json\/wp\/v2\/media\/16177"}],"wp:attachment":[{"href":"https:\/\/idakorea.ee\/fi\/wp-json\/wp\/v2\/media?parent=16176"}],"wp:term":[{"taxonomy":"pwb-brand","embeddable":true,"href":"https:\/\/idakorea.ee\/fi\/wp-json\/wp\/v2\/pwb-brand?post=16176"},{"taxonomy":"product_brand","embeddable":true,"href":"https:\/\/idakorea.ee\/fi\/wp-json\/wp\/v2\/product_brand?post=16176"},{"taxonomy":"product_cat","embeddable":true,"href":"https:\/\/idakorea.ee\/fi\/wp-json\/wp\/v2\/product_cat?post=16176"},{"taxonomy":"product_tag","embeddable":true,"href":"https:\/\/idakorea.ee\/fi\/wp-json\/wp\/v2\/product_tag?post=16176"}],"curies":[{"name":"wp","href":"https:\/\/api.w.org\/{rel}","templated":true}]}}